{"id":6513,"date":"2021-01-04T19:33:52","date_gmt":"2021-01-04T18:33:52","guid":{"rendered":"https:\/\/www.labemacosmetics.com\/?post_type=product&#038;p=6513"},"modified":"2023-12-27T09:49:40","modified_gmt":"2023-12-27T08:49:40","slug":"masques-effet-lifting-tous-types-de-peaux","status":"publish","type":"product","link":"https:\/\/labemacosmetics.com\/en\/product\/masques-effet-lifting-tous-types-de-peaux\/","title":{"rendered":"L&rsquo;ACTION Masque effet lifting Vitamin E &#8211; Tous types de peaux"},"content":{"rendered":"<p><strong>15 ml<\/strong><\/p>\n<p>Masque Lifting tonifie et regen\u00e9re le visage<\/p>\n<p>Masque \u00e0\u00a0 la vitamine E, aux huiles essentielles de Patchouli pour gommer les plis du visage, de Bois de rose stimulant la r\u00e9g\u00e9n\u00e9ration cellulaire et enrichi d&rsquo;un complexe actif estompant visiblement les rides pour la journ\u00e9e. L&rsquo;huile de S\u00e9same favorise sa p\u00e9n\u00e9tration.Formule id\u00e9ale pour un visage lisse et ferme. Produit test\u00e9 sous contr\u00f4le dermatologique,<\/p>\n<div class=\"prdct__details-benefits\">\n<h3 class=\"prdct__details-title\"><strong>B\u00e9n\u00e9fice produit<\/strong><\/h3>\n<p>Appliquez sur le visage ce masque \u00e0 la vitamine E, enrichi en huile essentielle de patchouli pour gommer les plis, en glyc\u00e9rine pour adoucir et assouplir la peau et en complexe actif estompant visiblement les rides de la journ\u00e9e. L\u2019huile de S\u00e9same favorise la p\u00e9n\u00e9tration.<\/p>\n<\/div>","protected":false},"excerpt":{"rendered":"<p>&nbsp;<\/p>\n<p>Masque Lifting tonifie et regen\u00e9re le visage<\/p>\n<p>Masque \u00e0\u00a0 la vitamine E, aux huiles essentielles de Patchouli pour gommer les plis du visage, de Bois de rose stimulant la r\u00e9g\u00e9n\u00e9ration cellulaire et enrichi d&rsquo;un complexe actif estompant visiblement les rides pour la journ\u00e9e. L&rsquo;huile de S\u00e9same favorise sa p\u00e9n\u00e9tration.Formule id\u00e9ale pour un visage lisse et ferme. Produit test\u00e9 sous contr\u00f4le dermatologique,<\/p>","protected":false},"featured_media":6514,"comment_status":"open","ping_status":"closed","template":"","meta":{"om_disable_all_campaigns":false,"_mi_skip_tracking":false,"_monsterinsights_sitenote_active":false,"_monsterinsights_sitenote_note":"","_monsterinsights_sitenote_category":0},"product_brand":[],"product_cat":[127,1742,1747,515,514,516,517,512,128,513],"product_tag":[],"class_list":{"0":"post-6513","1":"product","2":"type-product","3":"status-publish","4":"has-post-thumbnail","6":"product_cat-boutique","7":"product_cat-masques","8":"product_cat-peaux-a-tendances-acneiques","9":"product_cat-peaux-mixtes-a-grasses","10":"product_cat-peaux-normales","11":"product_cat-peaux-seches","12":"product_cat-peaux-sensibles","13":"product_cat-produits-par-besoin","14":"product_cat-soin-de-visage","15":"product_cat-type-de-peau","16":"yith_product_brand-laction","18":"first","19":"outofstock","20":"shipping-taxable","21":"purchasable","22":"product-type-simple"},"yoast_head":"<!-- This site is optimized with the Yoast SEO Premium plugin v20.8 (Yoast SEO v27.4) - https:\/\/yoast.com\/product\/yoast-seo-premium-wordpress\/ -->\n<title>L&#039;ACTION Masque effet lifting Vitamin E - Tous types de peaux - Lab&eacute;ma Cosmetics<\/title>\n<meta name=\"robots\" content=\"index, follow, max-snippet:-1, max-image-preview:large, max-video-preview:-1\" \/>\n<link rel=\"canonical\" href=\"https:\/\/labemacosmetics.com\/en\/product\/masques-effet-lifting-tous-types-de-peaux\/\" \/>\n<meta property=\"og:locale\" content=\"en_GB\" \/>\n<meta property=\"og:type\" content=\"article\" \/>\n<meta property=\"og:title\" content=\"L&#039;ACTION Masque effet lifting Vitamin E - Tous types de peaux\" \/>\n<meta property=\"og:description\" content=\"&nbsp;  Masque Lifting tonifie et regen\u00e9re le visage  Masque \u00e0\u00a0 la vitamine E, aux huiles essentielles de Patchouli pour gommer les plis du visage, de Bois de rose stimulant la r\u00e9g\u00e9n\u00e9ration cellulaire et enrichi d&#039;un complexe actif estompant visiblement les rides pour la journ\u00e9e. L&#039;huile de S\u00e9same favorise sa p\u00e9n\u00e9tration.Formule id\u00e9ale pour un visage lisse et ferme. Produit test\u00e9 sous contr\u00f4le dermatologique,\" \/>\n<meta property=\"og:url\" content=\"https:\/\/labemacosmetics.com\/en\/product\/masques-effet-lifting-tous-types-de-peaux\/\" \/>\n<meta property=\"og:site_name\" content=\"Lab&eacute;ma Cosmetics\" \/>\n<meta property=\"article:publisher\" content=\"http:\/\/www.facebook.com\/labemacosmetics\" \/>\n<meta property=\"article:modified_time\" content=\"2023-12-27T08:49:40+00:00\" \/>\n<meta property=\"og:image\" content=\"https:\/\/labemacosmetics.com\/wp-content\/uploads\/2021\/01\/138341-l-action-paris-masque-lifting-1000x1000-1.jpg\" \/>\n\t<meta property=\"og:image:width\" content=\"1000\" \/>\n\t<meta property=\"og:image:height\" content=\"1000\" \/>\n\t<meta property=\"og:image:type\" content=\"image\/jpeg\" \/>\n<meta name=\"twitter:card\" content=\"summary_large_image\" \/>\n<meta name=\"twitter:site\" content=\"@Labemasn\" \/>\n<meta name=\"twitter:label1\" content=\"Price\" \/>\n\t<meta name=\"twitter:data1\" content=\"1 500&nbsp;CFA\" \/>\n\t<meta name=\"twitter:label2\" content=\"Availability\" \/>\n\t<meta name=\"twitter:data2\" content=\"Out of stock\" \/>\n<script type=\"application\/ld+json\" class=\"yoast-schema-graph\">{\"@context\":\"https:\\\/\\\/schema.org\",\"@graph\":[{\"@type\":\"WebPage\",\"@id\":\"https:\\\/\\\/labemacosmetics.com\\\/produit\\\/masques-effet-lifting-tous-types-de-peaux\\\/\",\"url\":\"https:\\\/\\\/labemacosmetics.com\\\/produit\\\/masques-effet-lifting-tous-types-de-peaux\\\/\",\"name\":\"L'ACTION Masque effet lifting Vitamin E - Tous types de peaux - Lab&eacute;ma Cosmetics\",\"isPartOf\":{\"@id\":\"https:\\\/\\\/labemacosmetics.com\\\/#website\"},\"primaryImageOfPage\":{\"@id\":\"https:\\\/\\\/labemacosmetics.com\\\/produit\\\/masques-effet-lifting-tous-types-de-peaux\\\/#primaryimage\"},\"image\":{\"@id\":\"https:\\\/\\\/labemacosmetics.com\\\/produit\\\/masques-effet-lifting-tous-types-de-peaux\\\/#primaryimage\"},\"thumbnailUrl\":\"https:\\\/\\\/labemacosmetics.com\\\/wp-content\\\/uploads\\\/2021\\\/01\\\/138341-l-action-paris-masque-lifting-1000x1000-1.jpg\",\"datePublished\":\"2021-01-04T18:33:52+00:00\",\"dateModified\":\"2023-12-27T08:49:40+00:00\",\"breadcrumb\":{\"@id\":\"https:\\\/\\\/labemacosmetics.com\\\/produit\\\/masques-effet-lifting-tous-types-de-peaux\\\/#breadcrumb\"},\"inLanguage\":\"en-GB\",\"potentialAction\":[{\"@type\":\"ReadAction\",\"target\":[\"https:\\\/\\\/labemacosmetics.com\\\/produit\\\/masques-effet-lifting-tous-types-de-peaux\\\/\"]}]},{\"@type\":\"ImageObject\",\"inLanguage\":\"en-GB\",\"@id\":\"https:\\\/\\\/labemacosmetics.com\\\/produit\\\/masques-effet-lifting-tous-types-de-peaux\\\/#primaryimage\",\"url\":\"https:\\\/\\\/labemacosmetics.com\\\/wp-content\\\/uploads\\\/2021\\\/01\\\/138341-l-action-paris-masque-lifting-1000x1000-1.jpg\",\"contentUrl\":\"https:\\\/\\\/labemacosmetics.com\\\/wp-content\\\/uploads\\\/2021\\\/01\\\/138341-l-action-paris-masque-lifting-1000x1000-1.jpg\",\"width\":1000,\"height\":1000},{\"@type\":\"BreadcrumbList\",\"@id\":\"https:\\\/\\\/labemacosmetics.com\\\/produit\\\/masques-effet-lifting-tous-types-de-peaux\\\/#breadcrumb\",\"itemListElement\":[{\"@type\":\"ListItem\",\"position\":1,\"name\":\"Accueil\",\"item\":\"https:\\\/\\\/labemacosmetics.com\\\/\"},{\"@type\":\"ListItem\",\"position\":2,\"name\":\"Produits\",\"item\":\"https:\\\/\\\/labemacosmetics.com\\\/shop\\\/\"},{\"@type\":\"ListItem\",\"position\":3,\"name\":\"L&rsquo;ACTION Masque effet lifting Vitamin E &#8211; Tous types de peaux\"}]},{\"@type\":\"WebSite\",\"@id\":\"https:\\\/\\\/labemacosmetics.com\\\/#website\",\"url\":\"https:\\\/\\\/labemacosmetics.com\\\/\",\"name\":\"Lab&eacute;ma Cosmetics\",\"description\":\"\",\"potentialAction\":[{\"@type\":\"SearchAction\",\"target\":{\"@type\":\"EntryPoint\",\"urlTemplate\":\"https:\\\/\\\/labemacosmetics.com\\\/?s={search_term_string}\"},\"query-input\":{\"@type\":\"PropertyValueSpecification\",\"valueRequired\":true,\"valueName\":\"search_term_string\"}}],\"inLanguage\":\"en-GB\"}]}<\/script>\n<meta property=\"product:brand\" content=\"L&#039;action\" \/>\n<meta property=\"product:price:amount\" content=\"1500\" \/>\n<meta property=\"product:price:currency\" content=\"XOF\" \/>\n<meta property=\"og:availability\" content=\"out of stock\" \/>\n<meta property=\"product:availability\" content=\"out of stock\" \/>\n<meta property=\"product:condition\" content=\"new\" \/>\n<!-- \/ Yoast SEO Premium plugin. -->","yoast_head_json":{"title":"L'ACTION Masque effet lifting Vitamin E - Tous types de peaux - Lab&eacute;ma Cosmetics","robots":{"index":"index","follow":"follow","max-snippet":"max-snippet:-1","max-image-preview":"max-image-preview:large","max-video-preview":"max-video-preview:-1"},"canonical":"https:\/\/labemacosmetics.com\/en\/product\/masques-effet-lifting-tous-types-de-peaux\/","og_locale":"en_GB","og_type":"article","og_title":"L'ACTION Masque effet lifting Vitamin E - Tous types de peaux","og_description":"&nbsp;  Masque Lifting tonifie et regen\u00e9re le visage  Masque \u00e0\u00a0 la vitamine E, aux huiles essentielles de Patchouli pour gommer les plis du visage, de Bois de rose stimulant la r\u00e9g\u00e9n\u00e9ration cellulaire et enrichi d'un complexe actif estompant visiblement les rides pour la journ\u00e9e. L'huile de S\u00e9same favorise sa p\u00e9n\u00e9tration.Formule id\u00e9ale pour un visage lisse et ferme. Produit test\u00e9 sous contr\u00f4le dermatologique,","og_url":"https:\/\/labemacosmetics.com\/en\/product\/masques-effet-lifting-tous-types-de-peaux\/","og_site_name":"Lab&eacute;ma Cosmetics","article_publisher":"http:\/\/www.facebook.com\/labemacosmetics","article_modified_time":"2023-12-27T08:49:40+00:00","og_image":[{"width":1000,"height":1000,"url":"https:\/\/labemacosmetics.com\/wp-content\/uploads\/2021\/01\/138341-l-action-paris-masque-lifting-1000x1000-1.jpg","type":"image\/jpeg"}],"twitter_card":"summary_large_image","twitter_site":"@Labemasn","twitter_misc":{"Price":"1 500&nbsp;CFA","Availability":"Out of stock"},"schema":{"@context":"https:\/\/schema.org","@graph":[{"@type":"WebPage","@id":"https:\/\/labemacosmetics.com\/produit\/masques-effet-lifting-tous-types-de-peaux\/","url":"https:\/\/labemacosmetics.com\/produit\/masques-effet-lifting-tous-types-de-peaux\/","name":"L'ACTION Masque effet lifting Vitamin E - Tous types de peaux - Lab&eacute;ma Cosmetics","isPartOf":{"@id":"https:\/\/labemacosmetics.com\/#website"},"primaryImageOfPage":{"@id":"https:\/\/labemacosmetics.com\/produit\/masques-effet-lifting-tous-types-de-peaux\/#primaryimage"},"image":{"@id":"https:\/\/labemacosmetics.com\/produit\/masques-effet-lifting-tous-types-de-peaux\/#primaryimage"},"thumbnailUrl":"https:\/\/labemacosmetics.com\/wp-content\/uploads\/2021\/01\/138341-l-action-paris-masque-lifting-1000x1000-1.jpg","datePublished":"2021-01-04T18:33:52+00:00","dateModified":"2023-12-27T08:49:40+00:00","breadcrumb":{"@id":"https:\/\/labemacosmetics.com\/produit\/masques-effet-lifting-tous-types-de-peaux\/#breadcrumb"},"inLanguage":"en-GB","potentialAction":[{"@type":"ReadAction","target":["https:\/\/labemacosmetics.com\/produit\/masques-effet-lifting-tous-types-de-peaux\/"]}]},{"@type":"ImageObject","inLanguage":"en-GB","@id":"https:\/\/labemacosmetics.com\/produit\/masques-effet-lifting-tous-types-de-peaux\/#primaryimage","url":"https:\/\/labemacosmetics.com\/wp-content\/uploads\/2021\/01\/138341-l-action-paris-masque-lifting-1000x1000-1.jpg","contentUrl":"https:\/\/labemacosmetics.com\/wp-content\/uploads\/2021\/01\/138341-l-action-paris-masque-lifting-1000x1000-1.jpg","width":1000,"height":1000},{"@type":"BreadcrumbList","@id":"https:\/\/labemacosmetics.com\/produit\/masques-effet-lifting-tous-types-de-peaux\/#breadcrumb","itemListElement":[{"@type":"ListItem","position":1,"name":"Accueil","item":"https:\/\/labemacosmetics.com\/"},{"@type":"ListItem","position":2,"name":"Produits","item":"https:\/\/labemacosmetics.com\/shop\/"},{"@type":"ListItem","position":3,"name":"L&rsquo;ACTION Masque effet lifting Vitamin E &#8211; Tous types de peaux"}]},{"@type":"WebSite","@id":"https:\/\/labemacosmetics.com\/#website","url":"https:\/\/labemacosmetics.com\/","name":"Lab&eacute;ma Cosmetics","description":"","potentialAction":[{"@type":"SearchAction","target":{"@type":"EntryPoint","urlTemplate":"https:\/\/labemacosmetics.com\/?s={search_term_string}"},"query-input":{"@type":"PropertyValueSpecification","valueRequired":true,"valueName":"search_term_string"}}],"inLanguage":"en-GB"}]},"product_brand":"L'action","product_price_amount":"1500","product_price_currency":"XOF","og_availability":"out of stock","product_availability":"out of stock","product_condition":"new"},"_links":{"self":[{"href":"https:\/\/labemacosmetics.com\/en\/wp-json\/wp\/v2\/product\/6513","targetHints":{"allow":["GET"]}}],"collection":[{"href":"https:\/\/labemacosmetics.com\/en\/wp-json\/wp\/v2\/product"}],"about":[{"href":"https:\/\/labemacosmetics.com\/en\/wp-json\/wp\/v2\/types\/product"}],"replies":[{"embeddable":true,"href":"https:\/\/labemacosmetics.com\/en\/wp-json\/wp\/v2\/comments?post=6513"}],"version-history":[{"count":1,"href":"https:\/\/labemacosmetics.com\/en\/wp-json\/wp\/v2\/product\/6513\/revisions"}],"predecessor-version":[{"id":9552,"href":"https:\/\/labemacosmetics.com\/en\/wp-json\/wp\/v2\/product\/6513\/revisions\/9552"}],"wp:featuredmedia":[{"embeddable":true,"href":"https:\/\/labemacosmetics.com\/en\/wp-json\/wp\/v2\/media\/6514"}],"wp:attachment":[{"href":"https:\/\/labemacosmetics.com\/en\/wp-json\/wp\/v2\/media?parent=6513"}],"wp:term":[{"taxonomy":"product_brand","embeddable":true,"href":"https:\/\/labemacosmetics.com\/en\/wp-json\/wp\/v2\/product_brand?post=6513"},{"taxonomy":"product_cat","embeddable":true,"href":"https:\/\/labemacosmetics.com\/en\/wp-json\/wp\/v2\/product_cat?post=6513"},{"taxonomy":"product_tag","embeddable":true,"href":"https:\/\/labemacosmetics.com\/en\/wp-json\/wp\/v2\/product_tag?post=6513"}],"curies":[{"name":"wp","href":"https:\/\/api.w.org\/{rel}","templated":true}]}}