{"id":6510,"date":"2021-01-04T19:34:40","date_gmt":"2021-01-04T18:34:40","guid":{"rendered":"https:\/\/www.labemacosmetics.com\/?post_type=product&#038;p=6510"},"modified":"2023-12-27T09:49:12","modified_gmt":"2023-12-27T08:49:12","slug":"masques-effet-bonne-mine-tous-types-de-peaux-4-x-15-g-laction-paris","status":"publish","type":"product","link":"https:\/\/labemacosmetics.com\/en\/product\/masques-effet-bonne-mine-tous-types-de-peaux-4-x-15-g-laction-paris\/","title":{"rendered":"L&rsquo;ACTION Masque effet bonne mine Pink Clay &#8211; Tous types de peaux"},"content":{"rendered":"<p><strong>15 ml<\/strong><\/p>\n<p>Masque Bonne Mine qui illumine et tonifie le visage. Masque aux huiles essentielles de Carotte, de cypres et aux extraits de Gingko Bilboa pour illuminer le teint, aux complexes min\u00e9raux dynamisants et \u00e9nergisants.L&rsquo;huile de S\u00e9same favorise sa p\u00e9n\u00e9tration. Ainsi Stimul\u00e9, votre visage retrouve tonus, \u00e9clat et vitalit\u00e9. Produit test\u00e9 sous contr\u00f4le dermatologique.<\/p>\n<div class=\"prdct__details-benefits\">\n<h3 class=\"prdct__details-title\"><strong>B\u00e9n\u00e9fice produit<\/strong><\/h3>\n<p>Appliquez sur votre visage ce masque aux huiles essentielles de Carotte et de Cypr\u00e8s pour illuminer le teint, et aux complexes min\u00e9raux aux vertus dynamisantes et \u00e9nergisantes. L\u2019huile de S\u00e9same favorise la p\u00e9n\u00e9tration<\/p>\n<\/div>","protected":false},"excerpt":{"rendered":"<p>Masque Bonne Mine qui illumine et tonifie le visage<\/p>\n<p>Masque aux huiles essentielles de Carotte, de cypres et aux extraits de Gingko Bilboa pour illuminer le teint, aux complexes min\u00e9raux dynamisants et \u00e9nergisants.L&rsquo;huile de S\u00e9same favorise sa p\u00e9n\u00e9tration. Ainsi Stimul\u00e9, votre visage retrouve tonus, \u00e9clat et vitalit\u00e9. Produit test\u00e9 sous contr\u00f4le dermatologique.<\/p>","protected":false},"featured_media":6511,"comment_status":"open","ping_status":"closed","template":"","meta":{"om_disable_all_campaigns":false,"_mi_skip_tracking":false,"_monsterinsights_sitenote_active":false,"_monsterinsights_sitenote_note":"","_monsterinsights_sitenote_category":0},"product_brand":[],"product_cat":[127,1742,1747,515,514,516,517,128,513],"product_tag":[],"class_list":{"0":"post-6510","1":"product","2":"type-product","3":"status-publish","4":"has-post-thumbnail","6":"product_cat-boutique","7":"product_cat-masques","8":"product_cat-peaux-a-tendances-acneiques","9":"product_cat-peaux-mixtes-a-grasses","10":"product_cat-peaux-normales","11":"product_cat-peaux-seches","12":"product_cat-peaux-sensibles","13":"product_cat-soin-de-visage","14":"product_cat-type-de-peau","15":"yith_product_brand-laction","17":"first","18":"outofstock","19":"shipping-taxable","20":"purchasable","21":"product-type-simple"},"yoast_head":"<!-- This site is optimized with the Yoast SEO Premium plugin v20.8 (Yoast SEO v27.4) - https:\/\/yoast.com\/product\/yoast-seo-premium-wordpress\/ -->\n<title>L&#039;ACTION Masque effet bonne mine Pink Clay - Tous types de peaux - Lab&eacute;ma Cosmetics<\/title>\n<meta name=\"robots\" content=\"index, follow, max-snippet:-1, max-image-preview:large, max-video-preview:-1\" \/>\n<link rel=\"canonical\" href=\"https:\/\/labemacosmetics.com\/en\/product\/masques-effet-bonne-mine-tous-types-de-peaux-4-x-15-g-laction-paris\/\" \/>\n<meta property=\"og:locale\" content=\"en_GB\" \/>\n<meta property=\"og:type\" content=\"article\" \/>\n<meta property=\"og:title\" content=\"L&#039;ACTION Masque effet bonne mine Pink Clay - Tous types de peaux\" \/>\n<meta property=\"og:description\" content=\"Masque Bonne Mine qui illumine et tonifie le visage  Masque aux huiles essentielles de Carotte, de cypres et aux extraits de Gingko Bilboa pour illuminer le teint, aux complexes min\u00e9raux dynamisants et \u00e9nergisants.L&#039;huile de S\u00e9same favorise sa p\u00e9n\u00e9tration. Ainsi Stimul\u00e9, votre visage retrouve tonus, \u00e9clat et vitalit\u00e9. Produit test\u00e9 sous contr\u00f4le dermatologique.\" \/>\n<meta property=\"og:url\" content=\"https:\/\/labemacosmetics.com\/en\/product\/masques-effet-bonne-mine-tous-types-de-peaux-4-x-15-g-laction-paris\/\" \/>\n<meta property=\"og:site_name\" content=\"Lab&eacute;ma Cosmetics\" \/>\n<meta property=\"article:publisher\" content=\"http:\/\/www.facebook.com\/labemacosmetics\" \/>\n<meta property=\"article:modified_time\" content=\"2023-12-27T08:49:12+00:00\" \/>\n<meta property=\"og:image\" content=\"https:\/\/labemacosmetics.com\/wp-content\/uploads\/2021\/01\/138337-l-action-paris-masque-bonne-mine-1000x1000-1.jpg\" \/>\n\t<meta property=\"og:image:width\" content=\"1000\" \/>\n\t<meta property=\"og:image:height\" content=\"1000\" \/>\n\t<meta property=\"og:image:type\" content=\"image\/jpeg\" \/>\n<meta name=\"twitter:card\" content=\"summary_large_image\" \/>\n<meta name=\"twitter:site\" content=\"@Labemasn\" \/>\n<meta name=\"twitter:label1\" content=\"Price\" \/>\n\t<meta name=\"twitter:data1\" content=\"1 500&nbsp;CFA\" \/>\n\t<meta name=\"twitter:label2\" content=\"Availability\" \/>\n\t<meta name=\"twitter:data2\" content=\"Out of stock\" \/>\n<script type=\"application\/ld+json\" class=\"yoast-schema-graph\">{\"@context\":\"https:\\\/\\\/schema.org\",\"@graph\":[{\"@type\":\"WebPage\",\"@id\":\"https:\\\/\\\/labemacosmetics.com\\\/en\\\/product\\\/masques-effet-bonne-mine-tous-types-de-peaux-4-x-15-g-laction-paris\\\/\",\"url\":\"https:\\\/\\\/labemacosmetics.com\\\/en\\\/product\\\/masques-effet-bonne-mine-tous-types-de-peaux-4-x-15-g-laction-paris\\\/\",\"name\":\"L'ACTION Masque effet bonne mine Pink Clay - Tous types de peaux - Lab&eacute;ma Cosmetics\",\"isPartOf\":{\"@id\":\"https:\\\/\\\/labemacosmetics.com\\\/#website\"},\"primaryImageOfPage\":{\"@id\":\"https:\\\/\\\/labemacosmetics.com\\\/en\\\/product\\\/masques-effet-bonne-mine-tous-types-de-peaux-4-x-15-g-laction-paris\\\/#primaryimage\"},\"image\":{\"@id\":\"https:\\\/\\\/labemacosmetics.com\\\/en\\\/product\\\/masques-effet-bonne-mine-tous-types-de-peaux-4-x-15-g-laction-paris\\\/#primaryimage\"},\"thumbnailUrl\":\"https:\\\/\\\/labemacosmetics.com\\\/wp-content\\\/uploads\\\/2021\\\/01\\\/138337-l-action-paris-masque-bonne-mine-1000x1000-1.jpg\",\"datePublished\":\"2021-01-04T18:34:40+00:00\",\"dateModified\":\"2023-12-27T08:49:12+00:00\",\"breadcrumb\":{\"@id\":\"https:\\\/\\\/labemacosmetics.com\\\/en\\\/product\\\/masques-effet-bonne-mine-tous-types-de-peaux-4-x-15-g-laction-paris\\\/#breadcrumb\"},\"inLanguage\":\"en-GB\",\"potentialAction\":[{\"@type\":\"ReadAction\",\"target\":[\"https:\\\/\\\/labemacosmetics.com\\\/en\\\/product\\\/masques-effet-bonne-mine-tous-types-de-peaux-4-x-15-g-laction-paris\\\/\"]}]},{\"@type\":\"ImageObject\",\"inLanguage\":\"en-GB\",\"@id\":\"https:\\\/\\\/labemacosmetics.com\\\/en\\\/product\\\/masques-effet-bonne-mine-tous-types-de-peaux-4-x-15-g-laction-paris\\\/#primaryimage\",\"url\":\"https:\\\/\\\/labemacosmetics.com\\\/wp-content\\\/uploads\\\/2021\\\/01\\\/138337-l-action-paris-masque-bonne-mine-1000x1000-1.jpg\",\"contentUrl\":\"https:\\\/\\\/labemacosmetics.com\\\/wp-content\\\/uploads\\\/2021\\\/01\\\/138337-l-action-paris-masque-bonne-mine-1000x1000-1.jpg\",\"width\":1000,\"height\":1000},{\"@type\":\"BreadcrumbList\",\"@id\":\"https:\\\/\\\/labemacosmetics.com\\\/en\\\/product\\\/masques-effet-bonne-mine-tous-types-de-peaux-4-x-15-g-laction-paris\\\/#breadcrumb\",\"itemListElement\":[{\"@type\":\"ListItem\",\"position\":1,\"name\":\"Accueil\",\"item\":\"https:\\\/\\\/labemacosmetics.com\\\/\"},{\"@type\":\"ListItem\",\"position\":2,\"name\":\"Produits\",\"item\":\"https:\\\/\\\/labemacosmetics.com\\\/shop\\\/\"},{\"@type\":\"ListItem\",\"position\":3,\"name\":\"L&rsquo;ACTION Masque effet bonne mine Pink Clay &#8211; Tous types de peaux\"}]},{\"@type\":\"WebSite\",\"@id\":\"https:\\\/\\\/labemacosmetics.com\\\/#website\",\"url\":\"https:\\\/\\\/labemacosmetics.com\\\/\",\"name\":\"Lab&eacute;ma Cosmetics\",\"description\":\"\",\"potentialAction\":[{\"@type\":\"SearchAction\",\"target\":{\"@type\":\"EntryPoint\",\"urlTemplate\":\"https:\\\/\\\/labemacosmetics.com\\\/?s={search_term_string}\"},\"query-input\":{\"@type\":\"PropertyValueSpecification\",\"valueRequired\":true,\"valueName\":\"search_term_string\"}}],\"inLanguage\":\"en-GB\"}]}<\/script>\n<meta property=\"product:brand\" content=\"L&#039;action\" \/>\n<meta property=\"product:price:amount\" content=\"1500\" \/>\n<meta property=\"product:price:currency\" content=\"XOF\" \/>\n<meta property=\"og:availability\" content=\"out of stock\" \/>\n<meta property=\"product:availability\" content=\"out of stock\" \/>\n<meta property=\"product:condition\" content=\"new\" \/>\n<!-- \/ Yoast SEO Premium plugin. -->","yoast_head_json":{"title":"L'ACTION Masque effet bonne mine Pink Clay - Tous types de peaux - Lab&eacute;ma Cosmetics","robots":{"index":"index","follow":"follow","max-snippet":"max-snippet:-1","max-image-preview":"max-image-preview:large","max-video-preview":"max-video-preview:-1"},"canonical":"https:\/\/labemacosmetics.com\/en\/product\/masques-effet-bonne-mine-tous-types-de-peaux-4-x-15-g-laction-paris\/","og_locale":"en_GB","og_type":"article","og_title":"L'ACTION Masque effet bonne mine Pink Clay - Tous types de peaux","og_description":"Masque Bonne Mine qui illumine et tonifie le visage  Masque aux huiles essentielles de Carotte, de cypres et aux extraits de Gingko Bilboa pour illuminer le teint, aux complexes min\u00e9raux dynamisants et \u00e9nergisants.L'huile de S\u00e9same favorise sa p\u00e9n\u00e9tration. Ainsi Stimul\u00e9, votre visage retrouve tonus, \u00e9clat et vitalit\u00e9. Produit test\u00e9 sous contr\u00f4le dermatologique.","og_url":"https:\/\/labemacosmetics.com\/en\/product\/masques-effet-bonne-mine-tous-types-de-peaux-4-x-15-g-laction-paris\/","og_site_name":"Lab&eacute;ma Cosmetics","article_publisher":"http:\/\/www.facebook.com\/labemacosmetics","article_modified_time":"2023-12-27T08:49:12+00:00","og_image":[{"width":1000,"height":1000,"url":"https:\/\/labemacosmetics.com\/wp-content\/uploads\/2021\/01\/138337-l-action-paris-masque-bonne-mine-1000x1000-1.jpg","type":"image\/jpeg"}],"twitter_card":"summary_large_image","twitter_site":"@Labemasn","twitter_misc":{"Price":"1 500&nbsp;CFA","Availability":"Out of stock"},"schema":{"@context":"https:\/\/schema.org","@graph":[{"@type":"WebPage","@id":"https:\/\/labemacosmetics.com\/en\/product\/masques-effet-bonne-mine-tous-types-de-peaux-4-x-15-g-laction-paris\/","url":"https:\/\/labemacosmetics.com\/en\/product\/masques-effet-bonne-mine-tous-types-de-peaux-4-x-15-g-laction-paris\/","name":"L'ACTION Masque effet bonne mine Pink Clay - Tous types de peaux - Lab&eacute;ma Cosmetics","isPartOf":{"@id":"https:\/\/labemacosmetics.com\/#website"},"primaryImageOfPage":{"@id":"https:\/\/labemacosmetics.com\/en\/product\/masques-effet-bonne-mine-tous-types-de-peaux-4-x-15-g-laction-paris\/#primaryimage"},"image":{"@id":"https:\/\/labemacosmetics.com\/en\/product\/masques-effet-bonne-mine-tous-types-de-peaux-4-x-15-g-laction-paris\/#primaryimage"},"thumbnailUrl":"https:\/\/labemacosmetics.com\/wp-content\/uploads\/2021\/01\/138337-l-action-paris-masque-bonne-mine-1000x1000-1.jpg","datePublished":"2021-01-04T18:34:40+00:00","dateModified":"2023-12-27T08:49:12+00:00","breadcrumb":{"@id":"https:\/\/labemacosmetics.com\/en\/product\/masques-effet-bonne-mine-tous-types-de-peaux-4-x-15-g-laction-paris\/#breadcrumb"},"inLanguage":"en-GB","potentialAction":[{"@type":"ReadAction","target":["https:\/\/labemacosmetics.com\/en\/product\/masques-effet-bonne-mine-tous-types-de-peaux-4-x-15-g-laction-paris\/"]}]},{"@type":"ImageObject","inLanguage":"en-GB","@id":"https:\/\/labemacosmetics.com\/en\/product\/masques-effet-bonne-mine-tous-types-de-peaux-4-x-15-g-laction-paris\/#primaryimage","url":"https:\/\/labemacosmetics.com\/wp-content\/uploads\/2021\/01\/138337-l-action-paris-masque-bonne-mine-1000x1000-1.jpg","contentUrl":"https:\/\/labemacosmetics.com\/wp-content\/uploads\/2021\/01\/138337-l-action-paris-masque-bonne-mine-1000x1000-1.jpg","width":1000,"height":1000},{"@type":"BreadcrumbList","@id":"https:\/\/labemacosmetics.com\/en\/product\/masques-effet-bonne-mine-tous-types-de-peaux-4-x-15-g-laction-paris\/#breadcrumb","itemListElement":[{"@type":"ListItem","position":1,"name":"Accueil","item":"https:\/\/labemacosmetics.com\/"},{"@type":"ListItem","position":2,"name":"Produits","item":"https:\/\/labemacosmetics.com\/shop\/"},{"@type":"ListItem","position":3,"name":"L&rsquo;ACTION Masque effet bonne mine Pink Clay &#8211; Tous types de peaux"}]},{"@type":"WebSite","@id":"https:\/\/labemacosmetics.com\/#website","url":"https:\/\/labemacosmetics.com\/","name":"Lab&eacute;ma Cosmetics","description":"","potentialAction":[{"@type":"SearchAction","target":{"@type":"EntryPoint","urlTemplate":"https:\/\/labemacosmetics.com\/?s={search_term_string}"},"query-input":{"@type":"PropertyValueSpecification","valueRequired":true,"valueName":"search_term_string"}}],"inLanguage":"en-GB"}]},"product_brand":"L'action","product_price_amount":"1500","product_price_currency":"XOF","og_availability":"out of stock","product_availability":"out of stock","product_condition":"new"},"_links":{"self":[{"href":"https:\/\/labemacosmetics.com\/en\/wp-json\/wp\/v2\/product\/6510","targetHints":{"allow":["GET"]}}],"collection":[{"href":"https:\/\/labemacosmetics.com\/en\/wp-json\/wp\/v2\/product"}],"about":[{"href":"https:\/\/labemacosmetics.com\/en\/wp-json\/wp\/v2\/types\/product"}],"replies":[{"embeddable":true,"href":"https:\/\/labemacosmetics.com\/en\/wp-json\/wp\/v2\/comments?post=6510"}],"version-history":[{"count":1,"href":"https:\/\/labemacosmetics.com\/en\/wp-json\/wp\/v2\/product\/6510\/revisions"}],"predecessor-version":[{"id":9551,"href":"https:\/\/labemacosmetics.com\/en\/wp-json\/wp\/v2\/product\/6510\/revisions\/9551"}],"wp:featuredmedia":[{"embeddable":true,"href":"https:\/\/labemacosmetics.com\/en\/wp-json\/wp\/v2\/media\/6511"}],"wp:attachment":[{"href":"https:\/\/labemacosmetics.com\/en\/wp-json\/wp\/v2\/media?parent=6510"}],"wp:term":[{"taxonomy":"product_brand","embeddable":true,"href":"https:\/\/labemacosmetics.com\/en\/wp-json\/wp\/v2\/product_brand?post=6510"},{"taxonomy":"product_cat","embeddable":true,"href":"https:\/\/labemacosmetics.com\/en\/wp-json\/wp\/v2\/product_cat?post=6510"},{"taxonomy":"product_tag","embeddable":true,"href":"https:\/\/labemacosmetics.com\/en\/wp-json\/wp\/v2\/product_tag?post=6510"}],"curies":[{"name":"wp","href":"https:\/\/api.w.org\/{rel}","templated":true}]}}