{"id":6499,"date":"2020-12-24T20:14:49","date_gmt":"2020-12-24T19:14:49","guid":{"rendered":"https:\/\/www.labemacosmetics.com\/?post_type=product&#038;p=6499"},"modified":"2025-04-17T17:28:13","modified_gmt":"2025-04-17T16:28:13","slug":"kiko-poudre-fond-de-teint-numero-18","status":"publish","type":"product","link":"https:\/\/labemacosmetics.com\/en\/product\/kiko-poudre-fond-de-teint-numero-18\/","title":{"rendered":"Kiko poudre fond de teint num\u00e9ro 18"},"content":{"rendered":"<p>Fond de teint min\u00e9ral longue tenue en poudre compacte au fini mat.<\/p>\n<p>Sa formule min\u00e9rale est enrichie en :<\/p>\n<p>&#8211; biosaccharide, pour une action protectrice ;<\/p>\n<p>&#8211; copolym\u00e8re et ingr\u00e9dients min\u00e9raux, pour un maquillage effet \u00ab soft focus \u00bb ;<\/p>\n<p>&#8211; extraits v\u00e9g\u00e9taux aux propri\u00e9t\u00e9s revitalisantes.<\/p>\n<p>Sa texture poudre innovante est enrichie en huiles. Cr\u00e9meuse et agr\u00e9able, elle ne s\u00e8che pas et adh\u00e8re parfaitement \u00e0 la peau. Couvrance modulable : appliquer avec le pinceau pour un effet naturel ou avec l\u2019\u00e9ponge pour une couvrance \u00e9lev\u00e9e.<\/p>\n<p>&nbsp;<\/p>","protected":false},"excerpt":{"rendered":"<p>&nbsp;<\/p>\n<p>Sa texture poudre innovante est enrichie en huiles. Cr\u00e9meuse et agr\u00e9able, elle ne s\u00e8che pas et adh\u00e8re parfaitement \u00e0 la peau. Couvrance modulable : appliquer avec le pinceau pour un effet naturel ou avec l\u2019\u00e9ponge pour une couvrance \u00e9lev\u00e9e.<\/p>","protected":false},"featured_media":6500,"comment_status":"open","ping_status":"closed","template":"","meta":{"om_disable_all_campaigns":false,"_mi_skip_tracking":false,"_monsterinsights_sitenote_active":false,"_monsterinsights_sitenote_note":"","_monsterinsights_sitenote_category":0},"product_brand":[],"product_cat":[127,117,103,118,108],"product_tag":[],"class_list":{"0":"post-6499","1":"product","2":"type-product","3":"status-publish","4":"has-post-thumbnail","6":"product_cat-boutique","7":"product_cat-fond-de-teint","8":"product_cat-maquillage","9":"product_cat-poudre","10":"product_cat-teint","11":"yith_product_brand-kiko","13":"first","14":"outofstock","15":"shipping-taxable","16":"purchasable","17":"product-type-simple"},"yoast_head":"<!-- This site is optimized with the Yoast SEO Premium plugin v20.8 (Yoast SEO v27.4) - https:\/\/yoast.com\/product\/yoast-seo-premium-wordpress\/ -->\n<title>Kiko poudre fond de teint num\u00e9ro 18 - Lab&eacute;ma Cosmetics<\/title>\n<meta name=\"robots\" content=\"index, follow, max-snippet:-1, max-image-preview:large, max-video-preview:-1\" \/>\n<link rel=\"canonical\" href=\"https:\/\/labemacosmetics.com\/en\/product\/kiko-poudre-fond-de-teint-numero-18\/\" \/>\n<meta property=\"og:locale\" content=\"en_GB\" \/>\n<meta property=\"og:type\" content=\"article\" \/>\n<meta property=\"og:title\" content=\"Kiko poudre fond de teint num\u00e9ro 18\" \/>\n<meta property=\"og:description\" content=\"&nbsp;  Sa texture poudre innovante est enrichie en huiles. Cr\u00e9meuse et agr\u00e9able, elle ne s\u00e8che pas et adh\u00e8re parfaitement \u00e0 la peau. Couvrance modulable : appliquer avec le pinceau pour un effet naturel ou avec l\u2019\u00e9ponge pour une couvrance \u00e9lev\u00e9e.\" \/>\n<meta property=\"og:url\" content=\"https:\/\/labemacosmetics.com\/en\/product\/kiko-poudre-fond-de-teint-numero-18\/\" \/>\n<meta property=\"og:site_name\" content=\"Lab&eacute;ma Cosmetics\" \/>\n<meta property=\"article:publisher\" content=\"http:\/\/www.facebook.com\/labemacosmetics\" \/>\n<meta property=\"article:modified_time\" content=\"2025-04-17T16:28:13+00:00\" \/>\n<meta property=\"og:image\" content=\"https:\/\/labemacosmetics.com\/wp-content\/uploads\/2020\/12\/poudre-ft-18.png\" \/>\n\t<meta property=\"og:image:width\" content=\"981\" \/>\n\t<meta property=\"og:image:height\" content=\"753\" \/>\n\t<meta property=\"og:image:type\" content=\"image\/png\" \/>\n<meta name=\"twitter:card\" content=\"summary_large_image\" \/>\n<meta name=\"twitter:site\" content=\"@Labemasn\" \/>\n<meta name=\"twitter:label1\" content=\"Price\" \/>\n\t<meta name=\"twitter:data1\" content=\"12 000&nbsp;CFA\" \/>\n\t<meta name=\"twitter:label2\" content=\"Availability\" \/>\n\t<meta name=\"twitter:data2\" content=\"Out of stock\" \/>\n<script type=\"application\/ld+json\" class=\"yoast-schema-graph\">{\"@context\":\"https:\\\/\\\/schema.org\",\"@graph\":[{\"@type\":\"WebPage\",\"@id\":\"https:\\\/\\\/labemacosmetics.com\\\/produit\\\/kiko-poudre-fond-de-teint-numero-18\\\/\",\"url\":\"https:\\\/\\\/labemacosmetics.com\\\/produit\\\/kiko-poudre-fond-de-teint-numero-18\\\/\",\"name\":\"Kiko poudre fond de teint num\u00e9ro 18 - Lab&eacute;ma Cosmetics\",\"isPartOf\":{\"@id\":\"https:\\\/\\\/labemacosmetics.com\\\/#website\"},\"primaryImageOfPage\":{\"@id\":\"https:\\\/\\\/labemacosmetics.com\\\/produit\\\/kiko-poudre-fond-de-teint-numero-18\\\/#primaryimage\"},\"image\":{\"@id\":\"https:\\\/\\\/labemacosmetics.com\\\/produit\\\/kiko-poudre-fond-de-teint-numero-18\\\/#primaryimage\"},\"thumbnailUrl\":\"https:\\\/\\\/labemacosmetics.com\\\/wp-content\\\/uploads\\\/2020\\\/12\\\/poudre-ft-18.png\",\"datePublished\":\"2020-12-24T19:14:49+00:00\",\"dateModified\":\"2025-04-17T16:28:13+00:00\",\"breadcrumb\":{\"@id\":\"https:\\\/\\\/labemacosmetics.com\\\/produit\\\/kiko-poudre-fond-de-teint-numero-18\\\/#breadcrumb\"},\"inLanguage\":\"en-GB\",\"potentialAction\":[{\"@type\":\"ReadAction\",\"target\":[\"https:\\\/\\\/labemacosmetics.com\\\/produit\\\/kiko-poudre-fond-de-teint-numero-18\\\/\"]}]},{\"@type\":\"ImageObject\",\"inLanguage\":\"en-GB\",\"@id\":\"https:\\\/\\\/labemacosmetics.com\\\/produit\\\/kiko-poudre-fond-de-teint-numero-18\\\/#primaryimage\",\"url\":\"https:\\\/\\\/labemacosmetics.com\\\/wp-content\\\/uploads\\\/2020\\\/12\\\/poudre-ft-18.png\",\"contentUrl\":\"https:\\\/\\\/labemacosmetics.com\\\/wp-content\\\/uploads\\\/2020\\\/12\\\/poudre-ft-18.png\",\"width\":981,\"height\":753},{\"@type\":\"BreadcrumbList\",\"@id\":\"https:\\\/\\\/labemacosmetics.com\\\/produit\\\/kiko-poudre-fond-de-teint-numero-18\\\/#breadcrumb\",\"itemListElement\":[{\"@type\":\"ListItem\",\"position\":1,\"name\":\"Accueil\",\"item\":\"https:\\\/\\\/labemacosmetics.com\\\/\"},{\"@type\":\"ListItem\",\"position\":2,\"name\":\"Produits\",\"item\":\"https:\\\/\\\/labemacosmetics.com\\\/shop\\\/\"},{\"@type\":\"ListItem\",\"position\":3,\"name\":\"Kiko poudre fond de teint num\u00e9ro 18\"}]},{\"@type\":\"WebSite\",\"@id\":\"https:\\\/\\\/labemacosmetics.com\\\/#website\",\"url\":\"https:\\\/\\\/labemacosmetics.com\\\/\",\"name\":\"Lab&eacute;ma Cosmetics\",\"description\":\"\",\"potentialAction\":[{\"@type\":\"SearchAction\",\"target\":{\"@type\":\"EntryPoint\",\"urlTemplate\":\"https:\\\/\\\/labemacosmetics.com\\\/?s={search_term_string}\"},\"query-input\":{\"@type\":\"PropertyValueSpecification\",\"valueRequired\":true,\"valueName\":\"search_term_string\"}}],\"inLanguage\":\"en-GB\"}]}<\/script>\n<meta property=\"product:brand\" content=\"Kiko\" \/>\n<meta property=\"product:price:amount\" content=\"12000\" \/>\n<meta property=\"product:price:currency\" content=\"XOF\" \/>\n<meta property=\"og:availability\" content=\"out of stock\" \/>\n<meta property=\"product:availability\" content=\"out of stock\" \/>\n<meta property=\"product:condition\" content=\"new\" \/>\n<!-- \/ Yoast SEO Premium plugin. -->","yoast_head_json":{"title":"Kiko poudre fond de teint num\u00e9ro 18 - Lab&eacute;ma Cosmetics","robots":{"index":"index","follow":"follow","max-snippet":"max-snippet:-1","max-image-preview":"max-image-preview:large","max-video-preview":"max-video-preview:-1"},"canonical":"https:\/\/labemacosmetics.com\/en\/product\/kiko-poudre-fond-de-teint-numero-18\/","og_locale":"en_GB","og_type":"article","og_title":"Kiko poudre fond de teint num\u00e9ro 18","og_description":"&nbsp;  Sa texture poudre innovante est enrichie en huiles. Cr\u00e9meuse et agr\u00e9able, elle ne s\u00e8che pas et adh\u00e8re parfaitement \u00e0 la peau. Couvrance modulable : appliquer avec le pinceau pour un effet naturel ou avec l\u2019\u00e9ponge pour une couvrance \u00e9lev\u00e9e.","og_url":"https:\/\/labemacosmetics.com\/en\/product\/kiko-poudre-fond-de-teint-numero-18\/","og_site_name":"Lab&eacute;ma Cosmetics","article_publisher":"http:\/\/www.facebook.com\/labemacosmetics","article_modified_time":"2025-04-17T16:28:13+00:00","og_image":[{"width":981,"height":753,"url":"https:\/\/labemacosmetics.com\/wp-content\/uploads\/2020\/12\/poudre-ft-18.png","type":"image\/png"}],"twitter_card":"summary_large_image","twitter_site":"@Labemasn","twitter_misc":{"Price":"12 000&nbsp;CFA","Availability":"Out of stock"},"schema":{"@context":"https:\/\/schema.org","@graph":[{"@type":"WebPage","@id":"https:\/\/labemacosmetics.com\/produit\/kiko-poudre-fond-de-teint-numero-18\/","url":"https:\/\/labemacosmetics.com\/produit\/kiko-poudre-fond-de-teint-numero-18\/","name":"Kiko poudre fond de teint num\u00e9ro 18 - Lab&eacute;ma Cosmetics","isPartOf":{"@id":"https:\/\/labemacosmetics.com\/#website"},"primaryImageOfPage":{"@id":"https:\/\/labemacosmetics.com\/produit\/kiko-poudre-fond-de-teint-numero-18\/#primaryimage"},"image":{"@id":"https:\/\/labemacosmetics.com\/produit\/kiko-poudre-fond-de-teint-numero-18\/#primaryimage"},"thumbnailUrl":"https:\/\/labemacosmetics.com\/wp-content\/uploads\/2020\/12\/poudre-ft-18.png","datePublished":"2020-12-24T19:14:49+00:00","dateModified":"2025-04-17T16:28:13+00:00","breadcrumb":{"@id":"https:\/\/labemacosmetics.com\/produit\/kiko-poudre-fond-de-teint-numero-18\/#breadcrumb"},"inLanguage":"en-GB","potentialAction":[{"@type":"ReadAction","target":["https:\/\/labemacosmetics.com\/produit\/kiko-poudre-fond-de-teint-numero-18\/"]}]},{"@type":"ImageObject","inLanguage":"en-GB","@id":"https:\/\/labemacosmetics.com\/produit\/kiko-poudre-fond-de-teint-numero-18\/#primaryimage","url":"https:\/\/labemacosmetics.com\/wp-content\/uploads\/2020\/12\/poudre-ft-18.png","contentUrl":"https:\/\/labemacosmetics.com\/wp-content\/uploads\/2020\/12\/poudre-ft-18.png","width":981,"height":753},{"@type":"BreadcrumbList","@id":"https:\/\/labemacosmetics.com\/produit\/kiko-poudre-fond-de-teint-numero-18\/#breadcrumb","itemListElement":[{"@type":"ListItem","position":1,"name":"Accueil","item":"https:\/\/labemacosmetics.com\/"},{"@type":"ListItem","position":2,"name":"Produits","item":"https:\/\/labemacosmetics.com\/shop\/"},{"@type":"ListItem","position":3,"name":"Kiko poudre fond de teint num\u00e9ro 18"}]},{"@type":"WebSite","@id":"https:\/\/labemacosmetics.com\/#website","url":"https:\/\/labemacosmetics.com\/","name":"Lab&eacute;ma Cosmetics","description":"","potentialAction":[{"@type":"SearchAction","target":{"@type":"EntryPoint","urlTemplate":"https:\/\/labemacosmetics.com\/?s={search_term_string}"},"query-input":{"@type":"PropertyValueSpecification","valueRequired":true,"valueName":"search_term_string"}}],"inLanguage":"en-GB"}]},"product_brand":"Kiko","product_price_amount":"12000","product_price_currency":"XOF","og_availability":"out of stock","product_availability":"out of stock","product_condition":"new"},"_links":{"self":[{"href":"https:\/\/labemacosmetics.com\/en\/wp-json\/wp\/v2\/product\/6499","targetHints":{"allow":["GET"]}}],"collection":[{"href":"https:\/\/labemacosmetics.com\/en\/wp-json\/wp\/v2\/product"}],"about":[{"href":"https:\/\/labemacosmetics.com\/en\/wp-json\/wp\/v2\/types\/product"}],"replies":[{"embeddable":true,"href":"https:\/\/labemacosmetics.com\/en\/wp-json\/wp\/v2\/comments?post=6499"}],"version-history":[{"count":0,"href":"https:\/\/labemacosmetics.com\/en\/wp-json\/wp\/v2\/product\/6499\/revisions"}],"wp:featuredmedia":[{"embeddable":true,"href":"https:\/\/labemacosmetics.com\/en\/wp-json\/wp\/v2\/media\/6500"}],"wp:attachment":[{"href":"https:\/\/labemacosmetics.com\/en\/wp-json\/wp\/v2\/media?parent=6499"}],"wp:term":[{"taxonomy":"product_brand","embeddable":true,"href":"https:\/\/labemacosmetics.com\/en\/wp-json\/wp\/v2\/product_brand?post=6499"},{"taxonomy":"product_cat","embeddable":true,"href":"https:\/\/labemacosmetics.com\/en\/wp-json\/wp\/v2\/product_cat?post=6499"},{"taxonomy":"product_tag","embeddable":true,"href":"https:\/\/labemacosmetics.com\/en\/wp-json\/wp\/v2\/product_tag?post=6499"}],"curies":[{"name":"wp","href":"https:\/\/api.w.org\/{rel}","templated":true}]}}