{"id":6488,"date":"2020-12-24T18:24:43","date_gmt":"2020-12-24T17:24:43","guid":{"rendered":"https:\/\/www.labemacosmetics.com\/?post_type=product&#038;p=6488"},"modified":"2023-06-20T13:10:12","modified_gmt":"2023-06-20T12:10:12","slug":"highligh-drops-131","status":"publish","type":"product","link":"https:\/\/labemacosmetics.com\/en\/product\/highligh-drops-131\/","title":{"rendered":"MAX AND MORE Highlight drops 131"},"content":{"rendered":"<p>Higlighter liquide pour l&rsquo;\u00e9clat le plus naturel.<br \/>\nAppliquez aux endroits o\u00f9 votre visage est le plus \u00e9clair\u00e9.<br \/>\nCr\u00e9ez une belle lueur sur votre visage, comme si vous veniez de rentrer de vacances.\u00a0Qui ne veut pas \u00e7a maintenant?<\/p>","protected":false},"excerpt":{"rendered":"<p>Higlighter liquide pour l&rsquo;\u00e9clat le plus naturel.<br \/>\nAppliquez aux endroits o\u00f9 votre visage est le plus \u00e9clair\u00e9.<br \/>\nCr\u00e9ez une belle lueur sur votre visage, comme si vous veniez de rentrer de vacances.\u00a0Qui ne veut pas \u00e7a maintenant?<\/p>","protected":false},"featured_media":6489,"comment_status":"open","ping_status":"closed","template":"","meta":{"om_disable_all_campaigns":false,"_mi_skip_tracking":false,"_monsterinsights_sitenote_active":false,"_monsterinsights_sitenote_note":"","_monsterinsights_sitenote_category":0},"product_brand":[],"product_cat":[127,1749,103,108],"product_tag":[],"class_list":{"0":"post-6488","1":"product","2":"type-product","3":"status-publish","4":"has-post-thumbnail","6":"product_cat-boutique","7":"product_cat-contouring","8":"product_cat-maquillage","9":"product_cat-teint","10":"yith_product_brand-maxmore","12":"first","13":"instock","14":"shipping-taxable","15":"purchasable","16":"product-type-simple"},"yoast_head":"<!-- This site is optimized with the Yoast SEO Premium plugin v20.8 (Yoast SEO v27.4) - https:\/\/yoast.com\/product\/yoast-seo-premium-wordpress\/ -->\n<title>MAX AND MORE Highlight drops 131 - Lab&eacute;ma Cosmetics<\/title>\n<meta name=\"robots\" content=\"index, follow, max-snippet:-1, max-image-preview:large, max-video-preview:-1\" \/>\n<link rel=\"canonical\" href=\"https:\/\/labemacosmetics.com\/en\/product\/highligh-drops-131\/\" \/>\n<meta property=\"og:locale\" content=\"en_GB\" \/>\n<meta property=\"og:type\" content=\"article\" \/>\n<meta property=\"og:title\" content=\"MAX AND MORE Highlight drops 131\" \/>\n<meta property=\"og:description\" content=\"Higlighter liquide pour l&#039;\u00e9clat le plus naturel. Appliquez aux endroits o\u00f9 votre visage est le plus \u00e9clair\u00e9. Cr\u00e9ez une belle lueur sur votre visage, comme si vous veniez de rentrer de vacances.\u00a0Qui ne veut pas \u00e7a maintenant?\" \/>\n<meta property=\"og:url\" content=\"https:\/\/labemacosmetics.com\/en\/product\/highligh-drops-131\/\" \/>\n<meta property=\"og:site_name\" content=\"Lab&eacute;ma Cosmetics\" \/>\n<meta property=\"article:publisher\" content=\"http:\/\/www.facebook.com\/labemacosmetics\" \/>\n<meta property=\"article:modified_time\" content=\"2023-06-20T12:10:12+00:00\" \/>\n<meta property=\"og:image\" content=\"https:\/\/labemacosmetics.com\/wp-content\/uploads\/2020\/12\/Highligh-drops-131-maxmore.png\" \/>\n\t<meta property=\"og:image:width\" content=\"1500\" \/>\n\t<meta property=\"og:image:height\" content=\"1500\" \/>\n\t<meta property=\"og:image:type\" content=\"image\/png\" \/>\n<meta name=\"twitter:card\" content=\"summary_large_image\" \/>\n<meta name=\"twitter:site\" content=\"@Labemasn\" \/>\n<meta name=\"twitter:label1\" content=\"Price\" \/>\n\t<meta name=\"twitter:data1\" content=\"2 500&nbsp;CFA\" \/>\n\t<meta name=\"twitter:label2\" content=\"Availability\" \/>\n\t<meta name=\"twitter:data2\" content=\"In stock\" \/>\n<script type=\"application\/ld+json\" class=\"yoast-schema-graph\">{\"@context\":\"https:\\\/\\\/schema.org\",\"@graph\":[{\"@type\":\"WebPage\",\"@id\":\"https:\\\/\\\/labemacosmetics.com\\\/en\\\/product\\\/highligh-drops-131\\\/\",\"url\":\"https:\\\/\\\/labemacosmetics.com\\\/en\\\/product\\\/highligh-drops-131\\\/\",\"name\":\"MAX AND MORE Highlight drops 131 - Lab&eacute;ma Cosmetics\",\"isPartOf\":{\"@id\":\"https:\\\/\\\/labemacosmetics.com\\\/#website\"},\"primaryImageOfPage\":{\"@id\":\"https:\\\/\\\/labemacosmetics.com\\\/en\\\/product\\\/highligh-drops-131\\\/#primaryimage\"},\"image\":{\"@id\":\"https:\\\/\\\/labemacosmetics.com\\\/en\\\/product\\\/highligh-drops-131\\\/#primaryimage\"},\"thumbnailUrl\":\"https:\\\/\\\/labemacosmetics.com\\\/wp-content\\\/uploads\\\/2020\\\/12\\\/Highligh-drops-131-maxmore.png\",\"datePublished\":\"2020-12-24T17:24:43+00:00\",\"dateModified\":\"2023-06-20T12:10:12+00:00\",\"breadcrumb\":{\"@id\":\"https:\\\/\\\/labemacosmetics.com\\\/en\\\/product\\\/highligh-drops-131\\\/#breadcrumb\"},\"inLanguage\":\"en-GB\",\"potentialAction\":[{\"@type\":\"ReadAction\",\"target\":[\"https:\\\/\\\/labemacosmetics.com\\\/en\\\/product\\\/highligh-drops-131\\\/\"]}]},{\"@type\":\"ImageObject\",\"inLanguage\":\"en-GB\",\"@id\":\"https:\\\/\\\/labemacosmetics.com\\\/en\\\/product\\\/highligh-drops-131\\\/#primaryimage\",\"url\":\"https:\\\/\\\/labemacosmetics.com\\\/wp-content\\\/uploads\\\/2020\\\/12\\\/Highligh-drops-131-maxmore.png\",\"contentUrl\":\"https:\\\/\\\/labemacosmetics.com\\\/wp-content\\\/uploads\\\/2020\\\/12\\\/Highligh-drops-131-maxmore.png\",\"width\":1500,\"height\":1500},{\"@type\":\"BreadcrumbList\",\"@id\":\"https:\\\/\\\/labemacosmetics.com\\\/en\\\/product\\\/highligh-drops-131\\\/#breadcrumb\",\"itemListElement\":[{\"@type\":\"ListItem\",\"position\":1,\"name\":\"Accueil\",\"item\":\"https:\\\/\\\/labemacosmetics.com\\\/\"},{\"@type\":\"ListItem\",\"position\":2,\"name\":\"Produits\",\"item\":\"https:\\\/\\\/labemacosmetics.com\\\/shop\\\/\"},{\"@type\":\"ListItem\",\"position\":3,\"name\":\"MAX AND MORE Highlight drops 131\"}]},{\"@type\":\"WebSite\",\"@id\":\"https:\\\/\\\/labemacosmetics.com\\\/#website\",\"url\":\"https:\\\/\\\/labemacosmetics.com\\\/\",\"name\":\"Lab&eacute;ma Cosmetics\",\"description\":\"\",\"potentialAction\":[{\"@type\":\"SearchAction\",\"target\":{\"@type\":\"EntryPoint\",\"urlTemplate\":\"https:\\\/\\\/labemacosmetics.com\\\/?s={search_term_string}\"},\"query-input\":{\"@type\":\"PropertyValueSpecification\",\"valueRequired\":true,\"valueName\":\"search_term_string\"}}],\"inLanguage\":\"en-GB\"}]}<\/script>\n<meta property=\"product:brand\" content=\"max&amp;more\" \/>\n<meta property=\"product:price:amount\" content=\"2500\" \/>\n<meta property=\"product:price:currency\" content=\"XOF\" \/>\n<meta property=\"og:availability\" content=\"instock\" \/>\n<meta property=\"product:availability\" content=\"instock\" \/>\n<meta property=\"product:condition\" content=\"new\" \/>\n<!-- \/ Yoast SEO Premium plugin. -->","yoast_head_json":{"title":"MAX AND MORE Highlight drops 131 - Lab&eacute;ma Cosmetics","robots":{"index":"index","follow":"follow","max-snippet":"max-snippet:-1","max-image-preview":"max-image-preview:large","max-video-preview":"max-video-preview:-1"},"canonical":"https:\/\/labemacosmetics.com\/en\/product\/highligh-drops-131\/","og_locale":"en_GB","og_type":"article","og_title":"MAX AND MORE Highlight drops 131","og_description":"Higlighter liquide pour l'\u00e9clat le plus naturel. Appliquez aux endroits o\u00f9 votre visage est le plus \u00e9clair\u00e9. Cr\u00e9ez une belle lueur sur votre visage, comme si vous veniez de rentrer de vacances.\u00a0Qui ne veut pas \u00e7a maintenant?","og_url":"https:\/\/labemacosmetics.com\/en\/product\/highligh-drops-131\/","og_site_name":"Lab&eacute;ma Cosmetics","article_publisher":"http:\/\/www.facebook.com\/labemacosmetics","article_modified_time":"2023-06-20T12:10:12+00:00","og_image":[{"width":1500,"height":1500,"url":"https:\/\/labemacosmetics.com\/wp-content\/uploads\/2020\/12\/Highligh-drops-131-maxmore.png","type":"image\/png"}],"twitter_card":"summary_large_image","twitter_site":"@Labemasn","twitter_misc":{"Price":"2 500&nbsp;CFA","Availability":"In stock"},"schema":{"@context":"https:\/\/schema.org","@graph":[{"@type":"WebPage","@id":"https:\/\/labemacosmetics.com\/en\/product\/highligh-drops-131\/","url":"https:\/\/labemacosmetics.com\/en\/product\/highligh-drops-131\/","name":"MAX AND MORE Highlight drops 131 - Lab&eacute;ma Cosmetics","isPartOf":{"@id":"https:\/\/labemacosmetics.com\/#website"},"primaryImageOfPage":{"@id":"https:\/\/labemacosmetics.com\/en\/product\/highligh-drops-131\/#primaryimage"},"image":{"@id":"https:\/\/labemacosmetics.com\/en\/product\/highligh-drops-131\/#primaryimage"},"thumbnailUrl":"https:\/\/labemacosmetics.com\/wp-content\/uploads\/2020\/12\/Highligh-drops-131-maxmore.png","datePublished":"2020-12-24T17:24:43+00:00","dateModified":"2023-06-20T12:10:12+00:00","breadcrumb":{"@id":"https:\/\/labemacosmetics.com\/en\/product\/highligh-drops-131\/#breadcrumb"},"inLanguage":"en-GB","potentialAction":[{"@type":"ReadAction","target":["https:\/\/labemacosmetics.com\/en\/product\/highligh-drops-131\/"]}]},{"@type":"ImageObject","inLanguage":"en-GB","@id":"https:\/\/labemacosmetics.com\/en\/product\/highligh-drops-131\/#primaryimage","url":"https:\/\/labemacosmetics.com\/wp-content\/uploads\/2020\/12\/Highligh-drops-131-maxmore.png","contentUrl":"https:\/\/labemacosmetics.com\/wp-content\/uploads\/2020\/12\/Highligh-drops-131-maxmore.png","width":1500,"height":1500},{"@type":"BreadcrumbList","@id":"https:\/\/labemacosmetics.com\/en\/product\/highligh-drops-131\/#breadcrumb","itemListElement":[{"@type":"ListItem","position":1,"name":"Accueil","item":"https:\/\/labemacosmetics.com\/"},{"@type":"ListItem","position":2,"name":"Produits","item":"https:\/\/labemacosmetics.com\/shop\/"},{"@type":"ListItem","position":3,"name":"MAX AND MORE Highlight drops 131"}]},{"@type":"WebSite","@id":"https:\/\/labemacosmetics.com\/#website","url":"https:\/\/labemacosmetics.com\/","name":"Lab&eacute;ma Cosmetics","description":"","potentialAction":[{"@type":"SearchAction","target":{"@type":"EntryPoint","urlTemplate":"https:\/\/labemacosmetics.com\/?s={search_term_string}"},"query-input":{"@type":"PropertyValueSpecification","valueRequired":true,"valueName":"search_term_string"}}],"inLanguage":"en-GB"}]},"product_brand":"max&amp;more","product_price_amount":"2500","product_price_currency":"XOF","og_availability":"instock","product_availability":"instock","product_condition":"new"},"_links":{"self":[{"href":"https:\/\/labemacosmetics.com\/en\/wp-json\/wp\/v2\/product\/6488","targetHints":{"allow":["GET"]}}],"collection":[{"href":"https:\/\/labemacosmetics.com\/en\/wp-json\/wp\/v2\/product"}],"about":[{"href":"https:\/\/labemacosmetics.com\/en\/wp-json\/wp\/v2\/types\/product"}],"replies":[{"embeddable":true,"href":"https:\/\/labemacosmetics.com\/en\/wp-json\/wp\/v2\/comments?post=6488"}],"version-history":[{"count":0,"href":"https:\/\/labemacosmetics.com\/en\/wp-json\/wp\/v2\/product\/6488\/revisions"}],"wp:featuredmedia":[{"embeddable":true,"href":"https:\/\/labemacosmetics.com\/en\/wp-json\/wp\/v2\/media\/6489"}],"wp:attachment":[{"href":"https:\/\/labemacosmetics.com\/en\/wp-json\/wp\/v2\/media?parent=6488"}],"wp:term":[{"taxonomy":"product_brand","embeddable":true,"href":"https:\/\/labemacosmetics.com\/en\/wp-json\/wp\/v2\/product_brand?post=6488"},{"taxonomy":"product_cat","embeddable":true,"href":"https:\/\/labemacosmetics.com\/en\/wp-json\/wp\/v2\/product_cat?post=6488"},{"taxonomy":"product_tag","embeddable":true,"href":"https:\/\/labemacosmetics.com\/en\/wp-json\/wp\/v2\/product_tag?post=6488"}],"curies":[{"name":"wp","href":"https:\/\/api.w.org\/{rel}","templated":true}]}}