{"id":6479,"date":"2020-12-18T21:01:03","date_gmt":"2020-12-18T20:01:03","guid":{"rendered":"https:\/\/www.labemacosmetics.com\/?post_type=product&#038;p=6479"},"modified":"2023-05-21T12:43:28","modified_gmt":"2023-05-21T11:43:28","slug":"garnier-skinactive-solution-micellaire-mini","status":"publish","type":"product","link":"https:\/\/labemacosmetics.com\/en\/product\/garnier-skinactive-solution-micellaire-mini\/","title":{"rendered":"Garnier Skinactive Solution Micellaire &#8211; Mini"},"content":{"rendered":"<p>Garnier Skinactive Solution Micellaire &#8211; Mini<\/p>\n<p>Pour un d\u00e9maquillage facile et efficace o\u00f9 que vous soyez, le format de cette eau nettoyante micellaire d\u00e9maquille et apaise les peaux sensibles en un seul geste. Elle d\u00e9maquille le visage, les yeux et les l\u00e8vres sans m\u00eame avoir besoin de frotter, ni de rincer, et convient \u00e0 toutes les peaux, m\u00eame les plus sensibles.<\/p>","protected":false},"excerpt":{"rendered":"<p>Pour un d\u00e9maquillage facile et efficace o\u00f9 que vous soyez, le format de cette eau nettoyante micellaire d\u00e9maquille et apaise les peaux sensibles en un seul geste. Elle d\u00e9maquille le visage, les yeux et les l\u00e8vres sans m\u00eame avoir besoin de frotter, ni de rincer, et convient \u00e0 toutes les peaux, m\u00eame les plus sensibles.<\/p>","protected":false},"featured_media":6480,"comment_status":"open","ping_status":"closed","template":"","meta":{"om_disable_all_campaigns":false,"_mi_skip_tracking":false,"_monsterinsights_sitenote_active":false,"_monsterinsights_sitenote_note":"","_monsterinsights_sitenote_category":0},"product_brand":[],"product_cat":[127,1774,515,514,516,517,512,128,513],"product_tag":[],"class_list":{"0":"post-6479","1":"product","2":"type-product","3":"status-publish","4":"has-post-thumbnail","6":"product_cat-boutique","7":"product_cat-demaquillants-eaux-micellaires","8":"product_cat-peaux-mixtes-a-grasses","9":"product_cat-peaux-normales","10":"product_cat-peaux-seches","11":"product_cat-peaux-sensibles","12":"product_cat-produits-par-besoin","13":"product_cat-soin-de-visage","14":"product_cat-type-de-peau","15":"yith_product_brand-garnier","17":"first","18":"instock","19":"shipping-taxable","20":"purchasable","21":"product-type-simple"},"yoast_head":"<!-- This site is optimized with the Yoast SEO Premium plugin v20.8 (Yoast SEO v27.4) - https:\/\/yoast.com\/product\/yoast-seo-premium-wordpress\/ -->\n<title>Garnier Skinactive Solution Micellaire - Mini - Lab&eacute;ma Cosmetics<\/title>\n<meta name=\"robots\" content=\"index, follow, max-snippet:-1, max-image-preview:large, max-video-preview:-1\" \/>\n<link rel=\"canonical\" href=\"https:\/\/labemacosmetics.com\/en\/product\/garnier-skinactive-solution-micellaire-mini\/\" \/>\n<meta property=\"og:locale\" content=\"en_GB\" \/>\n<meta property=\"og:type\" content=\"article\" \/>\n<meta property=\"og:title\" content=\"Garnier Skinactive Solution Micellaire - Mini\" \/>\n<meta property=\"og:description\" content=\"Pour un d\u00e9maquillage facile et efficace o\u00f9 que vous soyez, le format de cette eau nettoyante micellaire d\u00e9maquille et apaise les peaux sensibles en un seul geste. Elle d\u00e9maquille le visage, les yeux et les l\u00e8vres sans m\u00eame avoir besoin de frotter, ni de rincer, et convient \u00e0 toutes les peaux, m\u00eame les plus sensibles.\" \/>\n<meta property=\"og:url\" content=\"https:\/\/labemacosmetics.com\/en\/product\/garnier-skinactive-solution-micellaire-mini\/\" \/>\n<meta property=\"og:site_name\" content=\"Lab&eacute;ma Cosmetics\" \/>\n<meta property=\"article:publisher\" content=\"http:\/\/www.facebook.com\/labemacosmetics\" \/>\n<meta property=\"article:modified_time\" content=\"2023-05-21T11:43:28+00:00\" \/>\n<meta property=\"og:image\" content=\"https:\/\/labemacosmetics.com\/wp-content\/uploads\/2020\/12\/Garnier-Skinactive-Solution-Micellaire-Mini.jpg\" \/>\n\t<meta property=\"og:image:width\" content=\"800\" \/>\n\t<meta property=\"og:image:height\" content=\"800\" \/>\n\t<meta property=\"og:image:type\" content=\"image\/jpeg\" \/>\n<meta name=\"twitter:card\" content=\"summary_large_image\" \/>\n<meta name=\"twitter:site\" content=\"@Labemasn\" \/>\n<meta name=\"twitter:label1\" content=\"Price\" \/>\n\t<meta name=\"twitter:data1\" content=\"3 000&nbsp;CFA\" \/>\n\t<meta name=\"twitter:label2\" content=\"Availability\" \/>\n\t<meta name=\"twitter:data2\" content=\"In stock\" \/>\n<script type=\"application\/ld+json\" class=\"yoast-schema-graph\">{\"@context\":\"https:\\\/\\\/schema.org\",\"@graph\":[{\"@type\":\"WebPage\",\"@id\":\"https:\\\/\\\/labemacosmetics.com\\\/produit\\\/garnier-skinactive-solution-micellaire-mini\\\/\",\"url\":\"https:\\\/\\\/labemacosmetics.com\\\/produit\\\/garnier-skinactive-solution-micellaire-mini\\\/\",\"name\":\"Garnier Skinactive Solution Micellaire - Mini - Lab&eacute;ma Cosmetics\",\"isPartOf\":{\"@id\":\"https:\\\/\\\/labemacosmetics.com\\\/#website\"},\"primaryImageOfPage\":{\"@id\":\"https:\\\/\\\/labemacosmetics.com\\\/produit\\\/garnier-skinactive-solution-micellaire-mini\\\/#primaryimage\"},\"image\":{\"@id\":\"https:\\\/\\\/labemacosmetics.com\\\/produit\\\/garnier-skinactive-solution-micellaire-mini\\\/#primaryimage\"},\"thumbnailUrl\":\"https:\\\/\\\/labemacosmetics.com\\\/wp-content\\\/uploads\\\/2020\\\/12\\\/Garnier-Skinactive-Solution-Micellaire-Mini.jpg\",\"datePublished\":\"2020-12-18T20:01:03+00:00\",\"dateModified\":\"2023-05-21T11:43:28+00:00\",\"breadcrumb\":{\"@id\":\"https:\\\/\\\/labemacosmetics.com\\\/produit\\\/garnier-skinactive-solution-micellaire-mini\\\/#breadcrumb\"},\"inLanguage\":\"en-GB\",\"potentialAction\":[{\"@type\":\"ReadAction\",\"target\":[\"https:\\\/\\\/labemacosmetics.com\\\/produit\\\/garnier-skinactive-solution-micellaire-mini\\\/\"]}]},{\"@type\":\"ImageObject\",\"inLanguage\":\"en-GB\",\"@id\":\"https:\\\/\\\/labemacosmetics.com\\\/produit\\\/garnier-skinactive-solution-micellaire-mini\\\/#primaryimage\",\"url\":\"https:\\\/\\\/labemacosmetics.com\\\/wp-content\\\/uploads\\\/2020\\\/12\\\/Garnier-Skinactive-Solution-Micellaire-Mini.jpg\",\"contentUrl\":\"https:\\\/\\\/labemacosmetics.com\\\/wp-content\\\/uploads\\\/2020\\\/12\\\/Garnier-Skinactive-Solution-Micellaire-Mini.jpg\",\"width\":800,\"height\":800},{\"@type\":\"BreadcrumbList\",\"@id\":\"https:\\\/\\\/labemacosmetics.com\\\/produit\\\/garnier-skinactive-solution-micellaire-mini\\\/#breadcrumb\",\"itemListElement\":[{\"@type\":\"ListItem\",\"position\":1,\"name\":\"Accueil\",\"item\":\"https:\\\/\\\/labemacosmetics.com\\\/\"},{\"@type\":\"ListItem\",\"position\":2,\"name\":\"Produits\",\"item\":\"https:\\\/\\\/labemacosmetics.com\\\/shop\\\/\"},{\"@type\":\"ListItem\",\"position\":3,\"name\":\"Garnier Skinactive Solution Micellaire &#8211; Mini\"}]},{\"@type\":\"WebSite\",\"@id\":\"https:\\\/\\\/labemacosmetics.com\\\/#website\",\"url\":\"https:\\\/\\\/labemacosmetics.com\\\/\",\"name\":\"Lab&eacute;ma Cosmetics\",\"description\":\"\",\"potentialAction\":[{\"@type\":\"SearchAction\",\"target\":{\"@type\":\"EntryPoint\",\"urlTemplate\":\"https:\\\/\\\/labemacosmetics.com\\\/?s={search_term_string}\"},\"query-input\":{\"@type\":\"PropertyValueSpecification\",\"valueRequired\":true,\"valueName\":\"search_term_string\"}}],\"inLanguage\":\"en-GB\"}]}<\/script>\n<meta property=\"product:brand\" content=\"Garnier\" \/>\n<meta property=\"product:price:amount\" content=\"3000\" \/>\n<meta property=\"product:price:currency\" content=\"XOF\" \/>\n<meta property=\"og:availability\" content=\"instock\" \/>\n<meta property=\"product:availability\" content=\"instock\" \/>\n<meta property=\"product:condition\" content=\"new\" \/>\n<!-- \/ Yoast SEO Premium plugin. -->","yoast_head_json":{"title":"Garnier Skinactive Solution Micellaire - Mini - Lab&eacute;ma Cosmetics","robots":{"index":"index","follow":"follow","max-snippet":"max-snippet:-1","max-image-preview":"max-image-preview:large","max-video-preview":"max-video-preview:-1"},"canonical":"https:\/\/labemacosmetics.com\/en\/product\/garnier-skinactive-solution-micellaire-mini\/","og_locale":"en_GB","og_type":"article","og_title":"Garnier Skinactive Solution Micellaire - Mini","og_description":"Pour un d\u00e9maquillage facile et efficace o\u00f9 que vous soyez, le format de cette eau nettoyante micellaire d\u00e9maquille et apaise les peaux sensibles en un seul geste. Elle d\u00e9maquille le visage, les yeux et les l\u00e8vres sans m\u00eame avoir besoin de frotter, ni de rincer, et convient \u00e0 toutes les peaux, m\u00eame les plus sensibles.","og_url":"https:\/\/labemacosmetics.com\/en\/product\/garnier-skinactive-solution-micellaire-mini\/","og_site_name":"Lab&eacute;ma Cosmetics","article_publisher":"http:\/\/www.facebook.com\/labemacosmetics","article_modified_time":"2023-05-21T11:43:28+00:00","og_image":[{"width":800,"height":800,"url":"https:\/\/labemacosmetics.com\/wp-content\/uploads\/2020\/12\/Garnier-Skinactive-Solution-Micellaire-Mini.jpg","type":"image\/jpeg"}],"twitter_card":"summary_large_image","twitter_site":"@Labemasn","twitter_misc":{"Price":"3 000&nbsp;CFA","Availability":"In stock"},"schema":{"@context":"https:\/\/schema.org","@graph":[{"@type":"WebPage","@id":"https:\/\/labemacosmetics.com\/produit\/garnier-skinactive-solution-micellaire-mini\/","url":"https:\/\/labemacosmetics.com\/produit\/garnier-skinactive-solution-micellaire-mini\/","name":"Garnier Skinactive Solution Micellaire - Mini - Lab&eacute;ma Cosmetics","isPartOf":{"@id":"https:\/\/labemacosmetics.com\/#website"},"primaryImageOfPage":{"@id":"https:\/\/labemacosmetics.com\/produit\/garnier-skinactive-solution-micellaire-mini\/#primaryimage"},"image":{"@id":"https:\/\/labemacosmetics.com\/produit\/garnier-skinactive-solution-micellaire-mini\/#primaryimage"},"thumbnailUrl":"https:\/\/labemacosmetics.com\/wp-content\/uploads\/2020\/12\/Garnier-Skinactive-Solution-Micellaire-Mini.jpg","datePublished":"2020-12-18T20:01:03+00:00","dateModified":"2023-05-21T11:43:28+00:00","breadcrumb":{"@id":"https:\/\/labemacosmetics.com\/produit\/garnier-skinactive-solution-micellaire-mini\/#breadcrumb"},"inLanguage":"en-GB","potentialAction":[{"@type":"ReadAction","target":["https:\/\/labemacosmetics.com\/produit\/garnier-skinactive-solution-micellaire-mini\/"]}]},{"@type":"ImageObject","inLanguage":"en-GB","@id":"https:\/\/labemacosmetics.com\/produit\/garnier-skinactive-solution-micellaire-mini\/#primaryimage","url":"https:\/\/labemacosmetics.com\/wp-content\/uploads\/2020\/12\/Garnier-Skinactive-Solution-Micellaire-Mini.jpg","contentUrl":"https:\/\/labemacosmetics.com\/wp-content\/uploads\/2020\/12\/Garnier-Skinactive-Solution-Micellaire-Mini.jpg","width":800,"height":800},{"@type":"BreadcrumbList","@id":"https:\/\/labemacosmetics.com\/produit\/garnier-skinactive-solution-micellaire-mini\/#breadcrumb","itemListElement":[{"@type":"ListItem","position":1,"name":"Accueil","item":"https:\/\/labemacosmetics.com\/"},{"@type":"ListItem","position":2,"name":"Produits","item":"https:\/\/labemacosmetics.com\/shop\/"},{"@type":"ListItem","position":3,"name":"Garnier Skinactive Solution Micellaire &#8211; Mini"}]},{"@type":"WebSite","@id":"https:\/\/labemacosmetics.com\/#website","url":"https:\/\/labemacosmetics.com\/","name":"Lab&eacute;ma Cosmetics","description":"","potentialAction":[{"@type":"SearchAction","target":{"@type":"EntryPoint","urlTemplate":"https:\/\/labemacosmetics.com\/?s={search_term_string}"},"query-input":{"@type":"PropertyValueSpecification","valueRequired":true,"valueName":"search_term_string"}}],"inLanguage":"en-GB"}]},"product_brand":"Garnier","product_price_amount":"3000","product_price_currency":"XOF","og_availability":"instock","product_availability":"instock","product_condition":"new"},"_links":{"self":[{"href":"https:\/\/labemacosmetics.com\/en\/wp-json\/wp\/v2\/product\/6479","targetHints":{"allow":["GET"]}}],"collection":[{"href":"https:\/\/labemacosmetics.com\/en\/wp-json\/wp\/v2\/product"}],"about":[{"href":"https:\/\/labemacosmetics.com\/en\/wp-json\/wp\/v2\/types\/product"}],"replies":[{"embeddable":true,"href":"https:\/\/labemacosmetics.com\/en\/wp-json\/wp\/v2\/comments?post=6479"}],"version-history":[{"count":0,"href":"https:\/\/labemacosmetics.com\/en\/wp-json\/wp\/v2\/product\/6479\/revisions"}],"wp:featuredmedia":[{"embeddable":true,"href":"https:\/\/labemacosmetics.com\/en\/wp-json\/wp\/v2\/media\/6480"}],"wp:attachment":[{"href":"https:\/\/labemacosmetics.com\/en\/wp-json\/wp\/v2\/media?parent=6479"}],"wp:term":[{"taxonomy":"product_brand","embeddable":true,"href":"https:\/\/labemacosmetics.com\/en\/wp-json\/wp\/v2\/product_brand?post=6479"},{"taxonomy":"product_cat","embeddable":true,"href":"https:\/\/labemacosmetics.com\/en\/wp-json\/wp\/v2\/product_cat?post=6479"},{"taxonomy":"product_tag","embeddable":true,"href":"https:\/\/labemacosmetics.com\/en\/wp-json\/wp\/v2\/product_tag?post=6479"}],"curies":[{"name":"wp","href":"https:\/\/api.w.org\/{rel}","templated":true}]}}