{"id":6477,"date":"2020-12-18T20:46:44","date_gmt":"2020-12-18T19:46:44","guid":{"rendered":"https:\/\/www.labemacosmetics.com\/?post_type=product&#038;p=6477"},"modified":"2023-05-21T12:46:54","modified_gmt":"2023-05-21T11:46:54","slug":"bronze-and-highlight","status":"publish","type":"product","link":"https:\/\/labemacosmetics.com\/en\/product\/bronze-and-highlight\/","title":{"rendered":"MAX AND MORE Bronze and highlight"},"content":{"rendered":"<h6><span style=\"font-size: 14pt;\">Description Bronze and highlight\u00a0<\/span><\/h6>\n<p>Le contouring et la mise en \u00e9vidence sont des moyens de plus en plus populaires pour ajouter une d\u00e9finition subtile \u00e0 votre visage, en mettant l&rsquo;accent sur certaines zones du visage comme les pommettes, les plis des yeux ou le nez.\u00a0Bien que cela ne soit pas n\u00e9cessairement aussi visible que les autres \u00e9l\u00e9ments de maquillage, les structures que vous mettez en \u00e9vidence le seront.\u00a0Peu importe la teinte ou le type de peau que vous avez, nos options de contour et de surligneur vous permettront d&rsquo;ajouter magnifiquement cette couche suppl\u00e9mentaire de richesse \u00e0 votre maquillage.\u00a0Nous offrons les meilleures palettes et b\u00e2tons de contour et de surlignage pour les femmes de toutes les couleurs!<\/p>","protected":false},"excerpt":{"rendered":"<p>Le contouring et la mise en \u00e9vidence sont des moyens de plus en plus populaires pour ajouter une d\u00e9finition subtile \u00e0 votre visage, en mettant l&rsquo;accent sur certaines zones du visage comme les pommettes, les plis des yeux ou le nez.\u00a0Bien que cela ne soit pas n\u00e9cessairement aussi visible que les autres \u00e9l\u00e9ments de maquillage, les structures que vous mettez en \u00e9vidence le seront.<\/p>","protected":false},"featured_media":6478,"comment_status":"open","ping_status":"closed","template":"","meta":{"om_disable_all_campaigns":false,"_mi_skip_tracking":false,"_monsterinsights_sitenote_active":false,"_monsterinsights_sitenote_note":"","_monsterinsights_sitenote_category":0},"product_brand":[],"product_cat":[127,1749,103,108],"product_tag":[],"class_list":{"0":"post-6477","1":"product","2":"type-product","3":"status-publish","4":"has-post-thumbnail","6":"product_cat-boutique","7":"product_cat-contouring","8":"product_cat-maquillage","9":"product_cat-teint","10":"yith_product_brand-maxmore","12":"first","13":"outofstock","14":"shipping-taxable","15":"purchasable","16":"product-type-simple"},"yoast_head":"<!-- This site is optimized with the Yoast SEO Premium plugin v20.8 (Yoast SEO v27.4) - https:\/\/yoast.com\/product\/yoast-seo-premium-wordpress\/ -->\n<title>MAX AND MORE Bronze and highlight - Lab&eacute;ma Cosmetics<\/title>\n<meta name=\"robots\" content=\"index, follow, max-snippet:-1, max-image-preview:large, max-video-preview:-1\" \/>\n<link rel=\"canonical\" href=\"https:\/\/labemacosmetics.com\/en\/product\/bronze-and-highlight\/\" \/>\n<meta property=\"og:locale\" content=\"en_GB\" \/>\n<meta property=\"og:type\" content=\"article\" \/>\n<meta property=\"og:title\" content=\"MAX AND MORE Bronze and highlight\" \/>\n<meta property=\"og:description\" content=\"Le contouring et la mise en \u00e9vidence sont des moyens de plus en plus populaires pour ajouter une d\u00e9finition subtile \u00e0 votre visage, en mettant l&#039;accent sur certaines zones du visage comme les pommettes, les plis des yeux ou le nez.\u00a0Bien que cela ne soit pas n\u00e9cessairement aussi visible que les autres \u00e9l\u00e9ments de maquillage, les structures que vous mettez en \u00e9vidence le seront.\" \/>\n<meta property=\"og:url\" content=\"https:\/\/labemacosmetics.com\/en\/product\/bronze-and-highlight\/\" \/>\n<meta property=\"og:site_name\" content=\"Lab&eacute;ma Cosmetics\" \/>\n<meta property=\"article:publisher\" content=\"http:\/\/www.facebook.com\/labemacosmetics\" \/>\n<meta property=\"article:modified_time\" content=\"2023-05-21T11:46:54+00:00\" \/>\n<meta property=\"og:image\" content=\"https:\/\/labemacosmetics.com\/wp-content\/uploads\/2020\/12\/Bronze-and-highlight.png\" \/>\n\t<meta property=\"og:image:width\" content=\"1500\" \/>\n\t<meta property=\"og:image:height\" content=\"1500\" \/>\n\t<meta property=\"og:image:type\" content=\"image\/png\" \/>\n<meta name=\"twitter:card\" content=\"summary_large_image\" \/>\n<meta name=\"twitter:site\" content=\"@Labemasn\" \/>\n<meta name=\"twitter:label1\" content=\"Price\" \/>\n\t<meta name=\"twitter:data1\" content=\"2 500&nbsp;CFA\" \/>\n\t<meta name=\"twitter:label2\" content=\"Availability\" \/>\n\t<meta name=\"twitter:data2\" content=\"Out of stock\" \/>\n<script type=\"application\/ld+json\" class=\"yoast-schema-graph\">{\"@context\":\"https:\\\/\\\/schema.org\",\"@graph\":[{\"@type\":\"WebPage\",\"@id\":\"https:\\\/\\\/labemacosmetics.com\\\/produit\\\/bronze-and-highlight\\\/\",\"url\":\"https:\\\/\\\/labemacosmetics.com\\\/produit\\\/bronze-and-highlight\\\/\",\"name\":\"MAX AND MORE Bronze and highlight - Lab&eacute;ma Cosmetics\",\"isPartOf\":{\"@id\":\"https:\\\/\\\/labemacosmetics.com\\\/#website\"},\"primaryImageOfPage\":{\"@id\":\"https:\\\/\\\/labemacosmetics.com\\\/produit\\\/bronze-and-highlight\\\/#primaryimage\"},\"image\":{\"@id\":\"https:\\\/\\\/labemacosmetics.com\\\/produit\\\/bronze-and-highlight\\\/#primaryimage\"},\"thumbnailUrl\":\"https:\\\/\\\/labemacosmetics.com\\\/wp-content\\\/uploads\\\/2020\\\/12\\\/Bronze-and-highlight.png\",\"datePublished\":\"2020-12-18T19:46:44+00:00\",\"dateModified\":\"2023-05-21T11:46:54+00:00\",\"breadcrumb\":{\"@id\":\"https:\\\/\\\/labemacosmetics.com\\\/produit\\\/bronze-and-highlight\\\/#breadcrumb\"},\"inLanguage\":\"en-GB\",\"potentialAction\":[{\"@type\":\"ReadAction\",\"target\":[\"https:\\\/\\\/labemacosmetics.com\\\/produit\\\/bronze-and-highlight\\\/\"]}]},{\"@type\":\"ImageObject\",\"inLanguage\":\"en-GB\",\"@id\":\"https:\\\/\\\/labemacosmetics.com\\\/produit\\\/bronze-and-highlight\\\/#primaryimage\",\"url\":\"https:\\\/\\\/labemacosmetics.com\\\/wp-content\\\/uploads\\\/2020\\\/12\\\/Bronze-and-highlight.png\",\"contentUrl\":\"https:\\\/\\\/labemacosmetics.com\\\/wp-content\\\/uploads\\\/2020\\\/12\\\/Bronze-and-highlight.png\",\"width\":1500,\"height\":1500},{\"@type\":\"BreadcrumbList\",\"@id\":\"https:\\\/\\\/labemacosmetics.com\\\/produit\\\/bronze-and-highlight\\\/#breadcrumb\",\"itemListElement\":[{\"@type\":\"ListItem\",\"position\":1,\"name\":\"Accueil\",\"item\":\"https:\\\/\\\/labemacosmetics.com\\\/\"},{\"@type\":\"ListItem\",\"position\":2,\"name\":\"Produits\",\"item\":\"https:\\\/\\\/labemacosmetics.com\\\/shop\\\/\"},{\"@type\":\"ListItem\",\"position\":3,\"name\":\"MAX AND MORE Bronze and highlight\"}]},{\"@type\":\"WebSite\",\"@id\":\"https:\\\/\\\/labemacosmetics.com\\\/#website\",\"url\":\"https:\\\/\\\/labemacosmetics.com\\\/\",\"name\":\"Lab&eacute;ma Cosmetics\",\"description\":\"\",\"potentialAction\":[{\"@type\":\"SearchAction\",\"target\":{\"@type\":\"EntryPoint\",\"urlTemplate\":\"https:\\\/\\\/labemacosmetics.com\\\/?s={search_term_string}\"},\"query-input\":{\"@type\":\"PropertyValueSpecification\",\"valueRequired\":true,\"valueName\":\"search_term_string\"}}],\"inLanguage\":\"en-GB\"}]}<\/script>\n<meta property=\"product:brand\" content=\"max&amp;more\" \/>\n<meta property=\"product:price:amount\" content=\"2500\" \/>\n<meta property=\"product:price:currency\" content=\"XOF\" \/>\n<meta property=\"og:availability\" content=\"out of stock\" \/>\n<meta property=\"product:availability\" content=\"out of stock\" \/>\n<meta property=\"product:condition\" content=\"new\" \/>\n<!-- \/ Yoast SEO Premium plugin. -->","yoast_head_json":{"title":"MAX AND MORE Bronze and highlight - Lab&eacute;ma Cosmetics","robots":{"index":"index","follow":"follow","max-snippet":"max-snippet:-1","max-image-preview":"max-image-preview:large","max-video-preview":"max-video-preview:-1"},"canonical":"https:\/\/labemacosmetics.com\/en\/product\/bronze-and-highlight\/","og_locale":"en_GB","og_type":"article","og_title":"MAX AND MORE Bronze and highlight","og_description":"Le contouring et la mise en \u00e9vidence sont des moyens de plus en plus populaires pour ajouter une d\u00e9finition subtile \u00e0 votre visage, en mettant l'accent sur certaines zones du visage comme les pommettes, les plis des yeux ou le nez.\u00a0Bien que cela ne soit pas n\u00e9cessairement aussi visible que les autres \u00e9l\u00e9ments de maquillage, les structures que vous mettez en \u00e9vidence le seront.","og_url":"https:\/\/labemacosmetics.com\/en\/product\/bronze-and-highlight\/","og_site_name":"Lab&eacute;ma Cosmetics","article_publisher":"http:\/\/www.facebook.com\/labemacosmetics","article_modified_time":"2023-05-21T11:46:54+00:00","og_image":[{"width":1500,"height":1500,"url":"https:\/\/labemacosmetics.com\/wp-content\/uploads\/2020\/12\/Bronze-and-highlight.png","type":"image\/png"}],"twitter_card":"summary_large_image","twitter_site":"@Labemasn","twitter_misc":{"Price":"2 500&nbsp;CFA","Availability":"Out of stock"},"schema":{"@context":"https:\/\/schema.org","@graph":[{"@type":"WebPage","@id":"https:\/\/labemacosmetics.com\/produit\/bronze-and-highlight\/","url":"https:\/\/labemacosmetics.com\/produit\/bronze-and-highlight\/","name":"MAX AND MORE Bronze and highlight - Lab&eacute;ma Cosmetics","isPartOf":{"@id":"https:\/\/labemacosmetics.com\/#website"},"primaryImageOfPage":{"@id":"https:\/\/labemacosmetics.com\/produit\/bronze-and-highlight\/#primaryimage"},"image":{"@id":"https:\/\/labemacosmetics.com\/produit\/bronze-and-highlight\/#primaryimage"},"thumbnailUrl":"https:\/\/labemacosmetics.com\/wp-content\/uploads\/2020\/12\/Bronze-and-highlight.png","datePublished":"2020-12-18T19:46:44+00:00","dateModified":"2023-05-21T11:46:54+00:00","breadcrumb":{"@id":"https:\/\/labemacosmetics.com\/produit\/bronze-and-highlight\/#breadcrumb"},"inLanguage":"en-GB","potentialAction":[{"@type":"ReadAction","target":["https:\/\/labemacosmetics.com\/produit\/bronze-and-highlight\/"]}]},{"@type":"ImageObject","inLanguage":"en-GB","@id":"https:\/\/labemacosmetics.com\/produit\/bronze-and-highlight\/#primaryimage","url":"https:\/\/labemacosmetics.com\/wp-content\/uploads\/2020\/12\/Bronze-and-highlight.png","contentUrl":"https:\/\/labemacosmetics.com\/wp-content\/uploads\/2020\/12\/Bronze-and-highlight.png","width":1500,"height":1500},{"@type":"BreadcrumbList","@id":"https:\/\/labemacosmetics.com\/produit\/bronze-and-highlight\/#breadcrumb","itemListElement":[{"@type":"ListItem","position":1,"name":"Accueil","item":"https:\/\/labemacosmetics.com\/"},{"@type":"ListItem","position":2,"name":"Produits","item":"https:\/\/labemacosmetics.com\/shop\/"},{"@type":"ListItem","position":3,"name":"MAX AND MORE Bronze and highlight"}]},{"@type":"WebSite","@id":"https:\/\/labemacosmetics.com\/#website","url":"https:\/\/labemacosmetics.com\/","name":"Lab&eacute;ma Cosmetics","description":"","potentialAction":[{"@type":"SearchAction","target":{"@type":"EntryPoint","urlTemplate":"https:\/\/labemacosmetics.com\/?s={search_term_string}"},"query-input":{"@type":"PropertyValueSpecification","valueRequired":true,"valueName":"search_term_string"}}],"inLanguage":"en-GB"}]},"product_brand":"max&amp;more","product_price_amount":"2500","product_price_currency":"XOF","og_availability":"out of stock","product_availability":"out of stock","product_condition":"new"},"_links":{"self":[{"href":"https:\/\/labemacosmetics.com\/en\/wp-json\/wp\/v2\/product\/6477","targetHints":{"allow":["GET"]}}],"collection":[{"href":"https:\/\/labemacosmetics.com\/en\/wp-json\/wp\/v2\/product"}],"about":[{"href":"https:\/\/labemacosmetics.com\/en\/wp-json\/wp\/v2\/types\/product"}],"replies":[{"embeddable":true,"href":"https:\/\/labemacosmetics.com\/en\/wp-json\/wp\/v2\/comments?post=6477"}],"version-history":[{"count":0,"href":"https:\/\/labemacosmetics.com\/en\/wp-json\/wp\/v2\/product\/6477\/revisions"}],"wp:featuredmedia":[{"embeddable":true,"href":"https:\/\/labemacosmetics.com\/en\/wp-json\/wp\/v2\/media\/6478"}],"wp:attachment":[{"href":"https:\/\/labemacosmetics.com\/en\/wp-json\/wp\/v2\/media?parent=6477"}],"wp:term":[{"taxonomy":"product_brand","embeddable":true,"href":"https:\/\/labemacosmetics.com\/en\/wp-json\/wp\/v2\/product_brand?post=6477"},{"taxonomy":"product_cat","embeddable":true,"href":"https:\/\/labemacosmetics.com\/en\/wp-json\/wp\/v2\/product_cat?post=6477"},{"taxonomy":"product_tag","embeddable":true,"href":"https:\/\/labemacosmetics.com\/en\/wp-json\/wp\/v2\/product_tag?post=6477"}],"curies":[{"name":"wp","href":"https:\/\/api.w.org\/{rel}","templated":true}]}}