{"id":6473,"date":"2020-12-18T20:10:13","date_gmt":"2020-12-18T19:10:13","guid":{"rendered":"https:\/\/www.labemacosmetics.com\/?post_type=product&#038;p=6473"},"modified":"2023-05-21T12:45:50","modified_gmt":"2023-05-21T11:45:50","slug":"lip-liner-rusty-rose","status":"publish","type":"product","link":"https:\/\/labemacosmetics.com\/en\/product\/lip-liner-rusty-rose\/","title":{"rendered":"MAX AND MORE Crayon \u00e0 L\u00e8vres Rusty Rose"},"content":{"rendered":"<p>Un syst\u00e8me super facile o\u00f9 vous pouvez remonter le crayon \u00e0 l\u00e8vres.\u00a0Le crayon \u00e0 l\u00e8vres glisse sur vos l\u00e8vres gr\u00e2ce \u00e0 la texture \u00abcr\u00e9meuse\u00bb mais fournit toujours une belle base mate.\u00a0Une couleur intense et une application pr\u00e9cise sont ce que vous obtenez avec ce produit.<\/p>","protected":false},"excerpt":{"rendered":"<h6><\/h6>\n<p>Un syst\u00e8me super facile o\u00f9 vous pouvez remonter le crayon \u00e0 l\u00e8vres.\u00a0Le crayon \u00e0 l\u00e8vres glisse sur vos l\u00e8vres gr\u00e2ce \u00e0 la texture \u00abcr\u00e9meuse\u00bb mais fournit toujours une belle base mate.\u00a0Une couleur intense et une application pr\u00e9cise sont ce que vous obtenez avec ce produit.<\/p>","protected":false},"featured_media":6474,"comment_status":"open","ping_status":"closed","template":"","meta":{"om_disable_all_campaigns":false,"_mi_skip_tracking":false,"_monsterinsights_sitenote_active":false,"_monsterinsights_sitenote_note":"","_monsterinsights_sitenote_category":0},"product_brand":[],"product_cat":[127,121,110,103],"product_tag":[],"class_list":{"0":"post-6473","1":"product","2":"type-product","3":"status-publish","4":"has-post-thumbnail","6":"product_cat-boutique","7":"product_cat-crayon-levres","8":"product_cat-levres","9":"product_cat-maquillage","10":"yith_product_brand-maxmore","12":"first","13":"instock","14":"shipping-taxable","15":"purchasable","16":"product-type-simple"},"yoast_head":"<!-- This site is optimized with the Yoast SEO Premium plugin v20.8 (Yoast SEO v27.4) - https:\/\/yoast.com\/product\/yoast-seo-premium-wordpress\/ -->\n<title>MAX AND MORE Crayon \u00e0 L\u00e8vres Rusty Rose - Lab&eacute;ma Cosmetics<\/title>\n<meta name=\"robots\" content=\"index, follow, max-snippet:-1, max-image-preview:large, max-video-preview:-1\" \/>\n<link rel=\"canonical\" href=\"https:\/\/labemacosmetics.com\/en\/product\/lip-liner-rusty-rose\/\" \/>\n<meta property=\"og:locale\" content=\"en_GB\" \/>\n<meta property=\"og:type\" content=\"article\" \/>\n<meta property=\"og:title\" content=\"MAX AND MORE Crayon \u00e0 L\u00e8vres Rusty Rose\" \/>\n<meta property=\"og:description\" content=\"Un syst\u00e8me super facile o\u00f9 vous pouvez remonter le crayon \u00e0 l\u00e8vres.\u00a0Le crayon \u00e0 l\u00e8vres glisse sur vos l\u00e8vres gr\u00e2ce \u00e0 la texture \u00abcr\u00e9meuse\u00bb mais fournit toujours une belle base mate.\u00a0Une couleur intense et une application pr\u00e9cise sont ce que vous obtenez avec ce produit.\" \/>\n<meta property=\"og:url\" content=\"https:\/\/labemacosmetics.com\/en\/product\/lip-liner-rusty-rose\/\" \/>\n<meta property=\"og:site_name\" content=\"Lab&eacute;ma Cosmetics\" \/>\n<meta property=\"article:publisher\" content=\"http:\/\/www.facebook.com\/labemacosmetics\" \/>\n<meta property=\"article:modified_time\" content=\"2023-05-21T11:45:50+00:00\" \/>\n<meta property=\"og:image\" content=\"https:\/\/labemacosmetics.com\/wp-content\/uploads\/2020\/12\/Lip-liner-rusty-rose.jpeg\" \/>\n\t<meta property=\"og:image:width\" content=\"500\" \/>\n\t<meta property=\"og:image:height\" content=\"500\" \/>\n\t<meta property=\"og:image:type\" content=\"image\/jpeg\" \/>\n<meta name=\"twitter:card\" content=\"summary_large_image\" \/>\n<meta name=\"twitter:site\" content=\"@Labemasn\" \/>\n<meta name=\"twitter:label1\" content=\"Price\" \/>\n\t<meta name=\"twitter:data1\" content=\"2 500&nbsp;CFA\" \/>\n\t<meta name=\"twitter:label2\" content=\"Availability\" \/>\n\t<meta name=\"twitter:data2\" content=\"In stock\" \/>\n<script type=\"application\/ld+json\" class=\"yoast-schema-graph\">{\"@context\":\"https:\\\/\\\/schema.org\",\"@graph\":[{\"@type\":\"WebPage\",\"@id\":\"https:\\\/\\\/labemacosmetics.com\\\/produit\\\/lip-liner-rusty-rose\\\/\",\"url\":\"https:\\\/\\\/labemacosmetics.com\\\/produit\\\/lip-liner-rusty-rose\\\/\",\"name\":\"MAX AND MORE Crayon \u00e0 L\u00e8vres Rusty Rose - Lab&eacute;ma Cosmetics\",\"isPartOf\":{\"@id\":\"https:\\\/\\\/labemacosmetics.com\\\/#website\"},\"primaryImageOfPage\":{\"@id\":\"https:\\\/\\\/labemacosmetics.com\\\/produit\\\/lip-liner-rusty-rose\\\/#primaryimage\"},\"image\":{\"@id\":\"https:\\\/\\\/labemacosmetics.com\\\/produit\\\/lip-liner-rusty-rose\\\/#primaryimage\"},\"thumbnailUrl\":\"https:\\\/\\\/labemacosmetics.com\\\/wp-content\\\/uploads\\\/2020\\\/12\\\/Lip-liner-rusty-rose.jpeg\",\"datePublished\":\"2020-12-18T19:10:13+00:00\",\"dateModified\":\"2023-05-21T11:45:50+00:00\",\"breadcrumb\":{\"@id\":\"https:\\\/\\\/labemacosmetics.com\\\/produit\\\/lip-liner-rusty-rose\\\/#breadcrumb\"},\"inLanguage\":\"en-GB\",\"potentialAction\":[{\"@type\":\"ReadAction\",\"target\":[\"https:\\\/\\\/labemacosmetics.com\\\/produit\\\/lip-liner-rusty-rose\\\/\"]}]},{\"@type\":\"ImageObject\",\"inLanguage\":\"en-GB\",\"@id\":\"https:\\\/\\\/labemacosmetics.com\\\/produit\\\/lip-liner-rusty-rose\\\/#primaryimage\",\"url\":\"https:\\\/\\\/labemacosmetics.com\\\/wp-content\\\/uploads\\\/2020\\\/12\\\/Lip-liner-rusty-rose.jpeg\",\"contentUrl\":\"https:\\\/\\\/labemacosmetics.com\\\/wp-content\\\/uploads\\\/2020\\\/12\\\/Lip-liner-rusty-rose.jpeg\",\"width\":500,\"height\":500},{\"@type\":\"BreadcrumbList\",\"@id\":\"https:\\\/\\\/labemacosmetics.com\\\/produit\\\/lip-liner-rusty-rose\\\/#breadcrumb\",\"itemListElement\":[{\"@type\":\"ListItem\",\"position\":1,\"name\":\"Accueil\",\"item\":\"https:\\\/\\\/labemacosmetics.com\\\/\"},{\"@type\":\"ListItem\",\"position\":2,\"name\":\"Produits\",\"item\":\"https:\\\/\\\/labemacosmetics.com\\\/shop\\\/\"},{\"@type\":\"ListItem\",\"position\":3,\"name\":\"MAX AND MORE Crayon \u00e0 L\u00e8vres Rusty Rose\"}]},{\"@type\":\"WebSite\",\"@id\":\"https:\\\/\\\/labemacosmetics.com\\\/#website\",\"url\":\"https:\\\/\\\/labemacosmetics.com\\\/\",\"name\":\"Lab&eacute;ma Cosmetics\",\"description\":\"\",\"potentialAction\":[{\"@type\":\"SearchAction\",\"target\":{\"@type\":\"EntryPoint\",\"urlTemplate\":\"https:\\\/\\\/labemacosmetics.com\\\/?s={search_term_string}\"},\"query-input\":{\"@type\":\"PropertyValueSpecification\",\"valueRequired\":true,\"valueName\":\"search_term_string\"}}],\"inLanguage\":\"en-GB\"}]}<\/script>\n<meta property=\"product:brand\" content=\"max&amp;more\" \/>\n<meta property=\"product:price:amount\" content=\"2500\" \/>\n<meta property=\"product:price:currency\" content=\"XOF\" \/>\n<meta property=\"og:availability\" content=\"instock\" \/>\n<meta property=\"product:availability\" content=\"instock\" \/>\n<meta property=\"product:condition\" content=\"new\" \/>\n<!-- \/ Yoast SEO Premium plugin. -->","yoast_head_json":{"title":"MAX AND MORE Crayon \u00e0 L\u00e8vres Rusty Rose - Lab&eacute;ma Cosmetics","robots":{"index":"index","follow":"follow","max-snippet":"max-snippet:-1","max-image-preview":"max-image-preview:large","max-video-preview":"max-video-preview:-1"},"canonical":"https:\/\/labemacosmetics.com\/en\/product\/lip-liner-rusty-rose\/","og_locale":"en_GB","og_type":"article","og_title":"MAX AND MORE Crayon \u00e0 L\u00e8vres Rusty Rose","og_description":"Un syst\u00e8me super facile o\u00f9 vous pouvez remonter le crayon \u00e0 l\u00e8vres.\u00a0Le crayon \u00e0 l\u00e8vres glisse sur vos l\u00e8vres gr\u00e2ce \u00e0 la texture \u00abcr\u00e9meuse\u00bb mais fournit toujours une belle base mate.\u00a0Une couleur intense et une application pr\u00e9cise sont ce que vous obtenez avec ce produit.","og_url":"https:\/\/labemacosmetics.com\/en\/product\/lip-liner-rusty-rose\/","og_site_name":"Lab&eacute;ma Cosmetics","article_publisher":"http:\/\/www.facebook.com\/labemacosmetics","article_modified_time":"2023-05-21T11:45:50+00:00","og_image":[{"width":500,"height":500,"url":"https:\/\/labemacosmetics.com\/wp-content\/uploads\/2020\/12\/Lip-liner-rusty-rose.jpeg","type":"image\/jpeg"}],"twitter_card":"summary_large_image","twitter_site":"@Labemasn","twitter_misc":{"Price":"2 500&nbsp;CFA","Availability":"In stock"},"schema":{"@context":"https:\/\/schema.org","@graph":[{"@type":"WebPage","@id":"https:\/\/labemacosmetics.com\/produit\/lip-liner-rusty-rose\/","url":"https:\/\/labemacosmetics.com\/produit\/lip-liner-rusty-rose\/","name":"MAX AND MORE Crayon \u00e0 L\u00e8vres Rusty Rose - Lab&eacute;ma Cosmetics","isPartOf":{"@id":"https:\/\/labemacosmetics.com\/#website"},"primaryImageOfPage":{"@id":"https:\/\/labemacosmetics.com\/produit\/lip-liner-rusty-rose\/#primaryimage"},"image":{"@id":"https:\/\/labemacosmetics.com\/produit\/lip-liner-rusty-rose\/#primaryimage"},"thumbnailUrl":"https:\/\/labemacosmetics.com\/wp-content\/uploads\/2020\/12\/Lip-liner-rusty-rose.jpeg","datePublished":"2020-12-18T19:10:13+00:00","dateModified":"2023-05-21T11:45:50+00:00","breadcrumb":{"@id":"https:\/\/labemacosmetics.com\/produit\/lip-liner-rusty-rose\/#breadcrumb"},"inLanguage":"en-GB","potentialAction":[{"@type":"ReadAction","target":["https:\/\/labemacosmetics.com\/produit\/lip-liner-rusty-rose\/"]}]},{"@type":"ImageObject","inLanguage":"en-GB","@id":"https:\/\/labemacosmetics.com\/produit\/lip-liner-rusty-rose\/#primaryimage","url":"https:\/\/labemacosmetics.com\/wp-content\/uploads\/2020\/12\/Lip-liner-rusty-rose.jpeg","contentUrl":"https:\/\/labemacosmetics.com\/wp-content\/uploads\/2020\/12\/Lip-liner-rusty-rose.jpeg","width":500,"height":500},{"@type":"BreadcrumbList","@id":"https:\/\/labemacosmetics.com\/produit\/lip-liner-rusty-rose\/#breadcrumb","itemListElement":[{"@type":"ListItem","position":1,"name":"Accueil","item":"https:\/\/labemacosmetics.com\/"},{"@type":"ListItem","position":2,"name":"Produits","item":"https:\/\/labemacosmetics.com\/shop\/"},{"@type":"ListItem","position":3,"name":"MAX AND MORE Crayon \u00e0 L\u00e8vres Rusty Rose"}]},{"@type":"WebSite","@id":"https:\/\/labemacosmetics.com\/#website","url":"https:\/\/labemacosmetics.com\/","name":"Lab&eacute;ma Cosmetics","description":"","potentialAction":[{"@type":"SearchAction","target":{"@type":"EntryPoint","urlTemplate":"https:\/\/labemacosmetics.com\/?s={search_term_string}"},"query-input":{"@type":"PropertyValueSpecification","valueRequired":true,"valueName":"search_term_string"}}],"inLanguage":"en-GB"}]},"product_brand":"max&amp;more","product_price_amount":"2500","product_price_currency":"XOF","og_availability":"instock","product_availability":"instock","product_condition":"new"},"_links":{"self":[{"href":"https:\/\/labemacosmetics.com\/en\/wp-json\/wp\/v2\/product\/6473","targetHints":{"allow":["GET"]}}],"collection":[{"href":"https:\/\/labemacosmetics.com\/en\/wp-json\/wp\/v2\/product"}],"about":[{"href":"https:\/\/labemacosmetics.com\/en\/wp-json\/wp\/v2\/types\/product"}],"replies":[{"embeddable":true,"href":"https:\/\/labemacosmetics.com\/en\/wp-json\/wp\/v2\/comments?post=6473"}],"version-history":[{"count":0,"href":"https:\/\/labemacosmetics.com\/en\/wp-json\/wp\/v2\/product\/6473\/revisions"}],"wp:featuredmedia":[{"embeddable":true,"href":"https:\/\/labemacosmetics.com\/en\/wp-json\/wp\/v2\/media\/6474"}],"wp:attachment":[{"href":"https:\/\/labemacosmetics.com\/en\/wp-json\/wp\/v2\/media?parent=6473"}],"wp:term":[{"taxonomy":"product_brand","embeddable":true,"href":"https:\/\/labemacosmetics.com\/en\/wp-json\/wp\/v2\/product_brand?post=6473"},{"taxonomy":"product_cat","embeddable":true,"href":"https:\/\/labemacosmetics.com\/en\/wp-json\/wp\/v2\/product_cat?post=6473"},{"taxonomy":"product_tag","embeddable":true,"href":"https:\/\/labemacosmetics.com\/en\/wp-json\/wp\/v2\/product_tag?post=6473"}],"curies":[{"name":"wp","href":"https:\/\/api.w.org\/{rel}","templated":true}]}}