{"id":6464,"date":"2022-10-04T16:58:53","date_gmt":"2022-10-04T15:58:53","guid":{"rendered":"https:\/\/www.labemacosmetics.com\/?post_type=product&#038;p=6464"},"modified":"2023-06-05T20:56:52","modified_gmt":"2023-06-05T19:56:52","slug":"fond-de-teint-fluide-matifiant-nfl12","status":"publish","type":"product","link":"https:\/\/labemacosmetics.com\/en\/product\/fond-de-teint-fluide-matifiant-nfl12\/","title":{"rendered":"BLACKUP Fond de Teint Fluide Matifiant NFL12"},"content":{"rendered":"<p><span style=\"font-size: 12pt;\">L&rsquo;iconique ! Un teint mat d\u00e8s l&rsquo;application et une tr\u00e8s longue tenue 8h. Une nouvelle formule encore plus performante pour un teint mat d\u00e8s l&rsquo;application et une tr\u00e8s longue tenue 8h. Couvrance moyrnnr, r\u00e9sultat ultra-naturel, le Fond de Teint Fluide Matifiant de blackUp r\u00e9suit le taux de s\u00e9bum et affine visiblement le grain de peau pour un teint impeccable toute la journ\u00e9e. Formule oil free, sans paraben et sans parfum. Test\u00e9 sous contr\u00f4le dermatologique<\/span><\/p>","protected":false},"excerpt":{"rendered":"<p>L&rsquo;iconique ! Un teint mat d\u00e8s l&rsquo;application et une tr\u00e8s longue tenue 8h.Une nouvelle formule encore plus performante pour un teint mat d\u00e8s l&rsquo;application et une tr\u00e8s longue tenue 8h. Couvrance moyrnnr, r\u00e9sultat ultra naturel, le Fond de Teint Fluide Matifiant de blackUp r\u00e9suit le taux de s\u00e9bum et affine visiblement le grain de peau pour un teint impeccable toute la journ\u00e9e. Formule oil free, sans paraben et sans parfum. test\u00e9 sous contr\u00f4le dermatologique<\/p>","protected":false},"featured_media":6734,"comment_status":"open","ping_status":"closed","template":"","meta":{"om_disable_all_campaigns":false,"_mi_skip_tracking":false,"_monsterinsights_sitenote_active":false,"_monsterinsights_sitenote_note":"","_monsterinsights_sitenote_category":0},"product_brand":[],"product_cat":[127,117,103],"product_tag":[],"class_list":{"0":"post-6464","1":"product","2":"type-product","3":"status-publish","4":"has-post-thumbnail","6":"product_cat-boutique","7":"product_cat-fond-de-teint","8":"product_cat-maquillage","9":"yith_product_brand-blackup","11":"first","12":"instock","13":"shipping-taxable","14":"purchasable","15":"product-type-simple"},"yoast_head":"<!-- This site is optimized with the Yoast SEO Premium plugin v20.8 (Yoast SEO v27.4) - https:\/\/yoast.com\/product\/yoast-seo-premium-wordpress\/ -->\n<title>BLACKUP Fond de Teint Fluide Matifiant NFL12 - Lab&eacute;ma Cosmetics<\/title>\n<meta name=\"robots\" content=\"index, follow, max-snippet:-1, max-image-preview:large, max-video-preview:-1\" \/>\n<link rel=\"canonical\" href=\"https:\/\/labemacosmetics.com\/en\/product\/fond-de-teint-fluide-matifiant-nfl12\/\" \/>\n<meta property=\"og:locale\" content=\"en_GB\" \/>\n<meta property=\"og:type\" content=\"article\" \/>\n<meta property=\"og:title\" content=\"BLACKUP Fond de Teint Fluide Matifiant NFL12\" \/>\n<meta property=\"og:description\" content=\"L&#039;iconique ! Un teint mat d\u00e8s l&#039;application et une tr\u00e8s longue tenue 8h.Une nouvelle formule encore plus performante pour un teint mat d\u00e8s l&#039;application et une tr\u00e8s longue tenue 8h. Couvrance moyrnnr, r\u00e9sultat ultra naturel, le Fond de Teint Fluide Matifiant de blackUp r\u00e9suit le taux de s\u00e9bum et affine visiblement le grain de peau pour un teint impeccable toute la journ\u00e9e. Formule oil free, sans paraben et sans parfum. test\u00e9 sous contr\u00f4le dermatologique\" \/>\n<meta property=\"og:url\" content=\"https:\/\/labemacosmetics.com\/en\/product\/fond-de-teint-fluide-matifiant-nfl12\/\" \/>\n<meta property=\"og:site_name\" content=\"Lab&eacute;ma Cosmetics\" \/>\n<meta property=\"article:publisher\" content=\"http:\/\/www.facebook.com\/labemacosmetics\" \/>\n<meta property=\"article:modified_time\" content=\"2023-06-05T19:56:52+00:00\" \/>\n<meta property=\"og:image\" content=\"https:\/\/labemacosmetics.com\/wp-content\/uploads\/2022\/10\/fond-de-teint-fluide-matifiant.png\" \/>\n\t<meta property=\"og:image:width\" content=\"463\" \/>\n\t<meta property=\"og:image:height\" content=\"603\" \/>\n\t<meta property=\"og:image:type\" content=\"image\/png\" \/>\n<meta name=\"twitter:card\" content=\"summary_large_image\" \/>\n<meta name=\"twitter:site\" content=\"@Labemasn\" \/>\n<meta name=\"twitter:label1\" content=\"Price\" \/>\n\t<meta name=\"twitter:data1\" content=\"19 500&nbsp;CFA\" \/>\n\t<meta name=\"twitter:label2\" content=\"Availability\" \/>\n\t<meta name=\"twitter:data2\" content=\"In stock\" \/>\n<script type=\"application\/ld+json\" class=\"yoast-schema-graph\">{\"@context\":\"https:\\\/\\\/schema.org\",\"@graph\":[{\"@type\":\"WebPage\",\"@id\":\"https:\\\/\\\/labemacosmetics.com\\\/produit\\\/fond-de-teint-fluide-matifiant-nfl12\\\/\",\"url\":\"https:\\\/\\\/labemacosmetics.com\\\/produit\\\/fond-de-teint-fluide-matifiant-nfl12\\\/\",\"name\":\"BLACKUP Fond de Teint Fluide Matifiant NFL12 - Lab&eacute;ma Cosmetics\",\"isPartOf\":{\"@id\":\"https:\\\/\\\/labemacosmetics.com\\\/#website\"},\"primaryImageOfPage\":{\"@id\":\"https:\\\/\\\/labemacosmetics.com\\\/produit\\\/fond-de-teint-fluide-matifiant-nfl12\\\/#primaryimage\"},\"image\":{\"@id\":\"https:\\\/\\\/labemacosmetics.com\\\/produit\\\/fond-de-teint-fluide-matifiant-nfl12\\\/#primaryimage\"},\"thumbnailUrl\":\"https:\\\/\\\/labemacosmetics.com\\\/wp-content\\\/uploads\\\/2022\\\/10\\\/fond-de-teint-fluide-matifiant.png\",\"datePublished\":\"2022-10-04T15:58:53+00:00\",\"dateModified\":\"2023-06-05T19:56:52+00:00\",\"breadcrumb\":{\"@id\":\"https:\\\/\\\/labemacosmetics.com\\\/produit\\\/fond-de-teint-fluide-matifiant-nfl12\\\/#breadcrumb\"},\"inLanguage\":\"en-GB\",\"potentialAction\":[{\"@type\":\"ReadAction\",\"target\":[\"https:\\\/\\\/labemacosmetics.com\\\/produit\\\/fond-de-teint-fluide-matifiant-nfl12\\\/\"]}]},{\"@type\":\"ImageObject\",\"inLanguage\":\"en-GB\",\"@id\":\"https:\\\/\\\/labemacosmetics.com\\\/produit\\\/fond-de-teint-fluide-matifiant-nfl12\\\/#primaryimage\",\"url\":\"https:\\\/\\\/labemacosmetics.com\\\/wp-content\\\/uploads\\\/2022\\\/10\\\/fond-de-teint-fluide-matifiant.png\",\"contentUrl\":\"https:\\\/\\\/labemacosmetics.com\\\/wp-content\\\/uploads\\\/2022\\\/10\\\/fond-de-teint-fluide-matifiant.png\",\"width\":463,\"height\":603},{\"@type\":\"BreadcrumbList\",\"@id\":\"https:\\\/\\\/labemacosmetics.com\\\/produit\\\/fond-de-teint-fluide-matifiant-nfl12\\\/#breadcrumb\",\"itemListElement\":[{\"@type\":\"ListItem\",\"position\":1,\"name\":\"Accueil\",\"item\":\"https:\\\/\\\/labemacosmetics.com\\\/\"},{\"@type\":\"ListItem\",\"position\":2,\"name\":\"Produits\",\"item\":\"https:\\\/\\\/labemacosmetics.com\\\/shop\\\/\"},{\"@type\":\"ListItem\",\"position\":3,\"name\":\"BLACKUP Fond de Teint Fluide Matifiant NFL12\"}]},{\"@type\":\"WebSite\",\"@id\":\"https:\\\/\\\/labemacosmetics.com\\\/#website\",\"url\":\"https:\\\/\\\/labemacosmetics.com\\\/\",\"name\":\"Lab&eacute;ma Cosmetics\",\"description\":\"\",\"potentialAction\":[{\"@type\":\"SearchAction\",\"target\":{\"@type\":\"EntryPoint\",\"urlTemplate\":\"https:\\\/\\\/labemacosmetics.com\\\/?s={search_term_string}\"},\"query-input\":{\"@type\":\"PropertyValueSpecification\",\"valueRequired\":true,\"valueName\":\"search_term_string\"}}],\"inLanguage\":\"en-GB\"}]}<\/script>\n<meta property=\"product:brand\" content=\"Blackup\" \/>\n<meta property=\"product:price:amount\" content=\"19500\" \/>\n<meta property=\"product:price:currency\" content=\"XOF\" \/>\n<meta property=\"og:availability\" content=\"instock\" \/>\n<meta property=\"product:availability\" content=\"instock\" \/>\n<meta property=\"product:condition\" content=\"new\" \/>\n<!-- \/ Yoast SEO Premium plugin. -->","yoast_head_json":{"title":"BLACKUP Fond de Teint Fluide Matifiant NFL12 - Lab&eacute;ma Cosmetics","robots":{"index":"index","follow":"follow","max-snippet":"max-snippet:-1","max-image-preview":"max-image-preview:large","max-video-preview":"max-video-preview:-1"},"canonical":"https:\/\/labemacosmetics.com\/en\/product\/fond-de-teint-fluide-matifiant-nfl12\/","og_locale":"en_GB","og_type":"article","og_title":"BLACKUP Fond de Teint Fluide Matifiant NFL12","og_description":"L'iconique ! Un teint mat d\u00e8s l'application et une tr\u00e8s longue tenue 8h.Une nouvelle formule encore plus performante pour un teint mat d\u00e8s l'application et une tr\u00e8s longue tenue 8h. Couvrance moyrnnr, r\u00e9sultat ultra naturel, le Fond de Teint Fluide Matifiant de blackUp r\u00e9suit le taux de s\u00e9bum et affine visiblement le grain de peau pour un teint impeccable toute la journ\u00e9e. Formule oil free, sans paraben et sans parfum. test\u00e9 sous contr\u00f4le dermatologique","og_url":"https:\/\/labemacosmetics.com\/en\/product\/fond-de-teint-fluide-matifiant-nfl12\/","og_site_name":"Lab&eacute;ma Cosmetics","article_publisher":"http:\/\/www.facebook.com\/labemacosmetics","article_modified_time":"2023-06-05T19:56:52+00:00","og_image":[{"width":463,"height":603,"url":"https:\/\/labemacosmetics.com\/wp-content\/uploads\/2022\/10\/fond-de-teint-fluide-matifiant.png","type":"image\/png"}],"twitter_card":"summary_large_image","twitter_site":"@Labemasn","twitter_misc":{"Price":"19 500&nbsp;CFA","Availability":"In stock"},"schema":{"@context":"https:\/\/schema.org","@graph":[{"@type":"WebPage","@id":"https:\/\/labemacosmetics.com\/produit\/fond-de-teint-fluide-matifiant-nfl12\/","url":"https:\/\/labemacosmetics.com\/produit\/fond-de-teint-fluide-matifiant-nfl12\/","name":"BLACKUP Fond de Teint Fluide Matifiant NFL12 - Lab&eacute;ma Cosmetics","isPartOf":{"@id":"https:\/\/labemacosmetics.com\/#website"},"primaryImageOfPage":{"@id":"https:\/\/labemacosmetics.com\/produit\/fond-de-teint-fluide-matifiant-nfl12\/#primaryimage"},"image":{"@id":"https:\/\/labemacosmetics.com\/produit\/fond-de-teint-fluide-matifiant-nfl12\/#primaryimage"},"thumbnailUrl":"https:\/\/labemacosmetics.com\/wp-content\/uploads\/2022\/10\/fond-de-teint-fluide-matifiant.png","datePublished":"2022-10-04T15:58:53+00:00","dateModified":"2023-06-05T19:56:52+00:00","breadcrumb":{"@id":"https:\/\/labemacosmetics.com\/produit\/fond-de-teint-fluide-matifiant-nfl12\/#breadcrumb"},"inLanguage":"en-GB","potentialAction":[{"@type":"ReadAction","target":["https:\/\/labemacosmetics.com\/produit\/fond-de-teint-fluide-matifiant-nfl12\/"]}]},{"@type":"ImageObject","inLanguage":"en-GB","@id":"https:\/\/labemacosmetics.com\/produit\/fond-de-teint-fluide-matifiant-nfl12\/#primaryimage","url":"https:\/\/labemacosmetics.com\/wp-content\/uploads\/2022\/10\/fond-de-teint-fluide-matifiant.png","contentUrl":"https:\/\/labemacosmetics.com\/wp-content\/uploads\/2022\/10\/fond-de-teint-fluide-matifiant.png","width":463,"height":603},{"@type":"BreadcrumbList","@id":"https:\/\/labemacosmetics.com\/produit\/fond-de-teint-fluide-matifiant-nfl12\/#breadcrumb","itemListElement":[{"@type":"ListItem","position":1,"name":"Accueil","item":"https:\/\/labemacosmetics.com\/"},{"@type":"ListItem","position":2,"name":"Produits","item":"https:\/\/labemacosmetics.com\/shop\/"},{"@type":"ListItem","position":3,"name":"BLACKUP Fond de Teint Fluide Matifiant NFL12"}]},{"@type":"WebSite","@id":"https:\/\/labemacosmetics.com\/#website","url":"https:\/\/labemacosmetics.com\/","name":"Lab&eacute;ma Cosmetics","description":"","potentialAction":[{"@type":"SearchAction","target":{"@type":"EntryPoint","urlTemplate":"https:\/\/labemacosmetics.com\/?s={search_term_string}"},"query-input":{"@type":"PropertyValueSpecification","valueRequired":true,"valueName":"search_term_string"}}],"inLanguage":"en-GB"}]},"product_brand":"Blackup","product_price_amount":"19500","product_price_currency":"XOF","og_availability":"instock","product_availability":"instock","product_condition":"new"},"_links":{"self":[{"href":"https:\/\/labemacosmetics.com\/en\/wp-json\/wp\/v2\/product\/6464","targetHints":{"allow":["GET"]}}],"collection":[{"href":"https:\/\/labemacosmetics.com\/en\/wp-json\/wp\/v2\/product"}],"about":[{"href":"https:\/\/labemacosmetics.com\/en\/wp-json\/wp\/v2\/types\/product"}],"replies":[{"embeddable":true,"href":"https:\/\/labemacosmetics.com\/en\/wp-json\/wp\/v2\/comments?post=6464"}],"version-history":[{"count":0,"href":"https:\/\/labemacosmetics.com\/en\/wp-json\/wp\/v2\/product\/6464\/revisions"}],"wp:featuredmedia":[{"embeddable":true,"href":"https:\/\/labemacosmetics.com\/en\/wp-json\/wp\/v2\/media\/6734"}],"wp:attachment":[{"href":"https:\/\/labemacosmetics.com\/en\/wp-json\/wp\/v2\/media?parent=6464"}],"wp:term":[{"taxonomy":"product_brand","embeddable":true,"href":"https:\/\/labemacosmetics.com\/en\/wp-json\/wp\/v2\/product_brand?post=6464"},{"taxonomy":"product_cat","embeddable":true,"href":"https:\/\/labemacosmetics.com\/en\/wp-json\/wp\/v2\/product_cat?post=6464"},{"taxonomy":"product_tag","embeddable":true,"href":"https:\/\/labemacosmetics.com\/en\/wp-json\/wp\/v2\/product_tag?post=6464"}],"curies":[{"name":"wp","href":"https:\/\/api.w.org\/{rel}","templated":true}]}}