{"id":6455,"date":"2020-12-16T22:05:18","date_gmt":"2020-12-16T21:05:18","guid":{"rendered":"https:\/\/www.labemacosmetics.com\/?post_type=product&#038;p=6455"},"modified":"2023-05-22T09:13:56","modified_gmt":"2023-05-22T08:13:56","slug":"skin-detox-exfoliant","status":"publish","type":"product","link":"https:\/\/labemacosmetics.com\/en\/product\/skin-detox-exfoliant\/","title":{"rendered":"NEUTROGENA Skin Detox Exfoliant"},"content":{"rendered":"<h2><\/h2>\n<div class=\"content_zone_desc tabcontent\">\n<div id=\"type_info_prio_11_1\">\n<p>Neutrogena Skin Detox Exfoliant Purifiant 150 ml est un exfoliant purifiant qui cible sp\u00e9cifiquement tous les types d&rsquo;impuret\u00e9s et les traces de pollution.<\/p>\n<p>Gr\u00e2ce aux microbilles exfoliantes d&rsquo;origine naturelle, \u00e0 l&rsquo;acide glycolique et \u00e0 l&rsquo;acide salicylique, puissant actif purifiant, sa formule lisse la peau et d\u00e9congestionne les pores en \u00e9liminant impuret\u00e9s, exc\u00e8s de s\u00e9bum et maquillage, tout en pr\u00e9servant l&rsquo;\u00e9quilibre de la barri\u00e8re cutan\u00e9e. La peau est douce, purifi\u00e9e en profondeur et \u00e9clatante de sant\u00e9.<\/p>\n<p>Non com\u00e9dog\u00e8ne.<\/p>\n<p>Fabriqu\u00e9 en France.<\/p>\n<\/div>\n<\/div>\n<h2>Utilisation<\/h2>\n<div class=\"content_zone_desc bloc_depliable_cnt cnt_deplie tabcontent\">\n<div>\n<div id=\"type_info_prio_6_1\">\n<p>Appliquer sur visage humide et masser d\u00e9licatement. Rincer abondamment.<\/p>\n<p>Eviter le contour des yeux. En cas de contact, rincer abondamment.<\/p>\n<\/div>\n<div class=\"description_indication\"><span class=\"bold\"> Indication<\/span> : <span id=\"type_info_prio_6_2_1\">Soin exfoliant visage. Tous types de peaux.<\/span><\/div>\n<\/div>\n<\/div>\n<p>&nbsp;<\/p>\n<h2>Ingr\u00e9dients Neutrogena Skin Detox Exfoliant<\/h2>\n<p>Aqua, Sodium C14-16 Olefin Sulfonate, Cocamidopropyl Hydroxysultaine, Cellulose, Sorbitol, Acrylates Crosspolymer-4, Sodium Hydrolyzed Potato Starch Dodecenylsuccinate, Cera Microcristallina, Salicylic Acid, Disodium Tetrapropenyl Succinate, Menthol, Polysorbate 20, Sodium Chloride, Disodium EDTA, Citric Acid, Glycolic Acid, Sodium Hydroxide, Parfum, CI 77510, CI 42053. [PR-019215].<\/p>\n","protected":false},"excerpt":{"rendered":"<p>Neutrogena Skin Detox Exfoliant Purifiant 150 ml est un exfoliant purifiant qui cible sp\u00e9cifiquement tous les types d&rsquo;impuret\u00e9s et les traces de pollution.<\/p>\n<p>Gr\u00e2ce aux microbilles exfoliantes d&rsquo;origine naturelle, \u00e0 l&rsquo;acide glycolique et \u00e0 l&rsquo;acide salicylique,<\/p>","protected":false},"featured_media":6456,"comment_status":"closed","ping_status":"closed","template":"","meta":{"om_disable_all_campaigns":false,"_mi_skip_tracking":false,"_monsterinsights_sitenote_active":false,"_monsterinsights_sitenote_note":"","_monsterinsights_sitenote_category":0},"product_brand":[],"product_cat":[127,520,515,514,516,517,512,128,513],"product_tag":[],"class_list":{"0":"post-6455","1":"product","2":"type-product","3":"status-publish","4":"has-post-thumbnail","6":"product_cat-boutique","7":"product_cat-gommage-peeling","8":"product_cat-peaux-mixtes-a-grasses","9":"product_cat-peaux-normales","10":"product_cat-peaux-seches","11":"product_cat-peaux-sensibles","12":"product_cat-produits-par-besoin","13":"product_cat-soin-de-visage","14":"product_cat-type-de-peau","15":"yith_product_brand-neutrogena","17":"first","18":"instock","19":"shipping-taxable","20":"purchasable","21":"product-type-simple"},"yoast_head":"<!-- This site is optimized with the Yoast SEO Premium plugin v20.8 (Yoast SEO v27.4) - https:\/\/yoast.com\/product\/yoast-seo-premium-wordpress\/ -->\n<title>Neutrogena NEUTROGENA Skin Detox Exfoliant - Lab&eacute;ma Cosmetics | Dakar \/ S\u00e9n\u00e9gal<\/title>\n<meta name=\"description\" content=\"Neutrogena Skin Detox Exfoliant Purifiant 150 ml est un exfoliant purifiant qui cible sp\u00e9cifiquement tous les types d&#039;impuret\u00e9s et les traces de pollution.\" \/>\n<meta name=\"robots\" content=\"index, follow, max-snippet:-1, max-image-preview:large, max-video-preview:-1\" \/>\n<link rel=\"canonical\" href=\"https:\/\/labemacosmetics.com\/en\/product\/skin-detox-exfoliant\/\" \/>\n<meta property=\"og:locale\" content=\"en_GB\" \/>\n<meta property=\"og:type\" content=\"article\" \/>\n<meta property=\"og:title\" content=\"NEUTROGENA Skin Detox Exfoliant\" \/>\n<meta property=\"og:description\" content=\"Neutrogena Skin Detox Exfoliant Purifiant 150 ml est un exfoliant purifiant qui cible sp\u00e9cifiquement tous les types d&#039;impuret\u00e9s et les traces de pollution.\" \/>\n<meta property=\"og:url\" content=\"https:\/\/labemacosmetics.com\/en\/product\/skin-detox-exfoliant\/\" \/>\n<meta property=\"og:site_name\" content=\"Lab&eacute;ma Cosmetics\" \/>\n<meta property=\"article:publisher\" content=\"http:\/\/www.facebook.com\/labemacosmetics\" \/>\n<meta property=\"article:modified_time\" content=\"2023-05-22T08:13:56+00:00\" \/>\n<meta property=\"og:image\" content=\"https:\/\/labemacosmetics.com\/wp-content\/uploads\/2020\/12\/Skin_detox_exfoliant.png\" \/>\n\t<meta property=\"og:image:width\" content=\"600\" \/>\n\t<meta property=\"og:image:height\" content=\"726\" \/>\n\t<meta property=\"og:image:type\" content=\"image\/png\" \/>\n<meta name=\"twitter:card\" content=\"summary_large_image\" \/>\n<meta name=\"twitter:site\" content=\"@Labemasn\" \/>\n<meta name=\"twitter:label1\" content=\"Price\" \/>\n\t<meta name=\"twitter:data1\" content=\"7 000&nbsp;CFA\" \/>\n\t<meta name=\"twitter:label2\" content=\"Availability\" \/>\n\t<meta name=\"twitter:data2\" content=\"In stock\" \/>\n<script type=\"application\/ld+json\" class=\"yoast-schema-graph\">{\"@context\":\"https:\\\/\\\/schema.org\",\"@graph\":[{\"@type\":\"WebPage\",\"@id\":\"https:\\\/\\\/labemacosmetics.com\\\/en\\\/product\\\/skin-detox-exfoliant\\\/\",\"url\":\"https:\\\/\\\/labemacosmetics.com\\\/en\\\/product\\\/skin-detox-exfoliant\\\/\",\"name\":\"Neutrogena NEUTROGENA Skin Detox Exfoliant - Lab&eacute;ma Cosmetics | Dakar \\\/ S\u00e9n\u00e9gal\",\"isPartOf\":{\"@id\":\"https:\\\/\\\/labemacosmetics.com\\\/#website\"},\"primaryImageOfPage\":{\"@id\":\"https:\\\/\\\/labemacosmetics.com\\\/en\\\/product\\\/skin-detox-exfoliant\\\/#primaryimage\"},\"image\":{\"@id\":\"https:\\\/\\\/labemacosmetics.com\\\/en\\\/product\\\/skin-detox-exfoliant\\\/#primaryimage\"},\"thumbnailUrl\":\"https:\\\/\\\/labemacosmetics.com\\\/wp-content\\\/uploads\\\/2020\\\/12\\\/Skin_detox_exfoliant.png\",\"datePublished\":\"2020-12-16T21:05:18+00:00\",\"dateModified\":\"2023-05-22T08:13:56+00:00\",\"description\":\"Neutrogena Skin Detox Exfoliant Purifiant 150 ml est un exfoliant purifiant qui cible sp\u00e9cifiquement tous les types d'impuret\u00e9s et les traces de pollution.\",\"breadcrumb\":{\"@id\":\"https:\\\/\\\/labemacosmetics.com\\\/en\\\/product\\\/skin-detox-exfoliant\\\/#breadcrumb\"},\"inLanguage\":\"en-GB\",\"potentialAction\":[{\"@type\":\"ReadAction\",\"target\":[\"https:\\\/\\\/labemacosmetics.com\\\/en\\\/product\\\/skin-detox-exfoliant\\\/\"]}]},{\"@type\":\"ImageObject\",\"inLanguage\":\"en-GB\",\"@id\":\"https:\\\/\\\/labemacosmetics.com\\\/en\\\/product\\\/skin-detox-exfoliant\\\/#primaryimage\",\"url\":\"https:\\\/\\\/labemacosmetics.com\\\/wp-content\\\/uploads\\\/2020\\\/12\\\/Skin_detox_exfoliant.png\",\"contentUrl\":\"https:\\\/\\\/labemacosmetics.com\\\/wp-content\\\/uploads\\\/2020\\\/12\\\/Skin_detox_exfoliant.png\",\"width\":600,\"height\":726},{\"@type\":\"BreadcrumbList\",\"@id\":\"https:\\\/\\\/labemacosmetics.com\\\/en\\\/product\\\/skin-detox-exfoliant\\\/#breadcrumb\",\"itemListElement\":[{\"@type\":\"ListItem\",\"position\":1,\"name\":\"Accueil\",\"item\":\"https:\\\/\\\/labemacosmetics.com\\\/\"},{\"@type\":\"ListItem\",\"position\":2,\"name\":\"Produits\",\"item\":\"https:\\\/\\\/labemacosmetics.com\\\/shop\\\/\"},{\"@type\":\"ListItem\",\"position\":3,\"name\":\"NEUTROGENA Skin Detox Exfoliant\"}]},{\"@type\":\"WebSite\",\"@id\":\"https:\\\/\\\/labemacosmetics.com\\\/#website\",\"url\":\"https:\\\/\\\/labemacosmetics.com\\\/\",\"name\":\"Lab&eacute;ma Cosmetics\",\"description\":\"\",\"potentialAction\":[{\"@type\":\"SearchAction\",\"target\":{\"@type\":\"EntryPoint\",\"urlTemplate\":\"https:\\\/\\\/labemacosmetics.com\\\/?s={search_term_string}\"},\"query-input\":{\"@type\":\"PropertyValueSpecification\",\"valueRequired\":true,\"valueName\":\"search_term_string\"}}],\"inLanguage\":\"en-GB\"}]}<\/script>\n<meta property=\"product:brand\" content=\"Neutrogena\" \/>\n<meta property=\"product:price:amount\" content=\"7000\" \/>\n<meta property=\"product:price:currency\" content=\"XOF\" \/>\n<meta property=\"og:availability\" content=\"instock\" \/>\n<meta property=\"product:availability\" content=\"instock\" \/>\n<meta property=\"product:condition\" content=\"new\" \/>\n<!-- \/ Yoast SEO Premium plugin. -->","yoast_head_json":{"title":"Neutrogena NEUTROGENA Skin Detox Exfoliant - Lab&eacute;ma Cosmetics | Dakar \/ S\u00e9n\u00e9gal","description":"Neutrogena Skin Detox Exfoliant Purifiant 150 ml est un exfoliant purifiant qui cible sp\u00e9cifiquement tous les types d'impuret\u00e9s et les traces de pollution.","robots":{"index":"index","follow":"follow","max-snippet":"max-snippet:-1","max-image-preview":"max-image-preview:large","max-video-preview":"max-video-preview:-1"},"canonical":"https:\/\/labemacosmetics.com\/en\/product\/skin-detox-exfoliant\/","og_locale":"en_GB","og_type":"article","og_title":"NEUTROGENA Skin Detox Exfoliant","og_description":"Neutrogena Skin Detox Exfoliant Purifiant 150 ml est un exfoliant purifiant qui cible sp\u00e9cifiquement tous les types d'impuret\u00e9s et les traces de pollution.","og_url":"https:\/\/labemacosmetics.com\/en\/product\/skin-detox-exfoliant\/","og_site_name":"Lab&eacute;ma Cosmetics","article_publisher":"http:\/\/www.facebook.com\/labemacosmetics","article_modified_time":"2023-05-22T08:13:56+00:00","og_image":[{"width":600,"height":726,"url":"https:\/\/labemacosmetics.com\/wp-content\/uploads\/2020\/12\/Skin_detox_exfoliant.png","type":"image\/png"}],"twitter_card":"summary_large_image","twitter_site":"@Labemasn","twitter_misc":{"Price":"7 000&nbsp;CFA","Availability":"In stock"},"schema":{"@context":"https:\/\/schema.org","@graph":[{"@type":"WebPage","@id":"https:\/\/labemacosmetics.com\/en\/product\/skin-detox-exfoliant\/","url":"https:\/\/labemacosmetics.com\/en\/product\/skin-detox-exfoliant\/","name":"Neutrogena NEUTROGENA Skin Detox Exfoliant - Lab&eacute;ma Cosmetics | Dakar \/ S\u00e9n\u00e9gal","isPartOf":{"@id":"https:\/\/labemacosmetics.com\/#website"},"primaryImageOfPage":{"@id":"https:\/\/labemacosmetics.com\/en\/product\/skin-detox-exfoliant\/#primaryimage"},"image":{"@id":"https:\/\/labemacosmetics.com\/en\/product\/skin-detox-exfoliant\/#primaryimage"},"thumbnailUrl":"https:\/\/labemacosmetics.com\/wp-content\/uploads\/2020\/12\/Skin_detox_exfoliant.png","datePublished":"2020-12-16T21:05:18+00:00","dateModified":"2023-05-22T08:13:56+00:00","description":"Neutrogena Skin Detox Exfoliant Purifiant 150 ml est un exfoliant purifiant qui cible sp\u00e9cifiquement tous les types d'impuret\u00e9s et les traces de pollution.","breadcrumb":{"@id":"https:\/\/labemacosmetics.com\/en\/product\/skin-detox-exfoliant\/#breadcrumb"},"inLanguage":"en-GB","potentialAction":[{"@type":"ReadAction","target":["https:\/\/labemacosmetics.com\/en\/product\/skin-detox-exfoliant\/"]}]},{"@type":"ImageObject","inLanguage":"en-GB","@id":"https:\/\/labemacosmetics.com\/en\/product\/skin-detox-exfoliant\/#primaryimage","url":"https:\/\/labemacosmetics.com\/wp-content\/uploads\/2020\/12\/Skin_detox_exfoliant.png","contentUrl":"https:\/\/labemacosmetics.com\/wp-content\/uploads\/2020\/12\/Skin_detox_exfoliant.png","width":600,"height":726},{"@type":"BreadcrumbList","@id":"https:\/\/labemacosmetics.com\/en\/product\/skin-detox-exfoliant\/#breadcrumb","itemListElement":[{"@type":"ListItem","position":1,"name":"Accueil","item":"https:\/\/labemacosmetics.com\/"},{"@type":"ListItem","position":2,"name":"Produits","item":"https:\/\/labemacosmetics.com\/shop\/"},{"@type":"ListItem","position":3,"name":"NEUTROGENA Skin Detox Exfoliant"}]},{"@type":"WebSite","@id":"https:\/\/labemacosmetics.com\/#website","url":"https:\/\/labemacosmetics.com\/","name":"Lab&eacute;ma Cosmetics","description":"","potentialAction":[{"@type":"SearchAction","target":{"@type":"EntryPoint","urlTemplate":"https:\/\/labemacosmetics.com\/?s={search_term_string}"},"query-input":{"@type":"PropertyValueSpecification","valueRequired":true,"valueName":"search_term_string"}}],"inLanguage":"en-GB"}]},"product_brand":"Neutrogena","product_price_amount":"7000","product_price_currency":"XOF","og_availability":"instock","product_availability":"instock","product_condition":"new"},"_links":{"self":[{"href":"https:\/\/labemacosmetics.com\/en\/wp-json\/wp\/v2\/product\/6455","targetHints":{"allow":["GET"]}}],"collection":[{"href":"https:\/\/labemacosmetics.com\/en\/wp-json\/wp\/v2\/product"}],"about":[{"href":"https:\/\/labemacosmetics.com\/en\/wp-json\/wp\/v2\/types\/product"}],"replies":[{"embeddable":true,"href":"https:\/\/labemacosmetics.com\/en\/wp-json\/wp\/v2\/comments?post=6455"}],"version-history":[{"count":0,"href":"https:\/\/labemacosmetics.com\/en\/wp-json\/wp\/v2\/product\/6455\/revisions"}],"wp:featuredmedia":[{"embeddable":true,"href":"https:\/\/labemacosmetics.com\/en\/wp-json\/wp\/v2\/media\/6456"}],"wp:attachment":[{"href":"https:\/\/labemacosmetics.com\/en\/wp-json\/wp\/v2\/media?parent=6455"}],"wp:term":[{"taxonomy":"product_brand","embeddable":true,"href":"https:\/\/labemacosmetics.com\/en\/wp-json\/wp\/v2\/product_brand?post=6455"},{"taxonomy":"product_cat","embeddable":true,"href":"https:\/\/labemacosmetics.com\/en\/wp-json\/wp\/v2\/product_cat?post=6455"},{"taxonomy":"product_tag","embeddable":true,"href":"https:\/\/labemacosmetics.com\/en\/wp-json\/wp\/v2\/product_tag?post=6455"}],"curies":[{"name":"wp","href":"https:\/\/api.w.org\/{rel}","templated":true}]}}