{"id":6452,"date":"2020-12-16T21:53:16","date_gmt":"2020-12-16T20:53:16","guid":{"rendered":"https:\/\/www.labemacosmetics.com\/?post_type=product&#038;p=6452"},"modified":"2024-07-06T00:06:53","modified_gmt":"2024-07-05T23:06:53","slug":"skin-detox-masque-argile-purifiant-2-en-1","status":"publish","type":"product","link":"https:\/\/labemacosmetics.com\/en\/product\/skin-detox-masque-argile-purifiant-2-en-1\/","title":{"rendered":"NEUTROGENA Skin Detox Masque argile purifiant 2-en-1"},"content":{"rendered":"<p>Neutrogena Skin Detox Masque Argile Purifiant 2en1\u00a0 est enrichi en acide glycolique \u00e9limine tout en douceur impuret\u00e9s, exc\u00e8s de s\u00e9bum et r\u00e9sidus de maquillage tout en pr\u00e9servant l\u2019\u00e9quilibre de la barri\u00e8re cutan\u00e9e.<\/p>\n<p>Cette formule 2-en-1 s\u2019utilise comme un nettoyant quotidien ou comme un masque d\u00e9toxifiant qui d\u00e9congestionne les pores en profondeur, pour une peau douce et un teint \u00e9clatant.<\/p>\n<p>&nbsp;<\/p>\n<h2>Utilisation<\/h2>\n<ul>\n<li>En nettoyant : appliquer sur visage humide et masser d\u00e9licatement, en \u00e9vitant le contour des yeux. Rincer abondamment.<\/li>\n<\/ul>\n<ul>\n<li>En masque : appliquer une fine couche sur le visage en \u00e9vitant le contour des yeux. Laisser agir 1 minute, puis rincer abondamment.<\/li>\n<\/ul>\n<p>&nbsp;<\/p>\n<h2>Ingr\u00e9dients Neutrogena Skin Detox Masque argile purifiant 2-en-1<\/h2>\n<p>Aqua, glycerin, kaolin, bentonite, sodium methyl cocoyl taurate, ci 77891, trideceth-9, panthenol, salicylic acid, menthyl lactate, peg-5 ethylhexanoate, sodium chloride, xanthan gum, disodium edta, citric acid, glycolic acid, sodium citrate, sodium hydroxide, parfum, ci 42053.<\/p>","protected":false},"excerpt":{"rendered":"<p>Neutrogena Skin Detox Masque Argile Purifiant 2en1\u00a0 est enrichi en acide glycolique \u00e9limine tout en douceur impuret\u00e9s, exc\u00e8s de s\u00e9bum et r\u00e9sidus de maquillage tout en pr\u00e9servant l\u2019\u00e9quilibre de la barri\u00e8re cutan\u00e9e.<\/p>\n<p>Cette formule 2-en-1 s\u2019utilise comme un nettoyant quotidien ou comme un masque d\u00e9toxifiant qui d\u00e9congestionne les pores en profondeur, pour une peau douce et un teint \u00e9clatant.<\/p>","protected":false},"featured_media":6454,"comment_status":"closed","ping_status":"closed","template":"","meta":{"om_disable_all_campaigns":false,"_mi_skip_tracking":false,"_monsterinsights_sitenote_active":false,"_monsterinsights_sitenote_note":"","_monsterinsights_sitenote_category":0},"product_brand":[],"product_cat":[127,1742,1747,515,514,516,517,512,128,513],"product_tag":[],"class_list":{"0":"post-6452","1":"product","2":"type-product","3":"status-publish","4":"has-post-thumbnail","6":"product_cat-boutique","7":"product_cat-masques","8":"product_cat-peaux-a-tendances-acneiques","9":"product_cat-peaux-mixtes-a-grasses","10":"product_cat-peaux-normales","11":"product_cat-peaux-seches","12":"product_cat-peaux-sensibles","13":"product_cat-produits-par-besoin","14":"product_cat-soin-de-visage","15":"product_cat-type-de-peau","16":"yith_product_brand-neutrogena","18":"first","19":"instock","20":"shipping-taxable","21":"purchasable","22":"product-type-simple"},"yoast_head":"<!-- This site is optimized with the Yoast SEO Premium plugin v20.8 (Yoast SEO v27.4) - https:\/\/yoast.com\/product\/yoast-seo-premium-wordpress\/ -->\n<title>Neutrogena NEUTROGENA Skin Detox Masque argile purifiant 2-en-1 - Lab&eacute;ma Cosmetics | Dakar \/ S\u00e9n\u00e9gal<\/title>\n<meta name=\"description\" content=\"Neutrogena Skin Detox Masque Argile Purifiant 2en1\u00a0 est enrichi en acide glycolique \u00e9limine tout en douceur impuret\u00e9s, exc\u00e8s de s\u00e9bum et r\u00e9sidus de ...\" \/>\n<meta name=\"robots\" content=\"index, follow, max-snippet:-1, max-image-preview:large, max-video-preview:-1\" \/>\n<link rel=\"canonical\" href=\"https:\/\/labemacosmetics.com\/en\/product\/skin-detox-masque-argile-purifiant-2-en-1\/\" \/>\n<meta property=\"og:locale\" content=\"en_GB\" \/>\n<meta property=\"og:type\" content=\"article\" \/>\n<meta property=\"og:title\" content=\"NEUTROGENA Skin Detox Masque argile purifiant 2-en-1\" \/>\n<meta property=\"og:description\" content=\"Neutrogena Skin Detox Masque Argile Purifiant 2en1\u00a0 est enrichi en acide glycolique \u00e9limine tout en douceur impuret\u00e9s, exc\u00e8s de s\u00e9bum et r\u00e9sidus de ...\" \/>\n<meta property=\"og:url\" content=\"https:\/\/labemacosmetics.com\/en\/product\/skin-detox-masque-argile-purifiant-2-en-1\/\" \/>\n<meta property=\"og:site_name\" content=\"Lab&eacute;ma Cosmetics\" \/>\n<meta property=\"article:publisher\" content=\"http:\/\/www.facebook.com\/labemacosmetics\" \/>\n<meta property=\"article:modified_time\" content=\"2024-07-05T23:06:53+00:00\" \/>\n<meta property=\"og:image\" content=\"https:\/\/labemacosmetics.com\/wp-content\/uploads\/2020\/12\/Neutrogena_skin_detox_masque.png\" \/>\n\t<meta property=\"og:image:width\" content=\"600\" \/>\n\t<meta property=\"og:image:height\" content=\"726\" \/>\n\t<meta property=\"og:image:type\" content=\"image\/png\" \/>\n<meta name=\"twitter:card\" content=\"summary_large_image\" \/>\n<meta name=\"twitter:site\" content=\"@Labemasn\" \/>\n<meta name=\"twitter:label1\" content=\"Price\" \/>\n\t<meta name=\"twitter:data1\" content=\"7 000&nbsp;CFA\" \/>\n\t<meta name=\"twitter:label2\" content=\"Availability\" \/>\n\t<meta name=\"twitter:data2\" content=\"In stock\" \/>\n<script type=\"application\/ld+json\" class=\"yoast-schema-graph\">{\"@context\":\"https:\\\/\\\/schema.org\",\"@graph\":[{\"@type\":\"WebPage\",\"@id\":\"https:\\\/\\\/labemacosmetics.com\\\/en\\\/product\\\/skin-detox-masque-argile-purifiant-2-en-1\\\/\",\"url\":\"https:\\\/\\\/labemacosmetics.com\\\/en\\\/product\\\/skin-detox-masque-argile-purifiant-2-en-1\\\/\",\"name\":\"Neutrogena NEUTROGENA Skin Detox Masque argile purifiant 2-en-1 - Lab&eacute;ma Cosmetics | Dakar \\\/ S\u00e9n\u00e9gal\",\"isPartOf\":{\"@id\":\"https:\\\/\\\/labemacosmetics.com\\\/#website\"},\"primaryImageOfPage\":{\"@id\":\"https:\\\/\\\/labemacosmetics.com\\\/en\\\/product\\\/skin-detox-masque-argile-purifiant-2-en-1\\\/#primaryimage\"},\"image\":{\"@id\":\"https:\\\/\\\/labemacosmetics.com\\\/en\\\/product\\\/skin-detox-masque-argile-purifiant-2-en-1\\\/#primaryimage\"},\"thumbnailUrl\":\"https:\\\/\\\/labemacosmetics.com\\\/wp-content\\\/uploads\\\/2020\\\/12\\\/Neutrogena_skin_detox_masque.png\",\"datePublished\":\"2020-12-16T20:53:16+00:00\",\"dateModified\":\"2024-07-05T23:06:53+00:00\",\"description\":\"Neutrogena Skin Detox Masque Argile Purifiant 2en1\u00a0 est enrichi en acide glycolique \u00e9limine tout en douceur impuret\u00e9s, exc\u00e8s de s\u00e9bum et r\u00e9sidus de ...\",\"breadcrumb\":{\"@id\":\"https:\\\/\\\/labemacosmetics.com\\\/en\\\/product\\\/skin-detox-masque-argile-purifiant-2-en-1\\\/#breadcrumb\"},\"inLanguage\":\"en-GB\",\"potentialAction\":[{\"@type\":\"ReadAction\",\"target\":[\"https:\\\/\\\/labemacosmetics.com\\\/en\\\/product\\\/skin-detox-masque-argile-purifiant-2-en-1\\\/\"]}]},{\"@type\":\"ImageObject\",\"inLanguage\":\"en-GB\",\"@id\":\"https:\\\/\\\/labemacosmetics.com\\\/en\\\/product\\\/skin-detox-masque-argile-purifiant-2-en-1\\\/#primaryimage\",\"url\":\"https:\\\/\\\/labemacosmetics.com\\\/wp-content\\\/uploads\\\/2020\\\/12\\\/Neutrogena_skin_detox_masque.png\",\"contentUrl\":\"https:\\\/\\\/labemacosmetics.com\\\/wp-content\\\/uploads\\\/2020\\\/12\\\/Neutrogena_skin_detox_masque.png\",\"width\":600,\"height\":726},{\"@type\":\"BreadcrumbList\",\"@id\":\"https:\\\/\\\/labemacosmetics.com\\\/en\\\/product\\\/skin-detox-masque-argile-purifiant-2-en-1\\\/#breadcrumb\",\"itemListElement\":[{\"@type\":\"ListItem\",\"position\":1,\"name\":\"Accueil\",\"item\":\"https:\\\/\\\/labemacosmetics.com\\\/\"},{\"@type\":\"ListItem\",\"position\":2,\"name\":\"Produits\",\"item\":\"https:\\\/\\\/labemacosmetics.com\\\/shop\\\/\"},{\"@type\":\"ListItem\",\"position\":3,\"name\":\"NEUTROGENA Skin Detox Masque argile purifiant 2-en-1\"}]},{\"@type\":\"WebSite\",\"@id\":\"https:\\\/\\\/labemacosmetics.com\\\/#website\",\"url\":\"https:\\\/\\\/labemacosmetics.com\\\/\",\"name\":\"Lab&eacute;ma Cosmetics\",\"description\":\"\",\"potentialAction\":[{\"@type\":\"SearchAction\",\"target\":{\"@type\":\"EntryPoint\",\"urlTemplate\":\"https:\\\/\\\/labemacosmetics.com\\\/?s={search_term_string}\"},\"query-input\":{\"@type\":\"PropertyValueSpecification\",\"valueRequired\":true,\"valueName\":\"search_term_string\"}}],\"inLanguage\":\"en-GB\"}]}<\/script>\n<meta property=\"product:brand\" content=\"Neutrogena\" \/>\n<meta property=\"product:price:amount\" content=\"7000\" \/>\n<meta property=\"product:price:currency\" content=\"XOF\" \/>\n<meta property=\"og:availability\" content=\"instock\" \/>\n<meta property=\"product:availability\" content=\"instock\" \/>\n<meta property=\"product:condition\" content=\"new\" \/>\n<!-- \/ Yoast SEO Premium plugin. -->","yoast_head_json":{"title":"Neutrogena NEUTROGENA Skin Detox Masque argile purifiant 2-en-1 - Lab&eacute;ma Cosmetics | Dakar \/ S\u00e9n\u00e9gal","description":"Neutrogena Skin Detox Masque Argile Purifiant 2en1\u00a0 est enrichi en acide glycolique \u00e9limine tout en douceur impuret\u00e9s, exc\u00e8s de s\u00e9bum et r\u00e9sidus de ...","robots":{"index":"index","follow":"follow","max-snippet":"max-snippet:-1","max-image-preview":"max-image-preview:large","max-video-preview":"max-video-preview:-1"},"canonical":"https:\/\/labemacosmetics.com\/en\/product\/skin-detox-masque-argile-purifiant-2-en-1\/","og_locale":"en_GB","og_type":"article","og_title":"NEUTROGENA Skin Detox Masque argile purifiant 2-en-1","og_description":"Neutrogena Skin Detox Masque Argile Purifiant 2en1\u00a0 est enrichi en acide glycolique \u00e9limine tout en douceur impuret\u00e9s, exc\u00e8s de s\u00e9bum et r\u00e9sidus de ...","og_url":"https:\/\/labemacosmetics.com\/en\/product\/skin-detox-masque-argile-purifiant-2-en-1\/","og_site_name":"Lab&eacute;ma Cosmetics","article_publisher":"http:\/\/www.facebook.com\/labemacosmetics","article_modified_time":"2024-07-05T23:06:53+00:00","og_image":[{"width":600,"height":726,"url":"https:\/\/labemacosmetics.com\/wp-content\/uploads\/2020\/12\/Neutrogena_skin_detox_masque.png","type":"image\/png"}],"twitter_card":"summary_large_image","twitter_site":"@Labemasn","twitter_misc":{"Price":"7 000&nbsp;CFA","Availability":"In stock"},"schema":{"@context":"https:\/\/schema.org","@graph":[{"@type":"WebPage","@id":"https:\/\/labemacosmetics.com\/en\/product\/skin-detox-masque-argile-purifiant-2-en-1\/","url":"https:\/\/labemacosmetics.com\/en\/product\/skin-detox-masque-argile-purifiant-2-en-1\/","name":"Neutrogena NEUTROGENA Skin Detox Masque argile purifiant 2-en-1 - Lab&eacute;ma Cosmetics | Dakar \/ S\u00e9n\u00e9gal","isPartOf":{"@id":"https:\/\/labemacosmetics.com\/#website"},"primaryImageOfPage":{"@id":"https:\/\/labemacosmetics.com\/en\/product\/skin-detox-masque-argile-purifiant-2-en-1\/#primaryimage"},"image":{"@id":"https:\/\/labemacosmetics.com\/en\/product\/skin-detox-masque-argile-purifiant-2-en-1\/#primaryimage"},"thumbnailUrl":"https:\/\/labemacosmetics.com\/wp-content\/uploads\/2020\/12\/Neutrogena_skin_detox_masque.png","datePublished":"2020-12-16T20:53:16+00:00","dateModified":"2024-07-05T23:06:53+00:00","description":"Neutrogena Skin Detox Masque Argile Purifiant 2en1\u00a0 est enrichi en acide glycolique \u00e9limine tout en douceur impuret\u00e9s, exc\u00e8s de s\u00e9bum et r\u00e9sidus de ...","breadcrumb":{"@id":"https:\/\/labemacosmetics.com\/en\/product\/skin-detox-masque-argile-purifiant-2-en-1\/#breadcrumb"},"inLanguage":"en-GB","potentialAction":[{"@type":"ReadAction","target":["https:\/\/labemacosmetics.com\/en\/product\/skin-detox-masque-argile-purifiant-2-en-1\/"]}]},{"@type":"ImageObject","inLanguage":"en-GB","@id":"https:\/\/labemacosmetics.com\/en\/product\/skin-detox-masque-argile-purifiant-2-en-1\/#primaryimage","url":"https:\/\/labemacosmetics.com\/wp-content\/uploads\/2020\/12\/Neutrogena_skin_detox_masque.png","contentUrl":"https:\/\/labemacosmetics.com\/wp-content\/uploads\/2020\/12\/Neutrogena_skin_detox_masque.png","width":600,"height":726},{"@type":"BreadcrumbList","@id":"https:\/\/labemacosmetics.com\/en\/product\/skin-detox-masque-argile-purifiant-2-en-1\/#breadcrumb","itemListElement":[{"@type":"ListItem","position":1,"name":"Accueil","item":"https:\/\/labemacosmetics.com\/"},{"@type":"ListItem","position":2,"name":"Produits","item":"https:\/\/labemacosmetics.com\/shop\/"},{"@type":"ListItem","position":3,"name":"NEUTROGENA Skin Detox Masque argile purifiant 2-en-1"}]},{"@type":"WebSite","@id":"https:\/\/labemacosmetics.com\/#website","url":"https:\/\/labemacosmetics.com\/","name":"Lab&eacute;ma Cosmetics","description":"","potentialAction":[{"@type":"SearchAction","target":{"@type":"EntryPoint","urlTemplate":"https:\/\/labemacosmetics.com\/?s={search_term_string}"},"query-input":{"@type":"PropertyValueSpecification","valueRequired":true,"valueName":"search_term_string"}}],"inLanguage":"en-GB"}]},"product_brand":"Neutrogena","product_price_amount":"7000","product_price_currency":"XOF","og_availability":"instock","product_availability":"instock","product_condition":"new"},"_links":{"self":[{"href":"https:\/\/labemacosmetics.com\/en\/wp-json\/wp\/v2\/product\/6452","targetHints":{"allow":["GET"]}}],"collection":[{"href":"https:\/\/labemacosmetics.com\/en\/wp-json\/wp\/v2\/product"}],"about":[{"href":"https:\/\/labemacosmetics.com\/en\/wp-json\/wp\/v2\/types\/product"}],"replies":[{"embeddable":true,"href":"https:\/\/labemacosmetics.com\/en\/wp-json\/wp\/v2\/comments?post=6452"}],"version-history":[{"count":0,"href":"https:\/\/labemacosmetics.com\/en\/wp-json\/wp\/v2\/product\/6452\/revisions"}],"wp:featuredmedia":[{"embeddable":true,"href":"https:\/\/labemacosmetics.com\/en\/wp-json\/wp\/v2\/media\/6454"}],"wp:attachment":[{"href":"https:\/\/labemacosmetics.com\/en\/wp-json\/wp\/v2\/media?parent=6452"}],"wp:term":[{"taxonomy":"product_brand","embeddable":true,"href":"https:\/\/labemacosmetics.com\/en\/wp-json\/wp\/v2\/product_brand?post=6452"},{"taxonomy":"product_cat","embeddable":true,"href":"https:\/\/labemacosmetics.com\/en\/wp-json\/wp\/v2\/product_cat?post=6452"},{"taxonomy":"product_tag","embeddable":true,"href":"https:\/\/labemacosmetics.com\/en\/wp-json\/wp\/v2\/product_tag?post=6452"}],"curies":[{"name":"wp","href":"https:\/\/api.w.org\/{rel}","templated":true}]}}