{"id":6450,"date":"2020-12-16T21:18:56","date_gmt":"2020-12-16T20:18:56","guid":{"rendered":"https:\/\/www.labemacosmetics.com\/?post_type=product&#038;p=6450"},"modified":"2023-11-27T14:42:08","modified_gmt":"2023-11-27T13:42:08","slug":"masque-nettoyant-clarifiant-a-largile-arbre-a-the","status":"publish","type":"product","link":"https:\/\/labemacosmetics.com\/en\/product\/masque-nettoyant-clarifiant-a-largile-arbre-a-the\/","title":{"rendered":"THE BODY SHOP Masque Nettoyant Clarifiant \u00e0 l&rsquo;Argile Arbre \u00e0 Th\u00e9"},"content":{"rendered":"<p>The body Shop Masque Nettoyant Clarifiant \u00e0 l&rsquo;Argile et au Tea Tree\u00a0 aide \u00e0 purifier et rafra\u00eechir les peaux sujettes aux imperfections, pour que vous n\u2019ayez plus peur de mettre le nez dehors.<\/p>\n<p>En mati\u00e8re de routine de soins du visage des peaux \u00e0 imperfections, le masque \u00e0 l\u2019argile et au Tea Tree est un must absolu gr\u00e2ce \u00e0 son arme secr\u00e8te : il est enrichi en huile d\u2019arbre \u00e0 th\u00e9 du Kenya issue du commerce \u00e9quitable. Formul\u00e9 sp\u00e9cifiquement pour les peaux grasses et sujettes aux imperfections, il absorbe l\u2019exc\u00e8s de s\u00e9bum (nos huiles naturelles) sans dess\u00e9cher la peau. Le r\u00e9sultat ? Une peau de r\u00eave, plus fra\u00eeche et nettoy\u00e9e en profondeur. Ce masque clarifiant \u00e0 l\u2019argile ne plaisante vraiment pas.<\/p>\n<p>Ce trouble-f\u00eate vegan est un v\u00e9ritable best-seller et fait partie des produits les plus appr\u00e9ci\u00e9s de la gamme au Tea Tree de la marque The Body Shop. Du Masque \u00e0 l\u2019Argile et au Tea Tree jusqu\u2019au Nettoyant Moussant Purifiant au Tea Tree, vous trouverez toute une armada de produits anti-imperfections ultra puissants chez The Body Shop.<\/p>\n<ul>\n<li>Soin vegan<\/li>\n<li>Enrichi en huile d\u2019arbre \u00e0 th\u00e9 du Kenya issue du commerce \u00e9quitable avec tous ses bienfaits<\/li>\n<li>Masque \u00e0 l\u2019argile qui purifie et rafra\u00eechit la peau pour une sensation de propret\u00e9 ultime<\/li>\n<\/ul>\n<p>&nbsp;<\/p>\n<h2>Utilisation<\/h2>\n<ol>\n<li>Appr\u00eatez votre peau avec notre Nettoyant Purifiant Visage Arbre \u00e0 Th\u00e9.<\/li>\n<li>Pr\u00e9levez une g\u00e9n\u00e9reuse noisette de notre Masque Nettoyant Clarifiant \u00e0 l&rsquo;Argile Arbre \u00e0 Th\u00e9 et appliquez du bout des doigts sur la peau nettoy\u00e9e.<\/li>\n<li>Laissez agir pendant 10 \u00e0 15 minutes, le temps de regarder une vid\u00e9o, faire d\u00e9filer des photos, lire un chapitre ou r\u00eaver \u00e0 vos prochaines vacances.<\/li>\n<li>Rincez \u00e0 l\u2019eau chaude et c\u2019est fini !<\/li>\n<\/ol>\n<p>Utilisez ce soin 2 \u00e0 3 fois par semaine pour des r\u00e9sultats optimaux.<\/p>\n<h2>Ingr\u00e9dients The Body Shop Masque Nettoyant Clarifiant \u00e0 l&rsquo;Argile Arbre \u00e0 Th\u00e9<\/h2>\n<p>Aqua (Solvent\/Diluent), Kaolin (Absorbent), Cetearyl Alcohol (Emulsifier), Glycerin (Humectant), Myristyl Myristate (Emollient), Glyceryl Stearate (Emulsifier), PEG-100 Stearate (Surfactant), Ethylhexyl Palmitate (Skin Conditioning Agent), Propanediol (Viscosity Modifier), Alcohol Denat. (Solvent\/Diluent), Caprylyl Glycol (Skin Conditioning Agent), Cyclopentasiloxane (Skin-Conditioning Agent\/Emollient), Calophyllum Inophyllum Seed Oil (Skin Conditioning Agent), Melaleuca Alternifolia Leaf Oil (Natural Additive), Cyclohexasiloxane (Chelating Agent), Xanthan Gum (Viscosity Modifier), Disodium EDTA (Chelating Agent), Menthol (Cooling Agent), Limonene (Natural Additive), Leptospermum Petersonii Oil (Natural Additive), t-Butyl Alcohol (Denaturant), Denatonium Benzoate (Denaturant), Tocopherol (Antioxidant), CI 77289 (Colour), CI 77492 (Colour).<\/p>","protected":false},"excerpt":{"rendered":"<p>The body Shop Masque Nettoyant Clarifiant \u00e0 l&rsquo;Argile et au Tea Tree\u00a0 aide \u00e0 purifier et rafra\u00eechir les peaux sujettes aux imperfections, pour que vous n\u2019ayez plus peur de mettre le nez dehors.<\/p>\n<p>En mati\u00e8re de routine de soins du visage des peaux \u00e0 imperfections, le masque \u00e0 l\u2019argile et au Tea Tree est un must absolu gr\u00e2ce \u00e0 son arme secr\u00e8te : il est enrichi en huile d\u2019arbre \u00e0 th\u00e9 du Kenya<\/p>","protected":false},"featured_media":6451,"comment_status":"closed","ping_status":"closed","template":"","meta":{"om_disable_all_campaigns":false,"_mi_skip_tracking":false,"_monsterinsights_sitenote_active":false,"_monsterinsights_sitenote_note":"","_monsterinsights_sitenote_category":0},"product_brand":[],"product_cat":[127,1742,515,512,128,513],"product_tag":[542,541,543,545,547,155,268],"class_list":{"0":"post-6450","1":"product","2":"type-product","3":"status-publish","4":"has-post-thumbnail","6":"product_cat-boutique","7":"product_cat-masques","8":"product_cat-peaux-mixtes-a-grasses","9":"product_cat-produits-par-besoin","10":"product_cat-soin-de-visage","11":"product_cat-type-de-peau","12":"product_tag-nette","13":"product_tag-nettoyant","14":"product_tag-peaux-grasses","15":"product_tag-routine-visage","16":"product_tag-teint-unifie","17":"product_tag-visage","18":"product_tag-zero-defaut","19":"yith_product_brand-the-body-shop","21":"first","22":"outofstock","23":"shipping-taxable","24":"purchasable","25":"product-type-simple"},"yoast_head":"<!-- This site is optimized with the Yoast SEO Premium plugin v20.8 (Yoast SEO v27.4) - https:\/\/yoast.com\/product\/yoast-seo-premium-wordpress\/ -->\n<title>The Body Shop Masque Nettoyant - Lab&eacute;ma Cosmetics | Dakar<\/title>\n<meta name=\"description\" content=\"The body Shop Masque Nettoyant Clarifiant \u00e0 l&#039;Argile et au Tea Tree\u00a0 aide \u00e0 purifier et rafra\u00eechir les peaux sujettes aux imperfections, pour que vous n&#039;ayez\" \/>\n<meta name=\"robots\" content=\"index, follow, max-snippet:-1, max-image-preview:large, max-video-preview:-1\" \/>\n<link rel=\"canonical\" href=\"https:\/\/labemacosmetics.com\/en\/product\/masque-nettoyant-clarifiant-a-largile-arbre-a-the\/\" \/>\n<meta property=\"og:locale\" content=\"en_GB\" \/>\n<meta property=\"og:type\" content=\"article\" \/>\n<meta property=\"og:title\" content=\"THE BODY SHOP Masque Nettoyant Clarifiant \u00e0 l&#039;Argile Arbre \u00e0 Th\u00e9\" \/>\n<meta property=\"og:description\" content=\"The body Shop Masque Nettoyant Clarifiant \u00e0 l&#039;Argile et au Tea Tree\u00a0 aide \u00e0 purifier et rafra\u00eechir les peaux sujettes aux imperfections, pour que vous n&#039;ayez\" \/>\n<meta property=\"og:url\" content=\"https:\/\/labemacosmetics.com\/en\/product\/masque-nettoyant-clarifiant-a-largile-arbre-a-the\/\" \/>\n<meta property=\"og:site_name\" content=\"Lab&eacute;ma Cosmetics\" \/>\n<meta property=\"article:publisher\" content=\"http:\/\/www.facebook.com\/labemacosmetics\" \/>\n<meta property=\"article:modified_time\" content=\"2023-11-27T13:42:08+00:00\" \/>\n<meta property=\"og:image\" content=\"https:\/\/labemacosmetics.com\/wp-content\/uploads\/2020\/12\/The_body_shop_Masque.png\" \/>\n\t<meta property=\"og:image:width\" content=\"600\" \/>\n\t<meta property=\"og:image:height\" content=\"726\" \/>\n\t<meta property=\"og:image:type\" content=\"image\/png\" \/>\n<meta name=\"twitter:card\" content=\"summary_large_image\" \/>\n<meta name=\"twitter:site\" content=\"@Labemasn\" \/>\n<meta name=\"twitter:label1\" content=\"Price\" \/>\n\t<meta name=\"twitter:data1\" content=\"12 500&nbsp;CFA\" \/>\n\t<meta name=\"twitter:label2\" content=\"Availability\" \/>\n\t<meta name=\"twitter:data2\" content=\"Out of stock\" \/>\n<script type=\"application\/ld+json\" class=\"yoast-schema-graph\">{\"@context\":\"https:\\\/\\\/schema.org\",\"@graph\":[{\"@type\":\"WebPage\",\"@id\":\"https:\\\/\\\/labemacosmetics.com\\\/en\\\/product\\\/masque-nettoyant-clarifiant-a-largile-arbre-a-the\\\/\",\"url\":\"https:\\\/\\\/labemacosmetics.com\\\/en\\\/product\\\/masque-nettoyant-clarifiant-a-largile-arbre-a-the\\\/\",\"name\":\"The Body Shop Masque Nettoyant - Lab&eacute;ma Cosmetics | Dakar\",\"isPartOf\":{\"@id\":\"https:\\\/\\\/labemacosmetics.com\\\/#website\"},\"primaryImageOfPage\":{\"@id\":\"https:\\\/\\\/labemacosmetics.com\\\/en\\\/product\\\/masque-nettoyant-clarifiant-a-largile-arbre-a-the\\\/#primaryimage\"},\"image\":{\"@id\":\"https:\\\/\\\/labemacosmetics.com\\\/en\\\/product\\\/masque-nettoyant-clarifiant-a-largile-arbre-a-the\\\/#primaryimage\"},\"thumbnailUrl\":\"https:\\\/\\\/labemacosmetics.com\\\/wp-content\\\/uploads\\\/2020\\\/12\\\/The_body_shop_Masque.png\",\"datePublished\":\"2020-12-16T20:18:56+00:00\",\"dateModified\":\"2023-11-27T13:42:08+00:00\",\"description\":\"The body Shop Masque Nettoyant Clarifiant \u00e0 l'Argile et au Tea Tree\u00a0 aide \u00e0 purifier et rafra\u00eechir les peaux sujettes aux imperfections, pour que vous n'ayez\",\"breadcrumb\":{\"@id\":\"https:\\\/\\\/labemacosmetics.com\\\/en\\\/product\\\/masque-nettoyant-clarifiant-a-largile-arbre-a-the\\\/#breadcrumb\"},\"inLanguage\":\"en-GB\",\"potentialAction\":[{\"@type\":\"ReadAction\",\"target\":[\"https:\\\/\\\/labemacosmetics.com\\\/en\\\/product\\\/masque-nettoyant-clarifiant-a-largile-arbre-a-the\\\/\"]}]},{\"@type\":\"ImageObject\",\"inLanguage\":\"en-GB\",\"@id\":\"https:\\\/\\\/labemacosmetics.com\\\/en\\\/product\\\/masque-nettoyant-clarifiant-a-largile-arbre-a-the\\\/#primaryimage\",\"url\":\"https:\\\/\\\/labemacosmetics.com\\\/wp-content\\\/uploads\\\/2020\\\/12\\\/The_body_shop_Masque.png\",\"contentUrl\":\"https:\\\/\\\/labemacosmetics.com\\\/wp-content\\\/uploads\\\/2020\\\/12\\\/The_body_shop_Masque.png\",\"width\":600,\"height\":726},{\"@type\":\"BreadcrumbList\",\"@id\":\"https:\\\/\\\/labemacosmetics.com\\\/en\\\/product\\\/masque-nettoyant-clarifiant-a-largile-arbre-a-the\\\/#breadcrumb\",\"itemListElement\":[{\"@type\":\"ListItem\",\"position\":1,\"name\":\"Accueil\",\"item\":\"https:\\\/\\\/labemacosmetics.com\\\/\"},{\"@type\":\"ListItem\",\"position\":2,\"name\":\"Produits\",\"item\":\"https:\\\/\\\/labemacosmetics.com\\\/shop\\\/\"},{\"@type\":\"ListItem\",\"position\":3,\"name\":\"THE BODY SHOP Masque Nettoyant Clarifiant \u00e0 l&rsquo;Argile Arbre \u00e0 Th\u00e9\"}]},{\"@type\":\"WebSite\",\"@id\":\"https:\\\/\\\/labemacosmetics.com\\\/#website\",\"url\":\"https:\\\/\\\/labemacosmetics.com\\\/\",\"name\":\"Lab&eacute;ma Cosmetics\",\"description\":\"\",\"potentialAction\":[{\"@type\":\"SearchAction\",\"target\":{\"@type\":\"EntryPoint\",\"urlTemplate\":\"https:\\\/\\\/labemacosmetics.com\\\/?s={search_term_string}\"},\"query-input\":{\"@type\":\"PropertyValueSpecification\",\"valueRequired\":true,\"valueName\":\"search_term_string\"}}],\"inLanguage\":\"en-GB\"}]}<\/script>\n<meta property=\"product:brand\" content=\"The Body Shop\" \/>\n<meta property=\"product:price:amount\" content=\"12500\" \/>\n<meta property=\"product:price:currency\" content=\"XOF\" \/>\n<meta property=\"og:availability\" content=\"out of stock\" \/>\n<meta property=\"product:availability\" content=\"out of stock\" \/>\n<meta property=\"product:condition\" content=\"new\" \/>\n<!-- \/ Yoast SEO Premium plugin. -->","yoast_head_json":{"title":"The Body Shop Masque Nettoyant - Lab&eacute;ma Cosmetics | Dakar","description":"The body Shop Masque Nettoyant Clarifiant \u00e0 l'Argile et au Tea Tree\u00a0 aide \u00e0 purifier et rafra\u00eechir les peaux sujettes aux imperfections, pour que vous n'ayez","robots":{"index":"index","follow":"follow","max-snippet":"max-snippet:-1","max-image-preview":"max-image-preview:large","max-video-preview":"max-video-preview:-1"},"canonical":"https:\/\/labemacosmetics.com\/en\/product\/masque-nettoyant-clarifiant-a-largile-arbre-a-the\/","og_locale":"en_GB","og_type":"article","og_title":"THE BODY SHOP Masque Nettoyant Clarifiant \u00e0 l'Argile Arbre \u00e0 Th\u00e9","og_description":"The body Shop Masque Nettoyant Clarifiant \u00e0 l'Argile et au Tea Tree\u00a0 aide \u00e0 purifier et rafra\u00eechir les peaux sujettes aux imperfections, pour que vous n'ayez","og_url":"https:\/\/labemacosmetics.com\/en\/product\/masque-nettoyant-clarifiant-a-largile-arbre-a-the\/","og_site_name":"Lab&eacute;ma Cosmetics","article_publisher":"http:\/\/www.facebook.com\/labemacosmetics","article_modified_time":"2023-11-27T13:42:08+00:00","og_image":[{"width":600,"height":726,"url":"https:\/\/labemacosmetics.com\/wp-content\/uploads\/2020\/12\/The_body_shop_Masque.png","type":"image\/png"}],"twitter_card":"summary_large_image","twitter_site":"@Labemasn","twitter_misc":{"Price":"12 500&nbsp;CFA","Availability":"Out of stock"},"schema":{"@context":"https:\/\/schema.org","@graph":[{"@type":"WebPage","@id":"https:\/\/labemacosmetics.com\/en\/product\/masque-nettoyant-clarifiant-a-largile-arbre-a-the\/","url":"https:\/\/labemacosmetics.com\/en\/product\/masque-nettoyant-clarifiant-a-largile-arbre-a-the\/","name":"The Body Shop Masque Nettoyant - Lab&eacute;ma Cosmetics | Dakar","isPartOf":{"@id":"https:\/\/labemacosmetics.com\/#website"},"primaryImageOfPage":{"@id":"https:\/\/labemacosmetics.com\/en\/product\/masque-nettoyant-clarifiant-a-largile-arbre-a-the\/#primaryimage"},"image":{"@id":"https:\/\/labemacosmetics.com\/en\/product\/masque-nettoyant-clarifiant-a-largile-arbre-a-the\/#primaryimage"},"thumbnailUrl":"https:\/\/labemacosmetics.com\/wp-content\/uploads\/2020\/12\/The_body_shop_Masque.png","datePublished":"2020-12-16T20:18:56+00:00","dateModified":"2023-11-27T13:42:08+00:00","description":"The body Shop Masque Nettoyant Clarifiant \u00e0 l'Argile et au Tea Tree\u00a0 aide \u00e0 purifier et rafra\u00eechir les peaux sujettes aux imperfections, pour que vous n'ayez","breadcrumb":{"@id":"https:\/\/labemacosmetics.com\/en\/product\/masque-nettoyant-clarifiant-a-largile-arbre-a-the\/#breadcrumb"},"inLanguage":"en-GB","potentialAction":[{"@type":"ReadAction","target":["https:\/\/labemacosmetics.com\/en\/product\/masque-nettoyant-clarifiant-a-largile-arbre-a-the\/"]}]},{"@type":"ImageObject","inLanguage":"en-GB","@id":"https:\/\/labemacosmetics.com\/en\/product\/masque-nettoyant-clarifiant-a-largile-arbre-a-the\/#primaryimage","url":"https:\/\/labemacosmetics.com\/wp-content\/uploads\/2020\/12\/The_body_shop_Masque.png","contentUrl":"https:\/\/labemacosmetics.com\/wp-content\/uploads\/2020\/12\/The_body_shop_Masque.png","width":600,"height":726},{"@type":"BreadcrumbList","@id":"https:\/\/labemacosmetics.com\/en\/product\/masque-nettoyant-clarifiant-a-largile-arbre-a-the\/#breadcrumb","itemListElement":[{"@type":"ListItem","position":1,"name":"Accueil","item":"https:\/\/labemacosmetics.com\/"},{"@type":"ListItem","position":2,"name":"Produits","item":"https:\/\/labemacosmetics.com\/shop\/"},{"@type":"ListItem","position":3,"name":"THE BODY SHOP Masque Nettoyant Clarifiant \u00e0 l&rsquo;Argile Arbre \u00e0 Th\u00e9"}]},{"@type":"WebSite","@id":"https:\/\/labemacosmetics.com\/#website","url":"https:\/\/labemacosmetics.com\/","name":"Lab&eacute;ma Cosmetics","description":"","potentialAction":[{"@type":"SearchAction","target":{"@type":"EntryPoint","urlTemplate":"https:\/\/labemacosmetics.com\/?s={search_term_string}"},"query-input":{"@type":"PropertyValueSpecification","valueRequired":true,"valueName":"search_term_string"}}],"inLanguage":"en-GB"}]},"product_brand":"The Body Shop","product_price_amount":"12500","product_price_currency":"XOF","og_availability":"out of stock","product_availability":"out of stock","product_condition":"new"},"_links":{"self":[{"href":"https:\/\/labemacosmetics.com\/en\/wp-json\/wp\/v2\/product\/6450","targetHints":{"allow":["GET"]}}],"collection":[{"href":"https:\/\/labemacosmetics.com\/en\/wp-json\/wp\/v2\/product"}],"about":[{"href":"https:\/\/labemacosmetics.com\/en\/wp-json\/wp\/v2\/types\/product"}],"replies":[{"embeddable":true,"href":"https:\/\/labemacosmetics.com\/en\/wp-json\/wp\/v2\/comments?post=6450"}],"version-history":[{"count":0,"href":"https:\/\/labemacosmetics.com\/en\/wp-json\/wp\/v2\/product\/6450\/revisions"}],"wp:featuredmedia":[{"embeddable":true,"href":"https:\/\/labemacosmetics.com\/en\/wp-json\/wp\/v2\/media\/6451"}],"wp:attachment":[{"href":"https:\/\/labemacosmetics.com\/en\/wp-json\/wp\/v2\/media?parent=6450"}],"wp:term":[{"taxonomy":"product_brand","embeddable":true,"href":"https:\/\/labemacosmetics.com\/en\/wp-json\/wp\/v2\/product_brand?post=6450"},{"taxonomy":"product_cat","embeddable":true,"href":"https:\/\/labemacosmetics.com\/en\/wp-json\/wp\/v2\/product_cat?post=6450"},{"taxonomy":"product_tag","embeddable":true,"href":"https:\/\/labemacosmetics.com\/en\/wp-json\/wp\/v2\/product_tag?post=6450"}],"curies":[{"name":"wp","href":"https:\/\/api.w.org\/{rel}","templated":true}]}}