{"id":6428,"date":"2020-12-10T20:29:33","date_gmt":"2020-12-10T19:29:33","guid":{"rendered":"https:\/\/www.labemacosmetics.com\/?post_type=product&#038;p=6428"},"modified":"2023-07-05T23:40:49","modified_gmt":"2023-07-05T22:40:49","slug":"nettoyant-pour-pinceaux-125-ml","status":"publish","type":"product","link":"https:\/\/labemacosmetics.com\/en\/product\/nettoyant-pour-pinceaux-125-ml\/","title":{"rendered":"GOLDEN ROSE Nettoyant pour pinceaux &#8211; 125 ml"},"content":{"rendered":"<p><strong>R\u00e9sultats\u00a0<\/strong><br \/>\nVos pinceaux sont nettoy\u00e9s de toutes impuret\u00e9s et de toutes traces de maquillage.<\/p>\n<p><strong>Conseils<\/strong><br \/>\nImbiber un morceau de tissu propre ou un mouchoir de nettooyant puis frotter les poils du pinceau, jusqu&rsquo;\u00e0 ce que le support ne soit plus color\u00e9. Rincer abondamment, puis laisser s\u00e9cher la t\u00eate en bas.<\/p>","protected":false},"excerpt":{"rendered":"<p><strong>R\u00e9sultats\u00a0<\/strong><br \/>\nVos pinceaux sont nettoy\u00e9s de toutes impuret\u00e9s et de toutes traces de maquillage.<\/p>\n<p><strong>Conseils<\/strong><br \/>\nImbiber un morceau de tissu propre ou un mouchoir de nettoyant puis frotter les poils du pinceau, jusqu&rsquo;\u00e0 ce que le support ne soit plus color\u00e9. Rincer abondamment, puis laisser s\u00e9cher la t\u00eate en bas.<\/p>","protected":false},"featured_media":6429,"comment_status":"open","ping_status":"closed","template":"","meta":{"om_disable_all_campaigns":false,"_mi_skip_tracking":false,"_monsterinsights_sitenote_active":false,"_monsterinsights_sitenote_note":"","_monsterinsights_sitenote_category":0},"product_brand":[],"product_cat":[106,127,125],"product_tag":[],"class_list":{"0":"post-6428","1":"product","2":"type-product","3":"status-publish","4":"has-post-thumbnail","6":"product_cat-accessoires-maquillage","7":"product_cat-boutique","8":"product_cat-pinceaux","9":"yith_product_brand-golden-rose","11":"first","12":"instock","13":"shipping-taxable","14":"purchasable","15":"product-type-simple"},"yoast_head":"<!-- This site is optimized with the Yoast SEO Premium plugin v20.8 (Yoast SEO v27.4) - https:\/\/yoast.com\/product\/yoast-seo-premium-wordpress\/ -->\n<title>GOLDEN ROSE Nettoyant pour pinceaux - 125 ml - Lab&eacute;ma Cosmetics<\/title>\n<meta name=\"description\" content=\"R\u00e9sultats Vos pinceaux sont nettoy\u00e9s de toutes impuret\u00e9s et de toutes traces de maquillage. Imbiber un morceau de tissu propre ou un mouchoir de nettooyant puis frotter les poils du pinceau, jusqu&#039;\u00e0 ce que le support ne soit plus color\u00e9. Rincer abondamment, puis laisser s\u00e9cher la t\u00eate en bas.\" \/>\n<meta name=\"robots\" content=\"index, follow, max-snippet:-1, max-image-preview:large, max-video-preview:-1\" \/>\n<link rel=\"canonical\" href=\"https:\/\/labemacosmetics.com\/en\/product\/nettoyant-pour-pinceaux-125-ml\/\" \/>\n<meta property=\"og:locale\" content=\"en_GB\" \/>\n<meta property=\"og:type\" content=\"article\" \/>\n<meta property=\"og:title\" content=\"GOLDEN ROSE Nettoyant pour pinceaux - 125 ml\" \/>\n<meta property=\"og:description\" content=\"R\u00e9sultats Vos pinceaux sont nettoy\u00e9s de toutes impuret\u00e9s et de toutes traces de maquillage. Imbiber un morceau de tissu propre ou un mouchoir de nettooyant puis frotter les poils du pinceau, jusqu&#039;\u00e0 ce que le support ne soit plus color\u00e9. Rincer abondamment, puis laisser s\u00e9cher la t\u00eate en bas.\" \/>\n<meta property=\"og:url\" content=\"https:\/\/labemacosmetics.com\/en\/product\/nettoyant-pour-pinceaux-125-ml\/\" \/>\n<meta property=\"og:site_name\" content=\"Lab&eacute;ma Cosmetics\" \/>\n<meta property=\"article:publisher\" content=\"http:\/\/www.facebook.com\/labemacosmetics\" \/>\n<meta property=\"article:modified_time\" content=\"2023-07-05T22:40:49+00:00\" \/>\n<meta property=\"og:image\" content=\"https:\/\/labemacosmetics.com\/wp-content\/uploads\/2020\/11\/nettoyant_pinceaux_125ml_golden_rose_800x800.jpg\" \/>\n\t<meta property=\"og:image:width\" content=\"800\" \/>\n\t<meta property=\"og:image:height\" content=\"800\" \/>\n\t<meta property=\"og:image:type\" content=\"image\/jpeg\" \/>\n<meta name=\"twitter:card\" content=\"summary_large_image\" \/>\n<meta name=\"twitter:site\" content=\"@Labemasn\" \/>\n<meta name=\"twitter:label1\" content=\"Price\" \/>\n\t<meta name=\"twitter:data1\" content=\"4 000&nbsp;CFA\" \/>\n\t<meta name=\"twitter:label2\" content=\"Availability\" \/>\n\t<meta name=\"twitter:data2\" content=\"In stock\" \/>\n<script type=\"application\/ld+json\" class=\"yoast-schema-graph\">{\"@context\":\"https:\\\/\\\/schema.org\",\"@graph\":[{\"@type\":\"WebPage\",\"@id\":\"https:\\\/\\\/labemacosmetics.com\\\/en\\\/product\\\/nettoyant-pour-pinceaux-125-ml\\\/\",\"url\":\"https:\\\/\\\/labemacosmetics.com\\\/en\\\/product\\\/nettoyant-pour-pinceaux-125-ml\\\/\",\"name\":\"GOLDEN ROSE Nettoyant pour pinceaux - 125 ml - Lab&eacute;ma Cosmetics\",\"isPartOf\":{\"@id\":\"https:\\\/\\\/labemacosmetics.com\\\/#website\"},\"primaryImageOfPage\":{\"@id\":\"https:\\\/\\\/labemacosmetics.com\\\/en\\\/product\\\/nettoyant-pour-pinceaux-125-ml\\\/#primaryimage\"},\"image\":{\"@id\":\"https:\\\/\\\/labemacosmetics.com\\\/en\\\/product\\\/nettoyant-pour-pinceaux-125-ml\\\/#primaryimage\"},\"thumbnailUrl\":\"https:\\\/\\\/labemacosmetics.com\\\/wp-content\\\/uploads\\\/2020\\\/11\\\/nettoyant_pinceaux_125ml_golden_rose_800x800.jpg\",\"datePublished\":\"2020-12-10T19:29:33+00:00\",\"dateModified\":\"2023-07-05T22:40:49+00:00\",\"description\":\"R\u00e9sultats Vos pinceaux sont nettoy\u00e9s de toutes impuret\u00e9s et de toutes traces de maquillage. Imbiber un morceau de tissu propre ou un mouchoir de nettooyant puis frotter les poils du pinceau, jusqu'\u00e0 ce que le support ne soit plus color\u00e9. Rincer abondamment, puis laisser s\u00e9cher la t\u00eate en bas.\",\"breadcrumb\":{\"@id\":\"https:\\\/\\\/labemacosmetics.com\\\/en\\\/product\\\/nettoyant-pour-pinceaux-125-ml\\\/#breadcrumb\"},\"inLanguage\":\"en-GB\",\"potentialAction\":[{\"@type\":\"ReadAction\",\"target\":[\"https:\\\/\\\/labemacosmetics.com\\\/en\\\/product\\\/nettoyant-pour-pinceaux-125-ml\\\/\"]}]},{\"@type\":\"ImageObject\",\"inLanguage\":\"en-GB\",\"@id\":\"https:\\\/\\\/labemacosmetics.com\\\/en\\\/product\\\/nettoyant-pour-pinceaux-125-ml\\\/#primaryimage\",\"url\":\"https:\\\/\\\/labemacosmetics.com\\\/wp-content\\\/uploads\\\/2020\\\/11\\\/nettoyant_pinceaux_125ml_golden_rose_800x800.jpg\",\"contentUrl\":\"https:\\\/\\\/labemacosmetics.com\\\/wp-content\\\/uploads\\\/2020\\\/11\\\/nettoyant_pinceaux_125ml_golden_rose_800x800.jpg\",\"width\":800,\"height\":800,\"caption\":\"pinceaux\"},{\"@type\":\"BreadcrumbList\",\"@id\":\"https:\\\/\\\/labemacosmetics.com\\\/en\\\/product\\\/nettoyant-pour-pinceaux-125-ml\\\/#breadcrumb\",\"itemListElement\":[{\"@type\":\"ListItem\",\"position\":1,\"name\":\"Accueil\",\"item\":\"https:\\\/\\\/labemacosmetics.com\\\/\"},{\"@type\":\"ListItem\",\"position\":2,\"name\":\"Produits\",\"item\":\"https:\\\/\\\/labemacosmetics.com\\\/shop\\\/\"},{\"@type\":\"ListItem\",\"position\":3,\"name\":\"GOLDEN ROSE Nettoyant pour pinceaux &#8211; 125 ml\"}]},{\"@type\":\"WebSite\",\"@id\":\"https:\\\/\\\/labemacosmetics.com\\\/#website\",\"url\":\"https:\\\/\\\/labemacosmetics.com\\\/\",\"name\":\"Lab&eacute;ma Cosmetics\",\"description\":\"\",\"potentialAction\":[{\"@type\":\"SearchAction\",\"target\":{\"@type\":\"EntryPoint\",\"urlTemplate\":\"https:\\\/\\\/labemacosmetics.com\\\/?s={search_term_string}\"},\"query-input\":{\"@type\":\"PropertyValueSpecification\",\"valueRequired\":true,\"valueName\":\"search_term_string\"}}],\"inLanguage\":\"en-GB\"}]}<\/script>\n<meta property=\"product:brand\" content=\"Golden Rose\" \/>\n<meta property=\"product:price:amount\" content=\"4000\" \/>\n<meta property=\"product:price:currency\" content=\"XOF\" \/>\n<meta property=\"og:availability\" content=\"instock\" \/>\n<meta property=\"product:availability\" content=\"instock\" \/>\n<meta property=\"product:retailer_item_id\" content=\"2\" \/>\n<meta property=\"product:condition\" content=\"new\" \/>\n<!-- \/ Yoast SEO Premium plugin. -->","yoast_head_json":{"title":"GOLDEN ROSE Nettoyant pour pinceaux - 125 ml - Lab&eacute;ma Cosmetics","description":"R\u00e9sultats Vos pinceaux sont nettoy\u00e9s de toutes impuret\u00e9s et de toutes traces de maquillage. Imbiber un morceau de tissu propre ou un mouchoir de nettooyant puis frotter les poils du pinceau, jusqu'\u00e0 ce que le support ne soit plus color\u00e9. Rincer abondamment, puis laisser s\u00e9cher la t\u00eate en bas.","robots":{"index":"index","follow":"follow","max-snippet":"max-snippet:-1","max-image-preview":"max-image-preview:large","max-video-preview":"max-video-preview:-1"},"canonical":"https:\/\/labemacosmetics.com\/en\/product\/nettoyant-pour-pinceaux-125-ml\/","og_locale":"en_GB","og_type":"article","og_title":"GOLDEN ROSE Nettoyant pour pinceaux - 125 ml","og_description":"R\u00e9sultats Vos pinceaux sont nettoy\u00e9s de toutes impuret\u00e9s et de toutes traces de maquillage. Imbiber un morceau de tissu propre ou un mouchoir de nettooyant puis frotter les poils du pinceau, jusqu'\u00e0 ce que le support ne soit plus color\u00e9. Rincer abondamment, puis laisser s\u00e9cher la t\u00eate en bas.","og_url":"https:\/\/labemacosmetics.com\/en\/product\/nettoyant-pour-pinceaux-125-ml\/","og_site_name":"Lab&eacute;ma Cosmetics","article_publisher":"http:\/\/www.facebook.com\/labemacosmetics","article_modified_time":"2023-07-05T22:40:49+00:00","og_image":[{"width":800,"height":800,"url":"https:\/\/labemacosmetics.com\/wp-content\/uploads\/2020\/11\/nettoyant_pinceaux_125ml_golden_rose_800x800.jpg","type":"image\/jpeg"}],"twitter_card":"summary_large_image","twitter_site":"@Labemasn","twitter_misc":{"Price":"4 000&nbsp;CFA","Availability":"In stock"},"schema":{"@context":"https:\/\/schema.org","@graph":[{"@type":"WebPage","@id":"https:\/\/labemacosmetics.com\/en\/product\/nettoyant-pour-pinceaux-125-ml\/","url":"https:\/\/labemacosmetics.com\/en\/product\/nettoyant-pour-pinceaux-125-ml\/","name":"GOLDEN ROSE Nettoyant pour pinceaux - 125 ml - Lab&eacute;ma Cosmetics","isPartOf":{"@id":"https:\/\/labemacosmetics.com\/#website"},"primaryImageOfPage":{"@id":"https:\/\/labemacosmetics.com\/en\/product\/nettoyant-pour-pinceaux-125-ml\/#primaryimage"},"image":{"@id":"https:\/\/labemacosmetics.com\/en\/product\/nettoyant-pour-pinceaux-125-ml\/#primaryimage"},"thumbnailUrl":"https:\/\/labemacosmetics.com\/wp-content\/uploads\/2020\/11\/nettoyant_pinceaux_125ml_golden_rose_800x800.jpg","datePublished":"2020-12-10T19:29:33+00:00","dateModified":"2023-07-05T22:40:49+00:00","description":"R\u00e9sultats Vos pinceaux sont nettoy\u00e9s de toutes impuret\u00e9s et de toutes traces de maquillage. Imbiber un morceau de tissu propre ou un mouchoir de nettooyant puis frotter les poils du pinceau, jusqu'\u00e0 ce que le support ne soit plus color\u00e9. Rincer abondamment, puis laisser s\u00e9cher la t\u00eate en bas.","breadcrumb":{"@id":"https:\/\/labemacosmetics.com\/en\/product\/nettoyant-pour-pinceaux-125-ml\/#breadcrumb"},"inLanguage":"en-GB","potentialAction":[{"@type":"ReadAction","target":["https:\/\/labemacosmetics.com\/en\/product\/nettoyant-pour-pinceaux-125-ml\/"]}]},{"@type":"ImageObject","inLanguage":"en-GB","@id":"https:\/\/labemacosmetics.com\/en\/product\/nettoyant-pour-pinceaux-125-ml\/#primaryimage","url":"https:\/\/labemacosmetics.com\/wp-content\/uploads\/2020\/11\/nettoyant_pinceaux_125ml_golden_rose_800x800.jpg","contentUrl":"https:\/\/labemacosmetics.com\/wp-content\/uploads\/2020\/11\/nettoyant_pinceaux_125ml_golden_rose_800x800.jpg","width":800,"height":800,"caption":"pinceaux"},{"@type":"BreadcrumbList","@id":"https:\/\/labemacosmetics.com\/en\/product\/nettoyant-pour-pinceaux-125-ml\/#breadcrumb","itemListElement":[{"@type":"ListItem","position":1,"name":"Accueil","item":"https:\/\/labemacosmetics.com\/"},{"@type":"ListItem","position":2,"name":"Produits","item":"https:\/\/labemacosmetics.com\/shop\/"},{"@type":"ListItem","position":3,"name":"GOLDEN ROSE Nettoyant pour pinceaux &#8211; 125 ml"}]},{"@type":"WebSite","@id":"https:\/\/labemacosmetics.com\/#website","url":"https:\/\/labemacosmetics.com\/","name":"Lab&eacute;ma Cosmetics","description":"","potentialAction":[{"@type":"SearchAction","target":{"@type":"EntryPoint","urlTemplate":"https:\/\/labemacosmetics.com\/?s={search_term_string}"},"query-input":{"@type":"PropertyValueSpecification","valueRequired":true,"valueName":"search_term_string"}}],"inLanguage":"en-GB"}]},"product_brand":"Golden Rose","product_price_amount":"4000","product_price_currency":"XOF","og_availability":"instock","product_availability":"instock","product_retailer_item_id":"2","product_condition":"new"},"_links":{"self":[{"href":"https:\/\/labemacosmetics.com\/en\/wp-json\/wp\/v2\/product\/6428","targetHints":{"allow":["GET"]}}],"collection":[{"href":"https:\/\/labemacosmetics.com\/en\/wp-json\/wp\/v2\/product"}],"about":[{"href":"https:\/\/labemacosmetics.com\/en\/wp-json\/wp\/v2\/types\/product"}],"replies":[{"embeddable":true,"href":"https:\/\/labemacosmetics.com\/en\/wp-json\/wp\/v2\/comments?post=6428"}],"version-history":[{"count":0,"href":"https:\/\/labemacosmetics.com\/en\/wp-json\/wp\/v2\/product\/6428\/revisions"}],"wp:featuredmedia":[{"embeddable":true,"href":"https:\/\/labemacosmetics.com\/en\/wp-json\/wp\/v2\/media\/6429"}],"wp:attachment":[{"href":"https:\/\/labemacosmetics.com\/en\/wp-json\/wp\/v2\/media?parent=6428"}],"wp:term":[{"taxonomy":"product_brand","embeddable":true,"href":"https:\/\/labemacosmetics.com\/en\/wp-json\/wp\/v2\/product_brand?post=6428"},{"taxonomy":"product_cat","embeddable":true,"href":"https:\/\/labemacosmetics.com\/en\/wp-json\/wp\/v2\/product_cat?post=6428"},{"taxonomy":"product_tag","embeddable":true,"href":"https:\/\/labemacosmetics.com\/en\/wp-json\/wp\/v2\/product_tag?post=6428"}],"curies":[{"name":"wp","href":"https:\/\/api.w.org\/{rel}","templated":true}]}}