{"id":6416,"date":"2020-12-10T20:33:18","date_gmt":"2020-12-10T19:33:18","guid":{"rendered":"https:\/\/www.labemacosmetics.com\/?post_type=product&#038;p=6416"},"modified":"2023-06-26T02:05:09","modified_gmt":"2023-06-26T01:05:09","slug":"kit-de-10-pinceaux-spectre-prisme-teint-yeux","status":"publish","type":"product","link":"https:\/\/labemacosmetics.com\/en\/product\/kit-de-10-pinceaux-spectre-prisme-teint-yeux\/","title":{"rendered":"Kit de 10 pinceaux &#8211; Spectre &#038; prisme &#8211; Teint &#038; yeux"},"content":{"rendered":"<p><strong>Ce kit contient\u00a0:<\/strong><br \/>\n&#8211;\u00a05 pinceaux brosses teint et contouring<br \/>\n&#8211;\u00a05 pinceaux brosses yeux<\/p>\n<p><strong>Pour qui\u00a0?<\/strong><br \/>\nPour les professionnelles et les d\u00e9butantes.<\/p>\n<p><strong>R\u00e9sultats beaut\u00e9<\/strong><br \/>\nLes pigments de couleur sont captur\u00e9s pour d\u00e9poser la mati\u00e8re uniform\u00e9ment.<br \/>\n<strong>\u00a0<\/strong><br \/>\n<strong>On aime<\/strong><br \/>\n&#8211; La densit\u00e9 de poils sans \u00e9gale<br \/>\n&#8211; Leur finition professionnelle<br \/>\n&#8211; Leur design ultra-girly<\/p>\n<p><strong>Conseils beaut\u00e9<\/strong><br \/>\nAppliquer directement le produit sur le pinceau. R\u00e9aliser des mouvements rotatifs sur le visage tout en douceur pour estomper la mati\u00e8re. Nettoyer fr\u00e9quemment vos pinceaux avec un shampoing doux pour prolongez leur dur\u00e9e de vie.<\/p>","protected":false},"excerpt":{"rendered":"<p>Appliquer directement le produit sur le pinceau. R\u00e9aliser des mouvements rotatifs sur le visage tout en douceur pour estomper la mati\u00e8re. Nettoyer fr\u00e9quemment vos pinceaux avec un shampoing doux pour prolongez leur dur\u00e9e de vie.<\/p>","protected":false},"featured_media":6417,"comment_status":"open","ping_status":"closed","template":"","meta":{"om_disable_all_campaigns":false,"_mi_skip_tracking":false,"_monsterinsights_sitenote_active":false,"_monsterinsights_sitenote_note":"","_monsterinsights_sitenote_category":0},"product_brand":[],"product_cat":[106,127,103,125],"product_tag":[],"class_list":{"0":"post-6416","1":"product","2":"type-product","3":"status-publish","4":"has-post-thumbnail","6":"product_cat-accessoires-maquillage","7":"product_cat-boutique","8":"product_cat-maquillage","9":"product_cat-pinceaux","10":"yith_product_brand-fascination","12":"first","13":"instock","14":"shipping-taxable","15":"purchasable","16":"product-type-simple"},"yoast_head":"<!-- This site is optimized with the Yoast SEO Premium plugin v20.8 (Yoast SEO v27.4) - https:\/\/yoast.com\/product\/yoast-seo-premium-wordpress\/ -->\n<title>Kit de 10 pinceaux - Spectre &amp; prisme - Teint &amp; yeux - Lab&eacute;ma Cosmetics<\/title>\n<meta name=\"description\" content=\"Appliquer directement le produit sur le pinceau. R\u00e9aliser des mouvements rotatifs sur le visage tout en douceur pour estomper la mati\u00e8re. Nettoyer fr\u00e9quemment vos pinceaux avec un shampoing doux pour prolongez leur dur\u00e9e de vie.\" \/>\n<meta name=\"robots\" content=\"index, follow, max-snippet:-1, max-image-preview:large, max-video-preview:-1\" \/>\n<link rel=\"canonical\" href=\"https:\/\/labemacosmetics.com\/en\/product\/kit-de-10-pinceaux-spectre-prisme-teint-yeux\/\" \/>\n<meta property=\"og:locale\" content=\"en_GB\" \/>\n<meta property=\"og:type\" content=\"article\" \/>\n<meta property=\"og:title\" content=\"Kit de 10 pinceaux - Spectre &amp; prisme - Teint &amp; yeux\" \/>\n<meta property=\"og:description\" content=\"Appliquer directement le produit sur le pinceau. R\u00e9aliser des mouvements rotatifs sur le visage tout en douceur pour estomper la mati\u00e8re. Nettoyer fr\u00e9quemment vos pinceaux avec un shampoing doux pour prolongez leur dur\u00e9e de vie.\" \/>\n<meta property=\"og:url\" content=\"https:\/\/labemacosmetics.com\/en\/product\/kit-de-10-pinceaux-spectre-prisme-teint-yeux\/\" \/>\n<meta property=\"og:site_name\" content=\"Lab&eacute;ma Cosmetics\" \/>\n<meta property=\"article:publisher\" content=\"http:\/\/www.facebook.com\/labemacosmetics\" \/>\n<meta property=\"article:modified_time\" content=\"2023-06-26T01:05:09+00:00\" \/>\n<meta property=\"og:image\" content=\"https:\/\/labemacosmetics.com\/wp-content\/uploads\/2020\/11\/t\u00e9l\u00e9chargement.jpg\" \/>\n\t<meta property=\"og:image:width\" content=\"225\" \/>\n\t<meta property=\"og:image:height\" content=\"225\" \/>\n\t<meta property=\"og:image:type\" content=\"image\/jpeg\" \/>\n<meta name=\"twitter:card\" content=\"summary_large_image\" \/>\n<meta name=\"twitter:site\" content=\"@Labemasn\" \/>\n<meta name=\"twitter:label1\" content=\"Price\" \/>\n\t<meta name=\"twitter:data1\" content=\"12 000&nbsp;CFA\" \/>\n\t<meta name=\"twitter:label2\" content=\"Availability\" \/>\n\t<meta name=\"twitter:data2\" content=\"In stock\" \/>\n<script type=\"application\/ld+json\" class=\"yoast-schema-graph\">{\"@context\":\"https:\\\/\\\/schema.org\",\"@graph\":[{\"@type\":\"WebPage\",\"@id\":\"https:\\\/\\\/labemacosmetics.com\\\/en\\\/product\\\/kit-de-10-pinceaux-spectre-prisme-teint-yeux\\\/\",\"url\":\"https:\\\/\\\/labemacosmetics.com\\\/en\\\/product\\\/kit-de-10-pinceaux-spectre-prisme-teint-yeux\\\/\",\"name\":\"Kit de 10 pinceaux - Spectre & prisme - Teint & yeux - Lab&eacute;ma Cosmetics\",\"isPartOf\":{\"@id\":\"https:\\\/\\\/labemacosmetics.com\\\/#website\"},\"primaryImageOfPage\":{\"@id\":\"https:\\\/\\\/labemacosmetics.com\\\/en\\\/product\\\/kit-de-10-pinceaux-spectre-prisme-teint-yeux\\\/#primaryimage\"},\"image\":{\"@id\":\"https:\\\/\\\/labemacosmetics.com\\\/en\\\/product\\\/kit-de-10-pinceaux-spectre-prisme-teint-yeux\\\/#primaryimage\"},\"thumbnailUrl\":\"https:\\\/\\\/labemacosmetics.com\\\/wp-content\\\/uploads\\\/2020\\\/11\\\/t\u00e9l\u00e9chargement.jpg\",\"datePublished\":\"2020-12-10T19:33:18+00:00\",\"dateModified\":\"2023-06-26T01:05:09+00:00\",\"description\":\"Appliquer directement le produit sur le pinceau. R\u00e9aliser des mouvements rotatifs sur le visage tout en douceur pour estomper la mati\u00e8re. Nettoyer fr\u00e9quemment vos pinceaux avec un shampoing doux pour prolongez leur dur\u00e9e de vie.\",\"breadcrumb\":{\"@id\":\"https:\\\/\\\/labemacosmetics.com\\\/en\\\/product\\\/kit-de-10-pinceaux-spectre-prisme-teint-yeux\\\/#breadcrumb\"},\"inLanguage\":\"en-GB\",\"potentialAction\":[{\"@type\":\"ReadAction\",\"target\":[\"https:\\\/\\\/labemacosmetics.com\\\/en\\\/product\\\/kit-de-10-pinceaux-spectre-prisme-teint-yeux\\\/\"]}]},{\"@type\":\"ImageObject\",\"inLanguage\":\"en-GB\",\"@id\":\"https:\\\/\\\/labemacosmetics.com\\\/en\\\/product\\\/kit-de-10-pinceaux-spectre-prisme-teint-yeux\\\/#primaryimage\",\"url\":\"https:\\\/\\\/labemacosmetics.com\\\/wp-content\\\/uploads\\\/2020\\\/11\\\/t\u00e9l\u00e9chargement.jpg\",\"contentUrl\":\"https:\\\/\\\/labemacosmetics.com\\\/wp-content\\\/uploads\\\/2020\\\/11\\\/t\u00e9l\u00e9chargement.jpg\",\"width\":225,\"height\":225},{\"@type\":\"BreadcrumbList\",\"@id\":\"https:\\\/\\\/labemacosmetics.com\\\/en\\\/product\\\/kit-de-10-pinceaux-spectre-prisme-teint-yeux\\\/#breadcrumb\",\"itemListElement\":[{\"@type\":\"ListItem\",\"position\":1,\"name\":\"Accueil\",\"item\":\"https:\\\/\\\/labemacosmetics.com\\\/\"},{\"@type\":\"ListItem\",\"position\":2,\"name\":\"Produits\",\"item\":\"https:\\\/\\\/labemacosmetics.com\\\/shop\\\/\"},{\"@type\":\"ListItem\",\"position\":3,\"name\":\"Kit de 10 pinceaux &#8211; Spectre &#038; prisme &#8211; Teint &#038; yeux\"}]},{\"@type\":\"WebSite\",\"@id\":\"https:\\\/\\\/labemacosmetics.com\\\/#website\",\"url\":\"https:\\\/\\\/labemacosmetics.com\\\/\",\"name\":\"Lab&eacute;ma Cosmetics\",\"description\":\"\",\"potentialAction\":[{\"@type\":\"SearchAction\",\"target\":{\"@type\":\"EntryPoint\",\"urlTemplate\":\"https:\\\/\\\/labemacosmetics.com\\\/?s={search_term_string}\"},\"query-input\":{\"@type\":\"PropertyValueSpecification\",\"valueRequired\":true,\"valueName\":\"search_term_string\"}}],\"inLanguage\":\"en-GB\"}]}<\/script>\n<meta property=\"product:brand\" content=\"Fascination\" \/>\n<meta property=\"product:price:amount\" content=\"12000\" \/>\n<meta property=\"product:price:currency\" content=\"XOF\" \/>\n<meta property=\"og:availability\" content=\"instock\" \/>\n<meta property=\"product:availability\" content=\"instock\" \/>\n<meta property=\"product:condition\" content=\"new\" \/>\n<!-- \/ Yoast SEO Premium plugin. -->","yoast_head_json":{"title":"Kit de 10 pinceaux - Spectre & prisme - Teint & yeux - Lab&eacute;ma Cosmetics","description":"Appliquer directement le produit sur le pinceau. R\u00e9aliser des mouvements rotatifs sur le visage tout en douceur pour estomper la mati\u00e8re. Nettoyer fr\u00e9quemment vos pinceaux avec un shampoing doux pour prolongez leur dur\u00e9e de vie.","robots":{"index":"index","follow":"follow","max-snippet":"max-snippet:-1","max-image-preview":"max-image-preview:large","max-video-preview":"max-video-preview:-1"},"canonical":"https:\/\/labemacosmetics.com\/en\/product\/kit-de-10-pinceaux-spectre-prisme-teint-yeux\/","og_locale":"en_GB","og_type":"article","og_title":"Kit de 10 pinceaux - Spectre & prisme - Teint & yeux","og_description":"Appliquer directement le produit sur le pinceau. R\u00e9aliser des mouvements rotatifs sur le visage tout en douceur pour estomper la mati\u00e8re. Nettoyer fr\u00e9quemment vos pinceaux avec un shampoing doux pour prolongez leur dur\u00e9e de vie.","og_url":"https:\/\/labemacosmetics.com\/en\/product\/kit-de-10-pinceaux-spectre-prisme-teint-yeux\/","og_site_name":"Lab&eacute;ma Cosmetics","article_publisher":"http:\/\/www.facebook.com\/labemacosmetics","article_modified_time":"2023-06-26T01:05:09+00:00","og_image":[{"width":225,"height":225,"url":"https:\/\/labemacosmetics.com\/wp-content\/uploads\/2020\/11\/t\u00e9l\u00e9chargement.jpg","type":"image\/jpeg"}],"twitter_card":"summary_large_image","twitter_site":"@Labemasn","twitter_misc":{"Price":"12 000&nbsp;CFA","Availability":"In stock"},"schema":{"@context":"https:\/\/schema.org","@graph":[{"@type":"WebPage","@id":"https:\/\/labemacosmetics.com\/en\/product\/kit-de-10-pinceaux-spectre-prisme-teint-yeux\/","url":"https:\/\/labemacosmetics.com\/en\/product\/kit-de-10-pinceaux-spectre-prisme-teint-yeux\/","name":"Kit de 10 pinceaux - Spectre & prisme - Teint & yeux - Lab&eacute;ma Cosmetics","isPartOf":{"@id":"https:\/\/labemacosmetics.com\/#website"},"primaryImageOfPage":{"@id":"https:\/\/labemacosmetics.com\/en\/product\/kit-de-10-pinceaux-spectre-prisme-teint-yeux\/#primaryimage"},"image":{"@id":"https:\/\/labemacosmetics.com\/en\/product\/kit-de-10-pinceaux-spectre-prisme-teint-yeux\/#primaryimage"},"thumbnailUrl":"https:\/\/labemacosmetics.com\/wp-content\/uploads\/2020\/11\/t\u00e9l\u00e9chargement.jpg","datePublished":"2020-12-10T19:33:18+00:00","dateModified":"2023-06-26T01:05:09+00:00","description":"Appliquer directement le produit sur le pinceau. R\u00e9aliser des mouvements rotatifs sur le visage tout en douceur pour estomper la mati\u00e8re. Nettoyer fr\u00e9quemment vos pinceaux avec un shampoing doux pour prolongez leur dur\u00e9e de vie.","breadcrumb":{"@id":"https:\/\/labemacosmetics.com\/en\/product\/kit-de-10-pinceaux-spectre-prisme-teint-yeux\/#breadcrumb"},"inLanguage":"en-GB","potentialAction":[{"@type":"ReadAction","target":["https:\/\/labemacosmetics.com\/en\/product\/kit-de-10-pinceaux-spectre-prisme-teint-yeux\/"]}]},{"@type":"ImageObject","inLanguage":"en-GB","@id":"https:\/\/labemacosmetics.com\/en\/product\/kit-de-10-pinceaux-spectre-prisme-teint-yeux\/#primaryimage","url":"https:\/\/labemacosmetics.com\/wp-content\/uploads\/2020\/11\/t\u00e9l\u00e9chargement.jpg","contentUrl":"https:\/\/labemacosmetics.com\/wp-content\/uploads\/2020\/11\/t\u00e9l\u00e9chargement.jpg","width":225,"height":225},{"@type":"BreadcrumbList","@id":"https:\/\/labemacosmetics.com\/en\/product\/kit-de-10-pinceaux-spectre-prisme-teint-yeux\/#breadcrumb","itemListElement":[{"@type":"ListItem","position":1,"name":"Accueil","item":"https:\/\/labemacosmetics.com\/"},{"@type":"ListItem","position":2,"name":"Produits","item":"https:\/\/labemacosmetics.com\/shop\/"},{"@type":"ListItem","position":3,"name":"Kit de 10 pinceaux &#8211; Spectre &#038; prisme &#8211; Teint &#038; yeux"}]},{"@type":"WebSite","@id":"https:\/\/labemacosmetics.com\/#website","url":"https:\/\/labemacosmetics.com\/","name":"Lab&eacute;ma Cosmetics","description":"","potentialAction":[{"@type":"SearchAction","target":{"@type":"EntryPoint","urlTemplate":"https:\/\/labemacosmetics.com\/?s={search_term_string}"},"query-input":{"@type":"PropertyValueSpecification","valueRequired":true,"valueName":"search_term_string"}}],"inLanguage":"en-GB"}]},"product_brand":"Fascination","product_price_amount":"12000","product_price_currency":"XOF","og_availability":"instock","product_availability":"instock","product_condition":"new"},"_links":{"self":[{"href":"https:\/\/labemacosmetics.com\/en\/wp-json\/wp\/v2\/product\/6416","targetHints":{"allow":["GET"]}}],"collection":[{"href":"https:\/\/labemacosmetics.com\/en\/wp-json\/wp\/v2\/product"}],"about":[{"href":"https:\/\/labemacosmetics.com\/en\/wp-json\/wp\/v2\/types\/product"}],"replies":[{"embeddable":true,"href":"https:\/\/labemacosmetics.com\/en\/wp-json\/wp\/v2\/comments?post=6416"}],"version-history":[{"count":0,"href":"https:\/\/labemacosmetics.com\/en\/wp-json\/wp\/v2\/product\/6416\/revisions"}],"wp:featuredmedia":[{"embeddable":true,"href":"https:\/\/labemacosmetics.com\/en\/wp-json\/wp\/v2\/media\/6417"}],"wp:attachment":[{"href":"https:\/\/labemacosmetics.com\/en\/wp-json\/wp\/v2\/media?parent=6416"}],"wp:term":[{"taxonomy":"product_brand","embeddable":true,"href":"https:\/\/labemacosmetics.com\/en\/wp-json\/wp\/v2\/product_brand?post=6416"},{"taxonomy":"product_cat","embeddable":true,"href":"https:\/\/labemacosmetics.com\/en\/wp-json\/wp\/v2\/product_cat?post=6416"},{"taxonomy":"product_tag","embeddable":true,"href":"https:\/\/labemacosmetics.com\/en\/wp-json\/wp\/v2\/product_tag?post=6416"}],"curies":[{"name":"wp","href":"https:\/\/api.w.org\/{rel}","templated":true}]}}