{"id":6410,"date":"2020-12-10T20:34:51","date_gmt":"2020-12-10T19:34:51","guid":{"rendered":"https:\/\/www.labemacosmetics.com\/?post_type=product&#038;p=6410"},"modified":"2023-05-21T13:10:17","modified_gmt":"2023-05-21T12:10:17","slug":"poudre-banana-dreams-w7","status":"publish","type":"product","link":"https:\/\/labemacosmetics.com\/en\/product\/poudre-banana-dreams-w7\/","title":{"rendered":"Poudre Banana Dreams W7"},"content":{"rendered":"<h2>Poudre Banana Dreams W7<\/h2>\n<p>Poudre Banana Dreams W7 est une poudre ultra-fine con\u00e7ue pour prolonger la tenue du maquillage et matifier le teint. Ses pigments jaunes corrigent les rougeurs et att\u00e9nuent les cernes bleut\u00e9s tout en fixant durablement le teint.<br \/>\nElle floute les imperfections et petites ridules pour une peau visiblement plus lisse.<\/p>\n<p>La poudre Poudre Banana Dreams s\u2019adapte \u00e0 toutes les couleurs de peau.<\/p>\n<p><strong>Conseils d\u2019application:<\/strong><\/p>\n<p>Avec votre pinceau poudre pr\u00e9levez une petite quantit\u00e9 de votre poudre Banana Dreams, tapotez l\u2019exc\u00e8s.<br \/>\nAppliquez sur l\u2019ensemble du visage avec un mouvement a\u00e9rien pour fixer le maquillage.<\/p>\n<p>Appliquez la poudre Banana Dreams pour fixer l\u2019anti-cernes. Insistez sur la zone T pour un teint lumineux sans brillance.<\/p>\n<p><strong>Contenance:<\/strong>\u00a020g<\/p>","protected":false},"excerpt":{"rendered":"<p>Poudre Banana Dreams W7 est une poudre ultra-fine con\u00e7ue pour prolonger la tenue du maquillage et matifier le teint. Ses pigments jaunes corrigent les rougeurs et att\u00e9nuent les cernes bleut\u00e9s tout en fixant durablement le teint.<\/p>","protected":false},"featured_media":6411,"comment_status":"open","ping_status":"closed","template":"","meta":{"om_disable_all_campaigns":false,"_mi_skip_tracking":false,"_monsterinsights_sitenote_active":false,"_monsterinsights_sitenote_note":"","_monsterinsights_sitenote_category":0},"product_brand":[],"product_cat":[127,103,118,108],"product_tag":[],"class_list":{"0":"post-6410","1":"product","2":"type-product","3":"status-publish","4":"has-post-thumbnail","6":"product_cat-boutique","7":"product_cat-maquillage","8":"product_cat-poudre","9":"product_cat-teint","10":"yith_product_brand-w7","12":"first","13":"instock","14":"shipping-taxable","15":"purchasable","16":"product-type-simple"},"yoast_head":"<!-- This site is optimized with the Yoast SEO Premium plugin v20.8 (Yoast SEO v27.4) - https:\/\/yoast.com\/product\/yoast-seo-premium-wordpress\/ -->\n<title>Poudre Banana Dreams W7 - Lab&eacute;ma Cosmetics<\/title>\n<meta name=\"description\" content=\"Poudre Banana Dreams W7 est une poudre ultra-fine con\u00e7ue pour prolonger la tenue du maquillage et matifier le teint. Ses pigments jaunes corrigent les rougeurs et att\u00e9nuent les cernes bleut\u00e9s tout en fixant durablement le teint.\" \/>\n<meta name=\"robots\" content=\"index, follow, max-snippet:-1, max-image-preview:large, max-video-preview:-1\" \/>\n<link rel=\"canonical\" href=\"https:\/\/labemacosmetics.com\/en\/product\/poudre-banana-dreams-w7\/\" \/>\n<meta property=\"og:locale\" content=\"en_GB\" \/>\n<meta property=\"og:type\" content=\"article\" \/>\n<meta property=\"og:title\" content=\"Poudre Banana Dreams W7\" \/>\n<meta property=\"og:description\" content=\"Poudre Banana Dreams W7 est une poudre ultra-fine con\u00e7ue pour prolonger la tenue du maquillage et matifier le teint. Ses pigments jaunes corrigent les rougeurs et att\u00e9nuent les cernes bleut\u00e9s tout en fixant durablement le teint.\" \/>\n<meta property=\"og:url\" content=\"https:\/\/labemacosmetics.com\/en\/product\/poudre-banana-dreams-w7\/\" \/>\n<meta property=\"og:site_name\" content=\"Lab&eacute;ma Cosmetics\" \/>\n<meta property=\"article:publisher\" content=\"http:\/\/www.facebook.com\/labemacosmetics\" \/>\n<meta property=\"article:modified_time\" content=\"2023-05-21T12:10:17+00:00\" \/>\n<meta property=\"og:image\" content=\"https:\/\/labemacosmetics.com\/wp-content\/uploads\/2020\/11\/Poudre-Banana-Dreams-W7.jpg\" \/>\n\t<meta property=\"og:image:width\" content=\"800\" \/>\n\t<meta property=\"og:image:height\" content=\"800\" \/>\n\t<meta property=\"og:image:type\" content=\"image\/jpeg\" \/>\n<meta name=\"twitter:card\" content=\"summary_large_image\" \/>\n<meta name=\"twitter:site\" content=\"@Labemasn\" \/>\n<meta name=\"twitter:label1\" content=\"Price\" \/>\n\t<meta name=\"twitter:data1\" content=\"6 000&nbsp;CFA\" \/>\n\t<meta name=\"twitter:label2\" content=\"Availability\" \/>\n\t<meta name=\"twitter:data2\" content=\"In stock\" \/>\n<script type=\"application\/ld+json\" class=\"yoast-schema-graph\">{\"@context\":\"https:\\\/\\\/schema.org\",\"@graph\":[{\"@type\":\"WebPage\",\"@id\":\"https:\\\/\\\/labemacosmetics.com\\\/produit\\\/poudre-banana-dreams-w7\\\/\",\"url\":\"https:\\\/\\\/labemacosmetics.com\\\/produit\\\/poudre-banana-dreams-w7\\\/\",\"name\":\"Poudre Banana Dreams W7 - Lab&eacute;ma Cosmetics\",\"isPartOf\":{\"@id\":\"https:\\\/\\\/labemacosmetics.com\\\/#website\"},\"primaryImageOfPage\":{\"@id\":\"https:\\\/\\\/labemacosmetics.com\\\/produit\\\/poudre-banana-dreams-w7\\\/#primaryimage\"},\"image\":{\"@id\":\"https:\\\/\\\/labemacosmetics.com\\\/produit\\\/poudre-banana-dreams-w7\\\/#primaryimage\"},\"thumbnailUrl\":\"https:\\\/\\\/labemacosmetics.com\\\/wp-content\\\/uploads\\\/2020\\\/11\\\/Poudre-Banana-Dreams-W7.jpg\",\"datePublished\":\"2020-12-10T19:34:51+00:00\",\"dateModified\":\"2023-05-21T12:10:17+00:00\",\"description\":\"Poudre Banana Dreams W7 est une poudre ultra-fine con\u00e7ue pour prolonger la tenue du maquillage et matifier le teint. Ses pigments jaunes corrigent les rougeurs et att\u00e9nuent les cernes bleut\u00e9s tout en fixant durablement le teint.\",\"breadcrumb\":{\"@id\":\"https:\\\/\\\/labemacosmetics.com\\\/produit\\\/poudre-banana-dreams-w7\\\/#breadcrumb\"},\"inLanguage\":\"en-GB\",\"potentialAction\":[{\"@type\":\"ReadAction\",\"target\":[\"https:\\\/\\\/labemacosmetics.com\\\/produit\\\/poudre-banana-dreams-w7\\\/\"]}]},{\"@type\":\"ImageObject\",\"inLanguage\":\"en-GB\",\"@id\":\"https:\\\/\\\/labemacosmetics.com\\\/produit\\\/poudre-banana-dreams-w7\\\/#primaryimage\",\"url\":\"https:\\\/\\\/labemacosmetics.com\\\/wp-content\\\/uploads\\\/2020\\\/11\\\/Poudre-Banana-Dreams-W7.jpg\",\"contentUrl\":\"https:\\\/\\\/labemacosmetics.com\\\/wp-content\\\/uploads\\\/2020\\\/11\\\/Poudre-Banana-Dreams-W7.jpg\",\"width\":800,\"height\":800,\"caption\":\"banana\"},{\"@type\":\"BreadcrumbList\",\"@id\":\"https:\\\/\\\/labemacosmetics.com\\\/produit\\\/poudre-banana-dreams-w7\\\/#breadcrumb\",\"itemListElement\":[{\"@type\":\"ListItem\",\"position\":1,\"name\":\"Accueil\",\"item\":\"https:\\\/\\\/labemacosmetics.com\\\/\"},{\"@type\":\"ListItem\",\"position\":2,\"name\":\"Produits\",\"item\":\"https:\\\/\\\/labemacosmetics.com\\\/shop\\\/\"},{\"@type\":\"ListItem\",\"position\":3,\"name\":\"Poudre Banana Dreams W7\"}]},{\"@type\":\"WebSite\",\"@id\":\"https:\\\/\\\/labemacosmetics.com\\\/#website\",\"url\":\"https:\\\/\\\/labemacosmetics.com\\\/\",\"name\":\"Lab&eacute;ma Cosmetics\",\"description\":\"\",\"potentialAction\":[{\"@type\":\"SearchAction\",\"target\":{\"@type\":\"EntryPoint\",\"urlTemplate\":\"https:\\\/\\\/labemacosmetics.com\\\/?s={search_term_string}\"},\"query-input\":{\"@type\":\"PropertyValueSpecification\",\"valueRequired\":true,\"valueName\":\"search_term_string\"}}],\"inLanguage\":\"en-GB\"}]}<\/script>\n<meta property=\"product:brand\" content=\"W7\" \/>\n<meta property=\"product:price:amount\" content=\"6000\" \/>\n<meta property=\"product:price:currency\" content=\"XOF\" \/>\n<meta property=\"og:availability\" content=\"instock\" \/>\n<meta property=\"product:availability\" content=\"instock\" \/>\n<meta property=\"product:condition\" content=\"new\" \/>\n<!-- \/ Yoast SEO Premium plugin. -->","yoast_head_json":{"title":"Poudre Banana Dreams W7 - Lab&eacute;ma Cosmetics","description":"Poudre Banana Dreams W7 est une poudre ultra-fine con\u00e7ue pour prolonger la tenue du maquillage et matifier le teint. Ses pigments jaunes corrigent les rougeurs et att\u00e9nuent les cernes bleut\u00e9s tout en fixant durablement le teint.","robots":{"index":"index","follow":"follow","max-snippet":"max-snippet:-1","max-image-preview":"max-image-preview:large","max-video-preview":"max-video-preview:-1"},"canonical":"https:\/\/labemacosmetics.com\/en\/product\/poudre-banana-dreams-w7\/","og_locale":"en_GB","og_type":"article","og_title":"Poudre Banana Dreams W7","og_description":"Poudre Banana Dreams W7 est une poudre ultra-fine con\u00e7ue pour prolonger la tenue du maquillage et matifier le teint. Ses pigments jaunes corrigent les rougeurs et att\u00e9nuent les cernes bleut\u00e9s tout en fixant durablement le teint.","og_url":"https:\/\/labemacosmetics.com\/en\/product\/poudre-banana-dreams-w7\/","og_site_name":"Lab&eacute;ma Cosmetics","article_publisher":"http:\/\/www.facebook.com\/labemacosmetics","article_modified_time":"2023-05-21T12:10:17+00:00","og_image":[{"width":800,"height":800,"url":"https:\/\/labemacosmetics.com\/wp-content\/uploads\/2020\/11\/Poudre-Banana-Dreams-W7.jpg","type":"image\/jpeg"}],"twitter_card":"summary_large_image","twitter_site":"@Labemasn","twitter_misc":{"Price":"6 000&nbsp;CFA","Availability":"In stock"},"schema":{"@context":"https:\/\/schema.org","@graph":[{"@type":"WebPage","@id":"https:\/\/labemacosmetics.com\/produit\/poudre-banana-dreams-w7\/","url":"https:\/\/labemacosmetics.com\/produit\/poudre-banana-dreams-w7\/","name":"Poudre Banana Dreams W7 - Lab&eacute;ma Cosmetics","isPartOf":{"@id":"https:\/\/labemacosmetics.com\/#website"},"primaryImageOfPage":{"@id":"https:\/\/labemacosmetics.com\/produit\/poudre-banana-dreams-w7\/#primaryimage"},"image":{"@id":"https:\/\/labemacosmetics.com\/produit\/poudre-banana-dreams-w7\/#primaryimage"},"thumbnailUrl":"https:\/\/labemacosmetics.com\/wp-content\/uploads\/2020\/11\/Poudre-Banana-Dreams-W7.jpg","datePublished":"2020-12-10T19:34:51+00:00","dateModified":"2023-05-21T12:10:17+00:00","description":"Poudre Banana Dreams W7 est une poudre ultra-fine con\u00e7ue pour prolonger la tenue du maquillage et matifier le teint. Ses pigments jaunes corrigent les rougeurs et att\u00e9nuent les cernes bleut\u00e9s tout en fixant durablement le teint.","breadcrumb":{"@id":"https:\/\/labemacosmetics.com\/produit\/poudre-banana-dreams-w7\/#breadcrumb"},"inLanguage":"en-GB","potentialAction":[{"@type":"ReadAction","target":["https:\/\/labemacosmetics.com\/produit\/poudre-banana-dreams-w7\/"]}]},{"@type":"ImageObject","inLanguage":"en-GB","@id":"https:\/\/labemacosmetics.com\/produit\/poudre-banana-dreams-w7\/#primaryimage","url":"https:\/\/labemacosmetics.com\/wp-content\/uploads\/2020\/11\/Poudre-Banana-Dreams-W7.jpg","contentUrl":"https:\/\/labemacosmetics.com\/wp-content\/uploads\/2020\/11\/Poudre-Banana-Dreams-W7.jpg","width":800,"height":800,"caption":"banana"},{"@type":"BreadcrumbList","@id":"https:\/\/labemacosmetics.com\/produit\/poudre-banana-dreams-w7\/#breadcrumb","itemListElement":[{"@type":"ListItem","position":1,"name":"Accueil","item":"https:\/\/labemacosmetics.com\/"},{"@type":"ListItem","position":2,"name":"Produits","item":"https:\/\/labemacosmetics.com\/shop\/"},{"@type":"ListItem","position":3,"name":"Poudre Banana Dreams W7"}]},{"@type":"WebSite","@id":"https:\/\/labemacosmetics.com\/#website","url":"https:\/\/labemacosmetics.com\/","name":"Lab&eacute;ma Cosmetics","description":"","potentialAction":[{"@type":"SearchAction","target":{"@type":"EntryPoint","urlTemplate":"https:\/\/labemacosmetics.com\/?s={search_term_string}"},"query-input":{"@type":"PropertyValueSpecification","valueRequired":true,"valueName":"search_term_string"}}],"inLanguage":"en-GB"}]},"product_brand":"W7","product_price_amount":"6000","product_price_currency":"XOF","og_availability":"instock","product_availability":"instock","product_condition":"new"},"_links":{"self":[{"href":"https:\/\/labemacosmetics.com\/en\/wp-json\/wp\/v2\/product\/6410","targetHints":{"allow":["GET"]}}],"collection":[{"href":"https:\/\/labemacosmetics.com\/en\/wp-json\/wp\/v2\/product"}],"about":[{"href":"https:\/\/labemacosmetics.com\/en\/wp-json\/wp\/v2\/types\/product"}],"replies":[{"embeddable":true,"href":"https:\/\/labemacosmetics.com\/en\/wp-json\/wp\/v2\/comments?post=6410"}],"version-history":[{"count":0,"href":"https:\/\/labemacosmetics.com\/en\/wp-json\/wp\/v2\/product\/6410\/revisions"}],"wp:featuredmedia":[{"embeddable":true,"href":"https:\/\/labemacosmetics.com\/en\/wp-json\/wp\/v2\/media\/6411"}],"wp:attachment":[{"href":"https:\/\/labemacosmetics.com\/en\/wp-json\/wp\/v2\/media?parent=6410"}],"wp:term":[{"taxonomy":"product_brand","embeddable":true,"href":"https:\/\/labemacosmetics.com\/en\/wp-json\/wp\/v2\/product_brand?post=6410"},{"taxonomy":"product_cat","embeddable":true,"href":"https:\/\/labemacosmetics.com\/en\/wp-json\/wp\/v2\/product_cat?post=6410"},{"taxonomy":"product_tag","embeddable":true,"href":"https:\/\/labemacosmetics.com\/en\/wp-json\/wp\/v2\/product_tag?post=6410"}],"curies":[{"name":"wp","href":"https:\/\/api.w.org\/{rel}","templated":true}]}}