{"id":6406,"date":"2020-12-10T20:36:47","date_gmt":"2020-12-10T19:36:47","guid":{"rendered":"https:\/\/www.labemacosmetics.com\/?post_type=product&#038;p=6406"},"modified":"2025-12-30T12:31:10","modified_gmt":"2025-12-30T11:31:10","slug":"byphasse-exfoliant-purifiant-peaux-mixtes-a-grasses-150-ml","status":"publish","type":"product","link":"https:\/\/labemacosmetics.com\/en\/product\/byphasse-exfoliant-purifiant-peaux-mixtes-a-grasses-150-ml\/","title":{"rendered":"BYPHASSE Exfoliant purifiant &#8211; Peaux mixtes \u00e0 grasses &#8211; 150 ml"},"content":{"rendered":"<p>D\u00e9couvrez un vrai moment de bien-\u00eatre depuis chez vous gr\u00e2ce \u00e0 la gamme \u00ab HOME SPA EXPERIENCE \u00bb combinant les bienfaits de l\u2019eau d\u2019origine thermale et des actifs nettoyants qui purifient votre peau. L\u2019exfoliant purifiant BYPHASSE \u00e9limine efficacement les impuret\u00e9s des peaux mixtes et grasses.<\/p>\n<p><strong>Conseils d\u2019utilisation :<\/strong>\u00a0Appliquer sur le visage une \u00e0 deux fois par semaine, en \u00e9vitant le contour des yeux. Masser en effectuant des mouvements circulaires et rincer \u00e0 l\u2019eau ti\u00e8de.<\/p>\n<p><strong>Les soins compl\u00e9mentaires :\u00a0<\/strong>Pour un soin complet de votre visage, vous pouvez \u00e9galement utiliser le masque purifiant aux extraits de bardane et lierre pour peaux mixtes et grasses BYPHASSE.<\/p>","protected":false},"excerpt":{"rendered":"<p>D\u00e9couvrez un vrai moment de bien-\u00eatre depuis chez vous gr\u00e2ce \u00e0 la gamme \u00ab HOME SPA EXPERIENCE \u00bb combinant les bienfaits de l\u2019eau d\u2019origine thermale et des actifs nettoyants qui purifient votre peau.<\/p>","protected":false},"featured_media":6407,"comment_status":"open","ping_status":"closed","template":"","meta":{"om_disable_all_campaigns":false,"_mi_skip_tracking":false,"_monsterinsights_sitenote_active":false,"_monsterinsights_sitenote_note":"","_monsterinsights_sitenote_category":0},"product_brand":[],"product_cat":[127,520,515,512,128,513],"product_tag":[],"class_list":{"0":"post-6406","1":"product","2":"type-product","3":"status-publish","4":"has-post-thumbnail","6":"product_cat-boutique","7":"product_cat-gommage-peeling","8":"product_cat-peaux-mixtes-a-grasses","9":"product_cat-produits-par-besoin","10":"product_cat-soin-de-visage","11":"product_cat-type-de-peau","12":"yith_product_brand-byphasse","14":"first","15":"instock","16":"shipping-taxable","17":"purchasable","18":"product-type-simple"},"yoast_head":"<!-- This site is optimized with the Yoast SEO Premium plugin v20.8 (Yoast SEO v27.4) - https:\/\/yoast.com\/product\/yoast-seo-premium-wordpress\/ -->\n<title>BYPHASSE Exfoliant purifiant - Peaux mixtes \u00e0 grasses - 150 ml - Lab&eacute;ma Cosmetics<\/title>\n<meta name=\"robots\" content=\"index, follow, max-snippet:-1, max-image-preview:large, max-video-preview:-1\" \/>\n<link rel=\"canonical\" href=\"https:\/\/labemacosmetics.com\/en\/product\/byphasse-exfoliant-purifiant-peaux-mixtes-a-grasses-150-ml\/\" \/>\n<meta property=\"og:locale\" content=\"en_GB\" \/>\n<meta property=\"og:type\" content=\"article\" \/>\n<meta property=\"og:title\" content=\"BYPHASSE Exfoliant purifiant - Peaux mixtes \u00e0 grasses - 150 ml\" \/>\n<meta property=\"og:description\" content=\"D\u00e9couvrez un vrai moment de bien-\u00eatre depuis chez vous gr\u00e2ce \u00e0 la gamme \u00ab HOME SPA EXPERIENCE \u00bb combinant les bienfaits de l\u2019eau d\u2019origine thermale et des actifs nettoyants qui purifient votre peau.\" \/>\n<meta property=\"og:url\" content=\"https:\/\/labemacosmetics.com\/en\/product\/byphasse-exfoliant-purifiant-peaux-mixtes-a-grasses-150-ml\/\" \/>\n<meta property=\"og:site_name\" content=\"Lab&eacute;ma Cosmetics\" \/>\n<meta property=\"article:publisher\" content=\"http:\/\/www.facebook.com\/labemacosmetics\" \/>\n<meta property=\"article:modified_time\" content=\"2025-12-30T11:31:10+00:00\" \/>\n<meta property=\"og:image\" content=\"https:\/\/labemacosmetics.com\/wp-content\/uploads\/2020\/11\/home-spa-experience-exfoliant-douceur-visage-peaux-sensibles-a-seches-150ml.jpg\" \/>\n\t<meta property=\"og:image:width\" content=\"800\" \/>\n\t<meta property=\"og:image:height\" content=\"800\" \/>\n\t<meta property=\"og:image:type\" content=\"image\/jpeg\" \/>\n<meta name=\"twitter:card\" content=\"summary_large_image\" \/>\n<meta name=\"twitter:site\" content=\"@Labemasn\" \/>\n<meta name=\"twitter:label1\" content=\"Price\" \/>\n\t<meta name=\"twitter:data1\" content=\"3 500&nbsp;CFA\" \/>\n\t<meta name=\"twitter:label2\" content=\"Availability\" \/>\n\t<meta name=\"twitter:data2\" content=\"In stock\" \/>\n<script type=\"application\/ld+json\" class=\"yoast-schema-graph\">{\"@context\":\"https:\\\/\\\/schema.org\",\"@graph\":[{\"@type\":\"WebPage\",\"@id\":\"https:\\\/\\\/labemacosmetics.com\\\/en\\\/product\\\/byphasse-exfoliant-purifiant-peaux-mixtes-a-grasses-150-ml\\\/\",\"url\":\"https:\\\/\\\/labemacosmetics.com\\\/en\\\/product\\\/byphasse-exfoliant-purifiant-peaux-mixtes-a-grasses-150-ml\\\/\",\"name\":\"BYPHASSE Exfoliant purifiant - Peaux mixtes \u00e0 grasses - 150 ml - Lab&eacute;ma Cosmetics\",\"isPartOf\":{\"@id\":\"https:\\\/\\\/labemacosmetics.com\\\/#website\"},\"primaryImageOfPage\":{\"@id\":\"https:\\\/\\\/labemacosmetics.com\\\/en\\\/product\\\/byphasse-exfoliant-purifiant-peaux-mixtes-a-grasses-150-ml\\\/#primaryimage\"},\"image\":{\"@id\":\"https:\\\/\\\/labemacosmetics.com\\\/en\\\/product\\\/byphasse-exfoliant-purifiant-peaux-mixtes-a-grasses-150-ml\\\/#primaryimage\"},\"thumbnailUrl\":\"https:\\\/\\\/labemacosmetics.com\\\/wp-content\\\/uploads\\\/2020\\\/11\\\/home-spa-experience-exfoliant-douceur-visage-peaux-sensibles-a-seches-150ml.jpg\",\"datePublished\":\"2020-12-10T19:36:47+00:00\",\"dateModified\":\"2025-12-30T11:31:10+00:00\",\"breadcrumb\":{\"@id\":\"https:\\\/\\\/labemacosmetics.com\\\/en\\\/product\\\/byphasse-exfoliant-purifiant-peaux-mixtes-a-grasses-150-ml\\\/#breadcrumb\"},\"inLanguage\":\"en-GB\",\"potentialAction\":[{\"@type\":\"ReadAction\",\"target\":[\"https:\\\/\\\/labemacosmetics.com\\\/en\\\/product\\\/byphasse-exfoliant-purifiant-peaux-mixtes-a-grasses-150-ml\\\/\"]}]},{\"@type\":\"ImageObject\",\"inLanguage\":\"en-GB\",\"@id\":\"https:\\\/\\\/labemacosmetics.com\\\/en\\\/product\\\/byphasse-exfoliant-purifiant-peaux-mixtes-a-grasses-150-ml\\\/#primaryimage\",\"url\":\"https:\\\/\\\/labemacosmetics.com\\\/wp-content\\\/uploads\\\/2020\\\/11\\\/home-spa-experience-exfoliant-douceur-visage-peaux-sensibles-a-seches-150ml.jpg\",\"contentUrl\":\"https:\\\/\\\/labemacosmetics.com\\\/wp-content\\\/uploads\\\/2020\\\/11\\\/home-spa-experience-exfoliant-douceur-visage-peaux-sensibles-a-seches-150ml.jpg\",\"width\":800,\"height\":800},{\"@type\":\"BreadcrumbList\",\"@id\":\"https:\\\/\\\/labemacosmetics.com\\\/en\\\/product\\\/byphasse-exfoliant-purifiant-peaux-mixtes-a-grasses-150-ml\\\/#breadcrumb\",\"itemListElement\":[{\"@type\":\"ListItem\",\"position\":1,\"name\":\"Accueil\",\"item\":\"https:\\\/\\\/labemacosmetics.com\\\/\"},{\"@type\":\"ListItem\",\"position\":2,\"name\":\"Produits\",\"item\":\"https:\\\/\\\/labemacosmetics.com\\\/shop\\\/\"},{\"@type\":\"ListItem\",\"position\":3,\"name\":\"BYPHASSE Exfoliant purifiant &#8211; Peaux mixtes \u00e0 grasses &#8211; 150 ml\"}]},{\"@type\":\"WebSite\",\"@id\":\"https:\\\/\\\/labemacosmetics.com\\\/#website\",\"url\":\"https:\\\/\\\/labemacosmetics.com\\\/\",\"name\":\"Lab&eacute;ma Cosmetics\",\"description\":\"\",\"potentialAction\":[{\"@type\":\"SearchAction\",\"target\":{\"@type\":\"EntryPoint\",\"urlTemplate\":\"https:\\\/\\\/labemacosmetics.com\\\/?s={search_term_string}\"},\"query-input\":{\"@type\":\"PropertyValueSpecification\",\"valueRequired\":true,\"valueName\":\"search_term_string\"}}],\"inLanguage\":\"en-GB\"}]}<\/script>\n<meta property=\"product:brand\" content=\"Byphasse\" \/>\n<meta property=\"product:price:amount\" content=\"3500\" \/>\n<meta property=\"product:price:currency\" content=\"XOF\" \/>\n<meta property=\"og:availability\" content=\"instock\" \/>\n<meta property=\"product:availability\" content=\"instock\" \/>\n<meta property=\"product:condition\" content=\"new\" \/>\n<!-- \/ Yoast SEO Premium plugin. -->","yoast_head_json":{"title":"BYPHASSE Exfoliant purifiant - Peaux mixtes \u00e0 grasses - 150 ml - Lab&eacute;ma Cosmetics","robots":{"index":"index","follow":"follow","max-snippet":"max-snippet:-1","max-image-preview":"max-image-preview:large","max-video-preview":"max-video-preview:-1"},"canonical":"https:\/\/labemacosmetics.com\/en\/product\/byphasse-exfoliant-purifiant-peaux-mixtes-a-grasses-150-ml\/","og_locale":"en_GB","og_type":"article","og_title":"BYPHASSE Exfoliant purifiant - Peaux mixtes \u00e0 grasses - 150 ml","og_description":"D\u00e9couvrez un vrai moment de bien-\u00eatre depuis chez vous gr\u00e2ce \u00e0 la gamme \u00ab HOME SPA EXPERIENCE \u00bb combinant les bienfaits de l\u2019eau d\u2019origine thermale et des actifs nettoyants qui purifient votre peau.","og_url":"https:\/\/labemacosmetics.com\/en\/product\/byphasse-exfoliant-purifiant-peaux-mixtes-a-grasses-150-ml\/","og_site_name":"Lab&eacute;ma Cosmetics","article_publisher":"http:\/\/www.facebook.com\/labemacosmetics","article_modified_time":"2025-12-30T11:31:10+00:00","og_image":[{"width":800,"height":800,"url":"https:\/\/labemacosmetics.com\/wp-content\/uploads\/2020\/11\/home-spa-experience-exfoliant-douceur-visage-peaux-sensibles-a-seches-150ml.jpg","type":"image\/jpeg"}],"twitter_card":"summary_large_image","twitter_site":"@Labemasn","twitter_misc":{"Price":"3 500&nbsp;CFA","Availability":"In stock"},"schema":{"@context":"https:\/\/schema.org","@graph":[{"@type":"WebPage","@id":"https:\/\/labemacosmetics.com\/en\/product\/byphasse-exfoliant-purifiant-peaux-mixtes-a-grasses-150-ml\/","url":"https:\/\/labemacosmetics.com\/en\/product\/byphasse-exfoliant-purifiant-peaux-mixtes-a-grasses-150-ml\/","name":"BYPHASSE Exfoliant purifiant - Peaux mixtes \u00e0 grasses - 150 ml - Lab&eacute;ma Cosmetics","isPartOf":{"@id":"https:\/\/labemacosmetics.com\/#website"},"primaryImageOfPage":{"@id":"https:\/\/labemacosmetics.com\/en\/product\/byphasse-exfoliant-purifiant-peaux-mixtes-a-grasses-150-ml\/#primaryimage"},"image":{"@id":"https:\/\/labemacosmetics.com\/en\/product\/byphasse-exfoliant-purifiant-peaux-mixtes-a-grasses-150-ml\/#primaryimage"},"thumbnailUrl":"https:\/\/labemacosmetics.com\/wp-content\/uploads\/2020\/11\/home-spa-experience-exfoliant-douceur-visage-peaux-sensibles-a-seches-150ml.jpg","datePublished":"2020-12-10T19:36:47+00:00","dateModified":"2025-12-30T11:31:10+00:00","breadcrumb":{"@id":"https:\/\/labemacosmetics.com\/en\/product\/byphasse-exfoliant-purifiant-peaux-mixtes-a-grasses-150-ml\/#breadcrumb"},"inLanguage":"en-GB","potentialAction":[{"@type":"ReadAction","target":["https:\/\/labemacosmetics.com\/en\/product\/byphasse-exfoliant-purifiant-peaux-mixtes-a-grasses-150-ml\/"]}]},{"@type":"ImageObject","inLanguage":"en-GB","@id":"https:\/\/labemacosmetics.com\/en\/product\/byphasse-exfoliant-purifiant-peaux-mixtes-a-grasses-150-ml\/#primaryimage","url":"https:\/\/labemacosmetics.com\/wp-content\/uploads\/2020\/11\/home-spa-experience-exfoliant-douceur-visage-peaux-sensibles-a-seches-150ml.jpg","contentUrl":"https:\/\/labemacosmetics.com\/wp-content\/uploads\/2020\/11\/home-spa-experience-exfoliant-douceur-visage-peaux-sensibles-a-seches-150ml.jpg","width":800,"height":800},{"@type":"BreadcrumbList","@id":"https:\/\/labemacosmetics.com\/en\/product\/byphasse-exfoliant-purifiant-peaux-mixtes-a-grasses-150-ml\/#breadcrumb","itemListElement":[{"@type":"ListItem","position":1,"name":"Accueil","item":"https:\/\/labemacosmetics.com\/"},{"@type":"ListItem","position":2,"name":"Produits","item":"https:\/\/labemacosmetics.com\/shop\/"},{"@type":"ListItem","position":3,"name":"BYPHASSE Exfoliant purifiant &#8211; Peaux mixtes \u00e0 grasses &#8211; 150 ml"}]},{"@type":"WebSite","@id":"https:\/\/labemacosmetics.com\/#website","url":"https:\/\/labemacosmetics.com\/","name":"Lab&eacute;ma Cosmetics","description":"","potentialAction":[{"@type":"SearchAction","target":{"@type":"EntryPoint","urlTemplate":"https:\/\/labemacosmetics.com\/?s={search_term_string}"},"query-input":{"@type":"PropertyValueSpecification","valueRequired":true,"valueName":"search_term_string"}}],"inLanguage":"en-GB"}]},"product_brand":"Byphasse","product_price_amount":"3500","product_price_currency":"XOF","og_availability":"instock","product_availability":"instock","product_condition":"new"},"_links":{"self":[{"href":"https:\/\/labemacosmetics.com\/en\/wp-json\/wp\/v2\/product\/6406","targetHints":{"allow":["GET"]}}],"collection":[{"href":"https:\/\/labemacosmetics.com\/en\/wp-json\/wp\/v2\/product"}],"about":[{"href":"https:\/\/labemacosmetics.com\/en\/wp-json\/wp\/v2\/types\/product"}],"replies":[{"embeddable":true,"href":"https:\/\/labemacosmetics.com\/en\/wp-json\/wp\/v2\/comments?post=6406"}],"version-history":[{"count":0,"href":"https:\/\/labemacosmetics.com\/en\/wp-json\/wp\/v2\/product\/6406\/revisions"}],"wp:featuredmedia":[{"embeddable":true,"href":"https:\/\/labemacosmetics.com\/en\/wp-json\/wp\/v2\/media\/6407"}],"wp:attachment":[{"href":"https:\/\/labemacosmetics.com\/en\/wp-json\/wp\/v2\/media?parent=6406"}],"wp:term":[{"taxonomy":"product_brand","embeddable":true,"href":"https:\/\/labemacosmetics.com\/en\/wp-json\/wp\/v2\/product_brand?post=6406"},{"taxonomy":"product_cat","embeddable":true,"href":"https:\/\/labemacosmetics.com\/en\/wp-json\/wp\/v2\/product_cat?post=6406"},{"taxonomy":"product_tag","embeddable":true,"href":"https:\/\/labemacosmetics.com\/en\/wp-json\/wp\/v2\/product_tag?post=6406"}],"curies":[{"name":"wp","href":"https:\/\/api.w.org\/{rel}","templated":true}]}}