{"id":6404,"date":"2020-12-10T20:38:11","date_gmt":"2020-12-10T19:38:11","guid":{"rendered":"https:\/\/www.labemacosmetics.com\/?post_type=product&#038;p=6404"},"modified":"2024-09-17T15:17:59","modified_gmt":"2024-09-17T14:17:59","slug":"creme-diadermine-50-ml-ph5-soin-de-jour-hydratant-protecteur","status":"publish","type":"product","link":"https:\/\/labemacosmetics.com\/en\/product\/creme-diadermine-50-ml-ph5-soin-de-jour-hydratant-protecteur\/","title":{"rendered":"Diadermine Cr\u00e8me ph5 soin de nuit hydratant protecteur"},"content":{"rendered":"<p>La texture fluide et onctueuse de la cr\u00e8me PH5 p\u00e9n\u00e8tre rapidement dans la peau et constitue une excellente base de maquillage. PH5 hydrate : Sa formule exclusive contient des actifs hydratants qui agissent imm\u00e9diatement. D\u00e8s les premi\u00e8res applications, le niveau d&rsquo;hydratation de l&rsquo;\u00e9piderme augmente et se maintient tout au long de la journ\u00e9e. PH5 nourrit : Sa formule, associant de la vitamine E et de la Pro-Vitamine B5 , nourrit les peaux s\u00e8ches et sensibles pour encore plus de douceur, de souplesse et de confort. PH5 prot\u00e8ge : Son filtre UVA\/UVB prot\u00e8ge la peau des rayons UV, connus comme l&rsquo;une des principales causes de vieillissement cutan\u00e9.<\/p>","protected":false},"excerpt":{"rendered":"<p>R\u00e9sultats Visibles : D\u00e8s l&rsquo;application et tout au long de la journ\u00e9e, la peau est hydrat\u00e9e, nourrie et prot\u00e9g\u00e9e. Elle retrouve douceur, souplesse et confort.<\/p>","protected":false},"featured_media":6724,"comment_status":"open","ping_status":"closed","template":"","meta":{"om_disable_all_campaigns":false,"_mi_skip_tracking":false,"_monsterinsights_sitenote_active":false,"_monsterinsights_sitenote_note":"","_monsterinsights_sitenote_category":0},"product_brand":[],"product_cat":[127,1743,1747,515,514,516,517,512,128,513],"product_tag":[],"class_list":{"0":"post-6404","1":"product","2":"type-product","3":"status-publish","4":"has-post-thumbnail","6":"product_cat-boutique","7":"product_cat-cremes-hydratantes","8":"product_cat-peaux-a-tendances-acneiques","9":"product_cat-peaux-mixtes-a-grasses","10":"product_cat-peaux-normales","11":"product_cat-peaux-seches","12":"product_cat-peaux-sensibles","13":"product_cat-produits-par-besoin","14":"product_cat-soin-de-visage","15":"product_cat-type-de-peau","16":"yith_product_brand-diadermine-2","18":"first","19":"outofstock","20":"shipping-taxable","21":"purchasable","22":"product-type-simple"},"yoast_head":"<!-- This site is optimized with the Yoast SEO Premium plugin v20.8 (Yoast SEO v27.4) - https:\/\/yoast.com\/product\/yoast-seo-premium-wordpress\/ -->\n<title>Diadermine Cr\u00e8me ph5 soin de nuit hydratant protecteur - Lab&eacute;ma Cosmetics<\/title>\n<meta name=\"robots\" content=\"index, follow, max-snippet:-1, max-image-preview:large, max-video-preview:-1\" \/>\n<link rel=\"canonical\" href=\"https:\/\/labemacosmetics.com\/en\/product\/creme-diadermine-50-ml-ph5-soin-de-jour-hydratant-protecteur\/\" \/>\n<meta property=\"og:locale\" content=\"en_GB\" \/>\n<meta property=\"og:type\" content=\"article\" \/>\n<meta property=\"og:title\" content=\"Diadermine Cr\u00e8me ph5 soin de nuit hydratant protecteur\" \/>\n<meta property=\"og:description\" content=\"R\u00e9sultats Visibles : D\u00e8s l&#039;application et tout au long de la journ\u00e9e, la peau est hydrat\u00e9e, nourrie et prot\u00e9g\u00e9e. Elle retrouve douceur, souplesse et confort.\" \/>\n<meta property=\"og:url\" content=\"https:\/\/labemacosmetics.com\/en\/product\/creme-diadermine-50-ml-ph5-soin-de-jour-hydratant-protecteur\/\" \/>\n<meta property=\"og:site_name\" content=\"Lab&eacute;ma Cosmetics\" \/>\n<meta property=\"article:publisher\" content=\"http:\/\/www.facebook.com\/labemacosmetics\" \/>\n<meta property=\"article:modified_time\" content=\"2024-09-17T14:17:59+00:00\" \/>\n<meta property=\"og:image\" content=\"https:\/\/labemacosmetics.com\/wp-content\/uploads\/2020\/12\/Purely-essential-Creme-de-nuit-reparatrice.jpg\" \/>\n\t<meta property=\"og:image:width\" content=\"1500\" \/>\n\t<meta property=\"og:image:height\" content=\"1500\" \/>\n\t<meta property=\"og:image:type\" content=\"image\/jpeg\" \/>\n<meta name=\"twitter:card\" content=\"summary_large_image\" \/>\n<meta name=\"twitter:site\" content=\"@Labemasn\" \/>\n<meta name=\"twitter:label1\" content=\"Price\" \/>\n\t<meta name=\"twitter:data1\" content=\"3 500&nbsp;CFA\" \/>\n\t<meta name=\"twitter:label2\" content=\"Availability\" \/>\n\t<meta name=\"twitter:data2\" content=\"Out of stock\" \/>\n<script type=\"application\/ld+json\" class=\"yoast-schema-graph\">{\"@context\":\"https:\\\/\\\/schema.org\",\"@graph\":[{\"@type\":\"WebPage\",\"@id\":\"https:\\\/\\\/labemacosmetics.com\\\/en\\\/product\\\/creme-diadermine-50-ml-ph5-soin-de-jour-hydratant-protecteur\\\/\",\"url\":\"https:\\\/\\\/labemacosmetics.com\\\/en\\\/product\\\/creme-diadermine-50-ml-ph5-soin-de-jour-hydratant-protecteur\\\/\",\"name\":\"Diadermine Cr\u00e8me ph5 soin de nuit hydratant protecteur - Lab&eacute;ma Cosmetics\",\"isPartOf\":{\"@id\":\"https:\\\/\\\/labemacosmetics.com\\\/#website\"},\"primaryImageOfPage\":{\"@id\":\"https:\\\/\\\/labemacosmetics.com\\\/en\\\/product\\\/creme-diadermine-50-ml-ph5-soin-de-jour-hydratant-protecteur\\\/#primaryimage\"},\"image\":{\"@id\":\"https:\\\/\\\/labemacosmetics.com\\\/en\\\/product\\\/creme-diadermine-50-ml-ph5-soin-de-jour-hydratant-protecteur\\\/#primaryimage\"},\"thumbnailUrl\":\"https:\\\/\\\/labemacosmetics.com\\\/wp-content\\\/uploads\\\/2020\\\/12\\\/Purely-essential-Creme-de-nuit-reparatrice.jpg\",\"datePublished\":\"2020-12-10T19:38:11+00:00\",\"dateModified\":\"2024-09-17T14:17:59+00:00\",\"breadcrumb\":{\"@id\":\"https:\\\/\\\/labemacosmetics.com\\\/en\\\/product\\\/creme-diadermine-50-ml-ph5-soin-de-jour-hydratant-protecteur\\\/#breadcrumb\"},\"inLanguage\":\"en-GB\",\"potentialAction\":[{\"@type\":\"ReadAction\",\"target\":[\"https:\\\/\\\/labemacosmetics.com\\\/en\\\/product\\\/creme-diadermine-50-ml-ph5-soin-de-jour-hydratant-protecteur\\\/\"]}]},{\"@type\":\"ImageObject\",\"inLanguage\":\"en-GB\",\"@id\":\"https:\\\/\\\/labemacosmetics.com\\\/en\\\/product\\\/creme-diadermine-50-ml-ph5-soin-de-jour-hydratant-protecteur\\\/#primaryimage\",\"url\":\"https:\\\/\\\/labemacosmetics.com\\\/wp-content\\\/uploads\\\/2020\\\/12\\\/Purely-essential-Creme-de-nuit-reparatrice.jpg\",\"contentUrl\":\"https:\\\/\\\/labemacosmetics.com\\\/wp-content\\\/uploads\\\/2020\\\/12\\\/Purely-essential-Creme-de-nuit-reparatrice.jpg\",\"width\":1500,\"height\":1500,\"caption\":\"cr\u00e8me nuit\"},{\"@type\":\"BreadcrumbList\",\"@id\":\"https:\\\/\\\/labemacosmetics.com\\\/en\\\/product\\\/creme-diadermine-50-ml-ph5-soin-de-jour-hydratant-protecteur\\\/#breadcrumb\",\"itemListElement\":[{\"@type\":\"ListItem\",\"position\":1,\"name\":\"Accueil\",\"item\":\"https:\\\/\\\/labemacosmetics.com\\\/\"},{\"@type\":\"ListItem\",\"position\":2,\"name\":\"Produits\",\"item\":\"https:\\\/\\\/labemacosmetics.com\\\/shop\\\/\"},{\"@type\":\"ListItem\",\"position\":3,\"name\":\"Diadermine Cr\u00e8me ph5 soin de nuit hydratant protecteur\"}]},{\"@type\":\"WebSite\",\"@id\":\"https:\\\/\\\/labemacosmetics.com\\\/#website\",\"url\":\"https:\\\/\\\/labemacosmetics.com\\\/\",\"name\":\"Lab&eacute;ma Cosmetics\",\"description\":\"\",\"potentialAction\":[{\"@type\":\"SearchAction\",\"target\":{\"@type\":\"EntryPoint\",\"urlTemplate\":\"https:\\\/\\\/labemacosmetics.com\\\/?s={search_term_string}\"},\"query-input\":{\"@type\":\"PropertyValueSpecification\",\"valueRequired\":true,\"valueName\":\"search_term_string\"}}],\"inLanguage\":\"en-GB\"}]}<\/script>\n<meta property=\"product:brand\" content=\"Diadermine\" \/>\n<meta property=\"product:price:amount\" content=\"3500\" \/>\n<meta property=\"product:price:currency\" content=\"XOF\" \/>\n<meta property=\"og:availability\" content=\"out of stock\" \/>\n<meta property=\"product:availability\" content=\"out of stock\" \/>\n<meta property=\"product:condition\" content=\"new\" \/>\n<!-- \/ Yoast SEO Premium plugin. -->","yoast_head_json":{"title":"Diadermine Cr\u00e8me ph5 soin de nuit hydratant protecteur - Lab&eacute;ma Cosmetics","robots":{"index":"index","follow":"follow","max-snippet":"max-snippet:-1","max-image-preview":"max-image-preview:large","max-video-preview":"max-video-preview:-1"},"canonical":"https:\/\/labemacosmetics.com\/en\/product\/creme-diadermine-50-ml-ph5-soin-de-jour-hydratant-protecteur\/","og_locale":"en_GB","og_type":"article","og_title":"Diadermine Cr\u00e8me ph5 soin de nuit hydratant protecteur","og_description":"R\u00e9sultats Visibles : D\u00e8s l'application et tout au long de la journ\u00e9e, la peau est hydrat\u00e9e, nourrie et prot\u00e9g\u00e9e. Elle retrouve douceur, souplesse et confort.","og_url":"https:\/\/labemacosmetics.com\/en\/product\/creme-diadermine-50-ml-ph5-soin-de-jour-hydratant-protecteur\/","og_site_name":"Lab&eacute;ma Cosmetics","article_publisher":"http:\/\/www.facebook.com\/labemacosmetics","article_modified_time":"2024-09-17T14:17:59+00:00","og_image":[{"width":1500,"height":1500,"url":"https:\/\/labemacosmetics.com\/wp-content\/uploads\/2020\/12\/Purely-essential-Creme-de-nuit-reparatrice.jpg","type":"image\/jpeg"}],"twitter_card":"summary_large_image","twitter_site":"@Labemasn","twitter_misc":{"Price":"3 500&nbsp;CFA","Availability":"Out of stock"},"schema":{"@context":"https:\/\/schema.org","@graph":[{"@type":"WebPage","@id":"https:\/\/labemacosmetics.com\/en\/product\/creme-diadermine-50-ml-ph5-soin-de-jour-hydratant-protecteur\/","url":"https:\/\/labemacosmetics.com\/en\/product\/creme-diadermine-50-ml-ph5-soin-de-jour-hydratant-protecteur\/","name":"Diadermine Cr\u00e8me ph5 soin de nuit hydratant protecteur - Lab&eacute;ma Cosmetics","isPartOf":{"@id":"https:\/\/labemacosmetics.com\/#website"},"primaryImageOfPage":{"@id":"https:\/\/labemacosmetics.com\/en\/product\/creme-diadermine-50-ml-ph5-soin-de-jour-hydratant-protecteur\/#primaryimage"},"image":{"@id":"https:\/\/labemacosmetics.com\/en\/product\/creme-diadermine-50-ml-ph5-soin-de-jour-hydratant-protecteur\/#primaryimage"},"thumbnailUrl":"https:\/\/labemacosmetics.com\/wp-content\/uploads\/2020\/12\/Purely-essential-Creme-de-nuit-reparatrice.jpg","datePublished":"2020-12-10T19:38:11+00:00","dateModified":"2024-09-17T14:17:59+00:00","breadcrumb":{"@id":"https:\/\/labemacosmetics.com\/en\/product\/creme-diadermine-50-ml-ph5-soin-de-jour-hydratant-protecteur\/#breadcrumb"},"inLanguage":"en-GB","potentialAction":[{"@type":"ReadAction","target":["https:\/\/labemacosmetics.com\/en\/product\/creme-diadermine-50-ml-ph5-soin-de-jour-hydratant-protecteur\/"]}]},{"@type":"ImageObject","inLanguage":"en-GB","@id":"https:\/\/labemacosmetics.com\/en\/product\/creme-diadermine-50-ml-ph5-soin-de-jour-hydratant-protecteur\/#primaryimage","url":"https:\/\/labemacosmetics.com\/wp-content\/uploads\/2020\/12\/Purely-essential-Creme-de-nuit-reparatrice.jpg","contentUrl":"https:\/\/labemacosmetics.com\/wp-content\/uploads\/2020\/12\/Purely-essential-Creme-de-nuit-reparatrice.jpg","width":1500,"height":1500,"caption":"cr\u00e8me nuit"},{"@type":"BreadcrumbList","@id":"https:\/\/labemacosmetics.com\/en\/product\/creme-diadermine-50-ml-ph5-soin-de-jour-hydratant-protecteur\/#breadcrumb","itemListElement":[{"@type":"ListItem","position":1,"name":"Accueil","item":"https:\/\/labemacosmetics.com\/"},{"@type":"ListItem","position":2,"name":"Produits","item":"https:\/\/labemacosmetics.com\/shop\/"},{"@type":"ListItem","position":3,"name":"Diadermine Cr\u00e8me ph5 soin de nuit hydratant protecteur"}]},{"@type":"WebSite","@id":"https:\/\/labemacosmetics.com\/#website","url":"https:\/\/labemacosmetics.com\/","name":"Lab&eacute;ma Cosmetics","description":"","potentialAction":[{"@type":"SearchAction","target":{"@type":"EntryPoint","urlTemplate":"https:\/\/labemacosmetics.com\/?s={search_term_string}"},"query-input":{"@type":"PropertyValueSpecification","valueRequired":true,"valueName":"search_term_string"}}],"inLanguage":"en-GB"}]},"product_brand":"Diadermine","product_price_amount":"3500","product_price_currency":"XOF","og_availability":"out of stock","product_availability":"out of stock","product_condition":"new"},"_links":{"self":[{"href":"https:\/\/labemacosmetics.com\/en\/wp-json\/wp\/v2\/product\/6404","targetHints":{"allow":["GET"]}}],"collection":[{"href":"https:\/\/labemacosmetics.com\/en\/wp-json\/wp\/v2\/product"}],"about":[{"href":"https:\/\/labemacosmetics.com\/en\/wp-json\/wp\/v2\/types\/product"}],"replies":[{"embeddable":true,"href":"https:\/\/labemacosmetics.com\/en\/wp-json\/wp\/v2\/comments?post=6404"}],"version-history":[{"count":0,"href":"https:\/\/labemacosmetics.com\/en\/wp-json\/wp\/v2\/product\/6404\/revisions"}],"wp:featuredmedia":[{"embeddable":true,"href":"https:\/\/labemacosmetics.com\/en\/wp-json\/wp\/v2\/media\/6724"}],"wp:attachment":[{"href":"https:\/\/labemacosmetics.com\/en\/wp-json\/wp\/v2\/media?parent=6404"}],"wp:term":[{"taxonomy":"product_brand","embeddable":true,"href":"https:\/\/labemacosmetics.com\/en\/wp-json\/wp\/v2\/product_brand?post=6404"},{"taxonomy":"product_cat","embeddable":true,"href":"https:\/\/labemacosmetics.com\/en\/wp-json\/wp\/v2\/product_cat?post=6404"},{"taxonomy":"product_tag","embeddable":true,"href":"https:\/\/labemacosmetics.com\/en\/wp-json\/wp\/v2\/product_tag?post=6404"}],"curies":[{"name":"wp","href":"https:\/\/api.w.org\/{rel}","templated":true}]}}