{"id":6398,"date":"2020-12-10T20:41:43","date_gmt":"2020-12-10T19:41:43","guid":{"rendered":"https:\/\/www.labemacosmetics.com\/?post_type=product&#038;p=6398"},"modified":"2023-09-10T14:12:04","modified_gmt":"2023-09-10T13:12:04","slug":"coffret-mon-evidence","status":"publish","type":"product","link":"https:\/\/labemacosmetics.com\/en\/product\/coffret-mon-evidence\/","title":{"rendered":"YVES ROCHER Coffret mon \u00e9vidence"},"content":{"rendered":"<h6><span style=\"font-size: 14pt;\">Description:<\/span><\/h6>\n<p>D\u00e9couvrez notre\u00a0<b>coffret Mon \u00c9vidence<\/b>, la parfaite id\u00e9e cadeau.<\/p>\n<p>\u00ab La Nature procure un sentiment de pl\u00e9nitude et nous donne une \u00e9nergie nouvelle. Nous avons imagin\u00e9 un parfum \u00e0 son image, un parfum aux notes vibrantes et r\u00e9confortantes pour renouer avec soi. La lumi\u00e8re de la Mandarine et la d\u00e9licatesse de la Rose Damascena s\u2019enveloppent de la douceur de la Vanille et de la puissance du Patchouli. Mon Evidence est une respiration, un sentiment de pl\u00e9nitude. \u00bb Annick Menardo et Olivier Cresp, Parfumeurs.<\/p>\n<p><b>Ce coffret cadeau contient:<\/b><\/p>\n<p>\u2022\u00a0<b>Eau de parfum<\/b>\u00a0\u2013 Vaporisateur 50 ml<\/p>\n<p>\u2022\u00a0<b>Gel douche parfum\u00e9<\/b>\u00a0\u2013 Flacon 100 ml<br \/>\nRetrouvez sous votre douche les notes vibrantes et r\u00e9confortantes de Mon Evidence.<br \/>\nCe gel moussant et onctueux enveloppe votre peau de douceur et la laisse d\u00e9licatement parfum\u00e9e.<br \/>\nChypr\u00e9 Fruit\u00e9 et Eau de Bleuet Bio.<\/p>\n<p>\u2022\u00a0<b>Cr\u00e8me mains parfum\u00e9e<\/b>\u00a0\u2013 Tube 30 ml<br \/>\nPour des mains douces, hydrat\u00e9es et parfum\u00e9es.<\/p>","protected":false},"excerpt":{"rendered":"<p>La Nature procure un sentiment de pl\u00e9nitude et nous donne une \u00e9nergie nouvelle. Nous avons imagin\u00e9 un parfum \u00e0 son image, un parfum aux notes vibrantes et r\u00e9confortantes pour renouer avec soi. La lumi\u00e8re de la Mandarine et la d\u00e9licatesse de la Rose Damascena s\u2019enveloppent de la douceur de la Vanille et de la puissance du Patchouli.<\/p>","protected":false},"featured_media":6399,"comment_status":"open","ping_status":"closed","template":"","meta":{"om_disable_all_campaigns":false,"_mi_skip_tracking":false,"_monsterinsights_sitenote_active":false,"_monsterinsights_sitenote_note":"","_monsterinsights_sitenote_category":0},"product_brand":[],"product_cat":[127,1771,1797],"product_tag":[],"class_list":{"0":"post-6398","1":"product","2":"type-product","3":"status-publish","4":"has-post-thumbnail","6":"product_cat-boutique","7":"product_cat-parfums","8":"product_cat-parfums-femme","9":"yith_product_brand-yves-rocher","11":"first","12":"outofstock","13":"sale","14":"featured","15":"shipping-taxable","16":"purchasable","17":"product-type-simple"},"yoast_head":"<!-- This site is optimized with the Yoast SEO Premium plugin v20.8 (Yoast SEO v27.4) - https:\/\/yoast.com\/product\/yoast-seo-premium-wordpress\/ -->\n<title>YVES ROCHER Coffret mon \u00e9vidence - Lab&eacute;ma Cosmetics<\/title>\n<meta name=\"robots\" content=\"index, follow, max-snippet:-1, max-image-preview:large, max-video-preview:-1\" \/>\n<link rel=\"canonical\" href=\"https:\/\/labemacosmetics.com\/en\/product\/coffret-mon-evidence\/\" \/>\n<meta property=\"og:locale\" content=\"en_GB\" \/>\n<meta property=\"og:type\" content=\"article\" \/>\n<meta property=\"og:title\" content=\"YVES ROCHER Coffret mon \u00e9vidence\" \/>\n<meta property=\"og:description\" content=\"La Nature procure un sentiment de pl\u00e9nitude et nous donne une \u00e9nergie nouvelle. Nous avons imagin\u00e9 un parfum \u00e0 son image, un parfum aux notes vibrantes et r\u00e9confortantes pour renouer avec soi. La lumi\u00e8re de la Mandarine et la d\u00e9licatesse de la Rose Damascena s\u2019enveloppent de la douceur de la Vanille et de la puissance du Patchouli.\" \/>\n<meta property=\"og:url\" content=\"https:\/\/labemacosmetics.com\/en\/product\/coffret-mon-evidence\/\" \/>\n<meta property=\"og:site_name\" content=\"Lab&eacute;ma Cosmetics\" \/>\n<meta property=\"article:publisher\" content=\"http:\/\/www.facebook.com\/labemacosmetics\" \/>\n<meta property=\"article:modified_time\" content=\"2023-09-10T13:12:04+00:00\" \/>\n<meta property=\"og:image\" content=\"https:\/\/labemacosmetics.com\/wp-content\/uploads\/2020\/11\/YVES-ROCHER-Coffret-Eau-de-Parfum-Mon-Evidence-2.jpg\" \/>\n\t<meta property=\"og:image:width\" content=\"800\" \/>\n\t<meta property=\"og:image:height\" content=\"800\" \/>\n\t<meta property=\"og:image:type\" content=\"image\/jpeg\" \/>\n<meta name=\"twitter:card\" content=\"summary_large_image\" \/>\n<meta name=\"twitter:site\" content=\"@Labemasn\" \/>\n<meta name=\"twitter:label1\" content=\"Price\" \/>\n\t<meta name=\"twitter:data1\" content=\"25 000&nbsp;CFA\" \/>\n\t<meta name=\"twitter:label2\" content=\"Availability\" \/>\n\t<meta name=\"twitter:data2\" content=\"Out of stock\" \/>\n<script type=\"application\/ld+json\" class=\"yoast-schema-graph\">{\"@context\":\"https:\\\/\\\/schema.org\",\"@graph\":[{\"@type\":\"WebPage\",\"@id\":\"https:\\\/\\\/labemacosmetics.com\\\/en\\\/product\\\/coffret-mon-evidence\\\/\",\"url\":\"https:\\\/\\\/labemacosmetics.com\\\/en\\\/product\\\/coffret-mon-evidence\\\/\",\"name\":\"YVES ROCHER Coffret mon \u00e9vidence - Lab&eacute;ma Cosmetics\",\"isPartOf\":{\"@id\":\"https:\\\/\\\/labemacosmetics.com\\\/#website\"},\"primaryImageOfPage\":{\"@id\":\"https:\\\/\\\/labemacosmetics.com\\\/en\\\/product\\\/coffret-mon-evidence\\\/#primaryimage\"},\"image\":{\"@id\":\"https:\\\/\\\/labemacosmetics.com\\\/en\\\/product\\\/coffret-mon-evidence\\\/#primaryimage\"},\"thumbnailUrl\":\"https:\\\/\\\/labemacosmetics.com\\\/wp-content\\\/uploads\\\/2020\\\/11\\\/YVES-ROCHER-Coffret-Eau-de-Parfum-Mon-Evidence-2.jpg\",\"datePublished\":\"2020-12-10T19:41:43+00:00\",\"dateModified\":\"2023-09-10T13:12:04+00:00\",\"breadcrumb\":{\"@id\":\"https:\\\/\\\/labemacosmetics.com\\\/en\\\/product\\\/coffret-mon-evidence\\\/#breadcrumb\"},\"inLanguage\":\"en-GB\",\"potentialAction\":[{\"@type\":\"ReadAction\",\"target\":[\"https:\\\/\\\/labemacosmetics.com\\\/en\\\/product\\\/coffret-mon-evidence\\\/\"]}]},{\"@type\":\"ImageObject\",\"inLanguage\":\"en-GB\",\"@id\":\"https:\\\/\\\/labemacosmetics.com\\\/en\\\/product\\\/coffret-mon-evidence\\\/#primaryimage\",\"url\":\"https:\\\/\\\/labemacosmetics.com\\\/wp-content\\\/uploads\\\/2020\\\/11\\\/YVES-ROCHER-Coffret-Eau-de-Parfum-Mon-Evidence-2.jpg\",\"contentUrl\":\"https:\\\/\\\/labemacosmetics.com\\\/wp-content\\\/uploads\\\/2020\\\/11\\\/YVES-ROCHER-Coffret-Eau-de-Parfum-Mon-Evidence-2.jpg\",\"width\":800,\"height\":800,\"caption\":\"coffret\"},{\"@type\":\"BreadcrumbList\",\"@id\":\"https:\\\/\\\/labemacosmetics.com\\\/en\\\/product\\\/coffret-mon-evidence\\\/#breadcrumb\",\"itemListElement\":[{\"@type\":\"ListItem\",\"position\":1,\"name\":\"Accueil\",\"item\":\"https:\\\/\\\/labemacosmetics.com\\\/\"},{\"@type\":\"ListItem\",\"position\":2,\"name\":\"Produits\",\"item\":\"https:\\\/\\\/labemacosmetics.com\\\/shop\\\/\"},{\"@type\":\"ListItem\",\"position\":3,\"name\":\"YVES ROCHER Coffret mon \u00e9vidence\"}]},{\"@type\":\"WebSite\",\"@id\":\"https:\\\/\\\/labemacosmetics.com\\\/#website\",\"url\":\"https:\\\/\\\/labemacosmetics.com\\\/\",\"name\":\"Lab&eacute;ma Cosmetics\",\"description\":\"\",\"potentialAction\":[{\"@type\":\"SearchAction\",\"target\":{\"@type\":\"EntryPoint\",\"urlTemplate\":\"https:\\\/\\\/labemacosmetics.com\\\/?s={search_term_string}\"},\"query-input\":{\"@type\":\"PropertyValueSpecification\",\"valueRequired\":true,\"valueName\":\"search_term_string\"}}],\"inLanguage\":\"en-GB\"}]}<\/script>\n<meta property=\"product:brand\" content=\"Yves Rocher\" \/>\n<meta property=\"product:price:amount\" content=\"25000\" \/>\n<meta property=\"product:price:currency\" content=\"XOF\" \/>\n<meta property=\"og:availability\" content=\"out of stock\" \/>\n<meta property=\"product:availability\" content=\"out of stock\" \/>\n<meta property=\"product:condition\" content=\"new\" \/>\n<!-- \/ Yoast SEO Premium plugin. -->","yoast_head_json":{"title":"YVES ROCHER Coffret mon \u00e9vidence - Lab&eacute;ma Cosmetics","robots":{"index":"index","follow":"follow","max-snippet":"max-snippet:-1","max-image-preview":"max-image-preview:large","max-video-preview":"max-video-preview:-1"},"canonical":"https:\/\/labemacosmetics.com\/en\/product\/coffret-mon-evidence\/","og_locale":"en_GB","og_type":"article","og_title":"YVES ROCHER Coffret mon \u00e9vidence","og_description":"La Nature procure un sentiment de pl\u00e9nitude et nous donne une \u00e9nergie nouvelle. Nous avons imagin\u00e9 un parfum \u00e0 son image, un parfum aux notes vibrantes et r\u00e9confortantes pour renouer avec soi. La lumi\u00e8re de la Mandarine et la d\u00e9licatesse de la Rose Damascena s\u2019enveloppent de la douceur de la Vanille et de la puissance du Patchouli.","og_url":"https:\/\/labemacosmetics.com\/en\/product\/coffret-mon-evidence\/","og_site_name":"Lab&eacute;ma Cosmetics","article_publisher":"http:\/\/www.facebook.com\/labemacosmetics","article_modified_time":"2023-09-10T13:12:04+00:00","og_image":[{"width":800,"height":800,"url":"https:\/\/labemacosmetics.com\/wp-content\/uploads\/2020\/11\/YVES-ROCHER-Coffret-Eau-de-Parfum-Mon-Evidence-2.jpg","type":"image\/jpeg"}],"twitter_card":"summary_large_image","twitter_site":"@Labemasn","twitter_misc":{"Price":"25 000&nbsp;CFA","Availability":"Out of stock"},"schema":{"@context":"https:\/\/schema.org","@graph":[{"@type":"WebPage","@id":"https:\/\/labemacosmetics.com\/en\/product\/coffret-mon-evidence\/","url":"https:\/\/labemacosmetics.com\/en\/product\/coffret-mon-evidence\/","name":"YVES ROCHER Coffret mon \u00e9vidence - Lab&eacute;ma Cosmetics","isPartOf":{"@id":"https:\/\/labemacosmetics.com\/#website"},"primaryImageOfPage":{"@id":"https:\/\/labemacosmetics.com\/en\/product\/coffret-mon-evidence\/#primaryimage"},"image":{"@id":"https:\/\/labemacosmetics.com\/en\/product\/coffret-mon-evidence\/#primaryimage"},"thumbnailUrl":"https:\/\/labemacosmetics.com\/wp-content\/uploads\/2020\/11\/YVES-ROCHER-Coffret-Eau-de-Parfum-Mon-Evidence-2.jpg","datePublished":"2020-12-10T19:41:43+00:00","dateModified":"2023-09-10T13:12:04+00:00","breadcrumb":{"@id":"https:\/\/labemacosmetics.com\/en\/product\/coffret-mon-evidence\/#breadcrumb"},"inLanguage":"en-GB","potentialAction":[{"@type":"ReadAction","target":["https:\/\/labemacosmetics.com\/en\/product\/coffret-mon-evidence\/"]}]},{"@type":"ImageObject","inLanguage":"en-GB","@id":"https:\/\/labemacosmetics.com\/en\/product\/coffret-mon-evidence\/#primaryimage","url":"https:\/\/labemacosmetics.com\/wp-content\/uploads\/2020\/11\/YVES-ROCHER-Coffret-Eau-de-Parfum-Mon-Evidence-2.jpg","contentUrl":"https:\/\/labemacosmetics.com\/wp-content\/uploads\/2020\/11\/YVES-ROCHER-Coffret-Eau-de-Parfum-Mon-Evidence-2.jpg","width":800,"height":800,"caption":"coffret"},{"@type":"BreadcrumbList","@id":"https:\/\/labemacosmetics.com\/en\/product\/coffret-mon-evidence\/#breadcrumb","itemListElement":[{"@type":"ListItem","position":1,"name":"Accueil","item":"https:\/\/labemacosmetics.com\/"},{"@type":"ListItem","position":2,"name":"Produits","item":"https:\/\/labemacosmetics.com\/shop\/"},{"@type":"ListItem","position":3,"name":"YVES ROCHER Coffret mon \u00e9vidence"}]},{"@type":"WebSite","@id":"https:\/\/labemacosmetics.com\/#website","url":"https:\/\/labemacosmetics.com\/","name":"Lab&eacute;ma Cosmetics","description":"","potentialAction":[{"@type":"SearchAction","target":{"@type":"EntryPoint","urlTemplate":"https:\/\/labemacosmetics.com\/?s={search_term_string}"},"query-input":{"@type":"PropertyValueSpecification","valueRequired":true,"valueName":"search_term_string"}}],"inLanguage":"en-GB"}]},"product_brand":"Yves Rocher","product_price_amount":"25000","product_price_currency":"XOF","og_availability":"out of stock","product_availability":"out of stock","product_condition":"new"},"_links":{"self":[{"href":"https:\/\/labemacosmetics.com\/en\/wp-json\/wp\/v2\/product\/6398","targetHints":{"allow":["GET"]}}],"collection":[{"href":"https:\/\/labemacosmetics.com\/en\/wp-json\/wp\/v2\/product"}],"about":[{"href":"https:\/\/labemacosmetics.com\/en\/wp-json\/wp\/v2\/types\/product"}],"replies":[{"embeddable":true,"href":"https:\/\/labemacosmetics.com\/en\/wp-json\/wp\/v2\/comments?post=6398"}],"version-history":[{"count":1,"href":"https:\/\/labemacosmetics.com\/en\/wp-json\/wp\/v2\/product\/6398\/revisions"}],"predecessor-version":[{"id":9222,"href":"https:\/\/labemacosmetics.com\/en\/wp-json\/wp\/v2\/product\/6398\/revisions\/9222"}],"wp:featuredmedia":[{"embeddable":true,"href":"https:\/\/labemacosmetics.com\/en\/wp-json\/wp\/v2\/media\/6399"}],"wp:attachment":[{"href":"https:\/\/labemacosmetics.com\/en\/wp-json\/wp\/v2\/media?parent=6398"}],"wp:term":[{"taxonomy":"product_brand","embeddable":true,"href":"https:\/\/labemacosmetics.com\/en\/wp-json\/wp\/v2\/product_brand?post=6398"},{"taxonomy":"product_cat","embeddable":true,"href":"https:\/\/labemacosmetics.com\/en\/wp-json\/wp\/v2\/product_cat?post=6398"},{"taxonomy":"product_tag","embeddable":true,"href":"https:\/\/labemacosmetics.com\/en\/wp-json\/wp\/v2\/product_tag?post=6398"}],"curies":[{"name":"wp","href":"https:\/\/api.w.org\/{rel}","templated":true}]}}