{"id":6394,"date":"2020-12-10T20:43:53","date_gmt":"2020-12-10T19:43:53","guid":{"rendered":"https:\/\/www.labemacosmetics.com\/?post_type=product&#038;p=6394"},"modified":"2024-08-09T15:19:33","modified_gmt":"2024-08-09T14:19:33","slug":"mascara-waterproof-long-lasting-volume-201-black","status":"publish","type":"product","link":"https:\/\/labemacosmetics.com\/en\/product\/mascara-waterproof-long-lasting-volume-201-black\/","title":{"rendered":"MAX AND MORE Mascara waterproof volume 201 black"},"content":{"rendered":"<p>Gr\u00e2ce \u00e0 sa formule r\u00e9sistante \u00e0 l\u2019eau, ce mascara poss\u00e8de un effet longue dur\u00e9e sur vos cils. Un bon\u00a0mascara\u00a0imperm\u00e9able\u00a0doit \u00eatre fiable, \u00e0 tout le moins.\u00a0Alors que certains mascara peuvent entra\u00eener des yeux de raton laveur macul\u00e9s et\u00a0des larmes de mascara dramatiques\u00a0, la bonne formule imperm\u00e9able r\u00e9sistera aux \u00e9l\u00e9ments, \u00e0 la\u00a0saison des allergies\u00a0,\u00a0aux\u00a0pleurs laids et \u00e0 tout le\u00a0reste\u00a0.\u00a0Quelle que soit la journ\u00e9e qui vous attend, le bon mascara imperm\u00e9able devrait garder vos cils impeccables quoi qu&rsquo;il arrive.<\/p>","protected":false},"excerpt":{"rendered":"<p>Gr\u00e2ce \u00e0 sa formule r\u00e9sistante \u00e0 l\u2019eau, ce mascara poss\u00e8de un effet longue dur\u00e9e sur vos cils. Un bon\u00a0mascara\u00a0imperm\u00e9able\u00a0doit \u00eatre fiable, \u00e0 tout le moins.\u00a0Alors que certains mascara peuvent entra\u00eener des yeux de raton laveur macul\u00e9s et\u00a0des larmes de mascara dramatiques<\/p>","protected":false},"featured_media":6395,"comment_status":"open","ping_status":"closed","template":"","meta":{"om_disable_all_campaigns":false,"_mi_skip_tracking":false,"_monsterinsights_sitenote_active":false,"_monsterinsights_sitenote_note":"","_monsterinsights_sitenote_category":0},"product_brand":[],"product_cat":[127,103,113,109],"product_tag":[],"class_list":{"0":"post-6394","1":"product","2":"type-product","3":"status-publish","4":"has-post-thumbnail","6":"product_cat-boutique","7":"product_cat-maquillage","8":"product_cat-mascaras","9":"product_cat-yeux","10":"yith_product_brand-maxmore","12":"first","13":"outofstock","14":"shipping-taxable","15":"purchasable","16":"product-type-simple"},"yoast_head":"<!-- This site is optimized with the Yoast SEO Premium plugin v20.8 (Yoast SEO v27.4) - https:\/\/yoast.com\/product\/yoast-seo-premium-wordpress\/ -->\n<title>MAX AND MORE Mascara waterproof volume 201 black - Lab&eacute;ma Cosmetics<\/title>\n<meta name=\"robots\" content=\"index, follow, max-snippet:-1, max-image-preview:large, max-video-preview:-1\" \/>\n<link rel=\"canonical\" href=\"https:\/\/labemacosmetics.com\/en\/product\/mascara-waterproof-long-lasting-volume-201-black\/\" \/>\n<meta property=\"og:locale\" content=\"en_GB\" \/>\n<meta property=\"og:type\" content=\"article\" \/>\n<meta property=\"og:title\" content=\"MAX AND MORE Mascara waterproof volume 201 black\" \/>\n<meta property=\"og:description\" content=\"Gr\u00e2ce \u00e0 sa formule r\u00e9sistante \u00e0 l\u2019eau, ce mascara poss\u00e8de un effet longue dur\u00e9e sur vos cils. Un bon\u00a0mascara\u00a0imperm\u00e9able\u00a0doit \u00eatre fiable, \u00e0 tout le moins.\u00a0Alors que certains mascara peuvent entra\u00eener des yeux de raton laveur macul\u00e9s et\u00a0des larmes de mascara dramatiques\" \/>\n<meta property=\"og:url\" content=\"https:\/\/labemacosmetics.com\/en\/product\/mascara-waterproof-long-lasting-volume-201-black\/\" \/>\n<meta property=\"og:site_name\" content=\"Lab&eacute;ma Cosmetics\" \/>\n<meta property=\"article:publisher\" content=\"http:\/\/www.facebook.com\/labemacosmetics\" \/>\n<meta property=\"article:modified_time\" content=\"2024-08-09T14:19:33+00:00\" \/>\n<meta property=\"og:image\" content=\"https:\/\/labemacosmetics.com\/wp-content\/uploads\/2020\/11\/max-and-more-mascara.png\" \/>\n\t<meta property=\"og:image:width\" content=\"1500\" \/>\n\t<meta property=\"og:image:height\" content=\"1500\" \/>\n\t<meta property=\"og:image:type\" content=\"image\/png\" \/>\n<meta name=\"twitter:card\" content=\"summary_large_image\" \/>\n<meta name=\"twitter:site\" content=\"@Labemasn\" \/>\n<meta name=\"twitter:label1\" content=\"Price\" \/>\n\t<meta name=\"twitter:data1\" content=\"2 500&nbsp;CFA\" \/>\n\t<meta name=\"twitter:label2\" content=\"Availability\" \/>\n\t<meta name=\"twitter:data2\" content=\"Out of stock\" \/>\n<script type=\"application\/ld+json\" class=\"yoast-schema-graph\">{\"@context\":\"https:\\\/\\\/schema.org\",\"@graph\":[{\"@type\":\"WebPage\",\"@id\":\"https:\\\/\\\/labemacosmetics.com\\\/produit\\\/mascara-waterproof-long-lasting-volume-201-black\\\/\",\"url\":\"https:\\\/\\\/labemacosmetics.com\\\/produit\\\/mascara-waterproof-long-lasting-volume-201-black\\\/\",\"name\":\"MAX AND MORE Mascara waterproof volume 201 black - Lab&eacute;ma Cosmetics\",\"isPartOf\":{\"@id\":\"https:\\\/\\\/labemacosmetics.com\\\/#website\"},\"primaryImageOfPage\":{\"@id\":\"https:\\\/\\\/labemacosmetics.com\\\/produit\\\/mascara-waterproof-long-lasting-volume-201-black\\\/#primaryimage\"},\"image\":{\"@id\":\"https:\\\/\\\/labemacosmetics.com\\\/produit\\\/mascara-waterproof-long-lasting-volume-201-black\\\/#primaryimage\"},\"thumbnailUrl\":\"https:\\\/\\\/labemacosmetics.com\\\/wp-content\\\/uploads\\\/2020\\\/11\\\/max-and-more-mascara.png\",\"datePublished\":\"2020-12-10T19:43:53+00:00\",\"dateModified\":\"2024-08-09T14:19:33+00:00\",\"breadcrumb\":{\"@id\":\"https:\\\/\\\/labemacosmetics.com\\\/produit\\\/mascara-waterproof-long-lasting-volume-201-black\\\/#breadcrumb\"},\"inLanguage\":\"en-GB\",\"potentialAction\":[{\"@type\":\"ReadAction\",\"target\":[\"https:\\\/\\\/labemacosmetics.com\\\/produit\\\/mascara-waterproof-long-lasting-volume-201-black\\\/\"]}]},{\"@type\":\"ImageObject\",\"inLanguage\":\"en-GB\",\"@id\":\"https:\\\/\\\/labemacosmetics.com\\\/produit\\\/mascara-waterproof-long-lasting-volume-201-black\\\/#primaryimage\",\"url\":\"https:\\\/\\\/labemacosmetics.com\\\/wp-content\\\/uploads\\\/2020\\\/11\\\/max-and-more-mascara.png\",\"contentUrl\":\"https:\\\/\\\/labemacosmetics.com\\\/wp-content\\\/uploads\\\/2020\\\/11\\\/max-and-more-mascara.png\",\"width\":1500,\"height\":1500,\"caption\":\"mascara\"},{\"@type\":\"BreadcrumbList\",\"@id\":\"https:\\\/\\\/labemacosmetics.com\\\/produit\\\/mascara-waterproof-long-lasting-volume-201-black\\\/#breadcrumb\",\"itemListElement\":[{\"@type\":\"ListItem\",\"position\":1,\"name\":\"Accueil\",\"item\":\"https:\\\/\\\/labemacosmetics.com\\\/\"},{\"@type\":\"ListItem\",\"position\":2,\"name\":\"Produits\",\"item\":\"https:\\\/\\\/labemacosmetics.com\\\/shop\\\/\"},{\"@type\":\"ListItem\",\"position\":3,\"name\":\"MAX AND MORE Mascara waterproof volume 201 black\"}]},{\"@type\":\"WebSite\",\"@id\":\"https:\\\/\\\/labemacosmetics.com\\\/#website\",\"url\":\"https:\\\/\\\/labemacosmetics.com\\\/\",\"name\":\"Lab&eacute;ma Cosmetics\",\"description\":\"\",\"potentialAction\":[{\"@type\":\"SearchAction\",\"target\":{\"@type\":\"EntryPoint\",\"urlTemplate\":\"https:\\\/\\\/labemacosmetics.com\\\/?s={search_term_string}\"},\"query-input\":{\"@type\":\"PropertyValueSpecification\",\"valueRequired\":true,\"valueName\":\"search_term_string\"}}],\"inLanguage\":\"en-GB\"}]}<\/script>\n<meta property=\"product:brand\" content=\"max&amp;more\" \/>\n<meta property=\"product:price:amount\" content=\"2500\" \/>\n<meta property=\"product:price:currency\" content=\"XOF\" \/>\n<meta property=\"og:availability\" content=\"out of stock\" \/>\n<meta property=\"product:availability\" content=\"out of stock\" \/>\n<meta property=\"product:condition\" content=\"new\" \/>\n<!-- \/ Yoast SEO Premium plugin. -->","yoast_head_json":{"title":"MAX AND MORE Mascara waterproof volume 201 black - Lab&eacute;ma Cosmetics","robots":{"index":"index","follow":"follow","max-snippet":"max-snippet:-1","max-image-preview":"max-image-preview:large","max-video-preview":"max-video-preview:-1"},"canonical":"https:\/\/labemacosmetics.com\/en\/product\/mascara-waterproof-long-lasting-volume-201-black\/","og_locale":"en_GB","og_type":"article","og_title":"MAX AND MORE Mascara waterproof volume 201 black","og_description":"Gr\u00e2ce \u00e0 sa formule r\u00e9sistante \u00e0 l\u2019eau, ce mascara poss\u00e8de un effet longue dur\u00e9e sur vos cils. Un bon\u00a0mascara\u00a0imperm\u00e9able\u00a0doit \u00eatre fiable, \u00e0 tout le moins.\u00a0Alors que certains mascara peuvent entra\u00eener des yeux de raton laveur macul\u00e9s et\u00a0des larmes de mascara dramatiques","og_url":"https:\/\/labemacosmetics.com\/en\/product\/mascara-waterproof-long-lasting-volume-201-black\/","og_site_name":"Lab&eacute;ma Cosmetics","article_publisher":"http:\/\/www.facebook.com\/labemacosmetics","article_modified_time":"2024-08-09T14:19:33+00:00","og_image":[{"width":1500,"height":1500,"url":"https:\/\/labemacosmetics.com\/wp-content\/uploads\/2020\/11\/max-and-more-mascara.png","type":"image\/png"}],"twitter_card":"summary_large_image","twitter_site":"@Labemasn","twitter_misc":{"Price":"2 500&nbsp;CFA","Availability":"Out of stock"},"schema":{"@context":"https:\/\/schema.org","@graph":[{"@type":"WebPage","@id":"https:\/\/labemacosmetics.com\/produit\/mascara-waterproof-long-lasting-volume-201-black\/","url":"https:\/\/labemacosmetics.com\/produit\/mascara-waterproof-long-lasting-volume-201-black\/","name":"MAX AND MORE Mascara waterproof volume 201 black - Lab&eacute;ma Cosmetics","isPartOf":{"@id":"https:\/\/labemacosmetics.com\/#website"},"primaryImageOfPage":{"@id":"https:\/\/labemacosmetics.com\/produit\/mascara-waterproof-long-lasting-volume-201-black\/#primaryimage"},"image":{"@id":"https:\/\/labemacosmetics.com\/produit\/mascara-waterproof-long-lasting-volume-201-black\/#primaryimage"},"thumbnailUrl":"https:\/\/labemacosmetics.com\/wp-content\/uploads\/2020\/11\/max-and-more-mascara.png","datePublished":"2020-12-10T19:43:53+00:00","dateModified":"2024-08-09T14:19:33+00:00","breadcrumb":{"@id":"https:\/\/labemacosmetics.com\/produit\/mascara-waterproof-long-lasting-volume-201-black\/#breadcrumb"},"inLanguage":"en-GB","potentialAction":[{"@type":"ReadAction","target":["https:\/\/labemacosmetics.com\/produit\/mascara-waterproof-long-lasting-volume-201-black\/"]}]},{"@type":"ImageObject","inLanguage":"en-GB","@id":"https:\/\/labemacosmetics.com\/produit\/mascara-waterproof-long-lasting-volume-201-black\/#primaryimage","url":"https:\/\/labemacosmetics.com\/wp-content\/uploads\/2020\/11\/max-and-more-mascara.png","contentUrl":"https:\/\/labemacosmetics.com\/wp-content\/uploads\/2020\/11\/max-and-more-mascara.png","width":1500,"height":1500,"caption":"mascara"},{"@type":"BreadcrumbList","@id":"https:\/\/labemacosmetics.com\/produit\/mascara-waterproof-long-lasting-volume-201-black\/#breadcrumb","itemListElement":[{"@type":"ListItem","position":1,"name":"Accueil","item":"https:\/\/labemacosmetics.com\/"},{"@type":"ListItem","position":2,"name":"Produits","item":"https:\/\/labemacosmetics.com\/shop\/"},{"@type":"ListItem","position":3,"name":"MAX AND MORE Mascara waterproof volume 201 black"}]},{"@type":"WebSite","@id":"https:\/\/labemacosmetics.com\/#website","url":"https:\/\/labemacosmetics.com\/","name":"Lab&eacute;ma Cosmetics","description":"","potentialAction":[{"@type":"SearchAction","target":{"@type":"EntryPoint","urlTemplate":"https:\/\/labemacosmetics.com\/?s={search_term_string}"},"query-input":{"@type":"PropertyValueSpecification","valueRequired":true,"valueName":"search_term_string"}}],"inLanguage":"en-GB"}]},"product_brand":"max&amp;more","product_price_amount":"2500","product_price_currency":"XOF","og_availability":"out of stock","product_availability":"out of stock","product_condition":"new"},"_links":{"self":[{"href":"https:\/\/labemacosmetics.com\/en\/wp-json\/wp\/v2\/product\/6394","targetHints":{"allow":["GET"]}}],"collection":[{"href":"https:\/\/labemacosmetics.com\/en\/wp-json\/wp\/v2\/product"}],"about":[{"href":"https:\/\/labemacosmetics.com\/en\/wp-json\/wp\/v2\/types\/product"}],"replies":[{"embeddable":true,"href":"https:\/\/labemacosmetics.com\/en\/wp-json\/wp\/v2\/comments?post=6394"}],"version-history":[{"count":0,"href":"https:\/\/labemacosmetics.com\/en\/wp-json\/wp\/v2\/product\/6394\/revisions"}],"wp:featuredmedia":[{"embeddable":true,"href":"https:\/\/labemacosmetics.com\/en\/wp-json\/wp\/v2\/media\/6395"}],"wp:attachment":[{"href":"https:\/\/labemacosmetics.com\/en\/wp-json\/wp\/v2\/media?parent=6394"}],"wp:term":[{"taxonomy":"product_brand","embeddable":true,"href":"https:\/\/labemacosmetics.com\/en\/wp-json\/wp\/v2\/product_brand?post=6394"},{"taxonomy":"product_cat","embeddable":true,"href":"https:\/\/labemacosmetics.com\/en\/wp-json\/wp\/v2\/product_cat?post=6394"},{"taxonomy":"product_tag","embeddable":true,"href":"https:\/\/labemacosmetics.com\/en\/wp-json\/wp\/v2\/product_tag?post=6394"}],"curies":[{"name":"wp","href":"https:\/\/api.w.org\/{rel}","templated":true}]}}