{"id":6392,"date":"2020-12-10T20:45:46","date_gmt":"2020-12-10T19:45:46","guid":{"rendered":"https:\/\/www.labemacosmetics.com\/?post_type=product&#038;p=6392"},"modified":"2023-05-21T13:04:05","modified_gmt":"2023-05-21T12:04:05","slug":"purely-essential-creme-de-nuit-reparatrice","status":"publish","type":"product","link":"https:\/\/labemacosmetics.com\/en\/product\/purely-essential-creme-de-nuit-reparatrice\/","title":{"rendered":"DIADERMINE Cr\u00e8me de nuit r\u00e9paratrice Purely essential"},"content":{"rendered":"<p>Avoir une peau saine est essentiel \u00e0 votre bien-\u00eatre<br \/>\nVotre peau est votre 1er bouclier contre les agressions ext\u00e9rieures. Une routine beaut\u00e9 ne doit \u00eatre ni trop complexe, ni trop basique &#8211; SIMPLEMENT ESSENTIELLE, avec des gestes simples et des produits adapt\u00e9s pour une peau choy\u00e9e et belle au quotidien.<\/p>\n<h6>Indications:<\/h6>\n<p>Tous types de peaux m\u00eame les plus sensibles<\/p>","protected":false},"excerpt":{"rendered":"<p>Avoir une peau saine est essentiel \u00e0 votre bien-\u00eatre<br \/>\nVotre peau est votre 1er bouclier contre les agressions ext\u00e9rieures. Une routine beaut\u00e9 ne doit \u00eatre ni trop complexe, ni trop basique &#8211; SIMPLEMENT ESSENTIELLE, avec des gestes simples et des produits adapt\u00e9s pour une peau choy\u00e9e et belle au quotidien.<\/p>","protected":false},"featured_media":6724,"comment_status":"open","ping_status":"closed","template":"","meta":{"om_disable_all_campaigns":false,"_mi_skip_tracking":false,"_monsterinsights_sitenote_active":false,"_monsterinsights_sitenote_note":"","_monsterinsights_sitenote_category":0},"product_brand":[],"product_cat":[127,1747,515,514,516,517,128,513],"product_tag":[],"class_list":{"0":"post-6392","1":"product","2":"type-product","3":"status-publish","4":"has-post-thumbnail","6":"product_cat-boutique","7":"product_cat-peaux-a-tendances-acneiques","8":"product_cat-peaux-mixtes-a-grasses","9":"product_cat-peaux-normales","10":"product_cat-peaux-seches","11":"product_cat-peaux-sensibles","12":"product_cat-soin-de-visage","13":"product_cat-type-de-peau","14":"yith_product_brand-diadermine-2","16":"first","17":"instock","18":"shipping-taxable","19":"purchasable","20":"product-type-simple"},"yoast_head":"<!-- This site is optimized with the Yoast SEO Premium plugin v20.8 (Yoast SEO v27.4) - https:\/\/yoast.com\/product\/yoast-seo-premium-wordpress\/ -->\n<title>DIADERMINE Cr\u00e8me de nuit r\u00e9paratrice Purely essential - Lab&eacute;ma Cosmetics<\/title>\n<meta name=\"robots\" content=\"index, follow, max-snippet:-1, max-image-preview:large, max-video-preview:-1\" \/>\n<link rel=\"canonical\" href=\"https:\/\/labemacosmetics.com\/en\/product\/purely-essential-creme-de-nuit-reparatrice\/\" \/>\n<meta property=\"og:locale\" content=\"en_GB\" \/>\n<meta property=\"og:type\" content=\"article\" \/>\n<meta property=\"og:title\" content=\"DIADERMINE Cr\u00e8me de nuit r\u00e9paratrice Purely essential\" \/>\n<meta property=\"og:description\" content=\"Avoir une peau saine est essentiel \u00e0 votre bien-\u00eatre Votre peau est votre 1er bouclier contre les agressions ext\u00e9rieures. Une routine beaut\u00e9 ne doit \u00eatre ni trop complexe, ni trop basique - SIMPLEMENT ESSENTIELLE, avec des gestes simples et des produits adapt\u00e9s pour une peau choy\u00e9e et belle au quotidien.\" \/>\n<meta property=\"og:url\" content=\"https:\/\/labemacosmetics.com\/en\/product\/purely-essential-creme-de-nuit-reparatrice\/\" \/>\n<meta property=\"og:site_name\" content=\"Lab&eacute;ma Cosmetics\" \/>\n<meta property=\"article:publisher\" content=\"http:\/\/www.facebook.com\/labemacosmetics\" \/>\n<meta property=\"article:modified_time\" content=\"2023-05-21T12:04:05+00:00\" \/>\n<meta property=\"og:image\" content=\"https:\/\/labemacosmetics.com\/wp-content\/uploads\/2020\/12\/Purely-essential-Creme-de-nuit-reparatrice.jpg\" \/>\n\t<meta property=\"og:image:width\" content=\"1500\" \/>\n\t<meta property=\"og:image:height\" content=\"1500\" \/>\n\t<meta property=\"og:image:type\" content=\"image\/jpeg\" \/>\n<meta name=\"twitter:card\" content=\"summary_large_image\" \/>\n<meta name=\"twitter:site\" content=\"@Labemasn\" \/>\n<meta name=\"twitter:label1\" content=\"Price\" \/>\n\t<meta name=\"twitter:data1\" content=\"3 500&nbsp;CFA\" \/>\n\t<meta name=\"twitter:label2\" content=\"Availability\" \/>\n\t<meta name=\"twitter:data2\" content=\"In stock\" \/>\n<script type=\"application\/ld+json\" class=\"yoast-schema-graph\">{\"@context\":\"https:\\\/\\\/schema.org\",\"@graph\":[{\"@type\":\"WebPage\",\"@id\":\"https:\\\/\\\/labemacosmetics.com\\\/produit\\\/purely-essential-creme-de-nuit-reparatrice\\\/\",\"url\":\"https:\\\/\\\/labemacosmetics.com\\\/produit\\\/purely-essential-creme-de-nuit-reparatrice\\\/\",\"name\":\"DIADERMINE Cr\u00e8me de nuit r\u00e9paratrice Purely essential - Lab&eacute;ma Cosmetics\",\"isPartOf\":{\"@id\":\"https:\\\/\\\/labemacosmetics.com\\\/#website\"},\"primaryImageOfPage\":{\"@id\":\"https:\\\/\\\/labemacosmetics.com\\\/produit\\\/purely-essential-creme-de-nuit-reparatrice\\\/#primaryimage\"},\"image\":{\"@id\":\"https:\\\/\\\/labemacosmetics.com\\\/produit\\\/purely-essential-creme-de-nuit-reparatrice\\\/#primaryimage\"},\"thumbnailUrl\":\"https:\\\/\\\/labemacosmetics.com\\\/wp-content\\\/uploads\\\/2020\\\/12\\\/Purely-essential-Creme-de-nuit-reparatrice.jpg\",\"datePublished\":\"2020-12-10T19:45:46+00:00\",\"dateModified\":\"2023-05-21T12:04:05+00:00\",\"breadcrumb\":{\"@id\":\"https:\\\/\\\/labemacosmetics.com\\\/produit\\\/purely-essential-creme-de-nuit-reparatrice\\\/#breadcrumb\"},\"inLanguage\":\"en-GB\",\"potentialAction\":[{\"@type\":\"ReadAction\",\"target\":[\"https:\\\/\\\/labemacosmetics.com\\\/produit\\\/purely-essential-creme-de-nuit-reparatrice\\\/\"]}]},{\"@type\":\"ImageObject\",\"inLanguage\":\"en-GB\",\"@id\":\"https:\\\/\\\/labemacosmetics.com\\\/produit\\\/purely-essential-creme-de-nuit-reparatrice\\\/#primaryimage\",\"url\":\"https:\\\/\\\/labemacosmetics.com\\\/wp-content\\\/uploads\\\/2020\\\/12\\\/Purely-essential-Creme-de-nuit-reparatrice.jpg\",\"contentUrl\":\"https:\\\/\\\/labemacosmetics.com\\\/wp-content\\\/uploads\\\/2020\\\/12\\\/Purely-essential-Creme-de-nuit-reparatrice.jpg\",\"width\":1500,\"height\":1500,\"caption\":\"cr\u00e8me nuit\"},{\"@type\":\"BreadcrumbList\",\"@id\":\"https:\\\/\\\/labemacosmetics.com\\\/produit\\\/purely-essential-creme-de-nuit-reparatrice\\\/#breadcrumb\",\"itemListElement\":[{\"@type\":\"ListItem\",\"position\":1,\"name\":\"Accueil\",\"item\":\"https:\\\/\\\/labemacosmetics.com\\\/\"},{\"@type\":\"ListItem\",\"position\":2,\"name\":\"Produits\",\"item\":\"https:\\\/\\\/labemacosmetics.com\\\/shop\\\/\"},{\"@type\":\"ListItem\",\"position\":3,\"name\":\"DIADERMINE Cr\u00e8me de nuit r\u00e9paratrice Purely essential\"}]},{\"@type\":\"WebSite\",\"@id\":\"https:\\\/\\\/labemacosmetics.com\\\/#website\",\"url\":\"https:\\\/\\\/labemacosmetics.com\\\/\",\"name\":\"Lab&eacute;ma Cosmetics\",\"description\":\"\",\"potentialAction\":[{\"@type\":\"SearchAction\",\"target\":{\"@type\":\"EntryPoint\",\"urlTemplate\":\"https:\\\/\\\/labemacosmetics.com\\\/?s={search_term_string}\"},\"query-input\":{\"@type\":\"PropertyValueSpecification\",\"valueRequired\":true,\"valueName\":\"search_term_string\"}}],\"inLanguage\":\"en-GB\"}]}<\/script>\n<meta property=\"product:brand\" content=\"Diadermine\" \/>\n<meta property=\"product:price:amount\" content=\"3500\" \/>\n<meta property=\"product:price:currency\" content=\"XOF\" \/>\n<meta property=\"og:availability\" content=\"instock\" \/>\n<meta property=\"product:availability\" content=\"instock\" \/>\n<meta property=\"product:condition\" content=\"new\" \/>\n<!-- \/ Yoast SEO Premium plugin. -->","yoast_head_json":{"title":"DIADERMINE Cr\u00e8me de nuit r\u00e9paratrice Purely essential - Lab&eacute;ma Cosmetics","robots":{"index":"index","follow":"follow","max-snippet":"max-snippet:-1","max-image-preview":"max-image-preview:large","max-video-preview":"max-video-preview:-1"},"canonical":"https:\/\/labemacosmetics.com\/en\/product\/purely-essential-creme-de-nuit-reparatrice\/","og_locale":"en_GB","og_type":"article","og_title":"DIADERMINE Cr\u00e8me de nuit r\u00e9paratrice Purely essential","og_description":"Avoir une peau saine est essentiel \u00e0 votre bien-\u00eatre Votre peau est votre 1er bouclier contre les agressions ext\u00e9rieures. Une routine beaut\u00e9 ne doit \u00eatre ni trop complexe, ni trop basique - SIMPLEMENT ESSENTIELLE, avec des gestes simples et des produits adapt\u00e9s pour une peau choy\u00e9e et belle au quotidien.","og_url":"https:\/\/labemacosmetics.com\/en\/product\/purely-essential-creme-de-nuit-reparatrice\/","og_site_name":"Lab&eacute;ma Cosmetics","article_publisher":"http:\/\/www.facebook.com\/labemacosmetics","article_modified_time":"2023-05-21T12:04:05+00:00","og_image":[{"width":1500,"height":1500,"url":"https:\/\/labemacosmetics.com\/wp-content\/uploads\/2020\/12\/Purely-essential-Creme-de-nuit-reparatrice.jpg","type":"image\/jpeg"}],"twitter_card":"summary_large_image","twitter_site":"@Labemasn","twitter_misc":{"Price":"3 500&nbsp;CFA","Availability":"In stock"},"schema":{"@context":"https:\/\/schema.org","@graph":[{"@type":"WebPage","@id":"https:\/\/labemacosmetics.com\/produit\/purely-essential-creme-de-nuit-reparatrice\/","url":"https:\/\/labemacosmetics.com\/produit\/purely-essential-creme-de-nuit-reparatrice\/","name":"DIADERMINE Cr\u00e8me de nuit r\u00e9paratrice Purely essential - Lab&eacute;ma Cosmetics","isPartOf":{"@id":"https:\/\/labemacosmetics.com\/#website"},"primaryImageOfPage":{"@id":"https:\/\/labemacosmetics.com\/produit\/purely-essential-creme-de-nuit-reparatrice\/#primaryimage"},"image":{"@id":"https:\/\/labemacosmetics.com\/produit\/purely-essential-creme-de-nuit-reparatrice\/#primaryimage"},"thumbnailUrl":"https:\/\/labemacosmetics.com\/wp-content\/uploads\/2020\/12\/Purely-essential-Creme-de-nuit-reparatrice.jpg","datePublished":"2020-12-10T19:45:46+00:00","dateModified":"2023-05-21T12:04:05+00:00","breadcrumb":{"@id":"https:\/\/labemacosmetics.com\/produit\/purely-essential-creme-de-nuit-reparatrice\/#breadcrumb"},"inLanguage":"en-GB","potentialAction":[{"@type":"ReadAction","target":["https:\/\/labemacosmetics.com\/produit\/purely-essential-creme-de-nuit-reparatrice\/"]}]},{"@type":"ImageObject","inLanguage":"en-GB","@id":"https:\/\/labemacosmetics.com\/produit\/purely-essential-creme-de-nuit-reparatrice\/#primaryimage","url":"https:\/\/labemacosmetics.com\/wp-content\/uploads\/2020\/12\/Purely-essential-Creme-de-nuit-reparatrice.jpg","contentUrl":"https:\/\/labemacosmetics.com\/wp-content\/uploads\/2020\/12\/Purely-essential-Creme-de-nuit-reparatrice.jpg","width":1500,"height":1500,"caption":"cr\u00e8me nuit"},{"@type":"BreadcrumbList","@id":"https:\/\/labemacosmetics.com\/produit\/purely-essential-creme-de-nuit-reparatrice\/#breadcrumb","itemListElement":[{"@type":"ListItem","position":1,"name":"Accueil","item":"https:\/\/labemacosmetics.com\/"},{"@type":"ListItem","position":2,"name":"Produits","item":"https:\/\/labemacosmetics.com\/shop\/"},{"@type":"ListItem","position":3,"name":"DIADERMINE Cr\u00e8me de nuit r\u00e9paratrice Purely essential"}]},{"@type":"WebSite","@id":"https:\/\/labemacosmetics.com\/#website","url":"https:\/\/labemacosmetics.com\/","name":"Lab&eacute;ma Cosmetics","description":"","potentialAction":[{"@type":"SearchAction","target":{"@type":"EntryPoint","urlTemplate":"https:\/\/labemacosmetics.com\/?s={search_term_string}"},"query-input":{"@type":"PropertyValueSpecification","valueRequired":true,"valueName":"search_term_string"}}],"inLanguage":"en-GB"}]},"product_brand":"Diadermine","product_price_amount":"3500","product_price_currency":"XOF","og_availability":"instock","product_availability":"instock","product_condition":"new"},"_links":{"self":[{"href":"https:\/\/labemacosmetics.com\/en\/wp-json\/wp\/v2\/product\/6392","targetHints":{"allow":["GET"]}}],"collection":[{"href":"https:\/\/labemacosmetics.com\/en\/wp-json\/wp\/v2\/product"}],"about":[{"href":"https:\/\/labemacosmetics.com\/en\/wp-json\/wp\/v2\/types\/product"}],"replies":[{"embeddable":true,"href":"https:\/\/labemacosmetics.com\/en\/wp-json\/wp\/v2\/comments?post=6392"}],"version-history":[{"count":0,"href":"https:\/\/labemacosmetics.com\/en\/wp-json\/wp\/v2\/product\/6392\/revisions"}],"wp:featuredmedia":[{"embeddable":true,"href":"https:\/\/labemacosmetics.com\/en\/wp-json\/wp\/v2\/media\/6724"}],"wp:attachment":[{"href":"https:\/\/labemacosmetics.com\/en\/wp-json\/wp\/v2\/media?parent=6392"}],"wp:term":[{"taxonomy":"product_brand","embeddable":true,"href":"https:\/\/labemacosmetics.com\/en\/wp-json\/wp\/v2\/product_brand?post=6392"},{"taxonomy":"product_cat","embeddable":true,"href":"https:\/\/labemacosmetics.com\/en\/wp-json\/wp\/v2\/product_cat?post=6392"},{"taxonomy":"product_tag","embeddable":true,"href":"https:\/\/labemacosmetics.com\/en\/wp-json\/wp\/v2\/product_tag?post=6392"}],"curies":[{"name":"wp","href":"https:\/\/api.w.org\/{rel}","templated":true}]}}