{"id":6387,"date":"2020-12-10T20:47:10","date_gmt":"2020-12-10T19:47:10","guid":{"rendered":"https:\/\/www.labemacosmetics.com\/?post_type=product&#038;p=6387"},"modified":"2024-03-08T18:14:46","modified_gmt":"2024-03-08T17:14:46","slug":"diadermine-soin-de-jour-hydratant-ph5","status":"publish","type":"product","link":"https:\/\/labemacosmetics.com\/en\/product\/diadermine-soin-de-jour-hydratant-ph5\/","title":{"rendered":"Diadermine Soin de Jour Hydratant ph5 Protecteur"},"content":{"rendered":"<h6><span style=\"font-size: 14pt;\">Description:<\/span><\/h6>\n<p>Sa texture fluide et onctueuse p\u00e9n\u00e8tre rapidement dans la peau et constitue une excellente base de maquillage.<\/p>\n<p>PH5 hydrate* : Sa formule exclusive contient des actifs hydratants qui agissent imm\u00e9diatement. D\u00e8s les premi\u00e8res applications, le niveau d&rsquo;hydratation de l&rsquo;\u00e9piderme augmente et se maintient tout au long de la journ\u00e9e.<br \/>\nPH5 nourrit : Sa formule, associant de la vitamine E et de la Pro-Vitamine B5, nourrit les peaux s\u00e8ches et sensibles pour encore plus de douceur, de souplesse et de confort.<br \/>\nPH5 prot\u00e8ge : Son filtre UVA\/UVB prot\u00e8ge la peau des rayons UV, connus comme l&rsquo;une des principales causes de vieillissement cutan\u00e9.<\/p>\n<p>R\u00e9sultats Visibles :<br \/>\nD\u00e8s l&rsquo;application et tout au long de la journ\u00e9e, la peau est hydrat\u00e9e*, nourrie et prot\u00e9g\u00e9e.<br \/>\nElle retrouve douceur, souplesse et confort.<\/p>\n<p>*des couches sup\u00e9rieures de l&rsquo;\u00e9piderme<\/p>\n<h6><span style=\"font-size: 14pt;\">Indications:<\/span><\/h6>\n<p>Peaux s\u00e8ches et sensibles<\/p>","protected":false},"excerpt":{"rendered":"<h6><\/h6>\n<p>Sa texture fluide et onctueuse p\u00e9n\u00e8tre rapidement dans la peau et constitue une excellente base de maquillage.<\/p>\n<p>PH5 hydrate* : Sa formule exclusive contient des actifs hydratants qui agissent imm\u00e9diatement. D\u00e8s les premi\u00e8res applications, le niveau d&rsquo;hydratation de l&rsquo;\u00e9piderme augmente et se maintient tout au long de la journ\u00e9e.<\/p>","protected":false},"featured_media":6722,"comment_status":"open","ping_status":"closed","template":"","meta":{"om_disable_all_campaigns":false,"_mi_skip_tracking":false,"_monsterinsights_sitenote_active":false,"_monsterinsights_sitenote_note":"","_monsterinsights_sitenote_category":0},"product_brand":[],"product_cat":[127,1743,516,517,512,128,513],"product_tag":[],"class_list":{"0":"post-6387","1":"product","2":"type-product","3":"status-publish","4":"has-post-thumbnail","6":"product_cat-boutique","7":"product_cat-cremes-hydratantes","8":"product_cat-peaux-seches","9":"product_cat-peaux-sensibles","10":"product_cat-produits-par-besoin","11":"product_cat-soin-de-visage","12":"product_cat-type-de-peau","13":"yith_product_brand-diadermine-2","15":"first","16":"outofstock","17":"shipping-taxable","18":"purchasable","19":"product-type-simple"},"yoast_head":"<!-- This site is optimized with the Yoast SEO Premium plugin v20.8 (Yoast SEO v27.4) - https:\/\/yoast.com\/product\/yoast-seo-premium-wordpress\/ -->\n<title>Diadermine Soin de Jour Hydratant ph5 Protecteur - Lab&eacute;ma Cosmetics<\/title>\n<meta name=\"description\" content=\"Sa texture fluide et onctueuse p\u00e9n\u00e8tre rapidement dans la peau et constitue une excellente base de maquillage.\" \/>\n<meta name=\"robots\" content=\"index, follow, max-snippet:-1, max-image-preview:large, max-video-preview:-1\" \/>\n<link rel=\"canonical\" href=\"https:\/\/labemacosmetics.com\/en\/product\/diadermine-soin-de-jour-hydratant-ph5\/\" \/>\n<meta property=\"og:locale\" content=\"en_GB\" \/>\n<meta property=\"og:type\" content=\"article\" \/>\n<meta property=\"og:title\" content=\"Diadermine Soin de Jour Hydratant ph5 Protecteur\" \/>\n<meta property=\"og:description\" content=\"Sa texture fluide et onctueuse p\u00e9n\u00e8tre rapidement dans la peau et constitue une excellente base de maquillage.\" \/>\n<meta property=\"og:url\" content=\"https:\/\/labemacosmetics.com\/en\/product\/diadermine-soin-de-jour-hydratant-ph5\/\" \/>\n<meta property=\"og:site_name\" content=\"Lab&eacute;ma Cosmetics\" \/>\n<meta property=\"article:publisher\" content=\"http:\/\/www.facebook.com\/labemacosmetics\" \/>\n<meta property=\"article:modified_time\" content=\"2024-03-08T17:14:46+00:00\" \/>\n<meta property=\"og:image\" content=\"https:\/\/labemacosmetics.com\/wp-content\/uploads\/2020\/12\/DIADERMINE-PH5-HYDRATANT-PROTECTEUR-SOIN-DE-JOUR.jpg\" \/>\n\t<meta property=\"og:image:width\" content=\"540\" \/>\n\t<meta property=\"og:image:height\" content=\"540\" \/>\n\t<meta property=\"og:image:type\" content=\"image\/jpeg\" \/>\n<meta name=\"twitter:card\" content=\"summary_large_image\" \/>\n<meta name=\"twitter:site\" content=\"@Labemasn\" \/>\n<meta name=\"twitter:label1\" content=\"Price\" \/>\n\t<meta name=\"twitter:data1\" content=\"3 500&nbsp;CFA\" \/>\n\t<meta name=\"twitter:label2\" content=\"Availability\" \/>\n\t<meta name=\"twitter:data2\" content=\"Out of stock\" \/>\n<script type=\"application\/ld+json\" class=\"yoast-schema-graph\">{\"@context\":\"https:\\\/\\\/schema.org\",\"@graph\":[{\"@type\":\"WebPage\",\"@id\":\"https:\\\/\\\/labemacosmetics.com\\\/produit\\\/diadermine-soin-de-jour-hydratant-ph5\\\/\",\"url\":\"https:\\\/\\\/labemacosmetics.com\\\/produit\\\/diadermine-soin-de-jour-hydratant-ph5\\\/\",\"name\":\"Diadermine Soin de Jour Hydratant ph5 Protecteur - Lab&eacute;ma Cosmetics\",\"isPartOf\":{\"@id\":\"https:\\\/\\\/labemacosmetics.com\\\/#website\"},\"primaryImageOfPage\":{\"@id\":\"https:\\\/\\\/labemacosmetics.com\\\/produit\\\/diadermine-soin-de-jour-hydratant-ph5\\\/#primaryimage\"},\"image\":{\"@id\":\"https:\\\/\\\/labemacosmetics.com\\\/produit\\\/diadermine-soin-de-jour-hydratant-ph5\\\/#primaryimage\"},\"thumbnailUrl\":\"https:\\\/\\\/labemacosmetics.com\\\/wp-content\\\/uploads\\\/2020\\\/12\\\/DIADERMINE-PH5-HYDRATANT-PROTECTEUR-SOIN-DE-JOUR.jpg\",\"datePublished\":\"2020-12-10T19:47:10+00:00\",\"dateModified\":\"2024-03-08T17:14:46+00:00\",\"description\":\"Sa texture fluide et onctueuse p\u00e9n\u00e8tre rapidement dans la peau et constitue une excellente base de maquillage.\",\"breadcrumb\":{\"@id\":\"https:\\\/\\\/labemacosmetics.com\\\/produit\\\/diadermine-soin-de-jour-hydratant-ph5\\\/#breadcrumb\"},\"inLanguage\":\"en-GB\",\"potentialAction\":[{\"@type\":\"ReadAction\",\"target\":[\"https:\\\/\\\/labemacosmetics.com\\\/produit\\\/diadermine-soin-de-jour-hydratant-ph5\\\/\"]}]},{\"@type\":\"ImageObject\",\"inLanguage\":\"en-GB\",\"@id\":\"https:\\\/\\\/labemacosmetics.com\\\/produit\\\/diadermine-soin-de-jour-hydratant-ph5\\\/#primaryimage\",\"url\":\"https:\\\/\\\/labemacosmetics.com\\\/wp-content\\\/uploads\\\/2020\\\/12\\\/DIADERMINE-PH5-HYDRATANT-PROTECTEUR-SOIN-DE-JOUR.jpg\",\"contentUrl\":\"https:\\\/\\\/labemacosmetics.com\\\/wp-content\\\/uploads\\\/2020\\\/12\\\/DIADERMINE-PH5-HYDRATANT-PROTECTEUR-SOIN-DE-JOUR.jpg\",\"width\":540,\"height\":540,\"caption\":\"soin jour\"},{\"@type\":\"BreadcrumbList\",\"@id\":\"https:\\\/\\\/labemacosmetics.com\\\/produit\\\/diadermine-soin-de-jour-hydratant-ph5\\\/#breadcrumb\",\"itemListElement\":[{\"@type\":\"ListItem\",\"position\":1,\"name\":\"Accueil\",\"item\":\"https:\\\/\\\/labemacosmetics.com\\\/\"},{\"@type\":\"ListItem\",\"position\":2,\"name\":\"Produits\",\"item\":\"https:\\\/\\\/labemacosmetics.com\\\/shop\\\/\"},{\"@type\":\"ListItem\",\"position\":3,\"name\":\"Diadermine Soin de Jour Hydratant ph5 Protecteur\"}]},{\"@type\":\"WebSite\",\"@id\":\"https:\\\/\\\/labemacosmetics.com\\\/#website\",\"url\":\"https:\\\/\\\/labemacosmetics.com\\\/\",\"name\":\"Lab&eacute;ma Cosmetics\",\"description\":\"\",\"potentialAction\":[{\"@type\":\"SearchAction\",\"target\":{\"@type\":\"EntryPoint\",\"urlTemplate\":\"https:\\\/\\\/labemacosmetics.com\\\/?s={search_term_string}\"},\"query-input\":{\"@type\":\"PropertyValueSpecification\",\"valueRequired\":true,\"valueName\":\"search_term_string\"}}],\"inLanguage\":\"en-GB\"}]}<\/script>\n<meta property=\"product:brand\" content=\"Diadermine\" \/>\n<meta property=\"product:price:amount\" content=\"3500\" \/>\n<meta property=\"product:price:currency\" content=\"XOF\" \/>\n<meta property=\"og:availability\" content=\"out of stock\" \/>\n<meta property=\"product:availability\" content=\"out of stock\" \/>\n<meta property=\"product:condition\" content=\"new\" \/>\n<!-- \/ Yoast SEO Premium plugin. -->","yoast_head_json":{"title":"Diadermine Soin de Jour Hydratant ph5 Protecteur - Lab&eacute;ma Cosmetics","description":"Sa texture fluide et onctueuse p\u00e9n\u00e8tre rapidement dans la peau et constitue une excellente base de maquillage.","robots":{"index":"index","follow":"follow","max-snippet":"max-snippet:-1","max-image-preview":"max-image-preview:large","max-video-preview":"max-video-preview:-1"},"canonical":"https:\/\/labemacosmetics.com\/en\/product\/diadermine-soin-de-jour-hydratant-ph5\/","og_locale":"en_GB","og_type":"article","og_title":"Diadermine Soin de Jour Hydratant ph5 Protecteur","og_description":"Sa texture fluide et onctueuse p\u00e9n\u00e8tre rapidement dans la peau et constitue une excellente base de maquillage.","og_url":"https:\/\/labemacosmetics.com\/en\/product\/diadermine-soin-de-jour-hydratant-ph5\/","og_site_name":"Lab&eacute;ma Cosmetics","article_publisher":"http:\/\/www.facebook.com\/labemacosmetics","article_modified_time":"2024-03-08T17:14:46+00:00","og_image":[{"width":540,"height":540,"url":"https:\/\/labemacosmetics.com\/wp-content\/uploads\/2020\/12\/DIADERMINE-PH5-HYDRATANT-PROTECTEUR-SOIN-DE-JOUR.jpg","type":"image\/jpeg"}],"twitter_card":"summary_large_image","twitter_site":"@Labemasn","twitter_misc":{"Price":"3 500&nbsp;CFA","Availability":"Out of stock"},"schema":{"@context":"https:\/\/schema.org","@graph":[{"@type":"WebPage","@id":"https:\/\/labemacosmetics.com\/produit\/diadermine-soin-de-jour-hydratant-ph5\/","url":"https:\/\/labemacosmetics.com\/produit\/diadermine-soin-de-jour-hydratant-ph5\/","name":"Diadermine Soin de Jour Hydratant ph5 Protecteur - Lab&eacute;ma Cosmetics","isPartOf":{"@id":"https:\/\/labemacosmetics.com\/#website"},"primaryImageOfPage":{"@id":"https:\/\/labemacosmetics.com\/produit\/diadermine-soin-de-jour-hydratant-ph5\/#primaryimage"},"image":{"@id":"https:\/\/labemacosmetics.com\/produit\/diadermine-soin-de-jour-hydratant-ph5\/#primaryimage"},"thumbnailUrl":"https:\/\/labemacosmetics.com\/wp-content\/uploads\/2020\/12\/DIADERMINE-PH5-HYDRATANT-PROTECTEUR-SOIN-DE-JOUR.jpg","datePublished":"2020-12-10T19:47:10+00:00","dateModified":"2024-03-08T17:14:46+00:00","description":"Sa texture fluide et onctueuse p\u00e9n\u00e8tre rapidement dans la peau et constitue une excellente base de maquillage.","breadcrumb":{"@id":"https:\/\/labemacosmetics.com\/produit\/diadermine-soin-de-jour-hydratant-ph5\/#breadcrumb"},"inLanguage":"en-GB","potentialAction":[{"@type":"ReadAction","target":["https:\/\/labemacosmetics.com\/produit\/diadermine-soin-de-jour-hydratant-ph5\/"]}]},{"@type":"ImageObject","inLanguage":"en-GB","@id":"https:\/\/labemacosmetics.com\/produit\/diadermine-soin-de-jour-hydratant-ph5\/#primaryimage","url":"https:\/\/labemacosmetics.com\/wp-content\/uploads\/2020\/12\/DIADERMINE-PH5-HYDRATANT-PROTECTEUR-SOIN-DE-JOUR.jpg","contentUrl":"https:\/\/labemacosmetics.com\/wp-content\/uploads\/2020\/12\/DIADERMINE-PH5-HYDRATANT-PROTECTEUR-SOIN-DE-JOUR.jpg","width":540,"height":540,"caption":"soin jour"},{"@type":"BreadcrumbList","@id":"https:\/\/labemacosmetics.com\/produit\/diadermine-soin-de-jour-hydratant-ph5\/#breadcrumb","itemListElement":[{"@type":"ListItem","position":1,"name":"Accueil","item":"https:\/\/labemacosmetics.com\/"},{"@type":"ListItem","position":2,"name":"Produits","item":"https:\/\/labemacosmetics.com\/shop\/"},{"@type":"ListItem","position":3,"name":"Diadermine Soin de Jour Hydratant ph5 Protecteur"}]},{"@type":"WebSite","@id":"https:\/\/labemacosmetics.com\/#website","url":"https:\/\/labemacosmetics.com\/","name":"Lab&eacute;ma Cosmetics","description":"","potentialAction":[{"@type":"SearchAction","target":{"@type":"EntryPoint","urlTemplate":"https:\/\/labemacosmetics.com\/?s={search_term_string}"},"query-input":{"@type":"PropertyValueSpecification","valueRequired":true,"valueName":"search_term_string"}}],"inLanguage":"en-GB"}]},"product_brand":"Diadermine","product_price_amount":"3500","product_price_currency":"XOF","og_availability":"out of stock","product_availability":"out of stock","product_condition":"new"},"_links":{"self":[{"href":"https:\/\/labemacosmetics.com\/en\/wp-json\/wp\/v2\/product\/6387","targetHints":{"allow":["GET"]}}],"collection":[{"href":"https:\/\/labemacosmetics.com\/en\/wp-json\/wp\/v2\/product"}],"about":[{"href":"https:\/\/labemacosmetics.com\/en\/wp-json\/wp\/v2\/types\/product"}],"replies":[{"embeddable":true,"href":"https:\/\/labemacosmetics.com\/en\/wp-json\/wp\/v2\/comments?post=6387"}],"version-history":[{"count":0,"href":"https:\/\/labemacosmetics.com\/en\/wp-json\/wp\/v2\/product\/6387\/revisions"}],"wp:featuredmedia":[{"embeddable":true,"href":"https:\/\/labemacosmetics.com\/en\/wp-json\/wp\/v2\/media\/6722"}],"wp:attachment":[{"href":"https:\/\/labemacosmetics.com\/en\/wp-json\/wp\/v2\/media?parent=6387"}],"wp:term":[{"taxonomy":"product_brand","embeddable":true,"href":"https:\/\/labemacosmetics.com\/en\/wp-json\/wp\/v2\/product_brand?post=6387"},{"taxonomy":"product_cat","embeddable":true,"href":"https:\/\/labemacosmetics.com\/en\/wp-json\/wp\/v2\/product_cat?post=6387"},{"taxonomy":"product_tag","embeddable":true,"href":"https:\/\/labemacosmetics.com\/en\/wp-json\/wp\/v2\/product_tag?post=6387"}],"curies":[{"name":"wp","href":"https:\/\/api.w.org\/{rel}","templated":true}]}}