{"id":6280,"date":"2020-03-18T20:38:58","date_gmt":"2020-03-18T19:38:58","guid":{"rendered":"https:\/\/www.labemacosmetics.com\/?post_type=product&#038;p=6280"},"modified":"2023-05-21T13:22:43","modified_gmt":"2023-05-21T12:22:43","slug":"skinactive-tout-en-1","status":"publish","type":"product","link":"https:\/\/labemacosmetics.com\/en\/product\/skinactive-tout-en-1\/","title":{"rendered":"Garnier SkinActive Solution Micellaire Tout en 1"},"content":{"rendered":"<p>La Biphase Micellaire Tout en 1 est fait pour vous si vous cherchez une solution ultra-efficace pour nettoyer la peau, la d\u00e9barrasser de tous les types de maquillages, m\u00eame tenaces (waterproof, longue tenue\u2026) et \u00e9liminer impuret\u00e9s et pollutions. Convient \u00e0 tous les types de peaux, m\u00eame les plus sensibles.<\/p>\n<p>Garnier cr\u00e9e une nouvelle g\u00e9n\u00e9ration de formule biphase enrichie en micelles, actifs nettoyants qui capturent les impuret\u00e9s comme des aimants, et en huiles d\u00e9maquillantes et huile d\u2019argan ultra efficaces.<\/p>\n<p>Une fois m\u00e9lang\u00e9es, les 2 phases s\u2019activent pour dissoudre instantan\u00e9ment tous les types de maquillages, impuret\u00e9s et pollution.<\/p>\n<p>Le r\u00e9sultat : une peau ultra-douce, parfaitement nettoy\u00e9e et d\u00e9maquill\u00e9e sans aucun fini gras. Son format g\u00e9n\u00e9reux 400ml correspond \u00e0 environ 200 applications coton.<\/p>\n<h6><span style=\"font-size: 12pt;\"><strong>Utilisation:<\/strong><\/span><\/h6>\n<p>Agitez le flacon jusqu&rsquo;\u00e0 ce que les 2 phases se m\u00e9langent. Nettoyez le visage, les yeux et les l\u00e8vres \u00e0 l\u2019aide de cotons imbib\u00e9s de produit, sans frotter et sans rincer.<\/p>","protected":false},"excerpt":{"rendered":"<p>La Biphase Micellaire Tout en 1 est fait pour vous si vous cherchez une solution ultra-efficace pour nettoyer la peau, la d\u00e9barrasser de tous les types de maquillages, m\u00eame tenaces (waterproof, longue tenue\u2026) et \u00e9liminer impuret\u00e9s et pollutions. Convient \u00e0 tous les types de peaux, m\u00eame les plus sensibles. Garnier cr\u00e9e une nouvelle g\u00e9n\u00e9ration de [&hellip;]<\/p>\n","protected":false},"featured_media":6281,"comment_status":"open","ping_status":"closed","template":"","meta":{"om_disable_all_campaigns":false,"_mi_skip_tracking":false,"_monsterinsights_sitenote_active":false,"_monsterinsights_sitenote_note":"","_monsterinsights_sitenote_category":0},"product_brand":[],"product_cat":[127,1774,549,515,514,516,517,512,128,513],"product_tag":[],"class_list":{"0":"post-6280","1":"product","2":"type-product","3":"status-publish","4":"has-post-thumbnail","6":"product_cat-boutique","7":"product_cat-demaquillants-eaux-micellaires","8":"product_cat-lotion-toner","9":"product_cat-peaux-mixtes-a-grasses","10":"product_cat-peaux-normales","11":"product_cat-peaux-seches","12":"product_cat-peaux-sensibles","13":"product_cat-produits-par-besoin","14":"product_cat-soin-de-visage","15":"product_cat-type-de-peau","16":"yith_product_brand-garnier","18":"first","19":"outofstock","20":"shipping-taxable","21":"purchasable","22":"product-type-simple"},"yoast_head":"<!-- This site is optimized with the Yoast SEO Premium plugin v20.8 (Yoast SEO v27.4) - https:\/\/yoast.com\/product\/yoast-seo-premium-wordpress\/ -->\n<title>Garnier SkinActive Solution Micellaire Tout en 1 - Lab&eacute;ma Cosmetics<\/title>\n<meta name=\"description\" content=\"La Biphase Micellaire Tout en 1 d\u00e9maquille tous types de maquillages, m\u00eame tenaces (waterproof, longue dur\u00e9e), nettoie et apaise en 1 seul geste visage, yeux et l\u00e8vres.\" \/>\n<meta name=\"robots\" content=\"index, follow, max-snippet:-1, max-image-preview:large, max-video-preview:-1\" \/>\n<link rel=\"canonical\" href=\"https:\/\/labemacosmetics.com\/en\/product\/skinactive-tout-en-1\/\" \/>\n<meta property=\"og:locale\" content=\"en_GB\" \/>\n<meta property=\"og:type\" content=\"article\" \/>\n<meta property=\"og:title\" content=\"Garnier SkinActive Solution Micellaire Tout en 1\" \/>\n<meta property=\"og:description\" content=\"La Biphase Micellaire Tout en 1 d\u00e9maquille tous types de maquillages, m\u00eame tenaces (waterproof, longue dur\u00e9e), nettoie et apaise en 1 seul geste visage, yeux et l\u00e8vres.\" \/>\n<meta property=\"og:url\" content=\"https:\/\/labemacosmetics.com\/en\/product\/skinactive-tout-en-1\/\" \/>\n<meta property=\"og:site_name\" content=\"Lab&eacute;ma Cosmetics\" \/>\n<meta property=\"article:publisher\" content=\"http:\/\/www.facebook.com\/labemacosmetics\" \/>\n<meta property=\"article:modified_time\" content=\"2023-05-21T12:22:43+00:00\" \/>\n<meta property=\"og:image\" content=\"https:\/\/labemacosmetics.com\/wp-content\/uploads\/2020\/03\/Nyx-Nude-Mat-Shadow-4.png\" \/>\n\t<meta property=\"og:image:width\" content=\"600\" \/>\n\t<meta property=\"og:image:height\" content=\"726\" \/>\n\t<meta property=\"og:image:type\" content=\"image\/png\" \/>\n<meta name=\"twitter:card\" content=\"summary_large_image\" \/>\n<meta name=\"twitter:site\" content=\"@Labemasn\" \/>\n<meta name=\"twitter:label1\" content=\"Price\" \/>\n\t<meta name=\"twitter:data1\" content=\"5 000&nbsp;CFA\" \/>\n\t<meta name=\"twitter:label2\" content=\"Availability\" \/>\n\t<meta name=\"twitter:data2\" content=\"Out of stock\" \/>\n<script type=\"application\/ld+json\" class=\"yoast-schema-graph\">{\"@context\":\"https:\\\/\\\/schema.org\",\"@graph\":[{\"@type\":\"WebPage\",\"@id\":\"https:\\\/\\\/labemacosmetics.com\\\/produit\\\/skinactive-tout-en-1\\\/\",\"url\":\"https:\\\/\\\/labemacosmetics.com\\\/produit\\\/skinactive-tout-en-1\\\/\",\"name\":\"Garnier SkinActive Solution Micellaire Tout en 1 - Lab&eacute;ma Cosmetics\",\"isPartOf\":{\"@id\":\"https:\\\/\\\/labemacosmetics.com\\\/#website\"},\"primaryImageOfPage\":{\"@id\":\"https:\\\/\\\/labemacosmetics.com\\\/produit\\\/skinactive-tout-en-1\\\/#primaryimage\"},\"image\":{\"@id\":\"https:\\\/\\\/labemacosmetics.com\\\/produit\\\/skinactive-tout-en-1\\\/#primaryimage\"},\"thumbnailUrl\":\"https:\\\/\\\/labemacosmetics.com\\\/wp-content\\\/uploads\\\/2020\\\/03\\\/Nyx-Nude-Mat-Shadow-4.png\",\"datePublished\":\"2020-03-18T19:38:58+00:00\",\"dateModified\":\"2023-05-21T12:22:43+00:00\",\"description\":\"La Biphase Micellaire Tout en 1 d\u00e9maquille tous types de maquillages, m\u00eame tenaces (waterproof, longue dur\u00e9e), nettoie et apaise en 1 seul geste visage, yeux et l\u00e8vres.\",\"breadcrumb\":{\"@id\":\"https:\\\/\\\/labemacosmetics.com\\\/produit\\\/skinactive-tout-en-1\\\/#breadcrumb\"},\"inLanguage\":\"en-GB\",\"potentialAction\":[{\"@type\":\"ReadAction\",\"target\":[\"https:\\\/\\\/labemacosmetics.com\\\/produit\\\/skinactive-tout-en-1\\\/\"]}]},{\"@type\":\"ImageObject\",\"inLanguage\":\"en-GB\",\"@id\":\"https:\\\/\\\/labemacosmetics.com\\\/produit\\\/skinactive-tout-en-1\\\/#primaryimage\",\"url\":\"https:\\\/\\\/labemacosmetics.com\\\/wp-content\\\/uploads\\\/2020\\\/03\\\/Nyx-Nude-Mat-Shadow-4.png\",\"contentUrl\":\"https:\\\/\\\/labemacosmetics.com\\\/wp-content\\\/uploads\\\/2020\\\/03\\\/Nyx-Nude-Mat-Shadow-4.png\",\"width\":600,\"height\":726},{\"@type\":\"BreadcrumbList\",\"@id\":\"https:\\\/\\\/labemacosmetics.com\\\/produit\\\/skinactive-tout-en-1\\\/#breadcrumb\",\"itemListElement\":[{\"@type\":\"ListItem\",\"position\":1,\"name\":\"Accueil\",\"item\":\"https:\\\/\\\/labemacosmetics.com\\\/\"},{\"@type\":\"ListItem\",\"position\":2,\"name\":\"Produits\",\"item\":\"https:\\\/\\\/labemacosmetics.com\\\/shop\\\/\"},{\"@type\":\"ListItem\",\"position\":3,\"name\":\"Garnier SkinActive Solution Micellaire Tout en 1\"}]},{\"@type\":\"WebSite\",\"@id\":\"https:\\\/\\\/labemacosmetics.com\\\/#website\",\"url\":\"https:\\\/\\\/labemacosmetics.com\\\/\",\"name\":\"Lab&eacute;ma Cosmetics\",\"description\":\"\",\"potentialAction\":[{\"@type\":\"SearchAction\",\"target\":{\"@type\":\"EntryPoint\",\"urlTemplate\":\"https:\\\/\\\/labemacosmetics.com\\\/?s={search_term_string}\"},\"query-input\":{\"@type\":\"PropertyValueSpecification\",\"valueRequired\":true,\"valueName\":\"search_term_string\"}}],\"inLanguage\":\"en-GB\"}]}<\/script>\n<meta property=\"product:brand\" content=\"Garnier\" \/>\n<meta property=\"product:price:amount\" content=\"5000\" \/>\n<meta property=\"product:price:currency\" content=\"XOF\" \/>\n<meta property=\"og:availability\" content=\"out of stock\" \/>\n<meta property=\"product:availability\" content=\"out of stock\" \/>\n<meta property=\"product:condition\" content=\"new\" \/>\n<!-- \/ Yoast SEO Premium plugin. -->","yoast_head_json":{"title":"Garnier SkinActive Solution Micellaire Tout en 1 - Lab&eacute;ma Cosmetics","description":"La Biphase Micellaire Tout en 1 d\u00e9maquille tous types de maquillages, m\u00eame tenaces (waterproof, longue dur\u00e9e), nettoie et apaise en 1 seul geste visage, yeux et l\u00e8vres.","robots":{"index":"index","follow":"follow","max-snippet":"max-snippet:-1","max-image-preview":"max-image-preview:large","max-video-preview":"max-video-preview:-1"},"canonical":"https:\/\/labemacosmetics.com\/en\/product\/skinactive-tout-en-1\/","og_locale":"en_GB","og_type":"article","og_title":"Garnier SkinActive Solution Micellaire Tout en 1","og_description":"La Biphase Micellaire Tout en 1 d\u00e9maquille tous types de maquillages, m\u00eame tenaces (waterproof, longue dur\u00e9e), nettoie et apaise en 1 seul geste visage, yeux et l\u00e8vres.","og_url":"https:\/\/labemacosmetics.com\/en\/product\/skinactive-tout-en-1\/","og_site_name":"Lab&eacute;ma Cosmetics","article_publisher":"http:\/\/www.facebook.com\/labemacosmetics","article_modified_time":"2023-05-21T12:22:43+00:00","og_image":[{"width":600,"height":726,"url":"https:\/\/labemacosmetics.com\/wp-content\/uploads\/2020\/03\/Nyx-Nude-Mat-Shadow-4.png","type":"image\/png"}],"twitter_card":"summary_large_image","twitter_site":"@Labemasn","twitter_misc":{"Price":"5 000&nbsp;CFA","Availability":"Out of stock"},"schema":{"@context":"https:\/\/schema.org","@graph":[{"@type":"WebPage","@id":"https:\/\/labemacosmetics.com\/produit\/skinactive-tout-en-1\/","url":"https:\/\/labemacosmetics.com\/produit\/skinactive-tout-en-1\/","name":"Garnier SkinActive Solution Micellaire Tout en 1 - Lab&eacute;ma Cosmetics","isPartOf":{"@id":"https:\/\/labemacosmetics.com\/#website"},"primaryImageOfPage":{"@id":"https:\/\/labemacosmetics.com\/produit\/skinactive-tout-en-1\/#primaryimage"},"image":{"@id":"https:\/\/labemacosmetics.com\/produit\/skinactive-tout-en-1\/#primaryimage"},"thumbnailUrl":"https:\/\/labemacosmetics.com\/wp-content\/uploads\/2020\/03\/Nyx-Nude-Mat-Shadow-4.png","datePublished":"2020-03-18T19:38:58+00:00","dateModified":"2023-05-21T12:22:43+00:00","description":"La Biphase Micellaire Tout en 1 d\u00e9maquille tous types de maquillages, m\u00eame tenaces (waterproof, longue dur\u00e9e), nettoie et apaise en 1 seul geste visage, yeux et l\u00e8vres.","breadcrumb":{"@id":"https:\/\/labemacosmetics.com\/produit\/skinactive-tout-en-1\/#breadcrumb"},"inLanguage":"en-GB","potentialAction":[{"@type":"ReadAction","target":["https:\/\/labemacosmetics.com\/produit\/skinactive-tout-en-1\/"]}]},{"@type":"ImageObject","inLanguage":"en-GB","@id":"https:\/\/labemacosmetics.com\/produit\/skinactive-tout-en-1\/#primaryimage","url":"https:\/\/labemacosmetics.com\/wp-content\/uploads\/2020\/03\/Nyx-Nude-Mat-Shadow-4.png","contentUrl":"https:\/\/labemacosmetics.com\/wp-content\/uploads\/2020\/03\/Nyx-Nude-Mat-Shadow-4.png","width":600,"height":726},{"@type":"BreadcrumbList","@id":"https:\/\/labemacosmetics.com\/produit\/skinactive-tout-en-1\/#breadcrumb","itemListElement":[{"@type":"ListItem","position":1,"name":"Accueil","item":"https:\/\/labemacosmetics.com\/"},{"@type":"ListItem","position":2,"name":"Produits","item":"https:\/\/labemacosmetics.com\/shop\/"},{"@type":"ListItem","position":3,"name":"Garnier SkinActive Solution Micellaire Tout en 1"}]},{"@type":"WebSite","@id":"https:\/\/labemacosmetics.com\/#website","url":"https:\/\/labemacosmetics.com\/","name":"Lab&eacute;ma Cosmetics","description":"","potentialAction":[{"@type":"SearchAction","target":{"@type":"EntryPoint","urlTemplate":"https:\/\/labemacosmetics.com\/?s={search_term_string}"},"query-input":{"@type":"PropertyValueSpecification","valueRequired":true,"valueName":"search_term_string"}}],"inLanguage":"en-GB"}]},"product_brand":"Garnier","product_price_amount":"5000","product_price_currency":"XOF","og_availability":"out of stock","product_availability":"out of stock","product_condition":"new"},"_links":{"self":[{"href":"https:\/\/labemacosmetics.com\/en\/wp-json\/wp\/v2\/product\/6280","targetHints":{"allow":["GET"]}}],"collection":[{"href":"https:\/\/labemacosmetics.com\/en\/wp-json\/wp\/v2\/product"}],"about":[{"href":"https:\/\/labemacosmetics.com\/en\/wp-json\/wp\/v2\/types\/product"}],"replies":[{"embeddable":true,"href":"https:\/\/labemacosmetics.com\/en\/wp-json\/wp\/v2\/comments?post=6280"}],"version-history":[{"count":0,"href":"https:\/\/labemacosmetics.com\/en\/wp-json\/wp\/v2\/product\/6280\/revisions"}],"wp:featuredmedia":[{"embeddable":true,"href":"https:\/\/labemacosmetics.com\/en\/wp-json\/wp\/v2\/media\/6281"}],"wp:attachment":[{"href":"https:\/\/labemacosmetics.com\/en\/wp-json\/wp\/v2\/media?parent=6280"}],"wp:term":[{"taxonomy":"product_brand","embeddable":true,"href":"https:\/\/labemacosmetics.com\/en\/wp-json\/wp\/v2\/product_brand?post=6280"},{"taxonomy":"product_cat","embeddable":true,"href":"https:\/\/labemacosmetics.com\/en\/wp-json\/wp\/v2\/product_cat?post=6280"},{"taxonomy":"product_tag","embeddable":true,"href":"https:\/\/labemacosmetics.com\/en\/wp-json\/wp\/v2\/product_tag?post=6280"}],"curies":[{"name":"wp","href":"https:\/\/api.w.org\/{rel}","templated":true}]}}