{"id":6277,"date":"2020-03-18T19:40:29","date_gmt":"2020-03-18T18:40:29","guid":{"rendered":"https:\/\/www.labemacosmetics.com\/?post_type=product&#038;p=6277"},"modified":"2024-08-10T12:15:25","modified_gmt":"2024-08-10T11:15:25","slug":"pure-active-3-en-1-charbon","status":"publish","type":"product","link":"https:\/\/labemacosmetics.com\/en\/product\/pure-active-3-en-1-charbon\/","title":{"rendered":"Garnier Pure Active 3 en 1 Charbon"},"content":{"rendered":"<p>Vous avez la peau grasse, des points noirs\u00a0? D\u00e9couvrez Pure Active Charbon de Garnier\u00a0: la m\u00e9thode la plus efficace pour lutter contre les points noirs\u00a0! D\u00e9sincrustez vos pores gr\u00e2ce au pouvoir absorbant naturel du charbon, pour une peau parfaitement nettoy\u00e9e et visiblement saine<\/p>\n<p>1. NETTOYANT : gr\u00e2ce \u00e0 l\u2019un des actifs antibact\u00e9riens les plus puissants, l\u2019acide salicylique, il purifie intens\u00e9ment et \u00e9limine les impuret\u00e9s.<br \/>\n2. EXFOLIANT : ses particules exfoliantes d\u2019origine naturelle d\u00e9sincrustent les pores et r\u00e9duisent visiblement les points noirs tenaces.<br \/>\n3. MASQUE : en seulement 5 minutes, il diminue visiblement les brillances de la peau.<\/p>\n<p>Des ingr\u00e9dients puissants : Charbon + Acide salicylique Cette formule est enrichie en charbon d\u2019origine v\u00e9g\u00e9tale, connu pour ses propri\u00e9t\u00e9s absorbantes et purifiantes. Elle contient \u00e9galement de l&rsquo;acide Salicylique, un acide antibact\u00e9rien tr\u00e8s puissant, pour purifier intens\u00e9ment les pores et combattre les boutons.<br \/>\nUne texture cremeuse noire, aux exfoliants d&rsquo;origine naturelle Ce nettoyant 3en1 offre une texture cr\u00e9meuse noire, couleur du charbon. Il contient 2 tailles diff\u00e9rentes de pierre ponce qui agissent comme des exfoliants naturels. Facile \u00e0 rincer, il laisse une sensation de peau fra\u00eeche et propre. Comment l&rsquo;utiliser?<\/p>\n<p>1. NETTOYANT Appliquez quotidiennement sur visage humide. Rincez abondamment.<br \/>\n2. EXFOLIANT Chaque jour, massez l\u00e9g\u00e8rement pour exfolier la peau. Rincez abondamment.<br \/>\n3. MASQUE Jusqu\u2019\u00e0 3 fois par semaine, appliquez sur le visage. Laissez poser 5 minutes.<\/p>\n<p>Rincez abondamment.<\/p>\n<h6><span style=\"font-size: 12pt;\">utilisation:<\/span><\/h6>\n<p>1. Nettoyant : appliquez quotidiennement sur visage humide et rincez abondamment.<\/p>\n<p>2. Exfoliant : chaque jour, massez l\u00e9g\u00e8rement en insistant sur les zones sujettes aux points noirs (front, nez, menton). Rincez abondamment.<\/p>\n<p>3. Masque : jusqu&rsquo;\u00e0 3 fois par semaine, appliquez sur le visage et laissez poser 5 minutes. Rincez abondamment. Evitez le contour des yeux et des l\u00e8vres. En cas de contact avec ceux-ci, les rincer imm\u00e9diatement<\/p>","protected":false},"excerpt":{"rendered":"<p>Vous avez la peau grasse, des points noirs\u00a0? D\u00e9couvrez Pure Active Charbon de Garnier\u00a0: la m\u00e9thode la plus efficace pour lutter contre les points noirs\u00a0! D\u00e9sincrustez vos pores gr\u00e2ce au pouvoir absorbant naturel du charbon, pour une peau parfaitement nettoy\u00e9e et visiblement saine 1. NETTOYANT : gr\u00e2ce \u00e0 l\u2019un des actifs antibact\u00e9riens les plus puissants, [&hellip;]<\/p>\n","protected":false},"featured_media":6257,"comment_status":"open","ping_status":"closed","template":"","meta":{"om_disable_all_campaigns":false,"_mi_skip_tracking":false,"_monsterinsights_sitenote_active":false,"_monsterinsights_sitenote_note":"","_monsterinsights_sitenote_category":0},"product_brand":[],"product_cat":[127,520,1742,519,1747,515,512,128,513],"product_tag":[],"class_list":{"0":"post-6277","1":"product","2":"type-product","3":"status-publish","4":"has-post-thumbnail","6":"product_cat-boutique","7":"product_cat-gommage-peeling","8":"product_cat-masques","9":"product_cat-nettoyants","10":"product_cat-peaux-a-tendances-acneiques","11":"product_cat-peaux-mixtes-a-grasses","12":"product_cat-produits-par-besoin","13":"product_cat-soin-de-visage","14":"product_cat-type-de-peau","15":"yith_product_brand-garnier","17":"first","18":"outofstock","19":"shipping-taxable","20":"purchasable","21":"product-type-simple"},"yoast_head":"<!-- This site is optimized with the Yoast SEO Premium plugin v20.8 (Yoast SEO v27.4) - https:\/\/yoast.com\/product\/yoast-seo-premium-wordpress\/ -->\n<title>Garnier Pure Active 3 en 1 Charbon - Lab&eacute;ma Cosmetics<\/title>\n<meta name=\"description\" content=\"Vous avez la peau grasse, des points noirs\u00a0? D\u00e9couvrez Pure Active Charbon de Garnier\u00a0: la m\u00e9thode la plus efficace pour lutter contre les points noirs\u00a0! D\u00e9sincrustez vos pores gr\u00e2ce au pouvoir absorbant naturel du charbon, pour une peau parfaitement nettoy\u00e9e et visiblement saine\" \/>\n<meta name=\"robots\" content=\"index, follow, max-snippet:-1, max-image-preview:large, max-video-preview:-1\" \/>\n<link rel=\"canonical\" href=\"https:\/\/labemacosmetics.com\/en\/product\/pure-active-3-en-1-charbon\/\" \/>\n<meta property=\"og:locale\" content=\"en_GB\" \/>\n<meta property=\"og:type\" content=\"article\" \/>\n<meta property=\"og:title\" content=\"Garnier Pure Active 3 en 1 Charbon\" \/>\n<meta property=\"og:description\" content=\"Vous avez la peau grasse, des points noirs\u00a0? D\u00e9couvrez Pure Active Charbon de Garnier\u00a0: la m\u00e9thode la plus efficace pour lutter contre les points noirs\u00a0! D\u00e9sincrustez vos pores gr\u00e2ce au pouvoir absorbant naturel du charbon, pour une peau parfaitement nettoy\u00e9e et visiblement saine\" \/>\n<meta property=\"og:url\" content=\"https:\/\/labemacosmetics.com\/en\/product\/pure-active-3-en-1-charbon\/\" \/>\n<meta property=\"og:site_name\" content=\"Lab&eacute;ma Cosmetics\" \/>\n<meta property=\"article:publisher\" content=\"http:\/\/www.facebook.com\/labemacosmetics\" \/>\n<meta property=\"article:modified_time\" content=\"2024-08-10T11:15:25+00:00\" \/>\n<meta property=\"og:image\" content=\"https:\/\/labemacosmetics.com\/wp-content\/uploads\/2020\/03\/3.png\" \/>\n\t<meta property=\"og:image:width\" content=\"600\" \/>\n\t<meta property=\"og:image:height\" content=\"726\" \/>\n\t<meta property=\"og:image:type\" content=\"image\/png\" \/>\n<meta name=\"twitter:card\" content=\"summary_large_image\" \/>\n<meta name=\"twitter:site\" content=\"@Labemasn\" \/>\n<meta name=\"twitter:label1\" content=\"Price\" \/>\n\t<meta name=\"twitter:data1\" content=\"6 000&nbsp;CFA\" \/>\n\t<meta name=\"twitter:label2\" content=\"Availability\" \/>\n\t<meta name=\"twitter:data2\" content=\"Out of stock\" \/>\n<script type=\"application\/ld+json\" class=\"yoast-schema-graph\">{\"@context\":\"https:\\\/\\\/schema.org\",\"@graph\":[{\"@type\":\"WebPage\",\"@id\":\"https:\\\/\\\/labemacosmetics.com\\\/produit\\\/pure-active-3-en-1-charbon\\\/\",\"url\":\"https:\\\/\\\/labemacosmetics.com\\\/produit\\\/pure-active-3-en-1-charbon\\\/\",\"name\":\"Garnier Pure Active 3 en 1 Charbon - Lab&eacute;ma Cosmetics\",\"isPartOf\":{\"@id\":\"https:\\\/\\\/labemacosmetics.com\\\/#website\"},\"primaryImageOfPage\":{\"@id\":\"https:\\\/\\\/labemacosmetics.com\\\/produit\\\/pure-active-3-en-1-charbon\\\/#primaryimage\"},\"image\":{\"@id\":\"https:\\\/\\\/labemacosmetics.com\\\/produit\\\/pure-active-3-en-1-charbon\\\/#primaryimage\"},\"thumbnailUrl\":\"https:\\\/\\\/labemacosmetics.com\\\/wp-content\\\/uploads\\\/2020\\\/03\\\/3.png\",\"datePublished\":\"2020-03-18T18:40:29+00:00\",\"dateModified\":\"2024-08-10T11:15:25+00:00\",\"description\":\"Vous avez la peau grasse, des points noirs\u00a0? D\u00e9couvrez Pure Active Charbon de Garnier\u00a0: la m\u00e9thode la plus efficace pour lutter contre les points noirs\u00a0! D\u00e9sincrustez vos pores gr\u00e2ce au pouvoir absorbant naturel du charbon, pour une peau parfaitement nettoy\u00e9e et visiblement saine\",\"breadcrumb\":{\"@id\":\"https:\\\/\\\/labemacosmetics.com\\\/produit\\\/pure-active-3-en-1-charbon\\\/#breadcrumb\"},\"inLanguage\":\"en-GB\",\"potentialAction\":[{\"@type\":\"ReadAction\",\"target\":[\"https:\\\/\\\/labemacosmetics.com\\\/produit\\\/pure-active-3-en-1-charbon\\\/\"]}]},{\"@type\":\"ImageObject\",\"inLanguage\":\"en-GB\",\"@id\":\"https:\\\/\\\/labemacosmetics.com\\\/produit\\\/pure-active-3-en-1-charbon\\\/#primaryimage\",\"url\":\"https:\\\/\\\/labemacosmetics.com\\\/wp-content\\\/uploads\\\/2020\\\/03\\\/3.png\",\"contentUrl\":\"https:\\\/\\\/labemacosmetics.com\\\/wp-content\\\/uploads\\\/2020\\\/03\\\/3.png\",\"width\":600,\"height\":726},{\"@type\":\"BreadcrumbList\",\"@id\":\"https:\\\/\\\/labemacosmetics.com\\\/produit\\\/pure-active-3-en-1-charbon\\\/#breadcrumb\",\"itemListElement\":[{\"@type\":\"ListItem\",\"position\":1,\"name\":\"Accueil\",\"item\":\"https:\\\/\\\/labemacosmetics.com\\\/\"},{\"@type\":\"ListItem\",\"position\":2,\"name\":\"Produits\",\"item\":\"https:\\\/\\\/labemacosmetics.com\\\/shop\\\/\"},{\"@type\":\"ListItem\",\"position\":3,\"name\":\"Garnier Pure Active 3 en 1 Charbon\"}]},{\"@type\":\"WebSite\",\"@id\":\"https:\\\/\\\/labemacosmetics.com\\\/#website\",\"url\":\"https:\\\/\\\/labemacosmetics.com\\\/\",\"name\":\"Lab&eacute;ma Cosmetics\",\"description\":\"\",\"potentialAction\":[{\"@type\":\"SearchAction\",\"target\":{\"@type\":\"EntryPoint\",\"urlTemplate\":\"https:\\\/\\\/labemacosmetics.com\\\/?s={search_term_string}\"},\"query-input\":{\"@type\":\"PropertyValueSpecification\",\"valueRequired\":true,\"valueName\":\"search_term_string\"}}],\"inLanguage\":\"en-GB\"}]}<\/script>\n<meta property=\"product:brand\" content=\"Garnier\" \/>\n<meta property=\"product:price:amount\" content=\"6000\" \/>\n<meta property=\"product:price:currency\" content=\"XOF\" \/>\n<meta property=\"og:availability\" content=\"out of stock\" \/>\n<meta property=\"product:availability\" content=\"out of stock\" \/>\n<meta property=\"product:condition\" content=\"new\" \/>\n<!-- \/ Yoast SEO Premium plugin. -->","yoast_head_json":{"title":"Garnier Pure Active 3 en 1 Charbon - Lab&eacute;ma Cosmetics","description":"Vous avez la peau grasse, des points noirs\u00a0? D\u00e9couvrez Pure Active Charbon de Garnier\u00a0: la m\u00e9thode la plus efficace pour lutter contre les points noirs\u00a0! D\u00e9sincrustez vos pores gr\u00e2ce au pouvoir absorbant naturel du charbon, pour une peau parfaitement nettoy\u00e9e et visiblement saine","robots":{"index":"index","follow":"follow","max-snippet":"max-snippet:-1","max-image-preview":"max-image-preview:large","max-video-preview":"max-video-preview:-1"},"canonical":"https:\/\/labemacosmetics.com\/en\/product\/pure-active-3-en-1-charbon\/","og_locale":"en_GB","og_type":"article","og_title":"Garnier Pure Active 3 en 1 Charbon","og_description":"Vous avez la peau grasse, des points noirs\u00a0? D\u00e9couvrez Pure Active Charbon de Garnier\u00a0: la m\u00e9thode la plus efficace pour lutter contre les points noirs\u00a0! D\u00e9sincrustez vos pores gr\u00e2ce au pouvoir absorbant naturel du charbon, pour une peau parfaitement nettoy\u00e9e et visiblement saine","og_url":"https:\/\/labemacosmetics.com\/en\/product\/pure-active-3-en-1-charbon\/","og_site_name":"Lab&eacute;ma Cosmetics","article_publisher":"http:\/\/www.facebook.com\/labemacosmetics","article_modified_time":"2024-08-10T11:15:25+00:00","og_image":[{"width":600,"height":726,"url":"https:\/\/labemacosmetics.com\/wp-content\/uploads\/2020\/03\/3.png","type":"image\/png"}],"twitter_card":"summary_large_image","twitter_site":"@Labemasn","twitter_misc":{"Price":"6 000&nbsp;CFA","Availability":"Out of stock"},"schema":{"@context":"https:\/\/schema.org","@graph":[{"@type":"WebPage","@id":"https:\/\/labemacosmetics.com\/produit\/pure-active-3-en-1-charbon\/","url":"https:\/\/labemacosmetics.com\/produit\/pure-active-3-en-1-charbon\/","name":"Garnier Pure Active 3 en 1 Charbon - Lab&eacute;ma Cosmetics","isPartOf":{"@id":"https:\/\/labemacosmetics.com\/#website"},"primaryImageOfPage":{"@id":"https:\/\/labemacosmetics.com\/produit\/pure-active-3-en-1-charbon\/#primaryimage"},"image":{"@id":"https:\/\/labemacosmetics.com\/produit\/pure-active-3-en-1-charbon\/#primaryimage"},"thumbnailUrl":"https:\/\/labemacosmetics.com\/wp-content\/uploads\/2020\/03\/3.png","datePublished":"2020-03-18T18:40:29+00:00","dateModified":"2024-08-10T11:15:25+00:00","description":"Vous avez la peau grasse, des points noirs\u00a0? D\u00e9couvrez Pure Active Charbon de Garnier\u00a0: la m\u00e9thode la plus efficace pour lutter contre les points noirs\u00a0! D\u00e9sincrustez vos pores gr\u00e2ce au pouvoir absorbant naturel du charbon, pour une peau parfaitement nettoy\u00e9e et visiblement saine","breadcrumb":{"@id":"https:\/\/labemacosmetics.com\/produit\/pure-active-3-en-1-charbon\/#breadcrumb"},"inLanguage":"en-GB","potentialAction":[{"@type":"ReadAction","target":["https:\/\/labemacosmetics.com\/produit\/pure-active-3-en-1-charbon\/"]}]},{"@type":"ImageObject","inLanguage":"en-GB","@id":"https:\/\/labemacosmetics.com\/produit\/pure-active-3-en-1-charbon\/#primaryimage","url":"https:\/\/labemacosmetics.com\/wp-content\/uploads\/2020\/03\/3.png","contentUrl":"https:\/\/labemacosmetics.com\/wp-content\/uploads\/2020\/03\/3.png","width":600,"height":726},{"@type":"BreadcrumbList","@id":"https:\/\/labemacosmetics.com\/produit\/pure-active-3-en-1-charbon\/#breadcrumb","itemListElement":[{"@type":"ListItem","position":1,"name":"Accueil","item":"https:\/\/labemacosmetics.com\/"},{"@type":"ListItem","position":2,"name":"Produits","item":"https:\/\/labemacosmetics.com\/shop\/"},{"@type":"ListItem","position":3,"name":"Garnier Pure Active 3 en 1 Charbon"}]},{"@type":"WebSite","@id":"https:\/\/labemacosmetics.com\/#website","url":"https:\/\/labemacosmetics.com\/","name":"Lab&eacute;ma Cosmetics","description":"","potentialAction":[{"@type":"SearchAction","target":{"@type":"EntryPoint","urlTemplate":"https:\/\/labemacosmetics.com\/?s={search_term_string}"},"query-input":{"@type":"PropertyValueSpecification","valueRequired":true,"valueName":"search_term_string"}}],"inLanguage":"en-GB"}]},"product_brand":"Garnier","product_price_amount":"6000","product_price_currency":"XOF","og_availability":"out of stock","product_availability":"out of stock","product_condition":"new"},"_links":{"self":[{"href":"https:\/\/labemacosmetics.com\/en\/wp-json\/wp\/v2\/product\/6277","targetHints":{"allow":["GET"]}}],"collection":[{"href":"https:\/\/labemacosmetics.com\/en\/wp-json\/wp\/v2\/product"}],"about":[{"href":"https:\/\/labemacosmetics.com\/en\/wp-json\/wp\/v2\/types\/product"}],"replies":[{"embeddable":true,"href":"https:\/\/labemacosmetics.com\/en\/wp-json\/wp\/v2\/comments?post=6277"}],"version-history":[{"count":0,"href":"https:\/\/labemacosmetics.com\/en\/wp-json\/wp\/v2\/product\/6277\/revisions"}],"wp:featuredmedia":[{"embeddable":true,"href":"https:\/\/labemacosmetics.com\/en\/wp-json\/wp\/v2\/media\/6257"}],"wp:attachment":[{"href":"https:\/\/labemacosmetics.com\/en\/wp-json\/wp\/v2\/media?parent=6277"}],"wp:term":[{"taxonomy":"product_brand","embeddable":true,"href":"https:\/\/labemacosmetics.com\/en\/wp-json\/wp\/v2\/product_brand?post=6277"},{"taxonomy":"product_cat","embeddable":true,"href":"https:\/\/labemacosmetics.com\/en\/wp-json\/wp\/v2\/product_cat?post=6277"},{"taxonomy":"product_tag","embeddable":true,"href":"https:\/\/labemacosmetics.com\/en\/wp-json\/wp\/v2\/product_tag?post=6277"}],"curies":[{"name":"wp","href":"https:\/\/api.w.org\/{rel}","templated":true}]}}