{"id":6274,"date":"2020-03-18T19:21:41","date_gmt":"2020-03-18T18:21:41","guid":{"rendered":"https:\/\/www.labemacosmetics.com\/?post_type=product&#038;p=6274"},"modified":"2023-05-21T13:30:58","modified_gmt":"2023-05-21T12:30:58","slug":"rangement-maquillage","status":"publish","type":"product","link":"https:\/\/labemacosmetics.com\/en\/product\/rangement-maquillage\/","title":{"rendered":"Rangement Maquillage Grand Mod\u00e8le"},"content":{"rendered":"<p><span class=\"ztdTxt\">Ne perdez plus vos accessoires de maquillage en vous procurant le rangement pour maquillage que nous vous proposons.\u00a0 Le rangement pour maquillage disponible est tr\u00e8s pratique pour ranger tous vos produits de beaut\u00e9. <\/span><span class=\"ztdTxt ztdH\">Ne perdez plus votre temps \u00e0 chercher vos produits de beaut\u00e9 le matin gr\u00e2ce au rangement maquillage pratique. L\u2019utilisation du rangement pour maquillage\u00a0 vous permet d\u2019avoir tous vos produits de beaut\u00e9 \u00e0 port\u00e9e de main. La praticit\u00e9 du coffret de rangement pour maquillage visible sur les pages du g\u00e9ant du e-commerce en France vous facilitera la vie chaque matin.<\/span><\/p>","protected":false},"excerpt":{"rendered":"<p>Ne perdez plus vos accessoires de maquillage en vous procurant le rangement pour maquillage que nous vous proposons.\u00a0 Le rangement pour maquillage disponible est tr\u00e8s pratique pour ranger tous vos produits de beaut\u00e9. Ne perdez plus votre temps \u00e0 chercher vos produits de beaut\u00e9 le matin gr\u00e2ce au rangement maquillage pratique. L\u2019utilisation du rangement pour [&hellip;]<\/p>\n","protected":false},"featured_media":6255,"comment_status":"open","ping_status":"closed","template":"","meta":{"om_disable_all_campaigns":false,"_mi_skip_tracking":false,"_monsterinsights_sitenote_active":false,"_monsterinsights_sitenote_note":"","_monsterinsights_sitenote_category":0},"product_brand":[],"product_cat":[106,127,103,521],"product_tag":[],"class_list":{"0":"post-6274","1":"product","2":"type-product","3":"status-publish","4":"has-post-thumbnail","6":"product_cat-accessoires-maquillage","7":"product_cat-boutique","8":"product_cat-maquillage","9":"product_cat-rangement","11":"first","12":"outofstock","13":"shipping-taxable","14":"purchasable","15":"product-type-simple"},"yoast_head":"<!-- This site is optimized with the Yoast SEO Premium plugin v20.8 (Yoast SEO v27.4) - https:\/\/yoast.com\/product\/yoast-seo-premium-wordpress\/ -->\n<title>Rangement Maquillage Grand Mod\u00e8le - Lab&eacute;ma Cosmetics<\/title>\n<meta name=\"description\" content=\"Ne perdez plus vos accessoires de maquillage en vous procurant le rangement pour maquillage que nous vous proposons.\u00a0 Le rangement pour maquillage disponible est tr\u00e8s pratique pour ranger tous vos produits de beaut\u00e9.\" \/>\n<meta name=\"robots\" content=\"index, follow, max-snippet:-1, max-image-preview:large, max-video-preview:-1\" \/>\n<link rel=\"canonical\" href=\"https:\/\/labemacosmetics.com\/en\/product\/rangement-maquillage\/\" \/>\n<meta property=\"og:locale\" content=\"en_GB\" \/>\n<meta property=\"og:type\" content=\"article\" \/>\n<meta property=\"og:title\" content=\"Rangement Maquillage Grand Mod\u00e8le\" \/>\n<meta property=\"og:description\" content=\"Ne perdez plus vos accessoires de maquillage en vous procurant le rangement pour maquillage que nous vous proposons.\u00a0 Le rangement pour maquillage disponible est tr\u00e8s pratique pour ranger tous vos produits de beaut\u00e9.\" \/>\n<meta property=\"og:url\" content=\"https:\/\/labemacosmetics.com\/en\/product\/rangement-maquillage\/\" \/>\n<meta property=\"og:site_name\" content=\"Lab&eacute;ma Cosmetics\" \/>\n<meta property=\"article:publisher\" content=\"http:\/\/www.facebook.com\/labemacosmetics\" \/>\n<meta property=\"article:modified_time\" content=\"2023-05-21T12:30:58+00:00\" \/>\n<meta property=\"og:image\" content=\"https:\/\/labemacosmetics.com\/wp-content\/uploads\/2020\/03\/1.png\" \/>\n\t<meta property=\"og:image:width\" content=\"600\" \/>\n\t<meta property=\"og:image:height\" content=\"726\" \/>\n\t<meta property=\"og:image:type\" content=\"image\/png\" \/>\n<meta name=\"twitter:card\" content=\"summary_large_image\" \/>\n<meta name=\"twitter:site\" content=\"@Labemasn\" \/>\n<meta name=\"twitter:label1\" content=\"Price\" \/>\n\t<meta name=\"twitter:data1\" content=\"3 500&nbsp;CFA\" \/>\n\t<meta name=\"twitter:label2\" content=\"Availability\" \/>\n\t<meta name=\"twitter:data2\" content=\"Out of stock\" \/>\n<script type=\"application\/ld+json\" class=\"yoast-schema-graph\">{\"@context\":\"https:\\\/\\\/schema.org\",\"@graph\":[{\"@type\":\"WebPage\",\"@id\":\"https:\\\/\\\/labemacosmetics.com\\\/produit\\\/rangement-maquillage\\\/\",\"url\":\"https:\\\/\\\/labemacosmetics.com\\\/produit\\\/rangement-maquillage\\\/\",\"name\":\"Rangement Maquillage Grand Mod\u00e8le - Lab&eacute;ma Cosmetics\",\"isPartOf\":{\"@id\":\"https:\\\/\\\/labemacosmetics.com\\\/#website\"},\"primaryImageOfPage\":{\"@id\":\"https:\\\/\\\/labemacosmetics.com\\\/produit\\\/rangement-maquillage\\\/#primaryimage\"},\"image\":{\"@id\":\"https:\\\/\\\/labemacosmetics.com\\\/produit\\\/rangement-maquillage\\\/#primaryimage\"},\"thumbnailUrl\":\"https:\\\/\\\/labemacosmetics.com\\\/wp-content\\\/uploads\\\/2020\\\/03\\\/1.png\",\"datePublished\":\"2020-03-18T18:21:41+00:00\",\"dateModified\":\"2023-05-21T12:30:58+00:00\",\"description\":\"Ne perdez plus vos accessoires de maquillage en vous procurant le rangement pour maquillage que nous vous proposons.\u00a0 Le rangement pour maquillage disponible est tr\u00e8s pratique pour ranger tous vos produits de beaut\u00e9.\",\"breadcrumb\":{\"@id\":\"https:\\\/\\\/labemacosmetics.com\\\/produit\\\/rangement-maquillage\\\/#breadcrumb\"},\"inLanguage\":\"en-GB\",\"potentialAction\":[{\"@type\":\"ReadAction\",\"target\":[\"https:\\\/\\\/labemacosmetics.com\\\/produit\\\/rangement-maquillage\\\/\"]}]},{\"@type\":\"ImageObject\",\"inLanguage\":\"en-GB\",\"@id\":\"https:\\\/\\\/labemacosmetics.com\\\/produit\\\/rangement-maquillage\\\/#primaryimage\",\"url\":\"https:\\\/\\\/labemacosmetics.com\\\/wp-content\\\/uploads\\\/2020\\\/03\\\/1.png\",\"contentUrl\":\"https:\\\/\\\/labemacosmetics.com\\\/wp-content\\\/uploads\\\/2020\\\/03\\\/1.png\",\"width\":600,\"height\":726},{\"@type\":\"BreadcrumbList\",\"@id\":\"https:\\\/\\\/labemacosmetics.com\\\/produit\\\/rangement-maquillage\\\/#breadcrumb\",\"itemListElement\":[{\"@type\":\"ListItem\",\"position\":1,\"name\":\"Accueil\",\"item\":\"https:\\\/\\\/labemacosmetics.com\\\/\"},{\"@type\":\"ListItem\",\"position\":2,\"name\":\"Produits\",\"item\":\"https:\\\/\\\/labemacosmetics.com\\\/shop\\\/\"},{\"@type\":\"ListItem\",\"position\":3,\"name\":\"Rangement Maquillage Grand Mod\u00e8le\"}]},{\"@type\":\"WebSite\",\"@id\":\"https:\\\/\\\/labemacosmetics.com\\\/#website\",\"url\":\"https:\\\/\\\/labemacosmetics.com\\\/\",\"name\":\"Lab&eacute;ma Cosmetics\",\"description\":\"\",\"potentialAction\":[{\"@type\":\"SearchAction\",\"target\":{\"@type\":\"EntryPoint\",\"urlTemplate\":\"https:\\\/\\\/labemacosmetics.com\\\/?s={search_term_string}\"},\"query-input\":{\"@type\":\"PropertyValueSpecification\",\"valueRequired\":true,\"valueName\":\"search_term_string\"}}],\"inLanguage\":\"en-GB\"}]}<\/script>\n<meta property=\"product:price:amount\" content=\"3500\" \/>\n<meta property=\"product:price:currency\" content=\"XOF\" \/>\n<meta property=\"og:availability\" content=\"out of stock\" \/>\n<meta property=\"product:availability\" content=\"out of stock\" \/>\n<meta property=\"product:condition\" content=\"new\" \/>\n<!-- \/ Yoast SEO Premium plugin. -->","yoast_head_json":{"title":"Rangement Maquillage Grand Mod\u00e8le - Lab&eacute;ma Cosmetics","description":"Ne perdez plus vos accessoires de maquillage en vous procurant le rangement pour maquillage que nous vous proposons.\u00a0 Le rangement pour maquillage disponible est tr\u00e8s pratique pour ranger tous vos produits de beaut\u00e9.","robots":{"index":"index","follow":"follow","max-snippet":"max-snippet:-1","max-image-preview":"max-image-preview:large","max-video-preview":"max-video-preview:-1"},"canonical":"https:\/\/labemacosmetics.com\/en\/product\/rangement-maquillage\/","og_locale":"en_GB","og_type":"article","og_title":"Rangement Maquillage Grand Mod\u00e8le","og_description":"Ne perdez plus vos accessoires de maquillage en vous procurant le rangement pour maquillage que nous vous proposons.\u00a0 Le rangement pour maquillage disponible est tr\u00e8s pratique pour ranger tous vos produits de beaut\u00e9.","og_url":"https:\/\/labemacosmetics.com\/en\/product\/rangement-maquillage\/","og_site_name":"Lab&eacute;ma Cosmetics","article_publisher":"http:\/\/www.facebook.com\/labemacosmetics","article_modified_time":"2023-05-21T12:30:58+00:00","og_image":[{"width":600,"height":726,"url":"https:\/\/labemacosmetics.com\/wp-content\/uploads\/2020\/03\/1.png","type":"image\/png"}],"twitter_card":"summary_large_image","twitter_site":"@Labemasn","twitter_misc":{"Price":"3 500&nbsp;CFA","Availability":"Out of stock"},"schema":{"@context":"https:\/\/schema.org","@graph":[{"@type":"WebPage","@id":"https:\/\/labemacosmetics.com\/produit\/rangement-maquillage\/","url":"https:\/\/labemacosmetics.com\/produit\/rangement-maquillage\/","name":"Rangement Maquillage Grand Mod\u00e8le - Lab&eacute;ma Cosmetics","isPartOf":{"@id":"https:\/\/labemacosmetics.com\/#website"},"primaryImageOfPage":{"@id":"https:\/\/labemacosmetics.com\/produit\/rangement-maquillage\/#primaryimage"},"image":{"@id":"https:\/\/labemacosmetics.com\/produit\/rangement-maquillage\/#primaryimage"},"thumbnailUrl":"https:\/\/labemacosmetics.com\/wp-content\/uploads\/2020\/03\/1.png","datePublished":"2020-03-18T18:21:41+00:00","dateModified":"2023-05-21T12:30:58+00:00","description":"Ne perdez plus vos accessoires de maquillage en vous procurant le rangement pour maquillage que nous vous proposons.\u00a0 Le rangement pour maquillage disponible est tr\u00e8s pratique pour ranger tous vos produits de beaut\u00e9.","breadcrumb":{"@id":"https:\/\/labemacosmetics.com\/produit\/rangement-maquillage\/#breadcrumb"},"inLanguage":"en-GB","potentialAction":[{"@type":"ReadAction","target":["https:\/\/labemacosmetics.com\/produit\/rangement-maquillage\/"]}]},{"@type":"ImageObject","inLanguage":"en-GB","@id":"https:\/\/labemacosmetics.com\/produit\/rangement-maquillage\/#primaryimage","url":"https:\/\/labemacosmetics.com\/wp-content\/uploads\/2020\/03\/1.png","contentUrl":"https:\/\/labemacosmetics.com\/wp-content\/uploads\/2020\/03\/1.png","width":600,"height":726},{"@type":"BreadcrumbList","@id":"https:\/\/labemacosmetics.com\/produit\/rangement-maquillage\/#breadcrumb","itemListElement":[{"@type":"ListItem","position":1,"name":"Accueil","item":"https:\/\/labemacosmetics.com\/"},{"@type":"ListItem","position":2,"name":"Produits","item":"https:\/\/labemacosmetics.com\/shop\/"},{"@type":"ListItem","position":3,"name":"Rangement Maquillage Grand Mod\u00e8le"}]},{"@type":"WebSite","@id":"https:\/\/labemacosmetics.com\/#website","url":"https:\/\/labemacosmetics.com\/","name":"Lab&eacute;ma Cosmetics","description":"","potentialAction":[{"@type":"SearchAction","target":{"@type":"EntryPoint","urlTemplate":"https:\/\/labemacosmetics.com\/?s={search_term_string}"},"query-input":{"@type":"PropertyValueSpecification","valueRequired":true,"valueName":"search_term_string"}}],"inLanguage":"en-GB"}]},"product_price_amount":"3500","product_price_currency":"XOF","og_availability":"out of stock","product_availability":"out of stock","product_condition":"new"},"_links":{"self":[{"href":"https:\/\/labemacosmetics.com\/en\/wp-json\/wp\/v2\/product\/6274","targetHints":{"allow":["GET"]}}],"collection":[{"href":"https:\/\/labemacosmetics.com\/en\/wp-json\/wp\/v2\/product"}],"about":[{"href":"https:\/\/labemacosmetics.com\/en\/wp-json\/wp\/v2\/types\/product"}],"replies":[{"embeddable":true,"href":"https:\/\/labemacosmetics.com\/en\/wp-json\/wp\/v2\/comments?post=6274"}],"version-history":[{"count":0,"href":"https:\/\/labemacosmetics.com\/en\/wp-json\/wp\/v2\/product\/6274\/revisions"}],"wp:featuredmedia":[{"embeddable":true,"href":"https:\/\/labemacosmetics.com\/en\/wp-json\/wp\/v2\/media\/6255"}],"wp:attachment":[{"href":"https:\/\/labemacosmetics.com\/en\/wp-json\/wp\/v2\/media?parent=6274"}],"wp:term":[{"taxonomy":"product_brand","embeddable":true,"href":"https:\/\/labemacosmetics.com\/en\/wp-json\/wp\/v2\/product_brand?post=6274"},{"taxonomy":"product_cat","embeddable":true,"href":"https:\/\/labemacosmetics.com\/en\/wp-json\/wp\/v2\/product_cat?post=6274"},{"taxonomy":"product_tag","embeddable":true,"href":"https:\/\/labemacosmetics.com\/en\/wp-json\/wp\/v2\/product_tag?post=6274"}],"curies":[{"name":"wp","href":"https:\/\/api.w.org\/{rel}","templated":true}]}}