{"id":6267,"date":"2020-03-07T19:57:44","date_gmt":"2020-03-07T18:57:44","guid":{"rendered":"https:\/\/www.labemacosmetics.com\/?post_type=product&#038;p=6267"},"modified":"2026-01-06T12:11:33","modified_gmt":"2026-01-06T11:11:33","slug":"eau-micellaire-hydratante-aloe-veracette-eau-micellaire-specialement-formulee-pour-les-peaux-sensibles-et-reactives-garantit-un-nettoyage-en-douceur-du-visage-des-yeux-et-des-levres-les-micelles-con","status":"publish","type":"product","link":"https:\/\/labemacosmetics.com\/en\/product\/eau-micellaire-hydratante-aloe-veracette-eau-micellaire-specialement-formulee-pour-les-peaux-sensibles-et-reactives-garantit-un-nettoyage-en-douceur-du-visage-des-yeux-et-des-levres-les-micelles-con\/","title":{"rendered":"SO BIO ETIC Eau Micellaire hydratante Aloe Vera"},"content":{"rendered":"<p>EAU MICELLAIRE HYDRA ALOE VERA<br \/>\nCette eau micellaire sp\u00e9cialement formul\u00e9e pour les peaux sensibles et r\u00e9actives garantit un nettoyage en douceur du visage, des yeux et des l\u00e8vres.<br \/>\nLes micelles contenues dans sa formule permettent une parfaite micro-\u00e9mulsion des impuret\u00e9s tout en respectant l&rsquo;\u00e9quilibre cutan\u00e9 : la peau est purifi\u00e9e, elle retrouve son confort et sa fra\u00eecheur originelle.<\/p>\n<h6><span style=\"font-size: 14pt;\">Utilisation<\/span><span style=\"font-size: 14pt;\">:<\/span><\/h6>\n<div class=\"row row__spacer\">\n<div class=\"col-xs-12\">A l&rsquo;aide d&rsquo;un coton, appliquez sur l&rsquo;ensemble du visage, du cou, des yeux et des l\u00e8vres. Ne n\u00e9cessite pas de rin\u00e7age.<\/div>\n<\/div>\n<div class=\"row row__spacer\">\n<div class=\"col-xs-12\"><\/div>\n<\/div>","protected":false},"excerpt":{"rendered":"<p>Cette eau micellaire sp\u00e9cialement formul\u00e9e pour les peaux sensibles et r\u00e9actives garantit un nettoyage en douceur du visage, des yeux et des l\u00e8vres.<br \/>\nLes micelles contenues dans sa formule permettent une parfaite micro-\u00e9mulsion des impuret\u00e9s<\/p>","protected":false},"featured_media":6253,"comment_status":"open","ping_status":"closed","template":"","meta":{"om_disable_all_campaigns":false,"_mi_skip_tracking":false,"_monsterinsights_sitenote_active":false,"_monsterinsights_sitenote_note":"","_monsterinsights_sitenote_category":0},"product_brand":[],"product_cat":[127,1774,515,512,128,513],"product_tag":[],"class_list":{"0":"post-6267","1":"product","2":"type-product","3":"status-publish","4":"has-post-thumbnail","6":"product_cat-boutique","7":"product_cat-demaquillants-eaux-micellaires","8":"product_cat-peaux-mixtes-a-grasses","9":"product_cat-produits-par-besoin","10":"product_cat-soin-de-visage","11":"product_cat-type-de-peau","12":"yith_product_brand-bio-so-etic","14":"first","15":"outofstock","16":"shipping-taxable","17":"purchasable","18":"product-type-simple"},"yoast_head":"<!-- This site is optimized with the Yoast SEO Premium plugin v20.8 (Yoast SEO v27.4) - https:\/\/yoast.com\/product\/yoast-seo-premium-wordpress\/ -->\n<title>SO BIO ETIC Eau Micellaire hydratante Aloe Vera - Lab&eacute;ma Cosmetics<\/title>\n<meta name=\"description\" content=\"Cette eau micellaire sp\u00e9cialement formul\u00e9e pour les peaux sensibles et r\u00e9actives garantit un nettoyage en douceur du visage, des yeux et des l\u00e8vres.Les micelles contenues dans sa formule permettent une parfaite micro-\u00e9mulsion des impuret\u00e9s tout en respectant l&#039;\u00e9quilibre cutan\u00e9 : la peau est purifi\u00e9e, elle retrouve son confort et sa fra\u00eecheur originelle.\" \/>\n<meta name=\"robots\" content=\"index, follow, max-snippet:-1, max-image-preview:large, max-video-preview:-1\" \/>\n<link rel=\"canonical\" href=\"https:\/\/labemacosmetics.com\/en\/product\/eau-micellaire-hydratante-aloe-veracette-eau-micellaire-specialement-formulee-pour-les-peaux-sensibles-et-reactives-garantit-un-nettoyage-en-douceur-du-visage-des-yeux-et-des-levres-les-micelles-con\/\" \/>\n<meta property=\"og:locale\" content=\"en_GB\" \/>\n<meta property=\"og:type\" content=\"article\" \/>\n<meta property=\"og:title\" content=\"SO BIO ETIC Eau Micellaire hydratante Aloe Vera\" \/>\n<meta property=\"og:description\" content=\"Cette eau micellaire sp\u00e9cialement formul\u00e9e pour les peaux sensibles et r\u00e9actives garantit un nettoyage en douceur du visage, des yeux et des l\u00e8vres.Les micelles contenues dans sa formule permettent une parfaite micro-\u00e9mulsion des impuret\u00e9s tout en respectant l&#039;\u00e9quilibre cutan\u00e9 : la peau est purifi\u00e9e, elle retrouve son confort et sa fra\u00eecheur originelle.\" \/>\n<meta property=\"og:url\" content=\"https:\/\/labemacosmetics.com\/en\/product\/eau-micellaire-hydratante-aloe-veracette-eau-micellaire-specialement-formulee-pour-les-peaux-sensibles-et-reactives-garantit-un-nettoyage-en-douceur-du-visage-des-yeux-et-des-levres-les-micelles-con\/\" \/>\n<meta property=\"og:site_name\" content=\"Lab&eacute;ma Cosmetics\" \/>\n<meta property=\"article:publisher\" content=\"http:\/\/www.facebook.com\/labemacosmetics\" \/>\n<meta property=\"article:modified_time\" content=\"2026-01-06T11:11:33+00:00\" \/>\n<meta property=\"og:image\" content=\"https:\/\/labemacosmetics.com\/wp-content\/uploads\/2020\/03\/9.png\" \/>\n\t<meta property=\"og:image:width\" content=\"600\" \/>\n\t<meta property=\"og:image:height\" content=\"726\" \/>\n\t<meta property=\"og:image:type\" content=\"image\/png\" \/>\n<meta name=\"twitter:card\" content=\"summary_large_image\" \/>\n<meta name=\"twitter:site\" content=\"@Labemasn\" \/>\n<meta name=\"twitter:label1\" content=\"Price\" \/>\n\t<meta name=\"twitter:data1\" content=\"7 500&nbsp;CFA\" \/>\n\t<meta name=\"twitter:label2\" content=\"Availability\" \/>\n\t<meta name=\"twitter:data2\" content=\"Out of stock\" \/>\n<script type=\"application\/ld+json\" class=\"yoast-schema-graph\">{\"@context\":\"https:\\\/\\\/schema.org\",\"@graph\":[{\"@type\":\"WebPage\",\"@id\":\"https:\\\/\\\/labemacosmetics.com\\\/produit\\\/eau-micellaire-hydratante-aloe-veracette-eau-micellaire-specialement-formulee-pour-les-peaux-sensibles-et-reactives-garantit-un-nettoyage-en-douceur-du-visage-des-yeux-et-des-levres-les-micelles-con\\\/\",\"url\":\"https:\\\/\\\/labemacosmetics.com\\\/produit\\\/eau-micellaire-hydratante-aloe-veracette-eau-micellaire-specialement-formulee-pour-les-peaux-sensibles-et-reactives-garantit-un-nettoyage-en-douceur-du-visage-des-yeux-et-des-levres-les-micelles-con\\\/\",\"name\":\"SO BIO ETIC Eau Micellaire hydratante Aloe Vera - Lab&eacute;ma Cosmetics\",\"isPartOf\":{\"@id\":\"https:\\\/\\\/labemacosmetics.com\\\/#website\"},\"primaryImageOfPage\":{\"@id\":\"https:\\\/\\\/labemacosmetics.com\\\/produit\\\/eau-micellaire-hydratante-aloe-veracette-eau-micellaire-specialement-formulee-pour-les-peaux-sensibles-et-reactives-garantit-un-nettoyage-en-douceur-du-visage-des-yeux-et-des-levres-les-micelles-con\\\/#primaryimage\"},\"image\":{\"@id\":\"https:\\\/\\\/labemacosmetics.com\\\/produit\\\/eau-micellaire-hydratante-aloe-veracette-eau-micellaire-specialement-formulee-pour-les-peaux-sensibles-et-reactives-garantit-un-nettoyage-en-douceur-du-visage-des-yeux-et-des-levres-les-micelles-con\\\/#primaryimage\"},\"thumbnailUrl\":\"https:\\\/\\\/labemacosmetics.com\\\/wp-content\\\/uploads\\\/2020\\\/03\\\/9.png\",\"datePublished\":\"2020-03-07T18:57:44+00:00\",\"dateModified\":\"2026-01-06T11:11:33+00:00\",\"description\":\"Cette eau micellaire sp\u00e9cialement formul\u00e9e pour les peaux sensibles et r\u00e9actives garantit un nettoyage en douceur du visage, des yeux et des l\u00e8vres.Les micelles contenues dans sa formule permettent une parfaite micro-\u00e9mulsion des impuret\u00e9s tout en respectant l'\u00e9quilibre cutan\u00e9 : la peau est purifi\u00e9e, elle retrouve son confort et sa fra\u00eecheur originelle.\",\"breadcrumb\":{\"@id\":\"https:\\\/\\\/labemacosmetics.com\\\/produit\\\/eau-micellaire-hydratante-aloe-veracette-eau-micellaire-specialement-formulee-pour-les-peaux-sensibles-et-reactives-garantit-un-nettoyage-en-douceur-du-visage-des-yeux-et-des-levres-les-micelles-con\\\/#breadcrumb\"},\"inLanguage\":\"en-GB\",\"potentialAction\":[{\"@type\":\"ReadAction\",\"target\":[\"https:\\\/\\\/labemacosmetics.com\\\/produit\\\/eau-micellaire-hydratante-aloe-veracette-eau-micellaire-specialement-formulee-pour-les-peaux-sensibles-et-reactives-garantit-un-nettoyage-en-douceur-du-visage-des-yeux-et-des-levres-les-micelles-con\\\/\"]}]},{\"@type\":\"ImageObject\",\"inLanguage\":\"en-GB\",\"@id\":\"https:\\\/\\\/labemacosmetics.com\\\/produit\\\/eau-micellaire-hydratante-aloe-veracette-eau-micellaire-specialement-formulee-pour-les-peaux-sensibles-et-reactives-garantit-un-nettoyage-en-douceur-du-visage-des-yeux-et-des-levres-les-micelles-con\\\/#primaryimage\",\"url\":\"https:\\\/\\\/labemacosmetics.com\\\/wp-content\\\/uploads\\\/2020\\\/03\\\/9.png\",\"contentUrl\":\"https:\\\/\\\/labemacosmetics.com\\\/wp-content\\\/uploads\\\/2020\\\/03\\\/9.png\",\"width\":600,\"height\":726},{\"@type\":\"BreadcrumbList\",\"@id\":\"https:\\\/\\\/labemacosmetics.com\\\/produit\\\/eau-micellaire-hydratante-aloe-veracette-eau-micellaire-specialement-formulee-pour-les-peaux-sensibles-et-reactives-garantit-un-nettoyage-en-douceur-du-visage-des-yeux-et-des-levres-les-micelles-con\\\/#breadcrumb\",\"itemListElement\":[{\"@type\":\"ListItem\",\"position\":1,\"name\":\"Accueil\",\"item\":\"https:\\\/\\\/labemacosmetics.com\\\/\"},{\"@type\":\"ListItem\",\"position\":2,\"name\":\"Produits\",\"item\":\"https:\\\/\\\/labemacosmetics.com\\\/shop\\\/\"},{\"@type\":\"ListItem\",\"position\":3,\"name\":\"SO BIO ETIC Eau Micellaire hydratante Aloe Vera\"}]},{\"@type\":\"WebSite\",\"@id\":\"https:\\\/\\\/labemacosmetics.com\\\/#website\",\"url\":\"https:\\\/\\\/labemacosmetics.com\\\/\",\"name\":\"Lab&eacute;ma Cosmetics\",\"description\":\"\",\"potentialAction\":[{\"@type\":\"SearchAction\",\"target\":{\"@type\":\"EntryPoint\",\"urlTemplate\":\"https:\\\/\\\/labemacosmetics.com\\\/?s={search_term_string}\"},\"query-input\":{\"@type\":\"PropertyValueSpecification\",\"valueRequired\":true,\"valueName\":\"search_term_string\"}}],\"inLanguage\":\"en-GB\"}]}<\/script>\n<meta property=\"product:brand\" content=\"Bio So Etic\" \/>\n<meta property=\"product:price:amount\" content=\"7500\" \/>\n<meta property=\"product:price:currency\" content=\"XOF\" \/>\n<meta property=\"og:availability\" content=\"out of stock\" \/>\n<meta property=\"product:availability\" content=\"out of stock\" \/>\n<meta property=\"product:condition\" content=\"new\" \/>\n<!-- \/ Yoast SEO Premium plugin. -->","yoast_head_json":{"title":"SO BIO ETIC Eau Micellaire hydratante Aloe Vera - Lab&eacute;ma Cosmetics","description":"Cette eau micellaire sp\u00e9cialement formul\u00e9e pour les peaux sensibles et r\u00e9actives garantit un nettoyage en douceur du visage, des yeux et des l\u00e8vres.Les micelles contenues dans sa formule permettent une parfaite micro-\u00e9mulsion des impuret\u00e9s tout en respectant l'\u00e9quilibre cutan\u00e9 : la peau est purifi\u00e9e, elle retrouve son confort et sa fra\u00eecheur originelle.","robots":{"index":"index","follow":"follow","max-snippet":"max-snippet:-1","max-image-preview":"max-image-preview:large","max-video-preview":"max-video-preview:-1"},"canonical":"https:\/\/labemacosmetics.com\/en\/product\/eau-micellaire-hydratante-aloe-veracette-eau-micellaire-specialement-formulee-pour-les-peaux-sensibles-et-reactives-garantit-un-nettoyage-en-douceur-du-visage-des-yeux-et-des-levres-les-micelles-con\/","og_locale":"en_GB","og_type":"article","og_title":"SO BIO ETIC Eau Micellaire hydratante Aloe Vera","og_description":"Cette eau micellaire sp\u00e9cialement formul\u00e9e pour les peaux sensibles et r\u00e9actives garantit un nettoyage en douceur du visage, des yeux et des l\u00e8vres.Les micelles contenues dans sa formule permettent une parfaite micro-\u00e9mulsion des impuret\u00e9s tout en respectant l'\u00e9quilibre cutan\u00e9 : la peau est purifi\u00e9e, elle retrouve son confort et sa fra\u00eecheur originelle.","og_url":"https:\/\/labemacosmetics.com\/en\/product\/eau-micellaire-hydratante-aloe-veracette-eau-micellaire-specialement-formulee-pour-les-peaux-sensibles-et-reactives-garantit-un-nettoyage-en-douceur-du-visage-des-yeux-et-des-levres-les-micelles-con\/","og_site_name":"Lab&eacute;ma Cosmetics","article_publisher":"http:\/\/www.facebook.com\/labemacosmetics","article_modified_time":"2026-01-06T11:11:33+00:00","og_image":[{"width":600,"height":726,"url":"https:\/\/labemacosmetics.com\/wp-content\/uploads\/2020\/03\/9.png","type":"image\/png"}],"twitter_card":"summary_large_image","twitter_site":"@Labemasn","twitter_misc":{"Price":"7 500&nbsp;CFA","Availability":"Out of stock"},"schema":{"@context":"https:\/\/schema.org","@graph":[{"@type":"WebPage","@id":"https:\/\/labemacosmetics.com\/produit\/eau-micellaire-hydratante-aloe-veracette-eau-micellaire-specialement-formulee-pour-les-peaux-sensibles-et-reactives-garantit-un-nettoyage-en-douceur-du-visage-des-yeux-et-des-levres-les-micelles-con\/","url":"https:\/\/labemacosmetics.com\/produit\/eau-micellaire-hydratante-aloe-veracette-eau-micellaire-specialement-formulee-pour-les-peaux-sensibles-et-reactives-garantit-un-nettoyage-en-douceur-du-visage-des-yeux-et-des-levres-les-micelles-con\/","name":"SO BIO ETIC Eau Micellaire hydratante Aloe Vera - Lab&eacute;ma Cosmetics","isPartOf":{"@id":"https:\/\/labemacosmetics.com\/#website"},"primaryImageOfPage":{"@id":"https:\/\/labemacosmetics.com\/produit\/eau-micellaire-hydratante-aloe-veracette-eau-micellaire-specialement-formulee-pour-les-peaux-sensibles-et-reactives-garantit-un-nettoyage-en-douceur-du-visage-des-yeux-et-des-levres-les-micelles-con\/#primaryimage"},"image":{"@id":"https:\/\/labemacosmetics.com\/produit\/eau-micellaire-hydratante-aloe-veracette-eau-micellaire-specialement-formulee-pour-les-peaux-sensibles-et-reactives-garantit-un-nettoyage-en-douceur-du-visage-des-yeux-et-des-levres-les-micelles-con\/#primaryimage"},"thumbnailUrl":"https:\/\/labemacosmetics.com\/wp-content\/uploads\/2020\/03\/9.png","datePublished":"2020-03-07T18:57:44+00:00","dateModified":"2026-01-06T11:11:33+00:00","description":"Cette eau micellaire sp\u00e9cialement formul\u00e9e pour les peaux sensibles et r\u00e9actives garantit un nettoyage en douceur du visage, des yeux et des l\u00e8vres.Les micelles contenues dans sa formule permettent une parfaite micro-\u00e9mulsion des impuret\u00e9s tout en respectant l'\u00e9quilibre cutan\u00e9 : la peau est purifi\u00e9e, elle retrouve son confort et sa fra\u00eecheur originelle.","breadcrumb":{"@id":"https:\/\/labemacosmetics.com\/produit\/eau-micellaire-hydratante-aloe-veracette-eau-micellaire-specialement-formulee-pour-les-peaux-sensibles-et-reactives-garantit-un-nettoyage-en-douceur-du-visage-des-yeux-et-des-levres-les-micelles-con\/#breadcrumb"},"inLanguage":"en-GB","potentialAction":[{"@type":"ReadAction","target":["https:\/\/labemacosmetics.com\/produit\/eau-micellaire-hydratante-aloe-veracette-eau-micellaire-specialement-formulee-pour-les-peaux-sensibles-et-reactives-garantit-un-nettoyage-en-douceur-du-visage-des-yeux-et-des-levres-les-micelles-con\/"]}]},{"@type":"ImageObject","inLanguage":"en-GB","@id":"https:\/\/labemacosmetics.com\/produit\/eau-micellaire-hydratante-aloe-veracette-eau-micellaire-specialement-formulee-pour-les-peaux-sensibles-et-reactives-garantit-un-nettoyage-en-douceur-du-visage-des-yeux-et-des-levres-les-micelles-con\/#primaryimage","url":"https:\/\/labemacosmetics.com\/wp-content\/uploads\/2020\/03\/9.png","contentUrl":"https:\/\/labemacosmetics.com\/wp-content\/uploads\/2020\/03\/9.png","width":600,"height":726},{"@type":"BreadcrumbList","@id":"https:\/\/labemacosmetics.com\/produit\/eau-micellaire-hydratante-aloe-veracette-eau-micellaire-specialement-formulee-pour-les-peaux-sensibles-et-reactives-garantit-un-nettoyage-en-douceur-du-visage-des-yeux-et-des-levres-les-micelles-con\/#breadcrumb","itemListElement":[{"@type":"ListItem","position":1,"name":"Accueil","item":"https:\/\/labemacosmetics.com\/"},{"@type":"ListItem","position":2,"name":"Produits","item":"https:\/\/labemacosmetics.com\/shop\/"},{"@type":"ListItem","position":3,"name":"SO BIO ETIC Eau Micellaire hydratante Aloe Vera"}]},{"@type":"WebSite","@id":"https:\/\/labemacosmetics.com\/#website","url":"https:\/\/labemacosmetics.com\/","name":"Lab&eacute;ma Cosmetics","description":"","potentialAction":[{"@type":"SearchAction","target":{"@type":"EntryPoint","urlTemplate":"https:\/\/labemacosmetics.com\/?s={search_term_string}"},"query-input":{"@type":"PropertyValueSpecification","valueRequired":true,"valueName":"search_term_string"}}],"inLanguage":"en-GB"}]},"product_brand":"Bio So Etic","product_price_amount":"7500","product_price_currency":"XOF","og_availability":"out of stock","product_availability":"out of stock","product_condition":"new"},"_links":{"self":[{"href":"https:\/\/labemacosmetics.com\/en\/wp-json\/wp\/v2\/product\/6267","targetHints":{"allow":["GET"]}}],"collection":[{"href":"https:\/\/labemacosmetics.com\/en\/wp-json\/wp\/v2\/product"}],"about":[{"href":"https:\/\/labemacosmetics.com\/en\/wp-json\/wp\/v2\/types\/product"}],"replies":[{"embeddable":true,"href":"https:\/\/labemacosmetics.com\/en\/wp-json\/wp\/v2\/comments?post=6267"}],"version-history":[{"count":0,"href":"https:\/\/labemacosmetics.com\/en\/wp-json\/wp\/v2\/product\/6267\/revisions"}],"wp:featuredmedia":[{"embeddable":true,"href":"https:\/\/labemacosmetics.com\/en\/wp-json\/wp\/v2\/media\/6253"}],"wp:attachment":[{"href":"https:\/\/labemacosmetics.com\/en\/wp-json\/wp\/v2\/media?parent=6267"}],"wp:term":[{"taxonomy":"product_brand","embeddable":true,"href":"https:\/\/labemacosmetics.com\/en\/wp-json\/wp\/v2\/product_brand?post=6267"},{"taxonomy":"product_cat","embeddable":true,"href":"https:\/\/labemacosmetics.com\/en\/wp-json\/wp\/v2\/product_cat?post=6267"},{"taxonomy":"product_tag","embeddable":true,"href":"https:\/\/labemacosmetics.com\/en\/wp-json\/wp\/v2\/product_tag?post=6267"}],"curies":[{"name":"wp","href":"https:\/\/api.w.org\/{rel}","templated":true}]}}