{"id":6266,"date":"2020-03-07T19:41:36","date_gmt":"2020-03-07T18:41:36","guid":{"rendered":"https:\/\/www.labemacosmetics.com\/?post_type=product&#038;p=6266"},"modified":"2023-05-21T13:33:48","modified_gmt":"2023-05-21T12:33:48","slug":"make-up-fixing-spray","status":"publish","type":"product","link":"https:\/\/labemacosmetics.com\/en\/product\/make-up-fixing-spray\/","title":{"rendered":"MAX AND MORE Fixateur Maquillage"},"content":{"rendered":"<p><span style=\"font-size: 16px;\">Gr\u00e2ce au spray fixateur de Max &amp; More, vous n&rsquo;avez plus \u00e0 vous soucier de votre maquillage pour le reste de la journ\u00e9e.<\/span><\/p>\n<div class=\"row row__spacer\">\n<div class=\"col-xs-12\">\n<div class=\"row row__spacer\">\n<p class=\"col-xs-12\">Il hydrate votre peau et fixe votre maquillage.<br \/>\nSucc\u00e8s garanti !<\/p>\n<\/div>\n<div class=\"row row__spacer\">\n<div class=\"col-xs-12\"><\/div>\n<\/div>\n<\/div>\n<\/div>\n<div class=\"row row__spacer\">\n<div class=\"col-xs-12\"><\/div>\n<\/div>","protected":false},"excerpt":{"rendered":"<p><span style=\"font-size: 16px;\">Gr\u00e2ce au spray fixateur de Max &amp; More, vous n&rsquo;avez plus \u00e0 vous soucier de votre maquillage pour le reste de la journ\u00e9e.<\/span><\/p>","protected":false},"featured_media":6252,"comment_status":"open","ping_status":"closed","template":"","meta":{"om_disable_all_campaigns":false,"_mi_skip_tracking":false,"_monsterinsights_sitenote_active":false,"_monsterinsights_sitenote_note":"","_monsterinsights_sitenote_category":0},"product_brand":[],"product_cat":[127,119,103,108],"product_tag":[],"class_list":{"0":"post-6266","1":"product","2":"type-product","3":"status-publish","4":"has-post-thumbnail","6":"product_cat-boutique","7":"product_cat-fixateur","8":"product_cat-maquillage","9":"product_cat-teint","10":"yith_product_brand-maxmore","12":"first","13":"outofstock","14":"shipping-taxable","15":"purchasable","16":"product-type-simple"},"yoast_head":"<!-- This site is optimized with the Yoast SEO Premium plugin v20.8 (Yoast SEO v27.4) - https:\/\/yoast.com\/product\/yoast-seo-premium-wordpress\/ -->\n<title>MAX AND MORE Fixateur Maquillage - Lab&eacute;ma Cosmetics<\/title>\n<meta name=\"description\" content=\"Gr\u00e2ce au spray fixateur de Max &amp; More, vous n&#039;avez plus \u00e0 vous soucier de votre maquillage pour le reste de la journ\u00e9e.Il hydrate votre peau et fixe votre maquillage.Succ\u00e8s garanti !\" \/>\n<meta name=\"robots\" content=\"index, follow, max-snippet:-1, max-image-preview:large, max-video-preview:-1\" \/>\n<link rel=\"canonical\" href=\"https:\/\/labemacosmetics.com\/en\/product\/make-up-fixing-spray\/\" \/>\n<meta property=\"og:locale\" content=\"en_GB\" \/>\n<meta property=\"og:type\" content=\"article\" \/>\n<meta property=\"og:title\" content=\"MAX AND MORE Fixateur Maquillage\" \/>\n<meta property=\"og:description\" content=\"Gr\u00e2ce au spray fixateur de Max &amp; More, vous n&#039;avez plus \u00e0 vous soucier de votre maquillage pour le reste de la journ\u00e9e.Il hydrate votre peau et fixe votre maquillage.Succ\u00e8s garanti !\" \/>\n<meta property=\"og:url\" content=\"https:\/\/labemacosmetics.com\/en\/product\/make-up-fixing-spray\/\" \/>\n<meta property=\"og:site_name\" content=\"Lab&eacute;ma Cosmetics\" \/>\n<meta property=\"article:publisher\" content=\"http:\/\/www.facebook.com\/labemacosmetics\" \/>\n<meta property=\"article:modified_time\" content=\"2023-05-21T12:33:48+00:00\" \/>\n<meta property=\"og:image\" content=\"https:\/\/labemacosmetics.com\/wp-content\/uploads\/2020\/03\/8.png\" \/>\n\t<meta property=\"og:image:width\" content=\"600\" \/>\n\t<meta property=\"og:image:height\" content=\"726\" \/>\n\t<meta property=\"og:image:type\" content=\"image\/png\" \/>\n<meta name=\"twitter:card\" content=\"summary_large_image\" \/>\n<meta name=\"twitter:site\" content=\"@Labemasn\" \/>\n<meta name=\"twitter:label1\" content=\"Price\" \/>\n\t<meta name=\"twitter:data1\" content=\"5 000&nbsp;CFA\" \/>\n\t<meta name=\"twitter:label2\" content=\"Availability\" \/>\n\t<meta name=\"twitter:data2\" content=\"Out of stock\" \/>\n<script type=\"application\/ld+json\" class=\"yoast-schema-graph\">{\"@context\":\"https:\\\/\\\/schema.org\",\"@graph\":[{\"@type\":\"WebPage\",\"@id\":\"https:\\\/\\\/labemacosmetics.com\\\/produit\\\/make-up-fixing-spray\\\/\",\"url\":\"https:\\\/\\\/labemacosmetics.com\\\/produit\\\/make-up-fixing-spray\\\/\",\"name\":\"MAX AND MORE Fixateur Maquillage - Lab&eacute;ma Cosmetics\",\"isPartOf\":{\"@id\":\"https:\\\/\\\/labemacosmetics.com\\\/#website\"},\"primaryImageOfPage\":{\"@id\":\"https:\\\/\\\/labemacosmetics.com\\\/produit\\\/make-up-fixing-spray\\\/#primaryimage\"},\"image\":{\"@id\":\"https:\\\/\\\/labemacosmetics.com\\\/produit\\\/make-up-fixing-spray\\\/#primaryimage\"},\"thumbnailUrl\":\"https:\\\/\\\/labemacosmetics.com\\\/wp-content\\\/uploads\\\/2020\\\/03\\\/8.png\",\"datePublished\":\"2020-03-07T18:41:36+00:00\",\"dateModified\":\"2023-05-21T12:33:48+00:00\",\"description\":\"Gr\u00e2ce au spray fixateur de Max & More, vous n'avez plus \u00e0 vous soucier de votre maquillage pour le reste de la journ\u00e9e.Il hydrate votre peau et fixe votre maquillage.Succ\u00e8s garanti !\",\"breadcrumb\":{\"@id\":\"https:\\\/\\\/labemacosmetics.com\\\/produit\\\/make-up-fixing-spray\\\/#breadcrumb\"},\"inLanguage\":\"en-GB\",\"potentialAction\":[{\"@type\":\"ReadAction\",\"target\":[\"https:\\\/\\\/labemacosmetics.com\\\/produit\\\/make-up-fixing-spray\\\/\"]}]},{\"@type\":\"ImageObject\",\"inLanguage\":\"en-GB\",\"@id\":\"https:\\\/\\\/labemacosmetics.com\\\/produit\\\/make-up-fixing-spray\\\/#primaryimage\",\"url\":\"https:\\\/\\\/labemacosmetics.com\\\/wp-content\\\/uploads\\\/2020\\\/03\\\/8.png\",\"contentUrl\":\"https:\\\/\\\/labemacosmetics.com\\\/wp-content\\\/uploads\\\/2020\\\/03\\\/8.png\",\"width\":600,\"height\":726},{\"@type\":\"BreadcrumbList\",\"@id\":\"https:\\\/\\\/labemacosmetics.com\\\/produit\\\/make-up-fixing-spray\\\/#breadcrumb\",\"itemListElement\":[{\"@type\":\"ListItem\",\"position\":1,\"name\":\"Accueil\",\"item\":\"https:\\\/\\\/labemacosmetics.com\\\/\"},{\"@type\":\"ListItem\",\"position\":2,\"name\":\"Produits\",\"item\":\"https:\\\/\\\/labemacosmetics.com\\\/shop\\\/\"},{\"@type\":\"ListItem\",\"position\":3,\"name\":\"MAX AND MORE Fixateur Maquillage\"}]},{\"@type\":\"WebSite\",\"@id\":\"https:\\\/\\\/labemacosmetics.com\\\/#website\",\"url\":\"https:\\\/\\\/labemacosmetics.com\\\/\",\"name\":\"Lab&eacute;ma Cosmetics\",\"description\":\"\",\"potentialAction\":[{\"@type\":\"SearchAction\",\"target\":{\"@type\":\"EntryPoint\",\"urlTemplate\":\"https:\\\/\\\/labemacosmetics.com\\\/?s={search_term_string}\"},\"query-input\":{\"@type\":\"PropertyValueSpecification\",\"valueRequired\":true,\"valueName\":\"search_term_string\"}}],\"inLanguage\":\"en-GB\"}]}<\/script>\n<meta property=\"product:brand\" content=\"max&amp;more\" \/>\n<meta property=\"product:price:amount\" content=\"5000\" \/>\n<meta property=\"product:price:currency\" content=\"XOF\" \/>\n<meta property=\"og:availability\" content=\"out of stock\" \/>\n<meta property=\"product:availability\" content=\"out of stock\" \/>\n<meta property=\"product:condition\" content=\"new\" \/>\n<!-- \/ Yoast SEO Premium plugin. -->","yoast_head_json":{"title":"MAX AND MORE Fixateur Maquillage - Lab&eacute;ma Cosmetics","description":"Gr\u00e2ce au spray fixateur de Max & More, vous n'avez plus \u00e0 vous soucier de votre maquillage pour le reste de la journ\u00e9e.Il hydrate votre peau et fixe votre maquillage.Succ\u00e8s garanti !","robots":{"index":"index","follow":"follow","max-snippet":"max-snippet:-1","max-image-preview":"max-image-preview:large","max-video-preview":"max-video-preview:-1"},"canonical":"https:\/\/labemacosmetics.com\/en\/product\/make-up-fixing-spray\/","og_locale":"en_GB","og_type":"article","og_title":"MAX AND MORE Fixateur Maquillage","og_description":"Gr\u00e2ce au spray fixateur de Max & More, vous n'avez plus \u00e0 vous soucier de votre maquillage pour le reste de la journ\u00e9e.Il hydrate votre peau et fixe votre maquillage.Succ\u00e8s garanti !","og_url":"https:\/\/labemacosmetics.com\/en\/product\/make-up-fixing-spray\/","og_site_name":"Lab&eacute;ma Cosmetics","article_publisher":"http:\/\/www.facebook.com\/labemacosmetics","article_modified_time":"2023-05-21T12:33:48+00:00","og_image":[{"width":600,"height":726,"url":"https:\/\/labemacosmetics.com\/wp-content\/uploads\/2020\/03\/8.png","type":"image\/png"}],"twitter_card":"summary_large_image","twitter_site":"@Labemasn","twitter_misc":{"Price":"5 000&nbsp;CFA","Availability":"Out of stock"},"schema":{"@context":"https:\/\/schema.org","@graph":[{"@type":"WebPage","@id":"https:\/\/labemacosmetics.com\/produit\/make-up-fixing-spray\/","url":"https:\/\/labemacosmetics.com\/produit\/make-up-fixing-spray\/","name":"MAX AND MORE Fixateur Maquillage - Lab&eacute;ma Cosmetics","isPartOf":{"@id":"https:\/\/labemacosmetics.com\/#website"},"primaryImageOfPage":{"@id":"https:\/\/labemacosmetics.com\/produit\/make-up-fixing-spray\/#primaryimage"},"image":{"@id":"https:\/\/labemacosmetics.com\/produit\/make-up-fixing-spray\/#primaryimage"},"thumbnailUrl":"https:\/\/labemacosmetics.com\/wp-content\/uploads\/2020\/03\/8.png","datePublished":"2020-03-07T18:41:36+00:00","dateModified":"2023-05-21T12:33:48+00:00","description":"Gr\u00e2ce au spray fixateur de Max & More, vous n'avez plus \u00e0 vous soucier de votre maquillage pour le reste de la journ\u00e9e.Il hydrate votre peau et fixe votre maquillage.Succ\u00e8s garanti !","breadcrumb":{"@id":"https:\/\/labemacosmetics.com\/produit\/make-up-fixing-spray\/#breadcrumb"},"inLanguage":"en-GB","potentialAction":[{"@type":"ReadAction","target":["https:\/\/labemacosmetics.com\/produit\/make-up-fixing-spray\/"]}]},{"@type":"ImageObject","inLanguage":"en-GB","@id":"https:\/\/labemacosmetics.com\/produit\/make-up-fixing-spray\/#primaryimage","url":"https:\/\/labemacosmetics.com\/wp-content\/uploads\/2020\/03\/8.png","contentUrl":"https:\/\/labemacosmetics.com\/wp-content\/uploads\/2020\/03\/8.png","width":600,"height":726},{"@type":"BreadcrumbList","@id":"https:\/\/labemacosmetics.com\/produit\/make-up-fixing-spray\/#breadcrumb","itemListElement":[{"@type":"ListItem","position":1,"name":"Accueil","item":"https:\/\/labemacosmetics.com\/"},{"@type":"ListItem","position":2,"name":"Produits","item":"https:\/\/labemacosmetics.com\/shop\/"},{"@type":"ListItem","position":3,"name":"MAX AND MORE Fixateur Maquillage"}]},{"@type":"WebSite","@id":"https:\/\/labemacosmetics.com\/#website","url":"https:\/\/labemacosmetics.com\/","name":"Lab&eacute;ma Cosmetics","description":"","potentialAction":[{"@type":"SearchAction","target":{"@type":"EntryPoint","urlTemplate":"https:\/\/labemacosmetics.com\/?s={search_term_string}"},"query-input":{"@type":"PropertyValueSpecification","valueRequired":true,"valueName":"search_term_string"}}],"inLanguage":"en-GB"}]},"product_brand":"max&amp;more","product_price_amount":"5000","product_price_currency":"XOF","og_availability":"out of stock","product_availability":"out of stock","product_condition":"new"},"_links":{"self":[{"href":"https:\/\/labemacosmetics.com\/en\/wp-json\/wp\/v2\/product\/6266","targetHints":{"allow":["GET"]}}],"collection":[{"href":"https:\/\/labemacosmetics.com\/en\/wp-json\/wp\/v2\/product"}],"about":[{"href":"https:\/\/labemacosmetics.com\/en\/wp-json\/wp\/v2\/types\/product"}],"replies":[{"embeddable":true,"href":"https:\/\/labemacosmetics.com\/en\/wp-json\/wp\/v2\/comments?post=6266"}],"version-history":[{"count":0,"href":"https:\/\/labemacosmetics.com\/en\/wp-json\/wp\/v2\/product\/6266\/revisions"}],"wp:featuredmedia":[{"embeddable":true,"href":"https:\/\/labemacosmetics.com\/en\/wp-json\/wp\/v2\/media\/6252"}],"wp:attachment":[{"href":"https:\/\/labemacosmetics.com\/en\/wp-json\/wp\/v2\/media?parent=6266"}],"wp:term":[{"taxonomy":"product_brand","embeddable":true,"href":"https:\/\/labemacosmetics.com\/en\/wp-json\/wp\/v2\/product_brand?post=6266"},{"taxonomy":"product_cat","embeddable":true,"href":"https:\/\/labemacosmetics.com\/en\/wp-json\/wp\/v2\/product_cat?post=6266"},{"taxonomy":"product_tag","embeddable":true,"href":"https:\/\/labemacosmetics.com\/en\/wp-json\/wp\/v2\/product_tag?post=6266"}],"curies":[{"name":"wp","href":"https:\/\/api.w.org\/{rel}","templated":true}]}}