{"id":6262,"date":"2020-03-07T18:44:48","date_gmt":"2020-03-07T17:44:48","guid":{"rendered":"https:\/\/www.labemacosmetics.com\/?post_type=product&#038;p=6262"},"modified":"2024-01-06T11:19:42","modified_gmt":"2024-01-06T10:19:42","slug":"masque-a-largile-purifiant","status":"publish","type":"product","link":"https:\/\/labemacosmetics.com\/en\/product\/masque-a-largile-purifiant\/","title":{"rendered":"BYPHASSE Masque A L&rsquo;Argile Purifiant"},"content":{"rendered":"<p><strong>\u00a0<\/strong>Le masque \u00e0 l\u2019argile Purifiant Byphasse contient du charbon v\u00e9g\u00e9tal actif connu pour ses propri\u00e9t\u00e9s purifiantes et son efficacit\u00e9 \u00e0 r\u00e9duire les points noirs. Le pouvoir absorbant de l\u2019argile avec les particules de rhyolite vous assure une exfoliation en douceur, en laissant votre peau parfaite et r\u00e9nov\u00e9e.<\/p>\n<h6><span style=\"font-size: 14pt;\">Utilisation:<\/span><\/h6>\n<p>Appliquer sur le visage sur une peau propre et s\u00e8che. Masser en effectuant des mouvements circulaires pour une exfoliation douce. Laisser agir pendant 15 \u00e0 20 minutes jusqu\u2019\u00e0 ce qu\u2019il durcisse. Rincer \u00e0 l\u2019eau ti\u00e8de jusqu\u2019\u00e0 ce qu\u2019il n\u2019y ait plus de r\u00e9sidus.<\/p>","protected":false},"excerpt":{"rendered":"<p>\u00a0Le masque \u00e0 l\u2019argile Purifiant Byphasse contient du charbon v\u00e9g\u00e9tal actif connu pour ses propri\u00e9t\u00e9s purifiantes et son efficacit\u00e9 \u00e0 r\u00e9duire les points noirs. Le pouvoir absorbant de l\u2019argile avec les particules de rhyolite vous assure une exfoliation en douceur, en laissant votre peau parfaite et r\u00e9nov\u00e9e. Utilisation: Appliquer sur le visage sur une peau [&hellip;]<\/p>\n","protected":false},"featured_media":6249,"comment_status":"open","ping_status":"closed","template":"","meta":{"om_disable_all_campaigns":false,"_mi_skip_tracking":false,"_monsterinsights_sitenote_active":false,"_monsterinsights_sitenote_note":"","_monsterinsights_sitenote_category":0},"product_brand":[],"product_cat":[1742,1747,515,514,516,517,128,513],"product_tag":[],"class_list":{"0":"post-6262","1":"product","2":"type-product","3":"status-publish","4":"has-post-thumbnail","6":"product_cat-masques","7":"product_cat-peaux-a-tendances-acneiques","8":"product_cat-peaux-mixtes-a-grasses","9":"product_cat-peaux-normales","10":"product_cat-peaux-seches","11":"product_cat-peaux-sensibles","12":"product_cat-soin-de-visage","13":"product_cat-type-de-peau","14":"yith_product_brand-byphasse","16":"first","17":"outofstock","18":"shipping-taxable","19":"purchasable","20":"product-type-simple"},"yoast_head":"<!-- This site is optimized with the Yoast SEO Premium plugin v20.8 (Yoast SEO v27.4) - https:\/\/yoast.com\/product\/yoast-seo-premium-wordpress\/ -->\n<title>BYPHASSE Masque A L&#039;Argile Purifiant - Lab&eacute;ma Cosmetics<\/title>\n<meta name=\"description\" content=\"Le masque \u00e0 l\u2019argile Purifiant Byphasse contient du charbon v\u00e9g\u00e9tal actif connu pour ses propri\u00e9t\u00e9s purifiantes et son efficacit\u00e9 \u00e0 r\u00e9duire les points noirs. Le pouvoir absorbant de l\u2019argile avec les particules de rhyolite vous assure une exfoliation en douceur\" \/>\n<meta name=\"robots\" content=\"index, follow, max-snippet:-1, max-image-preview:large, max-video-preview:-1\" \/>\n<link rel=\"canonical\" href=\"https:\/\/labemacosmetics.com\/en\/product\/masque-a-largile-purifiant\/\" \/>\n<meta property=\"og:locale\" content=\"en_GB\" \/>\n<meta property=\"og:type\" content=\"article\" \/>\n<meta property=\"og:title\" content=\"BYPHASSE Masque A L&#039;Argile Purifiant\" \/>\n<meta property=\"og:description\" content=\"Le masque \u00e0 l\u2019argile Purifiant Byphasse contient du charbon v\u00e9g\u00e9tal actif connu pour ses propri\u00e9t\u00e9s purifiantes et son efficacit\u00e9 \u00e0 r\u00e9duire les points noirs. Le pouvoir absorbant de l\u2019argile avec les particules de rhyolite vous assure une exfoliation en douceur\" \/>\n<meta property=\"og:url\" content=\"https:\/\/labemacosmetics.com\/en\/product\/masque-a-largile-purifiant\/\" \/>\n<meta property=\"og:site_name\" content=\"Lab&eacute;ma Cosmetics\" \/>\n<meta property=\"article:publisher\" content=\"http:\/\/www.facebook.com\/labemacosmetics\" \/>\n<meta property=\"article:modified_time\" content=\"2024-01-06T10:19:42+00:00\" \/>\n<meta property=\"og:image\" content=\"https:\/\/labemacosmetics.com\/wp-content\/uploads\/2020\/03\/11.png\" \/>\n\t<meta property=\"og:image:width\" content=\"600\" \/>\n\t<meta property=\"og:image:height\" content=\"726\" \/>\n\t<meta property=\"og:image:type\" content=\"image\/png\" \/>\n<meta name=\"twitter:card\" content=\"summary_large_image\" \/>\n<meta name=\"twitter:site\" content=\"@Labemasn\" \/>\n<meta name=\"twitter:label1\" content=\"Price\" \/>\n\t<meta name=\"twitter:data1\" content=\"3 500&nbsp;CFA\" \/>\n\t<meta name=\"twitter:label2\" content=\"Availability\" \/>\n\t<meta name=\"twitter:data2\" content=\"Out of stock\" \/>\n<script type=\"application\/ld+json\" class=\"yoast-schema-graph\">{\"@context\":\"https:\\\/\\\/schema.org\",\"@graph\":[{\"@type\":\"WebPage\",\"@id\":\"https:\\\/\\\/labemacosmetics.com\\\/produit\\\/masque-a-largile-purifiant\\\/\",\"url\":\"https:\\\/\\\/labemacosmetics.com\\\/produit\\\/masque-a-largile-purifiant\\\/\",\"name\":\"BYPHASSE Masque A L'Argile Purifiant - Lab&eacute;ma Cosmetics\",\"isPartOf\":{\"@id\":\"https:\\\/\\\/labemacosmetics.com\\\/#website\"},\"primaryImageOfPage\":{\"@id\":\"https:\\\/\\\/labemacosmetics.com\\\/produit\\\/masque-a-largile-purifiant\\\/#primaryimage\"},\"image\":{\"@id\":\"https:\\\/\\\/labemacosmetics.com\\\/produit\\\/masque-a-largile-purifiant\\\/#primaryimage\"},\"thumbnailUrl\":\"https:\\\/\\\/labemacosmetics.com\\\/wp-content\\\/uploads\\\/2020\\\/03\\\/11.png\",\"datePublished\":\"2020-03-07T17:44:48+00:00\",\"dateModified\":\"2024-01-06T10:19:42+00:00\",\"description\":\"Le masque \u00e0 l\u2019argile Purifiant Byphasse contient du charbon v\u00e9g\u00e9tal actif connu pour ses propri\u00e9t\u00e9s purifiantes et son efficacit\u00e9 \u00e0 r\u00e9duire les points noirs. Le pouvoir absorbant de l\u2019argile avec les particules de rhyolite vous assure une exfoliation en douceur\",\"breadcrumb\":{\"@id\":\"https:\\\/\\\/labemacosmetics.com\\\/produit\\\/masque-a-largile-purifiant\\\/#breadcrumb\"},\"inLanguage\":\"en-GB\",\"potentialAction\":[{\"@type\":\"ReadAction\",\"target\":[\"https:\\\/\\\/labemacosmetics.com\\\/produit\\\/masque-a-largile-purifiant\\\/\"]}]},{\"@type\":\"ImageObject\",\"inLanguage\":\"en-GB\",\"@id\":\"https:\\\/\\\/labemacosmetics.com\\\/produit\\\/masque-a-largile-purifiant\\\/#primaryimage\",\"url\":\"https:\\\/\\\/labemacosmetics.com\\\/wp-content\\\/uploads\\\/2020\\\/03\\\/11.png\",\"contentUrl\":\"https:\\\/\\\/labemacosmetics.com\\\/wp-content\\\/uploads\\\/2020\\\/03\\\/11.png\",\"width\":600,\"height\":726},{\"@type\":\"BreadcrumbList\",\"@id\":\"https:\\\/\\\/labemacosmetics.com\\\/produit\\\/masque-a-largile-purifiant\\\/#breadcrumb\",\"itemListElement\":[{\"@type\":\"ListItem\",\"position\":1,\"name\":\"Accueil\",\"item\":\"https:\\\/\\\/labemacosmetics.com\\\/\"},{\"@type\":\"ListItem\",\"position\":2,\"name\":\"Produits\",\"item\":\"https:\\\/\\\/labemacosmetics.com\\\/shop\\\/\"},{\"@type\":\"ListItem\",\"position\":3,\"name\":\"BYPHASSE Masque A L&rsquo;Argile Purifiant\"}]},{\"@type\":\"WebSite\",\"@id\":\"https:\\\/\\\/labemacosmetics.com\\\/#website\",\"url\":\"https:\\\/\\\/labemacosmetics.com\\\/\",\"name\":\"Lab&eacute;ma Cosmetics\",\"description\":\"\",\"potentialAction\":[{\"@type\":\"SearchAction\",\"target\":{\"@type\":\"EntryPoint\",\"urlTemplate\":\"https:\\\/\\\/labemacosmetics.com\\\/?s={search_term_string}\"},\"query-input\":{\"@type\":\"PropertyValueSpecification\",\"valueRequired\":true,\"valueName\":\"search_term_string\"}}],\"inLanguage\":\"en-GB\"}]}<\/script>\n<meta property=\"product:brand\" content=\"Byphasse\" \/>\n<meta property=\"product:price:amount\" content=\"3500\" \/>\n<meta property=\"product:price:currency\" content=\"XOF\" \/>\n<meta property=\"og:availability\" content=\"out of stock\" \/>\n<meta property=\"product:availability\" content=\"out of stock\" \/>\n<meta property=\"product:condition\" content=\"new\" \/>\n<!-- \/ Yoast SEO Premium plugin. -->","yoast_head_json":{"title":"BYPHASSE Masque A L'Argile Purifiant - Lab&eacute;ma Cosmetics","description":"Le masque \u00e0 l\u2019argile Purifiant Byphasse contient du charbon v\u00e9g\u00e9tal actif connu pour ses propri\u00e9t\u00e9s purifiantes et son efficacit\u00e9 \u00e0 r\u00e9duire les points noirs. Le pouvoir absorbant de l\u2019argile avec les particules de rhyolite vous assure une exfoliation en douceur","robots":{"index":"index","follow":"follow","max-snippet":"max-snippet:-1","max-image-preview":"max-image-preview:large","max-video-preview":"max-video-preview:-1"},"canonical":"https:\/\/labemacosmetics.com\/en\/product\/masque-a-largile-purifiant\/","og_locale":"en_GB","og_type":"article","og_title":"BYPHASSE Masque A L'Argile Purifiant","og_description":"Le masque \u00e0 l\u2019argile Purifiant Byphasse contient du charbon v\u00e9g\u00e9tal actif connu pour ses propri\u00e9t\u00e9s purifiantes et son efficacit\u00e9 \u00e0 r\u00e9duire les points noirs. Le pouvoir absorbant de l\u2019argile avec les particules de rhyolite vous assure une exfoliation en douceur","og_url":"https:\/\/labemacosmetics.com\/en\/product\/masque-a-largile-purifiant\/","og_site_name":"Lab&eacute;ma Cosmetics","article_publisher":"http:\/\/www.facebook.com\/labemacosmetics","article_modified_time":"2024-01-06T10:19:42+00:00","og_image":[{"width":600,"height":726,"url":"https:\/\/labemacosmetics.com\/wp-content\/uploads\/2020\/03\/11.png","type":"image\/png"}],"twitter_card":"summary_large_image","twitter_site":"@Labemasn","twitter_misc":{"Price":"3 500&nbsp;CFA","Availability":"Out of stock"},"schema":{"@context":"https:\/\/schema.org","@graph":[{"@type":"WebPage","@id":"https:\/\/labemacosmetics.com\/produit\/masque-a-largile-purifiant\/","url":"https:\/\/labemacosmetics.com\/produit\/masque-a-largile-purifiant\/","name":"BYPHASSE Masque A L'Argile Purifiant - Lab&eacute;ma Cosmetics","isPartOf":{"@id":"https:\/\/labemacosmetics.com\/#website"},"primaryImageOfPage":{"@id":"https:\/\/labemacosmetics.com\/produit\/masque-a-largile-purifiant\/#primaryimage"},"image":{"@id":"https:\/\/labemacosmetics.com\/produit\/masque-a-largile-purifiant\/#primaryimage"},"thumbnailUrl":"https:\/\/labemacosmetics.com\/wp-content\/uploads\/2020\/03\/11.png","datePublished":"2020-03-07T17:44:48+00:00","dateModified":"2024-01-06T10:19:42+00:00","description":"Le masque \u00e0 l\u2019argile Purifiant Byphasse contient du charbon v\u00e9g\u00e9tal actif connu pour ses propri\u00e9t\u00e9s purifiantes et son efficacit\u00e9 \u00e0 r\u00e9duire les points noirs. Le pouvoir absorbant de l\u2019argile avec les particules de rhyolite vous assure une exfoliation en douceur","breadcrumb":{"@id":"https:\/\/labemacosmetics.com\/produit\/masque-a-largile-purifiant\/#breadcrumb"},"inLanguage":"en-GB","potentialAction":[{"@type":"ReadAction","target":["https:\/\/labemacosmetics.com\/produit\/masque-a-largile-purifiant\/"]}]},{"@type":"ImageObject","inLanguage":"en-GB","@id":"https:\/\/labemacosmetics.com\/produit\/masque-a-largile-purifiant\/#primaryimage","url":"https:\/\/labemacosmetics.com\/wp-content\/uploads\/2020\/03\/11.png","contentUrl":"https:\/\/labemacosmetics.com\/wp-content\/uploads\/2020\/03\/11.png","width":600,"height":726},{"@type":"BreadcrumbList","@id":"https:\/\/labemacosmetics.com\/produit\/masque-a-largile-purifiant\/#breadcrumb","itemListElement":[{"@type":"ListItem","position":1,"name":"Accueil","item":"https:\/\/labemacosmetics.com\/"},{"@type":"ListItem","position":2,"name":"Produits","item":"https:\/\/labemacosmetics.com\/shop\/"},{"@type":"ListItem","position":3,"name":"BYPHASSE Masque A L&rsquo;Argile Purifiant"}]},{"@type":"WebSite","@id":"https:\/\/labemacosmetics.com\/#website","url":"https:\/\/labemacosmetics.com\/","name":"Lab&eacute;ma Cosmetics","description":"","potentialAction":[{"@type":"SearchAction","target":{"@type":"EntryPoint","urlTemplate":"https:\/\/labemacosmetics.com\/?s={search_term_string}"},"query-input":{"@type":"PropertyValueSpecification","valueRequired":true,"valueName":"search_term_string"}}],"inLanguage":"en-GB"}]},"product_brand":"Byphasse","product_price_amount":"3500","product_price_currency":"XOF","og_availability":"out of stock","product_availability":"out of stock","product_condition":"new"},"_links":{"self":[{"href":"https:\/\/labemacosmetics.com\/en\/wp-json\/wp\/v2\/product\/6262","targetHints":{"allow":["GET"]}}],"collection":[{"href":"https:\/\/labemacosmetics.com\/en\/wp-json\/wp\/v2\/product"}],"about":[{"href":"https:\/\/labemacosmetics.com\/en\/wp-json\/wp\/v2\/types\/product"}],"replies":[{"embeddable":true,"href":"https:\/\/labemacosmetics.com\/en\/wp-json\/wp\/v2\/comments?post=6262"}],"version-history":[{"count":0,"href":"https:\/\/labemacosmetics.com\/en\/wp-json\/wp\/v2\/product\/6262\/revisions"}],"wp:featuredmedia":[{"embeddable":true,"href":"https:\/\/labemacosmetics.com\/en\/wp-json\/wp\/v2\/media\/6249"}],"wp:attachment":[{"href":"https:\/\/labemacosmetics.com\/en\/wp-json\/wp\/v2\/media?parent=6262"}],"wp:term":[{"taxonomy":"product_brand","embeddable":true,"href":"https:\/\/labemacosmetics.com\/en\/wp-json\/wp\/v2\/product_brand?post=6262"},{"taxonomy":"product_cat","embeddable":true,"href":"https:\/\/labemacosmetics.com\/en\/wp-json\/wp\/v2\/product_cat?post=6262"},{"taxonomy":"product_tag","embeddable":true,"href":"https:\/\/labemacosmetics.com\/en\/wp-json\/wp\/v2\/product_tag?post=6262"}],"curies":[{"name":"wp","href":"https:\/\/api.w.org\/{rel}","templated":true}]}}