{"id":6241,"date":"2020-03-06T13:09:18","date_gmt":"2020-03-06T12:09:18","guid":{"rendered":"https:\/\/www.labemacosmetics.com\/?post_type=product&#038;p=6241"},"modified":"2026-01-30T21:20:01","modified_gmt":"2026-01-30T20:20:01","slug":"eyeliner-gel-noir","status":"publish","type":"product","link":"https:\/\/labemacosmetics.com\/en\/product\/eyeliner-gel-noir\/","title":{"rendered":"MAX AND MORE Eyeliner Gel Noir"},"content":{"rendered":"<p>Eyeliner Gel Max and More Perfect Waterproof Eyeliner Kit<br \/>\nRiche et cr\u00e9meux ce gel tient toute la journ\u00e9e sans bavure.<br \/>\nLa bonne eye-liner professionnelle d\u00e9finit de fa\u00e7on experte vos yeux pour cr\u00e9er des regards smoky ou dramatique ais\u00e9ment.<\/p>\n<p>&nbsp;<\/p>","protected":false},"excerpt":{"rendered":"<p><span style=\"display: inline !important; float: none; background-color: #ffffff; color: #444444; cursor: text; font-family: 'Open Sans',Helvetica,Arial,sans-serif; font-size: 14px; font-style: normal; font-variant: normal; font-weight: 400; letter-spacing: normal; orphans: 2; text-align: left; text-decoration: none; text-indent: 0px; text-transform: none; -webkit-text-stroke-width: 0px; white-space: normal; word-spacing: 0px;\">Eyeliner Gel Max and More Perfect Waterproof Eyeliner Kit<\/span><br \/>\n<span style=\"display: inline !important; float: none; background-color: #ffffff; color: #444444; cursor: text; font-family: 'Open Sans',Helvetica,Arial,sans-serif; font-size: 14px; font-style: normal; font-variant: normal; font-weight: 400; letter-spacing: normal; orphans: 2; text-align: left; text-decoration: none; text-indent: 0px; text-transform: none; -webkit-text-stroke-width: 0px; white-space: normal; word-spacing: 0px;\">Riche et cr\u00e9meux ce gel tient toute la journ\u00e9e sans bavure.<\/span><\/p>","protected":false},"featured_media":6242,"comment_status":"open","ping_status":"closed","template":"","meta":{"om_disable_all_campaigns":false,"_mi_skip_tracking":false,"_monsterinsights_sitenote_active":false,"_monsterinsights_sitenote_note":"","_monsterinsights_sitenote_category":0},"product_brand":[],"product_cat":[127,111,103,109],"product_tag":[],"class_list":{"0":"post-6241","1":"product","2":"type-product","3":"status-publish","4":"has-post-thumbnail","6":"product_cat-boutique","7":"product_cat-eyeliner","8":"product_cat-maquillage","9":"product_cat-yeux","10":"yith_product_brand-maxmore","12":"first","13":"onbackorder","14":"shipping-taxable","15":"purchasable","16":"product-type-simple"},"yoast_head":"<!-- This site is optimized with the Yoast SEO Premium plugin v20.8 (Yoast SEO v27.4) - https:\/\/yoast.com\/product\/yoast-seo-premium-wordpress\/ -->\n<title>MAX AND MORE Eyeliner Gel Noir - Lab&eacute;ma Cosmetics<\/title>\n<meta name=\"description\" content=\"Perfect Waterproof Eyeliner KitRiche et cr\u00e9meux ce gel tient toute la journ\u00e9e sans bavure.La bonne eye-liner professionnelle d\u00e9finit de fa\u00e7on experte vos yeux pour cr\u00e9er des regards smoky ou dramatique ais\u00e9ment.\" \/>\n<meta name=\"robots\" content=\"index, follow, max-snippet:-1, max-image-preview:large, max-video-preview:-1\" \/>\n<link rel=\"canonical\" href=\"https:\/\/labemacosmetics.com\/en\/product\/eyeliner-gel-noir\/\" \/>\n<meta property=\"og:locale\" content=\"en_GB\" \/>\n<meta property=\"og:type\" content=\"article\" \/>\n<meta property=\"og:title\" content=\"MAX AND MORE Eyeliner Gel Noir\" \/>\n<meta property=\"og:description\" content=\"Perfect Waterproof Eyeliner KitRiche et cr\u00e9meux ce gel tient toute la journ\u00e9e sans bavure.La bonne eye-liner professionnelle d\u00e9finit de fa\u00e7on experte vos yeux pour cr\u00e9er des regards smoky ou dramatique ais\u00e9ment.\" \/>\n<meta property=\"og:url\" content=\"https:\/\/labemacosmetics.com\/en\/product\/eyeliner-gel-noir\/\" \/>\n<meta property=\"og:site_name\" content=\"Lab&eacute;ma Cosmetics\" \/>\n<meta property=\"article:publisher\" content=\"http:\/\/www.facebook.com\/labemacosmetics\" \/>\n<meta property=\"article:modified_time\" content=\"2026-01-30T20:20:01+00:00\" \/>\n<meta property=\"og:image\" content=\"https:\/\/labemacosmetics.com\/wp-content\/uploads\/2020\/02\/gel-eyeliner-max-et-more.png\" \/>\n\t<meta property=\"og:image:width\" content=\"600\" \/>\n\t<meta property=\"og:image:height\" content=\"726\" \/>\n\t<meta property=\"og:image:type\" content=\"image\/png\" \/>\n<meta name=\"twitter:card\" content=\"summary_large_image\" \/>\n<meta name=\"twitter:site\" content=\"@Labemasn\" \/>\n<meta name=\"twitter:label1\" content=\"Price\" \/>\n\t<meta name=\"twitter:data1\" content=\"2 000&nbsp;CFA\" \/>\n\t<meta name=\"twitter:label2\" content=\"Availability\" \/>\n\t<meta name=\"twitter:data2\" content=\"On backorder\" \/>\n<script type=\"application\/ld+json\" class=\"yoast-schema-graph\">{\"@context\":\"https:\\\/\\\/schema.org\",\"@graph\":[{\"@type\":\"WebPage\",\"@id\":\"https:\\\/\\\/labemacosmetics.com\\\/en\\\/product\\\/eyeliner-gel-noir\\\/\",\"url\":\"https:\\\/\\\/labemacosmetics.com\\\/en\\\/product\\\/eyeliner-gel-noir\\\/\",\"name\":\"MAX AND MORE Eyeliner Gel Noir - Lab&eacute;ma Cosmetics\",\"isPartOf\":{\"@id\":\"https:\\\/\\\/labemacosmetics.com\\\/#website\"},\"primaryImageOfPage\":{\"@id\":\"https:\\\/\\\/labemacosmetics.com\\\/en\\\/product\\\/eyeliner-gel-noir\\\/#primaryimage\"},\"image\":{\"@id\":\"https:\\\/\\\/labemacosmetics.com\\\/en\\\/product\\\/eyeliner-gel-noir\\\/#primaryimage\"},\"thumbnailUrl\":\"https:\\\/\\\/labemacosmetics.com\\\/wp-content\\\/uploads\\\/2020\\\/02\\\/gel-eyeliner-max-et-more.png\",\"datePublished\":\"2020-03-06T12:09:18+00:00\",\"dateModified\":\"2026-01-30T20:20:01+00:00\",\"description\":\"Perfect Waterproof Eyeliner KitRiche et cr\u00e9meux ce gel tient toute la journ\u00e9e sans bavure.La bonne eye-liner professionnelle d\u00e9finit de fa\u00e7on experte vos yeux pour cr\u00e9er des regards smoky ou dramatique ais\u00e9ment.\",\"breadcrumb\":{\"@id\":\"https:\\\/\\\/labemacosmetics.com\\\/en\\\/product\\\/eyeliner-gel-noir\\\/#breadcrumb\"},\"inLanguage\":\"en-GB\",\"potentialAction\":[{\"@type\":\"ReadAction\",\"target\":[\"https:\\\/\\\/labemacosmetics.com\\\/en\\\/product\\\/eyeliner-gel-noir\\\/\"]}]},{\"@type\":\"ImageObject\",\"inLanguage\":\"en-GB\",\"@id\":\"https:\\\/\\\/labemacosmetics.com\\\/en\\\/product\\\/eyeliner-gel-noir\\\/#primaryimage\",\"url\":\"https:\\\/\\\/labemacosmetics.com\\\/wp-content\\\/uploads\\\/2020\\\/02\\\/gel-eyeliner-max-et-more.png\",\"contentUrl\":\"https:\\\/\\\/labemacosmetics.com\\\/wp-content\\\/uploads\\\/2020\\\/02\\\/gel-eyeliner-max-et-more.png\",\"width\":600,\"height\":726},{\"@type\":\"BreadcrumbList\",\"@id\":\"https:\\\/\\\/labemacosmetics.com\\\/en\\\/product\\\/eyeliner-gel-noir\\\/#breadcrumb\",\"itemListElement\":[{\"@type\":\"ListItem\",\"position\":1,\"name\":\"Accueil\",\"item\":\"https:\\\/\\\/labemacosmetics.com\\\/\"},{\"@type\":\"ListItem\",\"position\":2,\"name\":\"Produits\",\"item\":\"https:\\\/\\\/labemacosmetics.com\\\/shop\\\/\"},{\"@type\":\"ListItem\",\"position\":3,\"name\":\"MAX AND MORE Eyeliner Gel Noir\"}]},{\"@type\":\"WebSite\",\"@id\":\"https:\\\/\\\/labemacosmetics.com\\\/#website\",\"url\":\"https:\\\/\\\/labemacosmetics.com\\\/\",\"name\":\"Lab&eacute;ma Cosmetics\",\"description\":\"\",\"potentialAction\":[{\"@type\":\"SearchAction\",\"target\":{\"@type\":\"EntryPoint\",\"urlTemplate\":\"https:\\\/\\\/labemacosmetics.com\\\/?s={search_term_string}\"},\"query-input\":{\"@type\":\"PropertyValueSpecification\",\"valueRequired\":true,\"valueName\":\"search_term_string\"}}],\"inLanguage\":\"en-GB\"}]}<\/script>\n<meta property=\"product:brand\" content=\"max&amp;more\" \/>\n<meta property=\"product:price:amount\" content=\"2000\" \/>\n<meta property=\"product:price:currency\" content=\"XOF\" \/>\n<meta property=\"og:availability\" content=\"backorder\" \/>\n<meta property=\"product:availability\" content=\"available for order\" \/>\n<meta property=\"product:condition\" content=\"new\" \/>\n<!-- \/ Yoast SEO Premium plugin. -->","yoast_head_json":{"title":"MAX AND MORE Eyeliner Gel Noir - Lab&eacute;ma Cosmetics","description":"Perfect Waterproof Eyeliner KitRiche et cr\u00e9meux ce gel tient toute la journ\u00e9e sans bavure.La bonne eye-liner professionnelle d\u00e9finit de fa\u00e7on experte vos yeux pour cr\u00e9er des regards smoky ou dramatique ais\u00e9ment.","robots":{"index":"index","follow":"follow","max-snippet":"max-snippet:-1","max-image-preview":"max-image-preview:large","max-video-preview":"max-video-preview:-1"},"canonical":"https:\/\/labemacosmetics.com\/en\/product\/eyeliner-gel-noir\/","og_locale":"en_GB","og_type":"article","og_title":"MAX AND MORE Eyeliner Gel Noir","og_description":"Perfect Waterproof Eyeliner KitRiche et cr\u00e9meux ce gel tient toute la journ\u00e9e sans bavure.La bonne eye-liner professionnelle d\u00e9finit de fa\u00e7on experte vos yeux pour cr\u00e9er des regards smoky ou dramatique ais\u00e9ment.","og_url":"https:\/\/labemacosmetics.com\/en\/product\/eyeliner-gel-noir\/","og_site_name":"Lab&eacute;ma Cosmetics","article_publisher":"http:\/\/www.facebook.com\/labemacosmetics","article_modified_time":"2026-01-30T20:20:01+00:00","og_image":[{"width":600,"height":726,"url":"https:\/\/labemacosmetics.com\/wp-content\/uploads\/2020\/02\/gel-eyeliner-max-et-more.png","type":"image\/png"}],"twitter_card":"summary_large_image","twitter_site":"@Labemasn","twitter_misc":{"Price":"2 000&nbsp;CFA","Availability":"On backorder"},"schema":{"@context":"https:\/\/schema.org","@graph":[{"@type":"WebPage","@id":"https:\/\/labemacosmetics.com\/en\/product\/eyeliner-gel-noir\/","url":"https:\/\/labemacosmetics.com\/en\/product\/eyeliner-gel-noir\/","name":"MAX AND MORE Eyeliner Gel Noir - Lab&eacute;ma Cosmetics","isPartOf":{"@id":"https:\/\/labemacosmetics.com\/#website"},"primaryImageOfPage":{"@id":"https:\/\/labemacosmetics.com\/en\/product\/eyeliner-gel-noir\/#primaryimage"},"image":{"@id":"https:\/\/labemacosmetics.com\/en\/product\/eyeliner-gel-noir\/#primaryimage"},"thumbnailUrl":"https:\/\/labemacosmetics.com\/wp-content\/uploads\/2020\/02\/gel-eyeliner-max-et-more.png","datePublished":"2020-03-06T12:09:18+00:00","dateModified":"2026-01-30T20:20:01+00:00","description":"Perfect Waterproof Eyeliner KitRiche et cr\u00e9meux ce gel tient toute la journ\u00e9e sans bavure.La bonne eye-liner professionnelle d\u00e9finit de fa\u00e7on experte vos yeux pour cr\u00e9er des regards smoky ou dramatique ais\u00e9ment.","breadcrumb":{"@id":"https:\/\/labemacosmetics.com\/en\/product\/eyeliner-gel-noir\/#breadcrumb"},"inLanguage":"en-GB","potentialAction":[{"@type":"ReadAction","target":["https:\/\/labemacosmetics.com\/en\/product\/eyeliner-gel-noir\/"]}]},{"@type":"ImageObject","inLanguage":"en-GB","@id":"https:\/\/labemacosmetics.com\/en\/product\/eyeliner-gel-noir\/#primaryimage","url":"https:\/\/labemacosmetics.com\/wp-content\/uploads\/2020\/02\/gel-eyeliner-max-et-more.png","contentUrl":"https:\/\/labemacosmetics.com\/wp-content\/uploads\/2020\/02\/gel-eyeliner-max-et-more.png","width":600,"height":726},{"@type":"BreadcrumbList","@id":"https:\/\/labemacosmetics.com\/en\/product\/eyeliner-gel-noir\/#breadcrumb","itemListElement":[{"@type":"ListItem","position":1,"name":"Accueil","item":"https:\/\/labemacosmetics.com\/"},{"@type":"ListItem","position":2,"name":"Produits","item":"https:\/\/labemacosmetics.com\/shop\/"},{"@type":"ListItem","position":3,"name":"MAX AND MORE Eyeliner Gel Noir"}]},{"@type":"WebSite","@id":"https:\/\/labemacosmetics.com\/#website","url":"https:\/\/labemacosmetics.com\/","name":"Lab&eacute;ma Cosmetics","description":"","potentialAction":[{"@type":"SearchAction","target":{"@type":"EntryPoint","urlTemplate":"https:\/\/labemacosmetics.com\/?s={search_term_string}"},"query-input":{"@type":"PropertyValueSpecification","valueRequired":true,"valueName":"search_term_string"}}],"inLanguage":"en-GB"}]},"product_brand":"max&amp;more","product_price_amount":"2000","product_price_currency":"XOF","og_availability":"backorder","product_availability":"available for order","product_condition":"new"},"_links":{"self":[{"href":"https:\/\/labemacosmetics.com\/en\/wp-json\/wp\/v2\/product\/6241","targetHints":{"allow":["GET"]}}],"collection":[{"href":"https:\/\/labemacosmetics.com\/en\/wp-json\/wp\/v2\/product"}],"about":[{"href":"https:\/\/labemacosmetics.com\/en\/wp-json\/wp\/v2\/types\/product"}],"replies":[{"embeddable":true,"href":"https:\/\/labemacosmetics.com\/en\/wp-json\/wp\/v2\/comments?post=6241"}],"version-history":[{"count":0,"href":"https:\/\/labemacosmetics.com\/en\/wp-json\/wp\/v2\/product\/6241\/revisions"}],"wp:featuredmedia":[{"embeddable":true,"href":"https:\/\/labemacosmetics.com\/en\/wp-json\/wp\/v2\/media\/6242"}],"wp:attachment":[{"href":"https:\/\/labemacosmetics.com\/en\/wp-json\/wp\/v2\/media?parent=6241"}],"wp:term":[{"taxonomy":"product_brand","embeddable":true,"href":"https:\/\/labemacosmetics.com\/en\/wp-json\/wp\/v2\/product_brand?post=6241"},{"taxonomy":"product_cat","embeddable":true,"href":"https:\/\/labemacosmetics.com\/en\/wp-json\/wp\/v2\/product_cat?post=6241"},{"taxonomy":"product_tag","embeddable":true,"href":"https:\/\/labemacosmetics.com\/en\/wp-json\/wp\/v2\/product_tag?post=6241"}],"curies":[{"name":"wp","href":"https:\/\/api.w.org\/{rel}","templated":true}]}}