{"id":6239,"date":"2020-03-06T13:10:56","date_gmt":"2020-03-06T12:10:56","guid":{"rendered":"https:\/\/www.labemacosmetics.com\/?post_type=product&#038;p=6239"},"modified":"2023-06-05T20:56:52","modified_gmt":"2023-06-05T19:56:52","slug":"masque-a-largile-detox-tout-type-de-peaux","status":"publish","type":"product","link":"https:\/\/labemacosmetics.com\/en\/product\/masque-a-largile-detox-tout-type-de-peaux\/","title":{"rendered":"BYPHASSE Masque \u00e0 l&rsquo;Argile D\u00e9tox &#8211; Tout Type De Peaux"},"content":{"rendered":"<div class=\"mod\" lang=\"fr-SN\" data-md=\"61\">\n<p class=\"LGOjhe\" role=\"heading\" aria-level=\"3\" data-hveid=\"CAwQAw\" data-attrid=\"wa:\/description\"><b>M<\/b><span class=\"ILfuVd\"><span class=\"e24Kjd\"><b>asque \u00e0 l&rsquo;argile D\u00e9tox<\/b>\u00a0Byphasse r\u00e9duit les effets de la pollution quotidienne et des agressions ext\u00e9rieures. Sa formule contient de la carnosine, un dipeptide pr\u00e9sent dans le tissu musculaire qui aide \u00e0 prot\u00e9ger la\u00a0<b>peau<\/b>\u00a0contre les radicaux libres en am\u00e9liorant sa d\u00e9sintoxication.<\/span><\/span><\/p>\n<h6 class=\"LGOjhe\" role=\"heading\" aria-level=\"3\" data-hveid=\"CAwQAw\" data-attrid=\"wa:\/description\"><span class=\"ILfuVd\" style=\"font-size: 12pt;\"><span class=\"e24Kjd\">Utilisation:<\/span><\/span><\/h6>\n<div class=\"descripciopp\">\n<p>Appliquer sur le visage sur une peau propre et s\u00e8che. Laisser agir pendant 15 \u00e0 20 minutes jusqu\u2019\u00e0 ce qu\u2019il durcisse. Rincer \u00e0 l\u2019eau ti\u00e8de jusqu\u2019\u00e0 ce qu\u2019il n\u2019y ait plus de r\u00e9sidus.<\/p>\n<p><strong>Les soins compl\u00e9mentaires :\u00a0<\/strong>R\u00e9aliser un soin multimasking avec nos 4 masques \u00e0 l\u2019argile en les adaptant aux besoins diff\u00e9rents de chaque zone de votre visage et b\u00e9n\u00e9ficier ainsi d\u2019un soin ultra cibl\u00e9 : detox, anti-imperfections et purifiant.<\/p>\n<div><\/div>\n<\/div>\n<div class=\"descripciopp iconos\"><\/div>\n<\/div>\n<div class=\"g\">\n<div data-hveid=\"CAwQBQ\" data-ved=\"2ahUKEwjz2aaLvffnAhXswcQBHSDRBvUQFSgAMAJ6BAgMEAU\">\n<p class=\"rc\">\n<\/div>\n<\/div>","protected":false},"excerpt":{"rendered":"<p class=\"LGOjhe\" role=\"heading\" aria-level=\"3\" data-hveid=\"CAwQAw\" data-attrid=\"wa:\/description\"><span class=\"ILfuVd\"><span class=\"e24Kjd\">Le\u00a0<b>masque \u00e0 l&rsquo;argile D\u00e9tox<\/b>\u00a0Byphasse r\u00e9duit les effets de la pollution quotidienne et des agressions ext\u00e9rieures. Sa formule contient de la carnosine, un dipeptide pr\u00e9sent dans le tissu musculaire qui aide \u00e0 prot\u00e9ger la\u00a0<b>peau<\/b>\u00a0contre les radicaux libres en am\u00e9liorant sa d\u00e9sintoxication.<\/span><\/span><\/p>","protected":false},"featured_media":6240,"comment_status":"open","ping_status":"closed","template":"","meta":{"om_disable_all_campaigns":false,"_mi_skip_tracking":false,"_monsterinsights_sitenote_active":false,"_monsterinsights_sitenote_note":"","_monsterinsights_sitenote_category":0},"product_brand":[],"product_cat":[127,1742,1747,515,514,516,517,512,128,513],"product_tag":[],"class_list":{"0":"post-6239","1":"product","2":"type-product","3":"status-publish","4":"has-post-thumbnail","6":"product_cat-boutique","7":"product_cat-masques","8":"product_cat-peaux-a-tendances-acneiques","9":"product_cat-peaux-mixtes-a-grasses","10":"product_cat-peaux-normales","11":"product_cat-peaux-seches","12":"product_cat-peaux-sensibles","13":"product_cat-produits-par-besoin","14":"product_cat-soin-de-visage","15":"product_cat-type-de-peau","16":"yith_product_brand-byphasse","18":"first","19":"outofstock","20":"shipping-taxable","21":"purchasable","22":"product-type-simple"},"yoast_head":"<!-- This site is optimized with the Yoast SEO Premium plugin v20.8 (Yoast SEO v27.4) - https:\/\/yoast.com\/product\/yoast-seo-premium-wordpress\/ -->\n<title>BYPHASSE Masque \u00e0 l&#039;Argile D\u00e9tox - Tout Type De Peaux - Lab&eacute;ma Cosmetics | Dakar<\/title>\n<meta name=\"description\" content=\"Le\u00a0masque \u00e0 l&#039;argile D\u00e9tox\u00a0Byphasse r\u00e9duit les effets de la pollution quotidienne et des agressions ext\u00e9rieures. Sa formule contient de la carnosine, un dipeptide pr\u00e9sent dans le tissu musculaire qui aide \u00e0 prot\u00e9ger la\u00a0peau\u00a0contre les radicaux libres en am\u00e9liorant sa d\u00e9sintoxication.\" \/>\n<meta name=\"robots\" content=\"index, follow, max-snippet:-1, max-image-preview:large, max-video-preview:-1\" \/>\n<link rel=\"canonical\" href=\"https:\/\/labemacosmetics.com\/en\/product\/masque-a-largile-detox-tout-type-de-peaux\/\" \/>\n<meta property=\"og:locale\" content=\"en_GB\" \/>\n<meta property=\"og:type\" content=\"article\" \/>\n<meta property=\"og:title\" content=\"BYPHASSE Masque \u00e0 l&#039;Argile D\u00e9tox - Tout Type De Peaux\" \/>\n<meta property=\"og:description\" content=\"Le\u00a0masque \u00e0 l&#039;argile D\u00e9tox\u00a0Byphasse r\u00e9duit les effets de la pollution quotidienne et des agressions ext\u00e9rieures. Sa formule contient de la carnosine, un dipeptide pr\u00e9sent dans le tissu musculaire qui aide \u00e0 prot\u00e9ger la\u00a0peau\u00a0contre les radicaux libres en am\u00e9liorant sa d\u00e9sintoxication.\" \/>\n<meta property=\"og:url\" content=\"https:\/\/labemacosmetics.com\/en\/product\/masque-a-largile-detox-tout-type-de-peaux\/\" \/>\n<meta property=\"og:site_name\" content=\"Lab&eacute;ma Cosmetics\" \/>\n<meta property=\"article:publisher\" content=\"http:\/\/www.facebook.com\/labemacosmetics\" \/>\n<meta property=\"article:modified_time\" content=\"2023-06-05T19:56:52+00:00\" \/>\n<meta property=\"og:image\" content=\"https:\/\/labemacosmetics.com\/wp-content\/uploads\/2020\/02\/byphasse-masque-detox.png\" \/>\n\t<meta property=\"og:image:width\" content=\"600\" \/>\n\t<meta property=\"og:image:height\" content=\"726\" \/>\n\t<meta property=\"og:image:type\" content=\"image\/png\" \/>\n<meta name=\"twitter:card\" content=\"summary_large_image\" \/>\n<meta name=\"twitter:site\" content=\"@Labemasn\" \/>\n<meta name=\"twitter:label1\" content=\"Price\" \/>\n\t<meta name=\"twitter:data1\" content=\"3 500&nbsp;CFA\" \/>\n\t<meta name=\"twitter:label2\" content=\"Availability\" \/>\n\t<meta name=\"twitter:data2\" content=\"Out of stock\" \/>\n<script type=\"application\/ld+json\" class=\"yoast-schema-graph\">{\"@context\":\"https:\\\/\\\/schema.org\",\"@graph\":[{\"@type\":\"WebPage\",\"@id\":\"https:\\\/\\\/labemacosmetics.com\\\/en\\\/product\\\/masque-a-largile-detox-tout-type-de-peaux\\\/\",\"url\":\"https:\\\/\\\/labemacosmetics.com\\\/en\\\/product\\\/masque-a-largile-detox-tout-type-de-peaux\\\/\",\"name\":\"BYPHASSE Masque \u00e0 l'Argile D\u00e9tox - Tout Type De Peaux - Lab&eacute;ma Cosmetics | Dakar\",\"isPartOf\":{\"@id\":\"https:\\\/\\\/labemacosmetics.com\\\/#website\"},\"primaryImageOfPage\":{\"@id\":\"https:\\\/\\\/labemacosmetics.com\\\/en\\\/product\\\/masque-a-largile-detox-tout-type-de-peaux\\\/#primaryimage\"},\"image\":{\"@id\":\"https:\\\/\\\/labemacosmetics.com\\\/en\\\/product\\\/masque-a-largile-detox-tout-type-de-peaux\\\/#primaryimage\"},\"thumbnailUrl\":\"https:\\\/\\\/labemacosmetics.com\\\/wp-content\\\/uploads\\\/2020\\\/02\\\/byphasse-masque-detox.png\",\"datePublished\":\"2020-03-06T12:10:56+00:00\",\"dateModified\":\"2023-06-05T19:56:52+00:00\",\"description\":\"Le\u00a0masque \u00e0 l'argile D\u00e9tox\u00a0Byphasse r\u00e9duit les effets de la pollution quotidienne et des agressions ext\u00e9rieures. Sa formule contient de la carnosine, un dipeptide pr\u00e9sent dans le tissu musculaire qui aide \u00e0 prot\u00e9ger la\u00a0peau\u00a0contre les radicaux libres en am\u00e9liorant sa d\u00e9sintoxication.\",\"breadcrumb\":{\"@id\":\"https:\\\/\\\/labemacosmetics.com\\\/en\\\/product\\\/masque-a-largile-detox-tout-type-de-peaux\\\/#breadcrumb\"},\"inLanguage\":\"en-GB\",\"potentialAction\":[{\"@type\":\"ReadAction\",\"target\":[\"https:\\\/\\\/labemacosmetics.com\\\/en\\\/product\\\/masque-a-largile-detox-tout-type-de-peaux\\\/\"]}]},{\"@type\":\"ImageObject\",\"inLanguage\":\"en-GB\",\"@id\":\"https:\\\/\\\/labemacosmetics.com\\\/en\\\/product\\\/masque-a-largile-detox-tout-type-de-peaux\\\/#primaryimage\",\"url\":\"https:\\\/\\\/labemacosmetics.com\\\/wp-content\\\/uploads\\\/2020\\\/02\\\/byphasse-masque-detox.png\",\"contentUrl\":\"https:\\\/\\\/labemacosmetics.com\\\/wp-content\\\/uploads\\\/2020\\\/02\\\/byphasse-masque-detox.png\",\"width\":600,\"height\":726},{\"@type\":\"BreadcrumbList\",\"@id\":\"https:\\\/\\\/labemacosmetics.com\\\/en\\\/product\\\/masque-a-largile-detox-tout-type-de-peaux\\\/#breadcrumb\",\"itemListElement\":[{\"@type\":\"ListItem\",\"position\":1,\"name\":\"Accueil\",\"item\":\"https:\\\/\\\/labemacosmetics.com\\\/\"},{\"@type\":\"ListItem\",\"position\":2,\"name\":\"Produits\",\"item\":\"https:\\\/\\\/labemacosmetics.com\\\/shop\\\/\"},{\"@type\":\"ListItem\",\"position\":3,\"name\":\"BYPHASSE Masque \u00e0 l&rsquo;Argile D\u00e9tox &#8211; Tout Type De Peaux\"}]},{\"@type\":\"WebSite\",\"@id\":\"https:\\\/\\\/labemacosmetics.com\\\/#website\",\"url\":\"https:\\\/\\\/labemacosmetics.com\\\/\",\"name\":\"Lab&eacute;ma Cosmetics\",\"description\":\"\",\"potentialAction\":[{\"@type\":\"SearchAction\",\"target\":{\"@type\":\"EntryPoint\",\"urlTemplate\":\"https:\\\/\\\/labemacosmetics.com\\\/?s={search_term_string}\"},\"query-input\":{\"@type\":\"PropertyValueSpecification\",\"valueRequired\":true,\"valueName\":\"search_term_string\"}}],\"inLanguage\":\"en-GB\"}]}<\/script>\n<meta property=\"product:brand\" content=\"Byphasse\" \/>\n<meta property=\"product:price:amount\" content=\"3500\" \/>\n<meta property=\"product:price:currency\" content=\"XOF\" \/>\n<meta property=\"og:availability\" content=\"out of stock\" \/>\n<meta property=\"product:availability\" content=\"out of stock\" \/>\n<meta property=\"product:condition\" content=\"new\" \/>\n<!-- \/ Yoast SEO Premium plugin. -->","yoast_head_json":{"title":"BYPHASSE Masque \u00e0 l'Argile D\u00e9tox - Tout Type De Peaux - Lab&eacute;ma Cosmetics | Dakar","description":"Le\u00a0masque \u00e0 l'argile D\u00e9tox\u00a0Byphasse r\u00e9duit les effets de la pollution quotidienne et des agressions ext\u00e9rieures. Sa formule contient de la carnosine, un dipeptide pr\u00e9sent dans le tissu musculaire qui aide \u00e0 prot\u00e9ger la\u00a0peau\u00a0contre les radicaux libres en am\u00e9liorant sa d\u00e9sintoxication.","robots":{"index":"index","follow":"follow","max-snippet":"max-snippet:-1","max-image-preview":"max-image-preview:large","max-video-preview":"max-video-preview:-1"},"canonical":"https:\/\/labemacosmetics.com\/en\/product\/masque-a-largile-detox-tout-type-de-peaux\/","og_locale":"en_GB","og_type":"article","og_title":"BYPHASSE Masque \u00e0 l'Argile D\u00e9tox - Tout Type De Peaux","og_description":"Le\u00a0masque \u00e0 l'argile D\u00e9tox\u00a0Byphasse r\u00e9duit les effets de la pollution quotidienne et des agressions ext\u00e9rieures. Sa formule contient de la carnosine, un dipeptide pr\u00e9sent dans le tissu musculaire qui aide \u00e0 prot\u00e9ger la\u00a0peau\u00a0contre les radicaux libres en am\u00e9liorant sa d\u00e9sintoxication.","og_url":"https:\/\/labemacosmetics.com\/en\/product\/masque-a-largile-detox-tout-type-de-peaux\/","og_site_name":"Lab&eacute;ma Cosmetics","article_publisher":"http:\/\/www.facebook.com\/labemacosmetics","article_modified_time":"2023-06-05T19:56:52+00:00","og_image":[{"width":600,"height":726,"url":"https:\/\/labemacosmetics.com\/wp-content\/uploads\/2020\/02\/byphasse-masque-detox.png","type":"image\/png"}],"twitter_card":"summary_large_image","twitter_site":"@Labemasn","twitter_misc":{"Price":"3 500&nbsp;CFA","Availability":"Out of stock"},"schema":{"@context":"https:\/\/schema.org","@graph":[{"@type":"WebPage","@id":"https:\/\/labemacosmetics.com\/en\/product\/masque-a-largile-detox-tout-type-de-peaux\/","url":"https:\/\/labemacosmetics.com\/en\/product\/masque-a-largile-detox-tout-type-de-peaux\/","name":"BYPHASSE Masque \u00e0 l'Argile D\u00e9tox - Tout Type De Peaux - Lab&eacute;ma Cosmetics | Dakar","isPartOf":{"@id":"https:\/\/labemacosmetics.com\/#website"},"primaryImageOfPage":{"@id":"https:\/\/labemacosmetics.com\/en\/product\/masque-a-largile-detox-tout-type-de-peaux\/#primaryimage"},"image":{"@id":"https:\/\/labemacosmetics.com\/en\/product\/masque-a-largile-detox-tout-type-de-peaux\/#primaryimage"},"thumbnailUrl":"https:\/\/labemacosmetics.com\/wp-content\/uploads\/2020\/02\/byphasse-masque-detox.png","datePublished":"2020-03-06T12:10:56+00:00","dateModified":"2023-06-05T19:56:52+00:00","description":"Le\u00a0masque \u00e0 l'argile D\u00e9tox\u00a0Byphasse r\u00e9duit les effets de la pollution quotidienne et des agressions ext\u00e9rieures. Sa formule contient de la carnosine, un dipeptide pr\u00e9sent dans le tissu musculaire qui aide \u00e0 prot\u00e9ger la\u00a0peau\u00a0contre les radicaux libres en am\u00e9liorant sa d\u00e9sintoxication.","breadcrumb":{"@id":"https:\/\/labemacosmetics.com\/en\/product\/masque-a-largile-detox-tout-type-de-peaux\/#breadcrumb"},"inLanguage":"en-GB","potentialAction":[{"@type":"ReadAction","target":["https:\/\/labemacosmetics.com\/en\/product\/masque-a-largile-detox-tout-type-de-peaux\/"]}]},{"@type":"ImageObject","inLanguage":"en-GB","@id":"https:\/\/labemacosmetics.com\/en\/product\/masque-a-largile-detox-tout-type-de-peaux\/#primaryimage","url":"https:\/\/labemacosmetics.com\/wp-content\/uploads\/2020\/02\/byphasse-masque-detox.png","contentUrl":"https:\/\/labemacosmetics.com\/wp-content\/uploads\/2020\/02\/byphasse-masque-detox.png","width":600,"height":726},{"@type":"BreadcrumbList","@id":"https:\/\/labemacosmetics.com\/en\/product\/masque-a-largile-detox-tout-type-de-peaux\/#breadcrumb","itemListElement":[{"@type":"ListItem","position":1,"name":"Accueil","item":"https:\/\/labemacosmetics.com\/"},{"@type":"ListItem","position":2,"name":"Produits","item":"https:\/\/labemacosmetics.com\/shop\/"},{"@type":"ListItem","position":3,"name":"BYPHASSE Masque \u00e0 l&rsquo;Argile D\u00e9tox &#8211; Tout Type De Peaux"}]},{"@type":"WebSite","@id":"https:\/\/labemacosmetics.com\/#website","url":"https:\/\/labemacosmetics.com\/","name":"Lab&eacute;ma Cosmetics","description":"","potentialAction":[{"@type":"SearchAction","target":{"@type":"EntryPoint","urlTemplate":"https:\/\/labemacosmetics.com\/?s={search_term_string}"},"query-input":{"@type":"PropertyValueSpecification","valueRequired":true,"valueName":"search_term_string"}}],"inLanguage":"en-GB"}]},"product_brand":"Byphasse","product_price_amount":"3500","product_price_currency":"XOF","og_availability":"out of stock","product_availability":"out of stock","product_condition":"new"},"_links":{"self":[{"href":"https:\/\/labemacosmetics.com\/en\/wp-json\/wp\/v2\/product\/6239","targetHints":{"allow":["GET"]}}],"collection":[{"href":"https:\/\/labemacosmetics.com\/en\/wp-json\/wp\/v2\/product"}],"about":[{"href":"https:\/\/labemacosmetics.com\/en\/wp-json\/wp\/v2\/types\/product"}],"replies":[{"embeddable":true,"href":"https:\/\/labemacosmetics.com\/en\/wp-json\/wp\/v2\/comments?post=6239"}],"version-history":[{"count":0,"href":"https:\/\/labemacosmetics.com\/en\/wp-json\/wp\/v2\/product\/6239\/revisions"}],"wp:featuredmedia":[{"embeddable":true,"href":"https:\/\/labemacosmetics.com\/en\/wp-json\/wp\/v2\/media\/6240"}],"wp:attachment":[{"href":"https:\/\/labemacosmetics.com\/en\/wp-json\/wp\/v2\/media?parent=6239"}],"wp:term":[{"taxonomy":"product_brand","embeddable":true,"href":"https:\/\/labemacosmetics.com\/en\/wp-json\/wp\/v2\/product_brand?post=6239"},{"taxonomy":"product_cat","embeddable":true,"href":"https:\/\/labemacosmetics.com\/en\/wp-json\/wp\/v2\/product_cat?post=6239"},{"taxonomy":"product_tag","embeddable":true,"href":"https:\/\/labemacosmetics.com\/en\/wp-json\/wp\/v2\/product_tag?post=6239"}],"curies":[{"name":"wp","href":"https:\/\/api.w.org\/{rel}","templated":true}]}}