{"id":6237,"date":"2020-03-06T13:05:09","date_gmt":"2020-03-06T12:05:09","guid":{"rendered":"https:\/\/www.labemacosmetics.com\/?post_type=product&#038;p=6237"},"modified":"2025-09-23T01:14:19","modified_gmt":"2025-09-23T00:14:19","slug":"gel-descargot-rd","status":"publish","type":"product","link":"https:\/\/labemacosmetics.com\/en\/product\/gel-descargot-rd\/","title":{"rendered":"Gel D&rsquo;Escargot"},"content":{"rendered":"<p>Gel d&rsquo;Escargot Slakkenwonder d&rsquo;Action est une cr\u00e8me qui ravira les personnes souhaitant se d\u00e9barrasser de leurs taches pigmentaires, de leurs boutons ou bien de leurs cicatrices r\u00e9calcitrantes. Cette cr\u00e8me a un v\u00e9ritable effet anti-\u00e2ge, puisqu&rsquo;elle permet de retarder le vieillissement de l&rsquo;\u00e9piderme, notamment gr\u00e2ce \u00e0 la bave d&rsquo;escargot qui est reconnue pour aider \u00e0 obtenir une peau saine et qui est un des ingr\u00e9dients principaux de ce produit. Tr\u00e8s adapt\u00e9 au mode de vie urbain, ce gel aide \u00e0 lutter contre les effets de la pollution sur la peau. Il a en effet des propri\u00e9t\u00e9s antioxydantes. Peu importe votre type de peau, le Gel d&rsquo;Escargot Slakkenwonder vous aidera \u00e0 lutter contre les effets de la pollution.<\/p>\n<h6><span style=\"font-size: 12pt;\">UTILISATION<\/span><\/h6>\n<p>Appliquer 2 fois par jour sur une peau nettoy\u00e9e. Attendre 2 minutes que le\u00a0<b>gel<\/b>\u00a0soit totalement absorb\u00e9. Se maquiller (ou pas). Ne pas s&rsquo;exposer en plein soleil juste apr\u00e8s avoir appliqu\u00e9 le\u00a0<b>ge<\/b><\/p>","protected":false},"excerpt":{"rendered":"<p>Gel d&rsquo;Escargot Slakkenwonder d&rsquo;Action est une cr\u00e8me qui ravira les personnes souhaitant se d\u00e9barrasser de leurs taches pigmentaires, de leurs boutons ou bien de leurs cicatrices r\u00e9calcitrantes. Cette cr\u00e8me a un v\u00e9ritable effet anti-\u00e2ge, puisqu&rsquo;elle permet de retarder le vieillissement de l&rsquo;\u00e9piderme, notamment gr\u00e2ce \u00e0 la bave d&rsquo;escargot qui est reconnue pour aider \u00e0 obtenir [&hellip;]<\/p>\n","protected":false},"featured_media":6238,"comment_status":"open","ping_status":"closed","template":"","meta":{"om_disable_all_campaigns":false,"_mi_skip_tracking":false,"_monsterinsights_sitenote_active":false,"_monsterinsights_sitenote_note":"","_monsterinsights_sitenote_category":0},"product_brand":[],"product_cat":[127,131,1747,515,514,516,517,512,527,128,1748,1778,513],"product_tag":[],"class_list":{"0":"post-6237","1":"product","2":"type-product","3":"status-publish","4":"has-post-thumbnail","6":"product_cat-boutique","7":"product_cat-corps-cheveux","8":"product_cat-peaux-a-tendances-acneiques","9":"product_cat-peaux-mixtes-a-grasses","10":"product_cat-peaux-normales","11":"product_cat-peaux-seches","12":"product_cat-peaux-sensibles","13":"product_cat-produits-par-besoin","14":"product_cat-anti-vergeture","15":"product_cat-soin-de-visage","16":"product_cat-soins-anti-taches","17":"product_cat-soins-cibles","18":"product_cat-type-de-peau","19":"yith_product_brand-rd","21":"first","22":"outofstock","23":"shipping-taxable","24":"purchasable","25":"product-type-simple"},"yoast_head":"<!-- This site is optimized with the Yoast SEO Premium plugin v20.8 (Yoast SEO v27.3) - https:\/\/yoast.com\/product\/yoast-seo-premium-wordpress\/ -->\n<title>Gel D&#039;Escargot - Lab&eacute;ma Cosmetics | Dakar<\/title>\n<meta name=\"description\" content=\"Le Gel d&#039;Escargot Slakkenwonder d&#039;Action est une cr\u00e8me qui ravira les personnes souhaitant se d\u00e9barrasser de leurs taches pigmentaires, de leurs boutons ou bien de leurs cicatrices r\u00e9calcitrantes. Cette cr\u00e8me a un v\u00e9ritable effet anti-\u00e2ge, puisqu&#039;elle permet de retarder le vieillissement de l&#039;\u00e9piderme\" \/>\n<meta name=\"robots\" content=\"index, follow, max-snippet:-1, max-image-preview:large, max-video-preview:-1\" \/>\n<link rel=\"canonical\" href=\"https:\/\/labemacosmetics.com\/en\/product\/gel-descargot-rd\/\" \/>\n<meta property=\"og:locale\" content=\"en_GB\" \/>\n<meta property=\"og:type\" content=\"article\" \/>\n<meta property=\"og:title\" content=\"Gel D&#039;Escargot\" \/>\n<meta property=\"og:description\" content=\"Le Gel d&#039;Escargot Slakkenwonder d&#039;Action est une cr\u00e8me qui ravira les personnes souhaitant se d\u00e9barrasser de leurs taches pigmentaires, de leurs boutons ou bien de leurs cicatrices r\u00e9calcitrantes. Cette cr\u00e8me a un v\u00e9ritable effet anti-\u00e2ge, puisqu&#039;elle permet de retarder le vieillissement de l&#039;\u00e9piderme\" \/>\n<meta property=\"og:url\" content=\"https:\/\/labemacosmetics.com\/en\/product\/gel-descargot-rd\/\" \/>\n<meta property=\"og:site_name\" content=\"Lab&eacute;ma Cosmetics\" \/>\n<meta property=\"article:publisher\" content=\"http:\/\/www.facebook.com\/labemacosmetics\" \/>\n<meta property=\"article:modified_time\" content=\"2025-09-23T00:14:19+00:00\" \/>\n<meta property=\"og:image\" content=\"https:\/\/labemacosmetics.com\/wp-content\/uploads\/2020\/02\/masque-escargot.png\" \/>\n\t<meta property=\"og:image:width\" content=\"600\" \/>\n\t<meta property=\"og:image:height\" content=\"726\" \/>\n\t<meta property=\"og:image:type\" content=\"image\/png\" \/>\n<meta name=\"twitter:card\" content=\"summary_large_image\" \/>\n<meta name=\"twitter:site\" content=\"@Labemasn\" \/>\n<meta name=\"twitter:label1\" content=\"Price\" \/>\n\t<meta name=\"twitter:data1\" content=\"4 000&nbsp;CFA\" \/>\n\t<meta name=\"twitter:label2\" content=\"Availability\" \/>\n\t<meta name=\"twitter:data2\" content=\"Out of stock\" \/>\n<script type=\"application\/ld+json\" class=\"yoast-schema-graph\">{\"@context\":\"https:\\\/\\\/schema.org\",\"@graph\":[{\"@type\":\"WebPage\",\"@id\":\"https:\\\/\\\/labemacosmetics.com\\\/produit\\\/gel-descargot-rd\\\/\",\"url\":\"https:\\\/\\\/labemacosmetics.com\\\/produit\\\/gel-descargot-rd\\\/\",\"name\":\"Gel D'Escargot - Lab&eacute;ma Cosmetics | Dakar\",\"isPartOf\":{\"@id\":\"https:\\\/\\\/labemacosmetics.com\\\/#website\"},\"primaryImageOfPage\":{\"@id\":\"https:\\\/\\\/labemacosmetics.com\\\/produit\\\/gel-descargot-rd\\\/#primaryimage\"},\"image\":{\"@id\":\"https:\\\/\\\/labemacosmetics.com\\\/produit\\\/gel-descargot-rd\\\/#primaryimage\"},\"thumbnailUrl\":\"https:\\\/\\\/labemacosmetics.com\\\/wp-content\\\/uploads\\\/2020\\\/02\\\/masque-escargot.png\",\"datePublished\":\"2020-03-06T12:05:09+00:00\",\"dateModified\":\"2025-09-23T00:14:19+00:00\",\"description\":\"Le Gel d'Escargot Slakkenwonder d'Action est une cr\u00e8me qui ravira les personnes souhaitant se d\u00e9barrasser de leurs taches pigmentaires, de leurs boutons ou bien de leurs cicatrices r\u00e9calcitrantes. Cette cr\u00e8me a un v\u00e9ritable effet anti-\u00e2ge, puisqu'elle permet de retarder le vieillissement de l'\u00e9piderme\",\"breadcrumb\":{\"@id\":\"https:\\\/\\\/labemacosmetics.com\\\/produit\\\/gel-descargot-rd\\\/#breadcrumb\"},\"inLanguage\":\"en-GB\",\"potentialAction\":[{\"@type\":\"ReadAction\",\"target\":[\"https:\\\/\\\/labemacosmetics.com\\\/produit\\\/gel-descargot-rd\\\/\"]}]},{\"@type\":\"ImageObject\",\"inLanguage\":\"en-GB\",\"@id\":\"https:\\\/\\\/labemacosmetics.com\\\/produit\\\/gel-descargot-rd\\\/#primaryimage\",\"url\":\"https:\\\/\\\/labemacosmetics.com\\\/wp-content\\\/uploads\\\/2020\\\/02\\\/masque-escargot.png\",\"contentUrl\":\"https:\\\/\\\/labemacosmetics.com\\\/wp-content\\\/uploads\\\/2020\\\/02\\\/masque-escargot.png\",\"width\":600,\"height\":726},{\"@type\":\"BreadcrumbList\",\"@id\":\"https:\\\/\\\/labemacosmetics.com\\\/produit\\\/gel-descargot-rd\\\/#breadcrumb\",\"itemListElement\":[{\"@type\":\"ListItem\",\"position\":1,\"name\":\"Accueil\",\"item\":\"https:\\\/\\\/labemacosmetics.com\\\/\"},{\"@type\":\"ListItem\",\"position\":2,\"name\":\"Produits\",\"item\":\"https:\\\/\\\/labemacosmetics.com\\\/shop\\\/\"},{\"@type\":\"ListItem\",\"position\":3,\"name\":\"Gel D&rsquo;Escargot\"}]},{\"@type\":\"WebSite\",\"@id\":\"https:\\\/\\\/labemacosmetics.com\\\/#website\",\"url\":\"https:\\\/\\\/labemacosmetics.com\\\/\",\"name\":\"Lab&eacute;ma Cosmetics\",\"description\":\"\",\"potentialAction\":[{\"@type\":\"SearchAction\",\"target\":{\"@type\":\"EntryPoint\",\"urlTemplate\":\"https:\\\/\\\/labemacosmetics.com\\\/?s={search_term_string}\"},\"query-input\":{\"@type\":\"PropertyValueSpecification\",\"valueRequired\":true,\"valueName\":\"search_term_string\"}}],\"inLanguage\":\"en-GB\"}]}<\/script>\n<meta property=\"product:brand\" content=\"R&amp;D\" \/>\n<meta property=\"product:price:amount\" content=\"4000\" \/>\n<meta property=\"product:price:currency\" content=\"XOF\" \/>\n<meta property=\"og:availability\" content=\"out of stock\" \/>\n<meta property=\"product:availability\" content=\"out of stock\" \/>\n<meta property=\"product:condition\" content=\"new\" \/>\n<!-- \/ Yoast SEO Premium plugin. -->","yoast_head_json":{"title":"Gel D'Escargot - Lab&eacute;ma Cosmetics | Dakar","description":"Le Gel d'Escargot Slakkenwonder d'Action est une cr\u00e8me qui ravira les personnes souhaitant se d\u00e9barrasser de leurs taches pigmentaires, de leurs boutons ou bien de leurs cicatrices r\u00e9calcitrantes. Cette cr\u00e8me a un v\u00e9ritable effet anti-\u00e2ge, puisqu'elle permet de retarder le vieillissement de l'\u00e9piderme","robots":{"index":"index","follow":"follow","max-snippet":"max-snippet:-1","max-image-preview":"max-image-preview:large","max-video-preview":"max-video-preview:-1"},"canonical":"https:\/\/labemacosmetics.com\/en\/product\/gel-descargot-rd\/","og_locale":"en_GB","og_type":"article","og_title":"Gel D'Escargot","og_description":"Le Gel d'Escargot Slakkenwonder d'Action est une cr\u00e8me qui ravira les personnes souhaitant se d\u00e9barrasser de leurs taches pigmentaires, de leurs boutons ou bien de leurs cicatrices r\u00e9calcitrantes. Cette cr\u00e8me a un v\u00e9ritable effet anti-\u00e2ge, puisqu'elle permet de retarder le vieillissement de l'\u00e9piderme","og_url":"https:\/\/labemacosmetics.com\/en\/product\/gel-descargot-rd\/","og_site_name":"Lab&eacute;ma Cosmetics","article_publisher":"http:\/\/www.facebook.com\/labemacosmetics","article_modified_time":"2025-09-23T00:14:19+00:00","og_image":[{"width":600,"height":726,"url":"https:\/\/labemacosmetics.com\/wp-content\/uploads\/2020\/02\/masque-escargot.png","type":"image\/png"}],"twitter_card":"summary_large_image","twitter_site":"@Labemasn","twitter_misc":{"Price":"4 000&nbsp;CFA","Availability":"Out of stock"},"schema":{"@context":"https:\/\/schema.org","@graph":[{"@type":"WebPage","@id":"https:\/\/labemacosmetics.com\/produit\/gel-descargot-rd\/","url":"https:\/\/labemacosmetics.com\/produit\/gel-descargot-rd\/","name":"Gel D'Escargot - Lab&eacute;ma Cosmetics | Dakar","isPartOf":{"@id":"https:\/\/labemacosmetics.com\/#website"},"primaryImageOfPage":{"@id":"https:\/\/labemacosmetics.com\/produit\/gel-descargot-rd\/#primaryimage"},"image":{"@id":"https:\/\/labemacosmetics.com\/produit\/gel-descargot-rd\/#primaryimage"},"thumbnailUrl":"https:\/\/labemacosmetics.com\/wp-content\/uploads\/2020\/02\/masque-escargot.png","datePublished":"2020-03-06T12:05:09+00:00","dateModified":"2025-09-23T00:14:19+00:00","description":"Le Gel d'Escargot Slakkenwonder d'Action est une cr\u00e8me qui ravira les personnes souhaitant se d\u00e9barrasser de leurs taches pigmentaires, de leurs boutons ou bien de leurs cicatrices r\u00e9calcitrantes. Cette cr\u00e8me a un v\u00e9ritable effet anti-\u00e2ge, puisqu'elle permet de retarder le vieillissement de l'\u00e9piderme","breadcrumb":{"@id":"https:\/\/labemacosmetics.com\/produit\/gel-descargot-rd\/#breadcrumb"},"inLanguage":"en-GB","potentialAction":[{"@type":"ReadAction","target":["https:\/\/labemacosmetics.com\/produit\/gel-descargot-rd\/"]}]},{"@type":"ImageObject","inLanguage":"en-GB","@id":"https:\/\/labemacosmetics.com\/produit\/gel-descargot-rd\/#primaryimage","url":"https:\/\/labemacosmetics.com\/wp-content\/uploads\/2020\/02\/masque-escargot.png","contentUrl":"https:\/\/labemacosmetics.com\/wp-content\/uploads\/2020\/02\/masque-escargot.png","width":600,"height":726},{"@type":"BreadcrumbList","@id":"https:\/\/labemacosmetics.com\/produit\/gel-descargot-rd\/#breadcrumb","itemListElement":[{"@type":"ListItem","position":1,"name":"Accueil","item":"https:\/\/labemacosmetics.com\/"},{"@type":"ListItem","position":2,"name":"Produits","item":"https:\/\/labemacosmetics.com\/shop\/"},{"@type":"ListItem","position":3,"name":"Gel D&rsquo;Escargot"}]},{"@type":"WebSite","@id":"https:\/\/labemacosmetics.com\/#website","url":"https:\/\/labemacosmetics.com\/","name":"Lab&eacute;ma Cosmetics","description":"","potentialAction":[{"@type":"SearchAction","target":{"@type":"EntryPoint","urlTemplate":"https:\/\/labemacosmetics.com\/?s={search_term_string}"},"query-input":{"@type":"PropertyValueSpecification","valueRequired":true,"valueName":"search_term_string"}}],"inLanguage":"en-GB"}]},"product_brand":"R&amp;D","product_price_amount":"4000","product_price_currency":"XOF","og_availability":"out of stock","product_availability":"out of stock","product_condition":"new"},"_links":{"self":[{"href":"https:\/\/labemacosmetics.com\/en\/wp-json\/wp\/v2\/product\/6237","targetHints":{"allow":["GET"]}}],"collection":[{"href":"https:\/\/labemacosmetics.com\/en\/wp-json\/wp\/v2\/product"}],"about":[{"href":"https:\/\/labemacosmetics.com\/en\/wp-json\/wp\/v2\/types\/product"}],"replies":[{"embeddable":true,"href":"https:\/\/labemacosmetics.com\/en\/wp-json\/wp\/v2\/comments?post=6237"}],"version-history":[{"count":0,"href":"https:\/\/labemacosmetics.com\/en\/wp-json\/wp\/v2\/product\/6237\/revisions"}],"wp:featuredmedia":[{"embeddable":true,"href":"https:\/\/labemacosmetics.com\/en\/wp-json\/wp\/v2\/media\/6238"}],"wp:attachment":[{"href":"https:\/\/labemacosmetics.com\/en\/wp-json\/wp\/v2\/media?parent=6237"}],"wp:term":[{"taxonomy":"product_brand","embeddable":true,"href":"https:\/\/labemacosmetics.com\/en\/wp-json\/wp\/v2\/product_brand?post=6237"},{"taxonomy":"product_cat","embeddable":true,"href":"https:\/\/labemacosmetics.com\/en\/wp-json\/wp\/v2\/product_cat?post=6237"},{"taxonomy":"product_tag","embeddable":true,"href":"https:\/\/labemacosmetics.com\/en\/wp-json\/wp\/v2\/product_tag?post=6237"}],"curies":[{"name":"wp","href":"https:\/\/api.w.org\/{rel}","templated":true}]}}