{"id":6233,"date":"2020-03-06T13:15:20","date_gmt":"2020-03-06T12:15:20","guid":{"rendered":"https:\/\/www.labemacosmetics.com\/?post_type=product&#038;p=6233"},"modified":"2023-05-21T13:40:47","modified_gmt":"2023-05-21T12:40:47","slug":"gommage-purifiant-sucre-de-soin","status":"publish","type":"product","link":"https:\/\/labemacosmetics.com\/en\/product\/gommage-purifiant-sucre-de-soin\/","title":{"rendered":"L&rsquo;OREAL Gommage Purifiant Sucre de Soin"},"content":{"rendered":"<p>Les Laboratoires L&rsquo;Or\u00e9al Paris ont s\u00e9lectionn\u00e9 3 sucres fins (brun, blond et blanc) et les ont associ\u00e9s aux P\u00e9pins de kiwi, pour offrir dans un gommage visage et l\u00e8vres, une exfoliation intense et un soin exceptionnel.<\/p>\n<p>Des ingr\u00e9dients purifiants :<br \/>\nLes P\u00e9pins de kiwi pour lisser le grain de peau et r\u00e9duire visiblement les points noirs.<br \/>\nL&rsquo;Huile essentielle de menthe poivr\u00e9e pour ses propri\u00e9t\u00e9s apaisantes et son action anti-imperfections.<br \/>\nL&rsquo;Huile essentielle de citronnelle pour purifier la peau.<\/p>\n<p>Une texture d\u00e9licate et sensorielle :<br \/>\nSa texture douce et d\u00e9licatement parfum\u00e9e offre une exp\u00e9rience de gommage unique.<br \/>\nLa peau est instantan\u00e9ment exfoli\u00e9e, purifi\u00e9e et les points noirs r\u00e9duits pour une peau douce et fra\u00eeche.<\/p>\n<h6><span style=\"font-size: 12pt;\">UTILISATION<\/span><\/h6>\n<p>Appliquer 3 fois par semaine sur un visage propre. Pr\u00e9lever le produit avec des mains s\u00e8ches. Pour une exfoliation plus douce, humidifier l\u00e9g\u00e8rement les doigts pour masser. Quand les sucres ont fondu, rincer le visage \u00e0 l&rsquo;eau ti\u00e8de.<br \/>\nS&rsquo;utilise \u00e9galement sur les l\u00e8vres pour affiner les contours et am\u00e9liorer la tenue du maquillage.<br \/>\nEviter le contour des yeux et les l\u00e8vres gerc\u00e9es.<\/p>","protected":false},"excerpt":{"rendered":"<p>Les Laboratoires L&rsquo;Or\u00e9al Paris ont s\u00e9lectionn\u00e9 3 sucres fins (brun, blond et blanc) et les ont associ\u00e9s aux P\u00e9pins de kiwi, pour offrir dans un gommage visage et l\u00e8vres, une exfoliation intense et un soin exceptionnel.<\/p>","protected":false},"featured_media":6234,"comment_status":"open","ping_status":"closed","template":"","meta":{"om_disable_all_campaigns":false,"_mi_skip_tracking":false,"_monsterinsights_sitenote_active":false,"_monsterinsights_sitenote_note":"","_monsterinsights_sitenote_category":0},"product_brand":[],"product_cat":[127,520,1747,515,514,516,517,512,128,513],"product_tag":[],"class_list":{"0":"post-6233","1":"product","2":"type-product","3":"status-publish","4":"has-post-thumbnail","6":"product_cat-boutique","7":"product_cat-gommage-peeling","8":"product_cat-peaux-a-tendances-acneiques","9":"product_cat-peaux-mixtes-a-grasses","10":"product_cat-peaux-normales","11":"product_cat-peaux-seches","12":"product_cat-peaux-sensibles","13":"product_cat-produits-par-besoin","14":"product_cat-soin-de-visage","15":"product_cat-type-de-peau","16":"yith_product_brand-loreal","18":"first","19":"outofstock","20":"shipping-taxable","21":"purchasable","22":"product-type-simple"},"yoast_head":"<!-- This site is optimized with the Yoast SEO Premium plugin v20.8 (Yoast SEO v27.4) - https:\/\/yoast.com\/product\/yoast-seo-premium-wordpress\/ -->\n<title>L&#039;OREAL Gommage Purifiant Sucre de Soin - Lab&eacute;ma Cosmetics | Dakar<\/title>\n<meta name=\"description\" content=\"Les Laboratoires L&#039;Or\u00e9al Paris ont s\u00e9lectionn\u00e9 3 sucres fins (brun, blond et blanc) et les ont associ\u00e9s aux P\u00e9pins de kiwi, pour offrir dans un gommage visage et l\u00e8vres, une exfoliation intense et un soin exceptionnel.\" \/>\n<meta name=\"robots\" content=\"index, follow, max-snippet:-1, max-image-preview:large, max-video-preview:-1\" \/>\n<link rel=\"canonical\" href=\"https:\/\/labemacosmetics.com\/en\/product\/gommage-purifiant-sucre-de-soin\/\" \/>\n<meta property=\"og:locale\" content=\"en_GB\" \/>\n<meta property=\"og:type\" content=\"article\" \/>\n<meta property=\"og:title\" content=\"L&#039;OREAL Gommage Purifiant Sucre de Soin\" \/>\n<meta property=\"og:description\" content=\"Les Laboratoires L&#039;Or\u00e9al Paris ont s\u00e9lectionn\u00e9 3 sucres fins (brun, blond et blanc) et les ont associ\u00e9s aux P\u00e9pins de kiwi, pour offrir dans un gommage visage et l\u00e8vres, une exfoliation intense et un soin exceptionnel.\" \/>\n<meta property=\"og:url\" content=\"https:\/\/labemacosmetics.com\/en\/product\/gommage-purifiant-sucre-de-soin\/\" \/>\n<meta property=\"og:site_name\" content=\"Lab&eacute;ma Cosmetics\" \/>\n<meta property=\"article:publisher\" content=\"http:\/\/www.facebook.com\/labemacosmetics\" \/>\n<meta property=\"article:modified_time\" content=\"2023-05-21T12:40:47+00:00\" \/>\n<meta property=\"og:image\" content=\"https:\/\/labemacosmetics.com\/wp-content\/uploads\/2020\/02\/gommage-anti-fatigue-sucre.png\" \/>\n\t<meta property=\"og:image:width\" content=\"600\" \/>\n\t<meta property=\"og:image:height\" content=\"726\" \/>\n\t<meta property=\"og:image:type\" content=\"image\/png\" \/>\n<meta name=\"twitter:card\" content=\"summary_large_image\" \/>\n<meta name=\"twitter:site\" content=\"@Labemasn\" \/>\n<meta name=\"twitter:label1\" content=\"Price\" \/>\n\t<meta name=\"twitter:data1\" content=\"6 500&nbsp;CFA\" \/>\n\t<meta name=\"twitter:label2\" content=\"Availability\" \/>\n\t<meta name=\"twitter:data2\" content=\"Out of stock\" \/>\n<script type=\"application\/ld+json\" class=\"yoast-schema-graph\">{\"@context\":\"https:\\\/\\\/schema.org\",\"@graph\":[{\"@type\":\"WebPage\",\"@id\":\"https:\\\/\\\/labemacosmetics.com\\\/produit\\\/gommage-purifiant-sucre-de-soin\\\/\",\"url\":\"https:\\\/\\\/labemacosmetics.com\\\/produit\\\/gommage-purifiant-sucre-de-soin\\\/\",\"name\":\"L'OREAL Gommage Purifiant Sucre de Soin - Lab&eacute;ma Cosmetics | Dakar\",\"isPartOf\":{\"@id\":\"https:\\\/\\\/labemacosmetics.com\\\/#website\"},\"primaryImageOfPage\":{\"@id\":\"https:\\\/\\\/labemacosmetics.com\\\/produit\\\/gommage-purifiant-sucre-de-soin\\\/#primaryimage\"},\"image\":{\"@id\":\"https:\\\/\\\/labemacosmetics.com\\\/produit\\\/gommage-purifiant-sucre-de-soin\\\/#primaryimage\"},\"thumbnailUrl\":\"https:\\\/\\\/labemacosmetics.com\\\/wp-content\\\/uploads\\\/2020\\\/02\\\/gommage-anti-fatigue-sucre.png\",\"datePublished\":\"2020-03-06T12:15:20+00:00\",\"dateModified\":\"2023-05-21T12:40:47+00:00\",\"description\":\"Les Laboratoires L'Or\u00e9al Paris ont s\u00e9lectionn\u00e9 3 sucres fins (brun, blond et blanc) et les ont associ\u00e9s aux P\u00e9pins de kiwi, pour offrir dans un gommage visage et l\u00e8vres, une exfoliation intense et un soin exceptionnel.\",\"breadcrumb\":{\"@id\":\"https:\\\/\\\/labemacosmetics.com\\\/produit\\\/gommage-purifiant-sucre-de-soin\\\/#breadcrumb\"},\"inLanguage\":\"en-GB\",\"potentialAction\":[{\"@type\":\"ReadAction\",\"target\":[\"https:\\\/\\\/labemacosmetics.com\\\/produit\\\/gommage-purifiant-sucre-de-soin\\\/\"]}]},{\"@type\":\"ImageObject\",\"inLanguage\":\"en-GB\",\"@id\":\"https:\\\/\\\/labemacosmetics.com\\\/produit\\\/gommage-purifiant-sucre-de-soin\\\/#primaryimage\",\"url\":\"https:\\\/\\\/labemacosmetics.com\\\/wp-content\\\/uploads\\\/2020\\\/02\\\/gommage-anti-fatigue-sucre.png\",\"contentUrl\":\"https:\\\/\\\/labemacosmetics.com\\\/wp-content\\\/uploads\\\/2020\\\/02\\\/gommage-anti-fatigue-sucre.png\",\"width\":600,\"height\":726},{\"@type\":\"BreadcrumbList\",\"@id\":\"https:\\\/\\\/labemacosmetics.com\\\/produit\\\/gommage-purifiant-sucre-de-soin\\\/#breadcrumb\",\"itemListElement\":[{\"@type\":\"ListItem\",\"position\":1,\"name\":\"Accueil\",\"item\":\"https:\\\/\\\/labemacosmetics.com\\\/\"},{\"@type\":\"ListItem\",\"position\":2,\"name\":\"Produits\",\"item\":\"https:\\\/\\\/labemacosmetics.com\\\/shop\\\/\"},{\"@type\":\"ListItem\",\"position\":3,\"name\":\"L&rsquo;OREAL Gommage Purifiant Sucre de Soin\"}]},{\"@type\":\"WebSite\",\"@id\":\"https:\\\/\\\/labemacosmetics.com\\\/#website\",\"url\":\"https:\\\/\\\/labemacosmetics.com\\\/\",\"name\":\"Lab&eacute;ma Cosmetics\",\"description\":\"\",\"potentialAction\":[{\"@type\":\"SearchAction\",\"target\":{\"@type\":\"EntryPoint\",\"urlTemplate\":\"https:\\\/\\\/labemacosmetics.com\\\/?s={search_term_string}\"},\"query-input\":{\"@type\":\"PropertyValueSpecification\",\"valueRequired\":true,\"valueName\":\"search_term_string\"}}],\"inLanguage\":\"en-GB\"}]}<\/script>\n<meta property=\"product:brand\" content=\"L&#039;Or\u00e9al\" \/>\n<meta property=\"product:price:amount\" content=\"6500\" \/>\n<meta property=\"product:price:currency\" content=\"XOF\" \/>\n<meta property=\"og:availability\" content=\"out of stock\" \/>\n<meta property=\"product:availability\" content=\"out of stock\" \/>\n<meta property=\"product:condition\" content=\"new\" \/>\n<!-- \/ Yoast SEO Premium plugin. -->","yoast_head_json":{"title":"L'OREAL Gommage Purifiant Sucre de Soin - Lab&eacute;ma Cosmetics | Dakar","description":"Les Laboratoires L'Or\u00e9al Paris ont s\u00e9lectionn\u00e9 3 sucres fins (brun, blond et blanc) et les ont associ\u00e9s aux P\u00e9pins de kiwi, pour offrir dans un gommage visage et l\u00e8vres, une exfoliation intense et un soin exceptionnel.","robots":{"index":"index","follow":"follow","max-snippet":"max-snippet:-1","max-image-preview":"max-image-preview:large","max-video-preview":"max-video-preview:-1"},"canonical":"https:\/\/labemacosmetics.com\/en\/product\/gommage-purifiant-sucre-de-soin\/","og_locale":"en_GB","og_type":"article","og_title":"L'OREAL Gommage Purifiant Sucre de Soin","og_description":"Les Laboratoires L'Or\u00e9al Paris ont s\u00e9lectionn\u00e9 3 sucres fins (brun, blond et blanc) et les ont associ\u00e9s aux P\u00e9pins de kiwi, pour offrir dans un gommage visage et l\u00e8vres, une exfoliation intense et un soin exceptionnel.","og_url":"https:\/\/labemacosmetics.com\/en\/product\/gommage-purifiant-sucre-de-soin\/","og_site_name":"Lab&eacute;ma Cosmetics","article_publisher":"http:\/\/www.facebook.com\/labemacosmetics","article_modified_time":"2023-05-21T12:40:47+00:00","og_image":[{"width":600,"height":726,"url":"https:\/\/labemacosmetics.com\/wp-content\/uploads\/2020\/02\/gommage-anti-fatigue-sucre.png","type":"image\/png"}],"twitter_card":"summary_large_image","twitter_site":"@Labemasn","twitter_misc":{"Price":"6 500&nbsp;CFA","Availability":"Out of stock"},"schema":{"@context":"https:\/\/schema.org","@graph":[{"@type":"WebPage","@id":"https:\/\/labemacosmetics.com\/produit\/gommage-purifiant-sucre-de-soin\/","url":"https:\/\/labemacosmetics.com\/produit\/gommage-purifiant-sucre-de-soin\/","name":"L'OREAL Gommage Purifiant Sucre de Soin - Lab&eacute;ma Cosmetics | Dakar","isPartOf":{"@id":"https:\/\/labemacosmetics.com\/#website"},"primaryImageOfPage":{"@id":"https:\/\/labemacosmetics.com\/produit\/gommage-purifiant-sucre-de-soin\/#primaryimage"},"image":{"@id":"https:\/\/labemacosmetics.com\/produit\/gommage-purifiant-sucre-de-soin\/#primaryimage"},"thumbnailUrl":"https:\/\/labemacosmetics.com\/wp-content\/uploads\/2020\/02\/gommage-anti-fatigue-sucre.png","datePublished":"2020-03-06T12:15:20+00:00","dateModified":"2023-05-21T12:40:47+00:00","description":"Les Laboratoires L'Or\u00e9al Paris ont s\u00e9lectionn\u00e9 3 sucres fins (brun, blond et blanc) et les ont associ\u00e9s aux P\u00e9pins de kiwi, pour offrir dans un gommage visage et l\u00e8vres, une exfoliation intense et un soin exceptionnel.","breadcrumb":{"@id":"https:\/\/labemacosmetics.com\/produit\/gommage-purifiant-sucre-de-soin\/#breadcrumb"},"inLanguage":"en-GB","potentialAction":[{"@type":"ReadAction","target":["https:\/\/labemacosmetics.com\/produit\/gommage-purifiant-sucre-de-soin\/"]}]},{"@type":"ImageObject","inLanguage":"en-GB","@id":"https:\/\/labemacosmetics.com\/produit\/gommage-purifiant-sucre-de-soin\/#primaryimage","url":"https:\/\/labemacosmetics.com\/wp-content\/uploads\/2020\/02\/gommage-anti-fatigue-sucre.png","contentUrl":"https:\/\/labemacosmetics.com\/wp-content\/uploads\/2020\/02\/gommage-anti-fatigue-sucre.png","width":600,"height":726},{"@type":"BreadcrumbList","@id":"https:\/\/labemacosmetics.com\/produit\/gommage-purifiant-sucre-de-soin\/#breadcrumb","itemListElement":[{"@type":"ListItem","position":1,"name":"Accueil","item":"https:\/\/labemacosmetics.com\/"},{"@type":"ListItem","position":2,"name":"Produits","item":"https:\/\/labemacosmetics.com\/shop\/"},{"@type":"ListItem","position":3,"name":"L&rsquo;OREAL Gommage Purifiant Sucre de Soin"}]},{"@type":"WebSite","@id":"https:\/\/labemacosmetics.com\/#website","url":"https:\/\/labemacosmetics.com\/","name":"Lab&eacute;ma Cosmetics","description":"","potentialAction":[{"@type":"SearchAction","target":{"@type":"EntryPoint","urlTemplate":"https:\/\/labemacosmetics.com\/?s={search_term_string}"},"query-input":{"@type":"PropertyValueSpecification","valueRequired":true,"valueName":"search_term_string"}}],"inLanguage":"en-GB"}]},"product_brand":"L'Or\u00e9al","product_price_amount":"6500","product_price_currency":"XOF","og_availability":"out of stock","product_availability":"out of stock","product_condition":"new"},"_links":{"self":[{"href":"https:\/\/labemacosmetics.com\/en\/wp-json\/wp\/v2\/product\/6233","targetHints":{"allow":["GET"]}}],"collection":[{"href":"https:\/\/labemacosmetics.com\/en\/wp-json\/wp\/v2\/product"}],"about":[{"href":"https:\/\/labemacosmetics.com\/en\/wp-json\/wp\/v2\/types\/product"}],"replies":[{"embeddable":true,"href":"https:\/\/labemacosmetics.com\/en\/wp-json\/wp\/v2\/comments?post=6233"}],"version-history":[{"count":0,"href":"https:\/\/labemacosmetics.com\/en\/wp-json\/wp\/v2\/product\/6233\/revisions"}],"wp:featuredmedia":[{"embeddable":true,"href":"https:\/\/labemacosmetics.com\/en\/wp-json\/wp\/v2\/media\/6234"}],"wp:attachment":[{"href":"https:\/\/labemacosmetics.com\/en\/wp-json\/wp\/v2\/media?parent=6233"}],"wp:term":[{"taxonomy":"product_brand","embeddable":true,"href":"https:\/\/labemacosmetics.com\/en\/wp-json\/wp\/v2\/product_brand?post=6233"},{"taxonomy":"product_cat","embeddable":true,"href":"https:\/\/labemacosmetics.com\/en\/wp-json\/wp\/v2\/product_cat?post=6233"},{"taxonomy":"product_tag","embeddable":true,"href":"https:\/\/labemacosmetics.com\/en\/wp-json\/wp\/v2\/product_tag?post=6233"}],"curies":[{"name":"wp","href":"https:\/\/api.w.org\/{rel}","templated":true}]}}