{"id":6231,"date":"2020-03-06T13:16:53","date_gmt":"2020-03-06T12:16:53","guid":{"rendered":"https:\/\/www.labemacosmetics.com\/?post_type=product&#038;p=6231"},"modified":"2024-07-18T06:41:46","modified_gmt":"2024-07-18T05:41:46","slug":"gommage-anti-fatigue-cafe-energisant","status":"publish","type":"product","link":"https:\/\/labemacosmetics.com\/en\/product\/gommage-anti-fatigue-cafe-energisant\/","title":{"rendered":"L&rsquo;OREAL Gommage Anti-Fatigue Caf\u00e9 Energisant"},"content":{"rendered":"<p>Anti-Fatigue <span style=\"display: inline !important; float: none; background-color: #ffffff; color: #444444; cursor: text; font-family: 'Open Sans',Helvetica,Arial,sans-serif; font-size: 14px; font-style: normal; font-variant: normal; font-weight: 400; letter-spacing: normal; orphans: 2; text-align: left; text-decoration: none; text-indent: 0px; text-transform: none; -webkit-text-stroke-width: 0px; white-space: normal; word-spacing: 0px;\">Gommage <\/span>Caf\u00e9 Energisant est le premier gommage aux sucres et aux grains de caf\u00e9 qui vivifie, illumine le teint et d\u00e9fatigue les traits. Sa texture gel douce et d\u00e9licatement parfum\u00e9e se r\u00e9chauffe pour nettoyer la peau en profondeur et pour offrir une exp\u00e9rience de gommage unique.<\/p>\n<h6><span style=\"font-size: 12pt;\">UTILISATION<\/span><\/h6>\n<p>Appliquer sur le visage et les l\u00e8vres 3 fois par semaine. Pr\u00e9lever le produit avec les mains s\u00e8ches, appliquer sur un visage propre et refermer le pot. Pour une exfoliation plus douce, humidifier l\u00e9g\u00e8rement les doigts pour masser le produit. Rincer \u00e0 l&rsquo;eau.<\/p>","protected":false},"excerpt":{"rendered":"<p>Anti-Fatigue Gommage Caf\u00e9 Energisant est le premier gommage aux sucres et aux grains de caf\u00e9 qui vivifie, illumine le teint et d\u00e9fatigue les traits. Sa texture gel douce et d\u00e9licatement parfum\u00e9e se r\u00e9chauffe pour nettoyer la peau en profondeur et pour offrir une exp\u00e9rience de gommage unique. UTILISATION Appliquer sur le visage et les l\u00e8vres [&hellip;]<\/p>\n","protected":false},"featured_media":6232,"comment_status":"open","ping_status":"closed","template":"","meta":{"om_disable_all_campaigns":false,"_mi_skip_tracking":false,"_monsterinsights_sitenote_active":false,"_monsterinsights_sitenote_note":"","_monsterinsights_sitenote_category":0},"product_brand":[],"product_cat":[127,520,515,512,128,513],"product_tag":[],"class_list":{"0":"post-6231","1":"product","2":"type-product","3":"status-publish","4":"has-post-thumbnail","6":"product_cat-boutique","7":"product_cat-gommage-peeling","8":"product_cat-peaux-mixtes-a-grasses","9":"product_cat-produits-par-besoin","10":"product_cat-soin-de-visage","11":"product_cat-type-de-peau","12":"yith_product_brand-loreal","14":"first","15":"outofstock","16":"shipping-taxable","17":"purchasable","18":"product-type-simple"},"yoast_head":"<!-- This site is optimized with the Yoast SEO Premium plugin v20.8 (Yoast SEO v27.4) - https:\/\/yoast.com\/product\/yoast-seo-premium-wordpress\/ -->\n<title>L&#039;OREAL Gommage Anti-Fatigue Caf\u00e9 Energisant - Lab&eacute;ma Cosmetics | Dakar<\/title>\n<meta name=\"description\" content=\"Appliquer sur le visage et les l\u00e8vres 3 fois par semaine. Pr\u00e9lever le produit avec les mains s\u00e8ches, appliquer sur un visage propre et refermer le pot. Pour une exfoliation plus douce, humidifier l\u00e9g\u00e8rement les doigts pour masser le produit. Rincer \u00e0 l&#039;eau.\" \/>\n<meta name=\"robots\" content=\"index, follow, max-snippet:-1, max-image-preview:large, max-video-preview:-1\" \/>\n<link rel=\"canonical\" href=\"https:\/\/labemacosmetics.com\/en\/product\/gommage-anti-fatigue-cafe-energisant\/\" \/>\n<meta property=\"og:locale\" content=\"en_GB\" \/>\n<meta property=\"og:type\" content=\"article\" \/>\n<meta property=\"og:title\" content=\"L&#039;OREAL Gommage Anti-Fatigue Caf\u00e9 Energisant\" \/>\n<meta property=\"og:description\" content=\"Appliquer sur le visage et les l\u00e8vres 3 fois par semaine. Pr\u00e9lever le produit avec les mains s\u00e8ches, appliquer sur un visage propre et refermer le pot. Pour une exfoliation plus douce, humidifier l\u00e9g\u00e8rement les doigts pour masser le produit. Rincer \u00e0 l&#039;eau.\" \/>\n<meta property=\"og:url\" content=\"https:\/\/labemacosmetics.com\/en\/product\/gommage-anti-fatigue-cafe-energisant\/\" \/>\n<meta property=\"og:site_name\" content=\"Lab&eacute;ma Cosmetics\" \/>\n<meta property=\"article:publisher\" content=\"http:\/\/www.facebook.com\/labemacosmetics\" \/>\n<meta property=\"article:modified_time\" content=\"2024-07-18T05:41:46+00:00\" \/>\n<meta property=\"og:image\" content=\"https:\/\/labemacosmetics.com\/wp-content\/uploads\/2020\/02\/gommage-anti-fatigue.png\" \/>\n\t<meta property=\"og:image:width\" content=\"600\" \/>\n\t<meta property=\"og:image:height\" content=\"726\" \/>\n\t<meta property=\"og:image:type\" content=\"image\/png\" \/>\n<meta name=\"twitter:card\" content=\"summary_large_image\" \/>\n<meta name=\"twitter:site\" content=\"@Labemasn\" \/>\n<meta name=\"twitter:label1\" content=\"Price\" \/>\n\t<meta name=\"twitter:data1\" content=\"6 500&nbsp;CFA\" \/>\n\t<meta name=\"twitter:label2\" content=\"Availability\" \/>\n\t<meta name=\"twitter:data2\" content=\"Out of stock\" \/>\n<script type=\"application\/ld+json\" class=\"yoast-schema-graph\">{\"@context\":\"https:\\\/\\\/schema.org\",\"@graph\":[{\"@type\":\"WebPage\",\"@id\":\"https:\\\/\\\/labemacosmetics.com\\\/produit\\\/gommage-anti-fatigue-cafe-energisant\\\/\",\"url\":\"https:\\\/\\\/labemacosmetics.com\\\/produit\\\/gommage-anti-fatigue-cafe-energisant\\\/\",\"name\":\"L'OREAL Gommage Anti-Fatigue Caf\u00e9 Energisant - Lab&eacute;ma Cosmetics | Dakar\",\"isPartOf\":{\"@id\":\"https:\\\/\\\/labemacosmetics.com\\\/#website\"},\"primaryImageOfPage\":{\"@id\":\"https:\\\/\\\/labemacosmetics.com\\\/produit\\\/gommage-anti-fatigue-cafe-energisant\\\/#primaryimage\"},\"image\":{\"@id\":\"https:\\\/\\\/labemacosmetics.com\\\/produit\\\/gommage-anti-fatigue-cafe-energisant\\\/#primaryimage\"},\"thumbnailUrl\":\"https:\\\/\\\/labemacosmetics.com\\\/wp-content\\\/uploads\\\/2020\\\/02\\\/gommage-anti-fatigue.png\",\"datePublished\":\"2020-03-06T12:16:53+00:00\",\"dateModified\":\"2024-07-18T05:41:46+00:00\",\"description\":\"Appliquer sur le visage et les l\u00e8vres 3 fois par semaine. Pr\u00e9lever le produit avec les mains s\u00e8ches, appliquer sur un visage propre et refermer le pot. Pour une exfoliation plus douce, humidifier l\u00e9g\u00e8rement les doigts pour masser le produit. Rincer \u00e0 l'eau.\",\"breadcrumb\":{\"@id\":\"https:\\\/\\\/labemacosmetics.com\\\/produit\\\/gommage-anti-fatigue-cafe-energisant\\\/#breadcrumb\"},\"inLanguage\":\"en-GB\",\"potentialAction\":[{\"@type\":\"ReadAction\",\"target\":[\"https:\\\/\\\/labemacosmetics.com\\\/produit\\\/gommage-anti-fatigue-cafe-energisant\\\/\"]}]},{\"@type\":\"ImageObject\",\"inLanguage\":\"en-GB\",\"@id\":\"https:\\\/\\\/labemacosmetics.com\\\/produit\\\/gommage-anti-fatigue-cafe-energisant\\\/#primaryimage\",\"url\":\"https:\\\/\\\/labemacosmetics.com\\\/wp-content\\\/uploads\\\/2020\\\/02\\\/gommage-anti-fatigue.png\",\"contentUrl\":\"https:\\\/\\\/labemacosmetics.com\\\/wp-content\\\/uploads\\\/2020\\\/02\\\/gommage-anti-fatigue.png\",\"width\":600,\"height\":726},{\"@type\":\"BreadcrumbList\",\"@id\":\"https:\\\/\\\/labemacosmetics.com\\\/produit\\\/gommage-anti-fatigue-cafe-energisant\\\/#breadcrumb\",\"itemListElement\":[{\"@type\":\"ListItem\",\"position\":1,\"name\":\"Accueil\",\"item\":\"https:\\\/\\\/labemacosmetics.com\\\/\"},{\"@type\":\"ListItem\",\"position\":2,\"name\":\"Produits\",\"item\":\"https:\\\/\\\/labemacosmetics.com\\\/shop\\\/\"},{\"@type\":\"ListItem\",\"position\":3,\"name\":\"L&rsquo;OREAL Gommage Anti-Fatigue Caf\u00e9 Energisant\"}]},{\"@type\":\"WebSite\",\"@id\":\"https:\\\/\\\/labemacosmetics.com\\\/#website\",\"url\":\"https:\\\/\\\/labemacosmetics.com\\\/\",\"name\":\"Lab&eacute;ma Cosmetics\",\"description\":\"\",\"potentialAction\":[{\"@type\":\"SearchAction\",\"target\":{\"@type\":\"EntryPoint\",\"urlTemplate\":\"https:\\\/\\\/labemacosmetics.com\\\/?s={search_term_string}\"},\"query-input\":{\"@type\":\"PropertyValueSpecification\",\"valueRequired\":true,\"valueName\":\"search_term_string\"}}],\"inLanguage\":\"en-GB\"}]}<\/script>\n<meta property=\"product:brand\" content=\"L&#039;Or\u00e9al\" \/>\n<meta property=\"product:price:amount\" content=\"6500\" \/>\n<meta property=\"product:price:currency\" content=\"XOF\" \/>\n<meta property=\"og:availability\" content=\"out of stock\" \/>\n<meta property=\"product:availability\" content=\"out of stock\" \/>\n<meta property=\"product:condition\" content=\"new\" \/>\n<!-- \/ Yoast SEO Premium plugin. -->","yoast_head_json":{"title":"L'OREAL Gommage Anti-Fatigue Caf\u00e9 Energisant - Lab&eacute;ma Cosmetics | Dakar","description":"Appliquer sur le visage et les l\u00e8vres 3 fois par semaine. Pr\u00e9lever le produit avec les mains s\u00e8ches, appliquer sur un visage propre et refermer le pot. Pour une exfoliation plus douce, humidifier l\u00e9g\u00e8rement les doigts pour masser le produit. Rincer \u00e0 l'eau.","robots":{"index":"index","follow":"follow","max-snippet":"max-snippet:-1","max-image-preview":"max-image-preview:large","max-video-preview":"max-video-preview:-1"},"canonical":"https:\/\/labemacosmetics.com\/en\/product\/gommage-anti-fatigue-cafe-energisant\/","og_locale":"en_GB","og_type":"article","og_title":"L'OREAL Gommage Anti-Fatigue Caf\u00e9 Energisant","og_description":"Appliquer sur le visage et les l\u00e8vres 3 fois par semaine. Pr\u00e9lever le produit avec les mains s\u00e8ches, appliquer sur un visage propre et refermer le pot. Pour une exfoliation plus douce, humidifier l\u00e9g\u00e8rement les doigts pour masser le produit. Rincer \u00e0 l'eau.","og_url":"https:\/\/labemacosmetics.com\/en\/product\/gommage-anti-fatigue-cafe-energisant\/","og_site_name":"Lab&eacute;ma Cosmetics","article_publisher":"http:\/\/www.facebook.com\/labemacosmetics","article_modified_time":"2024-07-18T05:41:46+00:00","og_image":[{"width":600,"height":726,"url":"https:\/\/labemacosmetics.com\/wp-content\/uploads\/2020\/02\/gommage-anti-fatigue.png","type":"image\/png"}],"twitter_card":"summary_large_image","twitter_site":"@Labemasn","twitter_misc":{"Price":"6 500&nbsp;CFA","Availability":"Out of stock"},"schema":{"@context":"https:\/\/schema.org","@graph":[{"@type":"WebPage","@id":"https:\/\/labemacosmetics.com\/produit\/gommage-anti-fatigue-cafe-energisant\/","url":"https:\/\/labemacosmetics.com\/produit\/gommage-anti-fatigue-cafe-energisant\/","name":"L'OREAL Gommage Anti-Fatigue Caf\u00e9 Energisant - Lab&eacute;ma Cosmetics | Dakar","isPartOf":{"@id":"https:\/\/labemacosmetics.com\/#website"},"primaryImageOfPage":{"@id":"https:\/\/labemacosmetics.com\/produit\/gommage-anti-fatigue-cafe-energisant\/#primaryimage"},"image":{"@id":"https:\/\/labemacosmetics.com\/produit\/gommage-anti-fatigue-cafe-energisant\/#primaryimage"},"thumbnailUrl":"https:\/\/labemacosmetics.com\/wp-content\/uploads\/2020\/02\/gommage-anti-fatigue.png","datePublished":"2020-03-06T12:16:53+00:00","dateModified":"2024-07-18T05:41:46+00:00","description":"Appliquer sur le visage et les l\u00e8vres 3 fois par semaine. Pr\u00e9lever le produit avec les mains s\u00e8ches, appliquer sur un visage propre et refermer le pot. Pour une exfoliation plus douce, humidifier l\u00e9g\u00e8rement les doigts pour masser le produit. Rincer \u00e0 l'eau.","breadcrumb":{"@id":"https:\/\/labemacosmetics.com\/produit\/gommage-anti-fatigue-cafe-energisant\/#breadcrumb"},"inLanguage":"en-GB","potentialAction":[{"@type":"ReadAction","target":["https:\/\/labemacosmetics.com\/produit\/gommage-anti-fatigue-cafe-energisant\/"]}]},{"@type":"ImageObject","inLanguage":"en-GB","@id":"https:\/\/labemacosmetics.com\/produit\/gommage-anti-fatigue-cafe-energisant\/#primaryimage","url":"https:\/\/labemacosmetics.com\/wp-content\/uploads\/2020\/02\/gommage-anti-fatigue.png","contentUrl":"https:\/\/labemacosmetics.com\/wp-content\/uploads\/2020\/02\/gommage-anti-fatigue.png","width":600,"height":726},{"@type":"BreadcrumbList","@id":"https:\/\/labemacosmetics.com\/produit\/gommage-anti-fatigue-cafe-energisant\/#breadcrumb","itemListElement":[{"@type":"ListItem","position":1,"name":"Accueil","item":"https:\/\/labemacosmetics.com\/"},{"@type":"ListItem","position":2,"name":"Produits","item":"https:\/\/labemacosmetics.com\/shop\/"},{"@type":"ListItem","position":3,"name":"L&rsquo;OREAL Gommage Anti-Fatigue Caf\u00e9 Energisant"}]},{"@type":"WebSite","@id":"https:\/\/labemacosmetics.com\/#website","url":"https:\/\/labemacosmetics.com\/","name":"Lab&eacute;ma Cosmetics","description":"","potentialAction":[{"@type":"SearchAction","target":{"@type":"EntryPoint","urlTemplate":"https:\/\/labemacosmetics.com\/?s={search_term_string}"},"query-input":{"@type":"PropertyValueSpecification","valueRequired":true,"valueName":"search_term_string"}}],"inLanguage":"en-GB"}]},"product_brand":"L'Or\u00e9al","product_price_amount":"6500","product_price_currency":"XOF","og_availability":"out of stock","product_availability":"out of stock","product_condition":"new"},"_links":{"self":[{"href":"https:\/\/labemacosmetics.com\/en\/wp-json\/wp\/v2\/product\/6231","targetHints":{"allow":["GET"]}}],"collection":[{"href":"https:\/\/labemacosmetics.com\/en\/wp-json\/wp\/v2\/product"}],"about":[{"href":"https:\/\/labemacosmetics.com\/en\/wp-json\/wp\/v2\/types\/product"}],"replies":[{"embeddable":true,"href":"https:\/\/labemacosmetics.com\/en\/wp-json\/wp\/v2\/comments?post=6231"}],"version-history":[{"count":0,"href":"https:\/\/labemacosmetics.com\/en\/wp-json\/wp\/v2\/product\/6231\/revisions"}],"wp:featuredmedia":[{"embeddable":true,"href":"https:\/\/labemacosmetics.com\/en\/wp-json\/wp\/v2\/media\/6232"}],"wp:attachment":[{"href":"https:\/\/labemacosmetics.com\/en\/wp-json\/wp\/v2\/media?parent=6231"}],"wp:term":[{"taxonomy":"product_brand","embeddable":true,"href":"https:\/\/labemacosmetics.com\/en\/wp-json\/wp\/v2\/product_brand?post=6231"},{"taxonomy":"product_cat","embeddable":true,"href":"https:\/\/labemacosmetics.com\/en\/wp-json\/wp\/v2\/product_cat?post=6231"},{"taxonomy":"product_tag","embeddable":true,"href":"https:\/\/labemacosmetics.com\/en\/wp-json\/wp\/v2\/product_tag?post=6231"}],"curies":[{"name":"wp","href":"https:\/\/api.w.org\/{rel}","templated":true}]}}