{"id":6222,"date":"2020-02-29T17:33:11","date_gmt":"2020-02-29T16:33:11","guid":{"rendered":"https:\/\/www.labemacosmetics.com\/?post_type=product&#038;p=6222"},"modified":"2025-01-23T14:47:16","modified_gmt":"2025-01-23T13:47:16","slug":"full-coverage-2-in-1-foundation-concealer-kiko","status":"publish","type":"product","link":"https:\/\/labemacosmetics.com\/en\/product\/full-coverage-2-in-1-foundation-concealer-kiko\/","title":{"rendered":"Full Coverage 2-in-1 Foundation &#038; Concealer kiko 150"},"content":{"rendered":"<h4>Description<\/h4>\n<p>Fond de teint\/correcteur 2 en 1 \u00e0 couvrance \u00e9lev\u00e9e.<\/p>\n<p>L&rsquo;innovante formule double action fond de teint\/correcteur fait une entr\u00e9e attendue dans la gamme KIKO !<\/p>\n<p>Full Coverage 2-IN-1 Foundation and Concealer agit sur la peau en camouflant toutes les imperfections (cernes, taches, ridules\u2026) et d\u00e9pose sur le visage un voile effet seconde peau au fini mat et satin\u00e9, qui constitue une base id\u00e9ale pour tout type de maquillage. La peau est durablement perfectionn\u00e9e et reste lisse toute la journ\u00e9e.<\/p>\n<p>La texture cr\u00e9meuse et hyper fluide rend l&rsquo;application facile et agr\u00e9able, en garantissant un estompage optimal.<\/p>\n<p>La formule, qui contient des pigments distribu\u00e9s de fa\u00e7on homog\u00e8ne, offre une couvrance \u00e9lev\u00e9e, une adh\u00e9rence parfaite et une lib\u00e9ration optimale de la couleur, pour un r\u00e9sultat modulable extraordinaire.<\/p>\n<h4>Utilisation<\/h4>\n<p>L&rsquo;applicateur a \u00e9t\u00e9 sp\u00e9cialement \u00e9tudi\u00e9 pour les deux fonctions de Full Coverage 2-IN-1 Foundation and Concealer : la pointe arrondie est id\u00e9ale pour de petites retouches et pour corriger les imperfections, tandis que la partie plate permet d&rsquo;\u00e9tirer le fond de teint, pour une application parfaite en seulement quelques gestes.<\/p>\n<p>Id\u00e9al pour les peaux normales \u00e0 grasses.<\/p>\n<p>Disponible en 21\u00a0teintes, pour toutes les carnations.<\/p>\n<p>Test\u00e9 sous contr\u00f4le dermatologique et ophtalmologique.<\/p>","protected":false},"excerpt":{"rendered":"<p>Description Fond de teint\/correcteur 2 en 1 \u00e0 couvrance \u00e9lev\u00e9e. L&rsquo;innovante formule double action fond de teint\/correcteur fait une entr\u00e9e attendue dans la gamme KIKO ! Full Coverage 2-IN-1 Foundation and Concealer agit sur la peau en camouflant toutes les imperfections (cernes, taches, ridules\u2026) et d\u00e9pose sur le visage un voile effet seconde peau au [&hellip;]<\/p>\n","protected":false},"featured_media":6870,"comment_status":"open","ping_status":"closed","template":"","meta":{"om_disable_all_campaigns":false,"_mi_skip_tracking":false,"_monsterinsights_sitenote_active":false,"_monsterinsights_sitenote_note":"","_monsterinsights_sitenote_category":0},"product_brand":[],"product_cat":[120,117,103,108],"product_tag":[],"class_list":{"0":"post-6222","1":"product","2":"type-product","3":"status-publish","4":"has-post-thumbnail","6":"product_cat-anticernes","7":"product_cat-fond-de-teint","8":"product_cat-maquillage","9":"product_cat-teint","10":"yith_product_brand-kiko","12":"first","13":"instock","14":"shipping-taxable","15":"purchasable","16":"product-type-variable"},"yoast_head":"<!-- This site is optimized with the Yoast SEO Premium plugin v20.8 (Yoast SEO v27.4) - https:\/\/yoast.com\/product\/yoast-seo-premium-wordpress\/ -->\n<title>Full Coverage 2-in-1 Foundation &amp; Concealer kiko 150 - Lab&eacute;ma Cosmetics<\/title>\n<meta name=\"description\" content=\"Full Coverage 2-IN-1 Foundation and Concealer agit sur la peau en camouflant toutes les imperfections et d\u00e9pose sur le visage un voile effet seconde peau au fini mat et satin\u00e9.\" \/>\n<meta name=\"robots\" content=\"index, follow, max-snippet:-1, max-image-preview:large, max-video-preview:-1\" \/>\n<link rel=\"canonical\" href=\"https:\/\/labemacosmetics.com\/en\/product\/full-coverage-2-in-1-foundation-concealer-kiko\/\" \/>\n<meta property=\"og:locale\" content=\"en_GB\" \/>\n<meta property=\"og:type\" content=\"article\" \/>\n<meta property=\"og:title\" content=\"Full Coverage 2-in-1 Foundation &amp; Concealer kiko 150\" \/>\n<meta property=\"og:description\" content=\"Full Coverage 2-IN-1 Foundation and Concealer agit sur la peau en camouflant toutes les imperfections et d\u00e9pose sur le visage un voile effet seconde peau au fini mat et satin\u00e9.\" \/>\n<meta property=\"og:url\" content=\"https:\/\/labemacosmetics.com\/en\/product\/full-coverage-2-in-1-foundation-concealer-kiko\/\" \/>\n<meta property=\"og:site_name\" content=\"Lab&eacute;ma Cosmetics\" \/>\n<meta property=\"article:publisher\" content=\"http:\/\/www.facebook.com\/labemacosmetics\" \/>\n<meta property=\"article:modified_time\" content=\"2025-01-23T13:47:16+00:00\" \/>\n<meta property=\"og:image\" content=\"https:\/\/labemacosmetics.com\/wp-content\/uploads\/2020\/02\/Full-converse-2-in-1-150.jpg\" \/>\n\t<meta property=\"og:image:width\" content=\"900\" \/>\n\t<meta property=\"og:image:height\" content=\"900\" \/>\n\t<meta property=\"og:image:type\" content=\"image\/jpeg\" \/>\n<meta name=\"twitter:card\" content=\"summary_large_image\" \/>\n<meta name=\"twitter:site\" content=\"@Labemasn\" \/>\n<meta name=\"twitter:label1\" content=\"Availability\" \/>\n\t<meta name=\"twitter:data1\" content=\"In stock\" \/>\n<script type=\"application\/ld+json\" class=\"yoast-schema-graph\">{\"@context\":\"https:\\\/\\\/schema.org\",\"@graph\":[{\"@type\":\"WebPage\",\"@id\":\"https:\\\/\\\/labemacosmetics.com\\\/produit\\\/full-coverage-2-in-1-foundation-concealer-kiko\\\/\",\"url\":\"https:\\\/\\\/labemacosmetics.com\\\/produit\\\/full-coverage-2-in-1-foundation-concealer-kiko\\\/\",\"name\":\"Full Coverage 2-in-1 Foundation & Concealer kiko 150 - Lab&eacute;ma Cosmetics\",\"isPartOf\":{\"@id\":\"https:\\\/\\\/labemacosmetics.com\\\/#website\"},\"primaryImageOfPage\":{\"@id\":\"https:\\\/\\\/labemacosmetics.com\\\/produit\\\/full-coverage-2-in-1-foundation-concealer-kiko\\\/#primaryimage\"},\"image\":{\"@id\":\"https:\\\/\\\/labemacosmetics.com\\\/produit\\\/full-coverage-2-in-1-foundation-concealer-kiko\\\/#primaryimage\"},\"thumbnailUrl\":\"https:\\\/\\\/labemacosmetics.com\\\/wp-content\\\/uploads\\\/2020\\\/02\\\/Full-converse-2-in-1-150.jpg\",\"datePublished\":\"2020-02-29T16:33:11+00:00\",\"dateModified\":\"2025-01-23T13:47:16+00:00\",\"description\":\"Full Coverage 2-IN-1 Foundation and Concealer agit sur la peau en camouflant toutes les imperfections et d\u00e9pose sur le visage un voile effet seconde peau au fini mat et satin\u00e9.\",\"breadcrumb\":{\"@id\":\"https:\\\/\\\/labemacosmetics.com\\\/produit\\\/full-coverage-2-in-1-foundation-concealer-kiko\\\/#breadcrumb\"},\"inLanguage\":\"en-GB\",\"potentialAction\":[{\"@type\":\"ReadAction\",\"target\":[\"https:\\\/\\\/labemacosmetics.com\\\/produit\\\/full-coverage-2-in-1-foundation-concealer-kiko\\\/\"]}]},{\"@type\":\"ImageObject\",\"inLanguage\":\"en-GB\",\"@id\":\"https:\\\/\\\/labemacosmetics.com\\\/produit\\\/full-coverage-2-in-1-foundation-concealer-kiko\\\/#primaryimage\",\"url\":\"https:\\\/\\\/labemacosmetics.com\\\/wp-content\\\/uploads\\\/2020\\\/02\\\/Full-converse-2-in-1-150.jpg\",\"contentUrl\":\"https:\\\/\\\/labemacosmetics.com\\\/wp-content\\\/uploads\\\/2020\\\/02\\\/Full-converse-2-in-1-150.jpg\",\"width\":900,\"height\":900,\"caption\":\"FULL COVERAGE 2-IN-1 FOUNDATION AND CONCEALER - 21 - WR150 - WARM ROSE 150\"},{\"@type\":\"BreadcrumbList\",\"@id\":\"https:\\\/\\\/labemacosmetics.com\\\/produit\\\/full-coverage-2-in-1-foundation-concealer-kiko\\\/#breadcrumb\",\"itemListElement\":[{\"@type\":\"ListItem\",\"position\":1,\"name\":\"Accueil\",\"item\":\"https:\\\/\\\/labemacosmetics.com\\\/\"},{\"@type\":\"ListItem\",\"position\":2,\"name\":\"Produits\",\"item\":\"https:\\\/\\\/labemacosmetics.com\\\/shop\\\/\"},{\"@type\":\"ListItem\",\"position\":3,\"name\":\"Full Coverage 2-in-1 Foundation &#038; Concealer kiko 150\"}]},{\"@type\":\"WebSite\",\"@id\":\"https:\\\/\\\/labemacosmetics.com\\\/#website\",\"url\":\"https:\\\/\\\/labemacosmetics.com\\\/\",\"name\":\"Lab&eacute;ma Cosmetics\",\"description\":\"\",\"potentialAction\":[{\"@type\":\"SearchAction\",\"target\":{\"@type\":\"EntryPoint\",\"urlTemplate\":\"https:\\\/\\\/labemacosmetics.com\\\/?s={search_term_string}\"},\"query-input\":{\"@type\":\"PropertyValueSpecification\",\"valueRequired\":true,\"valueName\":\"search_term_string\"}}],\"inLanguage\":\"en-GB\"}]}<\/script>\n<meta property=\"product:brand\" content=\"Kiko\" \/>\n<meta property=\"og:availability\" content=\"instock\" \/>\n<meta property=\"product:availability\" content=\"instock\" \/>\n<meta property=\"product:condition\" content=\"new\" \/>\n<!-- \/ Yoast SEO Premium plugin. -->","yoast_head_json":{"title":"Full Coverage 2-in-1 Foundation & Concealer kiko 150 - Lab&eacute;ma Cosmetics","description":"Full Coverage 2-IN-1 Foundation and Concealer agit sur la peau en camouflant toutes les imperfections et d\u00e9pose sur le visage un voile effet seconde peau au fini mat et satin\u00e9.","robots":{"index":"index","follow":"follow","max-snippet":"max-snippet:-1","max-image-preview":"max-image-preview:large","max-video-preview":"max-video-preview:-1"},"canonical":"https:\/\/labemacosmetics.com\/en\/product\/full-coverage-2-in-1-foundation-concealer-kiko\/","og_locale":"en_GB","og_type":"article","og_title":"Full Coverage 2-in-1 Foundation & Concealer kiko 150","og_description":"Full Coverage 2-IN-1 Foundation and Concealer agit sur la peau en camouflant toutes les imperfections et d\u00e9pose sur le visage un voile effet seconde peau au fini mat et satin\u00e9.","og_url":"https:\/\/labemacosmetics.com\/en\/product\/full-coverage-2-in-1-foundation-concealer-kiko\/","og_site_name":"Lab&eacute;ma Cosmetics","article_publisher":"http:\/\/www.facebook.com\/labemacosmetics","article_modified_time":"2025-01-23T13:47:16+00:00","og_image":[{"width":900,"height":900,"url":"https:\/\/labemacosmetics.com\/wp-content\/uploads\/2020\/02\/Full-converse-2-in-1-150.jpg","type":"image\/jpeg"}],"twitter_card":"summary_large_image","twitter_site":"@Labemasn","twitter_misc":{"Availability":"In stock"},"schema":{"@context":"https:\/\/schema.org","@graph":[{"@type":"WebPage","@id":"https:\/\/labemacosmetics.com\/produit\/full-coverage-2-in-1-foundation-concealer-kiko\/","url":"https:\/\/labemacosmetics.com\/produit\/full-coverage-2-in-1-foundation-concealer-kiko\/","name":"Full Coverage 2-in-1 Foundation & Concealer kiko 150 - Lab&eacute;ma Cosmetics","isPartOf":{"@id":"https:\/\/labemacosmetics.com\/#website"},"primaryImageOfPage":{"@id":"https:\/\/labemacosmetics.com\/produit\/full-coverage-2-in-1-foundation-concealer-kiko\/#primaryimage"},"image":{"@id":"https:\/\/labemacosmetics.com\/produit\/full-coverage-2-in-1-foundation-concealer-kiko\/#primaryimage"},"thumbnailUrl":"https:\/\/labemacosmetics.com\/wp-content\/uploads\/2020\/02\/Full-converse-2-in-1-150.jpg","datePublished":"2020-02-29T16:33:11+00:00","dateModified":"2025-01-23T13:47:16+00:00","description":"Full Coverage 2-IN-1 Foundation and Concealer agit sur la peau en camouflant toutes les imperfections et d\u00e9pose sur le visage un voile effet seconde peau au fini mat et satin\u00e9.","breadcrumb":{"@id":"https:\/\/labemacosmetics.com\/produit\/full-coverage-2-in-1-foundation-concealer-kiko\/#breadcrumb"},"inLanguage":"en-GB","potentialAction":[{"@type":"ReadAction","target":["https:\/\/labemacosmetics.com\/produit\/full-coverage-2-in-1-foundation-concealer-kiko\/"]}]},{"@type":"ImageObject","inLanguage":"en-GB","@id":"https:\/\/labemacosmetics.com\/produit\/full-coverage-2-in-1-foundation-concealer-kiko\/#primaryimage","url":"https:\/\/labemacosmetics.com\/wp-content\/uploads\/2020\/02\/Full-converse-2-in-1-150.jpg","contentUrl":"https:\/\/labemacosmetics.com\/wp-content\/uploads\/2020\/02\/Full-converse-2-in-1-150.jpg","width":900,"height":900,"caption":"FULL COVERAGE 2-IN-1 FOUNDATION AND CONCEALER - 21 - WR150 - WARM ROSE 150"},{"@type":"BreadcrumbList","@id":"https:\/\/labemacosmetics.com\/produit\/full-coverage-2-in-1-foundation-concealer-kiko\/#breadcrumb","itemListElement":[{"@type":"ListItem","position":1,"name":"Accueil","item":"https:\/\/labemacosmetics.com\/"},{"@type":"ListItem","position":2,"name":"Produits","item":"https:\/\/labemacosmetics.com\/shop\/"},{"@type":"ListItem","position":3,"name":"Full Coverage 2-in-1 Foundation &#038; Concealer kiko 150"}]},{"@type":"WebSite","@id":"https:\/\/labemacosmetics.com\/#website","url":"https:\/\/labemacosmetics.com\/","name":"Lab&eacute;ma Cosmetics","description":"","potentialAction":[{"@type":"SearchAction","target":{"@type":"EntryPoint","urlTemplate":"https:\/\/labemacosmetics.com\/?s={search_term_string}"},"query-input":{"@type":"PropertyValueSpecification","valueRequired":true,"valueName":"search_term_string"}}],"inLanguage":"en-GB"}]},"product_brand":"Kiko","og_availability":"instock","product_availability":"instock","product_condition":"new"},"_links":{"self":[{"href":"https:\/\/labemacosmetics.com\/en\/wp-json\/wp\/v2\/product\/6222","targetHints":{"allow":["GET"]}}],"collection":[{"href":"https:\/\/labemacosmetics.com\/en\/wp-json\/wp\/v2\/product"}],"about":[{"href":"https:\/\/labemacosmetics.com\/en\/wp-json\/wp\/v2\/types\/product"}],"replies":[{"embeddable":true,"href":"https:\/\/labemacosmetics.com\/en\/wp-json\/wp\/v2\/comments?post=6222"}],"version-history":[{"count":0,"href":"https:\/\/labemacosmetics.com\/en\/wp-json\/wp\/v2\/product\/6222\/revisions"}],"wp:featuredmedia":[{"embeddable":true,"href":"https:\/\/labemacosmetics.com\/en\/wp-json\/wp\/v2\/media\/6870"}],"wp:attachment":[{"href":"https:\/\/labemacosmetics.com\/en\/wp-json\/wp\/v2\/media?parent=6222"}],"wp:term":[{"taxonomy":"product_brand","embeddable":true,"href":"https:\/\/labemacosmetics.com\/en\/wp-json\/wp\/v2\/product_brand?post=6222"},{"taxonomy":"product_cat","embeddable":true,"href":"https:\/\/labemacosmetics.com\/en\/wp-json\/wp\/v2\/product_cat?post=6222"},{"taxonomy":"product_tag","embeddable":true,"href":"https:\/\/labemacosmetics.com\/en\/wp-json\/wp\/v2\/product_tag?post=6222"}],"curies":[{"name":"wp","href":"https:\/\/api.w.org\/{rel}","templated":true}]}}