{"id":6090,"date":"2020-02-22T20:33:22","date_gmt":"2020-02-22T19:33:22","guid":{"rendered":"https:\/\/www.labemacosmetics.com\/?post_type=product&#038;p=6090"},"modified":"2024-07-30T20:51:58","modified_gmt":"2024-07-30T19:51:58","slug":"nyx-professional-makeup-liquid-suede-cream-lipstick-4","status":"publish","type":"product","link":"https:\/\/labemacosmetics.com\/en\/product\/nyx-professional-makeup-liquid-suede-cream-lipstick-4\/","title":{"rendered":"NYX Rouge \u00e0 L\u00e8vres Liquid Suede Cream"},"content":{"rendered":"<p>Le rouge \u00e0 l\u00e8vres liquide en daim liquide de NYX Professional Makeup est un rouge \u00e0 l\u00e8vres liquide super pigment\u00e9 avec une couleur cr\u00e9meuse longue tenue.\u00a0Doux et velout\u00e9 infus\u00e9 d&rsquo;huile d&rsquo;avocat et de vitamine E, ce lippie cr\u00e9e un look poli \u00e0 chaque coup.<\/p>\n<ul>\n<li>Rouge \u00e0 l\u00e8vres liquide super-pigment\u00e9<\/li>\n<li>Disponible dans une vari\u00e9t\u00e9 de nuances color\u00e9es<\/li>\n<li>formule imperm\u00e9able et durable<\/li>\n<li>Infus\u00e9 d&rsquo;huile d&rsquo;avocat et de vitamine E<\/li>\n<li>Finition mate<\/li>\n<li>Sans cruaut\u00e9<\/li>\n<li>Rehaussez vos l\u00e8vres de couleurs douces et \u00e9clatantes!\u00a0Le rouge \u00e0 l\u00e8vres liquide en daim liquide de NYX Professional Makeup est un rouge \u00e0 l\u00e8vres liquide super pigment\u00e9 avec une couleur cr\u00e9meuse longue tenue.\u00a0Doux et velout\u00e9 infus\u00e9 d&rsquo;huile d&rsquo;avocat et de vitamine E, ce lippie cr\u00e9e un look poli \u00e0 chaque coup.\u00a0Ces rouges \u00e0 l\u00e8vres longue dur\u00e9e glissent sur opaque et se fixent dans un fini mat saisissant.\u00a0Si vous recherchez des rouges \u00e0 l\u00e8vres imperm\u00e9ables qui ne vous laisseront pas tomber, alors le rouge \u00e0 l\u00e8vres Liquid Suede Cream est votre nouveau BFF.\u00a0Si vous \u00eates un fan de rouges \u00e0 l\u00e8vres color\u00e9s, vous voudrez d\u00e9couvrir la large gamme de nuances arc-en-ciel de rouges \u00e0 l\u00e8vres?\u00a0de l&rsquo;orange p\u00eache piquant au bleu ciel vif.\u00a0Chaque teinte vive offre une couleur cr\u00e8me longue dur\u00e9e.\u00a0Tous les produits de maquillage professionnel NYX sont fi\u00e8rement sans cruaut\u00e9 et certifi\u00e9s PETA.<\/li>\n<li>CONSEIL DE PRO: Assurez-vous d&rsquo;exfolier et d&rsquo;hydrater les l\u00e8vres pour pr\u00e9parer le meilleur fini mat.<\/li>\n<\/ul>","protected":false},"excerpt":{"rendered":"<p>Le rouge \u00e0 l\u00e8vres liquide en daim liquide de NYX Professional Makeup est un rouge \u00e0 l\u00e8vres liquide super pigment\u00e9 avec une couleur cr\u00e9meuse longue tenue.\u00a0Doux et velout\u00e9 infus\u00e9 d&rsquo;huile d&rsquo;avocat et de vitamine E, ce lippie cr\u00e9e un look poli \u00e0 chaque coup. Rouge \u00e0 l\u00e8vres liquide super-pigment\u00e9 Disponible dans une vari\u00e9t\u00e9 de nuances [&hellip;]<\/p>\n","protected":false},"featured_media":6088,"comment_status":"closed","ping_status":"closed","template":"","meta":{"om_disable_all_campaigns":false,"_mi_skip_tracking":false,"_monsterinsights_sitenote_active":false,"_monsterinsights_sitenote_note":"","_monsterinsights_sitenote_category":0},"product_brand":[],"product_cat":[127,123,110,103,122],"product_tag":[],"class_list":{"0":"post-6090","1":"product","2":"type-product","3":"status-publish","4":"has-post-thumbnail","6":"product_cat-boutique","7":"product_cat-gloss","8":"product_cat-levres","9":"product_cat-maquillage","10":"product_cat-rouge-a-levres","11":"yith_product_brand-nyx","13":"first","14":"instock","15":"sale","16":"shipping-taxable","17":"purchasable","18":"product-type-variable"},"yoast_head":"<!-- This site is optimized with the Yoast SEO Premium plugin v20.8 (Yoast SEO v27.4) - https:\/\/yoast.com\/product\/yoast-seo-premium-wordpress\/ -->\n<title>NYX Rouge \u00e0 L\u00e8vres Liquid Suede Cream - Lab&eacute;ma Cosmetics<\/title>\n<meta name=\"robots\" content=\"index, follow, max-snippet:-1, max-image-preview:large, max-video-preview:-1\" \/>\n<link rel=\"canonical\" href=\"https:\/\/labemacosmetics.com\/en\/product\/nyx-professional-makeup-liquid-suede-cream-lipstick-4\/\" \/>\n<meta property=\"og:locale\" content=\"en_GB\" \/>\n<meta property=\"og:type\" content=\"article\" \/>\n<meta property=\"og:title\" content=\"NYX Rouge \u00e0 L\u00e8vres Liquid Suede Cream\" \/>\n<meta property=\"og:description\" content=\"Le rouge \u00e0 l\u00e8vres liquide en daim liquide de NYX Professional Makeup est un rouge \u00e0 l\u00e8vres liquide super pigment\u00e9 avec une couleur cr\u00e9meuse longue tenue.\u00a0Doux et velout\u00e9 infus\u00e9 d&rsquo;huile d&rsquo;avocat et de vitamine E, ce lippie cr\u00e9e un look poli \u00e0 chaque coup. Rouge \u00e0 l\u00e8vres liquide super-pigment\u00e9 Disponible dans une vari\u00e9t\u00e9 de nuances [&hellip;]\" \/>\n<meta property=\"og:url\" content=\"https:\/\/labemacosmetics.com\/en\/product\/nyx-professional-makeup-liquid-suede-cream-lipstick-4\/\" \/>\n<meta property=\"og:site_name\" content=\"Lab&eacute;ma Cosmetics\" \/>\n<meta property=\"article:publisher\" content=\"http:\/\/www.facebook.com\/labemacosmetics\" \/>\n<meta property=\"article:modified_time\" content=\"2024-07-30T19:51:58+00:00\" \/>\n<meta property=\"og:image\" content=\"https:\/\/labemacosmetics.com\/wp-content\/uploads\/2020\/02\/5.png\" \/>\n\t<meta property=\"og:image:width\" content=\"600\" \/>\n\t<meta property=\"og:image:height\" content=\"726\" \/>\n\t<meta property=\"og:image:type\" content=\"image\/png\" \/>\n<meta name=\"twitter:card\" content=\"summary_large_image\" \/>\n<meta name=\"twitter:site\" content=\"@Labemasn\" \/>\n<meta name=\"twitter:label1\" content=\"Availability\" \/>\n\t<meta name=\"twitter:data1\" content=\"In stock\" \/>\n<script type=\"application\/ld+json\" class=\"yoast-schema-graph\">{\"@context\":\"https:\\\/\\\/schema.org\",\"@graph\":[{\"@type\":\"WebPage\",\"@id\":\"https:\\\/\\\/labemacosmetics.com\\\/en\\\/product\\\/nyx-professional-makeup-liquid-suede-cream-lipstick-4\\\/\",\"url\":\"https:\\\/\\\/labemacosmetics.com\\\/en\\\/product\\\/nyx-professional-makeup-liquid-suede-cream-lipstick-4\\\/\",\"name\":\"NYX Rouge \u00e0 L\u00e8vres Liquid Suede Cream - Lab&eacute;ma Cosmetics\",\"isPartOf\":{\"@id\":\"https:\\\/\\\/labemacosmetics.com\\\/#website\"},\"primaryImageOfPage\":{\"@id\":\"https:\\\/\\\/labemacosmetics.com\\\/en\\\/product\\\/nyx-professional-makeup-liquid-suede-cream-lipstick-4\\\/#primaryimage\"},\"image\":{\"@id\":\"https:\\\/\\\/labemacosmetics.com\\\/en\\\/product\\\/nyx-professional-makeup-liquid-suede-cream-lipstick-4\\\/#primaryimage\"},\"thumbnailUrl\":\"https:\\\/\\\/labemacosmetics.com\\\/wp-content\\\/uploads\\\/2020\\\/02\\\/5.png\",\"datePublished\":\"2020-02-22T19:33:22+00:00\",\"dateModified\":\"2024-07-30T19:51:58+00:00\",\"breadcrumb\":{\"@id\":\"https:\\\/\\\/labemacosmetics.com\\\/en\\\/product\\\/nyx-professional-makeup-liquid-suede-cream-lipstick-4\\\/#breadcrumb\"},\"inLanguage\":\"en-GB\",\"potentialAction\":[{\"@type\":\"ReadAction\",\"target\":[\"https:\\\/\\\/labemacosmetics.com\\\/en\\\/product\\\/nyx-professional-makeup-liquid-suede-cream-lipstick-4\\\/\"]}]},{\"@type\":\"ImageObject\",\"inLanguage\":\"en-GB\",\"@id\":\"https:\\\/\\\/labemacosmetics.com\\\/en\\\/product\\\/nyx-professional-makeup-liquid-suede-cream-lipstick-4\\\/#primaryimage\",\"url\":\"https:\\\/\\\/labemacosmetics.com\\\/wp-content\\\/uploads\\\/2020\\\/02\\\/5.png\",\"contentUrl\":\"https:\\\/\\\/labemacosmetics.com\\\/wp-content\\\/uploads\\\/2020\\\/02\\\/5.png\",\"width\":600,\"height\":726,\"caption\":\"NYX LSL 10\"},{\"@type\":\"BreadcrumbList\",\"@id\":\"https:\\\/\\\/labemacosmetics.com\\\/en\\\/product\\\/nyx-professional-makeup-liquid-suede-cream-lipstick-4\\\/#breadcrumb\",\"itemListElement\":[{\"@type\":\"ListItem\",\"position\":1,\"name\":\"Accueil\",\"item\":\"https:\\\/\\\/labemacosmetics.com\\\/\"},{\"@type\":\"ListItem\",\"position\":2,\"name\":\"Produits\",\"item\":\"https:\\\/\\\/labemacosmetics.com\\\/shop\\\/\"},{\"@type\":\"ListItem\",\"position\":3,\"name\":\"NYX Rouge \u00e0 L\u00e8vres Liquid Suede Cream\"}]},{\"@type\":\"WebSite\",\"@id\":\"https:\\\/\\\/labemacosmetics.com\\\/#website\",\"url\":\"https:\\\/\\\/labemacosmetics.com\\\/\",\"name\":\"Lab&eacute;ma Cosmetics\",\"description\":\"\",\"potentialAction\":[{\"@type\":\"SearchAction\",\"target\":{\"@type\":\"EntryPoint\",\"urlTemplate\":\"https:\\\/\\\/labemacosmetics.com\\\/?s={search_term_string}\"},\"query-input\":{\"@type\":\"PropertyValueSpecification\",\"valueRequired\":true,\"valueName\":\"search_term_string\"}}],\"inLanguage\":\"en-GB\"}]}<\/script>\n<meta property=\"product:brand\" content=\"Nyx\" \/>\n<meta property=\"og:availability\" content=\"instock\" \/>\n<meta property=\"product:availability\" content=\"instock\" \/>\n<meta property=\"product:condition\" content=\"new\" \/>\n<!-- \/ Yoast SEO Premium plugin. -->","yoast_head_json":{"title":"NYX Rouge \u00e0 L\u00e8vres Liquid Suede Cream - Lab&eacute;ma Cosmetics","robots":{"index":"index","follow":"follow","max-snippet":"max-snippet:-1","max-image-preview":"max-image-preview:large","max-video-preview":"max-video-preview:-1"},"canonical":"https:\/\/labemacosmetics.com\/en\/product\/nyx-professional-makeup-liquid-suede-cream-lipstick-4\/","og_locale":"en_GB","og_type":"article","og_title":"NYX Rouge \u00e0 L\u00e8vres Liquid Suede Cream","og_description":"Le rouge \u00e0 l\u00e8vres liquide en daim liquide de NYX Professional Makeup est un rouge \u00e0 l\u00e8vres liquide super pigment\u00e9 avec une couleur cr\u00e9meuse longue tenue.\u00a0Doux et velout\u00e9 infus\u00e9 d&rsquo;huile d&rsquo;avocat et de vitamine E, ce lippie cr\u00e9e un look poli \u00e0 chaque coup. Rouge \u00e0 l\u00e8vres liquide super-pigment\u00e9 Disponible dans une vari\u00e9t\u00e9 de nuances [&hellip;]","og_url":"https:\/\/labemacosmetics.com\/en\/product\/nyx-professional-makeup-liquid-suede-cream-lipstick-4\/","og_site_name":"Lab&eacute;ma Cosmetics","article_publisher":"http:\/\/www.facebook.com\/labemacosmetics","article_modified_time":"2024-07-30T19:51:58+00:00","og_image":[{"width":600,"height":726,"url":"https:\/\/labemacosmetics.com\/wp-content\/uploads\/2020\/02\/5.png","type":"image\/png"}],"twitter_card":"summary_large_image","twitter_site":"@Labemasn","twitter_misc":{"Availability":"In stock"},"schema":{"@context":"https:\/\/schema.org","@graph":[{"@type":"WebPage","@id":"https:\/\/labemacosmetics.com\/en\/product\/nyx-professional-makeup-liquid-suede-cream-lipstick-4\/","url":"https:\/\/labemacosmetics.com\/en\/product\/nyx-professional-makeup-liquid-suede-cream-lipstick-4\/","name":"NYX Rouge \u00e0 L\u00e8vres Liquid Suede Cream - Lab&eacute;ma Cosmetics","isPartOf":{"@id":"https:\/\/labemacosmetics.com\/#website"},"primaryImageOfPage":{"@id":"https:\/\/labemacosmetics.com\/en\/product\/nyx-professional-makeup-liquid-suede-cream-lipstick-4\/#primaryimage"},"image":{"@id":"https:\/\/labemacosmetics.com\/en\/product\/nyx-professional-makeup-liquid-suede-cream-lipstick-4\/#primaryimage"},"thumbnailUrl":"https:\/\/labemacosmetics.com\/wp-content\/uploads\/2020\/02\/5.png","datePublished":"2020-02-22T19:33:22+00:00","dateModified":"2024-07-30T19:51:58+00:00","breadcrumb":{"@id":"https:\/\/labemacosmetics.com\/en\/product\/nyx-professional-makeup-liquid-suede-cream-lipstick-4\/#breadcrumb"},"inLanguage":"en-GB","potentialAction":[{"@type":"ReadAction","target":["https:\/\/labemacosmetics.com\/en\/product\/nyx-professional-makeup-liquid-suede-cream-lipstick-4\/"]}]},{"@type":"ImageObject","inLanguage":"en-GB","@id":"https:\/\/labemacosmetics.com\/en\/product\/nyx-professional-makeup-liquid-suede-cream-lipstick-4\/#primaryimage","url":"https:\/\/labemacosmetics.com\/wp-content\/uploads\/2020\/02\/5.png","contentUrl":"https:\/\/labemacosmetics.com\/wp-content\/uploads\/2020\/02\/5.png","width":600,"height":726,"caption":"NYX LSL 10"},{"@type":"BreadcrumbList","@id":"https:\/\/labemacosmetics.com\/en\/product\/nyx-professional-makeup-liquid-suede-cream-lipstick-4\/#breadcrumb","itemListElement":[{"@type":"ListItem","position":1,"name":"Accueil","item":"https:\/\/labemacosmetics.com\/"},{"@type":"ListItem","position":2,"name":"Produits","item":"https:\/\/labemacosmetics.com\/shop\/"},{"@type":"ListItem","position":3,"name":"NYX Rouge \u00e0 L\u00e8vres Liquid Suede Cream"}]},{"@type":"WebSite","@id":"https:\/\/labemacosmetics.com\/#website","url":"https:\/\/labemacosmetics.com\/","name":"Lab&eacute;ma Cosmetics","description":"","potentialAction":[{"@type":"SearchAction","target":{"@type":"EntryPoint","urlTemplate":"https:\/\/labemacosmetics.com\/?s={search_term_string}"},"query-input":{"@type":"PropertyValueSpecification","valueRequired":true,"valueName":"search_term_string"}}],"inLanguage":"en-GB"}]},"product_brand":"Nyx","og_availability":"instock","product_availability":"instock","product_condition":"new"},"_links":{"self":[{"href":"https:\/\/labemacosmetics.com\/en\/wp-json\/wp\/v2\/product\/6090","targetHints":{"allow":["GET"]}}],"collection":[{"href":"https:\/\/labemacosmetics.com\/en\/wp-json\/wp\/v2\/product"}],"about":[{"href":"https:\/\/labemacosmetics.com\/en\/wp-json\/wp\/v2\/types\/product"}],"replies":[{"embeddable":true,"href":"https:\/\/labemacosmetics.com\/en\/wp-json\/wp\/v2\/comments?post=6090"}],"version-history":[{"count":1,"href":"https:\/\/labemacosmetics.com\/en\/wp-json\/wp\/v2\/product\/6090\/revisions"}],"predecessor-version":[{"id":9622,"href":"https:\/\/labemacosmetics.com\/en\/wp-json\/wp\/v2\/product\/6090\/revisions\/9622"}],"wp:featuredmedia":[{"embeddable":true,"href":"https:\/\/labemacosmetics.com\/en\/wp-json\/wp\/v2\/media\/6088"}],"wp:attachment":[{"href":"https:\/\/labemacosmetics.com\/en\/wp-json\/wp\/v2\/media?parent=6090"}],"wp:term":[{"taxonomy":"product_brand","embeddable":true,"href":"https:\/\/labemacosmetics.com\/en\/wp-json\/wp\/v2\/product_brand?post=6090"},{"taxonomy":"product_cat","embeddable":true,"href":"https:\/\/labemacosmetics.com\/en\/wp-json\/wp\/v2\/product_cat?post=6090"},{"taxonomy":"product_tag","embeddable":true,"href":"https:\/\/labemacosmetics.com\/en\/wp-json\/wp\/v2\/product_tag?post=6090"}],"curies":[{"name":"wp","href":"https:\/\/api.w.org\/{rel}","templated":true}]}}