{"id":6067,"date":"2020-02-22T18:13:10","date_gmt":"2020-02-22T17:13:10","guid":{"rendered":"https:\/\/www.labemacosmetics.com\/?post_type=product&#038;p=6067"},"modified":"2023-05-21T13:49:18","modified_gmt":"2023-05-21T12:49:18","slug":"eau-micellaire-tout-en-1-pure-active-garnier","status":"publish","type":"product","link":"https:\/\/labemacosmetics.com\/en\/product\/eau-micellaire-tout-en-1-pure-active-garnier\/","title":{"rendered":"GARNIER Eau micellaire tout en 1 Pure Active"},"content":{"rendered":"<p>L&rsquo;eau micellaire Tout en 1 Pure Active purifie, nettoie et d\u00e9maquille en un seul geste et sans rin\u00e7age visage, yeux et l\u00e8vres.<br \/>\nImport\u00e9es de la pharmacie, les Micelles sont des actifs nettoyants qui agissent comme des aimants pour capturer les impuret\u00e9s, le maquillage et le s\u00e9bum pr\u00e9sents sur la peau, sans frotter.<\/p>\n<p>La Solution Micellaire Tout en 1 d\u00e9maquille tous types de maquillages, m\u00eame tenaces (waterproof, longue dur\u00e9e\u2026), nettoie et apaise en 1 seul geste visage, yeux et l\u00e8vres.<\/p>","protected":false},"excerpt":{"rendered":"<p>L&rsquo;eau micellaire Tout en 1 Pure Active purifie, nettoie et d\u00e9maquille en un seul geste et sans rin\u00e7age visage, yeux et l\u00e8vres.<br \/>\nImport\u00e9es de la pharmacie, les Micelles sont des actifs nettoyants qui agissent comme des aimants pour capturer les impuret\u00e9s, le maquillage et le s\u00e9bum pr\u00e9sents sur la peau, sans frotter.<\/p>","protected":false},"featured_media":6070,"comment_status":"closed","ping_status":"closed","template":"","meta":{"om_disable_all_campaigns":false,"_mi_skip_tracking":false,"_monsterinsights_sitenote_active":false,"_monsterinsights_sitenote_note":"","_monsterinsights_sitenote_category":0},"product_brand":[],"product_cat":[127,1774,515,512,128,513],"product_tag":[],"class_list":{"0":"post-6067","1":"product","2":"type-product","3":"status-publish","4":"has-post-thumbnail","6":"product_cat-boutique","7":"product_cat-demaquillants-eaux-micellaires","8":"product_cat-peaux-mixtes-a-grasses","9":"product_cat-produits-par-besoin","10":"product_cat-soin-de-visage","11":"product_cat-type-de-peau","12":"yith_product_brand-garnier","14":"first","15":"outofstock","16":"shipping-taxable","17":"purchasable","18":"product-type-simple"},"yoast_head":"<!-- This site is optimized with the Yoast SEO Premium plugin v20.8 (Yoast SEO v27.4) - https:\/\/yoast.com\/product\/yoast-seo-premium-wordpress\/ -->\n<title>GARNIER Eau micellaire tout en 1 Pure Active - Lab&eacute;ma Cosmetics<\/title>\n<meta name=\"robots\" content=\"index, follow, max-snippet:-1, max-image-preview:large, max-video-preview:-1\" \/>\n<link rel=\"canonical\" href=\"https:\/\/labemacosmetics.com\/en\/product\/eau-micellaire-tout-en-1-pure-active-garnier\/\" \/>\n<meta property=\"og:locale\" content=\"en_GB\" \/>\n<meta property=\"og:type\" content=\"article\" \/>\n<meta property=\"og:title\" content=\"GARNIER Eau micellaire tout en 1 Pure Active\" \/>\n<meta property=\"og:description\" content=\"L&#039;eau micellaire Tout en 1 Pure Active purifie, nettoie et d\u00e9maquille en un seul geste et sans rin\u00e7age visage, yeux et l\u00e8vres. Import\u00e9es de la pharmacie, les Micelles sont des actifs nettoyants qui agissent comme des aimants pour capturer les impuret\u00e9s, le maquillage et le s\u00e9bum pr\u00e9sents sur la peau, sans frotter.\" \/>\n<meta property=\"og:url\" content=\"https:\/\/labemacosmetics.com\/en\/product\/eau-micellaire-tout-en-1-pure-active-garnier\/\" \/>\n<meta property=\"og:site_name\" content=\"Lab&eacute;ma Cosmetics\" \/>\n<meta property=\"article:publisher\" content=\"http:\/\/www.facebook.com\/labemacosmetics\" \/>\n<meta property=\"article:modified_time\" content=\"2023-05-21T12:49:18+00:00\" \/>\n<meta property=\"og:image\" content=\"https:\/\/labemacosmetics.com\/wp-content\/uploads\/2020\/02\/Sans-titre-4.png\" \/>\n\t<meta property=\"og:image:width\" content=\"600\" \/>\n\t<meta property=\"og:image:height\" content=\"726\" \/>\n\t<meta property=\"og:image:type\" content=\"image\/png\" \/>\n<meta name=\"twitter:card\" content=\"summary_large_image\" \/>\n<meta name=\"twitter:site\" content=\"@Labemasn\" \/>\n<meta name=\"twitter:label1\" content=\"Price\" \/>\n\t<meta name=\"twitter:data1\" content=\"8 000&nbsp;CFA\" \/>\n\t<meta name=\"twitter:label2\" content=\"Availability\" \/>\n\t<meta name=\"twitter:data2\" content=\"Out of stock\" \/>\n<script type=\"application\/ld+json\" class=\"yoast-schema-graph\">{\"@context\":\"https:\\\/\\\/schema.org\",\"@graph\":[{\"@type\":\"WebPage\",\"@id\":\"https:\\\/\\\/labemacosmetics.com\\\/en\\\/product\\\/eau-micellaire-tout-en-1-pure-active-garnier\\\/\",\"url\":\"https:\\\/\\\/labemacosmetics.com\\\/en\\\/product\\\/eau-micellaire-tout-en-1-pure-active-garnier\\\/\",\"name\":\"GARNIER Eau micellaire tout en 1 Pure Active - Lab&eacute;ma Cosmetics\",\"isPartOf\":{\"@id\":\"https:\\\/\\\/labemacosmetics.com\\\/#website\"},\"primaryImageOfPage\":{\"@id\":\"https:\\\/\\\/labemacosmetics.com\\\/en\\\/product\\\/eau-micellaire-tout-en-1-pure-active-garnier\\\/#primaryimage\"},\"image\":{\"@id\":\"https:\\\/\\\/labemacosmetics.com\\\/en\\\/product\\\/eau-micellaire-tout-en-1-pure-active-garnier\\\/#primaryimage\"},\"thumbnailUrl\":\"https:\\\/\\\/labemacosmetics.com\\\/wp-content\\\/uploads\\\/2020\\\/02\\\/Sans-titre-4.png\",\"datePublished\":\"2020-02-22T17:13:10+00:00\",\"dateModified\":\"2023-05-21T12:49:18+00:00\",\"breadcrumb\":{\"@id\":\"https:\\\/\\\/labemacosmetics.com\\\/en\\\/product\\\/eau-micellaire-tout-en-1-pure-active-garnier\\\/#breadcrumb\"},\"inLanguage\":\"en-GB\",\"potentialAction\":[{\"@type\":\"ReadAction\",\"target\":[\"https:\\\/\\\/labemacosmetics.com\\\/en\\\/product\\\/eau-micellaire-tout-en-1-pure-active-garnier\\\/\"]}]},{\"@type\":\"ImageObject\",\"inLanguage\":\"en-GB\",\"@id\":\"https:\\\/\\\/labemacosmetics.com\\\/en\\\/product\\\/eau-micellaire-tout-en-1-pure-active-garnier\\\/#primaryimage\",\"url\":\"https:\\\/\\\/labemacosmetics.com\\\/wp-content\\\/uploads\\\/2020\\\/02\\\/Sans-titre-4.png\",\"contentUrl\":\"https:\\\/\\\/labemacosmetics.com\\\/wp-content\\\/uploads\\\/2020\\\/02\\\/Sans-titre-4.png\",\"width\":600,\"height\":726},{\"@type\":\"BreadcrumbList\",\"@id\":\"https:\\\/\\\/labemacosmetics.com\\\/en\\\/product\\\/eau-micellaire-tout-en-1-pure-active-garnier\\\/#breadcrumb\",\"itemListElement\":[{\"@type\":\"ListItem\",\"position\":1,\"name\":\"Accueil\",\"item\":\"https:\\\/\\\/labemacosmetics.com\\\/\"},{\"@type\":\"ListItem\",\"position\":2,\"name\":\"Produits\",\"item\":\"https:\\\/\\\/labemacosmetics.com\\\/shop\\\/\"},{\"@type\":\"ListItem\",\"position\":3,\"name\":\"GARNIER Eau micellaire tout en 1 Pure Active\"}]},{\"@type\":\"WebSite\",\"@id\":\"https:\\\/\\\/labemacosmetics.com\\\/#website\",\"url\":\"https:\\\/\\\/labemacosmetics.com\\\/\",\"name\":\"Lab&eacute;ma Cosmetics\",\"description\":\"\",\"potentialAction\":[{\"@type\":\"SearchAction\",\"target\":{\"@type\":\"EntryPoint\",\"urlTemplate\":\"https:\\\/\\\/labemacosmetics.com\\\/?s={search_term_string}\"},\"query-input\":{\"@type\":\"PropertyValueSpecification\",\"valueRequired\":true,\"valueName\":\"search_term_string\"}}],\"inLanguage\":\"en-GB\"}]}<\/script>\n<meta property=\"product:brand\" content=\"Garnier\" \/>\n<meta property=\"product:price:amount\" content=\"8000\" \/>\n<meta property=\"product:price:currency\" content=\"XOF\" \/>\n<meta property=\"og:availability\" content=\"out of stock\" \/>\n<meta property=\"product:availability\" content=\"out of stock\" \/>\n<meta property=\"product:condition\" content=\"new\" \/>\n<!-- \/ Yoast SEO Premium plugin. -->","yoast_head_json":{"title":"GARNIER Eau micellaire tout en 1 Pure Active - Lab&eacute;ma Cosmetics","robots":{"index":"index","follow":"follow","max-snippet":"max-snippet:-1","max-image-preview":"max-image-preview:large","max-video-preview":"max-video-preview:-1"},"canonical":"https:\/\/labemacosmetics.com\/en\/product\/eau-micellaire-tout-en-1-pure-active-garnier\/","og_locale":"en_GB","og_type":"article","og_title":"GARNIER Eau micellaire tout en 1 Pure Active","og_description":"L'eau micellaire Tout en 1 Pure Active purifie, nettoie et d\u00e9maquille en un seul geste et sans rin\u00e7age visage, yeux et l\u00e8vres. Import\u00e9es de la pharmacie, les Micelles sont des actifs nettoyants qui agissent comme des aimants pour capturer les impuret\u00e9s, le maquillage et le s\u00e9bum pr\u00e9sents sur la peau, sans frotter.","og_url":"https:\/\/labemacosmetics.com\/en\/product\/eau-micellaire-tout-en-1-pure-active-garnier\/","og_site_name":"Lab&eacute;ma Cosmetics","article_publisher":"http:\/\/www.facebook.com\/labemacosmetics","article_modified_time":"2023-05-21T12:49:18+00:00","og_image":[{"width":600,"height":726,"url":"https:\/\/labemacosmetics.com\/wp-content\/uploads\/2020\/02\/Sans-titre-4.png","type":"image\/png"}],"twitter_card":"summary_large_image","twitter_site":"@Labemasn","twitter_misc":{"Price":"8 000&nbsp;CFA","Availability":"Out of stock"},"schema":{"@context":"https:\/\/schema.org","@graph":[{"@type":"WebPage","@id":"https:\/\/labemacosmetics.com\/en\/product\/eau-micellaire-tout-en-1-pure-active-garnier\/","url":"https:\/\/labemacosmetics.com\/en\/product\/eau-micellaire-tout-en-1-pure-active-garnier\/","name":"GARNIER Eau micellaire tout en 1 Pure Active - Lab&eacute;ma Cosmetics","isPartOf":{"@id":"https:\/\/labemacosmetics.com\/#website"},"primaryImageOfPage":{"@id":"https:\/\/labemacosmetics.com\/en\/product\/eau-micellaire-tout-en-1-pure-active-garnier\/#primaryimage"},"image":{"@id":"https:\/\/labemacosmetics.com\/en\/product\/eau-micellaire-tout-en-1-pure-active-garnier\/#primaryimage"},"thumbnailUrl":"https:\/\/labemacosmetics.com\/wp-content\/uploads\/2020\/02\/Sans-titre-4.png","datePublished":"2020-02-22T17:13:10+00:00","dateModified":"2023-05-21T12:49:18+00:00","breadcrumb":{"@id":"https:\/\/labemacosmetics.com\/en\/product\/eau-micellaire-tout-en-1-pure-active-garnier\/#breadcrumb"},"inLanguage":"en-GB","potentialAction":[{"@type":"ReadAction","target":["https:\/\/labemacosmetics.com\/en\/product\/eau-micellaire-tout-en-1-pure-active-garnier\/"]}]},{"@type":"ImageObject","inLanguage":"en-GB","@id":"https:\/\/labemacosmetics.com\/en\/product\/eau-micellaire-tout-en-1-pure-active-garnier\/#primaryimage","url":"https:\/\/labemacosmetics.com\/wp-content\/uploads\/2020\/02\/Sans-titre-4.png","contentUrl":"https:\/\/labemacosmetics.com\/wp-content\/uploads\/2020\/02\/Sans-titre-4.png","width":600,"height":726},{"@type":"BreadcrumbList","@id":"https:\/\/labemacosmetics.com\/en\/product\/eau-micellaire-tout-en-1-pure-active-garnier\/#breadcrumb","itemListElement":[{"@type":"ListItem","position":1,"name":"Accueil","item":"https:\/\/labemacosmetics.com\/"},{"@type":"ListItem","position":2,"name":"Produits","item":"https:\/\/labemacosmetics.com\/shop\/"},{"@type":"ListItem","position":3,"name":"GARNIER Eau micellaire tout en 1 Pure Active"}]},{"@type":"WebSite","@id":"https:\/\/labemacosmetics.com\/#website","url":"https:\/\/labemacosmetics.com\/","name":"Lab&eacute;ma Cosmetics","description":"","potentialAction":[{"@type":"SearchAction","target":{"@type":"EntryPoint","urlTemplate":"https:\/\/labemacosmetics.com\/?s={search_term_string}"},"query-input":{"@type":"PropertyValueSpecification","valueRequired":true,"valueName":"search_term_string"}}],"inLanguage":"en-GB"}]},"product_brand":"Garnier","product_price_amount":"8000","product_price_currency":"XOF","og_availability":"out of stock","product_availability":"out of stock","product_condition":"new"},"_links":{"self":[{"href":"https:\/\/labemacosmetics.com\/en\/wp-json\/wp\/v2\/product\/6067","targetHints":{"allow":["GET"]}}],"collection":[{"href":"https:\/\/labemacosmetics.com\/en\/wp-json\/wp\/v2\/product"}],"about":[{"href":"https:\/\/labemacosmetics.com\/en\/wp-json\/wp\/v2\/types\/product"}],"replies":[{"embeddable":true,"href":"https:\/\/labemacosmetics.com\/en\/wp-json\/wp\/v2\/comments?post=6067"}],"version-history":[{"count":0,"href":"https:\/\/labemacosmetics.com\/en\/wp-json\/wp\/v2\/product\/6067\/revisions"}],"wp:featuredmedia":[{"embeddable":true,"href":"https:\/\/labemacosmetics.com\/en\/wp-json\/wp\/v2\/media\/6070"}],"wp:attachment":[{"href":"https:\/\/labemacosmetics.com\/en\/wp-json\/wp\/v2\/media?parent=6067"}],"wp:term":[{"taxonomy":"product_brand","embeddable":true,"href":"https:\/\/labemacosmetics.com\/en\/wp-json\/wp\/v2\/product_brand?post=6067"},{"taxonomy":"product_cat","embeddable":true,"href":"https:\/\/labemacosmetics.com\/en\/wp-json\/wp\/v2\/product_cat?post=6067"},{"taxonomy":"product_tag","embeddable":true,"href":"https:\/\/labemacosmetics.com\/en\/wp-json\/wp\/v2\/product_tag?post=6067"}],"curies":[{"name":"wp","href":"https:\/\/api.w.org\/{rel}","templated":true}]}}