{"id":5902,"date":"2020-02-21T16:26:13","date_gmt":"2020-02-21T15:26:13","guid":{"rendered":"https:\/\/www.labemacosmetics.com\/?post_type=product&#038;p=5902"},"modified":"2025-09-14T22:02:30","modified_gmt":"2025-09-14T21:02:30","slug":"the-body-shop-3-en-1-nettoyage-gommage-masque","status":"publish","type":"product","link":"https:\/\/labemacosmetics.com\/en\/product\/the-body-shop-3-en-1-nettoyage-gommage-masque\/","title":{"rendered":"THE BODY SHOP 3-en-1 Nettoyage Gommage Masque Tea Tree"},"content":{"rendered":"<p data-ng-bind=\"product.description\">The body shop\u00a0 3 en 1 Nettoyage gommage Masque multit\u00e2ches est doux avec la peau mais dur avec les imperfections. \u00c0 base d\u2019argile de kaolin moussant, de min\u00e9raux volcaniques et d\u2019huile d\u2019arbre \u00e0 th\u00e9 issue du Commerce \u00c9quitable, il emp\u00eache les pores de s\u2019obstruer, lutte contre les points noirs et la peau grasse. Il est l\u2019alli\u00e9 id\u00e9al des peaux \u00e0 imperfections. Utilisez notre nettoyant 3-en-1 comme :<\/p>\n<ul>\n<li>Un nettoyant quotidien pour purifier la peau<\/li>\n<li>Un exfoliant pour resserrer les pores et lisser le grain de peau<\/li>\n<li>Un masque pour traiter la peau en profondeur et la matifier<\/li>\n<li>100% vegan<\/li>\n<\/ul>\n<h2>Utilisation The Body Shop 3 en 1 nettoyant gommage masque<\/h2>\n<p>En tant que Nettoyant : appliquer sur une face mouill\u00e9e et rincer.<\/p>\n<p>En gommage : masser d\u00e9licatement sur un visage mouill\u00e9 et rincer.<\/p>\n<p>Comme masque : appliquez 1-2 fois par semaine et laissez reposer 5 minutes avant de rincer.<\/p>\n<p>Pour de meilleurs r\u00e9sultats, combinez-vous avec d\u2019autres produits de notre gamme Tea Tree.<\/p>\n<h2>Ingr\u00e9dients<\/h2>\n<p>Aqua, Kaolin, Glycerin, Propanediol, Magnesium Aluminum Silicate, Perlite, Xanthan Gum, Cocamidopropyl Betaine, Sodium Laureth Sulfate, Decyl Glucoside, PEG-7 Glyceryl Cocoate, Alcohol Denat., Copernicia Cerifera Cera, Phenoxyethanol, Talc, Melaleuca Alternifolia Leaf Oil, Cera Alba, Sodium Chloride, Salicylic Acid, Calophyllum Inophyllum Seed Oil, Citric Acid, Ethylhexylglycerin, Menthol, Sodium Benzoate, Disodium EDTA, Tetrasodium Pyrophosphate, Limonene, Leptospermum Petersonii Oil, Tocopherol, CI 77891, CI 77499.<\/p>","protected":false},"excerpt":{"rendered":"<p>The body shop\u00a0 <a href=\"https:\/\/labemacosmetics.com\/en\/product-brands\/all-brands\/the-body-shop\/?v=92666505ce75\"> 3 en 1 Nettoyage<\/a> gommage Masque multit\u00e2ches est doux avec la peau mais dur avec les imperfections. \u00c0 base d\u2019argile de kaolin moussant, de min\u00e9raux volcaniques et d\u2019huile d\u2019arbre \u00e0 th\u00e9 issue du Commerce \u00c9quitable, il emp\u00eache les pores de s\u2019obstruer, lutte contre les points noirs et la peau grasse. I<\/p>","protected":false},"featured_media":5903,"comment_status":"closed","ping_status":"closed","template":"","meta":{"om_disable_all_campaigns":false,"_mi_skip_tracking":false,"_monsterinsights_sitenote_active":false,"_monsterinsights_sitenote_note":"","_monsterinsights_sitenote_category":0},"product_brand":[],"product_cat":[127,520,1742,519,515,512,128,513],"product_tag":[542,541,543,545,547,155,268],"class_list":{"0":"post-5902","1":"product","2":"type-product","3":"status-publish","4":"has-post-thumbnail","6":"product_cat-boutique","7":"product_cat-gommage-peeling","8":"product_cat-masques","9":"product_cat-nettoyants","10":"product_cat-peaux-mixtes-a-grasses","11":"product_cat-produits-par-besoin","12":"product_cat-soin-de-visage","13":"product_cat-type-de-peau","14":"product_tag-nette","15":"product_tag-nettoyant","16":"product_tag-peaux-grasses","17":"product_tag-routine-visage","18":"product_tag-teint-unifie","19":"product_tag-visage","20":"product_tag-zero-defaut","21":"yith_product_brand-the-body-shop","23":"first","24":"instock","25":"shipping-taxable","26":"purchasable","27":"product-type-simple"},"yoast_head":"<!-- This site is optimized with the Yoast SEO Premium plugin v20.8 (Yoast SEO v27.4) - https:\/\/yoast.com\/product\/yoast-seo-premium-wordpress\/ -->\n<title>The Body Shop THE BODY SHOP 3-en-1 Nettoyage Gommage Masque Tea Tree - Lab&eacute;ma Cosmetics | Dakar<\/title>\n<meta name=\"description\" content=\"The body shop\u00a03 en 1 Nettoyage gommage Masque multit\u00e2ches est doux avec la peau mais dur avec les imperfections. \u00c0 base d\u2019argile de kaolin ...\" \/>\n<meta name=\"robots\" content=\"index, follow, max-snippet:-1, max-image-preview:large, max-video-preview:-1\" \/>\n<link rel=\"canonical\" href=\"https:\/\/labemacosmetics.com\/en\/product\/the-body-shop-3-en-1-nettoyage-gommage-masque\/\" \/>\n<meta property=\"og:locale\" content=\"en_GB\" \/>\n<meta property=\"og:type\" content=\"article\" \/>\n<meta property=\"og:title\" content=\"THE BODY SHOP 3-en-1 Nettoyage Gommage Masque Tea Tree\" \/>\n<meta property=\"og:description\" content=\"The body shop\u00a03 en 1 Nettoyage gommage Masque multit\u00e2ches est doux avec la peau mais dur avec les imperfections. \u00c0 base d\u2019argile de kaolin ...\" \/>\n<meta property=\"og:url\" content=\"https:\/\/labemacosmetics.com\/en\/product\/the-body-shop-3-en-1-nettoyage-gommage-masque\/\" \/>\n<meta property=\"og:site_name\" content=\"Lab&eacute;ma Cosmetics\" \/>\n<meta property=\"article:publisher\" content=\"http:\/\/www.facebook.com\/labemacosmetics\" \/>\n<meta property=\"article:modified_time\" content=\"2025-09-14T21:02:30+00:00\" \/>\n<meta property=\"og:image\" content=\"https:\/\/labemacosmetics.com\/wp-content\/uploads\/2020\/02\/Thebodyshop_Nettoyant-3en1.png\" \/>\n\t<meta property=\"og:image:width\" content=\"600\" \/>\n\t<meta property=\"og:image:height\" content=\"726\" \/>\n\t<meta property=\"og:image:type\" content=\"image\/png\" \/>\n<meta name=\"twitter:card\" content=\"summary_large_image\" \/>\n<meta name=\"twitter:site\" content=\"@Labemasn\" \/>\n<meta name=\"twitter:label1\" content=\"Price\" \/>\n\t<meta name=\"twitter:data1\" content=\"11 000&nbsp;CFA\" \/>\n\t<meta name=\"twitter:label2\" content=\"Availability\" \/>\n\t<meta name=\"twitter:data2\" content=\"In stock\" \/>\n<script type=\"application\/ld+json\" class=\"yoast-schema-graph\">{\"@context\":\"https:\\\/\\\/schema.org\",\"@graph\":[{\"@type\":\"WebPage\",\"@id\":\"https:\\\/\\\/labemacosmetics.com\\\/en\\\/product\\\/the-body-shop-3-en-1-nettoyage-gommage-masque\\\/\",\"url\":\"https:\\\/\\\/labemacosmetics.com\\\/en\\\/product\\\/the-body-shop-3-en-1-nettoyage-gommage-masque\\\/\",\"name\":\"The Body Shop THE BODY SHOP 3-en-1 Nettoyage Gommage Masque Tea Tree - Lab&eacute;ma Cosmetics | Dakar\",\"isPartOf\":{\"@id\":\"https:\\\/\\\/labemacosmetics.com\\\/#website\"},\"primaryImageOfPage\":{\"@id\":\"https:\\\/\\\/labemacosmetics.com\\\/en\\\/product\\\/the-body-shop-3-en-1-nettoyage-gommage-masque\\\/#primaryimage\"},\"image\":{\"@id\":\"https:\\\/\\\/labemacosmetics.com\\\/en\\\/product\\\/the-body-shop-3-en-1-nettoyage-gommage-masque\\\/#primaryimage\"},\"thumbnailUrl\":\"https:\\\/\\\/labemacosmetics.com\\\/wp-content\\\/uploads\\\/2020\\\/02\\\/Thebodyshop_Nettoyant-3en1.png\",\"datePublished\":\"2020-02-21T15:26:13+00:00\",\"dateModified\":\"2025-09-14T21:02:30+00:00\",\"description\":\"The body shop\u00a03 en 1 Nettoyage gommage Masque multit\u00e2ches est doux avec la peau mais dur avec les imperfections. \u00c0 base d\u2019argile de kaolin ...\",\"breadcrumb\":{\"@id\":\"https:\\\/\\\/labemacosmetics.com\\\/en\\\/product\\\/the-body-shop-3-en-1-nettoyage-gommage-masque\\\/#breadcrumb\"},\"inLanguage\":\"en-GB\",\"potentialAction\":[{\"@type\":\"ReadAction\",\"target\":[\"https:\\\/\\\/labemacosmetics.com\\\/en\\\/product\\\/the-body-shop-3-en-1-nettoyage-gommage-masque\\\/\"]}]},{\"@type\":\"ImageObject\",\"inLanguage\":\"en-GB\",\"@id\":\"https:\\\/\\\/labemacosmetics.com\\\/en\\\/product\\\/the-body-shop-3-en-1-nettoyage-gommage-masque\\\/#primaryimage\",\"url\":\"https:\\\/\\\/labemacosmetics.com\\\/wp-content\\\/uploads\\\/2020\\\/02\\\/Thebodyshop_Nettoyant-3en1.png\",\"contentUrl\":\"https:\\\/\\\/labemacosmetics.com\\\/wp-content\\\/uploads\\\/2020\\\/02\\\/Thebodyshop_Nettoyant-3en1.png\",\"width\":600,\"height\":726,\"caption\":\"3-en-1 Nettoyage Gommage Masque Arbre \u00e0 Th\u00e9\"},{\"@type\":\"BreadcrumbList\",\"@id\":\"https:\\\/\\\/labemacosmetics.com\\\/en\\\/product\\\/the-body-shop-3-en-1-nettoyage-gommage-masque\\\/#breadcrumb\",\"itemListElement\":[{\"@type\":\"ListItem\",\"position\":1,\"name\":\"Accueil\",\"item\":\"https:\\\/\\\/labemacosmetics.com\\\/\"},{\"@type\":\"ListItem\",\"position\":2,\"name\":\"Produits\",\"item\":\"https:\\\/\\\/labemacosmetics.com\\\/shop\\\/\"},{\"@type\":\"ListItem\",\"position\":3,\"name\":\"THE BODY SHOP 3-en-1 Nettoyage Gommage Masque Tea Tree\"}]},{\"@type\":\"WebSite\",\"@id\":\"https:\\\/\\\/labemacosmetics.com\\\/#website\",\"url\":\"https:\\\/\\\/labemacosmetics.com\\\/\",\"name\":\"Lab&eacute;ma Cosmetics\",\"description\":\"\",\"potentialAction\":[{\"@type\":\"SearchAction\",\"target\":{\"@type\":\"EntryPoint\",\"urlTemplate\":\"https:\\\/\\\/labemacosmetics.com\\\/?s={search_term_string}\"},\"query-input\":{\"@type\":\"PropertyValueSpecification\",\"valueRequired\":true,\"valueName\":\"search_term_string\"}}],\"inLanguage\":\"en-GB\"}]}<\/script>\n<meta property=\"product:brand\" content=\"The Body Shop\" \/>\n<meta property=\"product:price:amount\" content=\"11000\" \/>\n<meta property=\"product:price:currency\" content=\"XOF\" \/>\n<meta property=\"og:availability\" content=\"instock\" \/>\n<meta property=\"product:availability\" content=\"instock\" \/>\n<meta property=\"product:condition\" content=\"new\" \/>\n<!-- \/ Yoast SEO Premium plugin. -->","yoast_head_json":{"title":"The Body Shop THE BODY SHOP 3-en-1 Nettoyage Gommage Masque Tea Tree - Lab&eacute;ma Cosmetics | Dakar","description":"The body shop\u00a03 en 1 Nettoyage gommage Masque multit\u00e2ches est doux avec la peau mais dur avec les imperfections. \u00c0 base d\u2019argile de kaolin ...","robots":{"index":"index","follow":"follow","max-snippet":"max-snippet:-1","max-image-preview":"max-image-preview:large","max-video-preview":"max-video-preview:-1"},"canonical":"https:\/\/labemacosmetics.com\/en\/product\/the-body-shop-3-en-1-nettoyage-gommage-masque\/","og_locale":"en_GB","og_type":"article","og_title":"THE BODY SHOP 3-en-1 Nettoyage Gommage Masque Tea Tree","og_description":"The body shop\u00a03 en 1 Nettoyage gommage Masque multit\u00e2ches est doux avec la peau mais dur avec les imperfections. \u00c0 base d\u2019argile de kaolin ...","og_url":"https:\/\/labemacosmetics.com\/en\/product\/the-body-shop-3-en-1-nettoyage-gommage-masque\/","og_site_name":"Lab&eacute;ma Cosmetics","article_publisher":"http:\/\/www.facebook.com\/labemacosmetics","article_modified_time":"2025-09-14T21:02:30+00:00","og_image":[{"width":600,"height":726,"url":"https:\/\/labemacosmetics.com\/wp-content\/uploads\/2020\/02\/Thebodyshop_Nettoyant-3en1.png","type":"image\/png"}],"twitter_card":"summary_large_image","twitter_site":"@Labemasn","twitter_misc":{"Price":"11 000&nbsp;CFA","Availability":"In stock"},"schema":{"@context":"https:\/\/schema.org","@graph":[{"@type":"WebPage","@id":"https:\/\/labemacosmetics.com\/en\/product\/the-body-shop-3-en-1-nettoyage-gommage-masque\/","url":"https:\/\/labemacosmetics.com\/en\/product\/the-body-shop-3-en-1-nettoyage-gommage-masque\/","name":"The Body Shop THE BODY SHOP 3-en-1 Nettoyage Gommage Masque Tea Tree - Lab&eacute;ma Cosmetics | Dakar","isPartOf":{"@id":"https:\/\/labemacosmetics.com\/#website"},"primaryImageOfPage":{"@id":"https:\/\/labemacosmetics.com\/en\/product\/the-body-shop-3-en-1-nettoyage-gommage-masque\/#primaryimage"},"image":{"@id":"https:\/\/labemacosmetics.com\/en\/product\/the-body-shop-3-en-1-nettoyage-gommage-masque\/#primaryimage"},"thumbnailUrl":"https:\/\/labemacosmetics.com\/wp-content\/uploads\/2020\/02\/Thebodyshop_Nettoyant-3en1.png","datePublished":"2020-02-21T15:26:13+00:00","dateModified":"2025-09-14T21:02:30+00:00","description":"The body shop\u00a03 en 1 Nettoyage gommage Masque multit\u00e2ches est doux avec la peau mais dur avec les imperfections. \u00c0 base d\u2019argile de kaolin ...","breadcrumb":{"@id":"https:\/\/labemacosmetics.com\/en\/product\/the-body-shop-3-en-1-nettoyage-gommage-masque\/#breadcrumb"},"inLanguage":"en-GB","potentialAction":[{"@type":"ReadAction","target":["https:\/\/labemacosmetics.com\/en\/product\/the-body-shop-3-en-1-nettoyage-gommage-masque\/"]}]},{"@type":"ImageObject","inLanguage":"en-GB","@id":"https:\/\/labemacosmetics.com\/en\/product\/the-body-shop-3-en-1-nettoyage-gommage-masque\/#primaryimage","url":"https:\/\/labemacosmetics.com\/wp-content\/uploads\/2020\/02\/Thebodyshop_Nettoyant-3en1.png","contentUrl":"https:\/\/labemacosmetics.com\/wp-content\/uploads\/2020\/02\/Thebodyshop_Nettoyant-3en1.png","width":600,"height":726,"caption":"3-en-1 Nettoyage Gommage Masque Arbre \u00e0 Th\u00e9"},{"@type":"BreadcrumbList","@id":"https:\/\/labemacosmetics.com\/en\/product\/the-body-shop-3-en-1-nettoyage-gommage-masque\/#breadcrumb","itemListElement":[{"@type":"ListItem","position":1,"name":"Accueil","item":"https:\/\/labemacosmetics.com\/"},{"@type":"ListItem","position":2,"name":"Produits","item":"https:\/\/labemacosmetics.com\/shop\/"},{"@type":"ListItem","position":3,"name":"THE BODY SHOP 3-en-1 Nettoyage Gommage Masque Tea Tree"}]},{"@type":"WebSite","@id":"https:\/\/labemacosmetics.com\/#website","url":"https:\/\/labemacosmetics.com\/","name":"Lab&eacute;ma Cosmetics","description":"","potentialAction":[{"@type":"SearchAction","target":{"@type":"EntryPoint","urlTemplate":"https:\/\/labemacosmetics.com\/?s={search_term_string}"},"query-input":{"@type":"PropertyValueSpecification","valueRequired":true,"valueName":"search_term_string"}}],"inLanguage":"en-GB"}]},"product_brand":"The Body Shop","product_price_amount":"11000","product_price_currency":"XOF","og_availability":"instock","product_availability":"instock","product_condition":"new"},"_links":{"self":[{"href":"https:\/\/labemacosmetics.com\/en\/wp-json\/wp\/v2\/product\/5902","targetHints":{"allow":["GET"]}}],"collection":[{"href":"https:\/\/labemacosmetics.com\/en\/wp-json\/wp\/v2\/product"}],"about":[{"href":"https:\/\/labemacosmetics.com\/en\/wp-json\/wp\/v2\/types\/product"}],"replies":[{"embeddable":true,"href":"https:\/\/labemacosmetics.com\/en\/wp-json\/wp\/v2\/comments?post=5902"}],"version-history":[{"count":0,"href":"https:\/\/labemacosmetics.com\/en\/wp-json\/wp\/v2\/product\/5902\/revisions"}],"wp:featuredmedia":[{"embeddable":true,"href":"https:\/\/labemacosmetics.com\/en\/wp-json\/wp\/v2\/media\/5903"}],"wp:attachment":[{"href":"https:\/\/labemacosmetics.com\/en\/wp-json\/wp\/v2\/media?parent=5902"}],"wp:term":[{"taxonomy":"product_brand","embeddable":true,"href":"https:\/\/labemacosmetics.com\/en\/wp-json\/wp\/v2\/product_brand?post=5902"},{"taxonomy":"product_cat","embeddable":true,"href":"https:\/\/labemacosmetics.com\/en\/wp-json\/wp\/v2\/product_cat?post=5902"},{"taxonomy":"product_tag","embeddable":true,"href":"https:\/\/labemacosmetics.com\/en\/wp-json\/wp\/v2\/product_tag?post=5902"}],"curies":[{"name":"wp","href":"https:\/\/api.w.org\/{rel}","templated":true}]}}