{"id":5900,"date":"2020-02-21T16:17:29","date_gmt":"2020-02-21T15:17:29","guid":{"rendered":"https:\/\/www.labemacosmetics.com\/?post_type=product&#038;p=5900"},"modified":"2025-04-25T19:37:37","modified_gmt":"2025-04-25T18:37:37","slug":"the-body-shop-lotion-matifiante","status":"publish","type":"product","link":"https:\/\/labemacosmetics.com\/en\/product\/the-body-shop-lotion-matifiante\/","title":{"rendered":"THE BODY SHOP Lotion Matifiante Arbre \u00e0 Th\u00e9"},"content":{"rendered":"<p data-ng-bind=\"product.description\">The body shop Lotion matifiante \u00e0 l\u2019arbre \u00e0 th\u00e9 pour peaux \u00e0 imperfections hydrate la peau en douceur tout au long de la journ\u00e9e. Infus\u00e9e \u00e0 l\u2019huile d\u2019arbre \u00e0 th\u00e9 biologique, cette lotion p\u00e9n\u00e8tre rapidement la peau pour hydrater, d\u00e9sobstruer les pores et un r\u00e9sultat moins gras. Utiliser quotidiennement pour un teint mat, sans brillance.<\/p>\n<ul>\n<li>Hydratant de jour \u00e0 la texture l\u00e9g\u00e8re formul\u00e9 sp\u00e9cifiquement pour les peaux sujettes aux imperfections<\/li>\n<li>Contient de l\u2019huile d\u2019arbre \u00e0 th\u00e9 purifiante produite sur les collines du mont Kenya<\/li>\n<li>Hydrate les peaux sujettes aux imperfections au quotidien<\/li>\n<li>Texture non grasse qui p\u00e9n\u00e8tre facilement<\/li>\n<li>Matifie instantan\u00e9ment<\/li>\n<\/ul>\n<h2>Utilisation<\/h2>\n<p>Appliquer le matin apr\u00e8s le nettoyant et le s\u00e9rum habituels, faire p\u00e9n\u00e9trer par des mouvements circulaires. \u00c0 utiliser en compl\u00e9ment des autres produits de la gamme \u00e0 l\u2019arbre \u00e0 th\u00e9.<\/p>\n<h2>Ingr\u00e9dients The Body Shop lotion Matifiante<\/h2>\n<p>Aqua, Cyclopentasiloxane, Cyclohexasiloxane, Aluminum Starch Octenylsuccinate, Dimethicone\/Vinyl Dimethicone Crosspolymer, Caprylyl Glycol, Melaleuca Alternifolia Leaf Oil, Acrylamide\/Ammonium Acrylate Copolymer, Calophyllum Inophyllum Seed Oil, Salix Alba Bark Extract, Polyisobutene, Acrylates\/C10-30 Alkyl Acrylate Crosspolymer, Polysorbate 20, Sorbitan Isostearate, Sodium Hydroxide, Limonene, Laureth-4, PEG-30 Dipolyhydroxystearate, Trideceth-6, Citral, Citronellol, Leptospermum Petersonii Oil, Tocopherol.<\/p>","protected":false},"excerpt":{"rendered":"<p><a href=\"https:\/\/labemacosmetics.com\/en\/product-brands\/all-brands\/the-body-shop\/?v=92666505ce75\">The body shop<\/a> Lotion matifiante \u00e0 l\u2019arbre \u00e0 th\u00e9 pour peaux \u00e0 imperfections hydrate la peau en douceur tout au long de la journ\u00e9e. Infus\u00e9e \u00e0 l\u2019huile d\u2019arbre \u00e0 th\u00e9 biologique, <a href=\"https:\/\/www.thebodyshop.com\/fr-fr\/soins-visage\/soins-de-jour\/lotion-purifiante-arbre-a-the\/p\/p000704\">cette lotion<\/a> p\u00e9n\u00e8tre rapidement la peau pour hydrater, d\u00e9sobstruer les pores et un r\u00e9sultat moins gras. Utiliser quotidiennement pour un teint mat, sans brillance.<\/p>","protected":false},"featured_media":5901,"comment_status":"closed","ping_status":"closed","template":"","meta":{"om_disable_all_campaigns":false,"_mi_skip_tracking":false,"_monsterinsights_sitenote_active":false,"_monsterinsights_sitenote_note":"","_monsterinsights_sitenote_category":0},"product_brand":[],"product_cat":[127,549,515,512,128,513],"product_tag":[542,541,543,545,547,155,268],"class_list":{"0":"post-5900","1":"product","2":"type-product","3":"status-publish","4":"has-post-thumbnail","6":"product_cat-boutique","7":"product_cat-lotion-toner","8":"product_cat-peaux-mixtes-a-grasses","9":"product_cat-produits-par-besoin","10":"product_cat-soin-de-visage","11":"product_cat-type-de-peau","12":"product_tag-nette","13":"product_tag-nettoyant","14":"product_tag-peaux-grasses","15":"product_tag-routine-visage","16":"product_tag-teint-unifie","17":"product_tag-visage","18":"product_tag-zero-defaut","19":"yith_product_brand-the-body-shop","21":"first","22":"outofstock","23":"shipping-taxable","24":"purchasable","25":"product-type-simple"},"yoast_head":"<!-- This site is optimized with the Yoast SEO Premium plugin v20.8 (Yoast SEO v27.4) - https:\/\/yoast.com\/product\/yoast-seo-premium-wordpress\/ -->\n<title>The Body Shop THE BODY SHOP Lotion Matifiante Arbre \u00e0 Th\u00e9 - Lab&eacute;ma Cosmetics | Dakar<\/title>\n<meta name=\"description\" content=\"The body shop Lotion matifiante \u00e0 l\u2019arbre \u00e0 th\u00e9 pour peaux \u00e0 imperfections hydrate la peau en douceur tout au long de la journ\u00e9e. Infus\u00e9e \u00e0 l\u2019huile\" \/>\n<meta name=\"robots\" content=\"index, follow, max-snippet:-1, max-image-preview:large, max-video-preview:-1\" \/>\n<link rel=\"canonical\" href=\"https:\/\/labemacosmetics.com\/en\/product\/the-body-shop-lotion-matifiante\/\" \/>\n<meta property=\"og:locale\" content=\"en_GB\" \/>\n<meta property=\"og:type\" content=\"article\" \/>\n<meta property=\"og:title\" content=\"THE BODY SHOP Lotion Matifiante Arbre \u00e0 Th\u00e9\" \/>\n<meta property=\"og:description\" content=\"The body shop Lotion matifiante \u00e0 l\u2019arbre \u00e0 th\u00e9 pour peaux \u00e0 imperfections hydrate la peau en douceur tout au long de la journ\u00e9e. Infus\u00e9e \u00e0 l\u2019huile\" \/>\n<meta property=\"og:url\" content=\"https:\/\/labemacosmetics.com\/en\/product\/the-body-shop-lotion-matifiante\/\" \/>\n<meta property=\"og:site_name\" content=\"Lab&eacute;ma Cosmetics\" \/>\n<meta property=\"article:publisher\" content=\"http:\/\/www.facebook.com\/labemacosmetics\" \/>\n<meta property=\"article:modified_time\" content=\"2025-04-25T18:37:37+00:00\" \/>\n<meta property=\"og:image\" content=\"https:\/\/labemacosmetics.com\/wp-content\/uploads\/2020\/02\/Body_shop_lotion_matifiante_tea_tree.png\" \/>\n\t<meta property=\"og:image:width\" content=\"600\" \/>\n\t<meta property=\"og:image:height\" content=\"726\" \/>\n\t<meta property=\"og:image:type\" content=\"image\/png\" \/>\n<meta name=\"twitter:card\" content=\"summary_large_image\" \/>\n<meta name=\"twitter:site\" content=\"@Labemasn\" \/>\n<meta name=\"twitter:label1\" content=\"Price\" \/>\n\t<meta name=\"twitter:data1\" content=\"12 000&nbsp;CFA\" \/>\n\t<meta name=\"twitter:label2\" content=\"Availability\" \/>\n\t<meta name=\"twitter:data2\" content=\"Out of stock\" \/>\n<script type=\"application\/ld+json\" class=\"yoast-schema-graph\">{\"@context\":\"https:\\\/\\\/schema.org\",\"@graph\":[{\"@type\":\"WebPage\",\"@id\":\"https:\\\/\\\/labemacosmetics.com\\\/produit\\\/the-body-shop-lotion-matifiante\\\/\",\"url\":\"https:\\\/\\\/labemacosmetics.com\\\/produit\\\/the-body-shop-lotion-matifiante\\\/\",\"name\":\"The Body Shop THE BODY SHOP Lotion Matifiante Arbre \u00e0 Th\u00e9 - Lab&eacute;ma Cosmetics | Dakar\",\"isPartOf\":{\"@id\":\"https:\\\/\\\/labemacosmetics.com\\\/#website\"},\"primaryImageOfPage\":{\"@id\":\"https:\\\/\\\/labemacosmetics.com\\\/produit\\\/the-body-shop-lotion-matifiante\\\/#primaryimage\"},\"image\":{\"@id\":\"https:\\\/\\\/labemacosmetics.com\\\/produit\\\/the-body-shop-lotion-matifiante\\\/#primaryimage\"},\"thumbnailUrl\":\"https:\\\/\\\/labemacosmetics.com\\\/wp-content\\\/uploads\\\/2020\\\/02\\\/Body_shop_lotion_matifiante_tea_tree.png\",\"datePublished\":\"2020-02-21T15:17:29+00:00\",\"dateModified\":\"2025-04-25T18:37:37+00:00\",\"description\":\"The body shop Lotion matifiante \u00e0 l\u2019arbre \u00e0 th\u00e9 pour peaux \u00e0 imperfections hydrate la peau en douceur tout au long de la journ\u00e9e. Infus\u00e9e \u00e0 l\u2019huile\",\"breadcrumb\":{\"@id\":\"https:\\\/\\\/labemacosmetics.com\\\/produit\\\/the-body-shop-lotion-matifiante\\\/#breadcrumb\"},\"inLanguage\":\"en-GB\",\"potentialAction\":[{\"@type\":\"ReadAction\",\"target\":[\"https:\\\/\\\/labemacosmetics.com\\\/produit\\\/the-body-shop-lotion-matifiante\\\/\"]}]},{\"@type\":\"ImageObject\",\"inLanguage\":\"en-GB\",\"@id\":\"https:\\\/\\\/labemacosmetics.com\\\/produit\\\/the-body-shop-lotion-matifiante\\\/#primaryimage\",\"url\":\"https:\\\/\\\/labemacosmetics.com\\\/wp-content\\\/uploads\\\/2020\\\/02\\\/Body_shop_lotion_matifiante_tea_tree.png\",\"contentUrl\":\"https:\\\/\\\/labemacosmetics.com\\\/wp-content\\\/uploads\\\/2020\\\/02\\\/Body_shop_lotion_matifiante_tea_tree.png\",\"width\":600,\"height\":726,\"caption\":\"Lotion matifiante Arbre \u00e0 th\u00e9\"},{\"@type\":\"BreadcrumbList\",\"@id\":\"https:\\\/\\\/labemacosmetics.com\\\/produit\\\/the-body-shop-lotion-matifiante\\\/#breadcrumb\",\"itemListElement\":[{\"@type\":\"ListItem\",\"position\":1,\"name\":\"Accueil\",\"item\":\"https:\\\/\\\/labemacosmetics.com\\\/\"},{\"@type\":\"ListItem\",\"position\":2,\"name\":\"Produits\",\"item\":\"https:\\\/\\\/labemacosmetics.com\\\/shop\\\/\"},{\"@type\":\"ListItem\",\"position\":3,\"name\":\"THE BODY SHOP Lotion Matifiante Arbre \u00e0 Th\u00e9\"}]},{\"@type\":\"WebSite\",\"@id\":\"https:\\\/\\\/labemacosmetics.com\\\/#website\",\"url\":\"https:\\\/\\\/labemacosmetics.com\\\/\",\"name\":\"Lab&eacute;ma Cosmetics\",\"description\":\"\",\"potentialAction\":[{\"@type\":\"SearchAction\",\"target\":{\"@type\":\"EntryPoint\",\"urlTemplate\":\"https:\\\/\\\/labemacosmetics.com\\\/?s={search_term_string}\"},\"query-input\":{\"@type\":\"PropertyValueSpecification\",\"valueRequired\":true,\"valueName\":\"search_term_string\"}}],\"inLanguage\":\"en-GB\"}]}<\/script>\n<meta property=\"product:brand\" content=\"The Body Shop\" \/>\n<meta property=\"product:price:amount\" content=\"12000\" \/>\n<meta property=\"product:price:currency\" content=\"XOF\" \/>\n<meta property=\"og:availability\" content=\"out of stock\" \/>\n<meta property=\"product:availability\" content=\"out of stock\" \/>\n<meta property=\"product:condition\" content=\"new\" \/>\n<!-- \/ Yoast SEO Premium plugin. -->","yoast_head_json":{"title":"The Body Shop THE BODY SHOP Lotion Matifiante Arbre \u00e0 Th\u00e9 - Lab&eacute;ma Cosmetics | Dakar","description":"The body shop Lotion matifiante \u00e0 l\u2019arbre \u00e0 th\u00e9 pour peaux \u00e0 imperfections hydrate la peau en douceur tout au long de la journ\u00e9e. Infus\u00e9e \u00e0 l\u2019huile","robots":{"index":"index","follow":"follow","max-snippet":"max-snippet:-1","max-image-preview":"max-image-preview:large","max-video-preview":"max-video-preview:-1"},"canonical":"https:\/\/labemacosmetics.com\/en\/product\/the-body-shop-lotion-matifiante\/","og_locale":"en_GB","og_type":"article","og_title":"THE BODY SHOP Lotion Matifiante Arbre \u00e0 Th\u00e9","og_description":"The body shop Lotion matifiante \u00e0 l\u2019arbre \u00e0 th\u00e9 pour peaux \u00e0 imperfections hydrate la peau en douceur tout au long de la journ\u00e9e. Infus\u00e9e \u00e0 l\u2019huile","og_url":"https:\/\/labemacosmetics.com\/en\/product\/the-body-shop-lotion-matifiante\/","og_site_name":"Lab&eacute;ma Cosmetics","article_publisher":"http:\/\/www.facebook.com\/labemacosmetics","article_modified_time":"2025-04-25T18:37:37+00:00","og_image":[{"width":600,"height":726,"url":"https:\/\/labemacosmetics.com\/wp-content\/uploads\/2020\/02\/Body_shop_lotion_matifiante_tea_tree.png","type":"image\/png"}],"twitter_card":"summary_large_image","twitter_site":"@Labemasn","twitter_misc":{"Price":"12 000&nbsp;CFA","Availability":"Out of stock"},"schema":{"@context":"https:\/\/schema.org","@graph":[{"@type":"WebPage","@id":"https:\/\/labemacosmetics.com\/produit\/the-body-shop-lotion-matifiante\/","url":"https:\/\/labemacosmetics.com\/produit\/the-body-shop-lotion-matifiante\/","name":"The Body Shop THE BODY SHOP Lotion Matifiante Arbre \u00e0 Th\u00e9 - Lab&eacute;ma Cosmetics | Dakar","isPartOf":{"@id":"https:\/\/labemacosmetics.com\/#website"},"primaryImageOfPage":{"@id":"https:\/\/labemacosmetics.com\/produit\/the-body-shop-lotion-matifiante\/#primaryimage"},"image":{"@id":"https:\/\/labemacosmetics.com\/produit\/the-body-shop-lotion-matifiante\/#primaryimage"},"thumbnailUrl":"https:\/\/labemacosmetics.com\/wp-content\/uploads\/2020\/02\/Body_shop_lotion_matifiante_tea_tree.png","datePublished":"2020-02-21T15:17:29+00:00","dateModified":"2025-04-25T18:37:37+00:00","description":"The body shop Lotion matifiante \u00e0 l\u2019arbre \u00e0 th\u00e9 pour peaux \u00e0 imperfections hydrate la peau en douceur tout au long de la journ\u00e9e. Infus\u00e9e \u00e0 l\u2019huile","breadcrumb":{"@id":"https:\/\/labemacosmetics.com\/produit\/the-body-shop-lotion-matifiante\/#breadcrumb"},"inLanguage":"en-GB","potentialAction":[{"@type":"ReadAction","target":["https:\/\/labemacosmetics.com\/produit\/the-body-shop-lotion-matifiante\/"]}]},{"@type":"ImageObject","inLanguage":"en-GB","@id":"https:\/\/labemacosmetics.com\/produit\/the-body-shop-lotion-matifiante\/#primaryimage","url":"https:\/\/labemacosmetics.com\/wp-content\/uploads\/2020\/02\/Body_shop_lotion_matifiante_tea_tree.png","contentUrl":"https:\/\/labemacosmetics.com\/wp-content\/uploads\/2020\/02\/Body_shop_lotion_matifiante_tea_tree.png","width":600,"height":726,"caption":"Lotion matifiante Arbre \u00e0 th\u00e9"},{"@type":"BreadcrumbList","@id":"https:\/\/labemacosmetics.com\/produit\/the-body-shop-lotion-matifiante\/#breadcrumb","itemListElement":[{"@type":"ListItem","position":1,"name":"Accueil","item":"https:\/\/labemacosmetics.com\/"},{"@type":"ListItem","position":2,"name":"Produits","item":"https:\/\/labemacosmetics.com\/shop\/"},{"@type":"ListItem","position":3,"name":"THE BODY SHOP Lotion Matifiante Arbre \u00e0 Th\u00e9"}]},{"@type":"WebSite","@id":"https:\/\/labemacosmetics.com\/#website","url":"https:\/\/labemacosmetics.com\/","name":"Lab&eacute;ma Cosmetics","description":"","potentialAction":[{"@type":"SearchAction","target":{"@type":"EntryPoint","urlTemplate":"https:\/\/labemacosmetics.com\/?s={search_term_string}"},"query-input":{"@type":"PropertyValueSpecification","valueRequired":true,"valueName":"search_term_string"}}],"inLanguage":"en-GB"}]},"product_brand":"The Body Shop","product_price_amount":"12000","product_price_currency":"XOF","og_availability":"out of stock","product_availability":"out of stock","product_condition":"new"},"_links":{"self":[{"href":"https:\/\/labemacosmetics.com\/en\/wp-json\/wp\/v2\/product\/5900","targetHints":{"allow":["GET"]}}],"collection":[{"href":"https:\/\/labemacosmetics.com\/en\/wp-json\/wp\/v2\/product"}],"about":[{"href":"https:\/\/labemacosmetics.com\/en\/wp-json\/wp\/v2\/types\/product"}],"replies":[{"embeddable":true,"href":"https:\/\/labemacosmetics.com\/en\/wp-json\/wp\/v2\/comments?post=5900"}],"version-history":[{"count":0,"href":"https:\/\/labemacosmetics.com\/en\/wp-json\/wp\/v2\/product\/5900\/revisions"}],"wp:featuredmedia":[{"embeddable":true,"href":"https:\/\/labemacosmetics.com\/en\/wp-json\/wp\/v2\/media\/5901"}],"wp:attachment":[{"href":"https:\/\/labemacosmetics.com\/en\/wp-json\/wp\/v2\/media?parent=5900"}],"wp:term":[{"taxonomy":"product_brand","embeddable":true,"href":"https:\/\/labemacosmetics.com\/en\/wp-json\/wp\/v2\/product_brand?post=5900"},{"taxonomy":"product_cat","embeddable":true,"href":"https:\/\/labemacosmetics.com\/en\/wp-json\/wp\/v2\/product_cat?post=5900"},{"taxonomy":"product_tag","embeddable":true,"href":"https:\/\/labemacosmetics.com\/en\/wp-json\/wp\/v2\/product_tag?post=5900"}],"curies":[{"name":"wp","href":"https:\/\/api.w.org\/{rel}","templated":true}]}}