{"id":5897,"date":"2020-02-21T15:58:11","date_gmt":"2020-02-21T14:58:11","guid":{"rendered":"https:\/\/www.labemacosmetics.com\/?post_type=product&#038;p=5897"},"modified":"2023-05-21T13:52:53","modified_gmt":"2023-05-21T12:52:53","slug":"the-body-shop-gel-anti-imperfections-arbre-a-the","status":"publish","type":"product","link":"https:\/\/labemacosmetics.com\/en\/product\/the-body-shop-gel-anti-imperfections-arbre-a-the\/","title":{"rendered":"THE BODY SHOP Gel Anti-Imperfections Tea Tree"},"content":{"rendered":"<h2>Description<\/h2>\n<p data-ng-bind=\"product.description\">Gel Anti-Imperfections <a href=\"https:\/\/labemacosmetics.com\/en\/product-brands\/all-brands\/the-body-shop\/?v=92666505ce75\">The Body Shop<\/a> \u00e0 l\u2019arbre \u00e0 th\u00e9 convient pour une application cibl\u00e9e d\u00e8s qu\u2019un besoin se pr\u00e9sente. Avec son format pratique qui se glisse facilement dans le sac \u00e0 mains et son applicateur baguette, ce gel \u00e0 s\u00e9chage rapide s\u2019applique directement sur la peau pour palier \u00e0 toute urgence cutan\u00e9e en toute simplicit\u00e9.<\/p>\n<ul>\n<li><a href=\"https:\/\/www.thebodyshop.com\/fr-fr\/soins-visage\/soins-cibles-visage\/gel-anti-imperfections-arbre-a-the\/p\/p000695\">Gel cibl\u00e9<\/a> pratique formul\u00e9 pour les peaux sujettes aux imperfections<\/li>\n<li>Contient de l\u2019huile d\u2019arbre \u00e0 th\u00e9 purifiante produite sur les collines du mont Kenya<\/li>\n<li>Appliquez le gel sur les zones concern\u00e9es<\/li>\n<\/ul>\n<h2>Utilisation<\/h2>\n<p>Appliquer directement sur les zones concern\u00e9es apr\u00e8s le nettoyant \u00e0 l\u2019aide de l\u2019applicateur ou du doigt, propre. \u00c0 utiliser en compl\u00e9ment des autres produits de la gamme \u00e0 l\u2019arbre \u00e0 th\u00e9.<\/p>\n<h2>Ingr\u00e9dients The Body Shop Gel Anti-Imperfections<\/h2>\n<p>Aqua, Alcohol Denat., Glycerin, PEG-60 Hydrogenated Castor Oil, Melaleuca Alternifolia Leaf Oil, Salix Alba Bark Extract, Calophyllum Inophyllum Seed Oil, Carbomer, Aminomethyl Propanol, Leptospermum Petersonii Oil, Citral, Limonene, Citronellol, Linalool, Denatonium Benzoate, Tocopherol.<\/p>","protected":false},"excerpt":{"rendered":"<p>Gel Anti-Imperfections <a href=\"https:\/\/labemacosmetics.com\/en\/product-brands\/all-brands\/the-body-shop\/?v=92666505ce75\">The Body Shop<\/a> \u00e0 l\u2019arbre \u00e0 th\u00e9 convient pour une application cibl\u00e9e d\u00e8s qu\u2019un besoin se pr\u00e9sente. Avec son format pratique qui se glisse facilement dans le sac \u00e0 mains et son applicateur baguette, ce gel \u00e0 s\u00e9chage rapide s\u2019applique directement sur la peau pour palier \u00e0 toute urgence cutan\u00e9e en toute simplicit\u00e9.<\/p>","protected":false},"featured_media":5898,"comment_status":"closed","ping_status":"closed","template":"","meta":{"om_disable_all_campaigns":false,"_mi_skip_tracking":false,"_monsterinsights_sitenote_active":false,"_monsterinsights_sitenote_note":"","_monsterinsights_sitenote_category":0},"product_brand":[],"product_cat":[127,515,512,128,1778,513],"product_tag":[542,541,543,545,547,155,268],"class_list":{"0":"post-5897","1":"product","2":"type-product","3":"status-publish","4":"has-post-thumbnail","6":"product_cat-boutique","7":"product_cat-peaux-mixtes-a-grasses","8":"product_cat-produits-par-besoin","9":"product_cat-soin-de-visage","10":"product_cat-soins-cibles","11":"product_cat-type-de-peau","12":"product_tag-nette","13":"product_tag-nettoyant","14":"product_tag-peaux-grasses","15":"product_tag-routine-visage","16":"product_tag-teint-unifie","17":"product_tag-visage","18":"product_tag-zero-defaut","19":"yith_product_brand-the-body-shop","21":"first","22":"instock","23":"shipping-taxable","24":"purchasable","25":"product-type-simple"},"yoast_head":"<!-- This site is optimized with the Yoast SEO Premium plugin v20.8 (Yoast SEO v27.4) - https:\/\/yoast.com\/product\/yoast-seo-premium-wordpress\/ -->\n<title>The Body Shop THE BODY SHOP Gel Anti-Imperfections Tea Tree - Lab&eacute;ma Cosmetics | Dakar<\/title>\n<meta name=\"description\" content=\"Gel Anti-Imperfections The Body Shop \u00e0 l\u2019arbre \u00e0 th\u00e9 convient pour une application cibl\u00e9e d\u00e8s qu\u2019un besoin se pr\u00e9sente. Avec son format pratique ...\" \/>\n<meta name=\"robots\" content=\"index, follow, max-snippet:-1, max-image-preview:large, max-video-preview:-1\" \/>\n<link rel=\"canonical\" href=\"https:\/\/labemacosmetics.com\/en\/product\/the-body-shop-gel-anti-imperfections-arbre-a-the\/\" \/>\n<meta property=\"og:locale\" content=\"en_GB\" \/>\n<meta property=\"og:type\" content=\"article\" \/>\n<meta property=\"og:title\" content=\"THE BODY SHOP Gel Anti-Imperfections Tea Tree\" \/>\n<meta property=\"og:description\" content=\"Gel Anti-Imperfections The Body Shop \u00e0 l\u2019arbre \u00e0 th\u00e9 convient pour une application cibl\u00e9e d\u00e8s qu\u2019un besoin se pr\u00e9sente. Avec son format pratique ...\" \/>\n<meta property=\"og:url\" content=\"https:\/\/labemacosmetics.com\/en\/product\/the-body-shop-gel-anti-imperfections-arbre-a-the\/\" \/>\n<meta property=\"og:site_name\" content=\"Lab&eacute;ma Cosmetics\" \/>\n<meta property=\"article:publisher\" content=\"http:\/\/www.facebook.com\/labemacosmetics\" \/>\n<meta property=\"article:modified_time\" content=\"2023-05-21T12:52:53+00:00\" \/>\n<meta property=\"og:image\" content=\"https:\/\/labemacosmetics.com\/wp-content\/uploads\/2020\/02\/Body_shop_gel_soin_cibl\u00e9.png\" \/>\n\t<meta property=\"og:image:width\" content=\"600\" \/>\n\t<meta property=\"og:image:height\" content=\"726\" \/>\n\t<meta property=\"og:image:type\" content=\"image\/png\" \/>\n<meta name=\"twitter:card\" content=\"summary_large_image\" \/>\n<meta name=\"twitter:site\" content=\"@Labemasn\" \/>\n<meta name=\"twitter:label1\" content=\"Price\" \/>\n\t<meta name=\"twitter:data1\" content=\"7 000&nbsp;CFA\" \/>\n\t<meta name=\"twitter:label2\" content=\"Availability\" \/>\n\t<meta name=\"twitter:data2\" content=\"In stock\" \/>\n<script type=\"application\/ld+json\" class=\"yoast-schema-graph\">{\"@context\":\"https:\\\/\\\/schema.org\",\"@graph\":[{\"@type\":\"WebPage\",\"@id\":\"https:\\\/\\\/labemacosmetics.com\\\/produit\\\/the-body-shop-gel-anti-imperfections-arbre-a-the\\\/\",\"url\":\"https:\\\/\\\/labemacosmetics.com\\\/produit\\\/the-body-shop-gel-anti-imperfections-arbre-a-the\\\/\",\"name\":\"The Body Shop THE BODY SHOP Gel Anti-Imperfections Tea Tree - Lab&eacute;ma Cosmetics | Dakar\",\"isPartOf\":{\"@id\":\"https:\\\/\\\/labemacosmetics.com\\\/#website\"},\"primaryImageOfPage\":{\"@id\":\"https:\\\/\\\/labemacosmetics.com\\\/produit\\\/the-body-shop-gel-anti-imperfections-arbre-a-the\\\/#primaryimage\"},\"image\":{\"@id\":\"https:\\\/\\\/labemacosmetics.com\\\/produit\\\/the-body-shop-gel-anti-imperfections-arbre-a-the\\\/#primaryimage\"},\"thumbnailUrl\":\"https:\\\/\\\/labemacosmetics.com\\\/wp-content\\\/uploads\\\/2020\\\/02\\\/Body_shop_gel_soin_cibl\u00e9.png\",\"datePublished\":\"2020-02-21T14:58:11+00:00\",\"dateModified\":\"2023-05-21T12:52:53+00:00\",\"description\":\"Gel Anti-Imperfections The Body Shop \u00e0 l\u2019arbre \u00e0 th\u00e9 convient pour une application cibl\u00e9e d\u00e8s qu\u2019un besoin se pr\u00e9sente. Avec son format pratique ...\",\"breadcrumb\":{\"@id\":\"https:\\\/\\\/labemacosmetics.com\\\/produit\\\/the-body-shop-gel-anti-imperfections-arbre-a-the\\\/#breadcrumb\"},\"inLanguage\":\"en-GB\",\"potentialAction\":[{\"@type\":\"ReadAction\",\"target\":[\"https:\\\/\\\/labemacosmetics.com\\\/produit\\\/the-body-shop-gel-anti-imperfections-arbre-a-the\\\/\"]}]},{\"@type\":\"ImageObject\",\"inLanguage\":\"en-GB\",\"@id\":\"https:\\\/\\\/labemacosmetics.com\\\/produit\\\/the-body-shop-gel-anti-imperfections-arbre-a-the\\\/#primaryimage\",\"url\":\"https:\\\/\\\/labemacosmetics.com\\\/wp-content\\\/uploads\\\/2020\\\/02\\\/Body_shop_gel_soin_cibl\u00e9.png\",\"contentUrl\":\"https:\\\/\\\/labemacosmetics.com\\\/wp-content\\\/uploads\\\/2020\\\/02\\\/Body_shop_gel_soin_cibl\u00e9.png\",\"width\":600,\"height\":726,\"caption\":\"Gel Anti-Imperfections Arbre \u00e0 th\u00e9\"},{\"@type\":\"BreadcrumbList\",\"@id\":\"https:\\\/\\\/labemacosmetics.com\\\/produit\\\/the-body-shop-gel-anti-imperfections-arbre-a-the\\\/#breadcrumb\",\"itemListElement\":[{\"@type\":\"ListItem\",\"position\":1,\"name\":\"Accueil\",\"item\":\"https:\\\/\\\/labemacosmetics.com\\\/\"},{\"@type\":\"ListItem\",\"position\":2,\"name\":\"Produits\",\"item\":\"https:\\\/\\\/labemacosmetics.com\\\/shop\\\/\"},{\"@type\":\"ListItem\",\"position\":3,\"name\":\"THE BODY SHOP Gel Anti-Imperfections Tea Tree\"}]},{\"@type\":\"WebSite\",\"@id\":\"https:\\\/\\\/labemacosmetics.com\\\/#website\",\"url\":\"https:\\\/\\\/labemacosmetics.com\\\/\",\"name\":\"Lab&eacute;ma Cosmetics\",\"description\":\"\",\"potentialAction\":[{\"@type\":\"SearchAction\",\"target\":{\"@type\":\"EntryPoint\",\"urlTemplate\":\"https:\\\/\\\/labemacosmetics.com\\\/?s={search_term_string}\"},\"query-input\":{\"@type\":\"PropertyValueSpecification\",\"valueRequired\":true,\"valueName\":\"search_term_string\"}}],\"inLanguage\":\"en-GB\"}]}<\/script>\n<meta property=\"product:brand\" content=\"The Body Shop\" \/>\n<meta property=\"product:price:amount\" content=\"7000\" \/>\n<meta property=\"product:price:currency\" content=\"XOF\" \/>\n<meta property=\"og:availability\" content=\"instock\" \/>\n<meta property=\"product:availability\" content=\"instock\" \/>\n<meta property=\"product:condition\" content=\"new\" \/>\n<!-- \/ Yoast SEO Premium plugin. -->","yoast_head_json":{"title":"The Body Shop THE BODY SHOP Gel Anti-Imperfections Tea Tree - Lab&eacute;ma Cosmetics | Dakar","description":"Gel Anti-Imperfections The Body Shop \u00e0 l\u2019arbre \u00e0 th\u00e9 convient pour une application cibl\u00e9e d\u00e8s qu\u2019un besoin se pr\u00e9sente. Avec son format pratique ...","robots":{"index":"index","follow":"follow","max-snippet":"max-snippet:-1","max-image-preview":"max-image-preview:large","max-video-preview":"max-video-preview:-1"},"canonical":"https:\/\/labemacosmetics.com\/en\/product\/the-body-shop-gel-anti-imperfections-arbre-a-the\/","og_locale":"en_GB","og_type":"article","og_title":"THE BODY SHOP Gel Anti-Imperfections Tea Tree","og_description":"Gel Anti-Imperfections The Body Shop \u00e0 l\u2019arbre \u00e0 th\u00e9 convient pour une application cibl\u00e9e d\u00e8s qu\u2019un besoin se pr\u00e9sente. Avec son format pratique ...","og_url":"https:\/\/labemacosmetics.com\/en\/product\/the-body-shop-gel-anti-imperfections-arbre-a-the\/","og_site_name":"Lab&eacute;ma Cosmetics","article_publisher":"http:\/\/www.facebook.com\/labemacosmetics","article_modified_time":"2023-05-21T12:52:53+00:00","og_image":[{"width":600,"height":726,"url":"https:\/\/labemacosmetics.com\/wp-content\/uploads\/2020\/02\/Body_shop_gel_soin_cibl\u00e9.png","type":"image\/png"}],"twitter_card":"summary_large_image","twitter_site":"@Labemasn","twitter_misc":{"Price":"7 000&nbsp;CFA","Availability":"In stock"},"schema":{"@context":"https:\/\/schema.org","@graph":[{"@type":"WebPage","@id":"https:\/\/labemacosmetics.com\/produit\/the-body-shop-gel-anti-imperfections-arbre-a-the\/","url":"https:\/\/labemacosmetics.com\/produit\/the-body-shop-gel-anti-imperfections-arbre-a-the\/","name":"The Body Shop THE BODY SHOP Gel Anti-Imperfections Tea Tree - Lab&eacute;ma Cosmetics | Dakar","isPartOf":{"@id":"https:\/\/labemacosmetics.com\/#website"},"primaryImageOfPage":{"@id":"https:\/\/labemacosmetics.com\/produit\/the-body-shop-gel-anti-imperfections-arbre-a-the\/#primaryimage"},"image":{"@id":"https:\/\/labemacosmetics.com\/produit\/the-body-shop-gel-anti-imperfections-arbre-a-the\/#primaryimage"},"thumbnailUrl":"https:\/\/labemacosmetics.com\/wp-content\/uploads\/2020\/02\/Body_shop_gel_soin_cibl\u00e9.png","datePublished":"2020-02-21T14:58:11+00:00","dateModified":"2023-05-21T12:52:53+00:00","description":"Gel Anti-Imperfections The Body Shop \u00e0 l\u2019arbre \u00e0 th\u00e9 convient pour une application cibl\u00e9e d\u00e8s qu\u2019un besoin se pr\u00e9sente. Avec son format pratique ...","breadcrumb":{"@id":"https:\/\/labemacosmetics.com\/produit\/the-body-shop-gel-anti-imperfections-arbre-a-the\/#breadcrumb"},"inLanguage":"en-GB","potentialAction":[{"@type":"ReadAction","target":["https:\/\/labemacosmetics.com\/produit\/the-body-shop-gel-anti-imperfections-arbre-a-the\/"]}]},{"@type":"ImageObject","inLanguage":"en-GB","@id":"https:\/\/labemacosmetics.com\/produit\/the-body-shop-gel-anti-imperfections-arbre-a-the\/#primaryimage","url":"https:\/\/labemacosmetics.com\/wp-content\/uploads\/2020\/02\/Body_shop_gel_soin_cibl\u00e9.png","contentUrl":"https:\/\/labemacosmetics.com\/wp-content\/uploads\/2020\/02\/Body_shop_gel_soin_cibl\u00e9.png","width":600,"height":726,"caption":"Gel Anti-Imperfections Arbre \u00e0 th\u00e9"},{"@type":"BreadcrumbList","@id":"https:\/\/labemacosmetics.com\/produit\/the-body-shop-gel-anti-imperfections-arbre-a-the\/#breadcrumb","itemListElement":[{"@type":"ListItem","position":1,"name":"Accueil","item":"https:\/\/labemacosmetics.com\/"},{"@type":"ListItem","position":2,"name":"Produits","item":"https:\/\/labemacosmetics.com\/shop\/"},{"@type":"ListItem","position":3,"name":"THE BODY SHOP Gel Anti-Imperfections Tea Tree"}]},{"@type":"WebSite","@id":"https:\/\/labemacosmetics.com\/#website","url":"https:\/\/labemacosmetics.com\/","name":"Lab&eacute;ma Cosmetics","description":"","potentialAction":[{"@type":"SearchAction","target":{"@type":"EntryPoint","urlTemplate":"https:\/\/labemacosmetics.com\/?s={search_term_string}"},"query-input":{"@type":"PropertyValueSpecification","valueRequired":true,"valueName":"search_term_string"}}],"inLanguage":"en-GB"}]},"product_brand":"The Body Shop","product_price_amount":"7000","product_price_currency":"XOF","og_availability":"instock","product_availability":"instock","product_condition":"new"},"_links":{"self":[{"href":"https:\/\/labemacosmetics.com\/en\/wp-json\/wp\/v2\/product\/5897","targetHints":{"allow":["GET"]}}],"collection":[{"href":"https:\/\/labemacosmetics.com\/en\/wp-json\/wp\/v2\/product"}],"about":[{"href":"https:\/\/labemacosmetics.com\/en\/wp-json\/wp\/v2\/types\/product"}],"replies":[{"embeddable":true,"href":"https:\/\/labemacosmetics.com\/en\/wp-json\/wp\/v2\/comments?post=5897"}],"version-history":[{"count":0,"href":"https:\/\/labemacosmetics.com\/en\/wp-json\/wp\/v2\/product\/5897\/revisions"}],"wp:featuredmedia":[{"embeddable":true,"href":"https:\/\/labemacosmetics.com\/en\/wp-json\/wp\/v2\/media\/5898"}],"wp:attachment":[{"href":"https:\/\/labemacosmetics.com\/en\/wp-json\/wp\/v2\/media?parent=5897"}],"wp:term":[{"taxonomy":"product_brand","embeddable":true,"href":"https:\/\/labemacosmetics.com\/en\/wp-json\/wp\/v2\/product_brand?post=5897"},{"taxonomy":"product_cat","embeddable":true,"href":"https:\/\/labemacosmetics.com\/en\/wp-json\/wp\/v2\/product_cat?post=5897"},{"taxonomy":"product_tag","embeddable":true,"href":"https:\/\/labemacosmetics.com\/en\/wp-json\/wp\/v2\/product_tag?post=5897"}],"curies":[{"name":"wp","href":"https:\/\/api.w.org\/{rel}","templated":true}]}}