{"id":5893,"date":"2020-02-21T15:39:45","date_gmt":"2020-02-21T14:39:45","guid":{"rendered":"https:\/\/www.labemacosmetics.com\/?post_type=product&#038;p=5893"},"modified":"2023-05-21T13:53:42","modified_gmt":"2023-05-21T12:53:42","slug":"the-body-shop-nettoyant-purifiant-arbre-a-the","status":"publish","type":"product","link":"https:\/\/labemacosmetics.com\/en\/product\/the-body-shop-nettoyant-purifiant-arbre-a-the\/","title":{"rendered":"THE BODY SHOP Nettoyant Purifiant Arbre \u00e0 Th\u00e9 250 ml"},"content":{"rendered":"<h2>Description<\/h2>\n<p><a href=\"https:\/\/labemacosmetics.com\/en\/product-brands\/all-brands\/the-body-shop\/?v=92666505ce75\">The Body Shop<\/a> Nettoyant purifiant pour le visage \u00e0 base d\u2019arbre \u00e0 th\u00e9 est infus\u00e9 \u00e0 l\u2019arbre \u00e0 th\u00e9 pour nettoyer les peaux sensibles \u00e0 imperfections \u00e0 chaque utilisation. Sa mousse rafra\u00eechissante \u00e9limine les impuret\u00e9s et contr\u00f4le l\u2019exc\u00e8s de s\u00e9bum pour une peau fra\u00eeche et nette. Elle convient \u00e0 un usage quotidien pour un r\u00e9sultat visiblement plus net et plus mat.<\/p>\n<ul>\n<li><a href=\"https:\/\/www.thebodyshop.com\/fr-fr\/soins-visage\/nettoyants\/nettoyant-purifiant-visage-arbre-a-the\/p\/p000039\">Nettoyant quotidien<\/a> pour le visage<\/li>\n<li>Contient de l\u2019huile d\u2019arbre \u00e0 th\u00e9 purifiante produite sur les collines du mont Kenya<\/li>\n<li>Nettoie en profondeur les peaux sujettes aux imperfections<\/li>\n<li>Apaise et rafra\u00eechit la peau<\/li>\n<li>Pour une peau visiblement plus nette<\/li>\n<li>Contr\u00f4le l\u2019exc\u00e8s de s\u00e9bum et les brillances<\/li>\n<\/ul>\n<h2>Utilisation<\/h2>\n<p>Mouiller le visage et appliquer en mouvements circulaires ascendants sur la peau. Rincer \u00e0 l\u2019eau claire. Utiliser matin et soir. Poursuivre avec la Lotion Tonique Matifiante et Purifiante \u00e0 l\u2019arbre \u00e0 th\u00e9 et les autres produits de notre gamme \u00e0 l\u2019arbre \u00e0 th\u00e9 pour pr\u00e9venir l\u2019apparition des imperfections.<\/p>\n<p>&nbsp;<\/p>\n<h2>Ingr\u00e9dients The Body Shop Nettoyant Visage Purifiant<\/h2>\n<p>Aqua\/Water\/Eau, Glycerin, Sodium Laureth Sulfate, Cocamidopropyl Betaine, PEG-120 Methyl Glucose Dioleate, PEG-40 Hydrogenated Castor Oil, PEG-7 Glyceryl Cocoate, Polysorbate 20, Alcohol Denat., Phenoxyethanol, Sodium Chloride, Panthenol, Melaleuca Alternifolia Leaf Oil\/Melaleuca Alternifolia (Tea Tree) Leaf Oil, Sodium Benzoate, Calophyllum Inophyllum Seed Oil, Citric Acid, Allantoin, Menthol, Butyl Methoxydibenzoylmethane, Leptospermum Petersonii Oil, Tocopherol, Sodium Hydroxide, CI 19140\/Yellow 5, Caramel, CI 42090\/Blue 1.<\/p>","protected":false},"excerpt":{"rendered":"<p>The Body Shop Nettoyant purifiant pour le visage \u00e0 base d\u2019arbre \u00e0 th\u00e9 est infus\u00e9 \u00e0 l\u2019arbre \u00e0 th\u00e9 pour nettoyer les peaux sensibles \u00e0 imperfections \u00e0 chaque utilisation. Sa mousse rafra\u00eechissante \u00e9limine les impuret\u00e9s et contr\u00f4le l\u2019exc\u00e8s de s\u00e9bum pour une peau fra\u00eeche et nette. Elle convient \u00e0 un usage quotidien pour un r\u00e9sultat visiblement plus net et plus mat.<\/p>","protected":false},"featured_media":5896,"comment_status":"closed","ping_status":"closed","template":"","meta":{"om_disable_all_campaigns":false,"_mi_skip_tracking":false,"_monsterinsights_sitenote_active":false,"_monsterinsights_sitenote_note":"","_monsterinsights_sitenote_category":0},"product_brand":[],"product_cat":[127,519,515,512,128,513],"product_tag":[542,541,543,545,547,155,268],"class_list":{"0":"post-5893","1":"product","2":"type-product","3":"status-publish","4":"has-post-thumbnail","6":"product_cat-boutique","7":"product_cat-nettoyants","8":"product_cat-peaux-mixtes-a-grasses","9":"product_cat-produits-par-besoin","10":"product_cat-soin-de-visage","11":"product_cat-type-de-peau","12":"product_tag-nette","13":"product_tag-nettoyant","14":"product_tag-peaux-grasses","15":"product_tag-routine-visage","16":"product_tag-teint-unifie","17":"product_tag-visage","18":"product_tag-zero-defaut","19":"yith_product_brand-the-body-shop","21":"first","22":"instock","23":"shipping-taxable","24":"purchasable","25":"product-type-simple"},"yoast_head":"<!-- This site is optimized with the Yoast SEO Premium plugin v20.8 (Yoast SEO v27.4) - https:\/\/yoast.com\/product\/yoast-seo-premium-wordpress\/ -->\n<title>The Body Shop THE BODY SHOP Nettoyant Purifiant Arbre \u00e0 Th\u00e9 250 ml - Lab&eacute;ma Cosmetics | Dakar<\/title>\n<meta name=\"description\" content=\"The Body Shop Nettoyant purifiant pour le visage est infus\u00e9 \u00e0 l\u2019arbre \u00e0 th\u00e9 pour nettoyer les peaux sensibles \u00e0 imperfections \u00e0 ...\" \/>\n<meta name=\"robots\" content=\"index, follow, max-snippet:-1, max-image-preview:large, max-video-preview:-1\" \/>\n<link rel=\"canonical\" href=\"https:\/\/labemacosmetics.com\/en\/product\/the-body-shop-nettoyant-purifiant-arbre-a-the\/\" \/>\n<meta property=\"og:locale\" content=\"en_GB\" \/>\n<meta property=\"og:type\" content=\"article\" \/>\n<meta property=\"og:title\" content=\"THE BODY SHOP Nettoyant Purifiant Arbre \u00e0 Th\u00e9 250 ml\" \/>\n<meta property=\"og:description\" content=\"The Body Shop Nettoyant purifiant pour le visage est infus\u00e9 \u00e0 l\u2019arbre \u00e0 th\u00e9 pour nettoyer les peaux sensibles \u00e0 imperfections \u00e0 ...\" \/>\n<meta property=\"og:url\" content=\"https:\/\/labemacosmetics.com\/en\/product\/the-body-shop-nettoyant-purifiant-arbre-a-the\/\" \/>\n<meta property=\"og:site_name\" content=\"Lab&eacute;ma Cosmetics\" \/>\n<meta property=\"article:publisher\" content=\"http:\/\/www.facebook.com\/labemacosmetics\" \/>\n<meta property=\"article:modified_time\" content=\"2023-05-21T12:53:42+00:00\" \/>\n<meta property=\"og:image\" content=\"https:\/\/labemacosmetics.com\/wp-content\/uploads\/2020\/02\/Body_shop_nettoyant_purifiant_visage.png\" \/>\n\t<meta property=\"og:image:width\" content=\"600\" \/>\n\t<meta property=\"og:image:height\" content=\"726\" \/>\n\t<meta property=\"og:image:type\" content=\"image\/png\" \/>\n<meta name=\"twitter:card\" content=\"summary_large_image\" \/>\n<meta name=\"twitter:site\" content=\"@Labemasn\" \/>\n<meta name=\"twitter:label1\" content=\"Price\" \/>\n\t<meta name=\"twitter:data1\" content=\"9 500&nbsp;CFA\" \/>\n\t<meta name=\"twitter:label2\" content=\"Availability\" \/>\n\t<meta name=\"twitter:data2\" content=\"In stock\" \/>\n<script type=\"application\/ld+json\" class=\"yoast-schema-graph\">{\"@context\":\"https:\\\/\\\/schema.org\",\"@graph\":[{\"@type\":\"WebPage\",\"@id\":\"https:\\\/\\\/labemacosmetics.com\\\/produit\\\/the-body-shop-nettoyant-purifiant-arbre-a-the\\\/\",\"url\":\"https:\\\/\\\/labemacosmetics.com\\\/produit\\\/the-body-shop-nettoyant-purifiant-arbre-a-the\\\/\",\"name\":\"The Body Shop THE BODY SHOP Nettoyant Purifiant Arbre \u00e0 Th\u00e9 250 ml - Lab&eacute;ma Cosmetics | Dakar\",\"isPartOf\":{\"@id\":\"https:\\\/\\\/labemacosmetics.com\\\/#website\"},\"primaryImageOfPage\":{\"@id\":\"https:\\\/\\\/labemacosmetics.com\\\/produit\\\/the-body-shop-nettoyant-purifiant-arbre-a-the\\\/#primaryimage\"},\"image\":{\"@id\":\"https:\\\/\\\/labemacosmetics.com\\\/produit\\\/the-body-shop-nettoyant-purifiant-arbre-a-the\\\/#primaryimage\"},\"thumbnailUrl\":\"https:\\\/\\\/labemacosmetics.com\\\/wp-content\\\/uploads\\\/2020\\\/02\\\/Body_shop_nettoyant_purifiant_visage.png\",\"datePublished\":\"2020-02-21T14:39:45+00:00\",\"dateModified\":\"2023-05-21T12:53:42+00:00\",\"description\":\"The Body Shop Nettoyant purifiant pour le visage est infus\u00e9 \u00e0 l\u2019arbre \u00e0 th\u00e9 pour nettoyer les peaux sensibles \u00e0 imperfections \u00e0 ...\",\"breadcrumb\":{\"@id\":\"https:\\\/\\\/labemacosmetics.com\\\/produit\\\/the-body-shop-nettoyant-purifiant-arbre-a-the\\\/#breadcrumb\"},\"inLanguage\":\"en-GB\",\"potentialAction\":[{\"@type\":\"ReadAction\",\"target\":[\"https:\\\/\\\/labemacosmetics.com\\\/produit\\\/the-body-shop-nettoyant-purifiant-arbre-a-the\\\/\"]}]},{\"@type\":\"ImageObject\",\"inLanguage\":\"en-GB\",\"@id\":\"https:\\\/\\\/labemacosmetics.com\\\/produit\\\/the-body-shop-nettoyant-purifiant-arbre-a-the\\\/#primaryimage\",\"url\":\"https:\\\/\\\/labemacosmetics.com\\\/wp-content\\\/uploads\\\/2020\\\/02\\\/Body_shop_nettoyant_purifiant_visage.png\",\"contentUrl\":\"https:\\\/\\\/labemacosmetics.com\\\/wp-content\\\/uploads\\\/2020\\\/02\\\/Body_shop_nettoyant_purifiant_visage.png\",\"width\":600,\"height\":726,\"caption\":\"Nettoyant purifiant visage\"},{\"@type\":\"BreadcrumbList\",\"@id\":\"https:\\\/\\\/labemacosmetics.com\\\/produit\\\/the-body-shop-nettoyant-purifiant-arbre-a-the\\\/#breadcrumb\",\"itemListElement\":[{\"@type\":\"ListItem\",\"position\":1,\"name\":\"Accueil\",\"item\":\"https:\\\/\\\/labemacosmetics.com\\\/\"},{\"@type\":\"ListItem\",\"position\":2,\"name\":\"Produits\",\"item\":\"https:\\\/\\\/labemacosmetics.com\\\/shop\\\/\"},{\"@type\":\"ListItem\",\"position\":3,\"name\":\"THE BODY SHOP Nettoyant Purifiant Arbre \u00e0 Th\u00e9 250 ml\"}]},{\"@type\":\"WebSite\",\"@id\":\"https:\\\/\\\/labemacosmetics.com\\\/#website\",\"url\":\"https:\\\/\\\/labemacosmetics.com\\\/\",\"name\":\"Lab&eacute;ma Cosmetics\",\"description\":\"\",\"potentialAction\":[{\"@type\":\"SearchAction\",\"target\":{\"@type\":\"EntryPoint\",\"urlTemplate\":\"https:\\\/\\\/labemacosmetics.com\\\/?s={search_term_string}\"},\"query-input\":{\"@type\":\"PropertyValueSpecification\",\"valueRequired\":true,\"valueName\":\"search_term_string\"}}],\"inLanguage\":\"en-GB\"}]}<\/script>\n<meta property=\"product:brand\" content=\"The Body Shop\" \/>\n<meta property=\"product:price:amount\" content=\"9500\" \/>\n<meta property=\"product:price:currency\" content=\"XOF\" \/>\n<meta property=\"og:availability\" content=\"instock\" \/>\n<meta property=\"product:availability\" content=\"instock\" \/>\n<meta property=\"product:condition\" content=\"new\" \/>\n<!-- \/ Yoast SEO Premium plugin. -->","yoast_head_json":{"title":"The Body Shop THE BODY SHOP Nettoyant Purifiant Arbre \u00e0 Th\u00e9 250 ml - Lab&eacute;ma Cosmetics | Dakar","description":"The Body Shop Nettoyant purifiant pour le visage est infus\u00e9 \u00e0 l\u2019arbre \u00e0 th\u00e9 pour nettoyer les peaux sensibles \u00e0 imperfections \u00e0 ...","robots":{"index":"index","follow":"follow","max-snippet":"max-snippet:-1","max-image-preview":"max-image-preview:large","max-video-preview":"max-video-preview:-1"},"canonical":"https:\/\/labemacosmetics.com\/en\/product\/the-body-shop-nettoyant-purifiant-arbre-a-the\/","og_locale":"en_GB","og_type":"article","og_title":"THE BODY SHOP Nettoyant Purifiant Arbre \u00e0 Th\u00e9 250 ml","og_description":"The Body Shop Nettoyant purifiant pour le visage est infus\u00e9 \u00e0 l\u2019arbre \u00e0 th\u00e9 pour nettoyer les peaux sensibles \u00e0 imperfections \u00e0 ...","og_url":"https:\/\/labemacosmetics.com\/en\/product\/the-body-shop-nettoyant-purifiant-arbre-a-the\/","og_site_name":"Lab&eacute;ma Cosmetics","article_publisher":"http:\/\/www.facebook.com\/labemacosmetics","article_modified_time":"2023-05-21T12:53:42+00:00","og_image":[{"width":600,"height":726,"url":"https:\/\/labemacosmetics.com\/wp-content\/uploads\/2020\/02\/Body_shop_nettoyant_purifiant_visage.png","type":"image\/png"}],"twitter_card":"summary_large_image","twitter_site":"@Labemasn","twitter_misc":{"Price":"9 500&nbsp;CFA","Availability":"In stock"},"schema":{"@context":"https:\/\/schema.org","@graph":[{"@type":"WebPage","@id":"https:\/\/labemacosmetics.com\/produit\/the-body-shop-nettoyant-purifiant-arbre-a-the\/","url":"https:\/\/labemacosmetics.com\/produit\/the-body-shop-nettoyant-purifiant-arbre-a-the\/","name":"The Body Shop THE BODY SHOP Nettoyant Purifiant Arbre \u00e0 Th\u00e9 250 ml - Lab&eacute;ma Cosmetics | Dakar","isPartOf":{"@id":"https:\/\/labemacosmetics.com\/#website"},"primaryImageOfPage":{"@id":"https:\/\/labemacosmetics.com\/produit\/the-body-shop-nettoyant-purifiant-arbre-a-the\/#primaryimage"},"image":{"@id":"https:\/\/labemacosmetics.com\/produit\/the-body-shop-nettoyant-purifiant-arbre-a-the\/#primaryimage"},"thumbnailUrl":"https:\/\/labemacosmetics.com\/wp-content\/uploads\/2020\/02\/Body_shop_nettoyant_purifiant_visage.png","datePublished":"2020-02-21T14:39:45+00:00","dateModified":"2023-05-21T12:53:42+00:00","description":"The Body Shop Nettoyant purifiant pour le visage est infus\u00e9 \u00e0 l\u2019arbre \u00e0 th\u00e9 pour nettoyer les peaux sensibles \u00e0 imperfections \u00e0 ...","breadcrumb":{"@id":"https:\/\/labemacosmetics.com\/produit\/the-body-shop-nettoyant-purifiant-arbre-a-the\/#breadcrumb"},"inLanguage":"en-GB","potentialAction":[{"@type":"ReadAction","target":["https:\/\/labemacosmetics.com\/produit\/the-body-shop-nettoyant-purifiant-arbre-a-the\/"]}]},{"@type":"ImageObject","inLanguage":"en-GB","@id":"https:\/\/labemacosmetics.com\/produit\/the-body-shop-nettoyant-purifiant-arbre-a-the\/#primaryimage","url":"https:\/\/labemacosmetics.com\/wp-content\/uploads\/2020\/02\/Body_shop_nettoyant_purifiant_visage.png","contentUrl":"https:\/\/labemacosmetics.com\/wp-content\/uploads\/2020\/02\/Body_shop_nettoyant_purifiant_visage.png","width":600,"height":726,"caption":"Nettoyant purifiant visage"},{"@type":"BreadcrumbList","@id":"https:\/\/labemacosmetics.com\/produit\/the-body-shop-nettoyant-purifiant-arbre-a-the\/#breadcrumb","itemListElement":[{"@type":"ListItem","position":1,"name":"Accueil","item":"https:\/\/labemacosmetics.com\/"},{"@type":"ListItem","position":2,"name":"Produits","item":"https:\/\/labemacosmetics.com\/shop\/"},{"@type":"ListItem","position":3,"name":"THE BODY SHOP Nettoyant Purifiant Arbre \u00e0 Th\u00e9 250 ml"}]},{"@type":"WebSite","@id":"https:\/\/labemacosmetics.com\/#website","url":"https:\/\/labemacosmetics.com\/","name":"Lab&eacute;ma Cosmetics","description":"","potentialAction":[{"@type":"SearchAction","target":{"@type":"EntryPoint","urlTemplate":"https:\/\/labemacosmetics.com\/?s={search_term_string}"},"query-input":{"@type":"PropertyValueSpecification","valueRequired":true,"valueName":"search_term_string"}}],"inLanguage":"en-GB"}]},"product_brand":"The Body Shop","product_price_amount":"9500","product_price_currency":"XOF","og_availability":"instock","product_availability":"instock","product_condition":"new"},"_links":{"self":[{"href":"https:\/\/labemacosmetics.com\/en\/wp-json\/wp\/v2\/product\/5893","targetHints":{"allow":["GET"]}}],"collection":[{"href":"https:\/\/labemacosmetics.com\/en\/wp-json\/wp\/v2\/product"}],"about":[{"href":"https:\/\/labemacosmetics.com\/en\/wp-json\/wp\/v2\/types\/product"}],"replies":[{"embeddable":true,"href":"https:\/\/labemacosmetics.com\/en\/wp-json\/wp\/v2\/comments?post=5893"}],"version-history":[{"count":0,"href":"https:\/\/labemacosmetics.com\/en\/wp-json\/wp\/v2\/product\/5893\/revisions"}],"wp:featuredmedia":[{"embeddable":true,"href":"https:\/\/labemacosmetics.com\/en\/wp-json\/wp\/v2\/media\/5896"}],"wp:attachment":[{"href":"https:\/\/labemacosmetics.com\/en\/wp-json\/wp\/v2\/media?parent=5893"}],"wp:term":[{"taxonomy":"product_brand","embeddable":true,"href":"https:\/\/labemacosmetics.com\/en\/wp-json\/wp\/v2\/product_brand?post=5893"},{"taxonomy":"product_cat","embeddable":true,"href":"https:\/\/labemacosmetics.com\/en\/wp-json\/wp\/v2\/product_cat?post=5893"},{"taxonomy":"product_tag","embeddable":true,"href":"https:\/\/labemacosmetics.com\/en\/wp-json\/wp\/v2\/product_tag?post=5893"}],"curies":[{"name":"wp","href":"https:\/\/api.w.org\/{rel}","templated":true}]}}