{"id":5884,"date":"2020-02-21T14:51:45","date_gmt":"2020-02-21T13:51:45","guid":{"rendered":"https:\/\/www.labemacosmetics.com\/?post_type=product&#038;p=5884"},"modified":"2023-05-21T13:54:33","modified_gmt":"2023-05-21T12:54:33","slug":"fond-de-teint-fit-me-mateporeless","status":"publish","type":"product","link":"https:\/\/labemacosmetics.com\/en\/product\/fond-de-teint-fit-me-mateporeless\/","title":{"rendered":"MAYBELLINE Fond de teint Fit Me Mateporeless"},"content":{"rendered":"<p>Maybelline Fond de teint Fit Me Mateporeless ton sur ton matifiant. Une formule en parfaite affinit\u00e9 avec votre peau. Une large gamme de teintes pour s&rsquo;accorder \u00e0 chaque carnation sans d\u00e9marcation.<\/p>\n<p>&nbsp;<\/p>\n<p><span class=\"a-list-item\">Le Fond de teint fluide ton sur ton est enrichi en argile matifiante pour peaux normales, mixtes et grasses. Tout ceci pour un grain de peau affin\u00e9 et un teint sans d\u00e9faut au fini poudr\u00e9. <\/span><\/p>\n<p><span class=\"a-list-item\">Le <\/span><span class=\"a-list-item\">Tube est pratique en plastique avec bouchon \u00e0 visser, disponible en 50 teintes pour un r\u00e9sultat ultra naturel, id\u00e9alement adapt\u00e9 \u00e0 votre carnation. <\/span><\/p>\n<p><span class=\"a-list-item\">Une formule l\u00e9g\u00e8re, enrichie en argile matifiante et en micro-poudres floutantes qui contr\u00f4le la brillance. Aussi, cette formule affine le grain de peau pour un teint sans d\u00e9faut.<\/span><\/p>\n<p><span class=\"a-list-item\">Astuces : appliquez une noisette de produit sur la zone m\u00e9diane et \u00e9tirez vers l&rsquo;ext\u00e9rieur du visage. Pour parfaire votre maquillage, utilisez l&rsquo;anti-cernes et la poudre fit me. <\/span><\/p>\n<p>&nbsp;<\/p>\n<h2>Utilisation Maybelline Fond de teint Fit Me Mateporeless<\/h2>\n<p>1\/ Appliquez une touche de Maybelline fond de teint Fit Me Mateporeless sur vos joues, votre nez, votre menton et votre front<br \/>\n2\/ \u00c9tirez le fond de teint \u00e0 l&rsquo;aide de vos doigts, d&rsquo;un pinceau ou d&rsquo;une \u00e9ponge de maquillage du haut vers le bas de votre visage.<\/p>\n<h2>Ingr\u00e9dients<\/h2>\n<p>Formule INCI: AQUA \/ WATER \/ EAU CYCLOHEXASILOXANE NYLON-12 ISODODECANE ALCOHOL DENAT. CYCLOPENTASILOXANE PEG-10 DIMETHICONE CETYL PEG\/PPG-10\/1 DIMETHICONE PEG-20 POLYGLYCERYL-4 ISOSTEARATE DISTEARDIMONIUM HECTORITE PHENOXYETHANOL MAGNESIUM SULFATE DISODIUM STEAROYL GLUTAMATE HDI\/TRIMETHYLOL HEXYLLACTONE CROSSPOLYMER TITANIUM DIOXIDE METHYLPARABEN ACRYLATES COPOLYMER TOCOPHEROL BUTYLPARABEN ALUMINUM HYDROXIDE ALUMINA SILICA GLYCERIN [+\/- MAY CONTAIN \/ PEUT CONTENIR CI 77891 \/ TITANIUM DIOXIDE CI 77491, CI 77492, CI 77499 \/ IRON OXIDES ]<\/p>\n","protected":false},"excerpt":{"rendered":"<p><a href=\"https:\/\/labemacosmetics.com\/en\/product-brands\/maybelline\/?v=92666505ce75\">Maybelline<\/a> Fond de teint Fit Me Mateporeless ton sur ton matifiant. Une formule en parfaite affinit\u00e9 avec votre peau. Une large gamme de teintes pour s&rsquo;accorder \u00e0 chaque carnation sans d\u00e9marcation.<\/p>\n<p><span class=\"a-list-item\">Le <a href=\"https:\/\/www.maybelline.fr\/maquillage-du-teint\/fonds-de-teint\/fond-de-teint-liquide-fit-me-matte-poreless\">Fond de teint fluide<\/a> ton sur ton est enrichi en argile matifiante pour peaux normales, mixtes et grasses. Tout ceci pour un grain de peau affin\u00e9 et un teint sans d\u00e9faut au fini poudr\u00e9. <\/span><\/p>","protected":false},"featured_media":5887,"comment_status":"closed","ping_status":"closed","template":"","meta":{"om_disable_all_campaigns":false,"_mi_skip_tracking":false,"_monsterinsights_sitenote_active":false,"_monsterinsights_sitenote_note":"","_monsterinsights_sitenote_category":0},"product_brand":[],"product_cat":[127,117,103,108],"product_tag":[],"class_list":{"0":"post-5884","1":"product","2":"type-product","3":"status-publish","4":"has-post-thumbnail","6":"product_cat-boutique","7":"product_cat-fond-de-teint","8":"product_cat-maquillage","9":"product_cat-teint","10":"yith_product_brand-maybelline","12":"first","13":"outofstock","14":"shipping-taxable","15":"purchasable","16":"product-type-variable","17":"has-default-attributes"},"yoast_head":"<!-- This site is optimized with the Yoast SEO Premium plugin v20.8 (Yoast SEO v27.4) - https:\/\/yoast.com\/product\/yoast-seo-premium-wordpress\/ -->\n<title>Maybelline MAYBELLINE Fond de teint Fit Me Mateporeless - Lab&eacute;ma Cosmetics | Dakar<\/title>\n<meta name=\"description\" content=\"Maybelline Fond de teint Fit Me Mateporeless ton sur ton matifiant. Une formule en parfaite affinit\u00e9 avec votre peau. Une large gamme de ...\" \/>\n<meta name=\"robots\" content=\"index, follow, max-snippet:-1, max-image-preview:large, max-video-preview:-1\" \/>\n<link rel=\"canonical\" href=\"https:\/\/labemacosmetics.com\/en\/product\/fond-de-teint-fit-me-mateporeless\/\" \/>\n<meta property=\"og:locale\" content=\"en_GB\" \/>\n<meta property=\"og:type\" content=\"article\" \/>\n<meta property=\"og:title\" content=\"MAYBELLINE Fond de teint Fit Me Mateporeless\" \/>\n<meta property=\"og:description\" content=\"Maybelline Fond de teint Fit Me Mateporeless ton sur ton matifiant. Une formule en parfaite affinit\u00e9 avec votre peau. Une large gamme de ...\" \/>\n<meta property=\"og:url\" content=\"https:\/\/labemacosmetics.com\/en\/product\/fond-de-teint-fit-me-mateporeless\/\" \/>\n<meta property=\"og:site_name\" content=\"Lab&eacute;ma Cosmetics\" \/>\n<meta property=\"article:publisher\" content=\"http:\/\/www.facebook.com\/labemacosmetics\" \/>\n<meta property=\"article:modified_time\" content=\"2023-05-21T12:54:33+00:00\" \/>\n<meta property=\"og:image\" content=\"https:\/\/labemacosmetics.com\/wp-content\/uploads\/2020\/02\/Fond_de_teint_fitme.png\" \/>\n\t<meta property=\"og:image:width\" content=\"600\" \/>\n\t<meta property=\"og:image:height\" content=\"726\" \/>\n\t<meta property=\"og:image:type\" content=\"image\/png\" \/>\n<meta name=\"twitter:card\" content=\"summary_large_image\" \/>\n<meta name=\"twitter:site\" content=\"@Labemasn\" \/>\n<meta name=\"twitter:label1\" content=\"Availability\" \/>\n\t<meta name=\"twitter:data1\" content=\"Out of stock\" \/>\n<script type=\"application\/ld+json\" class=\"yoast-schema-graph\">{\"@context\":\"https:\\\/\\\/schema.org\",\"@graph\":[{\"@type\":\"WebPage\",\"@id\":\"https:\\\/\\\/labemacosmetics.com\\\/en\\\/product\\\/fond-de-teint-fit-me-mateporeless\\\/\",\"url\":\"https:\\\/\\\/labemacosmetics.com\\\/en\\\/product\\\/fond-de-teint-fit-me-mateporeless\\\/\",\"name\":\"Maybelline MAYBELLINE Fond de teint Fit Me Mateporeless - Lab&eacute;ma Cosmetics | Dakar\",\"isPartOf\":{\"@id\":\"https:\\\/\\\/labemacosmetics.com\\\/#website\"},\"primaryImageOfPage\":{\"@id\":\"https:\\\/\\\/labemacosmetics.com\\\/en\\\/product\\\/fond-de-teint-fit-me-mateporeless\\\/#primaryimage\"},\"image\":{\"@id\":\"https:\\\/\\\/labemacosmetics.com\\\/en\\\/product\\\/fond-de-teint-fit-me-mateporeless\\\/#primaryimage\"},\"thumbnailUrl\":\"https:\\\/\\\/labemacosmetics.com\\\/wp-content\\\/uploads\\\/2020\\\/02\\\/Fond_de_teint_fitme.png\",\"datePublished\":\"2020-02-21T13:51:45+00:00\",\"dateModified\":\"2023-05-21T12:54:33+00:00\",\"description\":\"Maybelline Fond de teint Fit Me Mateporeless ton sur ton matifiant. Une formule en parfaite affinit\u00e9 avec votre peau. Une large gamme de ...\",\"breadcrumb\":{\"@id\":\"https:\\\/\\\/labemacosmetics.com\\\/en\\\/product\\\/fond-de-teint-fit-me-mateporeless\\\/#breadcrumb\"},\"inLanguage\":\"en-GB\",\"potentialAction\":[{\"@type\":\"ReadAction\",\"target\":[\"https:\\\/\\\/labemacosmetics.com\\\/en\\\/product\\\/fond-de-teint-fit-me-mateporeless\\\/\"]}]},{\"@type\":\"ImageObject\",\"inLanguage\":\"en-GB\",\"@id\":\"https:\\\/\\\/labemacosmetics.com\\\/en\\\/product\\\/fond-de-teint-fit-me-mateporeless\\\/#primaryimage\",\"url\":\"https:\\\/\\\/labemacosmetics.com\\\/wp-content\\\/uploads\\\/2020\\\/02\\\/Fond_de_teint_fitme.png\",\"contentUrl\":\"https:\\\/\\\/labemacosmetics.com\\\/wp-content\\\/uploads\\\/2020\\\/02\\\/Fond_de_teint_fitme.png\",\"width\":600,\"height\":726,\"caption\":\"Fond de teint fit me mateporeless\"},{\"@type\":\"BreadcrumbList\",\"@id\":\"https:\\\/\\\/labemacosmetics.com\\\/en\\\/product\\\/fond-de-teint-fit-me-mateporeless\\\/#breadcrumb\",\"itemListElement\":[{\"@type\":\"ListItem\",\"position\":1,\"name\":\"Accueil\",\"item\":\"https:\\\/\\\/labemacosmetics.com\\\/\"},{\"@type\":\"ListItem\",\"position\":2,\"name\":\"Produits\",\"item\":\"https:\\\/\\\/labemacosmetics.com\\\/shop\\\/\"},{\"@type\":\"ListItem\",\"position\":3,\"name\":\"MAYBELLINE Fond de teint Fit Me Mateporeless\"}]},{\"@type\":\"WebSite\",\"@id\":\"https:\\\/\\\/labemacosmetics.com\\\/#website\",\"url\":\"https:\\\/\\\/labemacosmetics.com\\\/\",\"name\":\"Lab&eacute;ma Cosmetics\",\"description\":\"\",\"potentialAction\":[{\"@type\":\"SearchAction\",\"target\":{\"@type\":\"EntryPoint\",\"urlTemplate\":\"https:\\\/\\\/labemacosmetics.com\\\/?s={search_term_string}\"},\"query-input\":{\"@type\":\"PropertyValueSpecification\",\"valueRequired\":true,\"valueName\":\"search_term_string\"}}],\"inLanguage\":\"en-GB\"}]}<\/script>\n<meta property=\"product:brand\" content=\"Maybelline\" \/>\n<meta property=\"og:availability\" content=\"out of stock\" \/>\n<meta property=\"product:availability\" content=\"out of stock\" \/>\n<meta property=\"product:condition\" content=\"new\" \/>\n<!-- \/ Yoast SEO Premium plugin. -->","yoast_head_json":{"title":"Maybelline MAYBELLINE Fond de teint Fit Me Mateporeless - Lab&eacute;ma Cosmetics | Dakar","description":"Maybelline Fond de teint Fit Me Mateporeless ton sur ton matifiant. Une formule en parfaite affinit\u00e9 avec votre peau. Une large gamme de ...","robots":{"index":"index","follow":"follow","max-snippet":"max-snippet:-1","max-image-preview":"max-image-preview:large","max-video-preview":"max-video-preview:-1"},"canonical":"https:\/\/labemacosmetics.com\/en\/product\/fond-de-teint-fit-me-mateporeless\/","og_locale":"en_GB","og_type":"article","og_title":"MAYBELLINE Fond de teint Fit Me Mateporeless","og_description":"Maybelline Fond de teint Fit Me Mateporeless ton sur ton matifiant. Une formule en parfaite affinit\u00e9 avec votre peau. Une large gamme de ...","og_url":"https:\/\/labemacosmetics.com\/en\/product\/fond-de-teint-fit-me-mateporeless\/","og_site_name":"Lab&eacute;ma Cosmetics","article_publisher":"http:\/\/www.facebook.com\/labemacosmetics","article_modified_time":"2023-05-21T12:54:33+00:00","og_image":[{"width":600,"height":726,"url":"https:\/\/labemacosmetics.com\/wp-content\/uploads\/2020\/02\/Fond_de_teint_fitme.png","type":"image\/png"}],"twitter_card":"summary_large_image","twitter_site":"@Labemasn","twitter_misc":{"Availability":"Out of stock"},"schema":{"@context":"https:\/\/schema.org","@graph":[{"@type":"WebPage","@id":"https:\/\/labemacosmetics.com\/en\/product\/fond-de-teint-fit-me-mateporeless\/","url":"https:\/\/labemacosmetics.com\/en\/product\/fond-de-teint-fit-me-mateporeless\/","name":"Maybelline MAYBELLINE Fond de teint Fit Me Mateporeless - Lab&eacute;ma Cosmetics | Dakar","isPartOf":{"@id":"https:\/\/labemacosmetics.com\/#website"},"primaryImageOfPage":{"@id":"https:\/\/labemacosmetics.com\/en\/product\/fond-de-teint-fit-me-mateporeless\/#primaryimage"},"image":{"@id":"https:\/\/labemacosmetics.com\/en\/product\/fond-de-teint-fit-me-mateporeless\/#primaryimage"},"thumbnailUrl":"https:\/\/labemacosmetics.com\/wp-content\/uploads\/2020\/02\/Fond_de_teint_fitme.png","datePublished":"2020-02-21T13:51:45+00:00","dateModified":"2023-05-21T12:54:33+00:00","description":"Maybelline Fond de teint Fit Me Mateporeless ton sur ton matifiant. Une formule en parfaite affinit\u00e9 avec votre peau. Une large gamme de ...","breadcrumb":{"@id":"https:\/\/labemacosmetics.com\/en\/product\/fond-de-teint-fit-me-mateporeless\/#breadcrumb"},"inLanguage":"en-GB","potentialAction":[{"@type":"ReadAction","target":["https:\/\/labemacosmetics.com\/en\/product\/fond-de-teint-fit-me-mateporeless\/"]}]},{"@type":"ImageObject","inLanguage":"en-GB","@id":"https:\/\/labemacosmetics.com\/en\/product\/fond-de-teint-fit-me-mateporeless\/#primaryimage","url":"https:\/\/labemacosmetics.com\/wp-content\/uploads\/2020\/02\/Fond_de_teint_fitme.png","contentUrl":"https:\/\/labemacosmetics.com\/wp-content\/uploads\/2020\/02\/Fond_de_teint_fitme.png","width":600,"height":726,"caption":"Fond de teint fit me mateporeless"},{"@type":"BreadcrumbList","@id":"https:\/\/labemacosmetics.com\/en\/product\/fond-de-teint-fit-me-mateporeless\/#breadcrumb","itemListElement":[{"@type":"ListItem","position":1,"name":"Accueil","item":"https:\/\/labemacosmetics.com\/"},{"@type":"ListItem","position":2,"name":"Produits","item":"https:\/\/labemacosmetics.com\/shop\/"},{"@type":"ListItem","position":3,"name":"MAYBELLINE Fond de teint Fit Me Mateporeless"}]},{"@type":"WebSite","@id":"https:\/\/labemacosmetics.com\/#website","url":"https:\/\/labemacosmetics.com\/","name":"Lab&eacute;ma Cosmetics","description":"","potentialAction":[{"@type":"SearchAction","target":{"@type":"EntryPoint","urlTemplate":"https:\/\/labemacosmetics.com\/?s={search_term_string}"},"query-input":{"@type":"PropertyValueSpecification","valueRequired":true,"valueName":"search_term_string"}}],"inLanguage":"en-GB"}]},"product_brand":"Maybelline","og_availability":"out of stock","product_availability":"out of stock","product_condition":"new"},"_links":{"self":[{"href":"https:\/\/labemacosmetics.com\/en\/wp-json\/wp\/v2\/product\/5884","targetHints":{"allow":["GET"]}}],"collection":[{"href":"https:\/\/labemacosmetics.com\/en\/wp-json\/wp\/v2\/product"}],"about":[{"href":"https:\/\/labemacosmetics.com\/en\/wp-json\/wp\/v2\/types\/product"}],"replies":[{"embeddable":true,"href":"https:\/\/labemacosmetics.com\/en\/wp-json\/wp\/v2\/comments?post=5884"}],"version-history":[{"count":0,"href":"https:\/\/labemacosmetics.com\/en\/wp-json\/wp\/v2\/product\/5884\/revisions"}],"wp:featuredmedia":[{"embeddable":true,"href":"https:\/\/labemacosmetics.com\/en\/wp-json\/wp\/v2\/media\/5887"}],"wp:attachment":[{"href":"https:\/\/labemacosmetics.com\/en\/wp-json\/wp\/v2\/media?parent=5884"}],"wp:term":[{"taxonomy":"product_brand","embeddable":true,"href":"https:\/\/labemacosmetics.com\/en\/wp-json\/wp\/v2\/product_brand?post=5884"},{"taxonomy":"product_cat","embeddable":true,"href":"https:\/\/labemacosmetics.com\/en\/wp-json\/wp\/v2\/product_cat?post=5884"},{"taxonomy":"product_tag","embeddable":true,"href":"https:\/\/labemacosmetics.com\/en\/wp-json\/wp\/v2\/product_tag?post=5884"}],"curies":[{"name":"wp","href":"https:\/\/api.w.org\/{rel}","templated":true}]}}