{"id":5873,"date":"2020-02-21T14:06:34","date_gmt":"2020-02-21T13:06:34","guid":{"rendered":"https:\/\/www.labemacosmetics.com\/?post_type=product&#038;p=5873"},"modified":"2024-07-23T22:49:59","modified_gmt":"2024-07-23T21:49:59","slug":"loreal-fond-de-teint-accord-parfait-10-d","status":"publish","type":"product","link":"https:\/\/labemacosmetics.com\/en\/product\/loreal-fond-de-teint-accord-parfait-10-d\/","title":{"rendered":"L&rsquo;OREAL Fond de teint Accord Parfait"},"content":{"rendered":"<p>L&rsquo;Oreal Fond de teint accord parfait, une nouvelle formule qui s\u2019accorde \u00e0 votre peau : des pigments ultra fins qui s\u2019adaptent aux tonalit\u00e9s et sous tons de la peau pour un r\u00e9sultat homog\u00e8ne sans d\u00e9marcation. Une texture fine et fondante qui fusionne avec la peau et dissimule tous types d\u2019imperfections pour une couvrance naturelle parfaite.<br \/>\nAm\u00e9liore la qualit\u00e9 de la peau d\u00e8s 2 semaines** : la peau est visiblement plus lisse et \u00e9clatante de beaut\u00e9. Sa formule infus\u00e9e en Acide Hyaluronique et en Aloe Vera, contient 80% de soin hydratant pour une hydratation 24H***. Pour une peau nue plus lisse, lumineuse et unifi\u00e9e. Sa formule unique prot\u00e8ge contre les agressions ext\u00e9rieures (pollution et UVs).<\/p>\n<p>*selon une \u00e9tude consommateur sur 291 femmes repr\u00e9sentatives des teintes mondiales trouvant leur teinte dans la gamme Accord Parfait<br \/>\n**Cliniquement prouv\u00e9, \u00e9tude cosm\u00e9toclinique sur 42 femmes<br \/>\n*** Test instrumental<\/p>\n<h2>Utilisation L&rsquo;Oreal fond de teint accord parfait<\/h2>\n<p>1\/ Appliquez une touche de L&rsquo;Oreal fond de teint Accord parfait sur vos joues, votre nez, votre menton et votre front<br \/>\n2\/ \u00c9tirez le fond de teint \u00e0 l&rsquo;aide de vos doigts, d&rsquo;un pinceau ou d&rsquo;une \u00e9ponge de maquillage du haut vers le bas de votre visage.<\/p>\n<h2>Ingr\u00e9dients<\/h2>\n<p>G2025494 &#8211; INGREDIENTS: AQUA \/ WATER \u2022 DIMETHICONE \u2022 ISODODECANE \u2022 CYCLOHEXASILOXANE \u2022 GLYCERIN \u2022 PEG-10 DIMETHICONE \u2022 METHYL METHACRYLATE CROSSPOLYMER \u2022 BUTYLENE GLYCOL \u2022 PENTYLENE GLYCOL \u2022 SYNTHETIC FLUORPHLOGOPITE \u2022 DISTEARDIMONIUM HECTORITE \u2022 HYDROXYETHYLPIPERAZINE ETHANE SULFONIC ACID \u2022 CETYL PEG\/PPG-10\/1 DIMETHICONE \u2022 SODIUM CHLORIDE \u2022 POLYGLYCERYL-4 ISOSTEARATE \u2022 HEXYL LAURATE \u2022 CAPRYLYL GLYCOL \u2022 PHENOXYETHANOL \u2022 DISODIUM STEAROYL GLUTAMATE \u2022 TOCOPHEROL \u2022 PANTHENOL \u2022 ALUMINUM HYDROXIDE \u2022 HYDROXYETHYL UREA \u2022 ALOE BARBADENSIS LEAF JUICE POWDER \u2022 SODIUM HYALURONATE \u2022 TIN OXIDE \u2022 HYDRATED SILICA \u2022 METHICONE \u2022 PENTAERYTHRITYL TETRA-DI-T-BUTYL HYDROXYHYDROCINNAMATE \u25cf [+\/- MAY CONTAIN: CI 77891 \/ TITANIUM DIOXIDE \u2022 CI 77491, CI 77492, CI 77499 \/ IRON OXIDES \u2022 MICA \u2022 CI 77510 \/ FERRIC AMMONIUM FERROCYANIDE \u2022 CI 15985 \/ YELLOW 6 LAKE \u2022 CI 42090 \/ BLUE 1 LAKE \u2022 CI 45410 \/ RED 28 LAKE \u2022 CI 15850 \/ RED 7]. (F.I.L. B233858\/1).<\/p>\n","protected":false},"excerpt":{"rendered":"<p>L&rsquo;Oreal Fond de teint accord parfait, une nouvelle formule qui s\u2019accorde \u00e0 votre peau : des pigments ultra fins qui s\u2019adaptent aux tonalit\u00e9s et sous tons de la peau pour un r\u00e9sultat homog\u00e8ne sans d\u00e9marcation. Une texture fine et fondante qui fusionne avec la peau et dissimule tous types d\u2019imperfections pour une couvrance naturelle parfaite.<\/p>","protected":false},"featured_media":5882,"comment_status":"closed","ping_status":"closed","template":"","meta":{"om_disable_all_campaigns":false,"_mi_skip_tracking":false,"_monsterinsights_sitenote_active":false,"_monsterinsights_sitenote_note":"","_monsterinsights_sitenote_category":0},"product_brand":[],"product_cat":[127,117,103,108],"product_tag":[],"class_list":{"0":"post-5873","1":"product","2":"type-product","3":"status-publish","4":"has-post-thumbnail","6":"product_cat-boutique","7":"product_cat-fond-de-teint","8":"product_cat-maquillage","9":"product_cat-teint","10":"yith_product_brand-loreal","12":"first","13":"instock","14":"shipping-taxable","15":"purchasable","16":"product-type-variable"},"yoast_head":"<!-- This site is optimized with the Yoast SEO Premium plugin v20.8 (Yoast SEO v27.4) - https:\/\/yoast.com\/product\/yoast-seo-premium-wordpress\/ -->\n<title>L&#039;Oreal L&#039;OREAL Fond de teint Accord Parfait - Lab&eacute;ma Cosmetics | Dakar<\/title>\n<meta name=\"description\" content=\"L&#039;Oreal Fond de teint accord parfait, une nouvelle formule qui s\u2019accorde \u00e0 votre peau : des pigments ultra fins qui s\u2019adaptent aux tonalit\u00e9s\" \/>\n<meta name=\"robots\" content=\"index, follow, max-snippet:-1, max-image-preview:large, max-video-preview:-1\" \/>\n<link rel=\"canonical\" href=\"https:\/\/labemacosmetics.com\/en\/product\/loreal-fond-de-teint-accord-parfait-10-d\/\" \/>\n<meta property=\"og:locale\" content=\"en_GB\" \/>\n<meta property=\"og:type\" content=\"article\" \/>\n<meta property=\"og:title\" content=\"L&#039;OREAL Fond de teint Accord Parfait\" \/>\n<meta property=\"og:description\" content=\"L&#039;Oreal Fond de teint accord parfait, une nouvelle formule qui s\u2019accorde \u00e0 votre peau : des pigments ultra fins qui s\u2019adaptent aux tonalit\u00e9s\" \/>\n<meta property=\"og:url\" content=\"https:\/\/labemacosmetics.com\/en\/product\/loreal-fond-de-teint-accord-parfait-10-d\/\" \/>\n<meta property=\"og:site_name\" content=\"Lab&eacute;ma Cosmetics\" \/>\n<meta property=\"article:publisher\" content=\"http:\/\/www.facebook.com\/labemacosmetics\" \/>\n<meta property=\"article:modified_time\" content=\"2024-07-23T21:49:59+00:00\" \/>\n<meta property=\"og:image\" content=\"https:\/\/labemacosmetics.com\/wp-content\/uploads\/2020\/02\/Fond_de_teint_Accord_Pafait_Loreal-1.png\" \/>\n\t<meta property=\"og:image:width\" content=\"600\" \/>\n\t<meta property=\"og:image:height\" content=\"726\" \/>\n\t<meta property=\"og:image:type\" content=\"image\/png\" \/>\n<meta name=\"twitter:card\" content=\"summary_large_image\" \/>\n<meta name=\"twitter:site\" content=\"@Labemasn\" \/>\n<meta name=\"twitter:label1\" content=\"Availability\" \/>\n\t<meta name=\"twitter:data1\" content=\"In stock\" \/>\n<script type=\"application\/ld+json\" class=\"yoast-schema-graph\">{\"@context\":\"https:\\\/\\\/schema.org\",\"@graph\":[{\"@type\":\"WebPage\",\"@id\":\"https:\\\/\\\/labemacosmetics.com\\\/produit\\\/loreal-fond-de-teint-accord-parfait-10-d\\\/\",\"url\":\"https:\\\/\\\/labemacosmetics.com\\\/produit\\\/loreal-fond-de-teint-accord-parfait-10-d\\\/\",\"name\":\"L'Oreal L'OREAL Fond de teint Accord Parfait - Lab&eacute;ma Cosmetics | Dakar\",\"isPartOf\":{\"@id\":\"https:\\\/\\\/labemacosmetics.com\\\/#website\"},\"primaryImageOfPage\":{\"@id\":\"https:\\\/\\\/labemacosmetics.com\\\/produit\\\/loreal-fond-de-teint-accord-parfait-10-d\\\/#primaryimage\"},\"image\":{\"@id\":\"https:\\\/\\\/labemacosmetics.com\\\/produit\\\/loreal-fond-de-teint-accord-parfait-10-d\\\/#primaryimage\"},\"thumbnailUrl\":\"https:\\\/\\\/labemacosmetics.com\\\/wp-content\\\/uploads\\\/2020\\\/02\\\/Fond_de_teint_Accord_Pafait_Loreal-1.png\",\"datePublished\":\"2020-02-21T13:06:34+00:00\",\"dateModified\":\"2024-07-23T21:49:59+00:00\",\"description\":\"L'Oreal Fond de teint accord parfait, une nouvelle formule qui s\u2019accorde \u00e0 votre peau : des pigments ultra fins qui s\u2019adaptent aux tonalit\u00e9s\",\"breadcrumb\":{\"@id\":\"https:\\\/\\\/labemacosmetics.com\\\/produit\\\/loreal-fond-de-teint-accord-parfait-10-d\\\/#breadcrumb\"},\"inLanguage\":\"en-GB\",\"potentialAction\":[{\"@type\":\"ReadAction\",\"target\":[\"https:\\\/\\\/labemacosmetics.com\\\/produit\\\/loreal-fond-de-teint-accord-parfait-10-d\\\/\"]}]},{\"@type\":\"ImageObject\",\"inLanguage\":\"en-GB\",\"@id\":\"https:\\\/\\\/labemacosmetics.com\\\/produit\\\/loreal-fond-de-teint-accord-parfait-10-d\\\/#primaryimage\",\"url\":\"https:\\\/\\\/labemacosmetics.com\\\/wp-content\\\/uploads\\\/2020\\\/02\\\/Fond_de_teint_Accord_Pafait_Loreal-1.png\",\"contentUrl\":\"https:\\\/\\\/labemacosmetics.com\\\/wp-content\\\/uploads\\\/2020\\\/02\\\/Fond_de_teint_Accord_Pafait_Loreal-1.png\",\"width\":600,\"height\":726,\"caption\":\"Fond de teint accord parfait\"},{\"@type\":\"BreadcrumbList\",\"@id\":\"https:\\\/\\\/labemacosmetics.com\\\/produit\\\/loreal-fond-de-teint-accord-parfait-10-d\\\/#breadcrumb\",\"itemListElement\":[{\"@type\":\"ListItem\",\"position\":1,\"name\":\"Accueil\",\"item\":\"https:\\\/\\\/labemacosmetics.com\\\/\"},{\"@type\":\"ListItem\",\"position\":2,\"name\":\"Produits\",\"item\":\"https:\\\/\\\/labemacosmetics.com\\\/shop\\\/\"},{\"@type\":\"ListItem\",\"position\":3,\"name\":\"L&rsquo;OREAL Fond de teint Accord Parfait\"}]},{\"@type\":\"WebSite\",\"@id\":\"https:\\\/\\\/labemacosmetics.com\\\/#website\",\"url\":\"https:\\\/\\\/labemacosmetics.com\\\/\",\"name\":\"Lab&eacute;ma Cosmetics\",\"description\":\"\",\"potentialAction\":[{\"@type\":\"SearchAction\",\"target\":{\"@type\":\"EntryPoint\",\"urlTemplate\":\"https:\\\/\\\/labemacosmetics.com\\\/?s={search_term_string}\"},\"query-input\":{\"@type\":\"PropertyValueSpecification\",\"valueRequired\":true,\"valueName\":\"search_term_string\"}}],\"inLanguage\":\"en-GB\"}]}<\/script>\n<meta property=\"product:brand\" content=\"L&#039;Or\u00e9al\" \/>\n<meta property=\"og:availability\" content=\"instock\" \/>\n<meta property=\"product:availability\" content=\"instock\" \/>\n<meta property=\"product:condition\" content=\"new\" \/>\n<!-- \/ Yoast SEO Premium plugin. -->","yoast_head_json":{"title":"L'Oreal L'OREAL Fond de teint Accord Parfait - Lab&eacute;ma Cosmetics | Dakar","description":"L'Oreal Fond de teint accord parfait, une nouvelle formule qui s\u2019accorde \u00e0 votre peau : des pigments ultra fins qui s\u2019adaptent aux tonalit\u00e9s","robots":{"index":"index","follow":"follow","max-snippet":"max-snippet:-1","max-image-preview":"max-image-preview:large","max-video-preview":"max-video-preview:-1"},"canonical":"https:\/\/labemacosmetics.com\/en\/product\/loreal-fond-de-teint-accord-parfait-10-d\/","og_locale":"en_GB","og_type":"article","og_title":"L'OREAL Fond de teint Accord Parfait","og_description":"L'Oreal Fond de teint accord parfait, une nouvelle formule qui s\u2019accorde \u00e0 votre peau : des pigments ultra fins qui s\u2019adaptent aux tonalit\u00e9s","og_url":"https:\/\/labemacosmetics.com\/en\/product\/loreal-fond-de-teint-accord-parfait-10-d\/","og_site_name":"Lab&eacute;ma Cosmetics","article_publisher":"http:\/\/www.facebook.com\/labemacosmetics","article_modified_time":"2024-07-23T21:49:59+00:00","og_image":[{"width":600,"height":726,"url":"https:\/\/labemacosmetics.com\/wp-content\/uploads\/2020\/02\/Fond_de_teint_Accord_Pafait_Loreal-1.png","type":"image\/png"}],"twitter_card":"summary_large_image","twitter_site":"@Labemasn","twitter_misc":{"Availability":"In stock"},"schema":{"@context":"https:\/\/schema.org","@graph":[{"@type":"WebPage","@id":"https:\/\/labemacosmetics.com\/produit\/loreal-fond-de-teint-accord-parfait-10-d\/","url":"https:\/\/labemacosmetics.com\/produit\/loreal-fond-de-teint-accord-parfait-10-d\/","name":"L'Oreal L'OREAL Fond de teint Accord Parfait - Lab&eacute;ma Cosmetics | Dakar","isPartOf":{"@id":"https:\/\/labemacosmetics.com\/#website"},"primaryImageOfPage":{"@id":"https:\/\/labemacosmetics.com\/produit\/loreal-fond-de-teint-accord-parfait-10-d\/#primaryimage"},"image":{"@id":"https:\/\/labemacosmetics.com\/produit\/loreal-fond-de-teint-accord-parfait-10-d\/#primaryimage"},"thumbnailUrl":"https:\/\/labemacosmetics.com\/wp-content\/uploads\/2020\/02\/Fond_de_teint_Accord_Pafait_Loreal-1.png","datePublished":"2020-02-21T13:06:34+00:00","dateModified":"2024-07-23T21:49:59+00:00","description":"L'Oreal Fond de teint accord parfait, une nouvelle formule qui s\u2019accorde \u00e0 votre peau : des pigments ultra fins qui s\u2019adaptent aux tonalit\u00e9s","breadcrumb":{"@id":"https:\/\/labemacosmetics.com\/produit\/loreal-fond-de-teint-accord-parfait-10-d\/#breadcrumb"},"inLanguage":"en-GB","potentialAction":[{"@type":"ReadAction","target":["https:\/\/labemacosmetics.com\/produit\/loreal-fond-de-teint-accord-parfait-10-d\/"]}]},{"@type":"ImageObject","inLanguage":"en-GB","@id":"https:\/\/labemacosmetics.com\/produit\/loreal-fond-de-teint-accord-parfait-10-d\/#primaryimage","url":"https:\/\/labemacosmetics.com\/wp-content\/uploads\/2020\/02\/Fond_de_teint_Accord_Pafait_Loreal-1.png","contentUrl":"https:\/\/labemacosmetics.com\/wp-content\/uploads\/2020\/02\/Fond_de_teint_Accord_Pafait_Loreal-1.png","width":600,"height":726,"caption":"Fond de teint accord parfait"},{"@type":"BreadcrumbList","@id":"https:\/\/labemacosmetics.com\/produit\/loreal-fond-de-teint-accord-parfait-10-d\/#breadcrumb","itemListElement":[{"@type":"ListItem","position":1,"name":"Accueil","item":"https:\/\/labemacosmetics.com\/"},{"@type":"ListItem","position":2,"name":"Produits","item":"https:\/\/labemacosmetics.com\/shop\/"},{"@type":"ListItem","position":3,"name":"L&rsquo;OREAL Fond de teint Accord Parfait"}]},{"@type":"WebSite","@id":"https:\/\/labemacosmetics.com\/#website","url":"https:\/\/labemacosmetics.com\/","name":"Lab&eacute;ma Cosmetics","description":"","potentialAction":[{"@type":"SearchAction","target":{"@type":"EntryPoint","urlTemplate":"https:\/\/labemacosmetics.com\/?s={search_term_string}"},"query-input":{"@type":"PropertyValueSpecification","valueRequired":true,"valueName":"search_term_string"}}],"inLanguage":"en-GB"}]},"product_brand":"L'Or\u00e9al","og_availability":"instock","product_availability":"instock","product_condition":"new"},"_links":{"self":[{"href":"https:\/\/labemacosmetics.com\/en\/wp-json\/wp\/v2\/product\/5873","targetHints":{"allow":["GET"]}}],"collection":[{"href":"https:\/\/labemacosmetics.com\/en\/wp-json\/wp\/v2\/product"}],"about":[{"href":"https:\/\/labemacosmetics.com\/en\/wp-json\/wp\/v2\/types\/product"}],"replies":[{"embeddable":true,"href":"https:\/\/labemacosmetics.com\/en\/wp-json\/wp\/v2\/comments?post=5873"}],"version-history":[{"count":0,"href":"https:\/\/labemacosmetics.com\/en\/wp-json\/wp\/v2\/product\/5873\/revisions"}],"wp:featuredmedia":[{"embeddable":true,"href":"https:\/\/labemacosmetics.com\/en\/wp-json\/wp\/v2\/media\/5882"}],"wp:attachment":[{"href":"https:\/\/labemacosmetics.com\/en\/wp-json\/wp\/v2\/media?parent=5873"}],"wp:term":[{"taxonomy":"product_brand","embeddable":true,"href":"https:\/\/labemacosmetics.com\/en\/wp-json\/wp\/v2\/product_brand?post=5873"},{"taxonomy":"product_cat","embeddable":true,"href":"https:\/\/labemacosmetics.com\/en\/wp-json\/wp\/v2\/product_cat?post=5873"},{"taxonomy":"product_tag","embeddable":true,"href":"https:\/\/labemacosmetics.com\/en\/wp-json\/wp\/v2\/product_tag?post=5873"}],"curies":[{"name":"wp","href":"https:\/\/api.w.org\/{rel}","templated":true}]}}