{"id":5869,"date":"2020-02-21T13:28:27","date_gmt":"2020-02-21T12:28:27","guid":{"rendered":"https:\/\/www.labemacosmetics.com\/?post_type=product&#038;p=5869"},"modified":"2023-05-21T13:56:30","modified_gmt":"2023-05-21T12:56:30","slug":"garnier-pure-active-detox","status":"publish","type":"product","link":"https:\/\/labemacosmetics.com\/en\/product\/garnier-pure-active-detox\/","title":{"rendered":"GARNIER Masque d\u00e9sincrustrante Pure Active Detox"},"content":{"rendered":"<h3>DES PORES PURIFI\u00c9S INTENS\u00c9MENT EN 10 MINUTES SEULEMENT<\/h3>\n<p>Garnier Pure active detox masque d\u00e9sincrustant Matcha est-il fait pour moi ? Oui, si votre peau grasse est sujette aux impuret\u00e9s du quotidien et que vous recherchez une solution efficace pour absorber et \u00e9liminer l&rsquo;exc\u00e8s de s\u00e9bum &amp; les r\u00e9sidus polluants.<\/p>\n<h3>DE L&rsquo;ARGILE KAOLIN ET DU TH\u00c9 MATCHA NATUREL POUR UNE PEAU D\u00c9TOXIFIE<\/h3>\n<p>Ce masque <a href=\"https:\/\/labemacosmetics.com\/en\/product-brands\/all-brands\/garnier\/?v=92666505ce75\">Garnier<\/a> <a href=\"https:\/\/www.garnier.fr\/nos-marques\/soin-du-visage\/pure-active-matcha-detox\/masque-desincrustant\">pure active detox<\/a> d\u00e9sincrustant est enrichi en extrait de Th\u00e9 Matcha et en Argile Kaolin. Formul\u00e9 \u00e0 partir de feuilles de th\u00e9 vert cultiv\u00e9es \u00e0 l&rsquo;ombre, le Matcha est un th\u00e9 en poudre hautement concentr\u00e9 rempli de bienfaits. Il est reconnu pour contenir 100 fois plus d&rsquo;antioxydants que le th\u00e9 vert classique. Sa texture cr\u00e9meuse unique, absorbe les impuret\u00e9s du quotidien incrust\u00e9es dans la peau. Il est \u00e9galement enrichi en Acide Salicylique qui permet de d\u00e9sincruster les pores.<\/p>\n<h3>UNE EFFICACIT\u00c9 PROUV\u00c9E :<\/h3>\n<p>Les pores sont visiblement d\u00e9gag\u00e9s pour 77% des personnes<br \/>\nLa peau est matifi\u00e9e pour 74% des personnes<br \/>\nLa peau para\u00eet plus fra\u00eeche pour 78% des personnes<\/p>\n<h2>Utilisation Garnier Pure Active Detox<\/h2>\n<p>Appliquez 3 fois par semaine en couche g\u00e9n\u00e9reuse sur visage nettoy\u00e9 et sec, en \u00e9vitant le contour des yeux et des l\u00e8vres. Laissez poser 10 minutes, puis rincez abondamment.<br \/>\nPour am\u00e9liorer le confort d&rsquo;utilisation, appliquez un soin hydratant apr\u00e8s l&rsquo;application. Si besoin, espacez les applications pour plus de confort.<\/p>\n<h2>Ingr\u00e9dients Garnier Pure Active Detox<\/h2>\n<div id=\"collapse644970\" class=\"collapse__content collapse__content--collapsed\">\n<div class=\"product-note__description richtext\">\n<div id=\"ingredients-list\">\n<p><span class=\"blank\" data-href=\"null\">AQUA \/ WATER ; KAOLIN ; <\/span><span class=\"null\" data-href=\"null\">GLYCERIN ; BUTYLENE GLYCOL ; <\/span><span class=\"blank\" data-href=\"null\">ZEA MAYS STARCH \/ CORN STARCH ; <\/span><span class=\"blank\" data-href=\"null\">DECYL GLUCOSIDE ;SODIUM LAURETH SULFATE ;PEG-7 GLYCERYL COCOATE ; <\/span><span class=\"blank\" data-href=\"null\">CI 77891 \/ TITANIUM DIOXIDE; <\/span><span class=\"null\" data-href=\"null\">ASCORBYL GLUCOSIDE; <\/span><span class=\"blank\" data-href=\"null\">CAMELLIA SINENSIS LEAF EXTRACT; <\/span><span class=\"blank\" data-href=\"null\">CARRAGEENAN; <\/span><span class=\"blank\" data-href=\"null\">CI 61570 \/ GREEN 5; <\/span><span class=\"blank\" data-href=\"null\">CI 77492 \/ IRON OXIDES; <\/span><span class=\"null\" data-href=\"null\">CITRIC ACID; <\/span><span class=\"blank\" data-href=\"null\">DEXTRIN; <\/span><span class=\"null\" data-href=\"null\">GERANIOL; <\/span><span class=\"blank\" data-href=\"null\">HEXYL CINNAMAL; <\/span><span class=\"null\" data-href=\"null\">LIMONENE; <\/span><span class=\"null\" data-href=\"null\">LINALOOL; <\/span><span class=\"blank\" data-href=\"null\">MENTHOL; <\/span><span class=\"null\" data-href=\"https:\/\/au-coeur-de-nos-produits.loreal.fr\/ingredients\/phenoxyethanol\">PHENOXYETHANOL; <\/span><span class=\"blank\" data-href=\"null\">SALICYLIC ACID; <\/span><span class=\"blank\" data-href=\"null\">TETRASODIUM EDTA; <\/span><span class=\"null\" data-href=\"null\">XANTHAN GUM; <\/span><span class=\"null\" data-href=\"null\">ZINC GLUCONATE; <\/span><span class=\"blank\" data-href=\"null\">PARFUM \/ FRAGRANCE <\/span><\/p>\n<\/div>\n<\/div>\n<\/div>","protected":false},"excerpt":{"rendered":"<p>Ce masque d\u00e9sincrustant Matcha Detox est-il fait pour moi ? Oui, si votre peau grasse est sujette aux impuret\u00e9s du quotidien et que vous recherchez une solution efficace pour absorber et \u00e9liminer l&rsquo;exc\u00e8s de s\u00e9bum &amp; les r\u00e9sidus polluants.<\/p>","protected":false},"featured_media":5871,"comment_status":"closed","ping_status":"closed","template":"","meta":{"om_disable_all_campaigns":false,"_mi_skip_tracking":false,"_monsterinsights_sitenote_active":false,"_monsterinsights_sitenote_note":"","_monsterinsights_sitenote_category":0},"product_brand":[],"product_cat":[127,1742,1747,515,514,516,517,512,128,513],"product_tag":[],"class_list":{"0":"post-5869","1":"product","2":"type-product","3":"status-publish","4":"has-post-thumbnail","6":"product_cat-boutique","7":"product_cat-masques","8":"product_cat-peaux-a-tendances-acneiques","9":"product_cat-peaux-mixtes-a-grasses","10":"product_cat-peaux-normales","11":"product_cat-peaux-seches","12":"product_cat-peaux-sensibles","13":"product_cat-produits-par-besoin","14":"product_cat-soin-de-visage","15":"product_cat-type-de-peau","16":"yith_product_brand-garnier","18":"first","19":"instock","20":"shipping-taxable","21":"purchasable","22":"product-type-simple"},"yoast_head":"<!-- This site is optimized with the Yoast SEO Premium plugin v20.8 (Yoast SEO v27.4) - https:\/\/yoast.com\/product\/yoast-seo-premium-wordpress\/ -->\n<title>Garnier GARNIER Masque d\u00e9sincrustrante Pure Active Detox - Lab&eacute;ma Cosmetics | Dakar \/ S\u00e9n\u00e9gal<\/title>\n<meta name=\"description\" content=\"Garnier Pure active detox est enrichi en extrait de Th\u00e9 Matcha et en Argile Kaolin. Formul\u00e9 \u00e0 partir de feuilles de th\u00e9 vert cultiv\u00e9es \u00e0 l&#039;ombre ...\" \/>\n<meta name=\"robots\" content=\"index, follow, max-snippet:-1, max-image-preview:large, max-video-preview:-1\" \/>\n<link rel=\"canonical\" href=\"https:\/\/labemacosmetics.com\/en\/product\/garnier-pure-active-detox\/\" \/>\n<meta property=\"og:locale\" content=\"en_GB\" \/>\n<meta property=\"og:type\" content=\"article\" \/>\n<meta property=\"og:title\" content=\"GARNIER Masque d\u00e9sincrustrante Pure Active Detox\" \/>\n<meta property=\"og:description\" content=\"Garnier Pure active detox est enrichi en extrait de Th\u00e9 Matcha et en Argile Kaolin. Formul\u00e9 \u00e0 partir de feuilles de th\u00e9 vert cultiv\u00e9es \u00e0 l&#039;ombre ...\" \/>\n<meta property=\"og:url\" content=\"https:\/\/labemacosmetics.com\/en\/product\/garnier-pure-active-detox\/\" \/>\n<meta property=\"og:site_name\" content=\"Lab&eacute;ma Cosmetics\" \/>\n<meta property=\"article:publisher\" content=\"http:\/\/www.facebook.com\/labemacosmetics\" \/>\n<meta property=\"article:modified_time\" content=\"2023-05-21T12:56:30+00:00\" \/>\n<meta property=\"og:image\" content=\"https:\/\/labemacosmetics.com\/wp-content\/uploads\/2020\/02\/Garnier_active_pure_detox.png\" \/>\n\t<meta property=\"og:image:width\" content=\"600\" \/>\n\t<meta property=\"og:image:height\" content=\"726\" \/>\n\t<meta property=\"og:image:type\" content=\"image\/png\" \/>\n<meta name=\"twitter:card\" content=\"summary_large_image\" \/>\n<meta name=\"twitter:site\" content=\"@Labemasn\" \/>\n<meta name=\"twitter:label1\" content=\"Price\" \/>\n\t<meta name=\"twitter:data1\" content=\"6 000&nbsp;CFA\" \/>\n\t<meta name=\"twitter:label2\" content=\"Availability\" \/>\n\t<meta name=\"twitter:data2\" content=\"In stock\" \/>\n<script type=\"application\/ld+json\" class=\"yoast-schema-graph\">{\"@context\":\"https:\\\/\\\/schema.org\",\"@graph\":[{\"@type\":\"WebPage\",\"@id\":\"https:\\\/\\\/labemacosmetics.com\\\/produit\\\/garnier-pure-active-detox\\\/\",\"url\":\"https:\\\/\\\/labemacosmetics.com\\\/produit\\\/garnier-pure-active-detox\\\/\",\"name\":\"Garnier GARNIER Masque d\u00e9sincrustrante Pure Active Detox - Lab&eacute;ma Cosmetics | Dakar \\\/ S\u00e9n\u00e9gal\",\"isPartOf\":{\"@id\":\"https:\\\/\\\/labemacosmetics.com\\\/#website\"},\"primaryImageOfPage\":{\"@id\":\"https:\\\/\\\/labemacosmetics.com\\\/produit\\\/garnier-pure-active-detox\\\/#primaryimage\"},\"image\":{\"@id\":\"https:\\\/\\\/labemacosmetics.com\\\/produit\\\/garnier-pure-active-detox\\\/#primaryimage\"},\"thumbnailUrl\":\"https:\\\/\\\/labemacosmetics.com\\\/wp-content\\\/uploads\\\/2020\\\/02\\\/Garnier_active_pure_detox.png\",\"datePublished\":\"2020-02-21T12:28:27+00:00\",\"dateModified\":\"2023-05-21T12:56:30+00:00\",\"description\":\"Garnier Pure active detox est enrichi en extrait de Th\u00e9 Matcha et en Argile Kaolin. Formul\u00e9 \u00e0 partir de feuilles de th\u00e9 vert cultiv\u00e9es \u00e0 l'ombre ...\",\"breadcrumb\":{\"@id\":\"https:\\\/\\\/labemacosmetics.com\\\/produit\\\/garnier-pure-active-detox\\\/#breadcrumb\"},\"inLanguage\":\"en-GB\",\"potentialAction\":[{\"@type\":\"ReadAction\",\"target\":[\"https:\\\/\\\/labemacosmetics.com\\\/produit\\\/garnier-pure-active-detox\\\/\"]}]},{\"@type\":\"ImageObject\",\"inLanguage\":\"en-GB\",\"@id\":\"https:\\\/\\\/labemacosmetics.com\\\/produit\\\/garnier-pure-active-detox\\\/#primaryimage\",\"url\":\"https:\\\/\\\/labemacosmetics.com\\\/wp-content\\\/uploads\\\/2020\\\/02\\\/Garnier_active_pure_detox.png\",\"contentUrl\":\"https:\\\/\\\/labemacosmetics.com\\\/wp-content\\\/uploads\\\/2020\\\/02\\\/Garnier_active_pure_detox.png\",\"width\":600,\"height\":726,\"caption\":\"Garnier Pure Active Detox\"},{\"@type\":\"BreadcrumbList\",\"@id\":\"https:\\\/\\\/labemacosmetics.com\\\/produit\\\/garnier-pure-active-detox\\\/#breadcrumb\",\"itemListElement\":[{\"@type\":\"ListItem\",\"position\":1,\"name\":\"Accueil\",\"item\":\"https:\\\/\\\/labemacosmetics.com\\\/\"},{\"@type\":\"ListItem\",\"position\":2,\"name\":\"Produits\",\"item\":\"https:\\\/\\\/labemacosmetics.com\\\/shop\\\/\"},{\"@type\":\"ListItem\",\"position\":3,\"name\":\"GARNIER Masque d\u00e9sincrustrante Pure Active Detox\"}]},{\"@type\":\"WebSite\",\"@id\":\"https:\\\/\\\/labemacosmetics.com\\\/#website\",\"url\":\"https:\\\/\\\/labemacosmetics.com\\\/\",\"name\":\"Lab&eacute;ma Cosmetics\",\"description\":\"\",\"potentialAction\":[{\"@type\":\"SearchAction\",\"target\":{\"@type\":\"EntryPoint\",\"urlTemplate\":\"https:\\\/\\\/labemacosmetics.com\\\/?s={search_term_string}\"},\"query-input\":{\"@type\":\"PropertyValueSpecification\",\"valueRequired\":true,\"valueName\":\"search_term_string\"}}],\"inLanguage\":\"en-GB\"}]}<\/script>\n<meta property=\"product:brand\" content=\"Garnier\" \/>\n<meta property=\"product:price:amount\" content=\"6000\" \/>\n<meta property=\"product:price:currency\" content=\"XOF\" \/>\n<meta property=\"og:availability\" content=\"instock\" \/>\n<meta property=\"product:availability\" content=\"instock\" \/>\n<meta property=\"product:condition\" content=\"new\" \/>\n<!-- \/ Yoast SEO Premium plugin. -->","yoast_head_json":{"title":"Garnier GARNIER Masque d\u00e9sincrustrante Pure Active Detox - Lab&eacute;ma Cosmetics | Dakar \/ S\u00e9n\u00e9gal","description":"Garnier Pure active detox est enrichi en extrait de Th\u00e9 Matcha et en Argile Kaolin. Formul\u00e9 \u00e0 partir de feuilles de th\u00e9 vert cultiv\u00e9es \u00e0 l'ombre ...","robots":{"index":"index","follow":"follow","max-snippet":"max-snippet:-1","max-image-preview":"max-image-preview:large","max-video-preview":"max-video-preview:-1"},"canonical":"https:\/\/labemacosmetics.com\/en\/product\/garnier-pure-active-detox\/","og_locale":"en_GB","og_type":"article","og_title":"GARNIER Masque d\u00e9sincrustrante Pure Active Detox","og_description":"Garnier Pure active detox est enrichi en extrait de Th\u00e9 Matcha et en Argile Kaolin. Formul\u00e9 \u00e0 partir de feuilles de th\u00e9 vert cultiv\u00e9es \u00e0 l'ombre ...","og_url":"https:\/\/labemacosmetics.com\/en\/product\/garnier-pure-active-detox\/","og_site_name":"Lab&eacute;ma Cosmetics","article_publisher":"http:\/\/www.facebook.com\/labemacosmetics","article_modified_time":"2023-05-21T12:56:30+00:00","og_image":[{"width":600,"height":726,"url":"https:\/\/labemacosmetics.com\/wp-content\/uploads\/2020\/02\/Garnier_active_pure_detox.png","type":"image\/png"}],"twitter_card":"summary_large_image","twitter_site":"@Labemasn","twitter_misc":{"Price":"6 000&nbsp;CFA","Availability":"In stock"},"schema":{"@context":"https:\/\/schema.org","@graph":[{"@type":"WebPage","@id":"https:\/\/labemacosmetics.com\/produit\/garnier-pure-active-detox\/","url":"https:\/\/labemacosmetics.com\/produit\/garnier-pure-active-detox\/","name":"Garnier GARNIER Masque d\u00e9sincrustrante Pure Active Detox - Lab&eacute;ma Cosmetics | Dakar \/ S\u00e9n\u00e9gal","isPartOf":{"@id":"https:\/\/labemacosmetics.com\/#website"},"primaryImageOfPage":{"@id":"https:\/\/labemacosmetics.com\/produit\/garnier-pure-active-detox\/#primaryimage"},"image":{"@id":"https:\/\/labemacosmetics.com\/produit\/garnier-pure-active-detox\/#primaryimage"},"thumbnailUrl":"https:\/\/labemacosmetics.com\/wp-content\/uploads\/2020\/02\/Garnier_active_pure_detox.png","datePublished":"2020-02-21T12:28:27+00:00","dateModified":"2023-05-21T12:56:30+00:00","description":"Garnier Pure active detox est enrichi en extrait de Th\u00e9 Matcha et en Argile Kaolin. Formul\u00e9 \u00e0 partir de feuilles de th\u00e9 vert cultiv\u00e9es \u00e0 l'ombre ...","breadcrumb":{"@id":"https:\/\/labemacosmetics.com\/produit\/garnier-pure-active-detox\/#breadcrumb"},"inLanguage":"en-GB","potentialAction":[{"@type":"ReadAction","target":["https:\/\/labemacosmetics.com\/produit\/garnier-pure-active-detox\/"]}]},{"@type":"ImageObject","inLanguage":"en-GB","@id":"https:\/\/labemacosmetics.com\/produit\/garnier-pure-active-detox\/#primaryimage","url":"https:\/\/labemacosmetics.com\/wp-content\/uploads\/2020\/02\/Garnier_active_pure_detox.png","contentUrl":"https:\/\/labemacosmetics.com\/wp-content\/uploads\/2020\/02\/Garnier_active_pure_detox.png","width":600,"height":726,"caption":"Garnier Pure Active Detox"},{"@type":"BreadcrumbList","@id":"https:\/\/labemacosmetics.com\/produit\/garnier-pure-active-detox\/#breadcrumb","itemListElement":[{"@type":"ListItem","position":1,"name":"Accueil","item":"https:\/\/labemacosmetics.com\/"},{"@type":"ListItem","position":2,"name":"Produits","item":"https:\/\/labemacosmetics.com\/shop\/"},{"@type":"ListItem","position":3,"name":"GARNIER Masque d\u00e9sincrustrante Pure Active Detox"}]},{"@type":"WebSite","@id":"https:\/\/labemacosmetics.com\/#website","url":"https:\/\/labemacosmetics.com\/","name":"Lab&eacute;ma Cosmetics","description":"","potentialAction":[{"@type":"SearchAction","target":{"@type":"EntryPoint","urlTemplate":"https:\/\/labemacosmetics.com\/?s={search_term_string}"},"query-input":{"@type":"PropertyValueSpecification","valueRequired":true,"valueName":"search_term_string"}}],"inLanguage":"en-GB"}]},"product_brand":"Garnier","product_price_amount":"6000","product_price_currency":"XOF","og_availability":"instock","product_availability":"instock","product_condition":"new"},"_links":{"self":[{"href":"https:\/\/labemacosmetics.com\/en\/wp-json\/wp\/v2\/product\/5869","targetHints":{"allow":["GET"]}}],"collection":[{"href":"https:\/\/labemacosmetics.com\/en\/wp-json\/wp\/v2\/product"}],"about":[{"href":"https:\/\/labemacosmetics.com\/en\/wp-json\/wp\/v2\/types\/product"}],"replies":[{"embeddable":true,"href":"https:\/\/labemacosmetics.com\/en\/wp-json\/wp\/v2\/comments?post=5869"}],"version-history":[{"count":0,"href":"https:\/\/labemacosmetics.com\/en\/wp-json\/wp\/v2\/product\/5869\/revisions"}],"wp:featuredmedia":[{"embeddable":true,"href":"https:\/\/labemacosmetics.com\/en\/wp-json\/wp\/v2\/media\/5871"}],"wp:attachment":[{"href":"https:\/\/labemacosmetics.com\/en\/wp-json\/wp\/v2\/media?parent=5869"}],"wp:term":[{"taxonomy":"product_brand","embeddable":true,"href":"https:\/\/labemacosmetics.com\/en\/wp-json\/wp\/v2\/product_brand?post=5869"},{"taxonomy":"product_cat","embeddable":true,"href":"https:\/\/labemacosmetics.com\/en\/wp-json\/wp\/v2\/product_cat?post=5869"},{"taxonomy":"product_tag","embeddable":true,"href":"https:\/\/labemacosmetics.com\/en\/wp-json\/wp\/v2\/product_tag?post=5869"}],"curies":[{"name":"wp","href":"https:\/\/api.w.org\/{rel}","templated":true}]}}