{"id":5861,"date":"2020-02-21T11:52:24","date_gmt":"2020-02-21T10:52:24","guid":{"rendered":"https:\/\/www.labemacosmetics.com\/?post_type=product&#038;p=5861"},"modified":"2023-07-13T14:56:06","modified_gmt":"2023-07-13T13:56:06","slug":"neutrogena-anti-points-noirs-creme-desincrustante","status":"publish","type":"product","link":"https:\/\/labemacosmetics.com\/en\/product\/neutrogena-anti-points-noirs-creme-desincrustante\/","title":{"rendered":"NEUTROGENA Anti-points Noirs Cr\u00e8me D\u00e9sincrustante"},"content":{"rendered":"<p>La cr\u00e8me\u00a0 Neutrogena anti-points noirs visibly clear\u00a0 aide \u00e0 \u00e9liminer les points noirs d\u00e8s la 1ere utilisation. Aussi il pr\u00e9vient leur apparition.<\/p>\n<p>Cette cr\u00e8me a des micro-perles exfoliantes d\u2019origine naturelle. Elle d\u00e9sincruste les pores pour enlever l\u2019exc\u00e8s de s\u00e9bum et les impuret\u00e9s \u00e0 l\u2019origine des points noirs.<\/p>\n<p>Avec un puissant actif purifiant, l\u2019acide salicylique, la cr\u00e8me nettoie les pores en profondeur et pr\u00e9vient l\u2019apparition de nouveaux points noirs.<\/p>\n<p>Utilis\u00e9e quotidiennement, les pores sont visiblement r\u00e9duits.<\/p>\n<h2>Utilisation<\/h2>\n<p>Recommand\u00e9 pour un usage quotidien. Appliquer sur visage humide, masser d\u00e9licatement en insistant sur les zones propices aux points noirs. Rincer abondamment.<\/p>\n<p>&nbsp;<\/p>\n<h2>Ingr\u00e9dients Neutrogena Anti-points noirs<\/h2>\n<p>AQUA ; CETYL ALCOHOL ; PPG-15 STEARYL ETHER ; HYDROGENATED CASTOR OIL ; GLYCERIN ; POLYSORBATE 60 ; SALICYLIC ACID ; STEARETH-21 ; HYDROGENATED JOJOBA OIL ; MENTHYL LACTATE ; NEOPENTYL GLYCOL DICAPRYLATE\/DICAPRATE ; MICA ; TALC ; PHENETHYL ALCOHOL ; POTASSIUM CETYL PHOSPHATE ; AGAR ; POLYVINYL ALCOHOL ; XANTHAN GUM ; PPG-2 METHYL ETHER ; BHT ; METHYLISOTHIAZOLINONE ; PHENOXYETHANOL ; PARFUM ; HEXYL CINNAMAL ; 77492 ; 73360 ; 77891; 77491;<\/p>","protected":false},"excerpt":{"rendered":"<p>Cliniquement prouv\u00e9, le <a href=\"https:\/\/www.neutrogena.fr\/visage\/masques\/anti-boutons-2-en-1-nettoyant-et-masque\">2-en-1 Nettoyant et Masque Neutrogena anti-boutons<\/a> de <a href=\"https:\/\/labemacosmetics.com\/en\/product-brands\/all-brands\/neutrogena\/?v=92666505ce75\">Neutrogena<\/a> aide \u00e0 \u00e9liminer les boutons m\u00eame les plus tenaces, et pr\u00e9vient leur r\u00e9apparition.<br \/>\nAlliant un puissant actif purifiant, l\u2019acide salicylique, \u00e0 une base d\u2019argile blanche, sa formule nettoie la peau en profondeur et absorbe l\u2019exc\u00e8s de s\u00e9bum tout en pr\u00e9servant l\u2019\u00e9quilibre naturel de la peau.<\/p>","protected":false},"featured_media":5862,"comment_status":"closed","ping_status":"closed","template":"","meta":{"om_disable_all_campaigns":false,"_mi_skip_tracking":false,"_monsterinsights_sitenote_active":false,"_monsterinsights_sitenote_note":"","_monsterinsights_sitenote_category":0},"product_brand":[],"product_cat":[127,520,1747,515,514,516,517,512,128,513],"product_tag":[],"class_list":{"0":"post-5861","1":"product","2":"type-product","3":"status-publish","4":"has-post-thumbnail","6":"product_cat-boutique","7":"product_cat-gommage-peeling","8":"product_cat-peaux-a-tendances-acneiques","9":"product_cat-peaux-mixtes-a-grasses","10":"product_cat-peaux-normales","11":"product_cat-peaux-seches","12":"product_cat-peaux-sensibles","13":"product_cat-produits-par-besoin","14":"product_cat-soin-de-visage","15":"product_cat-type-de-peau","16":"yith_product_brand-neutrogena","18":"first","19":"outofstock","20":"shipping-taxable","21":"purchasable","22":"product-type-simple"},"yoast_head":"<!-- This site is optimized with the Yoast SEO Premium plugin v20.8 (Yoast SEO v27.4) - https:\/\/yoast.com\/product\/yoast-seo-premium-wordpress\/ -->\n<title>Neutrogena NEUTROGENA Anti-points Noirs Cr\u00e8me D\u00e9sincrustante - Lab&eacute;ma Cosmetics | Dakar \/ S\u00e9n\u00e9gal<\/title>\n<meta name=\"description\" content=\"Neutrogena anti-points noirs visibly clear\u00a0 aide \u00e0 \u00e9liminer les points noirs d\u00e8s la 1ere utilisation et pr\u00e9vient leur apparition.Gr\u00e2ce \u00e0 des micro-perles exfoliantes d\u2019origine natu\" \/>\n<meta name=\"robots\" content=\"index, follow, max-snippet:-1, max-image-preview:large, max-video-preview:-1\" \/>\n<link rel=\"canonical\" href=\"https:\/\/labemacosmetics.com\/en\/product\/neutrogena-anti-points-noirs-creme-desincrustante\/\" \/>\n<meta property=\"og:locale\" content=\"en_GB\" \/>\n<meta property=\"og:type\" content=\"article\" \/>\n<meta property=\"og:title\" content=\"NEUTROGENA Anti-points Noirs Cr\u00e8me D\u00e9sincrustante\" \/>\n<meta property=\"og:description\" content=\"Neutrogena anti-points noirs visibly clear\u00a0 aide \u00e0 \u00e9liminer les points noirs d\u00e8s la 1ere utilisation et pr\u00e9vient leur apparition.Gr\u00e2ce \u00e0 des micro-perles exfoliantes d\u2019origine natu\" \/>\n<meta property=\"og:url\" content=\"https:\/\/labemacosmetics.com\/en\/product\/neutrogena-anti-points-noirs-creme-desincrustante\/\" \/>\n<meta property=\"og:site_name\" content=\"Lab&eacute;ma Cosmetics\" \/>\n<meta property=\"article:publisher\" content=\"http:\/\/www.facebook.com\/labemacosmetics\" \/>\n<meta property=\"article:modified_time\" content=\"2023-07-13T13:56:06+00:00\" \/>\n<meta property=\"og:image\" content=\"https:\/\/labemacosmetics.com\/wp-content\/uploads\/2020\/02\/Neutrogena_Anti_points_noirs.png\" \/>\n\t<meta property=\"og:image:width\" content=\"600\" \/>\n\t<meta property=\"og:image:height\" content=\"726\" \/>\n\t<meta property=\"og:image:type\" content=\"image\/png\" \/>\n<meta name=\"twitter:card\" content=\"summary_large_image\" \/>\n<meta name=\"twitter:site\" content=\"@Labemasn\" \/>\n<meta name=\"twitter:label1\" content=\"Price\" \/>\n\t<meta name=\"twitter:data1\" content=\"7 000&nbsp;CFA\" \/>\n\t<meta name=\"twitter:label2\" content=\"Availability\" \/>\n\t<meta name=\"twitter:data2\" content=\"Out of stock\" \/>\n<script type=\"application\/ld+json\" class=\"yoast-schema-graph\">{\"@context\":\"https:\\\/\\\/schema.org\",\"@graph\":[{\"@type\":\"WebPage\",\"@id\":\"https:\\\/\\\/labemacosmetics.com\\\/produit\\\/neutrogena-anti-points-noirs-creme-desincrustante\\\/\",\"url\":\"https:\\\/\\\/labemacosmetics.com\\\/produit\\\/neutrogena-anti-points-noirs-creme-desincrustante\\\/\",\"name\":\"Neutrogena NEUTROGENA Anti-points Noirs Cr\u00e8me D\u00e9sincrustante - Lab&eacute;ma Cosmetics | Dakar \\\/ S\u00e9n\u00e9gal\",\"isPartOf\":{\"@id\":\"https:\\\/\\\/labemacosmetics.com\\\/#website\"},\"primaryImageOfPage\":{\"@id\":\"https:\\\/\\\/labemacosmetics.com\\\/produit\\\/neutrogena-anti-points-noirs-creme-desincrustante\\\/#primaryimage\"},\"image\":{\"@id\":\"https:\\\/\\\/labemacosmetics.com\\\/produit\\\/neutrogena-anti-points-noirs-creme-desincrustante\\\/#primaryimage\"},\"thumbnailUrl\":\"https:\\\/\\\/labemacosmetics.com\\\/wp-content\\\/uploads\\\/2020\\\/02\\\/Neutrogena_Anti_points_noirs.png\",\"datePublished\":\"2020-02-21T10:52:24+00:00\",\"dateModified\":\"2023-07-13T13:56:06+00:00\",\"description\":\"Neutrogena anti-points noirs visibly clear\u00a0 aide \u00e0 \u00e9liminer les points noirs d\u00e8s la 1ere utilisation et pr\u00e9vient leur apparition.Gr\u00e2ce \u00e0 des micro-perles exfoliantes d\u2019origine natu\",\"breadcrumb\":{\"@id\":\"https:\\\/\\\/labemacosmetics.com\\\/produit\\\/neutrogena-anti-points-noirs-creme-desincrustante\\\/#breadcrumb\"},\"inLanguage\":\"en-GB\",\"potentialAction\":[{\"@type\":\"ReadAction\",\"target\":[\"https:\\\/\\\/labemacosmetics.com\\\/produit\\\/neutrogena-anti-points-noirs-creme-desincrustante\\\/\"]}]},{\"@type\":\"ImageObject\",\"inLanguage\":\"en-GB\",\"@id\":\"https:\\\/\\\/labemacosmetics.com\\\/produit\\\/neutrogena-anti-points-noirs-creme-desincrustante\\\/#primaryimage\",\"url\":\"https:\\\/\\\/labemacosmetics.com\\\/wp-content\\\/uploads\\\/2020\\\/02\\\/Neutrogena_Anti_points_noirs.png\",\"contentUrl\":\"https:\\\/\\\/labemacosmetics.com\\\/wp-content\\\/uploads\\\/2020\\\/02\\\/Neutrogena_Anti_points_noirs.png\",\"width\":600,\"height\":726,\"caption\":\"Neutrogena Anti-Points noirs\"},{\"@type\":\"BreadcrumbList\",\"@id\":\"https:\\\/\\\/labemacosmetics.com\\\/produit\\\/neutrogena-anti-points-noirs-creme-desincrustante\\\/#breadcrumb\",\"itemListElement\":[{\"@type\":\"ListItem\",\"position\":1,\"name\":\"Accueil\",\"item\":\"https:\\\/\\\/labemacosmetics.com\\\/\"},{\"@type\":\"ListItem\",\"position\":2,\"name\":\"Produits\",\"item\":\"https:\\\/\\\/labemacosmetics.com\\\/shop\\\/\"},{\"@type\":\"ListItem\",\"position\":3,\"name\":\"NEUTROGENA Anti-points Noirs Cr\u00e8me D\u00e9sincrustante\"}]},{\"@type\":\"WebSite\",\"@id\":\"https:\\\/\\\/labemacosmetics.com\\\/#website\",\"url\":\"https:\\\/\\\/labemacosmetics.com\\\/\",\"name\":\"Lab&eacute;ma Cosmetics\",\"description\":\"\",\"potentialAction\":[{\"@type\":\"SearchAction\",\"target\":{\"@type\":\"EntryPoint\",\"urlTemplate\":\"https:\\\/\\\/labemacosmetics.com\\\/?s={search_term_string}\"},\"query-input\":{\"@type\":\"PropertyValueSpecification\",\"valueRequired\":true,\"valueName\":\"search_term_string\"}}],\"inLanguage\":\"en-GB\"}]}<\/script>\n<meta property=\"product:brand\" content=\"Neutrogena\" \/>\n<meta property=\"product:price:amount\" content=\"7000\" \/>\n<meta property=\"product:price:currency\" content=\"XOF\" \/>\n<meta property=\"og:availability\" content=\"out of stock\" \/>\n<meta property=\"product:availability\" content=\"out of stock\" \/>\n<meta property=\"product:condition\" content=\"new\" \/>\n<!-- \/ Yoast SEO Premium plugin. -->","yoast_head_json":{"title":"Neutrogena NEUTROGENA Anti-points Noirs Cr\u00e8me D\u00e9sincrustante - Lab&eacute;ma Cosmetics | Dakar \/ S\u00e9n\u00e9gal","description":"Neutrogena anti-points noirs visibly clear\u00a0 aide \u00e0 \u00e9liminer les points noirs d\u00e8s la 1ere utilisation et pr\u00e9vient leur apparition.Gr\u00e2ce \u00e0 des micro-perles exfoliantes d\u2019origine natu","robots":{"index":"index","follow":"follow","max-snippet":"max-snippet:-1","max-image-preview":"max-image-preview:large","max-video-preview":"max-video-preview:-1"},"canonical":"https:\/\/labemacosmetics.com\/en\/product\/neutrogena-anti-points-noirs-creme-desincrustante\/","og_locale":"en_GB","og_type":"article","og_title":"NEUTROGENA Anti-points Noirs Cr\u00e8me D\u00e9sincrustante","og_description":"Neutrogena anti-points noirs visibly clear\u00a0 aide \u00e0 \u00e9liminer les points noirs d\u00e8s la 1ere utilisation et pr\u00e9vient leur apparition.Gr\u00e2ce \u00e0 des micro-perles exfoliantes d\u2019origine natu","og_url":"https:\/\/labemacosmetics.com\/en\/product\/neutrogena-anti-points-noirs-creme-desincrustante\/","og_site_name":"Lab&eacute;ma Cosmetics","article_publisher":"http:\/\/www.facebook.com\/labemacosmetics","article_modified_time":"2023-07-13T13:56:06+00:00","og_image":[{"width":600,"height":726,"url":"https:\/\/labemacosmetics.com\/wp-content\/uploads\/2020\/02\/Neutrogena_Anti_points_noirs.png","type":"image\/png"}],"twitter_card":"summary_large_image","twitter_site":"@Labemasn","twitter_misc":{"Price":"7 000&nbsp;CFA","Availability":"Out of stock"},"schema":{"@context":"https:\/\/schema.org","@graph":[{"@type":"WebPage","@id":"https:\/\/labemacosmetics.com\/produit\/neutrogena-anti-points-noirs-creme-desincrustante\/","url":"https:\/\/labemacosmetics.com\/produit\/neutrogena-anti-points-noirs-creme-desincrustante\/","name":"Neutrogena NEUTROGENA Anti-points Noirs Cr\u00e8me D\u00e9sincrustante - Lab&eacute;ma Cosmetics | Dakar \/ S\u00e9n\u00e9gal","isPartOf":{"@id":"https:\/\/labemacosmetics.com\/#website"},"primaryImageOfPage":{"@id":"https:\/\/labemacosmetics.com\/produit\/neutrogena-anti-points-noirs-creme-desincrustante\/#primaryimage"},"image":{"@id":"https:\/\/labemacosmetics.com\/produit\/neutrogena-anti-points-noirs-creme-desincrustante\/#primaryimage"},"thumbnailUrl":"https:\/\/labemacosmetics.com\/wp-content\/uploads\/2020\/02\/Neutrogena_Anti_points_noirs.png","datePublished":"2020-02-21T10:52:24+00:00","dateModified":"2023-07-13T13:56:06+00:00","description":"Neutrogena anti-points noirs visibly clear\u00a0 aide \u00e0 \u00e9liminer les points noirs d\u00e8s la 1ere utilisation et pr\u00e9vient leur apparition.Gr\u00e2ce \u00e0 des micro-perles exfoliantes d\u2019origine natu","breadcrumb":{"@id":"https:\/\/labemacosmetics.com\/produit\/neutrogena-anti-points-noirs-creme-desincrustante\/#breadcrumb"},"inLanguage":"en-GB","potentialAction":[{"@type":"ReadAction","target":["https:\/\/labemacosmetics.com\/produit\/neutrogena-anti-points-noirs-creme-desincrustante\/"]}]},{"@type":"ImageObject","inLanguage":"en-GB","@id":"https:\/\/labemacosmetics.com\/produit\/neutrogena-anti-points-noirs-creme-desincrustante\/#primaryimage","url":"https:\/\/labemacosmetics.com\/wp-content\/uploads\/2020\/02\/Neutrogena_Anti_points_noirs.png","contentUrl":"https:\/\/labemacosmetics.com\/wp-content\/uploads\/2020\/02\/Neutrogena_Anti_points_noirs.png","width":600,"height":726,"caption":"Neutrogena Anti-Points noirs"},{"@type":"BreadcrumbList","@id":"https:\/\/labemacosmetics.com\/produit\/neutrogena-anti-points-noirs-creme-desincrustante\/#breadcrumb","itemListElement":[{"@type":"ListItem","position":1,"name":"Accueil","item":"https:\/\/labemacosmetics.com\/"},{"@type":"ListItem","position":2,"name":"Produits","item":"https:\/\/labemacosmetics.com\/shop\/"},{"@type":"ListItem","position":3,"name":"NEUTROGENA Anti-points Noirs Cr\u00e8me D\u00e9sincrustante"}]},{"@type":"WebSite","@id":"https:\/\/labemacosmetics.com\/#website","url":"https:\/\/labemacosmetics.com\/","name":"Lab&eacute;ma Cosmetics","description":"","potentialAction":[{"@type":"SearchAction","target":{"@type":"EntryPoint","urlTemplate":"https:\/\/labemacosmetics.com\/?s={search_term_string}"},"query-input":{"@type":"PropertyValueSpecification","valueRequired":true,"valueName":"search_term_string"}}],"inLanguage":"en-GB"}]},"product_brand":"Neutrogena","product_price_amount":"7000","product_price_currency":"XOF","og_availability":"out of stock","product_availability":"out of stock","product_condition":"new"},"_links":{"self":[{"href":"https:\/\/labemacosmetics.com\/en\/wp-json\/wp\/v2\/product\/5861","targetHints":{"allow":["GET"]}}],"collection":[{"href":"https:\/\/labemacosmetics.com\/en\/wp-json\/wp\/v2\/product"}],"about":[{"href":"https:\/\/labemacosmetics.com\/en\/wp-json\/wp\/v2\/types\/product"}],"replies":[{"embeddable":true,"href":"https:\/\/labemacosmetics.com\/en\/wp-json\/wp\/v2\/comments?post=5861"}],"version-history":[{"count":0,"href":"https:\/\/labemacosmetics.com\/en\/wp-json\/wp\/v2\/product\/5861\/revisions"}],"wp:featuredmedia":[{"embeddable":true,"href":"https:\/\/labemacosmetics.com\/en\/wp-json\/wp\/v2\/media\/5862"}],"wp:attachment":[{"href":"https:\/\/labemacosmetics.com\/en\/wp-json\/wp\/v2\/media?parent=5861"}],"wp:term":[{"taxonomy":"product_brand","embeddable":true,"href":"https:\/\/labemacosmetics.com\/en\/wp-json\/wp\/v2\/product_brand?post=5861"},{"taxonomy":"product_cat","embeddable":true,"href":"https:\/\/labemacosmetics.com\/en\/wp-json\/wp\/v2\/product_cat?post=5861"},{"taxonomy":"product_tag","embeddable":true,"href":"https:\/\/labemacosmetics.com\/en\/wp-json\/wp\/v2\/product_tag?post=5861"}],"curies":[{"name":"wp","href":"https:\/\/api.w.org\/{rel}","templated":true}]}}