{"id":5859,"date":"2020-02-21T11:31:56","date_gmt":"2020-02-21T10:31:56","guid":{"rendered":"https:\/\/www.labemacosmetics.com\/?post_type=product&#038;p=5859"},"modified":"2023-05-21T14:00:14","modified_gmt":"2023-05-21T13:00:14","slug":"neutrogena-anti-boutons-2-en-1-citron-vert-nettoyant-et-masque","status":"publish","type":"product","link":"https:\/\/labemacosmetics.com\/en\/product\/neutrogena-anti-boutons-2-en-1-citron-vert-nettoyant-et-masque\/","title":{"rendered":"NEUTROGENA Anti-Boutons 2 en 1 nettoyant et masque"},"content":{"rendered":"<p>Cliniquement prouv\u00e9, le 2-en-1 Nettoyant et Masque Neutrogena anti-boutons de Neutrogena aide \u00e0 \u00e9liminer les boutons m\u00eame les plus tenaces, et pr\u00e9vient leur r\u00e9apparition.<br \/>\nEn effet, alliant un puissant actif purifiant, l\u2019acide salicylique, \u00e0 une base d\u2019argile blanche, sa formule nettoie la peau en profondeur et absorbe l\u2019exc\u00e8s de s\u00e9bum tout en pr\u00e9servant l\u2019\u00e9quilibre naturel de la peau.<\/p>\n<p>Ainsi, Cette formule pr\u00e9serve les nutriments essentiels de la peau pour renforcer son bouclier naturel et lutter contre l&rsquo;apparition de nouveaux boutons. La peau est plus fraiche et plus nette.<\/p>\n<h2>Utilisation<\/h2>\n<p>D\u00e8s les premi\u00e8res utilisations, aide \u00e0 r\u00e9duire les boutons tout en renfor\u00e7ant les d\u00e9fenses naturelles de la peau. Adapt\u00e9 aux peaux sensibles<\/p>\n<p>Le nettoyant et masque 2-en-1 Neutrogena Anti-boutons:<\/p>\n<p>Utilis\u00e9 en nettoyant : nettoie les pores en profondeur pour combattre efficacement les boutons. Matin et soir, appliquer sur le visage humide et faire mousser en massant d\u00e9licatement le visage. Rincer abondamment \u00e0 l&rsquo;eau.<\/p>\n<p>Utilis\u00e9 en masque : absorbe l&rsquo;exc\u00e8s de s\u00e9bum pr\u00e9sent sur la peau et d\u00e9sobstrue les pores pour purifier la peau efficacement. Une fois par semaine, appliquer une fine couche sur le visage et laisser poser pendant 5 minutes. Rincer \u00e0 l&rsquo;eau et enlever les derni\u00e8res traces avec un coton<\/p>\n<h2>Ingr\u00e9dients Neutrogena Anti-boutons 2 en 1 Nettoyant et Masque<\/h2>\n<p>AQUA ; GLYCERIN ; KAOLIN ; BENTONITE ; SODIUM METHYL COCOYL TAURATE ; TRIDECETH-9 ; SALICYLIC ACID ; BENZALKONIUM CHLORIDE ; MENTHOL ; C12-15 ALKYL LACTATE ; CETYL LACTATE ; COCAMIDOPROPYL PG-DIMONIUM CHLORIDE PHOSPHATE ; ; LACTIC ACID ; PEG-5 ETHYLHEXANOATE ; COCONUT ACID ; SODIUM CHLORIDE ; XANTHAN GUM ; DISODIUM EDTA ; CITRIC ACID ; SODIUM CITRATE ; SODIUM HYDROXIDE ; CHLORPHENESIN ; PARFUM ; CI 77891 ;<\/p>","protected":false},"excerpt":{"rendered":"<p>Cliniquement prouv\u00e9, le 2-en-1 Nettoyant et Masque Neutrogena anti-boutons de Neutrogena aide \u00e0 \u00e9liminer les boutons m\u00eame les plus tenaces, et pr\u00e9vient leur r\u00e9apparition.<br \/>\nAlliant un puissant actif purifiant, l\u2019acide salicylique, \u00e0 une base d\u2019argile blanche, sa formule nettoie la peau en profondeur et absorbe l\u2019exc\u00e8s de s\u00e9bum tout en pr\u00e9servant l\u2019\u00e9quilibre naturel de la peau.<\/p>","protected":false},"featured_media":5867,"comment_status":"closed","ping_status":"closed","template":"","meta":{"om_disable_all_campaigns":false,"_mi_skip_tracking":false,"_monsterinsights_sitenote_active":false,"_monsterinsights_sitenote_note":"","_monsterinsights_sitenote_category":0},"product_brand":[],"product_cat":[127,1742,519,1747,512,128,513],"product_tag":[],"class_list":{"0":"post-5859","1":"product","2":"type-product","3":"status-publish","4":"has-post-thumbnail","6":"product_cat-boutique","7":"product_cat-masques","8":"product_cat-nettoyants","9":"product_cat-peaux-a-tendances-acneiques","10":"product_cat-produits-par-besoin","11":"product_cat-soin-de-visage","12":"product_cat-type-de-peau","13":"yith_product_brand-neutrogena","15":"first","16":"outofstock","17":"shipping-taxable","18":"purchasable","19":"product-type-simple"},"yoast_head":"<!-- This site is optimized with the Yoast SEO Premium plugin v20.8 (Yoast SEO v27.4) - https:\/\/yoast.com\/product\/yoast-seo-premium-wordpress\/ -->\n<title>Neutrogena NEUTROGENA Anti-Boutons 2 en 1 nettoyant et masque - Lab&eacute;ma Cosmetics | Dakar \/ S\u00e9n\u00e9gal<\/title>\n<meta name=\"description\" content=\"Neutrogena Anti-boutons 2-en-1 Nettoyant et Masque aide \u00e0 \u00e9liminer les boutons m\u00eame les plus tenaces, et pr\u00e9vient leur r\u00e9apparition.\" \/>\n<meta name=\"robots\" content=\"index, follow, max-snippet:-1, max-image-preview:large, max-video-preview:-1\" \/>\n<link rel=\"canonical\" href=\"https:\/\/labemacosmetics.com\/en\/product\/neutrogena-anti-boutons-2-en-1-citron-vert-nettoyant-et-masque\/\" \/>\n<meta property=\"og:locale\" content=\"en_GB\" \/>\n<meta property=\"og:type\" content=\"article\" \/>\n<meta property=\"og:title\" content=\"NEUTROGENA Anti-Boutons 2 en 1 nettoyant et masque\" \/>\n<meta property=\"og:description\" content=\"Neutrogena Anti-boutons 2-en-1 Nettoyant et Masque aide \u00e0 \u00e9liminer les boutons m\u00eame les plus tenaces, et pr\u00e9vient leur r\u00e9apparition.\" \/>\n<meta property=\"og:url\" content=\"https:\/\/labemacosmetics.com\/en\/product\/neutrogena-anti-boutons-2-en-1-citron-vert-nettoyant-et-masque\/\" \/>\n<meta property=\"og:site_name\" content=\"Lab&eacute;ma Cosmetics\" \/>\n<meta property=\"article:publisher\" content=\"http:\/\/www.facebook.com\/labemacosmetics\" \/>\n<meta property=\"article:modified_time\" content=\"2023-05-21T13:00:14+00:00\" \/>\n<meta property=\"og:image\" content=\"https:\/\/labemacosmetics.com\/wp-content\/uploads\/2020\/02\/Neutrogena_Antiboutons_2en1.png\" \/>\n\t<meta property=\"og:image:width\" content=\"600\" \/>\n\t<meta property=\"og:image:height\" content=\"726\" \/>\n\t<meta property=\"og:image:type\" content=\"image\/png\" \/>\n<meta name=\"twitter:card\" content=\"summary_large_image\" \/>\n<meta name=\"twitter:site\" content=\"@Labemasn\" \/>\n<meta name=\"twitter:label1\" content=\"Price\" \/>\n\t<meta name=\"twitter:data1\" content=\"7 000&nbsp;CFA\" \/>\n\t<meta name=\"twitter:label2\" content=\"Availability\" \/>\n\t<meta name=\"twitter:data2\" content=\"Out of stock\" \/>\n<script type=\"application\/ld+json\" class=\"yoast-schema-graph\">{\"@context\":\"https:\\\/\\\/schema.org\",\"@graph\":[{\"@type\":\"WebPage\",\"@id\":\"https:\\\/\\\/labemacosmetics.com\\\/produit\\\/neutrogena-anti-boutons-2-en-1-citron-vert-nettoyant-et-masque\\\/\",\"url\":\"https:\\\/\\\/labemacosmetics.com\\\/produit\\\/neutrogena-anti-boutons-2-en-1-citron-vert-nettoyant-et-masque\\\/\",\"name\":\"Neutrogena NEUTROGENA Anti-Boutons 2 en 1 nettoyant et masque - Lab&eacute;ma Cosmetics | Dakar \\\/ S\u00e9n\u00e9gal\",\"isPartOf\":{\"@id\":\"https:\\\/\\\/labemacosmetics.com\\\/#website\"},\"primaryImageOfPage\":{\"@id\":\"https:\\\/\\\/labemacosmetics.com\\\/produit\\\/neutrogena-anti-boutons-2-en-1-citron-vert-nettoyant-et-masque\\\/#primaryimage\"},\"image\":{\"@id\":\"https:\\\/\\\/labemacosmetics.com\\\/produit\\\/neutrogena-anti-boutons-2-en-1-citron-vert-nettoyant-et-masque\\\/#primaryimage\"},\"thumbnailUrl\":\"https:\\\/\\\/labemacosmetics.com\\\/wp-content\\\/uploads\\\/2020\\\/02\\\/Neutrogena_Antiboutons_2en1.png\",\"datePublished\":\"2020-02-21T10:31:56+00:00\",\"dateModified\":\"2023-05-21T13:00:14+00:00\",\"description\":\"Neutrogena Anti-boutons 2-en-1 Nettoyant et Masque aide \u00e0 \u00e9liminer les boutons m\u00eame les plus tenaces, et pr\u00e9vient leur r\u00e9apparition.\",\"breadcrumb\":{\"@id\":\"https:\\\/\\\/labemacosmetics.com\\\/produit\\\/neutrogena-anti-boutons-2-en-1-citron-vert-nettoyant-et-masque\\\/#breadcrumb\"},\"inLanguage\":\"en-GB\",\"potentialAction\":[{\"@type\":\"ReadAction\",\"target\":[\"https:\\\/\\\/labemacosmetics.com\\\/produit\\\/neutrogena-anti-boutons-2-en-1-citron-vert-nettoyant-et-masque\\\/\"]}]},{\"@type\":\"ImageObject\",\"inLanguage\":\"en-GB\",\"@id\":\"https:\\\/\\\/labemacosmetics.com\\\/produit\\\/neutrogena-anti-boutons-2-en-1-citron-vert-nettoyant-et-masque\\\/#primaryimage\",\"url\":\"https:\\\/\\\/labemacosmetics.com\\\/wp-content\\\/uploads\\\/2020\\\/02\\\/Neutrogena_Antiboutons_2en1.png\",\"contentUrl\":\"https:\\\/\\\/labemacosmetics.com\\\/wp-content\\\/uploads\\\/2020\\\/02\\\/Neutrogena_Antiboutons_2en1.png\",\"width\":600,\"height\":726,\"caption\":\"Neutrogena Anti-boutons\"},{\"@type\":\"BreadcrumbList\",\"@id\":\"https:\\\/\\\/labemacosmetics.com\\\/produit\\\/neutrogena-anti-boutons-2-en-1-citron-vert-nettoyant-et-masque\\\/#breadcrumb\",\"itemListElement\":[{\"@type\":\"ListItem\",\"position\":1,\"name\":\"Accueil\",\"item\":\"https:\\\/\\\/labemacosmetics.com\\\/\"},{\"@type\":\"ListItem\",\"position\":2,\"name\":\"Produits\",\"item\":\"https:\\\/\\\/labemacosmetics.com\\\/shop\\\/\"},{\"@type\":\"ListItem\",\"position\":3,\"name\":\"NEUTROGENA Anti-Boutons 2 en 1 nettoyant et masque\"}]},{\"@type\":\"WebSite\",\"@id\":\"https:\\\/\\\/labemacosmetics.com\\\/#website\",\"url\":\"https:\\\/\\\/labemacosmetics.com\\\/\",\"name\":\"Lab&eacute;ma Cosmetics\",\"description\":\"\",\"potentialAction\":[{\"@type\":\"SearchAction\",\"target\":{\"@type\":\"EntryPoint\",\"urlTemplate\":\"https:\\\/\\\/labemacosmetics.com\\\/?s={search_term_string}\"},\"query-input\":{\"@type\":\"PropertyValueSpecification\",\"valueRequired\":true,\"valueName\":\"search_term_string\"}}],\"inLanguage\":\"en-GB\"}]}<\/script>\n<meta property=\"product:brand\" content=\"Neutrogena\" \/>\n<meta property=\"product:price:amount\" content=\"7000\" \/>\n<meta property=\"product:price:currency\" content=\"XOF\" \/>\n<meta property=\"og:availability\" content=\"out of stock\" \/>\n<meta property=\"product:availability\" content=\"out of stock\" \/>\n<meta property=\"product:condition\" content=\"new\" \/>\n<!-- \/ Yoast SEO Premium plugin. -->","yoast_head_json":{"title":"Neutrogena NEUTROGENA Anti-Boutons 2 en 1 nettoyant et masque - Lab&eacute;ma Cosmetics | Dakar \/ S\u00e9n\u00e9gal","description":"Neutrogena Anti-boutons 2-en-1 Nettoyant et Masque aide \u00e0 \u00e9liminer les boutons m\u00eame les plus tenaces, et pr\u00e9vient leur r\u00e9apparition.","robots":{"index":"index","follow":"follow","max-snippet":"max-snippet:-1","max-image-preview":"max-image-preview:large","max-video-preview":"max-video-preview:-1"},"canonical":"https:\/\/labemacosmetics.com\/en\/product\/neutrogena-anti-boutons-2-en-1-citron-vert-nettoyant-et-masque\/","og_locale":"en_GB","og_type":"article","og_title":"NEUTROGENA Anti-Boutons 2 en 1 nettoyant et masque","og_description":"Neutrogena Anti-boutons 2-en-1 Nettoyant et Masque aide \u00e0 \u00e9liminer les boutons m\u00eame les plus tenaces, et pr\u00e9vient leur r\u00e9apparition.","og_url":"https:\/\/labemacosmetics.com\/en\/product\/neutrogena-anti-boutons-2-en-1-citron-vert-nettoyant-et-masque\/","og_site_name":"Lab&eacute;ma Cosmetics","article_publisher":"http:\/\/www.facebook.com\/labemacosmetics","article_modified_time":"2023-05-21T13:00:14+00:00","og_image":[{"width":600,"height":726,"url":"https:\/\/labemacosmetics.com\/wp-content\/uploads\/2020\/02\/Neutrogena_Antiboutons_2en1.png","type":"image\/png"}],"twitter_card":"summary_large_image","twitter_site":"@Labemasn","twitter_misc":{"Price":"7 000&nbsp;CFA","Availability":"Out of stock"},"schema":{"@context":"https:\/\/schema.org","@graph":[{"@type":"WebPage","@id":"https:\/\/labemacosmetics.com\/produit\/neutrogena-anti-boutons-2-en-1-citron-vert-nettoyant-et-masque\/","url":"https:\/\/labemacosmetics.com\/produit\/neutrogena-anti-boutons-2-en-1-citron-vert-nettoyant-et-masque\/","name":"Neutrogena NEUTROGENA Anti-Boutons 2 en 1 nettoyant et masque - Lab&eacute;ma Cosmetics | Dakar \/ S\u00e9n\u00e9gal","isPartOf":{"@id":"https:\/\/labemacosmetics.com\/#website"},"primaryImageOfPage":{"@id":"https:\/\/labemacosmetics.com\/produit\/neutrogena-anti-boutons-2-en-1-citron-vert-nettoyant-et-masque\/#primaryimage"},"image":{"@id":"https:\/\/labemacosmetics.com\/produit\/neutrogena-anti-boutons-2-en-1-citron-vert-nettoyant-et-masque\/#primaryimage"},"thumbnailUrl":"https:\/\/labemacosmetics.com\/wp-content\/uploads\/2020\/02\/Neutrogena_Antiboutons_2en1.png","datePublished":"2020-02-21T10:31:56+00:00","dateModified":"2023-05-21T13:00:14+00:00","description":"Neutrogena Anti-boutons 2-en-1 Nettoyant et Masque aide \u00e0 \u00e9liminer les boutons m\u00eame les plus tenaces, et pr\u00e9vient leur r\u00e9apparition.","breadcrumb":{"@id":"https:\/\/labemacosmetics.com\/produit\/neutrogena-anti-boutons-2-en-1-citron-vert-nettoyant-et-masque\/#breadcrumb"},"inLanguage":"en-GB","potentialAction":[{"@type":"ReadAction","target":["https:\/\/labemacosmetics.com\/produit\/neutrogena-anti-boutons-2-en-1-citron-vert-nettoyant-et-masque\/"]}]},{"@type":"ImageObject","inLanguage":"en-GB","@id":"https:\/\/labemacosmetics.com\/produit\/neutrogena-anti-boutons-2-en-1-citron-vert-nettoyant-et-masque\/#primaryimage","url":"https:\/\/labemacosmetics.com\/wp-content\/uploads\/2020\/02\/Neutrogena_Antiboutons_2en1.png","contentUrl":"https:\/\/labemacosmetics.com\/wp-content\/uploads\/2020\/02\/Neutrogena_Antiboutons_2en1.png","width":600,"height":726,"caption":"Neutrogena Anti-boutons"},{"@type":"BreadcrumbList","@id":"https:\/\/labemacosmetics.com\/produit\/neutrogena-anti-boutons-2-en-1-citron-vert-nettoyant-et-masque\/#breadcrumb","itemListElement":[{"@type":"ListItem","position":1,"name":"Accueil","item":"https:\/\/labemacosmetics.com\/"},{"@type":"ListItem","position":2,"name":"Produits","item":"https:\/\/labemacosmetics.com\/shop\/"},{"@type":"ListItem","position":3,"name":"NEUTROGENA Anti-Boutons 2 en 1 nettoyant et masque"}]},{"@type":"WebSite","@id":"https:\/\/labemacosmetics.com\/#website","url":"https:\/\/labemacosmetics.com\/","name":"Lab&eacute;ma Cosmetics","description":"","potentialAction":[{"@type":"SearchAction","target":{"@type":"EntryPoint","urlTemplate":"https:\/\/labemacosmetics.com\/?s={search_term_string}"},"query-input":{"@type":"PropertyValueSpecification","valueRequired":true,"valueName":"search_term_string"}}],"inLanguage":"en-GB"}]},"product_brand":"Neutrogena","product_price_amount":"7000","product_price_currency":"XOF","og_availability":"out of stock","product_availability":"out of stock","product_condition":"new"},"_links":{"self":[{"href":"https:\/\/labemacosmetics.com\/en\/wp-json\/wp\/v2\/product\/5859","targetHints":{"allow":["GET"]}}],"collection":[{"href":"https:\/\/labemacosmetics.com\/en\/wp-json\/wp\/v2\/product"}],"about":[{"href":"https:\/\/labemacosmetics.com\/en\/wp-json\/wp\/v2\/types\/product"}],"replies":[{"embeddable":true,"href":"https:\/\/labemacosmetics.com\/en\/wp-json\/wp\/v2\/comments?post=5859"}],"version-history":[{"count":0,"href":"https:\/\/labemacosmetics.com\/en\/wp-json\/wp\/v2\/product\/5859\/revisions"}],"wp:featuredmedia":[{"embeddable":true,"href":"https:\/\/labemacosmetics.com\/en\/wp-json\/wp\/v2\/media\/5867"}],"wp:attachment":[{"href":"https:\/\/labemacosmetics.com\/en\/wp-json\/wp\/v2\/media?parent=5859"}],"wp:term":[{"taxonomy":"product_brand","embeddable":true,"href":"https:\/\/labemacosmetics.com\/en\/wp-json\/wp\/v2\/product_brand?post=5859"},{"taxonomy":"product_cat","embeddable":true,"href":"https:\/\/labemacosmetics.com\/en\/wp-json\/wp\/v2\/product_cat?post=5859"},{"taxonomy":"product_tag","embeddable":true,"href":"https:\/\/labemacosmetics.com\/en\/wp-json\/wp\/v2\/product_tag?post=5859"}],"curies":[{"name":"wp","href":"https:\/\/api.w.org\/{rel}","templated":true}]}}