{"id":5857,"date":"2020-02-21T11:31:04","date_gmt":"2020-02-21T10:31:04","guid":{"rendered":"https:\/\/www.labemacosmetics.com\/?post_type=product&#038;p=5857"},"modified":"2023-07-19T13:54:03","modified_gmt":"2023-07-19T12:54:03","slug":"neutrogena-gel-exfoliant-anti-brillance-citron-vert","status":"publish","type":"product","link":"https:\/\/labemacosmetics.com\/en\/product\/neutrogena-gel-exfoliant-anti-brillance-citron-vert\/","title":{"rendered":"NEUTROGENA Anti-brillance Gel exfoliant Citron Vert"},"content":{"rendered":"<p>Le Gel Exfoliant Neutrogena Anti-brillance Citron Vert de Neutrogena d\u00e9loge le s\u00e9bum des pores et matifie la peau durablement. Les micro-billes exfoliantes de cellulose d\u2019origine naturelle, d\u00e9congestionnent les pores tout en pr\u00e9servant l\u2019\u00e9quilibre naturel de la peau.<\/p>\n<p>Neutrogena Anti-brillance Citron vert: Il r\u00e9duit visiblement les brillances. Cliniquement prouv\u00e9e, sa formule enl\u00e8ve imm\u00e9diatement 77% de l\u2019exc\u00e8s de s\u00e9bum et procure un effet matifiant longue dur\u00e9e, sans dess\u00e9cher la peau. Les effets du citron vert sur le visage ne sont plus \u00e0 d\u00e9montrer.<\/p>\n<h2>Utilisation<\/h2>\n<p>Appliquer une fois par jour le gel exfoliant anti-brillance citron vert sur le visage humide et masser d\u00e9licatement. Rincer abondamment. \u00c9viter le contact avec les yeux. En cas de contact avec les yeux, rincer abondamment \u00e0 l\u2019eau. Convient particuli\u00e8rement aux peaux grasses. Utilisation externe uniquement.<\/p>\n<h2>Ingr\u00e9dients Gel Exfoliant Neutrogena Anti-brillance Citron vert<\/h2>\n<p>AQUA ; CETYL ALCOHOL ; PPG-15 STEARYL ETHER ; HYDROGENATED CASTOR OIL ; GLYCERIN ; POLYSORBATE 60 ; SALICYLIC ACID ; STEARETH-21 ; CERA MICROCRISTALLINA ; CITRUS AURANTIFOLIA FRUIT EXTRACT ; CITRUS TANGERINA EXTRACT ; HYDROGENATED JOJOBA OIL ; MENTHYL LACTATE ; PROPYLENE GLYCOL ; POTASSIUM CETYL PHOSPHATE ; XANTHAN GUM ; BHT ; TOCOPHEROL ; PARFUM ; CI 77289 ;<\/p>","protected":false},"excerpt":{"rendered":"<p>Le Gel Exfoliant Neutrogena Anti-brillance Citron Vert de Neutrogena d\u00e9loge le s\u00e9bum des pores et matifie la peau durablement. Les micro-billes exfoliantes de cellulose d\u2019origine naturelle, d\u00e9congestionnent les pores tout en pr\u00e9servant l\u2019\u00e9quilibre naturel de la peau.<\/p>","protected":false},"featured_media":8439,"comment_status":"closed","ping_status":"closed","template":"","meta":{"om_disable_all_campaigns":false,"_mi_skip_tracking":false,"_monsterinsights_sitenote_active":false,"_monsterinsights_sitenote_note":"","_monsterinsights_sitenote_category":0},"product_brand":[],"product_cat":[127,519,515,512,128,513],"product_tag":[],"class_list":{"0":"post-5857","1":"product","2":"type-product","3":"status-publish","4":"has-post-thumbnail","6":"product_cat-boutique","7":"product_cat-nettoyants","8":"product_cat-peaux-mixtes-a-grasses","9":"product_cat-produits-par-besoin","10":"product_cat-soin-de-visage","11":"product_cat-type-de-peau","12":"yith_product_brand-neutrogena","14":"first","15":"instock","16":"shipping-taxable","17":"purchasable","18":"product-type-simple"},"yoast_head":"<!-- This site is optimized with the Yoast SEO Premium plugin v20.8 (Yoast SEO v27.4) - https:\/\/yoast.com\/product\/yoast-seo-premium-wordpress\/ -->\n<title>Neutrogena NEUTROGENA Anti-brillance Gel exfoliant Citron Vert - Lab&eacute;ma Cosmetics | Dakar \/ S\u00e9n\u00e9gal<\/title>\n<meta name=\"description\" content=\"Le Gel Exfoliant Anti-brillance Citron Vert d\u00e9loge le s\u00e9bum des pores et matifie la peau durablement. Les micro-billes exfoliantes de cellulose d\u2019origine ..\" \/>\n<meta name=\"robots\" content=\"index, follow, max-snippet:-1, max-image-preview:large, max-video-preview:-1\" \/>\n<link rel=\"canonical\" href=\"https:\/\/labemacosmetics.com\/en\/product\/neutrogena-gel-exfoliant-anti-brillance-citron-vert\/\" \/>\n<meta property=\"og:locale\" content=\"en_GB\" \/>\n<meta property=\"og:type\" content=\"article\" \/>\n<meta property=\"og:title\" content=\"NEUTROGENA Anti-brillance Gel exfoliant Citron Vert\" \/>\n<meta property=\"og:description\" content=\"Le Gel Exfoliant Anti-brillance Citron Vert d\u00e9loge le s\u00e9bum des pores et matifie la peau durablement. Les micro-billes exfoliantes de cellulose d\u2019origine ..\" \/>\n<meta property=\"og:url\" content=\"https:\/\/labemacosmetics.com\/en\/product\/neutrogena-gel-exfoliant-anti-brillance-citron-vert\/\" \/>\n<meta property=\"og:site_name\" content=\"Lab&eacute;ma Cosmetics\" \/>\n<meta property=\"article:publisher\" content=\"http:\/\/www.facebook.com\/labemacosmetics\" \/>\n<meta property=\"article:modified_time\" content=\"2023-07-19T12:54:03+00:00\" \/>\n<meta property=\"og:image\" content=\"https:\/\/labemacosmetics.com\/wp-content\/uploads\/2020\/12\/271927-neutrogena-visage-neutrogena-gel-oyant-exfoliant-visage-anti-brillance-citron-vert-150-ml-soin-visage-1000x1000-1.jpg\" \/>\n\t<meta property=\"og:image:width\" content=\"1000\" \/>\n\t<meta property=\"og:image:height\" content=\"1000\" \/>\n\t<meta property=\"og:image:type\" content=\"image\/jpeg\" \/>\n<meta name=\"twitter:card\" content=\"summary_large_image\" \/>\n<meta name=\"twitter:site\" content=\"@Labemasn\" \/>\n<meta name=\"twitter:label1\" content=\"Price\" \/>\n\t<meta name=\"twitter:data1\" content=\"7 000&nbsp;CFA\" \/>\n\t<meta name=\"twitter:label2\" content=\"Availability\" \/>\n\t<meta name=\"twitter:data2\" content=\"In stock\" \/>\n<script type=\"application\/ld+json\" class=\"yoast-schema-graph\">{\"@context\":\"https:\\\/\\\/schema.org\",\"@graph\":[{\"@type\":\"WebPage\",\"@id\":\"https:\\\/\\\/labemacosmetics.com\\\/produit\\\/neutrogena-gel-exfoliant-anti-brillance-citron-vert\\\/\",\"url\":\"https:\\\/\\\/labemacosmetics.com\\\/produit\\\/neutrogena-gel-exfoliant-anti-brillance-citron-vert\\\/\",\"name\":\"Neutrogena NEUTROGENA Anti-brillance Gel exfoliant Citron Vert - Lab&eacute;ma Cosmetics | Dakar \\\/ S\u00e9n\u00e9gal\",\"isPartOf\":{\"@id\":\"https:\\\/\\\/labemacosmetics.com\\\/#website\"},\"primaryImageOfPage\":{\"@id\":\"https:\\\/\\\/labemacosmetics.com\\\/produit\\\/neutrogena-gel-exfoliant-anti-brillance-citron-vert\\\/#primaryimage\"},\"image\":{\"@id\":\"https:\\\/\\\/labemacosmetics.com\\\/produit\\\/neutrogena-gel-exfoliant-anti-brillance-citron-vert\\\/#primaryimage\"},\"thumbnailUrl\":\"https:\\\/\\\/labemacosmetics.com\\\/wp-content\\\/uploads\\\/2020\\\/12\\\/271927-neutrogena-visage-neutrogena-gel-oyant-exfoliant-visage-anti-brillance-citron-vert-150-ml-soin-visage-1000x1000-1.jpg\",\"datePublished\":\"2020-02-21T10:31:04+00:00\",\"dateModified\":\"2023-07-19T12:54:03+00:00\",\"description\":\"Le Gel Exfoliant Anti-brillance Citron Vert d\u00e9loge le s\u00e9bum des pores et matifie la peau durablement. Les micro-billes exfoliantes de cellulose d\u2019origine ..\",\"breadcrumb\":{\"@id\":\"https:\\\/\\\/labemacosmetics.com\\\/produit\\\/neutrogena-gel-exfoliant-anti-brillance-citron-vert\\\/#breadcrumb\"},\"inLanguage\":\"en-GB\",\"potentialAction\":[{\"@type\":\"ReadAction\",\"target\":[\"https:\\\/\\\/labemacosmetics.com\\\/produit\\\/neutrogena-gel-exfoliant-anti-brillance-citron-vert\\\/\"]}]},{\"@type\":\"ImageObject\",\"inLanguage\":\"en-GB\",\"@id\":\"https:\\\/\\\/labemacosmetics.com\\\/produit\\\/neutrogena-gel-exfoliant-anti-brillance-citron-vert\\\/#primaryimage\",\"url\":\"https:\\\/\\\/labemacosmetics.com\\\/wp-content\\\/uploads\\\/2020\\\/12\\\/271927-neutrogena-visage-neutrogena-gel-oyant-exfoliant-visage-anti-brillance-citron-vert-150-ml-soin-visage-1000x1000-1.jpg\",\"contentUrl\":\"https:\\\/\\\/labemacosmetics.com\\\/wp-content\\\/uploads\\\/2020\\\/12\\\/271927-neutrogena-visage-neutrogena-gel-oyant-exfoliant-visage-anti-brillance-citron-vert-150-ml-soin-visage-1000x1000-1.jpg\",\"width\":1000,\"height\":1000},{\"@type\":\"BreadcrumbList\",\"@id\":\"https:\\\/\\\/labemacosmetics.com\\\/produit\\\/neutrogena-gel-exfoliant-anti-brillance-citron-vert\\\/#breadcrumb\",\"itemListElement\":[{\"@type\":\"ListItem\",\"position\":1,\"name\":\"Accueil\",\"item\":\"https:\\\/\\\/labemacosmetics.com\\\/\"},{\"@type\":\"ListItem\",\"position\":2,\"name\":\"Produits\",\"item\":\"https:\\\/\\\/labemacosmetics.com\\\/shop\\\/\"},{\"@type\":\"ListItem\",\"position\":3,\"name\":\"NEUTROGENA Anti-brillance Gel exfoliant Citron Vert\"}]},{\"@type\":\"WebSite\",\"@id\":\"https:\\\/\\\/labemacosmetics.com\\\/#website\",\"url\":\"https:\\\/\\\/labemacosmetics.com\\\/\",\"name\":\"Lab&eacute;ma Cosmetics\",\"description\":\"\",\"potentialAction\":[{\"@type\":\"SearchAction\",\"target\":{\"@type\":\"EntryPoint\",\"urlTemplate\":\"https:\\\/\\\/labemacosmetics.com\\\/?s={search_term_string}\"},\"query-input\":{\"@type\":\"PropertyValueSpecification\",\"valueRequired\":true,\"valueName\":\"search_term_string\"}}],\"inLanguage\":\"en-GB\"}]}<\/script>\n<meta property=\"product:brand\" content=\"Neutrogena\" \/>\n<meta property=\"product:price:amount\" content=\"7000\" \/>\n<meta property=\"product:price:currency\" content=\"XOF\" \/>\n<meta property=\"og:availability\" content=\"instock\" \/>\n<meta property=\"product:availability\" content=\"instock\" \/>\n<meta property=\"product:condition\" content=\"new\" \/>\n<!-- \/ Yoast SEO Premium plugin. -->","yoast_head_json":{"title":"Neutrogena NEUTROGENA Anti-brillance Gel exfoliant Citron Vert - Lab&eacute;ma Cosmetics | Dakar \/ S\u00e9n\u00e9gal","description":"Le Gel Exfoliant Anti-brillance Citron Vert d\u00e9loge le s\u00e9bum des pores et matifie la peau durablement. Les micro-billes exfoliantes de cellulose d\u2019origine ..","robots":{"index":"index","follow":"follow","max-snippet":"max-snippet:-1","max-image-preview":"max-image-preview:large","max-video-preview":"max-video-preview:-1"},"canonical":"https:\/\/labemacosmetics.com\/en\/product\/neutrogena-gel-exfoliant-anti-brillance-citron-vert\/","og_locale":"en_GB","og_type":"article","og_title":"NEUTROGENA Anti-brillance Gel exfoliant Citron Vert","og_description":"Le Gel Exfoliant Anti-brillance Citron Vert d\u00e9loge le s\u00e9bum des pores et matifie la peau durablement. Les micro-billes exfoliantes de cellulose d\u2019origine ..","og_url":"https:\/\/labemacosmetics.com\/en\/product\/neutrogena-gel-exfoliant-anti-brillance-citron-vert\/","og_site_name":"Lab&eacute;ma Cosmetics","article_publisher":"http:\/\/www.facebook.com\/labemacosmetics","article_modified_time":"2023-07-19T12:54:03+00:00","og_image":[{"width":1000,"height":1000,"url":"https:\/\/labemacosmetics.com\/wp-content\/uploads\/2020\/12\/271927-neutrogena-visage-neutrogena-gel-oyant-exfoliant-visage-anti-brillance-citron-vert-150-ml-soin-visage-1000x1000-1.jpg","type":"image\/jpeg"}],"twitter_card":"summary_large_image","twitter_site":"@Labemasn","twitter_misc":{"Price":"7 000&nbsp;CFA","Availability":"In stock"},"schema":{"@context":"https:\/\/schema.org","@graph":[{"@type":"WebPage","@id":"https:\/\/labemacosmetics.com\/produit\/neutrogena-gel-exfoliant-anti-brillance-citron-vert\/","url":"https:\/\/labemacosmetics.com\/produit\/neutrogena-gel-exfoliant-anti-brillance-citron-vert\/","name":"Neutrogena NEUTROGENA Anti-brillance Gel exfoliant Citron Vert - Lab&eacute;ma Cosmetics | Dakar \/ S\u00e9n\u00e9gal","isPartOf":{"@id":"https:\/\/labemacosmetics.com\/#website"},"primaryImageOfPage":{"@id":"https:\/\/labemacosmetics.com\/produit\/neutrogena-gel-exfoliant-anti-brillance-citron-vert\/#primaryimage"},"image":{"@id":"https:\/\/labemacosmetics.com\/produit\/neutrogena-gel-exfoliant-anti-brillance-citron-vert\/#primaryimage"},"thumbnailUrl":"https:\/\/labemacosmetics.com\/wp-content\/uploads\/2020\/12\/271927-neutrogena-visage-neutrogena-gel-oyant-exfoliant-visage-anti-brillance-citron-vert-150-ml-soin-visage-1000x1000-1.jpg","datePublished":"2020-02-21T10:31:04+00:00","dateModified":"2023-07-19T12:54:03+00:00","description":"Le Gel Exfoliant Anti-brillance Citron Vert d\u00e9loge le s\u00e9bum des pores et matifie la peau durablement. Les micro-billes exfoliantes de cellulose d\u2019origine ..","breadcrumb":{"@id":"https:\/\/labemacosmetics.com\/produit\/neutrogena-gel-exfoliant-anti-brillance-citron-vert\/#breadcrumb"},"inLanguage":"en-GB","potentialAction":[{"@type":"ReadAction","target":["https:\/\/labemacosmetics.com\/produit\/neutrogena-gel-exfoliant-anti-brillance-citron-vert\/"]}]},{"@type":"ImageObject","inLanguage":"en-GB","@id":"https:\/\/labemacosmetics.com\/produit\/neutrogena-gel-exfoliant-anti-brillance-citron-vert\/#primaryimage","url":"https:\/\/labemacosmetics.com\/wp-content\/uploads\/2020\/12\/271927-neutrogena-visage-neutrogena-gel-oyant-exfoliant-visage-anti-brillance-citron-vert-150-ml-soin-visage-1000x1000-1.jpg","contentUrl":"https:\/\/labemacosmetics.com\/wp-content\/uploads\/2020\/12\/271927-neutrogena-visage-neutrogena-gel-oyant-exfoliant-visage-anti-brillance-citron-vert-150-ml-soin-visage-1000x1000-1.jpg","width":1000,"height":1000},{"@type":"BreadcrumbList","@id":"https:\/\/labemacosmetics.com\/produit\/neutrogena-gel-exfoliant-anti-brillance-citron-vert\/#breadcrumb","itemListElement":[{"@type":"ListItem","position":1,"name":"Accueil","item":"https:\/\/labemacosmetics.com\/"},{"@type":"ListItem","position":2,"name":"Produits","item":"https:\/\/labemacosmetics.com\/shop\/"},{"@type":"ListItem","position":3,"name":"NEUTROGENA Anti-brillance Gel exfoliant Citron Vert"}]},{"@type":"WebSite","@id":"https:\/\/labemacosmetics.com\/#website","url":"https:\/\/labemacosmetics.com\/","name":"Lab&eacute;ma Cosmetics","description":"","potentialAction":[{"@type":"SearchAction","target":{"@type":"EntryPoint","urlTemplate":"https:\/\/labemacosmetics.com\/?s={search_term_string}"},"query-input":{"@type":"PropertyValueSpecification","valueRequired":true,"valueName":"search_term_string"}}],"inLanguage":"en-GB"}]},"product_brand":"Neutrogena","product_price_amount":"7000","product_price_currency":"XOF","og_availability":"instock","product_availability":"instock","product_condition":"new"},"_links":{"self":[{"href":"https:\/\/labemacosmetics.com\/en\/wp-json\/wp\/v2\/product\/5857","targetHints":{"allow":["GET"]}}],"collection":[{"href":"https:\/\/labemacosmetics.com\/en\/wp-json\/wp\/v2\/product"}],"about":[{"href":"https:\/\/labemacosmetics.com\/en\/wp-json\/wp\/v2\/types\/product"}],"replies":[{"embeddable":true,"href":"https:\/\/labemacosmetics.com\/en\/wp-json\/wp\/v2\/comments?post=5857"}],"version-history":[{"count":0,"href":"https:\/\/labemacosmetics.com\/en\/wp-json\/wp\/v2\/product\/5857\/revisions"}],"wp:featuredmedia":[{"embeddable":true,"href":"https:\/\/labemacosmetics.com\/en\/wp-json\/wp\/v2\/media\/8439"}],"wp:attachment":[{"href":"https:\/\/labemacosmetics.com\/en\/wp-json\/wp\/v2\/media?parent=5857"}],"wp:term":[{"taxonomy":"product_brand","embeddable":true,"href":"https:\/\/labemacosmetics.com\/en\/wp-json\/wp\/v2\/product_brand?post=5857"},{"taxonomy":"product_cat","embeddable":true,"href":"https:\/\/labemacosmetics.com\/en\/wp-json\/wp\/v2\/product_cat?post=5857"},{"taxonomy":"product_tag","embeddable":true,"href":"https:\/\/labemacosmetics.com\/en\/wp-json\/wp\/v2\/product_tag?post=5857"}],"curies":[{"name":"wp","href":"https:\/\/api.w.org\/{rel}","templated":true}]}}