{"id":5852,"date":"2020-02-21T10:12:54","date_gmt":"2020-02-21T09:12:54","guid":{"rendered":"https:\/\/www.labemacosmetics.com\/?post_type=product&#038;p=5852"},"modified":"2023-10-02T16:26:28","modified_gmt":"2023-10-02T15:26:28","slug":"gel-detoxifiant-argile-pure-exfoliant","status":"publish","type":"product","link":"https:\/\/labemacosmetics.com\/en\/product\/gel-detoxifiant-argile-pure-exfoliant\/","title":{"rendered":"L&rsquo;OREAL Gel Exfoliant Argile Pure &#8211; Exfoliant"},"content":{"rendered":"<p>L&rsquo;Oreal Gel d\u00e9toxifiant Argile pure exfoliant a une texture gel non dess\u00e9chante qui se transforme en fine mousse et lib\u00e8re des micro-grains pour \u00e9liminer les impuret\u00e9s et les cellules mortes, d\u00e9sincruster les pores et lisser le grain de peau<\/p>\n<p>Les Laboratoires L\u2019Or\u00e9al Paris ont s\u00e9lectionn\u00e9 3 Argiles Pures et les ont associ\u00e9es dans un gel exfoliant pour une peau plus nette, fra\u00eeche et lisse.<\/p>\n<p>Avec son action anti-r\u00e9cidive, la peau est transform\u00e9e : elle est plus lisse, plus uniforme et plus belle.<\/p>\n<h3>Des r\u00e9sultats rapides et visibles<\/h3>\n<p>Grace \u00e0 l&rsquo;Oreal gel d\u00e9toxifiant exfoliant Argile pure, la peau est intens\u00e9ment nettoy\u00e9e purifi\u00e9e et nette et le teint lumineux.<br \/>\nAction anti-r\u00e9cidive. Jour apr\u00e8s jour, la peau respire : elle est plus fra\u00eeche, pure et \u00e9clatante de beaut\u00e9.<\/p>\n<h3>3 Argiles pures + Algues rouge<\/h3>\n<p>&#8211; LE KAOLIN reconnu pour absorber les impuret\u00e9s et l\u2019exc\u00e8s de s\u00e9bum.<br \/>\n&#8211; LA MONTMORILLONITE reconnue pour son action sur les imperfections.<br \/>\n&#8211; LE GHASSOUL reconnu pour aider \u00e0 clarifier le teint.<br \/>\n&#8211; L\u2019ALGUE ROUGE reconnue pour ses vertus unifiantes.<\/p>\n<h2>Utilisation l&rsquo;oreal gel d\u00e9toxifiant argile exfoliant pure<\/h2>\n<p>Matin ou soir, appliquez le gel sur un visage humide et massez d\u00e9licatement par petits mouvements circulaires en insistant sur le front, le nez et le menton.<br \/>\nPour usage externe uniquement. Convient aux types de peaux mixtes \u00e0 grasses. Evitez le contour des yeux. En cas de contact avec les yeux, rincez imm\u00e9diatement et abondamment.<\/p>\n<h2>Ingredients<\/h2>\n<p>82745 13 &#8211; INGREDIENTS: AQUA \/ WATER \u2022 KAOLIN \u2022 GLYCERIN \u2022 BUTYLENE GLYCOL \u2022 ZEA MAYS STARCH \/ CORN STARCH \u2022 DECYL GLUCOSIDE \u2022 PERLITE \u2022 SODIUM LAURETH SULFATE \u2022 PEG-7 GLYCERYL COCOATE \u2022 ZINC GLUCONATE \u2022 PALMARIA PALMATA EXTRACT \u2022 MOROCCAN LAVA CLAY \u2022 CARRAGEENAN \u2022 TETRASODIUM EDTA \u2022 XANTHAN GUM \u2022 MONTMORILLONITE \u2022 SALICYLIC ACID \u2022 PHENOXYETHANOL \u2022 CI 77491, CI 77492, CI 77499 \/ IRON OXIDES \u2022 PARFUM \/ FRAGRANCE. (F.I.L. B196466\/1).<\/p>","protected":false},"excerpt":{"rendered":"<p>L&rsquo;Oreal Gel d\u00e9toxifiant Argile pure a une texture gel non dess\u00e9chante se transforme en fine mousse pour d\u00e9toxifier, capturer toutes les impuret\u00e9s (exc\u00e8s de s\u00e9bum, r\u00e9sidus de maquillage&#8230;) et booster l&rsquo;\u00e9clat de la peau.<\/p>","protected":false},"featured_media":5853,"comment_status":"closed","ping_status":"closed","template":"","meta":{"om_disable_all_campaigns":false,"_mi_skip_tracking":false,"_monsterinsights_sitenote_active":false,"_monsterinsights_sitenote_note":"","_monsterinsights_sitenote_category":0},"product_brand":[],"product_cat":[127,520,515,512,128,513],"product_tag":[441,390,542,541,543,544,545,404,540,142,408,155],"class_list":{"0":"post-5852","1":"product","2":"type-product","3":"status-publish","4":"has-post-thumbnail","6":"product_cat-boutique","7":"product_cat-gommage-peeling","8":"product_cat-peaux-mixtes-a-grasses","9":"product_cat-produits-par-besoin","10":"product_cat-soin-de-visage","11":"product_cat-type-de-peau","12":"product_tag-exfoliant","13":"product_tag-lisse","14":"product_tag-nette","15":"product_tag-nettoyant","16":"product_tag-peaux-grasses","17":"product_tag-peaux-mixtes","18":"product_tag-routine-visage","19":"product_tag-skincare","20":"product_tag-soin-visage","21":"product_tag-teint","22":"product_tag-teint-noir","23":"product_tag-visage","24":"yith_product_brand-loreal","26":"first","27":"outofstock","28":"shipping-taxable","29":"purchasable","30":"product-type-simple"},"yoast_head":"<!-- This site is optimized with the Yoast SEO Premium plugin v20.8 (Yoast SEO v27.4) - https:\/\/yoast.com\/product\/yoast-seo-premium-wordpress\/ -->\n<title>L&#039;oreal L&#039;OREAL Gel Exfoliant Argile Pure - Exfoliant - Lab&eacute;ma Cosmetics | Dakar \/ S\u00e9n\u00e9gal<\/title>\n<meta name=\"description\" content=\"L&#039;Oreal Gel d\u00e9toxifiant Argile pure exfoliant a une texture gel non dess\u00e9chante qui se transforme en fine mousse et lib\u00e8re des micro-grains pour \u00e9liminer ...\" \/>\n<meta name=\"robots\" content=\"index, follow, max-snippet:-1, max-image-preview:large, max-video-preview:-1\" \/>\n<link rel=\"canonical\" href=\"https:\/\/labemacosmetics.com\/en\/product\/gel-detoxifiant-argile-pure-exfoliant\/\" \/>\n<meta property=\"og:locale\" content=\"en_GB\" \/>\n<meta property=\"og:type\" content=\"article\" \/>\n<meta property=\"og:title\" content=\"L&#039;OREAL Gel Exfoliant Argile Pure - Exfoliant\" \/>\n<meta property=\"og:description\" content=\"L&#039;Oreal Gel d\u00e9toxifiant Argile pure exfoliant a une texture gel non dess\u00e9chante qui se transforme en fine mousse et lib\u00e8re des micro-grains pour \u00e9liminer ...\" \/>\n<meta property=\"og:url\" content=\"https:\/\/labemacosmetics.com\/en\/product\/gel-detoxifiant-argile-pure-exfoliant\/\" \/>\n<meta property=\"og:site_name\" content=\"Lab&eacute;ma Cosmetics\" \/>\n<meta property=\"article:publisher\" content=\"http:\/\/www.facebook.com\/labemacosmetics\" \/>\n<meta property=\"article:modified_time\" content=\"2023-10-02T15:26:28+00:00\" \/>\n<meta property=\"og:image\" content=\"https:\/\/labemacosmetics.com\/wp-content\/uploads\/2020\/02\/Loreal_gel_detoxifiant_exfoliant.png\" \/>\n\t<meta property=\"og:image:width\" content=\"600\" \/>\n\t<meta property=\"og:image:height\" content=\"726\" \/>\n\t<meta property=\"og:image:type\" content=\"image\/png\" \/>\n<meta name=\"twitter:card\" content=\"summary_large_image\" \/>\n<meta name=\"twitter:site\" content=\"@Labemasn\" \/>\n<meta name=\"twitter:label1\" content=\"Price\" \/>\n\t<meta name=\"twitter:data1\" content=\"5 000&nbsp;CFA\" \/>\n\t<meta name=\"twitter:label2\" content=\"Availability\" \/>\n\t<meta name=\"twitter:data2\" content=\"Out of stock\" \/>\n<script type=\"application\/ld+json\" class=\"yoast-schema-graph\">{\"@context\":\"https:\\\/\\\/schema.org\",\"@graph\":[{\"@type\":\"WebPage\",\"@id\":\"https:\\\/\\\/labemacosmetics.com\\\/produit\\\/gel-detoxifiant-argile-pure-exfoliant\\\/\",\"url\":\"https:\\\/\\\/labemacosmetics.com\\\/produit\\\/gel-detoxifiant-argile-pure-exfoliant\\\/\",\"name\":\"L'oreal L'OREAL Gel Exfoliant Argile Pure - Exfoliant - Lab&eacute;ma Cosmetics | Dakar \\\/ S\u00e9n\u00e9gal\",\"isPartOf\":{\"@id\":\"https:\\\/\\\/labemacosmetics.com\\\/#website\"},\"primaryImageOfPage\":{\"@id\":\"https:\\\/\\\/labemacosmetics.com\\\/produit\\\/gel-detoxifiant-argile-pure-exfoliant\\\/#primaryimage\"},\"image\":{\"@id\":\"https:\\\/\\\/labemacosmetics.com\\\/produit\\\/gel-detoxifiant-argile-pure-exfoliant\\\/#primaryimage\"},\"thumbnailUrl\":\"https:\\\/\\\/labemacosmetics.com\\\/wp-content\\\/uploads\\\/2020\\\/02\\\/Loreal_gel_detoxifiant_exfoliant.png\",\"datePublished\":\"2020-02-21T09:12:54+00:00\",\"dateModified\":\"2023-10-02T15:26:28+00:00\",\"description\":\"L'Oreal Gel d\u00e9toxifiant Argile pure exfoliant a une texture gel non dess\u00e9chante qui se transforme en fine mousse et lib\u00e8re des micro-grains pour \u00e9liminer ...\",\"breadcrumb\":{\"@id\":\"https:\\\/\\\/labemacosmetics.com\\\/produit\\\/gel-detoxifiant-argile-pure-exfoliant\\\/#breadcrumb\"},\"inLanguage\":\"en-GB\",\"potentialAction\":[{\"@type\":\"ReadAction\",\"target\":[\"https:\\\/\\\/labemacosmetics.com\\\/produit\\\/gel-detoxifiant-argile-pure-exfoliant\\\/\"]}]},{\"@type\":\"ImageObject\",\"inLanguage\":\"en-GB\",\"@id\":\"https:\\\/\\\/labemacosmetics.com\\\/produit\\\/gel-detoxifiant-argile-pure-exfoliant\\\/#primaryimage\",\"url\":\"https:\\\/\\\/labemacosmetics.com\\\/wp-content\\\/uploads\\\/2020\\\/02\\\/Loreal_gel_detoxifiant_exfoliant.png\",\"contentUrl\":\"https:\\\/\\\/labemacosmetics.com\\\/wp-content\\\/uploads\\\/2020\\\/02\\\/Loreal_gel_detoxifiant_exfoliant.png\",\"width\":600,\"height\":726,\"caption\":\"Gel detoxifiant exfoliant\"},{\"@type\":\"BreadcrumbList\",\"@id\":\"https:\\\/\\\/labemacosmetics.com\\\/produit\\\/gel-detoxifiant-argile-pure-exfoliant\\\/#breadcrumb\",\"itemListElement\":[{\"@type\":\"ListItem\",\"position\":1,\"name\":\"Accueil\",\"item\":\"https:\\\/\\\/labemacosmetics.com\\\/\"},{\"@type\":\"ListItem\",\"position\":2,\"name\":\"Produits\",\"item\":\"https:\\\/\\\/labemacosmetics.com\\\/shop\\\/\"},{\"@type\":\"ListItem\",\"position\":3,\"name\":\"L&rsquo;OREAL Gel Exfoliant Argile Pure &#8211; Exfoliant\"}]},{\"@type\":\"WebSite\",\"@id\":\"https:\\\/\\\/labemacosmetics.com\\\/#website\",\"url\":\"https:\\\/\\\/labemacosmetics.com\\\/\",\"name\":\"Lab&eacute;ma Cosmetics\",\"description\":\"\",\"potentialAction\":[{\"@type\":\"SearchAction\",\"target\":{\"@type\":\"EntryPoint\",\"urlTemplate\":\"https:\\\/\\\/labemacosmetics.com\\\/?s={search_term_string}\"},\"query-input\":{\"@type\":\"PropertyValueSpecification\",\"valueRequired\":true,\"valueName\":\"search_term_string\"}}],\"inLanguage\":\"en-GB\"}]}<\/script>\n<meta property=\"product:brand\" content=\"L&#039;Or\u00e9al\" \/>\n<meta property=\"product:price:amount\" content=\"5000\" \/>\n<meta property=\"product:price:currency\" content=\"XOF\" \/>\n<meta property=\"og:availability\" content=\"out of stock\" \/>\n<meta property=\"product:availability\" content=\"out of stock\" \/>\n<meta property=\"product:condition\" content=\"new\" \/>\n<!-- \/ Yoast SEO Premium plugin. -->","yoast_head_json":{"title":"L'oreal L'OREAL Gel Exfoliant Argile Pure - Exfoliant - Lab&eacute;ma Cosmetics | Dakar \/ S\u00e9n\u00e9gal","description":"L'Oreal Gel d\u00e9toxifiant Argile pure exfoliant a une texture gel non dess\u00e9chante qui se transforme en fine mousse et lib\u00e8re des micro-grains pour \u00e9liminer ...","robots":{"index":"index","follow":"follow","max-snippet":"max-snippet:-1","max-image-preview":"max-image-preview:large","max-video-preview":"max-video-preview:-1"},"canonical":"https:\/\/labemacosmetics.com\/en\/product\/gel-detoxifiant-argile-pure-exfoliant\/","og_locale":"en_GB","og_type":"article","og_title":"L'OREAL Gel Exfoliant Argile Pure - Exfoliant","og_description":"L'Oreal Gel d\u00e9toxifiant Argile pure exfoliant a une texture gel non dess\u00e9chante qui se transforme en fine mousse et lib\u00e8re des micro-grains pour \u00e9liminer ...","og_url":"https:\/\/labemacosmetics.com\/en\/product\/gel-detoxifiant-argile-pure-exfoliant\/","og_site_name":"Lab&eacute;ma Cosmetics","article_publisher":"http:\/\/www.facebook.com\/labemacosmetics","article_modified_time":"2023-10-02T15:26:28+00:00","og_image":[{"width":600,"height":726,"url":"https:\/\/labemacosmetics.com\/wp-content\/uploads\/2020\/02\/Loreal_gel_detoxifiant_exfoliant.png","type":"image\/png"}],"twitter_card":"summary_large_image","twitter_site":"@Labemasn","twitter_misc":{"Price":"5 000&nbsp;CFA","Availability":"Out of stock"},"schema":{"@context":"https:\/\/schema.org","@graph":[{"@type":"WebPage","@id":"https:\/\/labemacosmetics.com\/produit\/gel-detoxifiant-argile-pure-exfoliant\/","url":"https:\/\/labemacosmetics.com\/produit\/gel-detoxifiant-argile-pure-exfoliant\/","name":"L'oreal L'OREAL Gel Exfoliant Argile Pure - Exfoliant - Lab&eacute;ma Cosmetics | Dakar \/ S\u00e9n\u00e9gal","isPartOf":{"@id":"https:\/\/labemacosmetics.com\/#website"},"primaryImageOfPage":{"@id":"https:\/\/labemacosmetics.com\/produit\/gel-detoxifiant-argile-pure-exfoliant\/#primaryimage"},"image":{"@id":"https:\/\/labemacosmetics.com\/produit\/gel-detoxifiant-argile-pure-exfoliant\/#primaryimage"},"thumbnailUrl":"https:\/\/labemacosmetics.com\/wp-content\/uploads\/2020\/02\/Loreal_gel_detoxifiant_exfoliant.png","datePublished":"2020-02-21T09:12:54+00:00","dateModified":"2023-10-02T15:26:28+00:00","description":"L'Oreal Gel d\u00e9toxifiant Argile pure exfoliant a une texture gel non dess\u00e9chante qui se transforme en fine mousse et lib\u00e8re des micro-grains pour \u00e9liminer ...","breadcrumb":{"@id":"https:\/\/labemacosmetics.com\/produit\/gel-detoxifiant-argile-pure-exfoliant\/#breadcrumb"},"inLanguage":"en-GB","potentialAction":[{"@type":"ReadAction","target":["https:\/\/labemacosmetics.com\/produit\/gel-detoxifiant-argile-pure-exfoliant\/"]}]},{"@type":"ImageObject","inLanguage":"en-GB","@id":"https:\/\/labemacosmetics.com\/produit\/gel-detoxifiant-argile-pure-exfoliant\/#primaryimage","url":"https:\/\/labemacosmetics.com\/wp-content\/uploads\/2020\/02\/Loreal_gel_detoxifiant_exfoliant.png","contentUrl":"https:\/\/labemacosmetics.com\/wp-content\/uploads\/2020\/02\/Loreal_gel_detoxifiant_exfoliant.png","width":600,"height":726,"caption":"Gel detoxifiant exfoliant"},{"@type":"BreadcrumbList","@id":"https:\/\/labemacosmetics.com\/produit\/gel-detoxifiant-argile-pure-exfoliant\/#breadcrumb","itemListElement":[{"@type":"ListItem","position":1,"name":"Accueil","item":"https:\/\/labemacosmetics.com\/"},{"@type":"ListItem","position":2,"name":"Produits","item":"https:\/\/labemacosmetics.com\/shop\/"},{"@type":"ListItem","position":3,"name":"L&rsquo;OREAL Gel Exfoliant Argile Pure &#8211; Exfoliant"}]},{"@type":"WebSite","@id":"https:\/\/labemacosmetics.com\/#website","url":"https:\/\/labemacosmetics.com\/","name":"Lab&eacute;ma Cosmetics","description":"","potentialAction":[{"@type":"SearchAction","target":{"@type":"EntryPoint","urlTemplate":"https:\/\/labemacosmetics.com\/?s={search_term_string}"},"query-input":{"@type":"PropertyValueSpecification","valueRequired":true,"valueName":"search_term_string"}}],"inLanguage":"en-GB"}]},"product_brand":"L'Or\u00e9al","product_price_amount":"5000","product_price_currency":"XOF","og_availability":"out of stock","product_availability":"out of stock","product_condition":"new"},"_links":{"self":[{"href":"https:\/\/labemacosmetics.com\/en\/wp-json\/wp\/v2\/product\/5852","targetHints":{"allow":["GET"]}}],"collection":[{"href":"https:\/\/labemacosmetics.com\/en\/wp-json\/wp\/v2\/product"}],"about":[{"href":"https:\/\/labemacosmetics.com\/en\/wp-json\/wp\/v2\/types\/product"}],"replies":[{"embeddable":true,"href":"https:\/\/labemacosmetics.com\/en\/wp-json\/wp\/v2\/comments?post=5852"}],"version-history":[{"count":1,"href":"https:\/\/labemacosmetics.com\/en\/wp-json\/wp\/v2\/product\/5852\/revisions"}],"predecessor-version":[{"id":9483,"href":"https:\/\/labemacosmetics.com\/en\/wp-json\/wp\/v2\/product\/5852\/revisions\/9483"}],"wp:featuredmedia":[{"embeddable":true,"href":"https:\/\/labemacosmetics.com\/en\/wp-json\/wp\/v2\/media\/5853"}],"wp:attachment":[{"href":"https:\/\/labemacosmetics.com\/en\/wp-json\/wp\/v2\/media?parent=5852"}],"wp:term":[{"taxonomy":"product_brand","embeddable":true,"href":"https:\/\/labemacosmetics.com\/en\/wp-json\/wp\/v2\/product_brand?post=5852"},{"taxonomy":"product_cat","embeddable":true,"href":"https:\/\/labemacosmetics.com\/en\/wp-json\/wp\/v2\/product_cat?post=5852"},{"taxonomy":"product_tag","embeddable":true,"href":"https:\/\/labemacosmetics.com\/en\/wp-json\/wp\/v2\/product_tag?post=5852"}],"curies":[{"name":"wp","href":"https:\/\/api.w.org\/{rel}","templated":true}]}}