{"id":5846,"date":"2020-02-21T10:09:56","date_gmt":"2020-02-21T09:09:56","guid":{"rendered":"https:\/\/www.labemacosmetics.com\/?post_type=product&#038;p=5846"},"modified":"2024-03-23T21:04:41","modified_gmt":"2024-03-23T21:04:41","slug":"loreal-gel-detoxifiant-argile-pure-dakar-senegal","status":"publish","type":"product","link":"https:\/\/labemacosmetics.com\/en\/product\/loreal-gel-detoxifiant-argile-pure-dakar-senegal\/","title":{"rendered":"L&rsquo;OREAL Gel D\u00e9toxifiant Argile Pure &#8211; Purifiant"},"content":{"rendered":"<p>L&rsquo;Oreal Gel d\u00e9toxifiant Argile pure a une texture gel non dess\u00e9chante se transforme en fine mousse pour d\u00e9toxifier, capturer toutes les impuret\u00e9s (exc\u00e8s de s\u00e9bum, r\u00e9sidus de maquillage&#8230;) et booster l&rsquo;\u00e9clat de la peau.<\/p>\n<p>Les Laboratoires L\u2019Or\u00e9al Paris ont s\u00e9lectionn\u00e9 3 Argiles Pures et les ont associ\u00e9es au Charbon dans un gel nettoyant pour une peau plus nette, fra\u00eeche et \u00e9clatante tous les jours.<\/p>\n<p>Avec son action anti-r\u00e9cidive, jour apr\u00e8s jour, la peau respire : elle est plus fra\u00eeche, pure et \u00e9clatante de beaut\u00e9.<\/p>\n<h3>3 Argiles pures + Algues rouges<\/h3>\n<p>&#8211; LE KAOLIN reconnu pour absorber les impuret\u00e9s et l\u2019exc\u00e8s de s\u00e9bum.<br \/>\n&#8211; LA MONTMORILLONITE reconnue pour son action sur les imperfections.<br \/>\n&#8211; LE GHASSOUL reconnu pour aider \u00e0 clarifier le teint.<br \/>\n&#8211; LE CHARBON reconnu pour ses propri\u00e9t\u00e9s magn\u00e9tiques.<\/p>\n<h3>DES R\u00c9SULTATS RAPIDES ET VISIBLES<\/h3>\n<p>Grace \u00e0 l&rsquo;Oreal gel d\u00e9toxifiant Argile pure, la peau est intens\u00e9ment nettoy\u00e9e purifi\u00e9e et nette et le teint lumineux.<br \/>\nAction anti-r\u00e9cidive. Jour apr\u00e8s jour, la peau respire : elle est plus fra\u00eeche, pure et \u00e9clatante de beaut\u00e9.<\/p>\n<h2>Utilisation l&rsquo;oreal gel d\u00e9toxifiant argile pure<\/h2>\n<p>Appliquer quotidiennement ce gel sur visage humide et masser d\u00e9licatement par petits mouvements circulaires en insistant sur le front, le nez et le menton. Eviter le contour des yeux. Pour un usage externe uniquement.\u00a0Convient \u00e0 tout type de peau<\/p>\n<h2>Ingredients<\/h2>\n<p>782744 6 &#8211; INGREDIENTS: AQUA \/ WATER \u2022 GLYCERIN \u2022 COCO-BETAINE \u2022 SODIUM LAURETH SULFATE \u2022 DISODIUM LAURETH SULFOSUCCINATE \u2022 POTASSIUM LAURATE \u2022 ACRYLATES COPOLYMER \u2022 KAOLIN \u2022 PENTYLENE GLYCOL \u2022 SODIUM CHLORIDE \u2022 SODIUM LAURYL SULFATE \u2022 MOROCCAN LAVA CLAY \u2022 CHARCOAL POWDER \u2022 HYDROXYACETOPHENONE \u2022 HYDROXYPROPYL STARCH PHOSPHATE \u2022 CAPRYLOYL SALICYLIC ACID \u2022 TETRASODIUM EDTA \u2022 CITRIC ACID \u2022 MONTMORILLONITE \u2022 POLYGLYCERIN-10 \u2022 POLYGLYCERYL-10 MYRISTATE \u2022 POLYGLYCERYL-10 STEARATE \u2022 ACRYLATES\/STEARETH-20 METHACRYLATE COPOLYMER \u2022 SODIUM DEHYDROACETATE \u2022 PHENOXYETHANOL \u2022 CI 77499 \/ IRON OXIDES \u2022 LINALOOL \u2022 LIMONENE \u2022 PARFUM \/ FRAGRANCE. (F.I.L. B196468\/1)<\/p>","protected":false},"excerpt":{"rendered":"<p><a href=\"https:\/\/labemacosmetics.com\/en\/product-brands\/all-brands\/loreal\/?v=92666505ce75\">L&rsquo;Oreal<\/a> Gel d\u00e9toxifiant Argile pure a une texture gel non dess\u00e9chante se transforme en fine mousse pour d\u00e9toxifier, capturer toutes les impuret\u00e9s (exc\u00e8s de s\u00e9bum, r\u00e9sidus de maquillage&#8230;) et booster l&rsquo;\u00e9clat de la peau.<\/p>","protected":false},"featured_media":5848,"comment_status":"closed","ping_status":"closed","template":"","meta":{"om_disable_all_campaigns":false,"_mi_skip_tracking":false,"_monsterinsights_sitenote_active":false,"_monsterinsights_sitenote_note":"","_monsterinsights_sitenote_category":0},"product_brand":[],"product_cat":[127,519,1747,515,514,516,517,512,128,513],"product_tag":[],"class_list":{"0":"post-5846","1":"product","2":"type-product","3":"status-publish","4":"has-post-thumbnail","6":"product_cat-boutique","7":"product_cat-nettoyants","8":"product_cat-peaux-a-tendances-acneiques","9":"product_cat-peaux-mixtes-a-grasses","10":"product_cat-peaux-normales","11":"product_cat-peaux-seches","12":"product_cat-peaux-sensibles","13":"product_cat-produits-par-besoin","14":"product_cat-soin-de-visage","15":"product_cat-type-de-peau","16":"yith_product_brand-loreal","18":"first","19":"outofstock","20":"shipping-taxable","21":"purchasable","22":"product-type-simple"},"yoast_head":"<!-- This site is optimized with the Yoast SEO Premium plugin v20.8 (Yoast SEO v27.4) - https:\/\/yoast.com\/product\/yoast-seo-premium-wordpress\/ -->\n<title>L&#039;oreal L&#039;OREAL Gel D\u00e9toxifiant Argile Pure - Purifiant - Lab&eacute;ma Cosmetics | Dakar \/ S\u00e9n\u00e9gal<\/title>\n<meta name=\"description\" content=\"L&#039;oreal Gel d\u00e9toxifiant Argile pure a une texture gel non dess\u00e9chante se transforme en fine mousse pour d\u00e9toxifier, capturer toutes les impuret\u00e9s...\" \/>\n<meta name=\"robots\" content=\"index, follow, max-snippet:-1, max-image-preview:large, max-video-preview:-1\" \/>\n<link rel=\"canonical\" href=\"https:\/\/labemacosmetics.com\/en\/product\/loreal-gel-detoxifiant-argile-pure-dakar-senegal\/\" \/>\n<meta property=\"og:locale\" content=\"en_GB\" \/>\n<meta property=\"og:type\" content=\"article\" \/>\n<meta property=\"og:title\" content=\"L&#039;OREAL Gel D\u00e9toxifiant Argile Pure - Purifiant\" \/>\n<meta property=\"og:description\" content=\"L&#039;oreal Gel d\u00e9toxifiant Argile pure a une texture gel non dess\u00e9chante se transforme en fine mousse pour d\u00e9toxifier, capturer toutes les impuret\u00e9s...\" \/>\n<meta property=\"og:url\" content=\"https:\/\/labemacosmetics.com\/en\/product\/loreal-gel-detoxifiant-argile-pure-dakar-senegal\/\" \/>\n<meta property=\"og:site_name\" content=\"Lab&eacute;ma Cosmetics\" \/>\n<meta property=\"article:publisher\" content=\"http:\/\/www.facebook.com\/labemacosmetics\" \/>\n<meta property=\"article:modified_time\" content=\"2024-03-23T21:04:41+00:00\" \/>\n<meta property=\"og:image\" content=\"https:\/\/labemacosmetics.com\/wp-content\/uploads\/2020\/02\/Loreal_Gel_detoxifiant_Argile_pure.png\" \/>\n\t<meta property=\"og:image:width\" content=\"600\" \/>\n\t<meta property=\"og:image:height\" content=\"726\" \/>\n\t<meta property=\"og:image:type\" content=\"image\/png\" \/>\n<meta name=\"twitter:card\" content=\"summary_large_image\" \/>\n<meta name=\"twitter:site\" content=\"@Labemasn\" \/>\n<meta name=\"twitter:label1\" content=\"Price\" \/>\n\t<meta name=\"twitter:data1\" content=\"5 000&nbsp;CFA\" \/>\n\t<meta name=\"twitter:label2\" content=\"Availability\" \/>\n\t<meta name=\"twitter:data2\" content=\"Out of stock\" \/>\n<script type=\"application\/ld+json\" class=\"yoast-schema-graph\">{\"@context\":\"https:\\\/\\\/schema.org\",\"@graph\":[{\"@type\":\"WebPage\",\"@id\":\"https:\\\/\\\/labemacosmetics.com\\\/produit\\\/loreal-gel-detoxifiant-argile-pure-dakar-senegal\\\/\",\"url\":\"https:\\\/\\\/labemacosmetics.com\\\/produit\\\/loreal-gel-detoxifiant-argile-pure-dakar-senegal\\\/\",\"name\":\"L'oreal L'OREAL Gel D\u00e9toxifiant Argile Pure - Purifiant - Lab&eacute;ma Cosmetics | Dakar \\\/ S\u00e9n\u00e9gal\",\"isPartOf\":{\"@id\":\"https:\\\/\\\/labemacosmetics.com\\\/#website\"},\"primaryImageOfPage\":{\"@id\":\"https:\\\/\\\/labemacosmetics.com\\\/produit\\\/loreal-gel-detoxifiant-argile-pure-dakar-senegal\\\/#primaryimage\"},\"image\":{\"@id\":\"https:\\\/\\\/labemacosmetics.com\\\/produit\\\/loreal-gel-detoxifiant-argile-pure-dakar-senegal\\\/#primaryimage\"},\"thumbnailUrl\":\"https:\\\/\\\/labemacosmetics.com\\\/wp-content\\\/uploads\\\/2020\\\/02\\\/Loreal_Gel_detoxifiant_Argile_pure.png\",\"datePublished\":\"2020-02-21T09:09:56+00:00\",\"dateModified\":\"2024-03-23T21:04:41+00:00\",\"description\":\"L'oreal Gel d\u00e9toxifiant Argile pure a une texture gel non dess\u00e9chante se transforme en fine mousse pour d\u00e9toxifier, capturer toutes les impuret\u00e9s...\",\"breadcrumb\":{\"@id\":\"https:\\\/\\\/labemacosmetics.com\\\/produit\\\/loreal-gel-detoxifiant-argile-pure-dakar-senegal\\\/#breadcrumb\"},\"inLanguage\":\"en-GB\",\"potentialAction\":[{\"@type\":\"ReadAction\",\"target\":[\"https:\\\/\\\/labemacosmetics.com\\\/produit\\\/loreal-gel-detoxifiant-argile-pure-dakar-senegal\\\/\"]}]},{\"@type\":\"ImageObject\",\"inLanguage\":\"en-GB\",\"@id\":\"https:\\\/\\\/labemacosmetics.com\\\/produit\\\/loreal-gel-detoxifiant-argile-pure-dakar-senegal\\\/#primaryimage\",\"url\":\"https:\\\/\\\/labemacosmetics.com\\\/wp-content\\\/uploads\\\/2020\\\/02\\\/Loreal_Gel_detoxifiant_Argile_pure.png\",\"contentUrl\":\"https:\\\/\\\/labemacosmetics.com\\\/wp-content\\\/uploads\\\/2020\\\/02\\\/Loreal_Gel_detoxifiant_Argile_pure.png\",\"width\":600,\"height\":726,\"caption\":\"Gel detoxifiant Argile Pure\"},{\"@type\":\"BreadcrumbList\",\"@id\":\"https:\\\/\\\/labemacosmetics.com\\\/produit\\\/loreal-gel-detoxifiant-argile-pure-dakar-senegal\\\/#breadcrumb\",\"itemListElement\":[{\"@type\":\"ListItem\",\"position\":1,\"name\":\"Accueil\",\"item\":\"https:\\\/\\\/labemacosmetics.com\\\/\"},{\"@type\":\"ListItem\",\"position\":2,\"name\":\"Produits\",\"item\":\"https:\\\/\\\/labemacosmetics.com\\\/shop\\\/\"},{\"@type\":\"ListItem\",\"position\":3,\"name\":\"L&rsquo;OREAL Gel D\u00e9toxifiant Argile Pure &#8211; Purifiant\"}]},{\"@type\":\"WebSite\",\"@id\":\"https:\\\/\\\/labemacosmetics.com\\\/#website\",\"url\":\"https:\\\/\\\/labemacosmetics.com\\\/\",\"name\":\"Lab&eacute;ma Cosmetics\",\"description\":\"\",\"potentialAction\":[{\"@type\":\"SearchAction\",\"target\":{\"@type\":\"EntryPoint\",\"urlTemplate\":\"https:\\\/\\\/labemacosmetics.com\\\/?s={search_term_string}\"},\"query-input\":{\"@type\":\"PropertyValueSpecification\",\"valueRequired\":true,\"valueName\":\"search_term_string\"}}],\"inLanguage\":\"en-GB\"}]}<\/script>\n<meta property=\"product:brand\" content=\"L&#039;Or\u00e9al\" \/>\n<meta property=\"product:price:amount\" content=\"5000\" \/>\n<meta property=\"product:price:currency\" content=\"XOF\" \/>\n<meta property=\"og:availability\" content=\"out of stock\" \/>\n<meta property=\"product:availability\" content=\"out of stock\" \/>\n<meta property=\"product:condition\" content=\"new\" \/>\n<!-- \/ Yoast SEO Premium plugin. -->","yoast_head_json":{"title":"L'oreal L'OREAL Gel D\u00e9toxifiant Argile Pure - Purifiant - Lab&eacute;ma Cosmetics | Dakar \/ S\u00e9n\u00e9gal","description":"L'oreal Gel d\u00e9toxifiant Argile pure a une texture gel non dess\u00e9chante se transforme en fine mousse pour d\u00e9toxifier, capturer toutes les impuret\u00e9s...","robots":{"index":"index","follow":"follow","max-snippet":"max-snippet:-1","max-image-preview":"max-image-preview:large","max-video-preview":"max-video-preview:-1"},"canonical":"https:\/\/labemacosmetics.com\/en\/product\/loreal-gel-detoxifiant-argile-pure-dakar-senegal\/","og_locale":"en_GB","og_type":"article","og_title":"L'OREAL Gel D\u00e9toxifiant Argile Pure - Purifiant","og_description":"L'oreal Gel d\u00e9toxifiant Argile pure a une texture gel non dess\u00e9chante se transforme en fine mousse pour d\u00e9toxifier, capturer toutes les impuret\u00e9s...","og_url":"https:\/\/labemacosmetics.com\/en\/product\/loreal-gel-detoxifiant-argile-pure-dakar-senegal\/","og_site_name":"Lab&eacute;ma Cosmetics","article_publisher":"http:\/\/www.facebook.com\/labemacosmetics","article_modified_time":"2024-03-23T21:04:41+00:00","og_image":[{"width":600,"height":726,"url":"https:\/\/labemacosmetics.com\/wp-content\/uploads\/2020\/02\/Loreal_Gel_detoxifiant_Argile_pure.png","type":"image\/png"}],"twitter_card":"summary_large_image","twitter_site":"@Labemasn","twitter_misc":{"Price":"5 000&nbsp;CFA","Availability":"Out of stock"},"schema":{"@context":"https:\/\/schema.org","@graph":[{"@type":"WebPage","@id":"https:\/\/labemacosmetics.com\/produit\/loreal-gel-detoxifiant-argile-pure-dakar-senegal\/","url":"https:\/\/labemacosmetics.com\/produit\/loreal-gel-detoxifiant-argile-pure-dakar-senegal\/","name":"L'oreal L'OREAL Gel D\u00e9toxifiant Argile Pure - Purifiant - Lab&eacute;ma Cosmetics | Dakar \/ S\u00e9n\u00e9gal","isPartOf":{"@id":"https:\/\/labemacosmetics.com\/#website"},"primaryImageOfPage":{"@id":"https:\/\/labemacosmetics.com\/produit\/loreal-gel-detoxifiant-argile-pure-dakar-senegal\/#primaryimage"},"image":{"@id":"https:\/\/labemacosmetics.com\/produit\/loreal-gel-detoxifiant-argile-pure-dakar-senegal\/#primaryimage"},"thumbnailUrl":"https:\/\/labemacosmetics.com\/wp-content\/uploads\/2020\/02\/Loreal_Gel_detoxifiant_Argile_pure.png","datePublished":"2020-02-21T09:09:56+00:00","dateModified":"2024-03-23T21:04:41+00:00","description":"L'oreal Gel d\u00e9toxifiant Argile pure a une texture gel non dess\u00e9chante se transforme en fine mousse pour d\u00e9toxifier, capturer toutes les impuret\u00e9s...","breadcrumb":{"@id":"https:\/\/labemacosmetics.com\/produit\/loreal-gel-detoxifiant-argile-pure-dakar-senegal\/#breadcrumb"},"inLanguage":"en-GB","potentialAction":[{"@type":"ReadAction","target":["https:\/\/labemacosmetics.com\/produit\/loreal-gel-detoxifiant-argile-pure-dakar-senegal\/"]}]},{"@type":"ImageObject","inLanguage":"en-GB","@id":"https:\/\/labemacosmetics.com\/produit\/loreal-gel-detoxifiant-argile-pure-dakar-senegal\/#primaryimage","url":"https:\/\/labemacosmetics.com\/wp-content\/uploads\/2020\/02\/Loreal_Gel_detoxifiant_Argile_pure.png","contentUrl":"https:\/\/labemacosmetics.com\/wp-content\/uploads\/2020\/02\/Loreal_Gel_detoxifiant_Argile_pure.png","width":600,"height":726,"caption":"Gel detoxifiant Argile Pure"},{"@type":"BreadcrumbList","@id":"https:\/\/labemacosmetics.com\/produit\/loreal-gel-detoxifiant-argile-pure-dakar-senegal\/#breadcrumb","itemListElement":[{"@type":"ListItem","position":1,"name":"Accueil","item":"https:\/\/labemacosmetics.com\/"},{"@type":"ListItem","position":2,"name":"Produits","item":"https:\/\/labemacosmetics.com\/shop\/"},{"@type":"ListItem","position":3,"name":"L&rsquo;OREAL Gel D\u00e9toxifiant Argile Pure &#8211; Purifiant"}]},{"@type":"WebSite","@id":"https:\/\/labemacosmetics.com\/#website","url":"https:\/\/labemacosmetics.com\/","name":"Lab&eacute;ma Cosmetics","description":"","potentialAction":[{"@type":"SearchAction","target":{"@type":"EntryPoint","urlTemplate":"https:\/\/labemacosmetics.com\/?s={search_term_string}"},"query-input":{"@type":"PropertyValueSpecification","valueRequired":true,"valueName":"search_term_string"}}],"inLanguage":"en-GB"}]},"product_brand":"L'Or\u00e9al","product_price_amount":"5000","product_price_currency":"XOF","og_availability":"out of stock","product_availability":"out of stock","product_condition":"new"},"_links":{"self":[{"href":"https:\/\/labemacosmetics.com\/en\/wp-json\/wp\/v2\/product\/5846","targetHints":{"allow":["GET"]}}],"collection":[{"href":"https:\/\/labemacosmetics.com\/en\/wp-json\/wp\/v2\/product"}],"about":[{"href":"https:\/\/labemacosmetics.com\/en\/wp-json\/wp\/v2\/types\/product"}],"replies":[{"embeddable":true,"href":"https:\/\/labemacosmetics.com\/en\/wp-json\/wp\/v2\/comments?post=5846"}],"version-history":[{"count":0,"href":"https:\/\/labemacosmetics.com\/en\/wp-json\/wp\/v2\/product\/5846\/revisions"}],"wp:featuredmedia":[{"embeddable":true,"href":"https:\/\/labemacosmetics.com\/en\/wp-json\/wp\/v2\/media\/5848"}],"wp:attachment":[{"href":"https:\/\/labemacosmetics.com\/en\/wp-json\/wp\/v2\/media?parent=5846"}],"wp:term":[{"taxonomy":"product_brand","embeddable":true,"href":"https:\/\/labemacosmetics.com\/en\/wp-json\/wp\/v2\/product_brand?post=5846"},{"taxonomy":"product_cat","embeddable":true,"href":"https:\/\/labemacosmetics.com\/en\/wp-json\/wp\/v2\/product_cat?post=5846"},{"taxonomy":"product_tag","embeddable":true,"href":"https:\/\/labemacosmetics.com\/en\/wp-json\/wp\/v2\/product_tag?post=5846"}],"curies":[{"name":"wp","href":"https:\/\/api.w.org\/{rel}","templated":true}]}}