{"id":5249,"date":"2017-03-01T23:46:47","date_gmt":"2017-03-01T23:46:47","guid":{"rendered":"https:\/\/www.labemacosmetics.com\/shop\/all-categories\/beauty\/eau-micellaire-hydratante-2-en-1\/"},"modified":"2023-05-21T14:52:44","modified_gmt":"2023-05-21T13:52:44","slug":"eau-micellaire-hydratante-2-en-1","status":"publish","type":"product","link":"https:\/\/labemacosmetics.com\/en\/product\/eau-micellaire-hydratante-2-en-1\/","title":{"rendered":"YVES ROCHER Eau Micellaire D\u00e9maquillante 2 en1"},"content":{"rendered":"<h1>Eau Micellaire D\u00e9maquillante 2 en 1,\u00a0Nettoyant et d\u00e9maquillant<\/h1>\n<p>Vous d\u00e9sirez un d\u00e9maquillant qui hydrate et tonifie votre peau. L&rsquo; Eau Micellaire Hydratante 2 en 1 Hydra V\u00e9g\u00e9tal est pour vous. Ainsi les S\u00e8ves d&rsquo;\u00c9rable et d&rsquo;Agave Bleue ont \u00e9t\u00e9 associ\u00e9es \u00e0 la B\u00e9ta\u00efne V\u00e9g\u00e9tale\u201a pour leurs pouvoirs hydrocapteurs. Elles cr\u00e9ent ainsi un v\u00e9ritable r\u00e9servoir d&rsquo;eau au c\u0153ur de la peau*. Parfaitement d\u00e9maquill\u00e9e\u201a la peau est hydrat\u00e9e et tonifi\u00e9e en un seul geste.<span class=\"st\">Ce lait d\u00e9maquillant onctueux \u00e9limine parfaitement maquillage et impuret\u00e9s tout en remin\u00e9ralisant la peau. <\/span><br \/>\nCette eau fra\u00eeche \u00e9limine les impuret\u00e9s et nettoie la peau sans la dess\u00e9cher.<\/p>","protected":false},"excerpt":{"rendered":"<p>Eau Micellaire Hydratante 2 en 1, Nettoyant et d\u00e9maquillant<br \/>\nVous d\u00e9sirez un d\u00e9maquillant qui hydrate et tonifie votre peau.<\/p>\n<p>L&rsquo;Eau Micellaire Hydratante 2en1 Hydra V\u00e9g\u00e9tal est pour vous.<\/p>","protected":false},"featured_media":6029,"comment_status":"closed","ping_status":"closed","template":"","meta":{"om_disable_all_campaigns":false,"_mi_skip_tracking":false,"_monsterinsights_sitenote_active":false,"_monsterinsights_sitenote_note":"","_monsterinsights_sitenote_category":0},"product_brand":[],"product_cat":[127,1774,514,512,128,513],"product_tag":[165,259,272,260,261,262,263,244,234],"class_list":{"0":"post-5249","1":"product","2":"type-product","3":"status-publish","4":"has-post-thumbnail","6":"product_cat-boutique","7":"product_cat-demaquillants-eaux-micellaires","8":"product_cat-peaux-normales","9":"product_cat-produits-par-besoin","10":"product_cat-soin-de-visage","11":"product_cat-type-de-peau","12":"product_tag-beaute","13":"product_tag-bonne-odeur","14":"product_tag-demaquillant","15":"product_tag-fragrance","16":"product_tag-odeur","17":"product_tag-parfum","18":"product_tag-parfumerie","19":"product_tag-seduction","20":"product_tag-soin","21":"yith_product_brand-yves-rocher","23":"first","24":"instock","25":"sale","26":"shipping-taxable","27":"purchasable","28":"product-type-simple"},"yoast_head":"<!-- This site is optimized with the Yoast SEO Premium plugin v20.8 (Yoast SEO v27.4) - https:\/\/yoast.com\/product\/yoast-seo-premium-wordpress\/ -->\n<title>Eau Micellaire Hydratante 2 en 1, Nettoyant et d\u00e9maquillant - Lab\u00e9ma<\/title>\n<meta name=\"description\" content=\"Eau Micellaire Hydratante 2 en 1, Nettoyant et d\u00e9maquillant.L&#039;Eau Micellaire Hydratante 2en1 Hydra V\u00e9g\u00e9tal est pour vous. Les S\u00e8ves d&#039;\u00c9rable .\" \/>\n<meta name=\"robots\" content=\"index, follow, max-snippet:-1, max-image-preview:large, max-video-preview:-1\" \/>\n<link rel=\"canonical\" href=\"https:\/\/labemacosmetics.com\/en\/product\/eau-micellaire-hydratante-2-en-1\/\" \/>\n<meta property=\"og:locale\" content=\"en_GB\" \/>\n<meta property=\"og:type\" content=\"article\" \/>\n<meta property=\"og:title\" content=\"YVES ROCHER Eau Micellaire D\u00e9maquillante 2 en1\" \/>\n<meta property=\"og:description\" content=\"Eau Micellaire Hydratante 2 en 1, Nettoyant et d\u00e9maquillant.L&#039;Eau Micellaire Hydratante 2en1 Hydra V\u00e9g\u00e9tal est pour vous. Les S\u00e8ves d&#039;\u00c9rable .\" \/>\n<meta property=\"og:url\" content=\"https:\/\/labemacosmetics.com\/en\/product\/eau-micellaire-hydratante-2-en-1\/\" \/>\n<meta property=\"og:site_name\" content=\"Lab&eacute;ma Cosmetics\" \/>\n<meta property=\"article:publisher\" content=\"http:\/\/www.facebook.com\/labemacosmetics\" \/>\n<meta property=\"article:modified_time\" content=\"2023-05-21T13:52:44+00:00\" \/>\n<meta name=\"twitter:card\" content=\"summary_large_image\" \/>\n<meta name=\"twitter:image\" content=\"https:\/\/labemacosmetics.com\/wp-content\/uploads\/2017\/03\/Eau_micellaire_demaquillante_2en1.png\" \/>\n<meta name=\"twitter:site\" content=\"@Labemasn\" \/>\n<meta name=\"twitter:label1\" content=\"Price\" \/>\n\t<meta name=\"twitter:data1\" content=\"5 000&nbsp;CFA\" \/>\n\t<meta name=\"twitter:label2\" content=\"Availability\" \/>\n\t<meta name=\"twitter:data2\" content=\"In stock\" \/>\n<script type=\"application\/ld+json\" class=\"yoast-schema-graph\">{\"@context\":\"https:\\\/\\\/schema.org\",\"@graph\":[{\"@type\":\"WebPage\",\"@id\":\"https:\\\/\\\/labemacosmetics.com\\\/produit\\\/eau-micellaire-hydratante-2-en-1\\\/\",\"url\":\"https:\\\/\\\/labemacosmetics.com\\\/produit\\\/eau-micellaire-hydratante-2-en-1\\\/\",\"name\":\"Eau Micellaire Hydratante 2 en 1, Nettoyant et d\u00e9maquillant - Lab\u00e9ma\",\"isPartOf\":{\"@id\":\"https:\\\/\\\/labemacosmetics.com\\\/#website\"},\"primaryImageOfPage\":{\"@id\":\"https:\\\/\\\/labemacosmetics.com\\\/produit\\\/eau-micellaire-hydratante-2-en-1\\\/#primaryimage\"},\"image\":{\"@id\":\"https:\\\/\\\/labemacosmetics.com\\\/produit\\\/eau-micellaire-hydratante-2-en-1\\\/#primaryimage\"},\"thumbnailUrl\":\"https:\\\/\\\/labemacosmetics.com\\\/wp-content\\\/uploads\\\/2017\\\/03\\\/Eau_micellaire_demaquillante_2en1.png\",\"datePublished\":\"2017-03-01T23:46:47+00:00\",\"dateModified\":\"2023-05-21T13:52:44+00:00\",\"description\":\"Eau Micellaire Hydratante 2 en 1, Nettoyant et d\u00e9maquillant.L'Eau Micellaire Hydratante 2en1 Hydra V\u00e9g\u00e9tal est pour vous. Les S\u00e8ves d'\u00c9rable .\",\"breadcrumb\":{\"@id\":\"https:\\\/\\\/labemacosmetics.com\\\/produit\\\/eau-micellaire-hydratante-2-en-1\\\/#breadcrumb\"},\"inLanguage\":\"en-GB\",\"potentialAction\":[{\"@type\":\"ReadAction\",\"target\":[\"https:\\\/\\\/labemacosmetics.com\\\/produit\\\/eau-micellaire-hydratante-2-en-1\\\/\"]}]},{\"@type\":\"ImageObject\",\"inLanguage\":\"en-GB\",\"@id\":\"https:\\\/\\\/labemacosmetics.com\\\/produit\\\/eau-micellaire-hydratante-2-en-1\\\/#primaryimage\",\"url\":\"https:\\\/\\\/labemacosmetics.com\\\/wp-content\\\/uploads\\\/2017\\\/03\\\/Eau_micellaire_demaquillante_2en1.png\",\"contentUrl\":\"https:\\\/\\\/labemacosmetics.com\\\/wp-content\\\/uploads\\\/2017\\\/03\\\/Eau_micellaire_demaquillante_2en1.png\",\"width\":600,\"height\":726,\"caption\":\"Eau micellaire demaquillante\"},{\"@type\":\"BreadcrumbList\",\"@id\":\"https:\\\/\\\/labemacosmetics.com\\\/produit\\\/eau-micellaire-hydratante-2-en-1\\\/#breadcrumb\",\"itemListElement\":[{\"@type\":\"ListItem\",\"position\":1,\"name\":\"Accueil\",\"item\":\"https:\\\/\\\/labemacosmetics.com\\\/\"},{\"@type\":\"ListItem\",\"position\":2,\"name\":\"Produits\",\"item\":\"https:\\\/\\\/labemacosmetics.com\\\/shop\\\/\"},{\"@type\":\"ListItem\",\"position\":3,\"name\":\"YVES ROCHER Eau Micellaire D\u00e9maquillante 2 en1\"}]},{\"@type\":\"WebSite\",\"@id\":\"https:\\\/\\\/labemacosmetics.com\\\/#website\",\"url\":\"https:\\\/\\\/labemacosmetics.com\\\/\",\"name\":\"Lab&eacute;ma Cosmetics\",\"description\":\"\",\"potentialAction\":[{\"@type\":\"SearchAction\",\"target\":{\"@type\":\"EntryPoint\",\"urlTemplate\":\"https:\\\/\\\/labemacosmetics.com\\\/?s={search_term_string}\"},\"query-input\":{\"@type\":\"PropertyValueSpecification\",\"valueRequired\":true,\"valueName\":\"search_term_string\"}}],\"inLanguage\":\"en-GB\"}]}<\/script>\n<meta property=\"product:brand\" content=\"Yves Rocher\" \/>\n<meta property=\"product:price:amount\" content=\"5000\" \/>\n<meta property=\"product:price:currency\" content=\"XOF\" \/>\n<meta property=\"og:availability\" content=\"instock\" \/>\n<meta property=\"product:availability\" content=\"instock\" \/>\n<meta property=\"product:retailer_item_id\" content=\"YVR87376\" \/>\n<meta property=\"product:condition\" content=\"new\" \/>\n<!-- \/ Yoast SEO Premium plugin. -->","yoast_head_json":{"title":"Eau Micellaire Hydratante 2 en 1, Nettoyant et d\u00e9maquillant - Lab\u00e9ma","description":"Eau Micellaire Hydratante 2 en 1, Nettoyant et d\u00e9maquillant.L'Eau Micellaire Hydratante 2en1 Hydra V\u00e9g\u00e9tal est pour vous. Les S\u00e8ves d'\u00c9rable .","robots":{"index":"index","follow":"follow","max-snippet":"max-snippet:-1","max-image-preview":"max-image-preview:large","max-video-preview":"max-video-preview:-1"},"canonical":"https:\/\/labemacosmetics.com\/en\/product\/eau-micellaire-hydratante-2-en-1\/","og_locale":"en_GB","og_type":"article","og_title":"YVES ROCHER Eau Micellaire D\u00e9maquillante 2 en1","og_description":"Eau Micellaire Hydratante 2 en 1, Nettoyant et d\u00e9maquillant.L'Eau Micellaire Hydratante 2en1 Hydra V\u00e9g\u00e9tal est pour vous. Les S\u00e8ves d'\u00c9rable .","og_url":"https:\/\/labemacosmetics.com\/en\/product\/eau-micellaire-hydratante-2-en-1\/","og_site_name":"Lab&eacute;ma Cosmetics","article_publisher":"http:\/\/www.facebook.com\/labemacosmetics","article_modified_time":"2023-05-21T13:52:44+00:00","twitter_card":"summary_large_image","twitter_image":"https:\/\/labemacosmetics.com\/wp-content\/uploads\/2017\/03\/Eau_micellaire_demaquillante_2en1.png","twitter_site":"@Labemasn","twitter_misc":{"Price":"5 000&nbsp;CFA","Availability":"In stock"},"schema":{"@context":"https:\/\/schema.org","@graph":[{"@type":"WebPage","@id":"https:\/\/labemacosmetics.com\/produit\/eau-micellaire-hydratante-2-en-1\/","url":"https:\/\/labemacosmetics.com\/produit\/eau-micellaire-hydratante-2-en-1\/","name":"Eau Micellaire Hydratante 2 en 1, Nettoyant et d\u00e9maquillant - Lab\u00e9ma","isPartOf":{"@id":"https:\/\/labemacosmetics.com\/#website"},"primaryImageOfPage":{"@id":"https:\/\/labemacosmetics.com\/produit\/eau-micellaire-hydratante-2-en-1\/#primaryimage"},"image":{"@id":"https:\/\/labemacosmetics.com\/produit\/eau-micellaire-hydratante-2-en-1\/#primaryimage"},"thumbnailUrl":"https:\/\/labemacosmetics.com\/wp-content\/uploads\/2017\/03\/Eau_micellaire_demaquillante_2en1.png","datePublished":"2017-03-01T23:46:47+00:00","dateModified":"2023-05-21T13:52:44+00:00","description":"Eau Micellaire Hydratante 2 en 1, Nettoyant et d\u00e9maquillant.L'Eau Micellaire Hydratante 2en1 Hydra V\u00e9g\u00e9tal est pour vous. Les S\u00e8ves d'\u00c9rable .","breadcrumb":{"@id":"https:\/\/labemacosmetics.com\/produit\/eau-micellaire-hydratante-2-en-1\/#breadcrumb"},"inLanguage":"en-GB","potentialAction":[{"@type":"ReadAction","target":["https:\/\/labemacosmetics.com\/produit\/eau-micellaire-hydratante-2-en-1\/"]}]},{"@type":"ImageObject","inLanguage":"en-GB","@id":"https:\/\/labemacosmetics.com\/produit\/eau-micellaire-hydratante-2-en-1\/#primaryimage","url":"https:\/\/labemacosmetics.com\/wp-content\/uploads\/2017\/03\/Eau_micellaire_demaquillante_2en1.png","contentUrl":"https:\/\/labemacosmetics.com\/wp-content\/uploads\/2017\/03\/Eau_micellaire_demaquillante_2en1.png","width":600,"height":726,"caption":"Eau micellaire demaquillante"},{"@type":"BreadcrumbList","@id":"https:\/\/labemacosmetics.com\/produit\/eau-micellaire-hydratante-2-en-1\/#breadcrumb","itemListElement":[{"@type":"ListItem","position":1,"name":"Accueil","item":"https:\/\/labemacosmetics.com\/"},{"@type":"ListItem","position":2,"name":"Produits","item":"https:\/\/labemacosmetics.com\/shop\/"},{"@type":"ListItem","position":3,"name":"YVES ROCHER Eau Micellaire D\u00e9maquillante 2 en1"}]},{"@type":"WebSite","@id":"https:\/\/labemacosmetics.com\/#website","url":"https:\/\/labemacosmetics.com\/","name":"Lab&eacute;ma Cosmetics","description":"","potentialAction":[{"@type":"SearchAction","target":{"@type":"EntryPoint","urlTemplate":"https:\/\/labemacosmetics.com\/?s={search_term_string}"},"query-input":{"@type":"PropertyValueSpecification","valueRequired":true,"valueName":"search_term_string"}}],"inLanguage":"en-GB"}]},"product_brand":"Yves Rocher","product_price_amount":"5000","product_price_currency":"XOF","og_availability":"instock","product_availability":"instock","product_retailer_item_id":"YVR87376","product_condition":"new"},"_links":{"self":[{"href":"https:\/\/labemacosmetics.com\/en\/wp-json\/wp\/v2\/product\/5249","targetHints":{"allow":["GET"]}}],"collection":[{"href":"https:\/\/labemacosmetics.com\/en\/wp-json\/wp\/v2\/product"}],"about":[{"href":"https:\/\/labemacosmetics.com\/en\/wp-json\/wp\/v2\/types\/product"}],"replies":[{"embeddable":true,"href":"https:\/\/labemacosmetics.com\/en\/wp-json\/wp\/v2\/comments?post=5249"}],"version-history":[{"count":0,"href":"https:\/\/labemacosmetics.com\/en\/wp-json\/wp\/v2\/product\/5249\/revisions"}],"wp:featuredmedia":[{"embeddable":true,"href":"https:\/\/labemacosmetics.com\/en\/wp-json\/wp\/v2\/media\/6029"}],"wp:attachment":[{"href":"https:\/\/labemacosmetics.com\/en\/wp-json\/wp\/v2\/media?parent=5249"}],"wp:term":[{"taxonomy":"product_brand","embeddable":true,"href":"https:\/\/labemacosmetics.com\/en\/wp-json\/wp\/v2\/product_brand?post=5249"},{"taxonomy":"product_cat","embeddable":true,"href":"https:\/\/labemacosmetics.com\/en\/wp-json\/wp\/v2\/product_cat?post=5249"},{"taxonomy":"product_tag","embeddable":true,"href":"https:\/\/labemacosmetics.com\/en\/wp-json\/wp\/v2\/product_tag?post=5249"}],"curies":[{"name":"wp","href":"https:\/\/api.w.org\/{rel}","templated":true}]}}