{"id":5242,"date":"2017-02-19T17:09:46","date_gmt":"2017-02-19T16:09:46","guid":{"rendered":"https:\/\/labemacosmetics.com\/shop\/maquillage\/lip-lingerie-after-hours\/"},"modified":"2022-02-16T22:06:25","modified_gmt":"2022-02-16T21:06:25","slug":"lip-lingerie-after-hours-bar-clandestin","status":"publish","type":"product","link":"https:\/\/labemacosmetics.com\/en\/product\/lip-lingerie-after-hours-bar-clandestin\/","title":{"rendered":"LIP LINGERIE After Hours \/ Bar Clandestin"},"content":{"rendered":"<h6>description Lip Lingerie After Hours \/ Bar Clandestin<\/h6>\n<p>Enfilez quelque chose de sexy avec Lip Lingerie After Hours \/ Bar Clandestin. Ainsi le nouveau rouge \u00e0 l\u00e8vres liquide luxueux au somptueux fini mat. Alors il se d\u00e9cline dans une palette de teintes impr\u00e9gn\u00e9es de couleurs que nous connaissons et adorons d\u00e9j\u00e0. allant du rose cannelle au brun chocolat en passant par le rouge acajou et le beige nude classique. Ainsi que dans <a href=\"\/en\/product-brands\/all-brands\/nyx\/\">12 nouvelles teintes nudes<\/a> flambant neuves ! Chacune de ces teintes sensuelles parera les courbes de vos l\u00e8vres d\u2019une couleur irr\u00e9sistiblement onctueuse.Son application est facile et le\u00a0 r\u00e9sultat parfait.<\/p>\n<p><span id=\"sample-permalink\"><a href=\"https:\/\/labemacosmetics.com\/en\/shop\/all-categories\/maquillage\/lip-lingerie-after-hours-bar-clandestin\/\">https:\/\/www.labemacosmetics.com\/shop\/all-categories\/maquillage\/<span id=\"editable-post-name\">lip-lingerie-aft\u2026s-bar-clandestin<\/span>\/<\/a><\/span> \u200e<span id=\"edit-slug-buttons\"><\/span><\/p>\n<div id=\"titlediv\">\n<div class=\"inside\">\n<div id=\"edit-slug-box\" class=\"hide-if-no-js\"><\/div>\n<\/div>\n<\/div>\n<div id=\"postdivrich\" class=\"postarea wp-editor-expand\">\n<div id=\"wp-content-wrap\" class=\"wp-core-ui wp-editor-wrap tmce-active has-dfw\">\n<div id=\"wp-content-editor-tools\" class=\"wp-editor-tools hide-if-no-js\">\n<div id=\"wp-content-media-buttons\" class=\"wp-media-buttons\"><\/div>\n<\/div>\n<\/div>\n<\/div>\n<div class=\"wp-editor-tabs\"><\/div>","protected":false},"excerpt":{"rendered":"<p>Enfilez quelque chose de sexy avec Lip Lingerie After Hours \/ Bar Clandestin, le nouveau rouge \u00e0 l\u00e8vres liquide luxueux au somptueux fini mat. Il se d\u00e9cline dans une palette de teintes impr\u00e9gn\u00e9es de couleurs que nous connaissons et adorons d\u00e9j\u00e0.<\/p>","protected":false},"featured_media":5628,"comment_status":"closed","ping_status":"closed","template":"","meta":{"om_disable_all_campaigns":false,"_mi_skip_tracking":false,"_monsterinsights_sitenote_active":false,"_monsterinsights_sitenote_note":"","_monsterinsights_sitenote_category":0},"product_brand":[],"product_cat":[123,110,103],"product_tag":[207,255,256,165,166,208,209,210,211,167,257,242,258,158,195,212,213,147,214,135,178,236,215,216,217],"class_list":{"0":"post-5242","1":"product","2":"type-product","3":"status-publish","4":"has-post-thumbnail","6":"product_cat-gloss","7":"product_cat-levres","8":"product_cat-maquillage","9":"product_tag-acajou","10":"product_tag-after","11":"product_tag-bar","12":"product_tag-beaute","13":"product_tag-beauty","14":"product_tag-beige","15":"product_tag-bordure","16":"product_tag-brun","17":"product_tag-canelle","18":"product_tag-chocolat","19":"product_tag-clandestin","20":"product_tag-grain","21":"product_tag-hours","22":"product_tag-levre","23":"product_tag-levres","24":"product_tag-lingerie","25":"product_tag-lip","26":"product_tag-lips","27":"product_tag-liquide","28":"product_tag-maquillage","29":"product_tag-nude","30":"product_tag-nyx","31":"product_tag-rouge","32":"product_tag-sexy","33":"product_tag-teinte","34":"yith_product_brand-nyx","36":"first","37":"outofstock","38":"sale","39":"shipping-taxable","40":"purchasable","41":"product-type-simple"},"yoast_head":"<!-- This site is optimized with the Yoast SEO Premium plugin v20.8 (Yoast SEO v27.4) - https:\/\/yoast.com\/product\/yoast-seo-premium-wordpress\/ -->\n<title>Lip Lingerie After Hours \/ Bar Clandestin - Lab\u00e9ma Cosmetics<\/title>\n<meta name=\"description\" content=\"Enfilez quelque chose de sexy avec Lip Lingerie After Hours \/ Bar Clandestin, le nouveau rouge \u00e0 l\u00e8vres liquide luxueux au somptueux fini mat.\" \/>\n<meta name=\"robots\" content=\"index, follow, max-snippet:-1, max-image-preview:large, max-video-preview:-1\" \/>\n<link rel=\"canonical\" href=\"https:\/\/labemacosmetics.com\/en\/product\/lip-lingerie-after-hours-bar-clandestin\/\" \/>\n<meta property=\"og:locale\" content=\"en_GB\" \/>\n<meta property=\"og:type\" content=\"article\" \/>\n<meta property=\"og:title\" content=\"LIP LINGERIE After Hours \/ Bar Clandestin\" \/>\n<meta property=\"og:description\" content=\"Enfilez quelque chose de sexy avec Lip Lingerie After Hours \/ Bar Clandestin, le nouveau rouge \u00e0 l\u00e8vres liquide luxueux au somptueux fini mat.\" \/>\n<meta property=\"og:url\" content=\"https:\/\/labemacosmetics.com\/en\/product\/lip-lingerie-after-hours-bar-clandestin\/\" \/>\n<meta property=\"og:site_name\" content=\"Lab&eacute;ma Cosmetics\" \/>\n<meta property=\"article:publisher\" content=\"http:\/\/www.facebook.com\/labemacosmetics\" \/>\n<meta property=\"article:modified_time\" content=\"2022-02-16T21:06:25+00:00\" \/>\n<meta property=\"og:image\" content=\"https:\/\/labemacosmetics.com\/wp-content\/uploads\/2017\/02\/Lip_Lingerie_After_hours-1.png\" \/>\n\t<meta property=\"og:image:width\" content=\"600\" \/>\n\t<meta property=\"og:image:height\" content=\"726\" \/>\n\t<meta property=\"og:image:type\" content=\"image\/png\" \/>\n<meta name=\"twitter:card\" content=\"summary_large_image\" \/>\n<meta name=\"twitter:site\" content=\"@Labemasn\" \/>\n<meta name=\"twitter:label1\" content=\"Price\" \/>\n\t<meta name=\"twitter:data1\" content=\"6 000&nbsp;CFA\" \/>\n\t<meta name=\"twitter:label2\" content=\"Availability\" \/>\n\t<meta name=\"twitter:data2\" content=\"Out of stock\" \/>\n<script type=\"application\/ld+json\" class=\"yoast-schema-graph\">{\"@context\":\"https:\\\/\\\/schema.org\",\"@graph\":[{\"@type\":\"WebPage\",\"@id\":\"https:\\\/\\\/labemacosmetics.com\\\/en\\\/product\\\/lip-lingerie-after-hours-bar-clandestin\\\/\",\"url\":\"https:\\\/\\\/labemacosmetics.com\\\/en\\\/product\\\/lip-lingerie-after-hours-bar-clandestin\\\/\",\"name\":\"Lip Lingerie After Hours \\\/ Bar Clandestin - Lab\u00e9ma Cosmetics\",\"isPartOf\":{\"@id\":\"https:\\\/\\\/labemacosmetics.com\\\/#website\"},\"primaryImageOfPage\":{\"@id\":\"https:\\\/\\\/labemacosmetics.com\\\/en\\\/product\\\/lip-lingerie-after-hours-bar-clandestin\\\/#primaryimage\"},\"image\":{\"@id\":\"https:\\\/\\\/labemacosmetics.com\\\/en\\\/product\\\/lip-lingerie-after-hours-bar-clandestin\\\/#primaryimage\"},\"thumbnailUrl\":\"https:\\\/\\\/labemacosmetics.com\\\/wp-content\\\/uploads\\\/2017\\\/02\\\/Lip_Lingerie_After_hours-1.png\",\"datePublished\":\"2017-02-19T16:09:46+00:00\",\"dateModified\":\"2022-02-16T21:06:25+00:00\",\"description\":\"Enfilez quelque chose de sexy avec Lip Lingerie After Hours \\\/ Bar Clandestin, le nouveau rouge \u00e0 l\u00e8vres liquide luxueux au somptueux fini mat.\",\"breadcrumb\":{\"@id\":\"https:\\\/\\\/labemacosmetics.com\\\/en\\\/product\\\/lip-lingerie-after-hours-bar-clandestin\\\/#breadcrumb\"},\"inLanguage\":\"en-GB\",\"potentialAction\":[{\"@type\":\"ReadAction\",\"target\":[\"https:\\\/\\\/labemacosmetics.com\\\/en\\\/product\\\/lip-lingerie-after-hours-bar-clandestin\\\/\"]}]},{\"@type\":\"ImageObject\",\"inLanguage\":\"en-GB\",\"@id\":\"https:\\\/\\\/labemacosmetics.com\\\/en\\\/product\\\/lip-lingerie-after-hours-bar-clandestin\\\/#primaryimage\",\"url\":\"https:\\\/\\\/labemacosmetics.com\\\/wp-content\\\/uploads\\\/2017\\\/02\\\/Lip_Lingerie_After_hours-1.png\",\"contentUrl\":\"https:\\\/\\\/labemacosmetics.com\\\/wp-content\\\/uploads\\\/2017\\\/02\\\/Lip_Lingerie_After_hours-1.png\",\"width\":600,\"height\":726,\"caption\":\"Lip Lingerie After hours\"},{\"@type\":\"BreadcrumbList\",\"@id\":\"https:\\\/\\\/labemacosmetics.com\\\/en\\\/product\\\/lip-lingerie-after-hours-bar-clandestin\\\/#breadcrumb\",\"itemListElement\":[{\"@type\":\"ListItem\",\"position\":1,\"name\":\"Accueil\",\"item\":\"https:\\\/\\\/labemacosmetics.com\\\/\"},{\"@type\":\"ListItem\",\"position\":2,\"name\":\"Produits\",\"item\":\"https:\\\/\\\/labemacosmetics.com\\\/shop\\\/\"},{\"@type\":\"ListItem\",\"position\":3,\"name\":\"LIP LINGERIE After Hours \\\/ Bar Clandestin\"}]},{\"@type\":\"WebSite\",\"@id\":\"https:\\\/\\\/labemacosmetics.com\\\/#website\",\"url\":\"https:\\\/\\\/labemacosmetics.com\\\/\",\"name\":\"Lab&eacute;ma Cosmetics\",\"description\":\"\",\"potentialAction\":[{\"@type\":\"SearchAction\",\"target\":{\"@type\":\"EntryPoint\",\"urlTemplate\":\"https:\\\/\\\/labemacosmetics.com\\\/?s={search_term_string}\"},\"query-input\":{\"@type\":\"PropertyValueSpecification\",\"valueRequired\":true,\"valueName\":\"search_term_string\"}}],\"inLanguage\":\"en-GB\"}]}<\/script>\n<meta property=\"product:brand\" content=\"Nyx\" \/>\n<meta property=\"product:price:amount\" content=\"6000\" \/>\n<meta property=\"product:price:currency\" content=\"XOF\" \/>\n<meta property=\"og:availability\" content=\"out of stock\" \/>\n<meta property=\"product:availability\" content=\"out of stock\" \/>\n<meta property=\"product:retailer_item_id\" content=\"NXLIPLI23\" \/>\n<meta property=\"product:condition\" content=\"new\" \/>\n<!-- \/ Yoast SEO Premium plugin. -->","yoast_head_json":{"title":"Lip Lingerie After Hours \/ Bar Clandestin - Lab\u00e9ma Cosmetics","description":"Enfilez quelque chose de sexy avec Lip Lingerie After Hours \/ Bar Clandestin, le nouveau rouge \u00e0 l\u00e8vres liquide luxueux au somptueux fini mat.","robots":{"index":"index","follow":"follow","max-snippet":"max-snippet:-1","max-image-preview":"max-image-preview:large","max-video-preview":"max-video-preview:-1"},"canonical":"https:\/\/labemacosmetics.com\/en\/product\/lip-lingerie-after-hours-bar-clandestin\/","og_locale":"en_GB","og_type":"article","og_title":"LIP LINGERIE After Hours \/ Bar Clandestin","og_description":"Enfilez quelque chose de sexy avec Lip Lingerie After Hours \/ Bar Clandestin, le nouveau rouge \u00e0 l\u00e8vres liquide luxueux au somptueux fini mat.","og_url":"https:\/\/labemacosmetics.com\/en\/product\/lip-lingerie-after-hours-bar-clandestin\/","og_site_name":"Lab&eacute;ma Cosmetics","article_publisher":"http:\/\/www.facebook.com\/labemacosmetics","article_modified_time":"2022-02-16T21:06:25+00:00","og_image":[{"width":600,"height":726,"url":"https:\/\/labemacosmetics.com\/wp-content\/uploads\/2017\/02\/Lip_Lingerie_After_hours-1.png","type":"image\/png"}],"twitter_card":"summary_large_image","twitter_site":"@Labemasn","twitter_misc":{"Price":"6 000&nbsp;CFA","Availability":"Out of stock"},"schema":{"@context":"https:\/\/schema.org","@graph":[{"@type":"WebPage","@id":"https:\/\/labemacosmetics.com\/en\/product\/lip-lingerie-after-hours-bar-clandestin\/","url":"https:\/\/labemacosmetics.com\/en\/product\/lip-lingerie-after-hours-bar-clandestin\/","name":"Lip Lingerie After Hours \/ Bar Clandestin - Lab\u00e9ma Cosmetics","isPartOf":{"@id":"https:\/\/labemacosmetics.com\/#website"},"primaryImageOfPage":{"@id":"https:\/\/labemacosmetics.com\/en\/product\/lip-lingerie-after-hours-bar-clandestin\/#primaryimage"},"image":{"@id":"https:\/\/labemacosmetics.com\/en\/product\/lip-lingerie-after-hours-bar-clandestin\/#primaryimage"},"thumbnailUrl":"https:\/\/labemacosmetics.com\/wp-content\/uploads\/2017\/02\/Lip_Lingerie_After_hours-1.png","datePublished":"2017-02-19T16:09:46+00:00","dateModified":"2022-02-16T21:06:25+00:00","description":"Enfilez quelque chose de sexy avec Lip Lingerie After Hours \/ Bar Clandestin, le nouveau rouge \u00e0 l\u00e8vres liquide luxueux au somptueux fini mat.","breadcrumb":{"@id":"https:\/\/labemacosmetics.com\/en\/product\/lip-lingerie-after-hours-bar-clandestin\/#breadcrumb"},"inLanguage":"en-GB","potentialAction":[{"@type":"ReadAction","target":["https:\/\/labemacosmetics.com\/en\/product\/lip-lingerie-after-hours-bar-clandestin\/"]}]},{"@type":"ImageObject","inLanguage":"en-GB","@id":"https:\/\/labemacosmetics.com\/en\/product\/lip-lingerie-after-hours-bar-clandestin\/#primaryimage","url":"https:\/\/labemacosmetics.com\/wp-content\/uploads\/2017\/02\/Lip_Lingerie_After_hours-1.png","contentUrl":"https:\/\/labemacosmetics.com\/wp-content\/uploads\/2017\/02\/Lip_Lingerie_After_hours-1.png","width":600,"height":726,"caption":"Lip Lingerie After hours"},{"@type":"BreadcrumbList","@id":"https:\/\/labemacosmetics.com\/en\/product\/lip-lingerie-after-hours-bar-clandestin\/#breadcrumb","itemListElement":[{"@type":"ListItem","position":1,"name":"Accueil","item":"https:\/\/labemacosmetics.com\/"},{"@type":"ListItem","position":2,"name":"Produits","item":"https:\/\/labemacosmetics.com\/shop\/"},{"@type":"ListItem","position":3,"name":"LIP LINGERIE After Hours \/ Bar Clandestin"}]},{"@type":"WebSite","@id":"https:\/\/labemacosmetics.com\/#website","url":"https:\/\/labemacosmetics.com\/","name":"Lab&eacute;ma Cosmetics","description":"","potentialAction":[{"@type":"SearchAction","target":{"@type":"EntryPoint","urlTemplate":"https:\/\/labemacosmetics.com\/?s={search_term_string}"},"query-input":{"@type":"PropertyValueSpecification","valueRequired":true,"valueName":"search_term_string"}}],"inLanguage":"en-GB"}]},"product_brand":"Nyx","product_price_amount":"6000","product_price_currency":"XOF","og_availability":"out of stock","product_availability":"out of stock","product_retailer_item_id":"NXLIPLI23","product_condition":"new"},"_links":{"self":[{"href":"https:\/\/labemacosmetics.com\/en\/wp-json\/wp\/v2\/product\/5242","targetHints":{"allow":["GET"]}}],"collection":[{"href":"https:\/\/labemacosmetics.com\/en\/wp-json\/wp\/v2\/product"}],"about":[{"href":"https:\/\/labemacosmetics.com\/en\/wp-json\/wp\/v2\/types\/product"}],"replies":[{"embeddable":true,"href":"https:\/\/labemacosmetics.com\/en\/wp-json\/wp\/v2\/comments?post=5242"}],"version-history":[{"count":0,"href":"https:\/\/labemacosmetics.com\/en\/wp-json\/wp\/v2\/product\/5242\/revisions"}],"wp:featuredmedia":[{"embeddable":true,"href":"https:\/\/labemacosmetics.com\/en\/wp-json\/wp\/v2\/media\/5628"}],"wp:attachment":[{"href":"https:\/\/labemacosmetics.com\/en\/wp-json\/wp\/v2\/media?parent=5242"}],"wp:term":[{"taxonomy":"product_brand","embeddable":true,"href":"https:\/\/labemacosmetics.com\/en\/wp-json\/wp\/v2\/product_brand?post=5242"},{"taxonomy":"product_cat","embeddable":true,"href":"https:\/\/labemacosmetics.com\/en\/wp-json\/wp\/v2\/product_cat?post=5242"},{"taxonomy":"product_tag","embeddable":true,"href":"https:\/\/labemacosmetics.com\/en\/wp-json\/wp\/v2\/product_tag?post=5242"}],"curies":[{"name":"wp","href":"https:\/\/api.w.org\/{rel}","templated":true}]}}