{"id":5238,"date":"2017-02-19T14:44:54","date_gmt":"2017-02-19T13:44:54","guid":{"rendered":"https:\/\/labemacosmetics.com\/shop\/maquillage\/lip-lingerie-cabaret-show\/"},"modified":"2023-05-21T14:58:06","modified_gmt":"2023-05-21T13:58:06","slug":"lip-lingerie-cabaret-show","status":"publish","type":"product","link":"https:\/\/labemacosmetics.com\/en\/product\/lip-lingerie-cabaret-show\/","title":{"rendered":"NYX LIP LINGERIE Cabaret Show"},"content":{"rendered":"<h6>description Lip Lingerie Cabaret Show (Spectacle de Cabaret)<\/h6>\n<p>Enfilez quelque chose de sexy avec Lip Lingerie Cabaret Show (Spectacle de Cabaret). Ainsi le nouveau rouge \u00e0 l\u00e8vres liquide luxueux au somptueux fini mat. Il se d\u00e9cline dans une palette de teintes impr\u00e9gn\u00e9es de couleurs que nous connaissons et adorons d\u00e9j\u00e0. Donc allant du rose cannelle au brun chocolat en passant par le rouge acajou et le beige nude classique, ainsi que dans 12 nouvelles teintes nudes flambant neuves ! Chacune de ces teintes sensuelles parera les courbes de vos l\u00e8vres d\u2019une couleur irr\u00e9sistiblement onctueuse.S&rsquo;appliquant tr\u00e8s facilement. Mais du coup, une texture qui certes devient matte,<\/p>","protected":false},"excerpt":{"rendered":"<p>Enfilez quelque chose de sexy avec Lip Lingerie Cabaret Show (Spectacle de Cabaret), le nouveau rouge \u00e0 l\u00e8vres liquide luxueux au somptueux fini mat. Il se d\u00e9cline dans une palette de teintes impr\u00e9gn\u00e9es de couleurs que nous connaissons et adorons d\u00e9j\u00e0.<\/p>","protected":false},"featured_media":5627,"comment_status":"closed","ping_status":"closed","template":"","meta":{"om_disable_all_campaigns":false,"_mi_skip_tracking":false,"_monsterinsights_sitenote_active":false,"_monsterinsights_sitenote_note":"","_monsterinsights_sitenote_category":0},"product_brand":[],"product_cat":[127,123,110,103],"product_tag":[207,165,166,208,209,210,246,211,167,242,158,195,212,213,147,214,135,178,236,215,216,247,248,217],"class_list":{"0":"post-5238","1":"product","2":"type-product","3":"status-publish","4":"has-post-thumbnail","6":"product_cat-boutique","7":"product_cat-gloss","8":"product_cat-levres","9":"product_cat-maquillage","10":"product_tag-acajou","11":"product_tag-beaute","12":"product_tag-beauty","13":"product_tag-beige","14":"product_tag-bordure","15":"product_tag-brun","16":"product_tag-cabaret","17":"product_tag-canelle","18":"product_tag-chocolat","19":"product_tag-grain","20":"product_tag-levre","21":"product_tag-levres","22":"product_tag-lingerie","23":"product_tag-lip","24":"product_tag-lips","25":"product_tag-liquide","26":"product_tag-maquillage","27":"product_tag-nude","28":"product_tag-nyx","29":"product_tag-rouge","30":"product_tag-sexy","31":"product_tag-show","32":"product_tag-spectacle","33":"product_tag-teinte","34":"yith_product_brand-nyx","36":"first","37":"instock","38":"sale","39":"shipping-taxable","40":"purchasable","41":"product-type-simple"},"yoast_head":"<!-- This site is optimized with the Yoast SEO Premium plugin v20.8 (Yoast SEO v27.4) - https:\/\/yoast.com\/product\/yoast-seo-premium-wordpress\/ -->\n<title>Lip Lingerie Cabaret Show (Spectacle de Cabaret) - Lab\u00e9ma Cosmetics<\/title>\n<meta name=\"description\" content=\"Enfilez quelque chose de sexy avec Lip Lingerie Cabaret Show (Spectacle de Cabaret), le nouveau rouge \u00e0 l\u00e8vres liquide fini mat.\" \/>\n<meta name=\"robots\" content=\"index, follow, max-snippet:-1, max-image-preview:large, max-video-preview:-1\" \/>\n<link rel=\"canonical\" href=\"https:\/\/labemacosmetics.com\/en\/product\/lip-lingerie-cabaret-show\/\" \/>\n<meta property=\"og:locale\" content=\"en_GB\" \/>\n<meta property=\"og:type\" content=\"article\" \/>\n<meta property=\"og:title\" content=\"NYX LIP LINGERIE Cabaret Show\" \/>\n<meta property=\"og:description\" content=\"Enfilez quelque chose de sexy avec Lip Lingerie Cabaret Show (Spectacle de Cabaret), le nouveau rouge \u00e0 l\u00e8vres liquide fini mat.\" \/>\n<meta property=\"og:url\" content=\"https:\/\/labemacosmetics.com\/en\/product\/lip-lingerie-cabaret-show\/\" \/>\n<meta property=\"og:site_name\" content=\"Lab&eacute;ma Cosmetics\" \/>\n<meta property=\"article:publisher\" content=\"http:\/\/www.facebook.com\/labemacosmetics\" \/>\n<meta property=\"article:modified_time\" content=\"2023-05-21T13:58:06+00:00\" \/>\n<meta property=\"og:image\" content=\"https:\/\/labemacosmetics.com\/wp-content\/uploads\/2017\/02\/Lip_Lingerie_Cabaret_show.png\" \/>\n\t<meta property=\"og:image:width\" content=\"600\" \/>\n\t<meta property=\"og:image:height\" content=\"726\" \/>\n\t<meta property=\"og:image:type\" content=\"image\/png\" \/>\n<meta name=\"twitter:card\" content=\"summary_large_image\" \/>\n<meta name=\"twitter:site\" content=\"@Labemasn\" \/>\n<meta name=\"twitter:label1\" content=\"Price\" \/>\n\t<meta name=\"twitter:data1\" content=\"6 000&nbsp;CFA\" \/>\n\t<meta name=\"twitter:label2\" content=\"Availability\" \/>\n\t<meta name=\"twitter:data2\" content=\"In stock\" \/>\n<script type=\"application\/ld+json\" class=\"yoast-schema-graph\">{\"@context\":\"https:\\\/\\\/schema.org\",\"@graph\":[{\"@type\":\"WebPage\",\"@id\":\"https:\\\/\\\/labemacosmetics.com\\\/produit\\\/lip-lingerie-cabaret-show\\\/\",\"url\":\"https:\\\/\\\/labemacosmetics.com\\\/produit\\\/lip-lingerie-cabaret-show\\\/\",\"name\":\"Lip Lingerie Cabaret Show (Spectacle de Cabaret) - Lab\u00e9ma Cosmetics\",\"isPartOf\":{\"@id\":\"https:\\\/\\\/labemacosmetics.com\\\/#website\"},\"primaryImageOfPage\":{\"@id\":\"https:\\\/\\\/labemacosmetics.com\\\/produit\\\/lip-lingerie-cabaret-show\\\/#primaryimage\"},\"image\":{\"@id\":\"https:\\\/\\\/labemacosmetics.com\\\/produit\\\/lip-lingerie-cabaret-show\\\/#primaryimage\"},\"thumbnailUrl\":\"https:\\\/\\\/labemacosmetics.com\\\/wp-content\\\/uploads\\\/2017\\\/02\\\/Lip_Lingerie_Cabaret_show.png\",\"datePublished\":\"2017-02-19T13:44:54+00:00\",\"dateModified\":\"2023-05-21T13:58:06+00:00\",\"description\":\"Enfilez quelque chose de sexy avec Lip Lingerie Cabaret Show (Spectacle de Cabaret), le nouveau rouge \u00e0 l\u00e8vres liquide fini mat.\",\"breadcrumb\":{\"@id\":\"https:\\\/\\\/labemacosmetics.com\\\/produit\\\/lip-lingerie-cabaret-show\\\/#breadcrumb\"},\"inLanguage\":\"en-GB\",\"potentialAction\":[{\"@type\":\"ReadAction\",\"target\":[\"https:\\\/\\\/labemacosmetics.com\\\/produit\\\/lip-lingerie-cabaret-show\\\/\"]}]},{\"@type\":\"ImageObject\",\"inLanguage\":\"en-GB\",\"@id\":\"https:\\\/\\\/labemacosmetics.com\\\/produit\\\/lip-lingerie-cabaret-show\\\/#primaryimage\",\"url\":\"https:\\\/\\\/labemacosmetics.com\\\/wp-content\\\/uploads\\\/2017\\\/02\\\/Lip_Lingerie_Cabaret_show.png\",\"contentUrl\":\"https:\\\/\\\/labemacosmetics.com\\\/wp-content\\\/uploads\\\/2017\\\/02\\\/Lip_Lingerie_Cabaret_show.png\",\"width\":600,\"height\":726,\"caption\":\"Lip Lingerie Cabaret Show\"},{\"@type\":\"BreadcrumbList\",\"@id\":\"https:\\\/\\\/labemacosmetics.com\\\/produit\\\/lip-lingerie-cabaret-show\\\/#breadcrumb\",\"itemListElement\":[{\"@type\":\"ListItem\",\"position\":1,\"name\":\"Accueil\",\"item\":\"https:\\\/\\\/labemacosmetics.com\\\/\"},{\"@type\":\"ListItem\",\"position\":2,\"name\":\"Produits\",\"item\":\"https:\\\/\\\/labemacosmetics.com\\\/shop\\\/\"},{\"@type\":\"ListItem\",\"position\":3,\"name\":\"NYX LIP LINGERIE Cabaret Show\"}]},{\"@type\":\"WebSite\",\"@id\":\"https:\\\/\\\/labemacosmetics.com\\\/#website\",\"url\":\"https:\\\/\\\/labemacosmetics.com\\\/\",\"name\":\"Lab&eacute;ma Cosmetics\",\"description\":\"\",\"potentialAction\":[{\"@type\":\"SearchAction\",\"target\":{\"@type\":\"EntryPoint\",\"urlTemplate\":\"https:\\\/\\\/labemacosmetics.com\\\/?s={search_term_string}\"},\"query-input\":{\"@type\":\"PropertyValueSpecification\",\"valueRequired\":true,\"valueName\":\"search_term_string\"}}],\"inLanguage\":\"en-GB\"}]}<\/script>\n<meta property=\"product:brand\" content=\"Nyx\" \/>\n<meta property=\"product:price:amount\" content=\"6000\" \/>\n<meta property=\"product:price:currency\" content=\"XOF\" \/>\n<meta property=\"og:availability\" content=\"instock\" \/>\n<meta property=\"product:availability\" content=\"instock\" \/>\n<meta property=\"product:retailer_item_id\" content=\"NXLIPLI24\" \/>\n<meta property=\"product:condition\" content=\"new\" \/>\n<!-- \/ Yoast SEO Premium plugin. -->","yoast_head_json":{"title":"Lip Lingerie Cabaret Show (Spectacle de Cabaret) - Lab\u00e9ma Cosmetics","description":"Enfilez quelque chose de sexy avec Lip Lingerie Cabaret Show (Spectacle de Cabaret), le nouveau rouge \u00e0 l\u00e8vres liquide fini mat.","robots":{"index":"index","follow":"follow","max-snippet":"max-snippet:-1","max-image-preview":"max-image-preview:large","max-video-preview":"max-video-preview:-1"},"canonical":"https:\/\/labemacosmetics.com\/en\/product\/lip-lingerie-cabaret-show\/","og_locale":"en_GB","og_type":"article","og_title":"NYX LIP LINGERIE Cabaret Show","og_description":"Enfilez quelque chose de sexy avec Lip Lingerie Cabaret Show (Spectacle de Cabaret), le nouveau rouge \u00e0 l\u00e8vres liquide fini mat.","og_url":"https:\/\/labemacosmetics.com\/en\/product\/lip-lingerie-cabaret-show\/","og_site_name":"Lab&eacute;ma Cosmetics","article_publisher":"http:\/\/www.facebook.com\/labemacosmetics","article_modified_time":"2023-05-21T13:58:06+00:00","og_image":[{"width":600,"height":726,"url":"https:\/\/labemacosmetics.com\/wp-content\/uploads\/2017\/02\/Lip_Lingerie_Cabaret_show.png","type":"image\/png"}],"twitter_card":"summary_large_image","twitter_site":"@Labemasn","twitter_misc":{"Price":"6 000&nbsp;CFA","Availability":"In stock"},"schema":{"@context":"https:\/\/schema.org","@graph":[{"@type":"WebPage","@id":"https:\/\/labemacosmetics.com\/produit\/lip-lingerie-cabaret-show\/","url":"https:\/\/labemacosmetics.com\/produit\/lip-lingerie-cabaret-show\/","name":"Lip Lingerie Cabaret Show (Spectacle de Cabaret) - Lab\u00e9ma Cosmetics","isPartOf":{"@id":"https:\/\/labemacosmetics.com\/#website"},"primaryImageOfPage":{"@id":"https:\/\/labemacosmetics.com\/produit\/lip-lingerie-cabaret-show\/#primaryimage"},"image":{"@id":"https:\/\/labemacosmetics.com\/produit\/lip-lingerie-cabaret-show\/#primaryimage"},"thumbnailUrl":"https:\/\/labemacosmetics.com\/wp-content\/uploads\/2017\/02\/Lip_Lingerie_Cabaret_show.png","datePublished":"2017-02-19T13:44:54+00:00","dateModified":"2023-05-21T13:58:06+00:00","description":"Enfilez quelque chose de sexy avec Lip Lingerie Cabaret Show (Spectacle de Cabaret), le nouveau rouge \u00e0 l\u00e8vres liquide fini mat.","breadcrumb":{"@id":"https:\/\/labemacosmetics.com\/produit\/lip-lingerie-cabaret-show\/#breadcrumb"},"inLanguage":"en-GB","potentialAction":[{"@type":"ReadAction","target":["https:\/\/labemacosmetics.com\/produit\/lip-lingerie-cabaret-show\/"]}]},{"@type":"ImageObject","inLanguage":"en-GB","@id":"https:\/\/labemacosmetics.com\/produit\/lip-lingerie-cabaret-show\/#primaryimage","url":"https:\/\/labemacosmetics.com\/wp-content\/uploads\/2017\/02\/Lip_Lingerie_Cabaret_show.png","contentUrl":"https:\/\/labemacosmetics.com\/wp-content\/uploads\/2017\/02\/Lip_Lingerie_Cabaret_show.png","width":600,"height":726,"caption":"Lip Lingerie Cabaret Show"},{"@type":"BreadcrumbList","@id":"https:\/\/labemacosmetics.com\/produit\/lip-lingerie-cabaret-show\/#breadcrumb","itemListElement":[{"@type":"ListItem","position":1,"name":"Accueil","item":"https:\/\/labemacosmetics.com\/"},{"@type":"ListItem","position":2,"name":"Produits","item":"https:\/\/labemacosmetics.com\/shop\/"},{"@type":"ListItem","position":3,"name":"NYX LIP LINGERIE Cabaret Show"}]},{"@type":"WebSite","@id":"https:\/\/labemacosmetics.com\/#website","url":"https:\/\/labemacosmetics.com\/","name":"Lab&eacute;ma Cosmetics","description":"","potentialAction":[{"@type":"SearchAction","target":{"@type":"EntryPoint","urlTemplate":"https:\/\/labemacosmetics.com\/?s={search_term_string}"},"query-input":{"@type":"PropertyValueSpecification","valueRequired":true,"valueName":"search_term_string"}}],"inLanguage":"en-GB"}]},"product_brand":"Nyx","product_price_amount":"6000","product_price_currency":"XOF","og_availability":"instock","product_availability":"instock","product_retailer_item_id":"NXLIPLI24","product_condition":"new"},"_links":{"self":[{"href":"https:\/\/labemacosmetics.com\/en\/wp-json\/wp\/v2\/product\/5238","targetHints":{"allow":["GET"]}}],"collection":[{"href":"https:\/\/labemacosmetics.com\/en\/wp-json\/wp\/v2\/product"}],"about":[{"href":"https:\/\/labemacosmetics.com\/en\/wp-json\/wp\/v2\/types\/product"}],"replies":[{"embeddable":true,"href":"https:\/\/labemacosmetics.com\/en\/wp-json\/wp\/v2\/comments?post=5238"}],"version-history":[{"count":0,"href":"https:\/\/labemacosmetics.com\/en\/wp-json\/wp\/v2\/product\/5238\/revisions"}],"wp:featuredmedia":[{"embeddable":true,"href":"https:\/\/labemacosmetics.com\/en\/wp-json\/wp\/v2\/media\/5627"}],"wp:attachment":[{"href":"https:\/\/labemacosmetics.com\/en\/wp-json\/wp\/v2\/media?parent=5238"}],"wp:term":[{"taxonomy":"product_brand","embeddable":true,"href":"https:\/\/labemacosmetics.com\/en\/wp-json\/wp\/v2\/product_brand?post=5238"},{"taxonomy":"product_cat","embeddable":true,"href":"https:\/\/labemacosmetics.com\/en\/wp-json\/wp\/v2\/product_cat?post=5238"},{"taxonomy":"product_tag","embeddable":true,"href":"https:\/\/labemacosmetics.com\/en\/wp-json\/wp\/v2\/product_tag?post=5238"}],"curies":[{"name":"wp","href":"https:\/\/api.w.org\/{rel}","templated":true}]}}