{"id":5233,"date":"2017-02-17T02:16:49","date_gmt":"2017-02-17T01:16:49","guid":{"rendered":"https:\/\/labemacosmetics.com\/?post_type=product&#038;p=2184"},"modified":"2025-06-25T14:33:38","modified_gmt":"2025-06-25T13:33:38","slug":"crayon-khol-brun","status":"publish","type":"product","link":"https:\/\/labemacosmetics.com\/en\/product\/crayon-khol-brun\/","title":{"rendered":"Yves Rocher Crayon Kh\u00f4l Brun"},"content":{"rendered":"<p>Vous souhaitez souligner votre regard ?<br \/>\nLe crayon kh\u00f4l brun est pour vous. Ainsi Sa texture glissante et douce marque pr\u00e9cis\u00e9ment d\u00e8s la 1\u00e8re application pour un regard sublime. Il est aussi Riche en acide gras, l\u2019huile de Ricin apporte de la souplesse \u00e0 l\u2019application. Grand retour du crayon kh\u00f4l qui intensifie le regard. Celui-ci a tous les dons !<br \/>\nFacile \u00e0 appliquer, il souligne de ce fait d&rsquo;un trait fin la forme de l&rsquo;oeil en amande. Ainsi \u00e9tire l&rsquo;oeil rond quand on trace le trait seulement \u00e0 partir du milieu de la paupi\u00e8re&#8230;<br \/>\nPoints forts<br \/>\nUne nouvelle texture plus glissante, pour un trac\u00e9 pr\u00e9cis.<\/p>\n<p>Test\u00e9 sous contr\u00f4le ophtalmologique.<\/p>\n<h2>Conseil d&rsquo;application du crayon kh\u00f4l brun<\/h2>\n<p>Le Crayon Kh\u00f4l offre trois possibilit\u00e9s d\u2019application :<\/p>\n<p>&#8211; A l\u2019int\u00e9rieur de l\u2019\u0153il.<br \/>\n&#8211; Au ras des cils sup\u00e9rieurs ou inf\u00e9rieurs : appliquez le Crayon Kh\u00f4l du coin interne vers le coin externe de l\u2019\u0153il.<br \/>\n&#8211; En usage ombre : hachurez la paupi\u00e8re mobile et fondez les traits aux doigts pour cr\u00e9er un d\u00e9grad\u00e9 en halo.<\/p>","protected":false},"excerpt":{"rendered":"<p>Jouez les couleurs &amp; effets\u201a seuls ou \u00e0 mixer\u201a pour un regard ultra-intense aux teintes inspir\u00e9es du v\u00e9g\u00e9tal avec le crayon kh\u00f4l brun.<\/p>","protected":false},"featured_media":6041,"comment_status":"closed","ping_status":"closed","template":"","meta":{"om_disable_all_campaigns":false,"_mi_skip_tracking":false,"_monsterinsights_sitenote_active":false,"_monsterinsights_sitenote_note":"","_monsterinsights_sitenote_category":0},"product_brand":[],"product_cat":[127,112,103,109],"product_tag":[],"class_list":{"0":"post-5233","1":"product","2":"type-product","3":"status-publish","4":"has-post-thumbnail","6":"product_cat-boutique","7":"product_cat-crayons","8":"product_cat-maquillage","9":"product_cat-yeux","10":"yith_product_brand-yves-rocher","12":"first","13":"outofstock","14":"sale","15":"shipping-taxable","16":"purchasable","17":"product-type-simple"},"yoast_head":"<!-- This site is optimized with the Yoast SEO Premium plugin v20.8 (Yoast SEO v27.4) - https:\/\/yoast.com\/product\/yoast-seo-premium-wordpress\/ -->\n<title>crayon kh\u00f4l brun - Lab\u00e9ma Cosmetics | Dakar - S\u00e9n\u00e9gal<\/title>\n<meta name=\"description\" content=\"Jouez les couleurs &amp; effets\u201a seuls ou \u00e0 mixer\u201a pour un regard ultra-intense aux teintes inspir\u00e9es du v\u00e9g\u00e9tal avec le crayon kh\u00f4l brun.\" \/>\n<meta name=\"robots\" content=\"index, follow, max-snippet:-1, max-image-preview:large, max-video-preview:-1\" \/>\n<link rel=\"canonical\" href=\"https:\/\/labemacosmetics.com\/en\/product\/crayon-khol-brun\/\" \/>\n<meta property=\"og:locale\" content=\"en_GB\" \/>\n<meta property=\"og:type\" content=\"article\" \/>\n<meta property=\"og:title\" content=\"Yves Rocher Crayon Kh\u00f4l Brun\" \/>\n<meta property=\"og:description\" content=\"Jouez les couleurs &amp; effets\u201a seuls ou \u00e0 mixer\u201a pour un regard ultra-intense aux teintes inspir\u00e9es du v\u00e9g\u00e9tal avec le crayon kh\u00f4l brun.\" \/>\n<meta property=\"og:url\" content=\"https:\/\/labemacosmetics.com\/en\/product\/crayon-khol-brun\/\" \/>\n<meta property=\"og:site_name\" content=\"Lab&eacute;ma Cosmetics\" \/>\n<meta property=\"article:publisher\" content=\"http:\/\/www.facebook.com\/labemacosmetics\" \/>\n<meta property=\"article:modified_time\" content=\"2025-06-25T13:33:38+00:00\" \/>\n<meta property=\"og:image\" content=\"https:\/\/labemacosmetics.com\/wp-content\/uploads\/2017\/02\/Crayon-khol-brun.png\" \/>\n\t<meta property=\"og:image:width\" content=\"600\" \/>\n\t<meta property=\"og:image:height\" content=\"726\" \/>\n\t<meta property=\"og:image:type\" content=\"image\/png\" \/>\n<meta name=\"twitter:card\" content=\"summary_large_image\" \/>\n<meta name=\"twitter:site\" content=\"@Labemasn\" \/>\n<meta name=\"twitter:label1\" content=\"Price\" \/>\n\t<meta name=\"twitter:data1\" content=\"2 500&nbsp;CFA\" \/>\n\t<meta name=\"twitter:label2\" content=\"Availability\" \/>\n\t<meta name=\"twitter:data2\" content=\"Out of stock\" \/>\n<script type=\"application\/ld+json\" class=\"yoast-schema-graph\">{\"@context\":\"https:\\\/\\\/schema.org\",\"@graph\":[{\"@type\":\"WebPage\",\"@id\":\"https:\\\/\\\/labemacosmetics.com\\\/en\\\/product\\\/crayon-khol-brun\\\/\",\"url\":\"https:\\\/\\\/labemacosmetics.com\\\/en\\\/product\\\/crayon-khol-brun\\\/\",\"name\":\"crayon kh\u00f4l brun - Lab\u00e9ma Cosmetics | Dakar - S\u00e9n\u00e9gal\",\"isPartOf\":{\"@id\":\"https:\\\/\\\/labemacosmetics.com\\\/#website\"},\"primaryImageOfPage\":{\"@id\":\"https:\\\/\\\/labemacosmetics.com\\\/en\\\/product\\\/crayon-khol-brun\\\/#primaryimage\"},\"image\":{\"@id\":\"https:\\\/\\\/labemacosmetics.com\\\/en\\\/product\\\/crayon-khol-brun\\\/#primaryimage\"},\"thumbnailUrl\":\"https:\\\/\\\/labemacosmetics.com\\\/wp-content\\\/uploads\\\/2017\\\/02\\\/Crayon-khol-brun.png\",\"datePublished\":\"2017-02-17T01:16:49+00:00\",\"dateModified\":\"2025-06-25T13:33:38+00:00\",\"description\":\"Jouez les couleurs & effets\u201a seuls ou \u00e0 mixer\u201a pour un regard ultra-intense aux teintes inspir\u00e9es du v\u00e9g\u00e9tal avec le crayon kh\u00f4l brun.\",\"breadcrumb\":{\"@id\":\"https:\\\/\\\/labemacosmetics.com\\\/en\\\/product\\\/crayon-khol-brun\\\/#breadcrumb\"},\"inLanguage\":\"en-GB\",\"potentialAction\":[{\"@type\":\"ReadAction\",\"target\":[\"https:\\\/\\\/labemacosmetics.com\\\/en\\\/product\\\/crayon-khol-brun\\\/\"]}]},{\"@type\":\"ImageObject\",\"inLanguage\":\"en-GB\",\"@id\":\"https:\\\/\\\/labemacosmetics.com\\\/en\\\/product\\\/crayon-khol-brun\\\/#primaryimage\",\"url\":\"https:\\\/\\\/labemacosmetics.com\\\/wp-content\\\/uploads\\\/2017\\\/02\\\/Crayon-khol-brun.png\",\"contentUrl\":\"https:\\\/\\\/labemacosmetics.com\\\/wp-content\\\/uploads\\\/2017\\\/02\\\/Crayon-khol-brun.png\",\"width\":600,\"height\":726,\"caption\":\"Crayon khol brun\"},{\"@type\":\"BreadcrumbList\",\"@id\":\"https:\\\/\\\/labemacosmetics.com\\\/en\\\/product\\\/crayon-khol-brun\\\/#breadcrumb\",\"itemListElement\":[{\"@type\":\"ListItem\",\"position\":1,\"name\":\"Accueil\",\"item\":\"https:\\\/\\\/labemacosmetics.com\\\/\"},{\"@type\":\"ListItem\",\"position\":2,\"name\":\"Produits\",\"item\":\"https:\\\/\\\/labemacosmetics.com\\\/shop\\\/\"},{\"@type\":\"ListItem\",\"position\":3,\"name\":\"Yves Rocher Crayon Kh\u00f4l Brun\"}]},{\"@type\":\"WebSite\",\"@id\":\"https:\\\/\\\/labemacosmetics.com\\\/#website\",\"url\":\"https:\\\/\\\/labemacosmetics.com\\\/\",\"name\":\"Lab&eacute;ma Cosmetics\",\"description\":\"\",\"potentialAction\":[{\"@type\":\"SearchAction\",\"target\":{\"@type\":\"EntryPoint\",\"urlTemplate\":\"https:\\\/\\\/labemacosmetics.com\\\/?s={search_term_string}\"},\"query-input\":{\"@type\":\"PropertyValueSpecification\",\"valueRequired\":true,\"valueName\":\"search_term_string\"}}],\"inLanguage\":\"en-GB\"}]}<\/script>\n<meta property=\"product:brand\" content=\"Yves Rocher\" \/>\n<meta property=\"product:price:amount\" content=\"2500\" \/>\n<meta property=\"product:price:currency\" content=\"XOF\" \/>\n<meta property=\"og:availability\" content=\"out of stock\" \/>\n<meta property=\"product:availability\" content=\"out of stock\" \/>\n<meta property=\"product:retailer_item_id\" content=\"P0004\" \/>\n<meta property=\"product:condition\" content=\"new\" \/>\n<!-- \/ Yoast SEO Premium plugin. -->","yoast_head_json":{"title":"crayon kh\u00f4l brun - Lab\u00e9ma Cosmetics | Dakar - S\u00e9n\u00e9gal","description":"Jouez les couleurs & effets\u201a seuls ou \u00e0 mixer\u201a pour un regard ultra-intense aux teintes inspir\u00e9es du v\u00e9g\u00e9tal avec le crayon kh\u00f4l brun.","robots":{"index":"index","follow":"follow","max-snippet":"max-snippet:-1","max-image-preview":"max-image-preview:large","max-video-preview":"max-video-preview:-1"},"canonical":"https:\/\/labemacosmetics.com\/en\/product\/crayon-khol-brun\/","og_locale":"en_GB","og_type":"article","og_title":"Yves Rocher Crayon Kh\u00f4l Brun","og_description":"Jouez les couleurs & effets\u201a seuls ou \u00e0 mixer\u201a pour un regard ultra-intense aux teintes inspir\u00e9es du v\u00e9g\u00e9tal avec le crayon kh\u00f4l brun.","og_url":"https:\/\/labemacosmetics.com\/en\/product\/crayon-khol-brun\/","og_site_name":"Lab&eacute;ma Cosmetics","article_publisher":"http:\/\/www.facebook.com\/labemacosmetics","article_modified_time":"2025-06-25T13:33:38+00:00","og_image":[{"width":600,"height":726,"url":"https:\/\/labemacosmetics.com\/wp-content\/uploads\/2017\/02\/Crayon-khol-brun.png","type":"image\/png"}],"twitter_card":"summary_large_image","twitter_site":"@Labemasn","twitter_misc":{"Price":"2 500&nbsp;CFA","Availability":"Out of stock"},"schema":{"@context":"https:\/\/schema.org","@graph":[{"@type":"WebPage","@id":"https:\/\/labemacosmetics.com\/en\/product\/crayon-khol-brun\/","url":"https:\/\/labemacosmetics.com\/en\/product\/crayon-khol-brun\/","name":"crayon kh\u00f4l brun - Lab\u00e9ma Cosmetics | Dakar - S\u00e9n\u00e9gal","isPartOf":{"@id":"https:\/\/labemacosmetics.com\/#website"},"primaryImageOfPage":{"@id":"https:\/\/labemacosmetics.com\/en\/product\/crayon-khol-brun\/#primaryimage"},"image":{"@id":"https:\/\/labemacosmetics.com\/en\/product\/crayon-khol-brun\/#primaryimage"},"thumbnailUrl":"https:\/\/labemacosmetics.com\/wp-content\/uploads\/2017\/02\/Crayon-khol-brun.png","datePublished":"2017-02-17T01:16:49+00:00","dateModified":"2025-06-25T13:33:38+00:00","description":"Jouez les couleurs & effets\u201a seuls ou \u00e0 mixer\u201a pour un regard ultra-intense aux teintes inspir\u00e9es du v\u00e9g\u00e9tal avec le crayon kh\u00f4l brun.","breadcrumb":{"@id":"https:\/\/labemacosmetics.com\/en\/product\/crayon-khol-brun\/#breadcrumb"},"inLanguage":"en-GB","potentialAction":[{"@type":"ReadAction","target":["https:\/\/labemacosmetics.com\/en\/product\/crayon-khol-brun\/"]}]},{"@type":"ImageObject","inLanguage":"en-GB","@id":"https:\/\/labemacosmetics.com\/en\/product\/crayon-khol-brun\/#primaryimage","url":"https:\/\/labemacosmetics.com\/wp-content\/uploads\/2017\/02\/Crayon-khol-brun.png","contentUrl":"https:\/\/labemacosmetics.com\/wp-content\/uploads\/2017\/02\/Crayon-khol-brun.png","width":600,"height":726,"caption":"Crayon khol brun"},{"@type":"BreadcrumbList","@id":"https:\/\/labemacosmetics.com\/en\/product\/crayon-khol-brun\/#breadcrumb","itemListElement":[{"@type":"ListItem","position":1,"name":"Accueil","item":"https:\/\/labemacosmetics.com\/"},{"@type":"ListItem","position":2,"name":"Produits","item":"https:\/\/labemacosmetics.com\/shop\/"},{"@type":"ListItem","position":3,"name":"Yves Rocher Crayon Kh\u00f4l Brun"}]},{"@type":"WebSite","@id":"https:\/\/labemacosmetics.com\/#website","url":"https:\/\/labemacosmetics.com\/","name":"Lab&eacute;ma Cosmetics","description":"","potentialAction":[{"@type":"SearchAction","target":{"@type":"EntryPoint","urlTemplate":"https:\/\/labemacosmetics.com\/?s={search_term_string}"},"query-input":{"@type":"PropertyValueSpecification","valueRequired":true,"valueName":"search_term_string"}}],"inLanguage":"en-GB"}]},"product_brand":"Yves Rocher","product_price_amount":"2500","product_price_currency":"XOF","og_availability":"out of stock","product_availability":"out of stock","product_retailer_item_id":"P0004","product_condition":"new"},"_links":{"self":[{"href":"https:\/\/labemacosmetics.com\/en\/wp-json\/wp\/v2\/product\/5233","targetHints":{"allow":["GET"]}}],"collection":[{"href":"https:\/\/labemacosmetics.com\/en\/wp-json\/wp\/v2\/product"}],"about":[{"href":"https:\/\/labemacosmetics.com\/en\/wp-json\/wp\/v2\/types\/product"}],"replies":[{"embeddable":true,"href":"https:\/\/labemacosmetics.com\/en\/wp-json\/wp\/v2\/comments?post=5233"}],"version-history":[{"count":1,"href":"https:\/\/labemacosmetics.com\/en\/wp-json\/wp\/v2\/product\/5233\/revisions"}],"predecessor-version":[{"id":9509,"href":"https:\/\/labemacosmetics.com\/en\/wp-json\/wp\/v2\/product\/5233\/revisions\/9509"}],"wp:featuredmedia":[{"embeddable":true,"href":"https:\/\/labemacosmetics.com\/en\/wp-json\/wp\/v2\/media\/6041"}],"wp:attachment":[{"href":"https:\/\/labemacosmetics.com\/en\/wp-json\/wp\/v2\/media?parent=5233"}],"wp:term":[{"taxonomy":"product_brand","embeddable":true,"href":"https:\/\/labemacosmetics.com\/en\/wp-json\/wp\/v2\/product_brand?post=5233"},{"taxonomy":"product_cat","embeddable":true,"href":"https:\/\/labemacosmetics.com\/en\/wp-json\/wp\/v2\/product_cat?post=5233"},{"taxonomy":"product_tag","embeddable":true,"href":"https:\/\/labemacosmetics.com\/en\/wp-json\/wp\/v2\/product_tag?post=5233"}],"curies":[{"name":"wp","href":"https:\/\/api.w.org\/{rel}","templated":true}]}}